{"id":83370,"date":"2023-08-09T13:43:45","date_gmt":"2023-08-09T11:43:45","guid":{"rendered":"https:\/\/www.bagnoitalia.com\/product\/slam-countertop-washbasin-base-unit-90x46-cm-with-mobile-drawer-in-7-mirror-colours-included-and-matching-side-drawers-2"},"modified":"2026-03-02T16:53:36","modified_gmt":"2026-03-02T15:53:36","slug":"slam-countertop-washbasin-base-unit-90x46-cm-with-mobile-drawer-in-7-mirror-colours-included-and-matching-side-drawers-2","status":"publish","type":"product","link":"https:\/\/www.bagnoitalia.com\/de\/produkt\/slam-countertop-washbasin-base-unit-90x46-cm-with-mobile-drawer-in-7-mirror-colours-included-and-matching-side-drawers-2.html","title":{"rendered":"Santiago Aufsatzwaschtischunterschrank 90&#215;46 cm mit mobiler Schublade in 7 Spiegelfarben inklusive und passenden Seitenschubladen"},"content":{"rendered":"<p style=\"text-align: center;\"><span style=\"text-decoration: underline; color: #ff0000; font-size: 18pt;\"><strong>Santiago-Schrank f\u00fcr Aufsatzwaschtische\u00a0<\/strong><\/span><\/p>\n<p>&nbsp;<\/p>\n<p><strong>IM OBEN GENANNTEN PREIS ENTHALTEN:<\/strong><\/p>\n<p>Nr. 1 MDF-Basis 90 x T46 x H37,3 cm mit geformter Schublade<\/p>\n<p>Nr. 1 runder Spiegel mit polierter Kante \u00d8 80 cm<\/p>\n<p><strong>VERF\u00dcGBARE FARBEN<\/strong><\/p>\n<ul>\n<li>Gr\u00fcner Zement<\/li>\n<li>Anthrazit<\/li>\n<li>Zuckerpapier<\/li>\n<li>Eiche Gold<\/li>\n<li>Mattwei\u00df<\/li>\n<li>Entscheidende Eiche<\/li>\n<li>zweifarbig: mattwei\u00dfe Struktur und goldene Eichenplatte<\/li>\n<\/ul>\n<p><strong>Im Dropdown-Men\u00fc<\/strong>\u00a0k\u00f6nnen Sie Folgendes kombinieren:<\/p>\n<ul>\n<li>eine\u00a0<strong>Seitenkommode mit den<\/strong>\u00a0Ma\u00dfen 90 x 46 x H 38 cm , die Sie nach Belieben aufstellen k\u00f6nnen (unter dem Sockel, au\u00dfermittig oder seitlich &#8230;)<\/li>\n<li>eine umkehrbare\u00a0<strong>Wandeinheit<\/strong>\u00a0mit den Ma\u00dfen 26,5 x T20 x H75 cm<\/li>\n<\/ul>\n<p>&nbsp;<\/p>\n<p><strong>ACHTUNG: DAS WASCHBECKEN IST NICHT IM PREIS INBEGRIFFEN<\/strong><\/p>\n<p>&nbsp;<\/p>\n<p>M\u00d6BELMERKMALE:<\/p>\n<p>H\u00e4ngende Installationsm\u00f6bel<\/p>\n<p>Soft-Close-Verschluss<\/p>\n<p>\u00d6ffnung ohne Griff<\/p>\n<p>&nbsp;<\/p>\n<p>ACHTUNG: Sp\u00fcle, Wasserh\u00e4hne und Abfluss nicht im Preis inbegriffen<\/p>\n<p>&nbsp;<\/p>\n<p><a href=\"https:\/\/www.bagnoitalia.com\/de\/aufsatzwaschbecken.html\">Klicken Sie hier, um unseren Katalog der Aufsatzwaschtische zu sehen<\/a><\/p>\n<p>&nbsp;<\/p>\n<p>&nbsp;<\/p>\n<p>&nbsp;<\/p>\n<p>&nbsp;<\/p>\n<p>&nbsp;<\/p>\n<p>&nbsp;<\/p>\n<p>&nbsp;<\/p>\n<p>&nbsp;<\/p>\n<p>&nbsp;<\/p>\n<p>&nbsp;<\/p>\n<p>&nbsp;<\/p>\n<p>Sleek<\/p>\n","protected":false},"excerpt":{"rendered":"<p>Wandschrank f\u00fcr Aufsatzwaschbecken, mit geformter Schublade, aus MDF, in 7 Farben erh\u00e4ltlich. Es besteht die M\u00f6glichkeit, einen passenden seitlichen Schubladenschrank hinzuzuf\u00fcgen.<\/p>\n","protected":false},"featured_media":108862,"comment_status":"open","ping_status":"closed","template":"","meta":[],"product_brand":[9883],"product_cat":[9720,9724],"product_tag":[],"class_list":{"0":"post-83370","1":"product","2":"type-product","3":"status-publish","4":"has-post-thumbnail","6":"product_brand-deghi-de","7":"product_cat-badmobel-von-71-bis-100-cm-moderne-mobel","8":"product_cat-badmobel-von-101-bis-220-cm-moderne-mobel","10":"first","11":"instock","12":"sale","13":"taxable","14":"shipping-taxable","15":"purchasable","16":"product-type-simple"},"exclude_global_add_ons":false,"addons":[{"name":"Farbe","type":"multiple_choice","position":0,"required":true,"title_format":"heading","default":"","description_enable":false,"description":"","placeholder_enable":false,"placeholder":"","display":"select","restrictions_type":"any_text","adjust_price":false,"price":"","price_type":"flat_fee","restrictions":false,"min":"0","max":"0","options":[{"label":"Zuckerpapier","price":"","price_type":"quantity_based","image":0,"visibility":true},{"label":"(Nicht verf\u00fcgbar) Gr\u00fcner Zement","price":"","price_type":"quantity_based","image":0,"visibility":true},{"label":"(Nicht verf\u00fcgbar) Anthrazit","price":"","price_type":"quantity_based","image":0,"visibility":true},{"label":"Eiche Gold","price":"","price_type":"quantity_based","image":0,"visibility":true},{"label":"(Nicht verf\u00fcgbar) Mattwei\u00df","price":"","price_type":"quantity_based","image":0,"visibility":true},{"label":"Entscheidende Eiche","price":"","price_type":"quantity_based","image":0,"visibility":true},{"label":"(Nicht verf\u00fcgbar) mattwei\u00dfe und goldene Eichenplatte","price":"","price_type":"quantity_based","image":0,"visibility":true}],"id":1718713186},{"name":"Typologie","type":"multiple_choice","position":1,"required":true,"title_format":"heading","default":"","description_enable":false,"description":"","placeholder_enable":false,"placeholder":"","display":"select","restrictions_type":"any_text","adjust_price":false,"price":"","price_type":"flat_fee","restrictions":false,"min":"0","max":"0","options":[{"label":"Ohne Seitenschublade","price":"","price_type":"quantity_based","image":0,"visibility":true},{"label":"Mit 90 cm Seitenschublade","price":"359","price_type":"quantity_based","image":0,"visibility":true}],"id":1718713187},{"name":"Wandelement","type":"multiple_choice","position":2,"required":true,"title_format":"heading","default":"","description_enable":false,"description":"","placeholder_enable":false,"placeholder":"","display":"select","restrictions_type":"any_text","adjust_price":false,"price":"","price_type":"flat_fee","restrictions":false,"min":"0","max":"0","options":[{"label":"KEINE Wandelement","price":"","price_type":"quantity_based","image":0,"visibility":true},{"label":"ein H75 cm Wandelement","price":"209","price_type":"quantity_based","image":0,"visibility":true}],"id":1718713188}],"yoast_head":"<!-- This site is optimized with the Yoast SEO plugin v26.7 - https:\/\/yoast.com\/wordpress\/plugins\/seo\/ -->\n<title>Slam Aufsatzwaschtischunterschrank 90x46 cm mit mobiler Schublade in 7 Spiegelfarben inklusive und passenden Seitenschubladen<\/title>\n<meta name=\"description\" content=\"Wandschrank f\u00fcr Aufsatzwaschbecken, mit geformter Schublade, aus MDF, in 7 Farben erh\u00e4ltlich. Es besteht die M\u00f6glichkeit, einen passenden seitlichen Schubladenschrank hinzuzuf\u00fcgen.\" \/>\n<meta name=\"robots\" content=\"index, follow, max-snippet:-1, max-image-preview:large, max-video-preview:-1\" \/>\n<link rel=\"canonical\" href=\"https:\/\/www.bagnoitalia.com\/de\/produkt\/slam-countertop-washbasin-base-unit-90x46-cm-with-mobile-drawer-in-7-mirror-colours-included-and-matching-side-drawers-2.html\" \/>\n<meta property=\"og:locale\" content=\"de_DE\" \/>\n<meta property=\"og:type\" content=\"article\" \/>\n<meta property=\"og:title\" content=\"Slam Aufsatzwaschtischunterschrank 90x46 cm mit mobiler Schublade in 7 Spiegelfarben inklusive und passenden Seitenschubladen\" \/>\n<meta property=\"og:description\" content=\"Wandschrank f\u00fcr Aufsatzwaschbecken, mit geformter Schublade, aus MDF, in 7 Farben erh\u00e4ltlich. Es besteht die M\u00f6glichkeit, einen passenden seitlichen Schubladenschrank hinzuzuf\u00fcgen.\" \/>\n<meta property=\"og:url\" content=\"https:\/\/www.bagnoitalia.com\/de\/produkt\/slam-countertop-washbasin-base-unit-90x46-cm-with-mobile-drawer-in-7-mirror-colours-included-and-matching-side-drawers-2.html\" \/>\n<meta property=\"og:site_name\" content=\"Bagno Italia\" \/>\n<meta property=\"article:modified_time\" content=\"2026-03-02T15:53:36+00:00\" \/>\n<meta property=\"og:image\" content=\"https:\/\/img.bagnoitalia.com\/wp-content\/uploads\/mobile-bagno-sospeso-90-cm-dettagli-colori.jpg\" \/>\n\t<meta property=\"og:image:width\" content=\"1000\" \/>\n\t<meta property=\"og:image:height\" content=\"1000\" \/>\n\t<meta property=\"og:image:type\" content=\"image\/jpeg\" \/>\n<meta name=\"twitter:card\" content=\"summary_large_image\" \/>\n<meta name=\"twitter:label1\" content=\"Gesch\u00e4tzte Lesezeit\" \/>\n\t<meta name=\"twitter:data1\" content=\"1\u00a0Minute\" \/>\n<script type=\"application\/ld+json\" class=\"yoast-schema-graph\">{\"@context\":\"https:\/\/schema.org\",\"@graph\":[{\"@type\":\"WebPage\",\"@id\":\"https:\/\/www.bagnoitalia.com\/de\/produkt\/slam-countertop-washbasin-base-unit-90x46-cm-with-mobile-drawer-in-7-mirror-colours-included-and-matching-side-drawers-2.html\",\"url\":\"https:\/\/www.bagnoitalia.com\/de\/produkt\/slam-countertop-washbasin-base-unit-90x46-cm-with-mobile-drawer-in-7-mirror-colours-included-and-matching-side-drawers-2.html\",\"name\":\"Slam Aufsatzwaschtischunterschrank 90x46 cm mit mobiler Schublade in 7 Spiegelfarben inklusive und passenden Seitenschubladen\",\"isPartOf\":{\"@id\":\"https:\/\/www.bagnoitalia.com\/de#website\"},\"primaryImageOfPage\":{\"@id\":\"https:\/\/www.bagnoitalia.com\/de\/produkt\/slam-countertop-washbasin-base-unit-90x46-cm-with-mobile-drawer-in-7-mirror-colours-included-and-matching-side-drawers-2.html#primaryimage\"},\"image\":{\"@id\":\"https:\/\/www.bagnoitalia.com\/de\/produkt\/slam-countertop-washbasin-base-unit-90x46-cm-with-mobile-drawer-in-7-mirror-colours-included-and-matching-side-drawers-2.html#primaryimage\"},\"thumbnailUrl\":\"https:\/\/img.bagnoitalia.com\/wp-content\/uploads\/mobile-bagno-sospeso-90-cm-dettagli-colori.jpg\",\"datePublished\":\"2023-08-09T11:43:45+00:00\",\"dateModified\":\"2026-03-02T15:53:36+00:00\",\"description\":\"Wandschrank f\u00fcr Aufsatzwaschbecken, mit geformter Schublade, aus MDF, in 7 Farben erh\u00e4ltlich. Es besteht die M\u00f6glichkeit, einen passenden seitlichen Schubladenschrank hinzuzuf\u00fcgen.\",\"breadcrumb\":{\"@id\":\"https:\/\/www.bagnoitalia.com\/de\/produkt\/slam-countertop-washbasin-base-unit-90x46-cm-with-mobile-drawer-in-7-mirror-colours-included-and-matching-side-drawers-2.html#breadcrumb\"},\"inLanguage\":\"de\",\"potentialAction\":[{\"@type\":\"ReadAction\",\"target\":[\"https:\/\/www.bagnoitalia.com\/de\/produkt\/slam-countertop-washbasin-base-unit-90x46-cm-with-mobile-drawer-in-7-mirror-colours-included-and-matching-side-drawers-2.html\"]}]},{\"@type\":\"ImageObject\",\"inLanguage\":\"de\",\"@id\":\"https:\/\/www.bagnoitalia.com\/de\/produkt\/slam-countertop-washbasin-base-unit-90x46-cm-with-mobile-drawer-in-7-mirror-colours-included-and-matching-side-drawers-2.html#primaryimage\",\"url\":\"https:\/\/img.bagnoitalia.com\/wp-content\/uploads\/mobile-bagno-sospeso-90-cm-dettagli-colori.jpg\",\"contentUrl\":\"https:\/\/img.bagnoitalia.com\/wp-content\/uploads\/mobile-bagno-sospeso-90-cm-dettagli-colori.jpg\",\"width\":1000,\"height\":1000},{\"@type\":\"BreadcrumbList\",\"@id\":\"https:\/\/www.bagnoitalia.com\/de\/produkt\/slam-countertop-washbasin-base-unit-90x46-cm-with-mobile-drawer-in-7-mirror-colours-included-and-matching-side-drawers-2.html#breadcrumb\",\"itemListElement\":[{\"@type\":\"ListItem\",\"position\":1,\"name\":\"Home\",\"item\":\"https:\/\/www.bagnoitalia.com\/de\"},{\"@type\":\"ListItem\",\"position\":2,\"name\":\"Produkte\",\"item\":\"https:\/\/www.bagnoitalia.com\/de\/shop\"},{\"@type\":\"ListItem\",\"position\":3,\"name\":\"Santiago Aufsatzwaschtischunterschrank 90&#215;46 cm mit mobiler Schublade in 7 Spiegelfarben inklusive und passenden Seitenschubladen\"}]},{\"@type\":\"WebSite\",\"@id\":\"https:\/\/www.bagnoitalia.com\/de#website\",\"url\":\"https:\/\/www.bagnoitalia.com\/de\",\"name\":\"Bagno Italia\",\"description\":\"\",\"publisher\":{\"@id\":\"https:\/\/www.bagnoitalia.com\/de#organization\"},\"potentialAction\":[{\"@type\":\"SearchAction\",\"target\":{\"@type\":\"EntryPoint\",\"urlTemplate\":\"https:\/\/www.bagnoitalia.com\/de?s={search_term_string}\"},\"query-input\":{\"@type\":\"PropertyValueSpecification\",\"valueRequired\":true,\"valueName\":\"search_term_string\"}}],\"inLanguage\":\"de\"},{\"@type\":\"Organization\",\"@id\":\"https:\/\/www.bagnoitalia.com\/de#organization\",\"name\":\"Bagno Italia\",\"url\":\"https:\/\/www.bagnoitalia.com\/de\",\"logo\":{\"@type\":\"ImageObject\",\"inLanguage\":\"de\",\"@id\":\"https:\/\/www.bagnoitalia.com\/de#\/schema\/logo\/image\/\",\"url\":\"https:\/\/img.bagnoitalia.com\/wp-content\/uploads\/logo-bagnoitalia.webp\",\"contentUrl\":\"https:\/\/img.bagnoitalia.com\/wp-content\/uploads\/logo-bagnoitalia.webp\",\"width\":400,\"height\":70,\"caption\":\"Bagno Italia\"},\"image\":{\"@id\":\"https:\/\/www.bagnoitalia.com\/de#\/schema\/logo\/image\/\"}}]}<\/script>\n<!-- \/ Yoast SEO plugin. -->","yoast_head_json":{"title":"Slam Aufsatzwaschtischunterschrank 90x46 cm mit mobiler Schublade in 7 Spiegelfarben inklusive und passenden Seitenschubladen","description":"Wandschrank f\u00fcr Aufsatzwaschbecken, mit geformter Schublade, aus MDF, in 7 Farben erh\u00e4ltlich. Es besteht die M\u00f6glichkeit, einen passenden seitlichen Schubladenschrank hinzuzuf\u00fcgen.","robots":{"index":"index","follow":"follow","max-snippet":"max-snippet:-1","max-image-preview":"max-image-preview:large","max-video-preview":"max-video-preview:-1"},"canonical":"https:\/\/www.bagnoitalia.com\/de\/produkt\/slam-countertop-washbasin-base-unit-90x46-cm-with-mobile-drawer-in-7-mirror-colours-included-and-matching-side-drawers-2.html","og_locale":"de_DE","og_type":"article","og_title":"Slam Aufsatzwaschtischunterschrank 90x46 cm mit mobiler Schublade in 7 Spiegelfarben inklusive und passenden Seitenschubladen","og_description":"Wandschrank f\u00fcr Aufsatzwaschbecken, mit geformter Schublade, aus MDF, in 7 Farben erh\u00e4ltlich. Es besteht die M\u00f6glichkeit, einen passenden seitlichen Schubladenschrank hinzuzuf\u00fcgen.","og_url":"https:\/\/www.bagnoitalia.com\/de\/produkt\/slam-countertop-washbasin-base-unit-90x46-cm-with-mobile-drawer-in-7-mirror-colours-included-and-matching-side-drawers-2.html","og_site_name":"Bagno Italia","article_modified_time":"2026-03-02T15:53:36+00:00","og_image":[{"width":1000,"height":1000,"url":"https:\/\/img.bagnoitalia.com\/wp-content\/uploads\/mobile-bagno-sospeso-90-cm-dettagli-colori.jpg","type":"image\/jpeg"}],"twitter_card":"summary_large_image","twitter_misc":{"Gesch\u00e4tzte Lesezeit":"1\u00a0Minute"},"schema":{"@context":"https:\/\/schema.org","@graph":[{"@type":"WebPage","@id":"https:\/\/www.bagnoitalia.com\/de\/produkt\/slam-countertop-washbasin-base-unit-90x46-cm-with-mobile-drawer-in-7-mirror-colours-included-and-matching-side-drawers-2.html","url":"https:\/\/www.bagnoitalia.com\/de\/produkt\/slam-countertop-washbasin-base-unit-90x46-cm-with-mobile-drawer-in-7-mirror-colours-included-and-matching-side-drawers-2.html","name":"Slam Aufsatzwaschtischunterschrank 90x46 cm mit mobiler Schublade in 7 Spiegelfarben inklusive und passenden Seitenschubladen","isPartOf":{"@id":"https:\/\/www.bagnoitalia.com\/de#website"},"primaryImageOfPage":{"@id":"https:\/\/www.bagnoitalia.com\/de\/produkt\/slam-countertop-washbasin-base-unit-90x46-cm-with-mobile-drawer-in-7-mirror-colours-included-and-matching-side-drawers-2.html#primaryimage"},"image":{"@id":"https:\/\/www.bagnoitalia.com\/de\/produkt\/slam-countertop-washbasin-base-unit-90x46-cm-with-mobile-drawer-in-7-mirror-colours-included-and-matching-side-drawers-2.html#primaryimage"},"thumbnailUrl":"https:\/\/img.bagnoitalia.com\/wp-content\/uploads\/mobile-bagno-sospeso-90-cm-dettagli-colori.jpg","datePublished":"2023-08-09T11:43:45+00:00","dateModified":"2026-03-02T15:53:36+00:00","description":"Wandschrank f\u00fcr Aufsatzwaschbecken, mit geformter Schublade, aus MDF, in 7 Farben erh\u00e4ltlich. Es besteht die M\u00f6glichkeit, einen passenden seitlichen Schubladenschrank hinzuzuf\u00fcgen.","breadcrumb":{"@id":"https:\/\/www.bagnoitalia.com\/de\/produkt\/slam-countertop-washbasin-base-unit-90x46-cm-with-mobile-drawer-in-7-mirror-colours-included-and-matching-side-drawers-2.html#breadcrumb"},"inLanguage":"de","potentialAction":[{"@type":"ReadAction","target":["https:\/\/www.bagnoitalia.com\/de\/produkt\/slam-countertop-washbasin-base-unit-90x46-cm-with-mobile-drawer-in-7-mirror-colours-included-and-matching-side-drawers-2.html"]}]},{"@type":"ImageObject","inLanguage":"de","@id":"https:\/\/www.bagnoitalia.com\/de\/produkt\/slam-countertop-washbasin-base-unit-90x46-cm-with-mobile-drawer-in-7-mirror-colours-included-and-matching-side-drawers-2.html#primaryimage","url":"https:\/\/img.bagnoitalia.com\/wp-content\/uploads\/mobile-bagno-sospeso-90-cm-dettagli-colori.jpg","contentUrl":"https:\/\/img.bagnoitalia.com\/wp-content\/uploads\/mobile-bagno-sospeso-90-cm-dettagli-colori.jpg","width":1000,"height":1000},{"@type":"BreadcrumbList","@id":"https:\/\/www.bagnoitalia.com\/de\/produkt\/slam-countertop-washbasin-base-unit-90x46-cm-with-mobile-drawer-in-7-mirror-colours-included-and-matching-side-drawers-2.html#breadcrumb","itemListElement":[{"@type":"ListItem","position":1,"name":"Home","item":"https:\/\/www.bagnoitalia.com\/de"},{"@type":"ListItem","position":2,"name":"Produkte","item":"https:\/\/www.bagnoitalia.com\/de\/shop"},{"@type":"ListItem","position":3,"name":"Santiago Aufsatzwaschtischunterschrank 90&#215;46 cm mit mobiler Schublade in 7 Spiegelfarben inklusive und passenden Seitenschubladen"}]},{"@type":"WebSite","@id":"https:\/\/www.bagnoitalia.com\/de#website","url":"https:\/\/www.bagnoitalia.com\/de","name":"Bagno Italia","description":"","publisher":{"@id":"https:\/\/www.bagnoitalia.com\/de#organization"},"potentialAction":[{"@type":"SearchAction","target":{"@type":"EntryPoint","urlTemplate":"https:\/\/www.bagnoitalia.com\/de?s={search_term_string}"},"query-input":{"@type":"PropertyValueSpecification","valueRequired":true,"valueName":"search_term_string"}}],"inLanguage":"de"},{"@type":"Organization","@id":"https:\/\/www.bagnoitalia.com\/de#organization","name":"Bagno Italia","url":"https:\/\/www.bagnoitalia.com\/de","logo":{"@type":"ImageObject","inLanguage":"de","@id":"https:\/\/www.bagnoitalia.com\/de#\/schema\/logo\/image\/","url":"https:\/\/img.bagnoitalia.com\/wp-content\/uploads\/logo-bagnoitalia.webp","contentUrl":"https:\/\/img.bagnoitalia.com\/wp-content\/uploads\/logo-bagnoitalia.webp","width":400,"height":70,"caption":"Bagno Italia"},"image":{"@id":"https:\/\/www.bagnoitalia.com\/de#\/schema\/logo\/image\/"}}]}},"_links":{"self":[{"href":"https:\/\/www.bagnoitalia.com\/de\/wp-json\/wp\/v2\/product\/83370","targetHints":{"allow":["GET"]}}],"collection":[{"href":"https:\/\/www.bagnoitalia.com\/de\/wp-json\/wp\/v2\/product"}],"about":[{"href":"https:\/\/www.bagnoitalia.com\/de\/wp-json\/wp\/v2\/types\/product"}],"replies":[{"embeddable":true,"href":"https:\/\/www.bagnoitalia.com\/de\/wp-json\/wp\/v2\/comments?post=83370"}],"version-history":[{"count":6,"href":"https:\/\/www.bagnoitalia.com\/de\/wp-json\/wp\/v2\/product\/83370\/revisions"}],"predecessor-version":[{"id":108771,"href":"https:\/\/www.bagnoitalia.com\/de\/wp-json\/wp\/v2\/product\/83370\/revisions\/108771"}],"wp:featuredmedia":[{"embeddable":true,"href":"https:\/\/www.bagnoitalia.com\/de\/wp-json\/wp\/v2\/media\/108862"}],"wp:attachment":[{"href":"https:\/\/www.bagnoitalia.com\/de\/wp-json\/wp\/v2\/media?parent=83370"}],"wp:term":[{"taxonomy":"product_brand","embeddable":true,"href":"https:\/\/www.bagnoitalia.com\/de\/wp-json\/wp\/v2\/product_brand?post=83370"},{"taxonomy":"product_cat","embeddable":true,"href":"https:\/\/www.bagnoitalia.com\/de\/wp-json\/wp\/v2\/product_cat?post=83370"},{"taxonomy":"product_tag","embeddable":true,"href":"https:\/\/www.bagnoitalia.com\/de\/wp-json\/wp\/v2\/product_tag?post=83370"}],"curies":[{"name":"wp","href":"https:\/\/api.w.org\/{rel}","templated":true}]}}