{"id":83330,"date":"2023-07-19T14:45:29","date_gmt":"2023-07-19T12:45:29","guid":{"rendered":"https:\/\/www.bagnoitalia.com\/product\/accessories-for-mspa-whirlpool-bath-headrest-cushions-and-cup-holders-ac01-2"},"modified":"2023-07-19T14:45:29","modified_gmt":"2023-07-19T12:45:29","slug":"accessories-for-mspa-whirlpool-bath-headrest-cushions-and-cup-holders-ac01-2","status":"publish","type":"product","link":"https:\/\/www.bagnoitalia.com\/de\/produkt\/accessories-for-mspa-whirlpool-bath-headrest-cushions-and-cup-holders-ac01-2.html","title":{"rendered":"Zubeh\u00f6r f\u00fcr MSPA-Whirlpool Kopfst\u00fctzenkissen und Becherhalter AC01"},"content":{"rendered":"<p style=\"text-align: center;\"><span style=\"text-decoration: underline; color: #ff0000; font-size: 18pt;\"><strong>ZUBEH\u00d6R F\u00dcR MSPA &#8222;AC01<\/strong><\/span><\/p>\n<p>&nbsp;<\/p>\n<p>MSPA-Zubeh\u00f6r f\u00fcr aufblasbare Whirlpools mit 20 cm Umfangsprofil<\/p>\n<p>Das Set umfasst<\/p>\n<p>Nr. 2 Kopfst\u00fctzen-Kissen<\/p>\n<p>Nr. 1 Getr\u00e4nkehalter<\/p>\n<p>&nbsp;<\/p>\n<p><span style=\"text-decoration: underline;\"><strong>DETAILS<\/strong><\/span><\/p>\n<p>Kopfst\u00fctzenkissen mit den Ma\u00dfen 24,5&#215;26,5&#215;20,5 cm<\/p>\n<p>Glashalter mit den Abmessungen 26,5x25x17 cm<\/p>\n<p>Farbe des Zubeh\u00f6rs: hellgrau<\/p>\n<p>&nbsp;<\/p>\n","protected":false},"excerpt":{"rendered":"<p>Zubeh\u00f6rset f\u00fcr mspa aufblasbare Spas, hellgrau, bestehend aus 2 Kopfst\u00fctzen und 1 Becherhalter.<\/p>\n","protected":false},"featured_media":63861,"comment_status":"open","ping_status":"closed","template":"","meta":[],"product_brand":[5004],"product_cat":[9776],"product_tag":[],"class_list":{"0":"post-83330","1":"product","2":"type-product","3":"status-publish","4":"has-post-thumbnail","6":"product_brand-vari-produttori","7":"product_cat-whirlpool-aufblasbar","9":"first","10":"instock","11":"sale","12":"taxable","13":"shipping-taxable","14":"purchasable","15":"product-type-simple"},"exclude_global_add_ons":[],"addons":[],"yoast_head":"<!-- This site is optimized with the Yoast SEO plugin v26.7 - https:\/\/yoast.com\/wordpress\/plugins\/seo\/ -->\n<title>Zubeh\u00f6r f\u00fcr MSPA-Whirlpool Kopfst\u00fctzenkissen und Becherhalter AC01<\/title>\n<meta name=\"description\" content=\"Zubeh\u00f6rset f\u00fcr mspa aufblasbare Spas, hellgrau, bestehend aus 2 Kopfst\u00fctzen und 1 Becherhalter.\" \/>\n<meta name=\"robots\" content=\"index, follow, max-snippet:-1, max-image-preview:large, max-video-preview:-1\" \/>\n<link rel=\"canonical\" href=\"https:\/\/www.bagnoitalia.com\/de\/produkt\/accessories-for-mspa-whirlpool-bath-headrest-cushions-and-cup-holders-ac01-2.html\" \/>\n<meta property=\"og:locale\" content=\"de_DE\" \/>\n<meta property=\"og:type\" content=\"article\" \/>\n<meta property=\"og:title\" content=\"Zubeh\u00f6r f\u00fcr MSPA-Whirlpool Kopfst\u00fctzenkissen und Becherhalter AC01\" \/>\n<meta property=\"og:description\" content=\"Zubeh\u00f6rset f\u00fcr mspa aufblasbare Spas, hellgrau, bestehend aus 2 Kopfst\u00fctzen und 1 Becherhalter.\" \/>\n<meta property=\"og:url\" content=\"https:\/\/www.bagnoitalia.com\/de\/produkt\/accessories-for-mspa-whirlpool-bath-headrest-cushions-and-cup-holders-ac01-2.html\" \/>\n<meta property=\"og:site_name\" content=\"Bagno Italia\" \/>\n<meta property=\"og:image\" content=\"https:\/\/img.bagnoitalia.com\/wp-content\/uploads\/virtuemart\/product\/accessories-minipool-mspa-headrest-cushion-holder-1.jpg\" \/>\n\t<meta property=\"og:image:width\" content=\"500\" \/>\n\t<meta property=\"og:image:height\" content=\"500\" \/>\n\t<meta property=\"og:image:type\" content=\"image\/jpeg\" \/>\n<meta name=\"twitter:card\" content=\"summary_large_image\" \/>\n<script type=\"application\/ld+json\" class=\"yoast-schema-graph\">{\"@context\":\"https:\/\/schema.org\",\"@graph\":[{\"@type\":\"WebPage\",\"@id\":\"https:\/\/www.bagnoitalia.com\/de\/produkt\/accessories-for-mspa-whirlpool-bath-headrest-cushions-and-cup-holders-ac01-2.html\",\"url\":\"https:\/\/www.bagnoitalia.com\/de\/produkt\/accessories-for-mspa-whirlpool-bath-headrest-cushions-and-cup-holders-ac01-2.html\",\"name\":\"Zubeh\u00f6r f\u00fcr MSPA-Whirlpool Kopfst\u00fctzenkissen und Becherhalter AC01\",\"isPartOf\":{\"@id\":\"https:\/\/www.bagnoitalia.com\/de#website\"},\"primaryImageOfPage\":{\"@id\":\"https:\/\/www.bagnoitalia.com\/de\/produkt\/accessories-for-mspa-whirlpool-bath-headrest-cushions-and-cup-holders-ac01-2.html#primaryimage\"},\"image\":{\"@id\":\"https:\/\/www.bagnoitalia.com\/de\/produkt\/accessories-for-mspa-whirlpool-bath-headrest-cushions-and-cup-holders-ac01-2.html#primaryimage\"},\"thumbnailUrl\":\"https:\/\/img.bagnoitalia.com\/wp-content\/uploads\/virtuemart\/product\/accessories-minipool-mspa-headrest-cushion-holder-1.jpg\",\"datePublished\":\"2023-07-19T12:45:29+00:00\",\"description\":\"Zubeh\u00f6rset f\u00fcr mspa aufblasbare Spas, hellgrau, bestehend aus 2 Kopfst\u00fctzen und 1 Becherhalter.\",\"breadcrumb\":{\"@id\":\"https:\/\/www.bagnoitalia.com\/de\/produkt\/accessories-for-mspa-whirlpool-bath-headrest-cushions-and-cup-holders-ac01-2.html#breadcrumb\"},\"inLanguage\":\"de\",\"potentialAction\":[{\"@type\":\"ReadAction\",\"target\":[\"https:\/\/www.bagnoitalia.com\/de\/produkt\/accessories-for-mspa-whirlpool-bath-headrest-cushions-and-cup-holders-ac01-2.html\"]}]},{\"@type\":\"ImageObject\",\"inLanguage\":\"de\",\"@id\":\"https:\/\/www.bagnoitalia.com\/de\/produkt\/accessories-for-mspa-whirlpool-bath-headrest-cushions-and-cup-holders-ac01-2.html#primaryimage\",\"url\":\"https:\/\/img.bagnoitalia.com\/wp-content\/uploads\/virtuemart\/product\/accessories-minipool-mspa-headrest-cushion-holder-1.jpg\",\"contentUrl\":\"https:\/\/img.bagnoitalia.com\/wp-content\/uploads\/virtuemart\/product\/accessories-minipool-mspa-headrest-cushion-holder-1.jpg\",\"width\":500,\"height\":500},{\"@type\":\"BreadcrumbList\",\"@id\":\"https:\/\/www.bagnoitalia.com\/de\/produkt\/accessories-for-mspa-whirlpool-bath-headrest-cushions-and-cup-holders-ac01-2.html#breadcrumb\",\"itemListElement\":[{\"@type\":\"ListItem\",\"position\":1,\"name\":\"Home\",\"item\":\"https:\/\/www.bagnoitalia.com\/de\"},{\"@type\":\"ListItem\",\"position\":2,\"name\":\"Produkte\",\"item\":\"https:\/\/www.bagnoitalia.com\/de\/shop\"},{\"@type\":\"ListItem\",\"position\":3,\"name\":\"Zubeh\u00f6r f\u00fcr MSPA-Whirlpool Kopfst\u00fctzenkissen und Becherhalter AC01\"}]},{\"@type\":\"WebSite\",\"@id\":\"https:\/\/www.bagnoitalia.com\/de#website\",\"url\":\"https:\/\/www.bagnoitalia.com\/de\",\"name\":\"Bagno Italia\",\"description\":\"\",\"publisher\":{\"@id\":\"https:\/\/www.bagnoitalia.com\/de#organization\"},\"potentialAction\":[{\"@type\":\"SearchAction\",\"target\":{\"@type\":\"EntryPoint\",\"urlTemplate\":\"https:\/\/www.bagnoitalia.com\/de?s={search_term_string}\"},\"query-input\":{\"@type\":\"PropertyValueSpecification\",\"valueRequired\":true,\"valueName\":\"search_term_string\"}}],\"inLanguage\":\"de\"},{\"@type\":\"Organization\",\"@id\":\"https:\/\/www.bagnoitalia.com\/de#organization\",\"name\":\"Bagno Italia\",\"url\":\"https:\/\/www.bagnoitalia.com\/de\",\"logo\":{\"@type\":\"ImageObject\",\"inLanguage\":\"de\",\"@id\":\"https:\/\/www.bagnoitalia.com\/de#\/schema\/logo\/image\/\",\"url\":\"https:\/\/img.bagnoitalia.com\/wp-content\/uploads\/logo-bagnoitalia.webp\",\"contentUrl\":\"https:\/\/img.bagnoitalia.com\/wp-content\/uploads\/logo-bagnoitalia.webp\",\"width\":400,\"height\":70,\"caption\":\"Bagno Italia\"},\"image\":{\"@id\":\"https:\/\/www.bagnoitalia.com\/de#\/schema\/logo\/image\/\"}}]}<\/script>\n<!-- \/ Yoast SEO plugin. -->","yoast_head_json":{"title":"Zubeh\u00f6r f\u00fcr MSPA-Whirlpool Kopfst\u00fctzenkissen und Becherhalter AC01","description":"Zubeh\u00f6rset f\u00fcr mspa aufblasbare Spas, hellgrau, bestehend aus 2 Kopfst\u00fctzen und 1 Becherhalter.","robots":{"index":"index","follow":"follow","max-snippet":"max-snippet:-1","max-image-preview":"max-image-preview:large","max-video-preview":"max-video-preview:-1"},"canonical":"https:\/\/www.bagnoitalia.com\/de\/produkt\/accessories-for-mspa-whirlpool-bath-headrest-cushions-and-cup-holders-ac01-2.html","og_locale":"de_DE","og_type":"article","og_title":"Zubeh\u00f6r f\u00fcr MSPA-Whirlpool Kopfst\u00fctzenkissen und Becherhalter AC01","og_description":"Zubeh\u00f6rset f\u00fcr mspa aufblasbare Spas, hellgrau, bestehend aus 2 Kopfst\u00fctzen und 1 Becherhalter.","og_url":"https:\/\/www.bagnoitalia.com\/de\/produkt\/accessories-for-mspa-whirlpool-bath-headrest-cushions-and-cup-holders-ac01-2.html","og_site_name":"Bagno Italia","og_image":[{"width":500,"height":500,"url":"https:\/\/img.bagnoitalia.com\/wp-content\/uploads\/virtuemart\/product\/accessories-minipool-mspa-headrest-cushion-holder-1.jpg","type":"image\/jpeg"}],"twitter_card":"summary_large_image","schema":{"@context":"https:\/\/schema.org","@graph":[{"@type":"WebPage","@id":"https:\/\/www.bagnoitalia.com\/de\/produkt\/accessories-for-mspa-whirlpool-bath-headrest-cushions-and-cup-holders-ac01-2.html","url":"https:\/\/www.bagnoitalia.com\/de\/produkt\/accessories-for-mspa-whirlpool-bath-headrest-cushions-and-cup-holders-ac01-2.html","name":"Zubeh\u00f6r f\u00fcr MSPA-Whirlpool Kopfst\u00fctzenkissen und Becherhalter AC01","isPartOf":{"@id":"https:\/\/www.bagnoitalia.com\/de#website"},"primaryImageOfPage":{"@id":"https:\/\/www.bagnoitalia.com\/de\/produkt\/accessories-for-mspa-whirlpool-bath-headrest-cushions-and-cup-holders-ac01-2.html#primaryimage"},"image":{"@id":"https:\/\/www.bagnoitalia.com\/de\/produkt\/accessories-for-mspa-whirlpool-bath-headrest-cushions-and-cup-holders-ac01-2.html#primaryimage"},"thumbnailUrl":"https:\/\/img.bagnoitalia.com\/wp-content\/uploads\/virtuemart\/product\/accessories-minipool-mspa-headrest-cushion-holder-1.jpg","datePublished":"2023-07-19T12:45:29+00:00","description":"Zubeh\u00f6rset f\u00fcr mspa aufblasbare Spas, hellgrau, bestehend aus 2 Kopfst\u00fctzen und 1 Becherhalter.","breadcrumb":{"@id":"https:\/\/www.bagnoitalia.com\/de\/produkt\/accessories-for-mspa-whirlpool-bath-headrest-cushions-and-cup-holders-ac01-2.html#breadcrumb"},"inLanguage":"de","potentialAction":[{"@type":"ReadAction","target":["https:\/\/www.bagnoitalia.com\/de\/produkt\/accessories-for-mspa-whirlpool-bath-headrest-cushions-and-cup-holders-ac01-2.html"]}]},{"@type":"ImageObject","inLanguage":"de","@id":"https:\/\/www.bagnoitalia.com\/de\/produkt\/accessories-for-mspa-whirlpool-bath-headrest-cushions-and-cup-holders-ac01-2.html#primaryimage","url":"https:\/\/img.bagnoitalia.com\/wp-content\/uploads\/virtuemart\/product\/accessories-minipool-mspa-headrest-cushion-holder-1.jpg","contentUrl":"https:\/\/img.bagnoitalia.com\/wp-content\/uploads\/virtuemart\/product\/accessories-minipool-mspa-headrest-cushion-holder-1.jpg","width":500,"height":500},{"@type":"BreadcrumbList","@id":"https:\/\/www.bagnoitalia.com\/de\/produkt\/accessories-for-mspa-whirlpool-bath-headrest-cushions-and-cup-holders-ac01-2.html#breadcrumb","itemListElement":[{"@type":"ListItem","position":1,"name":"Home","item":"https:\/\/www.bagnoitalia.com\/de"},{"@type":"ListItem","position":2,"name":"Produkte","item":"https:\/\/www.bagnoitalia.com\/de\/shop"},{"@type":"ListItem","position":3,"name":"Zubeh\u00f6r f\u00fcr MSPA-Whirlpool Kopfst\u00fctzenkissen und Becherhalter AC01"}]},{"@type":"WebSite","@id":"https:\/\/www.bagnoitalia.com\/de#website","url":"https:\/\/www.bagnoitalia.com\/de","name":"Bagno Italia","description":"","publisher":{"@id":"https:\/\/www.bagnoitalia.com\/de#organization"},"potentialAction":[{"@type":"SearchAction","target":{"@type":"EntryPoint","urlTemplate":"https:\/\/www.bagnoitalia.com\/de?s={search_term_string}"},"query-input":{"@type":"PropertyValueSpecification","valueRequired":true,"valueName":"search_term_string"}}],"inLanguage":"de"},{"@type":"Organization","@id":"https:\/\/www.bagnoitalia.com\/de#organization","name":"Bagno Italia","url":"https:\/\/www.bagnoitalia.com\/de","logo":{"@type":"ImageObject","inLanguage":"de","@id":"https:\/\/www.bagnoitalia.com\/de#\/schema\/logo\/image\/","url":"https:\/\/img.bagnoitalia.com\/wp-content\/uploads\/logo-bagnoitalia.webp","contentUrl":"https:\/\/img.bagnoitalia.com\/wp-content\/uploads\/logo-bagnoitalia.webp","width":400,"height":70,"caption":"Bagno Italia"},"image":{"@id":"https:\/\/www.bagnoitalia.com\/de#\/schema\/logo\/image\/"}}]}},"_links":{"self":[{"href":"https:\/\/www.bagnoitalia.com\/de\/wp-json\/wp\/v2\/product\/83330","targetHints":{"allow":["GET"]}}],"collection":[{"href":"https:\/\/www.bagnoitalia.com\/de\/wp-json\/wp\/v2\/product"}],"about":[{"href":"https:\/\/www.bagnoitalia.com\/de\/wp-json\/wp\/v2\/types\/product"}],"replies":[{"embeddable":true,"href":"https:\/\/www.bagnoitalia.com\/de\/wp-json\/wp\/v2\/comments?post=83330"}],"version-history":[{"count":0,"href":"https:\/\/www.bagnoitalia.com\/de\/wp-json\/wp\/v2\/product\/83330\/revisions"}],"wp:featuredmedia":[{"embeddable":true,"href":"https:\/\/www.bagnoitalia.com\/de\/wp-json\/wp\/v2\/media\/63861"}],"wp:attachment":[{"href":"https:\/\/www.bagnoitalia.com\/de\/wp-json\/wp\/v2\/media?parent=83330"}],"wp:term":[{"taxonomy":"product_brand","embeddable":true,"href":"https:\/\/www.bagnoitalia.com\/de\/wp-json\/wp\/v2\/product_brand?post=83330"},{"taxonomy":"product_cat","embeddable":true,"href":"https:\/\/www.bagnoitalia.com\/de\/wp-json\/wp\/v2\/product_cat?post=83330"},{"taxonomy":"product_tag","embeddable":true,"href":"https:\/\/www.bagnoitalia.com\/de\/wp-json\/wp\/v2\/product_tag?post=83330"}],"curies":[{"name":"wp","href":"https:\/\/api.w.org\/{rel}","templated":true}]}}