{"id":83326,"date":"2023-07-17T13:27:23","date_gmt":"2023-07-17T11:27:23","guid":{"rendered":"https:\/\/www.bagnoitalia.com\/product\/hydromassagekabine-150x85-oder-170x85-cm-mit-fm-radiowanne-und-bluetooth-cb074"},"modified":"2026-04-16T11:11:12","modified_gmt":"2026-04-16T09:11:12","slug":"hydromassagekabine-150x85-oder-170x85-cm-mit-fm-radiowanne-und-bluetooth-cb074","status":"publish","type":"product","link":"https:\/\/www.bagnoitalia.com\/de\/produkt\/hydromassagekabine-150x85-oder-170x85-cm-mit-fm-radiowanne-und-bluetooth-cb074.html","title":{"rendered":"Hydromassagekabine 150&#215;85 oder 170&#215;85 cm mit FM-Radiowanne und Bluetooth CB074"},"content":{"rendered":"<p><strong>Hydromassage-Duschkabine mit Badewanne CB074<\/strong><\/p>\n<p>VERF\u00dcGBARE GR\u00d6SSEN (w\u00e4hlen Sie die gew\u00fcnschte Version aus dem Men\u00fc oben):<\/p>\n<p>&#8211; 150x85xH215cm<\/p>\n<p>&#8211; 170x85xH215 cm<\/p>\n<p>&nbsp;<\/p>\n<p>EIGENSCHAFTEN:<\/p>\n<p>Wanne mit rutschfestem Boden<\/p>\n<p>Kabine mit 6,5 mm bruchsicherem Rauchglas<\/p>\n<p>6 Hydrod\u00fcsen entlang der Duschs\u00e4ule<\/p>\n<p>Bluetooth-Funktion<\/p>\n<p>Ozontherapie<\/p>\n<p>FM-Radio<\/p>\n<p>Touchscreen-Display<\/p>\n<p>Dach mit Beleuchtung<\/p>\n<p>Farbtherapie mit 7 Farbvarianten<\/p>\n<p>Flaschenhalter<\/p>\n<p>Handtuchhalter<\/p>\n<p>Spender f\u00fcr Fl\u00fcssigseife<\/p>\n<p>Zentraler Duschkopf<\/p>\n<p>Seitliche Handbrause nach oben und unten<\/p>\n<p>Fu\u00dfmassage<\/p>\n<p>Telefon mit Freisprecheinrichtung<\/p>\n<p>Lautsprecher<\/p>\n<p>Unter der Duschs\u00e4ule sitzen<\/p>\n<p>&nbsp;<\/p>\n<p>MATERIALIEN:<\/p>\n<p>Dusche aus verchromtem Stahl<\/p>\n<p>Tank aus ABS, verst\u00e4rkt mit drei Harzschichten und verzinktem Rahmen<\/p>\n<p>S\u00e4ulen aus satiniertem Aluminium<\/p>\n<p>Griffe aus verchromtem Metall<\/p>\n<p>Glas Regal<\/p>\n","protected":false},"excerpt":{"rendered":"<p>Hydromassage-Duschkabine mit Wanne, erh\u00e4ltlich in zwei verschiedenen Gr\u00f6\u00dfen (150 x 85 oder 170 x 85 cm), H\u00f6he 215 cm. Multifunktion: Bluetooth, Farbtherapie, Radio, Freisprecheinrichtung, Ozontherapie, Fu\u00dfmassage.<\/p>\n","protected":false},"featured_media":63826,"comment_status":"open","ping_status":"closed","template":"","meta":[],"product_brand":[9925],"product_cat":[9736],"product_tag":[],"class_list":{"0":"post-83326","1":"product","2":"type-product","3":"status-publish","4":"has-post-thumbnail","6":"product_brand-predator-arredo-casa-de","7":"product_cat-whirlpool-duschkabine","9":"first","10":"instock","11":"sale","12":"taxable","13":"shipping-taxable","14":"purchasable","15":"product-type-simple"},"exclude_global_add_ons":false,"addons":[{"name":"Ma\u00dfe","type":"multiple_choice","position":0,"required":true,"title_format":"heading","default":"","description_enable":false,"description":"","placeholder_enable":false,"placeholder":"","display":"select","restrictions_type":"any_text","adjust_price":false,"price":"","price_type":"flat_fee","restrictions":false,"min":"0","max":"0","options":[{"label":"(Nicht verf\u00fcgbar) 150x85 cm","price":"","price_type":"quantity_based","image":0,"visibility":true},{"label":"170x85 cm","price":"140","price_type":"quantity_based","image":0,"visibility":true}],"id":1716464714}],"yoast_head":"<!-- This site is optimized with the Yoast SEO plugin v26.7 - https:\/\/yoast.com\/wordpress\/plugins\/seo\/ -->\n<title>Hydromassagekabine 150x85 oder 170x85 cm mit FM-Radiowanne und Bluetooth CB074<\/title>\n<meta name=\"description\" content=\"Hydromassage-Duschkabine mit Wanne, erh\u00e4ltlich in zwei verschiedenen Gr\u00f6\u00dfen (150 x 85 oder 170 x 85 cm), H\u00f6he 215 cm. Multifunktion: Bluetooth, Farbtherapie, Radio, Freisprecheinrichtung, Ozontherapie, Fu\u00dfmassage.\" \/>\n<meta name=\"robots\" content=\"index, follow, max-snippet:-1, max-image-preview:large, max-video-preview:-1\" \/>\n<link rel=\"canonical\" href=\"https:\/\/www.bagnoitalia.com\/de\/produkt\/hydromassagekabine-150x85-oder-170x85-cm-mit-fm-radiowanne-und-bluetooth-cb074.html\" \/>\n<meta property=\"og:locale\" content=\"de_DE\" \/>\n<meta property=\"og:type\" content=\"article\" \/>\n<meta property=\"og:title\" content=\"Hydromassagekabine 150x85 oder 170x85 cm mit FM-Radiowanne und Bluetooth CB074\" \/>\n<meta property=\"og:description\" content=\"Hydromassage-Duschkabine mit Wanne, erh\u00e4ltlich in zwei verschiedenen Gr\u00f6\u00dfen (150 x 85 oder 170 x 85 cm), H\u00f6he 215 cm. Multifunktion: Bluetooth, Farbtherapie, Radio, Freisprecheinrichtung, Ozontherapie, Fu\u00dfmassage.\" \/>\n<meta property=\"og:url\" content=\"https:\/\/www.bagnoitalia.com\/de\/produkt\/hydromassagekabine-150x85-oder-170x85-cm-mit-fm-radiowanne-und-bluetooth-cb074.html\" \/>\n<meta property=\"og:site_name\" content=\"Bagno Italia\" \/>\n<meta property=\"article:modified_time\" content=\"2026-04-16T09:11:12+00:00\" \/>\n<meta property=\"og:image\" content=\"https:\/\/img.bagnoitalia.com\/wp-content\/uploads\/virtuemart\/product\/hydromassage-cabin-with-tub-150x85-cm.jpg\" \/>\n\t<meta property=\"og:image:width\" content=\"550\" \/>\n\t<meta property=\"og:image:height\" content=\"549\" \/>\n\t<meta property=\"og:image:type\" content=\"image\/jpeg\" \/>\n<meta name=\"twitter:card\" content=\"summary_large_image\" \/>\n<meta name=\"twitter:label1\" content=\"Gesch\u00e4tzte Lesezeit\" \/>\n\t<meta name=\"twitter:data1\" content=\"1\u00a0Minute\" \/>\n<script type=\"application\/ld+json\" class=\"yoast-schema-graph\">{\"@context\":\"https:\/\/schema.org\",\"@graph\":[{\"@type\":\"WebPage\",\"@id\":\"https:\/\/www.bagnoitalia.com\/de\/produkt\/hydromassagekabine-150x85-oder-170x85-cm-mit-fm-radiowanne-und-bluetooth-cb074.html\",\"url\":\"https:\/\/www.bagnoitalia.com\/de\/produkt\/hydromassagekabine-150x85-oder-170x85-cm-mit-fm-radiowanne-und-bluetooth-cb074.html\",\"name\":\"Hydromassagekabine 150x85 oder 170x85 cm mit FM-Radiowanne und Bluetooth CB074\",\"isPartOf\":{\"@id\":\"https:\/\/www.bagnoitalia.com\/de#website\"},\"primaryImageOfPage\":{\"@id\":\"https:\/\/www.bagnoitalia.com\/de\/produkt\/hydromassagekabine-150x85-oder-170x85-cm-mit-fm-radiowanne-und-bluetooth-cb074.html#primaryimage\"},\"image\":{\"@id\":\"https:\/\/www.bagnoitalia.com\/de\/produkt\/hydromassagekabine-150x85-oder-170x85-cm-mit-fm-radiowanne-und-bluetooth-cb074.html#primaryimage\"},\"thumbnailUrl\":\"https:\/\/img.bagnoitalia.com\/wp-content\/uploads\/virtuemart\/product\/hydromassage-cabin-with-tub-150x85-cm.jpg\",\"datePublished\":\"2023-07-17T11:27:23+00:00\",\"dateModified\":\"2026-04-16T09:11:12+00:00\",\"description\":\"Hydromassage-Duschkabine mit Wanne, erh\u00e4ltlich in zwei verschiedenen Gr\u00f6\u00dfen (150 x 85 oder 170 x 85 cm), H\u00f6he 215 cm. Multifunktion: Bluetooth, Farbtherapie, Radio, Freisprecheinrichtung, Ozontherapie, Fu\u00dfmassage.\",\"breadcrumb\":{\"@id\":\"https:\/\/www.bagnoitalia.com\/de\/produkt\/hydromassagekabine-150x85-oder-170x85-cm-mit-fm-radiowanne-und-bluetooth-cb074.html#breadcrumb\"},\"inLanguage\":\"de\",\"potentialAction\":[{\"@type\":\"ReadAction\",\"target\":[\"https:\/\/www.bagnoitalia.com\/de\/produkt\/hydromassagekabine-150x85-oder-170x85-cm-mit-fm-radiowanne-und-bluetooth-cb074.html\"]}]},{\"@type\":\"ImageObject\",\"inLanguage\":\"de\",\"@id\":\"https:\/\/www.bagnoitalia.com\/de\/produkt\/hydromassagekabine-150x85-oder-170x85-cm-mit-fm-radiowanne-und-bluetooth-cb074.html#primaryimage\",\"url\":\"https:\/\/img.bagnoitalia.com\/wp-content\/uploads\/virtuemart\/product\/hydromassage-cabin-with-tub-150x85-cm.jpg\",\"contentUrl\":\"https:\/\/img.bagnoitalia.com\/wp-content\/uploads\/virtuemart\/product\/hydromassage-cabin-with-tub-150x85-cm.jpg\",\"width\":550,\"height\":549},{\"@type\":\"BreadcrumbList\",\"@id\":\"https:\/\/www.bagnoitalia.com\/de\/produkt\/hydromassagekabine-150x85-oder-170x85-cm-mit-fm-radiowanne-und-bluetooth-cb074.html#breadcrumb\",\"itemListElement\":[{\"@type\":\"ListItem\",\"position\":1,\"name\":\"Home\",\"item\":\"https:\/\/www.bagnoitalia.com\/de\"},{\"@type\":\"ListItem\",\"position\":2,\"name\":\"Produkte\",\"item\":\"https:\/\/www.bagnoitalia.com\/de\/shop\"},{\"@type\":\"ListItem\",\"position\":3,\"name\":\"Hydromassagekabine 150&#215;85 oder 170&#215;85 cm mit FM-Radiowanne und Bluetooth CB074\"}]},{\"@type\":\"WebSite\",\"@id\":\"https:\/\/www.bagnoitalia.com\/de#website\",\"url\":\"https:\/\/www.bagnoitalia.com\/de\",\"name\":\"Bagno Italia\",\"description\":\"\",\"publisher\":{\"@id\":\"https:\/\/www.bagnoitalia.com\/de#organization\"},\"potentialAction\":[{\"@type\":\"SearchAction\",\"target\":{\"@type\":\"EntryPoint\",\"urlTemplate\":\"https:\/\/www.bagnoitalia.com\/de?s={search_term_string}\"},\"query-input\":{\"@type\":\"PropertyValueSpecification\",\"valueRequired\":true,\"valueName\":\"search_term_string\"}}],\"inLanguage\":\"de\"},{\"@type\":\"Organization\",\"@id\":\"https:\/\/www.bagnoitalia.com\/de#organization\",\"name\":\"Bagno Italia\",\"url\":\"https:\/\/www.bagnoitalia.com\/de\",\"logo\":{\"@type\":\"ImageObject\",\"inLanguage\":\"de\",\"@id\":\"https:\/\/www.bagnoitalia.com\/de#\/schema\/logo\/image\/\",\"url\":\"https:\/\/img.bagnoitalia.com\/wp-content\/uploads\/logo-bagnoitalia.webp\",\"contentUrl\":\"https:\/\/img.bagnoitalia.com\/wp-content\/uploads\/logo-bagnoitalia.webp\",\"width\":400,\"height\":70,\"caption\":\"Bagno Italia\"},\"image\":{\"@id\":\"https:\/\/www.bagnoitalia.com\/de#\/schema\/logo\/image\/\"}}]}<\/script>\n<!-- \/ Yoast SEO plugin. -->","yoast_head_json":{"title":"Hydromassagekabine 150x85 oder 170x85 cm mit FM-Radiowanne und Bluetooth CB074","description":"Hydromassage-Duschkabine mit Wanne, erh\u00e4ltlich in zwei verschiedenen Gr\u00f6\u00dfen (150 x 85 oder 170 x 85 cm), H\u00f6he 215 cm. Multifunktion: Bluetooth, Farbtherapie, Radio, Freisprecheinrichtung, Ozontherapie, Fu\u00dfmassage.","robots":{"index":"index","follow":"follow","max-snippet":"max-snippet:-1","max-image-preview":"max-image-preview:large","max-video-preview":"max-video-preview:-1"},"canonical":"https:\/\/www.bagnoitalia.com\/de\/produkt\/hydromassagekabine-150x85-oder-170x85-cm-mit-fm-radiowanne-und-bluetooth-cb074.html","og_locale":"de_DE","og_type":"article","og_title":"Hydromassagekabine 150x85 oder 170x85 cm mit FM-Radiowanne und Bluetooth CB074","og_description":"Hydromassage-Duschkabine mit Wanne, erh\u00e4ltlich in zwei verschiedenen Gr\u00f6\u00dfen (150 x 85 oder 170 x 85 cm), H\u00f6he 215 cm. Multifunktion: Bluetooth, Farbtherapie, Radio, Freisprecheinrichtung, Ozontherapie, Fu\u00dfmassage.","og_url":"https:\/\/www.bagnoitalia.com\/de\/produkt\/hydromassagekabine-150x85-oder-170x85-cm-mit-fm-radiowanne-und-bluetooth-cb074.html","og_site_name":"Bagno Italia","article_modified_time":"2026-04-16T09:11:12+00:00","og_image":[{"width":550,"height":549,"url":"https:\/\/img.bagnoitalia.com\/wp-content\/uploads\/virtuemart\/product\/hydromassage-cabin-with-tub-150x85-cm.jpg","type":"image\/jpeg"}],"twitter_card":"summary_large_image","twitter_misc":{"Gesch\u00e4tzte Lesezeit":"1\u00a0Minute"},"schema":{"@context":"https:\/\/schema.org","@graph":[{"@type":"WebPage","@id":"https:\/\/www.bagnoitalia.com\/de\/produkt\/hydromassagekabine-150x85-oder-170x85-cm-mit-fm-radiowanne-und-bluetooth-cb074.html","url":"https:\/\/www.bagnoitalia.com\/de\/produkt\/hydromassagekabine-150x85-oder-170x85-cm-mit-fm-radiowanne-und-bluetooth-cb074.html","name":"Hydromassagekabine 150x85 oder 170x85 cm mit FM-Radiowanne und Bluetooth CB074","isPartOf":{"@id":"https:\/\/www.bagnoitalia.com\/de#website"},"primaryImageOfPage":{"@id":"https:\/\/www.bagnoitalia.com\/de\/produkt\/hydromassagekabine-150x85-oder-170x85-cm-mit-fm-radiowanne-und-bluetooth-cb074.html#primaryimage"},"image":{"@id":"https:\/\/www.bagnoitalia.com\/de\/produkt\/hydromassagekabine-150x85-oder-170x85-cm-mit-fm-radiowanne-und-bluetooth-cb074.html#primaryimage"},"thumbnailUrl":"https:\/\/img.bagnoitalia.com\/wp-content\/uploads\/virtuemart\/product\/hydromassage-cabin-with-tub-150x85-cm.jpg","datePublished":"2023-07-17T11:27:23+00:00","dateModified":"2026-04-16T09:11:12+00:00","description":"Hydromassage-Duschkabine mit Wanne, erh\u00e4ltlich in zwei verschiedenen Gr\u00f6\u00dfen (150 x 85 oder 170 x 85 cm), H\u00f6he 215 cm. Multifunktion: Bluetooth, Farbtherapie, Radio, Freisprecheinrichtung, Ozontherapie, Fu\u00dfmassage.","breadcrumb":{"@id":"https:\/\/www.bagnoitalia.com\/de\/produkt\/hydromassagekabine-150x85-oder-170x85-cm-mit-fm-radiowanne-und-bluetooth-cb074.html#breadcrumb"},"inLanguage":"de","potentialAction":[{"@type":"ReadAction","target":["https:\/\/www.bagnoitalia.com\/de\/produkt\/hydromassagekabine-150x85-oder-170x85-cm-mit-fm-radiowanne-und-bluetooth-cb074.html"]}]},{"@type":"ImageObject","inLanguage":"de","@id":"https:\/\/www.bagnoitalia.com\/de\/produkt\/hydromassagekabine-150x85-oder-170x85-cm-mit-fm-radiowanne-und-bluetooth-cb074.html#primaryimage","url":"https:\/\/img.bagnoitalia.com\/wp-content\/uploads\/virtuemart\/product\/hydromassage-cabin-with-tub-150x85-cm.jpg","contentUrl":"https:\/\/img.bagnoitalia.com\/wp-content\/uploads\/virtuemart\/product\/hydromassage-cabin-with-tub-150x85-cm.jpg","width":550,"height":549},{"@type":"BreadcrumbList","@id":"https:\/\/www.bagnoitalia.com\/de\/produkt\/hydromassagekabine-150x85-oder-170x85-cm-mit-fm-radiowanne-und-bluetooth-cb074.html#breadcrumb","itemListElement":[{"@type":"ListItem","position":1,"name":"Home","item":"https:\/\/www.bagnoitalia.com\/de"},{"@type":"ListItem","position":2,"name":"Produkte","item":"https:\/\/www.bagnoitalia.com\/de\/shop"},{"@type":"ListItem","position":3,"name":"Hydromassagekabine 150&#215;85 oder 170&#215;85 cm mit FM-Radiowanne und Bluetooth CB074"}]},{"@type":"WebSite","@id":"https:\/\/www.bagnoitalia.com\/de#website","url":"https:\/\/www.bagnoitalia.com\/de","name":"Bagno Italia","description":"","publisher":{"@id":"https:\/\/www.bagnoitalia.com\/de#organization"},"potentialAction":[{"@type":"SearchAction","target":{"@type":"EntryPoint","urlTemplate":"https:\/\/www.bagnoitalia.com\/de?s={search_term_string}"},"query-input":{"@type":"PropertyValueSpecification","valueRequired":true,"valueName":"search_term_string"}}],"inLanguage":"de"},{"@type":"Organization","@id":"https:\/\/www.bagnoitalia.com\/de#organization","name":"Bagno Italia","url":"https:\/\/www.bagnoitalia.com\/de","logo":{"@type":"ImageObject","inLanguage":"de","@id":"https:\/\/www.bagnoitalia.com\/de#\/schema\/logo\/image\/","url":"https:\/\/img.bagnoitalia.com\/wp-content\/uploads\/logo-bagnoitalia.webp","contentUrl":"https:\/\/img.bagnoitalia.com\/wp-content\/uploads\/logo-bagnoitalia.webp","width":400,"height":70,"caption":"Bagno Italia"},"image":{"@id":"https:\/\/www.bagnoitalia.com\/de#\/schema\/logo\/image\/"}}]}},"_links":{"self":[{"href":"https:\/\/www.bagnoitalia.com\/de\/wp-json\/wp\/v2\/product\/83326","targetHints":{"allow":["GET"]}}],"collection":[{"href":"https:\/\/www.bagnoitalia.com\/de\/wp-json\/wp\/v2\/product"}],"about":[{"href":"https:\/\/www.bagnoitalia.com\/de\/wp-json\/wp\/v2\/types\/product"}],"replies":[{"embeddable":true,"href":"https:\/\/www.bagnoitalia.com\/de\/wp-json\/wp\/v2\/comments?post=83326"}],"version-history":[{"count":1,"href":"https:\/\/www.bagnoitalia.com\/de\/wp-json\/wp\/v2\/product\/83326\/revisions"}],"predecessor-version":[{"id":87753,"href":"https:\/\/www.bagnoitalia.com\/de\/wp-json\/wp\/v2\/product\/83326\/revisions\/87753"}],"wp:featuredmedia":[{"embeddable":true,"href":"https:\/\/www.bagnoitalia.com\/de\/wp-json\/wp\/v2\/media\/63826"}],"wp:attachment":[{"href":"https:\/\/www.bagnoitalia.com\/de\/wp-json\/wp\/v2\/media?parent=83326"}],"wp:term":[{"taxonomy":"product_brand","embeddable":true,"href":"https:\/\/www.bagnoitalia.com\/de\/wp-json\/wp\/v2\/product_brand?post=83326"},{"taxonomy":"product_cat","embeddable":true,"href":"https:\/\/www.bagnoitalia.com\/de\/wp-json\/wp\/v2\/product_cat?post=83326"},{"taxonomy":"product_tag","embeddable":true,"href":"https:\/\/www.bagnoitalia.com\/de\/wp-json\/wp\/v2\/product_tag?post=83326"}],"curies":[{"name":"wp","href":"https:\/\/api.w.org\/{rel}","templated":true}]}}