{"id":83314,"date":"2023-07-07T14:02:53","date_gmt":"2023-07-07T12:02:53","guid":{"rendered":"https:\/\/www.bagnoitalia.com\/product\/wall-hung-nebraska-ceramic-wc-and-bidet-with-or-without-toilet-cover-2"},"modified":"2025-04-14T16:15:27","modified_gmt":"2025-04-14T14:15:27","slug":"wall-hung-nebraska-ceramic-wc-and-bidet-with-or-without-toilet-cover-2","status":"publish","type":"product","link":"https:\/\/www.bagnoitalia.com\/de\/produkt\/wall-hung-nebraska-ceramic-wc-and-bidet-with-or-without-toilet-cover-2.html","title":{"rendered":"Wandh\u00e4ngendes NEBRASKA Keramik-WC und -Bidet mit oder ohne Toilettendeckel"},"content":{"rendered":"<p>&nbsp;<\/p>\n<p style=\"text-align: center;\"><span style=\"text-decoration: underline; color: #ff0000; font-size: 18pt;\"><strong>NEBRASKA&#8220; WANDH\u00c4NGENDES BIDET UND TOILETTE<\/strong><\/span><\/p>\n<p>&nbsp;<\/p>\n<p><span style=\"text-decoration: underline;\"><strong>DAS ANGEBOT UMFASST:<\/strong><\/span><\/p>\n<p>n. 1 WC<\/p>\n<p>n. 1 Bidet<\/p>\n<p>&nbsp;<\/p>\n<p><span style=\"text-decoration: underline;\"><strong>DETAILS ZUM PRODUKT<\/strong><\/span><\/p>\n<p>Toilette 35,5&#215;51,5&#215;31 cm<\/p>\n<p>Bidet 35,5x50x33,5 cm<\/p>\n<p>Installation der Sanit\u00e4rarmatur: h\u00e4ngend (Halterungen nicht enthalten)<\/p>\n<p>Material der Sanit\u00e4rkeramik: Keramik<\/p>\n<p>Farbe der Sanit\u00e4rkeramik: wei\u00df gl\u00e4nzend<\/p>\n<p><span style=\"text-decoration: underline; color: #ff0000;\"><strong>ACHTUNG<\/strong><\/span>: Der Duroplast-WC-Deckel ist nicht im Preis inbegriffen, er kann \u00fcber das Dropdown-Men\u00fc hinzugef\u00fcgt werden<\/p>\n<p>&nbsp;<\/p>\n<p><span style=\"text-decoration: underline; color: #ff0000;\"><strong>NB<\/strong><\/span>: Mischbatterie nicht im Preis enthalten<\/p>\n<p>&nbsp;<\/p>\n<p>&nbsp;<\/p>\n<p>&nbsp;<\/p>\n<p>&nbsp;<\/p>\n<p>&nbsp;<\/p>\n<p>&nbsp;<\/p>\n<p>&nbsp;<\/p>\n<p>&nbsp;<\/p>\n<p>SAVIT0040<br \/>\nSAVIT0039<\/p>\n","protected":false},"excerpt":{"rendered":"<p>Ein Paar moderne, wandh\u00e4ngende Sanit\u00e4robjekte aus polierter wei\u00dfer Keramik. Optionale Toilettendeckel.<\/p>\n","protected":false},"featured_media":63717,"comment_status":"open","ping_status":"closed","template":"","meta":[],"product_brand":[9901],"product_cat":[9696],"product_tag":[],"class_list":{"0":"post-83314","1":"product","2":"type-product","3":"status-publish","4":"has-post-thumbnail","6":"product_brand-baritermo-de","7":"product_cat-badkeramik","9":"first","10":"instock","11":"sale","12":"taxable","13":"shipping-taxable","14":"purchasable","15":"product-type-simple"},"exclude_global_add_ons":false,"addons":[{"name":"Wasserabdeckung","type":"multiple_choice","position":0,"required":true,"title_format":"heading","default":"","description_enable":false,"description":"","placeholder_enable":false,"placeholder":"","display":"select","restrictions_type":"any_text","adjust_price":false,"price":"","price_type":"flat_fee","restrictions":false,"min":"0","max":"0","options":[{"label":"NEIN","price":"","price_type":"quantity_based","image":0,"visibility":true},{"label":"JA","price":"25","price_type":"quantity_based","image":0,"visibility":true}],"id":1717517631}],"yoast_head":"<!-- This site is optimized with the Yoast SEO plugin v26.7 - https:\/\/yoast.com\/wordpress\/plugins\/seo\/ -->\n<title>Wandh\u00e4ngendes NEBRASKA Keramik-WC und -Bidet mit oder ohne Toilettendeckel<\/title>\n<meta name=\"description\" content=\"Ein Paar moderne, wandh\u00e4ngende Sanit\u00e4robjekte aus polierter wei\u00dfer Keramik. Optionale Toilettendeckel.\" \/>\n<meta name=\"robots\" content=\"index, follow, max-snippet:-1, max-image-preview:large, max-video-preview:-1\" \/>\n<link rel=\"canonical\" href=\"https:\/\/www.bagnoitalia.com\/de\/produkt\/wall-hung-nebraska-ceramic-wc-and-bidet-with-or-without-toilet-cover-2.html\" \/>\n<meta property=\"og:locale\" content=\"de_DE\" \/>\n<meta property=\"og:type\" content=\"article\" \/>\n<meta property=\"og:title\" content=\"Wandh\u00e4ngendes NEBRASKA Keramik-WC und -Bidet mit oder ohne Toilettendeckel\" \/>\n<meta property=\"og:description\" content=\"Ein Paar moderne, wandh\u00e4ngende Sanit\u00e4robjekte aus polierter wei\u00dfer Keramik. Optionale Toilettendeckel.\" \/>\n<meta property=\"og:url\" content=\"https:\/\/www.bagnoitalia.com\/de\/produkt\/wall-hung-nebraska-ceramic-wc-and-bidet-with-or-without-toilet-cover-2.html\" \/>\n<meta property=\"og:site_name\" content=\"Bagno Italia\" \/>\n<meta property=\"article:modified_time\" content=\"2025-04-14T14:15:27+00:00\" \/>\n<meta property=\"og:image\" content=\"https:\/\/img.bagnoitalia.com\/wp-content\/uploads\/virtuemart\/product\/sanitary-suspended-wc-bidet-ceramic-polished-white-1.jpg\" \/>\n\t<meta property=\"og:image:width\" content=\"550\" \/>\n\t<meta property=\"og:image:height\" content=\"550\" \/>\n\t<meta property=\"og:image:type\" content=\"image\/jpeg\" \/>\n<meta name=\"twitter:card\" content=\"summary_large_image\" \/>\n<meta name=\"twitter:label1\" content=\"Gesch\u00e4tzte Lesezeit\" \/>\n\t<meta name=\"twitter:data1\" content=\"1\u00a0Minute\" \/>\n<script type=\"application\/ld+json\" class=\"yoast-schema-graph\">{\"@context\":\"https:\/\/schema.org\",\"@graph\":[{\"@type\":\"WebPage\",\"@id\":\"https:\/\/www.bagnoitalia.com\/de\/produkt\/wall-hung-nebraska-ceramic-wc-and-bidet-with-or-without-toilet-cover-2.html\",\"url\":\"https:\/\/www.bagnoitalia.com\/de\/produkt\/wall-hung-nebraska-ceramic-wc-and-bidet-with-or-without-toilet-cover-2.html\",\"name\":\"Wandh\u00e4ngendes NEBRASKA Keramik-WC und -Bidet mit oder ohne Toilettendeckel\",\"isPartOf\":{\"@id\":\"https:\/\/www.bagnoitalia.com\/de#website\"},\"primaryImageOfPage\":{\"@id\":\"https:\/\/www.bagnoitalia.com\/de\/produkt\/wall-hung-nebraska-ceramic-wc-and-bidet-with-or-without-toilet-cover-2.html#primaryimage\"},\"image\":{\"@id\":\"https:\/\/www.bagnoitalia.com\/de\/produkt\/wall-hung-nebraska-ceramic-wc-and-bidet-with-or-without-toilet-cover-2.html#primaryimage\"},\"thumbnailUrl\":\"https:\/\/img.bagnoitalia.com\/wp-content\/uploads\/virtuemart\/product\/sanitary-suspended-wc-bidet-ceramic-polished-white-1.jpg\",\"datePublished\":\"2023-07-07T12:02:53+00:00\",\"dateModified\":\"2025-04-14T14:15:27+00:00\",\"description\":\"Ein Paar moderne, wandh\u00e4ngende Sanit\u00e4robjekte aus polierter wei\u00dfer Keramik. Optionale Toilettendeckel.\",\"breadcrumb\":{\"@id\":\"https:\/\/www.bagnoitalia.com\/de\/produkt\/wall-hung-nebraska-ceramic-wc-and-bidet-with-or-without-toilet-cover-2.html#breadcrumb\"},\"inLanguage\":\"de\",\"potentialAction\":[{\"@type\":\"ReadAction\",\"target\":[\"https:\/\/www.bagnoitalia.com\/de\/produkt\/wall-hung-nebraska-ceramic-wc-and-bidet-with-or-without-toilet-cover-2.html\"]}]},{\"@type\":\"ImageObject\",\"inLanguage\":\"de\",\"@id\":\"https:\/\/www.bagnoitalia.com\/de\/produkt\/wall-hung-nebraska-ceramic-wc-and-bidet-with-or-without-toilet-cover-2.html#primaryimage\",\"url\":\"https:\/\/img.bagnoitalia.com\/wp-content\/uploads\/virtuemart\/product\/sanitary-suspended-wc-bidet-ceramic-polished-white-1.jpg\",\"contentUrl\":\"https:\/\/img.bagnoitalia.com\/wp-content\/uploads\/virtuemart\/product\/sanitary-suspended-wc-bidet-ceramic-polished-white-1.jpg\",\"width\":550,\"height\":550},{\"@type\":\"BreadcrumbList\",\"@id\":\"https:\/\/www.bagnoitalia.com\/de\/produkt\/wall-hung-nebraska-ceramic-wc-and-bidet-with-or-without-toilet-cover-2.html#breadcrumb\",\"itemListElement\":[{\"@type\":\"ListItem\",\"position\":1,\"name\":\"Home\",\"item\":\"https:\/\/www.bagnoitalia.com\/de\"},{\"@type\":\"ListItem\",\"position\":2,\"name\":\"Produkte\",\"item\":\"https:\/\/www.bagnoitalia.com\/de\/shop\"},{\"@type\":\"ListItem\",\"position\":3,\"name\":\"Wandh\u00e4ngendes NEBRASKA Keramik-WC und -Bidet mit oder ohne Toilettendeckel\"}]},{\"@type\":\"WebSite\",\"@id\":\"https:\/\/www.bagnoitalia.com\/de#website\",\"url\":\"https:\/\/www.bagnoitalia.com\/de\",\"name\":\"Bagno Italia\",\"description\":\"\",\"publisher\":{\"@id\":\"https:\/\/www.bagnoitalia.com\/de#organization\"},\"potentialAction\":[{\"@type\":\"SearchAction\",\"target\":{\"@type\":\"EntryPoint\",\"urlTemplate\":\"https:\/\/www.bagnoitalia.com\/de?s={search_term_string}\"},\"query-input\":{\"@type\":\"PropertyValueSpecification\",\"valueRequired\":true,\"valueName\":\"search_term_string\"}}],\"inLanguage\":\"de\"},{\"@type\":\"Organization\",\"@id\":\"https:\/\/www.bagnoitalia.com\/de#organization\",\"name\":\"Bagno Italia\",\"url\":\"https:\/\/www.bagnoitalia.com\/de\",\"logo\":{\"@type\":\"ImageObject\",\"inLanguage\":\"de\",\"@id\":\"https:\/\/www.bagnoitalia.com\/de#\/schema\/logo\/image\/\",\"url\":\"https:\/\/img.bagnoitalia.com\/wp-content\/uploads\/logo-bagnoitalia.webp\",\"contentUrl\":\"https:\/\/img.bagnoitalia.com\/wp-content\/uploads\/logo-bagnoitalia.webp\",\"width\":400,\"height\":70,\"caption\":\"Bagno Italia\"},\"image\":{\"@id\":\"https:\/\/www.bagnoitalia.com\/de#\/schema\/logo\/image\/\"}}]}<\/script>\n<!-- \/ Yoast SEO plugin. -->","yoast_head_json":{"title":"Wandh\u00e4ngendes NEBRASKA Keramik-WC und -Bidet mit oder ohne Toilettendeckel","description":"Ein Paar moderne, wandh\u00e4ngende Sanit\u00e4robjekte aus polierter wei\u00dfer Keramik. Optionale Toilettendeckel.","robots":{"index":"index","follow":"follow","max-snippet":"max-snippet:-1","max-image-preview":"max-image-preview:large","max-video-preview":"max-video-preview:-1"},"canonical":"https:\/\/www.bagnoitalia.com\/de\/produkt\/wall-hung-nebraska-ceramic-wc-and-bidet-with-or-without-toilet-cover-2.html","og_locale":"de_DE","og_type":"article","og_title":"Wandh\u00e4ngendes NEBRASKA Keramik-WC und -Bidet mit oder ohne Toilettendeckel","og_description":"Ein Paar moderne, wandh\u00e4ngende Sanit\u00e4robjekte aus polierter wei\u00dfer Keramik. Optionale Toilettendeckel.","og_url":"https:\/\/www.bagnoitalia.com\/de\/produkt\/wall-hung-nebraska-ceramic-wc-and-bidet-with-or-without-toilet-cover-2.html","og_site_name":"Bagno Italia","article_modified_time":"2025-04-14T14:15:27+00:00","og_image":[{"width":550,"height":550,"url":"https:\/\/img.bagnoitalia.com\/wp-content\/uploads\/virtuemart\/product\/sanitary-suspended-wc-bidet-ceramic-polished-white-1.jpg","type":"image\/jpeg"}],"twitter_card":"summary_large_image","twitter_misc":{"Gesch\u00e4tzte Lesezeit":"1\u00a0Minute"},"schema":{"@context":"https:\/\/schema.org","@graph":[{"@type":"WebPage","@id":"https:\/\/www.bagnoitalia.com\/de\/produkt\/wall-hung-nebraska-ceramic-wc-and-bidet-with-or-without-toilet-cover-2.html","url":"https:\/\/www.bagnoitalia.com\/de\/produkt\/wall-hung-nebraska-ceramic-wc-and-bidet-with-or-without-toilet-cover-2.html","name":"Wandh\u00e4ngendes NEBRASKA Keramik-WC und -Bidet mit oder ohne Toilettendeckel","isPartOf":{"@id":"https:\/\/www.bagnoitalia.com\/de#website"},"primaryImageOfPage":{"@id":"https:\/\/www.bagnoitalia.com\/de\/produkt\/wall-hung-nebraska-ceramic-wc-and-bidet-with-or-without-toilet-cover-2.html#primaryimage"},"image":{"@id":"https:\/\/www.bagnoitalia.com\/de\/produkt\/wall-hung-nebraska-ceramic-wc-and-bidet-with-or-without-toilet-cover-2.html#primaryimage"},"thumbnailUrl":"https:\/\/img.bagnoitalia.com\/wp-content\/uploads\/virtuemart\/product\/sanitary-suspended-wc-bidet-ceramic-polished-white-1.jpg","datePublished":"2023-07-07T12:02:53+00:00","dateModified":"2025-04-14T14:15:27+00:00","description":"Ein Paar moderne, wandh\u00e4ngende Sanit\u00e4robjekte aus polierter wei\u00dfer Keramik. Optionale Toilettendeckel.","breadcrumb":{"@id":"https:\/\/www.bagnoitalia.com\/de\/produkt\/wall-hung-nebraska-ceramic-wc-and-bidet-with-or-without-toilet-cover-2.html#breadcrumb"},"inLanguage":"de","potentialAction":[{"@type":"ReadAction","target":["https:\/\/www.bagnoitalia.com\/de\/produkt\/wall-hung-nebraska-ceramic-wc-and-bidet-with-or-without-toilet-cover-2.html"]}]},{"@type":"ImageObject","inLanguage":"de","@id":"https:\/\/www.bagnoitalia.com\/de\/produkt\/wall-hung-nebraska-ceramic-wc-and-bidet-with-or-without-toilet-cover-2.html#primaryimage","url":"https:\/\/img.bagnoitalia.com\/wp-content\/uploads\/virtuemart\/product\/sanitary-suspended-wc-bidet-ceramic-polished-white-1.jpg","contentUrl":"https:\/\/img.bagnoitalia.com\/wp-content\/uploads\/virtuemart\/product\/sanitary-suspended-wc-bidet-ceramic-polished-white-1.jpg","width":550,"height":550},{"@type":"BreadcrumbList","@id":"https:\/\/www.bagnoitalia.com\/de\/produkt\/wall-hung-nebraska-ceramic-wc-and-bidet-with-or-without-toilet-cover-2.html#breadcrumb","itemListElement":[{"@type":"ListItem","position":1,"name":"Home","item":"https:\/\/www.bagnoitalia.com\/de"},{"@type":"ListItem","position":2,"name":"Produkte","item":"https:\/\/www.bagnoitalia.com\/de\/shop"},{"@type":"ListItem","position":3,"name":"Wandh\u00e4ngendes NEBRASKA Keramik-WC und -Bidet mit oder ohne Toilettendeckel"}]},{"@type":"WebSite","@id":"https:\/\/www.bagnoitalia.com\/de#website","url":"https:\/\/www.bagnoitalia.com\/de","name":"Bagno Italia","description":"","publisher":{"@id":"https:\/\/www.bagnoitalia.com\/de#organization"},"potentialAction":[{"@type":"SearchAction","target":{"@type":"EntryPoint","urlTemplate":"https:\/\/www.bagnoitalia.com\/de?s={search_term_string}"},"query-input":{"@type":"PropertyValueSpecification","valueRequired":true,"valueName":"search_term_string"}}],"inLanguage":"de"},{"@type":"Organization","@id":"https:\/\/www.bagnoitalia.com\/de#organization","name":"Bagno Italia","url":"https:\/\/www.bagnoitalia.com\/de","logo":{"@type":"ImageObject","inLanguage":"de","@id":"https:\/\/www.bagnoitalia.com\/de#\/schema\/logo\/image\/","url":"https:\/\/img.bagnoitalia.com\/wp-content\/uploads\/logo-bagnoitalia.webp","contentUrl":"https:\/\/img.bagnoitalia.com\/wp-content\/uploads\/logo-bagnoitalia.webp","width":400,"height":70,"caption":"Bagno Italia"},"image":{"@id":"https:\/\/www.bagnoitalia.com\/de#\/schema\/logo\/image\/"}}]}},"_links":{"self":[{"href":"https:\/\/www.bagnoitalia.com\/de\/wp-json\/wp\/v2\/product\/83314","targetHints":{"allow":["GET"]}}],"collection":[{"href":"https:\/\/www.bagnoitalia.com\/de\/wp-json\/wp\/v2\/product"}],"about":[{"href":"https:\/\/www.bagnoitalia.com\/de\/wp-json\/wp\/v2\/types\/product"}],"replies":[{"embeddable":true,"href":"https:\/\/www.bagnoitalia.com\/de\/wp-json\/wp\/v2\/comments?post=83314"}],"version-history":[{"count":2,"href":"https:\/\/www.bagnoitalia.com\/de\/wp-json\/wp\/v2\/product\/83314\/revisions"}],"predecessor-version":[{"id":106612,"href":"https:\/\/www.bagnoitalia.com\/de\/wp-json\/wp\/v2\/product\/83314\/revisions\/106612"}],"wp:featuredmedia":[{"embeddable":true,"href":"https:\/\/www.bagnoitalia.com\/de\/wp-json\/wp\/v2\/media\/63717"}],"wp:attachment":[{"href":"https:\/\/www.bagnoitalia.com\/de\/wp-json\/wp\/v2\/media?parent=83314"}],"wp:term":[{"taxonomy":"product_brand","embeddable":true,"href":"https:\/\/www.bagnoitalia.com\/de\/wp-json\/wp\/v2\/product_brand?post=83314"},{"taxonomy":"product_cat","embeddable":true,"href":"https:\/\/www.bagnoitalia.com\/de\/wp-json\/wp\/v2\/product_cat?post=83314"},{"taxonomy":"product_tag","embeddable":true,"href":"https:\/\/www.bagnoitalia.com\/de\/wp-json\/wp\/v2\/product_tag?post=83314"}],"curies":[{"name":"wp","href":"https:\/\/api.w.org\/{rel}","templated":true}]}}