{"id":83238,"date":"2023-06-29T14:37:52","date_gmt":"2023-06-29T12:37:52","guid":{"rendered":"https:\/\/www.bagnoitalia.com\/product\/ultra-slim-square-or-rectangular-shower-tray-in-white-mineralmarmo-resizable-pa035-2"},"modified":"2025-01-21T15:18:38","modified_gmt":"2025-01-21T14:18:38","slug":"ultra-slim-square-or-rectangular-shower-tray-in-white-mineralmarmo-resizable-pa035-2","status":"publish","type":"product","link":"https:\/\/www.bagnoitalia.com\/de\/produkt\/ultra-slim-square-or-rectangular-shower-tray-in-white-mineralmarmo-resizable-pa035-2.html","title":{"rendered":"Ultraflache quadratische oder rechteckige Duschwanne aus wei\u00dfem Mineralmarmo, gr\u00f6\u00dfenverstellbar PA035"},"content":{"rendered":"<p style=\"text-align: center;\"><span style=\"text-decoration: underline; color: #ff0000; font-size: 18pt;\"><strong>ULTRASCHLANKE DUSCHWANNE PA035<\/strong><\/span><\/p>\n<p>&nbsp;<\/p>\n<p><span style=\"text-decoration: underline;\"><strong>PRODUKTMERKMALE<\/strong><\/span><\/p>\n<p>Ultrad\u00fcnne Duschwanne aus Mineralmarmor, 2,5 cm hoch<\/p>\n<p>Erh\u00e4ltlich in quadratischer oder rechteckiger Form, in verschiedenen Gr\u00f6\u00dfen: W\u00e4hlen Sie die Gr\u00f6\u00dfe aus dem Dropdown-Men\u00fc<\/p>\n<p>Farbe: wei\u00df<\/p>\n<p>Anti-Rutsch und antibakterielle Oberfl\u00e4che<\/p>\n<p>Hochgradig resistent gegen Kratzer und UV-Strahlen<\/p>\n<p>Geeignet f\u00fcr jede Art von Installation (sowohl freistehend als auch unter Putz)<\/p>\n<p>Inklusive Rost aus rostfreiem Stahl<\/p>\n<p>Abfluss NICHT INBEGRIFFEN, Sie k\u00f6nnen ihn \u00fcber das Dropdown-Men\u00fc hinzuf\u00fcgen<\/p>\n<p>SIZABLE: kann auf die richtige Gr\u00f6\u00dfe zugeschnitten werden<\/p>\n<p>&nbsp;<\/p>\n<p>&nbsp;<\/p>\n<p>&nbsp;<\/p>\n<p style=\"text-align: center;\"><img fetchpriority=\"high\" decoding=\"async\" class=\" size-full wp-image-63221\" style=\"background-color: inherit; color: inherit; caret-color: auto;\" src=\"https:\/\/img.bagnoitalia.com\/wp-content\/uploads\/1-00.jpg\" alt=\"\" width=\"1122\" height=\"564\" srcset=\"https:\/\/img.bagnoitalia.com\/wp-content\/uploads\/1-00.jpg 1122w, https:\/\/img.bagnoitalia.com\/wp-content\/uploads\/1-00-768x386.jpg 768w, https:\/\/img.bagnoitalia.com\/wp-content\/uploads\/1-00-990x498.jpg 990w, https:\/\/img.bagnoitalia.com\/wp-content\/uploads\/1-00-441x222.jpg 441w, https:\/\/img.bagnoitalia.com\/wp-content\/uploads\/1-00-600x302.jpg 600w, https:\/\/img.bagnoitalia.com\/wp-content\/uploads\/1-00-150x75.jpg 150w\" sizes=\"(max-width: 1122px) 100vw, 1122px\" \/><\/p>\n<p>&nbsp;<\/p>\n<p>&nbsp;<\/p>\n<p>&nbsp;<\/p>\n<p>&nbsp;<\/p>\n<p>smartstone<\/p>\n","protected":false},"excerpt":{"rendered":"<p>Ultrad\u00fcnne Duschwanne, erh\u00e4ltlich in verschiedenen Gr\u00f6\u00dfen. Hergestellt aus alterungs- und verschlei\u00dffesten Mineralien und Naturharzen.<\/p>\n","protected":false},"featured_media":63201,"comment_status":"open","ping_status":"closed","template":"","meta":[],"product_brand":[9901,9955],"product_cat":[9756],"product_tag":[],"class_list":{"0":"post-83238","1":"product","2":"type-product","3":"status-publish","4":"has-post-thumbnail","6":"product_brand-baritermo-de","7":"product_brand-thermo-professional-de","8":"product_cat-duschwannen","10":"first","11":"instock","12":"sale","13":"taxable","14":"shipping-taxable","15":"purchasable","16":"product-type-simple"},"exclude_global_add_ons":false,"addons":[{"name":"Typ","type":"multiple_choice","position":0,"required":true,"title_format":"heading","default":"","description_enable":false,"description":"","placeholder_enable":false,"placeholder":"","display":"select","restrictions_type":"any_text","adjust_price":false,"price":"","price_type":"flat_fee","restrictions":false,"min":"0","max":"0","options":[{"label":"Ohne Siphon","price":"","price_type":"quantity_based","image":0,"visibility":true},{"label":"Mit Siphon","price":"25","price_type":"quantity_based","image":0,"visibility":true}],"id":1717512430},{"name":"Abmessungen","type":"multiple_choice","position":1,"required":true,"title_format":"heading","default":"","description_enable":false,"description":"","placeholder_enable":false,"placeholder":"","display":"select","restrictions_type":"any_text","adjust_price":false,"price":"","price_type":"flat_fee","restrictions":false,"min":"0","max":"0","options":[{"label":"80x80 cm","price":"","price_type":"quantity_based","image":0,"visibility":true},{"label":"70x90","price":"","price_type":"quantity_based","image":0,"visibility":true},{"label":"70x100 cm","price":"10","price_type":"quantity_based","image":0,"visibility":true},{"label":"70x120 cm","price":"40","price_type":"quantity_based","image":0,"visibility":true},{"label":"70x140 cm","price":"70","price_type":"quantity_based","image":0,"visibility":true},{"label":"70x170 cm","price":"120","price_type":"quantity_based","image":0,"visibility":true},{"label":"80x120 cm","price":"70","price_type":"quantity_based","image":0,"visibility":true},{"label":"80x140 cm","price":"110","price_type":"quantity_based","image":0,"visibility":true}],"id":1717512431}],"yoast_head":"<!-- This site is optimized with the Yoast SEO plugin v26.7 - https:\/\/yoast.com\/wordpress\/plugins\/seo\/ -->\n<title>Ultraflache quadratische oder rechteckige Duschwanne aus wei\u00dfem Mineralmarmo, gr\u00f6\u00dfenverstellbar PA035<\/title>\n<meta name=\"description\" content=\"Ultrad\u00fcnne Duschwanne, erh\u00e4ltlich in verschiedenen Gr\u00f6\u00dfen. Hergestellt aus alterungs- und verschlei\u00dffesten Mineralien und Naturharzen.\" \/>\n<meta name=\"robots\" content=\"index, follow, max-snippet:-1, max-image-preview:large, max-video-preview:-1\" \/>\n<link rel=\"canonical\" href=\"https:\/\/www.bagnoitalia.com\/de\/produkt\/ultra-slim-square-or-rectangular-shower-tray-in-white-mineralmarmo-resizable-pa035-2.html\" \/>\n<meta property=\"og:locale\" content=\"de_DE\" \/>\n<meta property=\"og:type\" content=\"article\" \/>\n<meta property=\"og:title\" content=\"Ultraflache quadratische oder rechteckige Duschwanne aus wei\u00dfem Mineralmarmo, gr\u00f6\u00dfenverstellbar PA035\" \/>\n<meta property=\"og:description\" content=\"Ultrad\u00fcnne Duschwanne, erh\u00e4ltlich in verschiedenen Gr\u00f6\u00dfen. Hergestellt aus alterungs- und verschlei\u00dffesten Mineralien und Naturharzen.\" \/>\n<meta property=\"og:url\" content=\"https:\/\/www.bagnoitalia.com\/de\/produkt\/ultra-slim-square-or-rectangular-shower-tray-in-white-mineralmarmo-resizable-pa035-2.html\" \/>\n<meta property=\"og:site_name\" content=\"Bagno Italia\" \/>\n<meta property=\"article:modified_time\" content=\"2025-01-21T14:18:38+00:00\" \/>\n<meta property=\"og:image\" content=\"https:\/\/img.bagnoitalia.com\/wp-content\/uploads\/virtuemart\/product\/shower-plate-ultraslim-mineralmarble-white-1.jpg\" \/>\n\t<meta property=\"og:image:width\" content=\"500\" \/>\n\t<meta property=\"og:image:height\" content=\"500\" \/>\n\t<meta property=\"og:image:type\" content=\"image\/jpeg\" \/>\n<meta name=\"twitter:card\" content=\"summary_large_image\" \/>\n<meta name=\"twitter:label1\" content=\"Gesch\u00e4tzte Lesezeit\" \/>\n\t<meta name=\"twitter:data1\" content=\"1\u00a0Minute\" \/>\n<script type=\"application\/ld+json\" class=\"yoast-schema-graph\">{\"@context\":\"https:\/\/schema.org\",\"@graph\":[{\"@type\":\"WebPage\",\"@id\":\"https:\/\/www.bagnoitalia.com\/de\/produkt\/ultra-slim-square-or-rectangular-shower-tray-in-white-mineralmarmo-resizable-pa035-2.html\",\"url\":\"https:\/\/www.bagnoitalia.com\/de\/produkt\/ultra-slim-square-or-rectangular-shower-tray-in-white-mineralmarmo-resizable-pa035-2.html\",\"name\":\"Ultraflache quadratische oder rechteckige Duschwanne aus wei\u00dfem Mineralmarmo, gr\u00f6\u00dfenverstellbar PA035\",\"isPartOf\":{\"@id\":\"https:\/\/www.bagnoitalia.com\/de#website\"},\"primaryImageOfPage\":{\"@id\":\"https:\/\/www.bagnoitalia.com\/de\/produkt\/ultra-slim-square-or-rectangular-shower-tray-in-white-mineralmarmo-resizable-pa035-2.html#primaryimage\"},\"image\":{\"@id\":\"https:\/\/www.bagnoitalia.com\/de\/produkt\/ultra-slim-square-or-rectangular-shower-tray-in-white-mineralmarmo-resizable-pa035-2.html#primaryimage\"},\"thumbnailUrl\":\"https:\/\/img.bagnoitalia.com\/wp-content\/uploads\/virtuemart\/product\/shower-plate-ultraslim-mineralmarble-white-1.jpg\",\"datePublished\":\"2023-06-29T12:37:52+00:00\",\"dateModified\":\"2025-01-21T14:18:38+00:00\",\"description\":\"Ultrad\u00fcnne Duschwanne, erh\u00e4ltlich in verschiedenen Gr\u00f6\u00dfen. Hergestellt aus alterungs- und verschlei\u00dffesten Mineralien und Naturharzen.\",\"breadcrumb\":{\"@id\":\"https:\/\/www.bagnoitalia.com\/de\/produkt\/ultra-slim-square-or-rectangular-shower-tray-in-white-mineralmarmo-resizable-pa035-2.html#breadcrumb\"},\"inLanguage\":\"de\",\"potentialAction\":[{\"@type\":\"ReadAction\",\"target\":[\"https:\/\/www.bagnoitalia.com\/de\/produkt\/ultra-slim-square-or-rectangular-shower-tray-in-white-mineralmarmo-resizable-pa035-2.html\"]}]},{\"@type\":\"ImageObject\",\"inLanguage\":\"de\",\"@id\":\"https:\/\/www.bagnoitalia.com\/de\/produkt\/ultra-slim-square-or-rectangular-shower-tray-in-white-mineralmarmo-resizable-pa035-2.html#primaryimage\",\"url\":\"https:\/\/img.bagnoitalia.com\/wp-content\/uploads\/virtuemart\/product\/shower-plate-ultraslim-mineralmarble-white-1.jpg\",\"contentUrl\":\"https:\/\/img.bagnoitalia.com\/wp-content\/uploads\/virtuemart\/product\/shower-plate-ultraslim-mineralmarble-white-1.jpg\",\"width\":500,\"height\":500},{\"@type\":\"BreadcrumbList\",\"@id\":\"https:\/\/www.bagnoitalia.com\/de\/produkt\/ultra-slim-square-or-rectangular-shower-tray-in-white-mineralmarmo-resizable-pa035-2.html#breadcrumb\",\"itemListElement\":[{\"@type\":\"ListItem\",\"position\":1,\"name\":\"Home\",\"item\":\"https:\/\/www.bagnoitalia.com\/de\"},{\"@type\":\"ListItem\",\"position\":2,\"name\":\"Produkte\",\"item\":\"https:\/\/www.bagnoitalia.com\/de\/shop\"},{\"@type\":\"ListItem\",\"position\":3,\"name\":\"Ultraflache quadratische oder rechteckige Duschwanne aus wei\u00dfem Mineralmarmo, gr\u00f6\u00dfenverstellbar PA035\"}]},{\"@type\":\"WebSite\",\"@id\":\"https:\/\/www.bagnoitalia.com\/de#website\",\"url\":\"https:\/\/www.bagnoitalia.com\/de\",\"name\":\"Bagno Italia\",\"description\":\"\",\"publisher\":{\"@id\":\"https:\/\/www.bagnoitalia.com\/de#organization\"},\"potentialAction\":[{\"@type\":\"SearchAction\",\"target\":{\"@type\":\"EntryPoint\",\"urlTemplate\":\"https:\/\/www.bagnoitalia.com\/de?s={search_term_string}\"},\"query-input\":{\"@type\":\"PropertyValueSpecification\",\"valueRequired\":true,\"valueName\":\"search_term_string\"}}],\"inLanguage\":\"de\"},{\"@type\":\"Organization\",\"@id\":\"https:\/\/www.bagnoitalia.com\/de#organization\",\"name\":\"Bagno Italia\",\"url\":\"https:\/\/www.bagnoitalia.com\/de\",\"logo\":{\"@type\":\"ImageObject\",\"inLanguage\":\"de\",\"@id\":\"https:\/\/www.bagnoitalia.com\/de#\/schema\/logo\/image\/\",\"url\":\"https:\/\/img.bagnoitalia.com\/wp-content\/uploads\/logo-bagnoitalia.webp\",\"contentUrl\":\"https:\/\/img.bagnoitalia.com\/wp-content\/uploads\/logo-bagnoitalia.webp\",\"width\":400,\"height\":70,\"caption\":\"Bagno Italia\"},\"image\":{\"@id\":\"https:\/\/www.bagnoitalia.com\/de#\/schema\/logo\/image\/\"}}]}<\/script>\n<!-- \/ Yoast SEO plugin. -->","yoast_head_json":{"title":"Ultraflache quadratische oder rechteckige Duschwanne aus wei\u00dfem Mineralmarmo, gr\u00f6\u00dfenverstellbar PA035","description":"Ultrad\u00fcnne Duschwanne, erh\u00e4ltlich in verschiedenen Gr\u00f6\u00dfen. Hergestellt aus alterungs- und verschlei\u00dffesten Mineralien und Naturharzen.","robots":{"index":"index","follow":"follow","max-snippet":"max-snippet:-1","max-image-preview":"max-image-preview:large","max-video-preview":"max-video-preview:-1"},"canonical":"https:\/\/www.bagnoitalia.com\/de\/produkt\/ultra-slim-square-or-rectangular-shower-tray-in-white-mineralmarmo-resizable-pa035-2.html","og_locale":"de_DE","og_type":"article","og_title":"Ultraflache quadratische oder rechteckige Duschwanne aus wei\u00dfem Mineralmarmo, gr\u00f6\u00dfenverstellbar PA035","og_description":"Ultrad\u00fcnne Duschwanne, erh\u00e4ltlich in verschiedenen Gr\u00f6\u00dfen. Hergestellt aus alterungs- und verschlei\u00dffesten Mineralien und Naturharzen.","og_url":"https:\/\/www.bagnoitalia.com\/de\/produkt\/ultra-slim-square-or-rectangular-shower-tray-in-white-mineralmarmo-resizable-pa035-2.html","og_site_name":"Bagno Italia","article_modified_time":"2025-01-21T14:18:38+00:00","og_image":[{"width":500,"height":500,"url":"https:\/\/img.bagnoitalia.com\/wp-content\/uploads\/virtuemart\/product\/shower-plate-ultraslim-mineralmarble-white-1.jpg","type":"image\/jpeg"}],"twitter_card":"summary_large_image","twitter_misc":{"Gesch\u00e4tzte Lesezeit":"1\u00a0Minute"},"schema":{"@context":"https:\/\/schema.org","@graph":[{"@type":"WebPage","@id":"https:\/\/www.bagnoitalia.com\/de\/produkt\/ultra-slim-square-or-rectangular-shower-tray-in-white-mineralmarmo-resizable-pa035-2.html","url":"https:\/\/www.bagnoitalia.com\/de\/produkt\/ultra-slim-square-or-rectangular-shower-tray-in-white-mineralmarmo-resizable-pa035-2.html","name":"Ultraflache quadratische oder rechteckige Duschwanne aus wei\u00dfem Mineralmarmo, gr\u00f6\u00dfenverstellbar PA035","isPartOf":{"@id":"https:\/\/www.bagnoitalia.com\/de#website"},"primaryImageOfPage":{"@id":"https:\/\/www.bagnoitalia.com\/de\/produkt\/ultra-slim-square-or-rectangular-shower-tray-in-white-mineralmarmo-resizable-pa035-2.html#primaryimage"},"image":{"@id":"https:\/\/www.bagnoitalia.com\/de\/produkt\/ultra-slim-square-or-rectangular-shower-tray-in-white-mineralmarmo-resizable-pa035-2.html#primaryimage"},"thumbnailUrl":"https:\/\/img.bagnoitalia.com\/wp-content\/uploads\/virtuemart\/product\/shower-plate-ultraslim-mineralmarble-white-1.jpg","datePublished":"2023-06-29T12:37:52+00:00","dateModified":"2025-01-21T14:18:38+00:00","description":"Ultrad\u00fcnne Duschwanne, erh\u00e4ltlich in verschiedenen Gr\u00f6\u00dfen. Hergestellt aus alterungs- und verschlei\u00dffesten Mineralien und Naturharzen.","breadcrumb":{"@id":"https:\/\/www.bagnoitalia.com\/de\/produkt\/ultra-slim-square-or-rectangular-shower-tray-in-white-mineralmarmo-resizable-pa035-2.html#breadcrumb"},"inLanguage":"de","potentialAction":[{"@type":"ReadAction","target":["https:\/\/www.bagnoitalia.com\/de\/produkt\/ultra-slim-square-or-rectangular-shower-tray-in-white-mineralmarmo-resizable-pa035-2.html"]}]},{"@type":"ImageObject","inLanguage":"de","@id":"https:\/\/www.bagnoitalia.com\/de\/produkt\/ultra-slim-square-or-rectangular-shower-tray-in-white-mineralmarmo-resizable-pa035-2.html#primaryimage","url":"https:\/\/img.bagnoitalia.com\/wp-content\/uploads\/virtuemart\/product\/shower-plate-ultraslim-mineralmarble-white-1.jpg","contentUrl":"https:\/\/img.bagnoitalia.com\/wp-content\/uploads\/virtuemart\/product\/shower-plate-ultraslim-mineralmarble-white-1.jpg","width":500,"height":500},{"@type":"BreadcrumbList","@id":"https:\/\/www.bagnoitalia.com\/de\/produkt\/ultra-slim-square-or-rectangular-shower-tray-in-white-mineralmarmo-resizable-pa035-2.html#breadcrumb","itemListElement":[{"@type":"ListItem","position":1,"name":"Home","item":"https:\/\/www.bagnoitalia.com\/de"},{"@type":"ListItem","position":2,"name":"Produkte","item":"https:\/\/www.bagnoitalia.com\/de\/shop"},{"@type":"ListItem","position":3,"name":"Ultraflache quadratische oder rechteckige Duschwanne aus wei\u00dfem Mineralmarmo, gr\u00f6\u00dfenverstellbar PA035"}]},{"@type":"WebSite","@id":"https:\/\/www.bagnoitalia.com\/de#website","url":"https:\/\/www.bagnoitalia.com\/de","name":"Bagno Italia","description":"","publisher":{"@id":"https:\/\/www.bagnoitalia.com\/de#organization"},"potentialAction":[{"@type":"SearchAction","target":{"@type":"EntryPoint","urlTemplate":"https:\/\/www.bagnoitalia.com\/de?s={search_term_string}"},"query-input":{"@type":"PropertyValueSpecification","valueRequired":true,"valueName":"search_term_string"}}],"inLanguage":"de"},{"@type":"Organization","@id":"https:\/\/www.bagnoitalia.com\/de#organization","name":"Bagno Italia","url":"https:\/\/www.bagnoitalia.com\/de","logo":{"@type":"ImageObject","inLanguage":"de","@id":"https:\/\/www.bagnoitalia.com\/de#\/schema\/logo\/image\/","url":"https:\/\/img.bagnoitalia.com\/wp-content\/uploads\/logo-bagnoitalia.webp","contentUrl":"https:\/\/img.bagnoitalia.com\/wp-content\/uploads\/logo-bagnoitalia.webp","width":400,"height":70,"caption":"Bagno Italia"},"image":{"@id":"https:\/\/www.bagnoitalia.com\/de#\/schema\/logo\/image\/"}}]}},"_links":{"self":[{"href":"https:\/\/www.bagnoitalia.com\/de\/wp-json\/wp\/v2\/product\/83238","targetHints":{"allow":["GET"]}}],"collection":[{"href":"https:\/\/www.bagnoitalia.com\/de\/wp-json\/wp\/v2\/product"}],"about":[{"href":"https:\/\/www.bagnoitalia.com\/de\/wp-json\/wp\/v2\/types\/product"}],"replies":[{"embeddable":true,"href":"https:\/\/www.bagnoitalia.com\/de\/wp-json\/wp\/v2\/comments?post=83238"}],"version-history":[{"count":2,"href":"https:\/\/www.bagnoitalia.com\/de\/wp-json\/wp\/v2\/product\/83238\/revisions"}],"predecessor-version":[{"id":101125,"href":"https:\/\/www.bagnoitalia.com\/de\/wp-json\/wp\/v2\/product\/83238\/revisions\/101125"}],"wp:featuredmedia":[{"embeddable":true,"href":"https:\/\/www.bagnoitalia.com\/de\/wp-json\/wp\/v2\/media\/63201"}],"wp:attachment":[{"href":"https:\/\/www.bagnoitalia.com\/de\/wp-json\/wp\/v2\/media?parent=83238"}],"wp:term":[{"taxonomy":"product_brand","embeddable":true,"href":"https:\/\/www.bagnoitalia.com\/de\/wp-json\/wp\/v2\/product_brand?post=83238"},{"taxonomy":"product_cat","embeddable":true,"href":"https:\/\/www.bagnoitalia.com\/de\/wp-json\/wp\/v2\/product_cat?post=83238"},{"taxonomy":"product_tag","embeddable":true,"href":"https:\/\/www.bagnoitalia.com\/de\/wp-json\/wp\/v2\/product_tag?post=83238"}],"curies":[{"name":"wp","href":"https:\/\/api.w.org\/{rel}","templated":true}]}}