{"id":83234,"date":"2023-06-27T15:38:19","date_gmt":"2023-06-27T13:38:19","guid":{"rendered":"https:\/\/www.bagnoitalia.com\/product\/whirlpool-bath-tub-170x80-cm-with-6-panoramic-glass-jets-and-fittings-included-vs130-2"},"modified":"2023-06-27T15:38:19","modified_gmt":"2023-06-27T13:38:19","slug":"whirlpool-bath-tub-170x80-cm-with-6-panoramic-glass-jets-and-fittings-included-vs130-2","status":"publish","type":"product","link":"https:\/\/www.bagnoitalia.com\/de\/produkt\/whirlpool-bath-tub-170x80-cm-with-6-panoramic-glass-jets-and-fittings-included-vs130-2.html","title":{"rendered":"Whirlpool-Badewanne 170&#215;80 cm mit 6 Glas-Panoramad\u00fcsen und Armaturen VS130 inklusive"},"content":{"rendered":"<p style=\"text-align: center;\"><span style=\"text-decoration: underline; color: #ff0000; font-size: 14pt;\"><strong>HYDROMASSAGE-BADewanne 170&#215;80 cm VS130<\/strong><\/span><\/p>\n<p>&nbsp;<img fetchpriority=\"high\" decoding=\"async\" class=\" size-full wp-image-17283\" src=\"https:\/\/img.bagnoitalia.com\/wp-content\/uploads\/1-1.jpg\" alt=\"\" width=\"817\" height=\"135\" srcset=\"https:\/\/img.bagnoitalia.com\/wp-content\/uploads\/1-1.jpg 817w, https:\/\/img.bagnoitalia.com\/wp-content\/uploads\/1-1-768x127.jpg 768w, https:\/\/img.bagnoitalia.com\/wp-content\/uploads\/1-1-441x73.jpg 441w, https:\/\/img.bagnoitalia.com\/wp-content\/uploads\/1-1-600x99.jpg 600w, https:\/\/img.bagnoitalia.com\/wp-content\/uploads\/1-1-150x25.jpg 150w\" sizes=\"(max-width: 817px) 100vw, 817px\" \/><\/p>\n<p><span style=\"text-decoration: underline;\"><strong>DETAILS ZUM PRODUKT<\/strong><\/span><\/p>\n<p>Modegno Design-Badewanne, rechteckig mit abgerundeten Ecken<\/p>\n<p>gekennzeichnet durch eine Panoramaglasfront<\/p>\n<p>\u00c4u\u00dfere Abmessungen: 170x80xH59 cm<\/p>\n<p>1.5Hp Wasserpumpe<\/p>\n<p>n.6 gro\u00dfe Chromd\u00fcsen<\/p>\n<p>n.1 wei\u00dfes Kopfst\u00fctzenkissen<\/p>\n<p>Automatischer Lebensretter<\/p>\n<p>Wasserh\u00e4hne mit ausziehbarer Handbrause<\/p>\n<p>Stahlrahmen<\/p>\n<p>Hochwertige wei\u00dfe Sanit\u00e4r-Acryl-Beschichtung<\/p>\n<p>&nbsp;<\/p>\n<p>&nbsp;<\/p>\n<p>&nbsp;<\/p>\n","protected":false},"excerpt":{"rendered":"<p>Rechteckige Badewanne, modernes Design, mit abgerundeter Au\u00dfenecke und Panoramaglas. Mit Kopfst\u00fctze, Wasserh\u00e4hnen und ausziehbarer Handbrause.<\/p>\n","protected":false},"featured_media":63157,"comment_status":"open","ping_status":"closed","template":"","meta":[],"product_brand":[9913],"product_cat":[9744,9708],"product_tag":[],"class_list":{"0":"post-83234","1":"product","2":"type-product","3":"status-publish","4":"has-post-thumbnail","6":"product_brand-simba-de","7":"product_cat-ausenwhirlpool","8":"product_cat-whirlpool","10":"first","11":"instock","12":"sale","13":"taxable","14":"shipping-taxable","15":"purchasable","16":"product-type-simple"},"exclude_global_add_ons":[],"addons":[],"yoast_head":"<!-- This site is optimized with the Yoast SEO plugin v26.7 - https:\/\/yoast.com\/wordpress\/plugins\/seo\/ -->\n<title>Whirlpool-Badewanne 170x80 cm mit 6 Glas-Panoramad\u00fcsen und Armaturen VS130 inklusive<\/title>\n<meta name=\"description\" content=\"Rechteckige Badewanne, modernes Design, mit abgerundeter Au\u00dfenecke und Panoramaglas. Mit Kopfst\u00fctze, Wasserh\u00e4hnen und ausziehbarer Handbrause.\" \/>\n<meta name=\"robots\" content=\"index, follow, max-snippet:-1, max-image-preview:large, max-video-preview:-1\" \/>\n<link rel=\"canonical\" href=\"https:\/\/www.bagnoitalia.com\/de\/produkt\/whirlpool-bath-tub-170x80-cm-with-6-panoramic-glass-jets-and-fittings-included-vs130-2.html\" \/>\n<meta property=\"og:locale\" content=\"de_DE\" \/>\n<meta property=\"og:type\" content=\"article\" \/>\n<meta property=\"og:title\" content=\"Whirlpool-Badewanne 170x80 cm mit 6 Glas-Panoramad\u00fcsen und Armaturen VS130 inklusive\" \/>\n<meta property=\"og:description\" content=\"Rechteckige Badewanne, modernes Design, mit abgerundeter Au\u00dfenecke und Panoramaglas. Mit Kopfst\u00fctze, Wasserh\u00e4hnen und ausziehbarer Handbrause.\" \/>\n<meta property=\"og:url\" content=\"https:\/\/www.bagnoitalia.com\/de\/produkt\/whirlpool-bath-tub-170x80-cm-with-6-panoramic-glass-jets-and-fittings-included-vs130-2.html\" \/>\n<meta property=\"og:site_name\" content=\"Bagno Italia\" \/>\n<meta property=\"og:image\" content=\"https:\/\/img.bagnoitalia.com\/wp-content\/uploads\/virtuemart\/product\/whirlpool-tub-170x80-cm-glass-frontal-6-jet-1.jpg\" \/>\n\t<meta property=\"og:image:width\" content=\"550\" \/>\n\t<meta property=\"og:image:height\" content=\"550\" \/>\n\t<meta property=\"og:image:type\" content=\"image\/jpeg\" \/>\n<meta name=\"twitter:card\" content=\"summary_large_image\" \/>\n<script type=\"application\/ld+json\" class=\"yoast-schema-graph\">{\"@context\":\"https:\/\/schema.org\",\"@graph\":[{\"@type\":\"WebPage\",\"@id\":\"https:\/\/www.bagnoitalia.com\/de\/produkt\/whirlpool-bath-tub-170x80-cm-with-6-panoramic-glass-jets-and-fittings-included-vs130-2.html\",\"url\":\"https:\/\/www.bagnoitalia.com\/de\/produkt\/whirlpool-bath-tub-170x80-cm-with-6-panoramic-glass-jets-and-fittings-included-vs130-2.html\",\"name\":\"Whirlpool-Badewanne 170x80 cm mit 6 Glas-Panoramad\u00fcsen und Armaturen VS130 inklusive\",\"isPartOf\":{\"@id\":\"https:\/\/www.bagnoitalia.com\/de#website\"},\"primaryImageOfPage\":{\"@id\":\"https:\/\/www.bagnoitalia.com\/de\/produkt\/whirlpool-bath-tub-170x80-cm-with-6-panoramic-glass-jets-and-fittings-included-vs130-2.html#primaryimage\"},\"image\":{\"@id\":\"https:\/\/www.bagnoitalia.com\/de\/produkt\/whirlpool-bath-tub-170x80-cm-with-6-panoramic-glass-jets-and-fittings-included-vs130-2.html#primaryimage\"},\"thumbnailUrl\":\"https:\/\/img.bagnoitalia.com\/wp-content\/uploads\/virtuemart\/product\/whirlpool-tub-170x80-cm-glass-frontal-6-jet-1.jpg\",\"datePublished\":\"2023-06-27T13:38:19+00:00\",\"description\":\"Rechteckige Badewanne, modernes Design, mit abgerundeter Au\u00dfenecke und Panoramaglas. Mit Kopfst\u00fctze, Wasserh\u00e4hnen und ausziehbarer Handbrause.\",\"breadcrumb\":{\"@id\":\"https:\/\/www.bagnoitalia.com\/de\/produkt\/whirlpool-bath-tub-170x80-cm-with-6-panoramic-glass-jets-and-fittings-included-vs130-2.html#breadcrumb\"},\"inLanguage\":\"de\",\"potentialAction\":[{\"@type\":\"ReadAction\",\"target\":[\"https:\/\/www.bagnoitalia.com\/de\/produkt\/whirlpool-bath-tub-170x80-cm-with-6-panoramic-glass-jets-and-fittings-included-vs130-2.html\"]}]},{\"@type\":\"ImageObject\",\"inLanguage\":\"de\",\"@id\":\"https:\/\/www.bagnoitalia.com\/de\/produkt\/whirlpool-bath-tub-170x80-cm-with-6-panoramic-glass-jets-and-fittings-included-vs130-2.html#primaryimage\",\"url\":\"https:\/\/img.bagnoitalia.com\/wp-content\/uploads\/virtuemart\/product\/whirlpool-tub-170x80-cm-glass-frontal-6-jet-1.jpg\",\"contentUrl\":\"https:\/\/img.bagnoitalia.com\/wp-content\/uploads\/virtuemart\/product\/whirlpool-tub-170x80-cm-glass-frontal-6-jet-1.jpg\",\"width\":550,\"height\":550},{\"@type\":\"BreadcrumbList\",\"@id\":\"https:\/\/www.bagnoitalia.com\/de\/produkt\/whirlpool-bath-tub-170x80-cm-with-6-panoramic-glass-jets-and-fittings-included-vs130-2.html#breadcrumb\",\"itemListElement\":[{\"@type\":\"ListItem\",\"position\":1,\"name\":\"Home\",\"item\":\"https:\/\/www.bagnoitalia.com\/de\"},{\"@type\":\"ListItem\",\"position\":2,\"name\":\"Produkte\",\"item\":\"https:\/\/www.bagnoitalia.com\/de\/shop\"},{\"@type\":\"ListItem\",\"position\":3,\"name\":\"Whirlpool-Badewanne 170&#215;80 cm mit 6 Glas-Panoramad\u00fcsen und Armaturen VS130 inklusive\"}]},{\"@type\":\"WebSite\",\"@id\":\"https:\/\/www.bagnoitalia.com\/de#website\",\"url\":\"https:\/\/www.bagnoitalia.com\/de\",\"name\":\"Bagno Italia\",\"description\":\"\",\"publisher\":{\"@id\":\"https:\/\/www.bagnoitalia.com\/de#organization\"},\"potentialAction\":[{\"@type\":\"SearchAction\",\"target\":{\"@type\":\"EntryPoint\",\"urlTemplate\":\"https:\/\/www.bagnoitalia.com\/de?s={search_term_string}\"},\"query-input\":{\"@type\":\"PropertyValueSpecification\",\"valueRequired\":true,\"valueName\":\"search_term_string\"}}],\"inLanguage\":\"de\"},{\"@type\":\"Organization\",\"@id\":\"https:\/\/www.bagnoitalia.com\/de#organization\",\"name\":\"Bagno Italia\",\"url\":\"https:\/\/www.bagnoitalia.com\/de\",\"logo\":{\"@type\":\"ImageObject\",\"inLanguage\":\"de\",\"@id\":\"https:\/\/www.bagnoitalia.com\/de#\/schema\/logo\/image\/\",\"url\":\"https:\/\/img.bagnoitalia.com\/wp-content\/uploads\/logo-bagnoitalia.webp\",\"contentUrl\":\"https:\/\/img.bagnoitalia.com\/wp-content\/uploads\/logo-bagnoitalia.webp\",\"width\":400,\"height\":70,\"caption\":\"Bagno Italia\"},\"image\":{\"@id\":\"https:\/\/www.bagnoitalia.com\/de#\/schema\/logo\/image\/\"}}]}<\/script>\n<!-- \/ Yoast SEO plugin. -->","yoast_head_json":{"title":"Whirlpool-Badewanne 170x80 cm mit 6 Glas-Panoramad\u00fcsen und Armaturen VS130 inklusive","description":"Rechteckige Badewanne, modernes Design, mit abgerundeter Au\u00dfenecke und Panoramaglas. Mit Kopfst\u00fctze, Wasserh\u00e4hnen und ausziehbarer Handbrause.","robots":{"index":"index","follow":"follow","max-snippet":"max-snippet:-1","max-image-preview":"max-image-preview:large","max-video-preview":"max-video-preview:-1"},"canonical":"https:\/\/www.bagnoitalia.com\/de\/produkt\/whirlpool-bath-tub-170x80-cm-with-6-panoramic-glass-jets-and-fittings-included-vs130-2.html","og_locale":"de_DE","og_type":"article","og_title":"Whirlpool-Badewanne 170x80 cm mit 6 Glas-Panoramad\u00fcsen und Armaturen VS130 inklusive","og_description":"Rechteckige Badewanne, modernes Design, mit abgerundeter Au\u00dfenecke und Panoramaglas. Mit Kopfst\u00fctze, Wasserh\u00e4hnen und ausziehbarer Handbrause.","og_url":"https:\/\/www.bagnoitalia.com\/de\/produkt\/whirlpool-bath-tub-170x80-cm-with-6-panoramic-glass-jets-and-fittings-included-vs130-2.html","og_site_name":"Bagno Italia","og_image":[{"width":550,"height":550,"url":"https:\/\/img.bagnoitalia.com\/wp-content\/uploads\/virtuemart\/product\/whirlpool-tub-170x80-cm-glass-frontal-6-jet-1.jpg","type":"image\/jpeg"}],"twitter_card":"summary_large_image","schema":{"@context":"https:\/\/schema.org","@graph":[{"@type":"WebPage","@id":"https:\/\/www.bagnoitalia.com\/de\/produkt\/whirlpool-bath-tub-170x80-cm-with-6-panoramic-glass-jets-and-fittings-included-vs130-2.html","url":"https:\/\/www.bagnoitalia.com\/de\/produkt\/whirlpool-bath-tub-170x80-cm-with-6-panoramic-glass-jets-and-fittings-included-vs130-2.html","name":"Whirlpool-Badewanne 170x80 cm mit 6 Glas-Panoramad\u00fcsen und Armaturen VS130 inklusive","isPartOf":{"@id":"https:\/\/www.bagnoitalia.com\/de#website"},"primaryImageOfPage":{"@id":"https:\/\/www.bagnoitalia.com\/de\/produkt\/whirlpool-bath-tub-170x80-cm-with-6-panoramic-glass-jets-and-fittings-included-vs130-2.html#primaryimage"},"image":{"@id":"https:\/\/www.bagnoitalia.com\/de\/produkt\/whirlpool-bath-tub-170x80-cm-with-6-panoramic-glass-jets-and-fittings-included-vs130-2.html#primaryimage"},"thumbnailUrl":"https:\/\/img.bagnoitalia.com\/wp-content\/uploads\/virtuemart\/product\/whirlpool-tub-170x80-cm-glass-frontal-6-jet-1.jpg","datePublished":"2023-06-27T13:38:19+00:00","description":"Rechteckige Badewanne, modernes Design, mit abgerundeter Au\u00dfenecke und Panoramaglas. Mit Kopfst\u00fctze, Wasserh\u00e4hnen und ausziehbarer Handbrause.","breadcrumb":{"@id":"https:\/\/www.bagnoitalia.com\/de\/produkt\/whirlpool-bath-tub-170x80-cm-with-6-panoramic-glass-jets-and-fittings-included-vs130-2.html#breadcrumb"},"inLanguage":"de","potentialAction":[{"@type":"ReadAction","target":["https:\/\/www.bagnoitalia.com\/de\/produkt\/whirlpool-bath-tub-170x80-cm-with-6-panoramic-glass-jets-and-fittings-included-vs130-2.html"]}]},{"@type":"ImageObject","inLanguage":"de","@id":"https:\/\/www.bagnoitalia.com\/de\/produkt\/whirlpool-bath-tub-170x80-cm-with-6-panoramic-glass-jets-and-fittings-included-vs130-2.html#primaryimage","url":"https:\/\/img.bagnoitalia.com\/wp-content\/uploads\/virtuemart\/product\/whirlpool-tub-170x80-cm-glass-frontal-6-jet-1.jpg","contentUrl":"https:\/\/img.bagnoitalia.com\/wp-content\/uploads\/virtuemart\/product\/whirlpool-tub-170x80-cm-glass-frontal-6-jet-1.jpg","width":550,"height":550},{"@type":"BreadcrumbList","@id":"https:\/\/www.bagnoitalia.com\/de\/produkt\/whirlpool-bath-tub-170x80-cm-with-6-panoramic-glass-jets-and-fittings-included-vs130-2.html#breadcrumb","itemListElement":[{"@type":"ListItem","position":1,"name":"Home","item":"https:\/\/www.bagnoitalia.com\/de"},{"@type":"ListItem","position":2,"name":"Produkte","item":"https:\/\/www.bagnoitalia.com\/de\/shop"},{"@type":"ListItem","position":3,"name":"Whirlpool-Badewanne 170&#215;80 cm mit 6 Glas-Panoramad\u00fcsen und Armaturen VS130 inklusive"}]},{"@type":"WebSite","@id":"https:\/\/www.bagnoitalia.com\/de#website","url":"https:\/\/www.bagnoitalia.com\/de","name":"Bagno Italia","description":"","publisher":{"@id":"https:\/\/www.bagnoitalia.com\/de#organization"},"potentialAction":[{"@type":"SearchAction","target":{"@type":"EntryPoint","urlTemplate":"https:\/\/www.bagnoitalia.com\/de?s={search_term_string}"},"query-input":{"@type":"PropertyValueSpecification","valueRequired":true,"valueName":"search_term_string"}}],"inLanguage":"de"},{"@type":"Organization","@id":"https:\/\/www.bagnoitalia.com\/de#organization","name":"Bagno Italia","url":"https:\/\/www.bagnoitalia.com\/de","logo":{"@type":"ImageObject","inLanguage":"de","@id":"https:\/\/www.bagnoitalia.com\/de#\/schema\/logo\/image\/","url":"https:\/\/img.bagnoitalia.com\/wp-content\/uploads\/logo-bagnoitalia.webp","contentUrl":"https:\/\/img.bagnoitalia.com\/wp-content\/uploads\/logo-bagnoitalia.webp","width":400,"height":70,"caption":"Bagno Italia"},"image":{"@id":"https:\/\/www.bagnoitalia.com\/de#\/schema\/logo\/image\/"}}]}},"_links":{"self":[{"href":"https:\/\/www.bagnoitalia.com\/de\/wp-json\/wp\/v2\/product\/83234","targetHints":{"allow":["GET"]}}],"collection":[{"href":"https:\/\/www.bagnoitalia.com\/de\/wp-json\/wp\/v2\/product"}],"about":[{"href":"https:\/\/www.bagnoitalia.com\/de\/wp-json\/wp\/v2\/types\/product"}],"replies":[{"embeddable":true,"href":"https:\/\/www.bagnoitalia.com\/de\/wp-json\/wp\/v2\/comments?post=83234"}],"version-history":[{"count":0,"href":"https:\/\/www.bagnoitalia.com\/de\/wp-json\/wp\/v2\/product\/83234\/revisions"}],"wp:featuredmedia":[{"embeddable":true,"href":"https:\/\/www.bagnoitalia.com\/de\/wp-json\/wp\/v2\/media\/63157"}],"wp:attachment":[{"href":"https:\/\/www.bagnoitalia.com\/de\/wp-json\/wp\/v2\/media?parent=83234"}],"wp:term":[{"taxonomy":"product_brand","embeddable":true,"href":"https:\/\/www.bagnoitalia.com\/de\/wp-json\/wp\/v2\/product_brand?post=83234"},{"taxonomy":"product_cat","embeddable":true,"href":"https:\/\/www.bagnoitalia.com\/de\/wp-json\/wp\/v2\/product_cat?post=83234"},{"taxonomy":"product_tag","embeddable":true,"href":"https:\/\/www.bagnoitalia.com\/de\/wp-json\/wp\/v2\/product_tag?post=83234"}],"curies":[{"name":"wp","href":"https:\/\/api.w.org\/{rel}","templated":true}]}}