{"id":83210,"date":"2023-06-20T14:10:54","date_gmt":"2023-06-20T12:10:54","guid":{"rendered":"https:\/\/www.bagnoitalia.com\/product\/waterfall-basin-mixer-in-5-colours-with-high-or-low-neck-rb167-2"},"modified":"2024-05-24T12:07:51","modified_gmt":"2024-05-24T10:07:51","slug":"waterfall-basin-mixer-in-5-colours-with-high-or-low-neck-rb167-2","status":"publish","type":"product","link":"https:\/\/www.bagnoitalia.com\/de\/produkt\/waterfall-basin-mixer-in-5-colours-with-high-or-low-neck-rb167-2.html","title":{"rendered":"Wasserfall-Waschtischbatterie in 5 Farben mit hohem oder niedrigem Auslauf RB167"},"content":{"rendered":"<p style=\"text-align: center;\"><span style=\"text-decoration: underline; color: #ff0000; font-size: 18pt;\"><strong>WASSERFALL MISCHER RB167<br \/>\nin verschiedenen Gr\u00f6\u00dfen und Farben<br \/>\n<\/strong><\/span><\/p>\n<p>&nbsp;<\/p>\n<p><span style=\"text-decoration: underline;\"><strong>DETAILS ZUM PRODUKT<\/strong><\/span><\/p>\n<p>Moderne Armatur mit Kaskadenstrahl, f\u00fcr Waschbecken<\/p>\n<p>Hergestellt aus Messing, in den folgenden Ausf\u00fchrungen<\/p>\n<p>Wei\u00df mit hohem oder niedrigem Auslauf<br \/>\nGeb\u00fcrstet mit niedrigem Auslauf<br \/>\nSchwarz mit hohem oder tiefem Auslauf<br \/>\nChrom mit hohem oder tiefem Auslauf<br \/>\nGold mit hohem oder tiefem Hals<br \/>\n(ACHTUNG: die Armatur in geb\u00fcrsteter Ausf\u00fchrung ist nur mit niedrigem Hals erh\u00e4ltlich)<\/p>\n<p>Einlochbatterie<\/p>\n<p>Mischhebel<\/p>\n<p>Keramikventil<\/p>\n<p>n. 2 Schl\u00e4uche inklusive<\/p>\n<p>&nbsp;<\/p>\n<p>&nbsp;<\/p>\n<p>&nbsp;<\/p>\n","protected":false},"excerpt":{"rendered":"<p>Einloch-Einhebelmischer mit Kaskadenstrahl, in zwei Ausf\u00fchrungen: mit niedrigem Hals oder mit hohem Hals. Verf\u00fcgbare Farben: wei\u00df, gold, schwarz, geb\u00fcrstet, chrom.<\/p>\n","protected":false},"featured_media":62937,"comment_status":"open","ping_status":"closed","template":"","meta":[],"product_brand":[5004],"product_cat":[10052],"product_tag":[],"class_list":{"0":"post-83210","1":"product","2":"type-product","3":"status-publish","4":"has-post-thumbnail","6":"product_brand-vari-produttori","7":"product_cat-waschtisch-armaturen","9":"first","10":"instock","11":"sale","12":"taxable","13":"shipping-taxable","14":"purchasable","15":"product-type-simple"},"exclude_global_add_ons":false,"addons":[{"name":"Typ","type":"multiple_choice","position":0,"required":true,"title_format":"heading","default":"","description_enable":false,"description":"","placeholder_enable":false,"placeholder":"","display":"select","restrictions_type":"any_text","adjust_price":false,"price":"","price_type":"flat_fee","restrictions":false,"min":"0","max":"0","options":[{"label":"Tiefhals wei\u00df","price":"","price_type":"quantity_based","image":0,"visibility":true},{"label":"verchromter Basshals","price":"","price_type":"quantity_based","image":0,"visibility":true},{"label":"Halsband Bass gold","price":"","price_type":"quantity_based","image":0,"visibility":true},{"label":"Halsband Bass schwarz","price":"","price_type":"quantity_based","image":0,"visibility":true},{"label":"Halsband Bass geb\u00fcrstet","price":"","price_type":"quantity_based","image":0,"visibility":true},{"label":"Hals High wei\u00df","price":"10","price_type":"quantity_based","image":0,"visibility":true},{"label":"Halsband Hoch Chrom","price":"10","price_type":"quantity_based","image":0,"visibility":true},{"label":"Halsband Hoch gold","price":"10","price_type":"quantity_based","image":0,"visibility":true},{"label":"Halsband Hoch schwarz","price":"10","price_type":"quantity_based","image":0,"visibility":true}],"id":1716552471}],"yoast_head":"<!-- This site is optimized with the Yoast SEO plugin v26.7 - https:\/\/yoast.com\/wordpress\/plugins\/seo\/ -->\n<title>Wasserfall-Waschtischbatterie in 5 Farben mit hohem oder niedrigem Auslauf RB167<\/title>\n<meta name=\"description\" content=\"Einloch-Einhebelmischer mit Kaskadenstrahl, in zwei Ausf\u00fchrungen: mit niedrigem Hals oder mit hohem Hals. Verf\u00fcgbare Farben: wei\u00df, gold, schwarz, geb\u00fcrstet, chrom.\" \/>\n<meta name=\"robots\" content=\"index, follow, max-snippet:-1, max-image-preview:large, max-video-preview:-1\" \/>\n<link rel=\"canonical\" href=\"https:\/\/www.bagnoitalia.com\/de\/produkt\/waterfall-basin-mixer-in-5-colours-with-high-or-low-neck-rb167-2.html\" \/>\n<meta property=\"og:locale\" content=\"de_DE\" \/>\n<meta property=\"og:type\" content=\"article\" \/>\n<meta property=\"og:title\" content=\"Wasserfall-Waschtischbatterie in 5 Farben mit hohem oder niedrigem Auslauf RB167\" \/>\n<meta property=\"og:description\" content=\"Einloch-Einhebelmischer mit Kaskadenstrahl, in zwei Ausf\u00fchrungen: mit niedrigem Hals oder mit hohem Hals. Verf\u00fcgbare Farben: wei\u00df, gold, schwarz, geb\u00fcrstet, chrom.\" \/>\n<meta property=\"og:url\" content=\"https:\/\/www.bagnoitalia.com\/de\/produkt\/waterfall-basin-mixer-in-5-colours-with-high-or-low-neck-rb167-2.html\" \/>\n<meta property=\"og:site_name\" content=\"Bagno Italia\" \/>\n<meta property=\"article:modified_time\" content=\"2024-05-24T10:07:51+00:00\" \/>\n<meta property=\"og:image\" content=\"https:\/\/img.bagnoitalia.com\/wp-content\/uploads\/virtuemart\/product\/mixer-washbasin-basin-cascade-high-low-colours-1.jpg\" \/>\n\t<meta property=\"og:image:width\" content=\"550\" \/>\n\t<meta property=\"og:image:height\" content=\"550\" \/>\n\t<meta property=\"og:image:type\" content=\"image\/jpeg\" \/>\n<meta name=\"twitter:card\" content=\"summary_large_image\" \/>\n<meta name=\"twitter:label1\" content=\"Gesch\u00e4tzte Lesezeit\" \/>\n\t<meta name=\"twitter:data1\" content=\"1\u00a0Minute\" \/>\n<script type=\"application\/ld+json\" class=\"yoast-schema-graph\">{\"@context\":\"https:\/\/schema.org\",\"@graph\":[{\"@type\":\"WebPage\",\"@id\":\"https:\/\/www.bagnoitalia.com\/de\/produkt\/waterfall-basin-mixer-in-5-colours-with-high-or-low-neck-rb167-2.html\",\"url\":\"https:\/\/www.bagnoitalia.com\/de\/produkt\/waterfall-basin-mixer-in-5-colours-with-high-or-low-neck-rb167-2.html\",\"name\":\"Wasserfall-Waschtischbatterie in 5 Farben mit hohem oder niedrigem Auslauf RB167\",\"isPartOf\":{\"@id\":\"https:\/\/www.bagnoitalia.com\/de#website\"},\"primaryImageOfPage\":{\"@id\":\"https:\/\/www.bagnoitalia.com\/de\/produkt\/waterfall-basin-mixer-in-5-colours-with-high-or-low-neck-rb167-2.html#primaryimage\"},\"image\":{\"@id\":\"https:\/\/www.bagnoitalia.com\/de\/produkt\/waterfall-basin-mixer-in-5-colours-with-high-or-low-neck-rb167-2.html#primaryimage\"},\"thumbnailUrl\":\"https:\/\/img.bagnoitalia.com\/wp-content\/uploads\/virtuemart\/product\/mixer-washbasin-basin-cascade-high-low-colours-1.jpg\",\"datePublished\":\"2023-06-20T12:10:54+00:00\",\"dateModified\":\"2024-05-24T10:07:51+00:00\",\"description\":\"Einloch-Einhebelmischer mit Kaskadenstrahl, in zwei Ausf\u00fchrungen: mit niedrigem Hals oder mit hohem Hals. Verf\u00fcgbare Farben: wei\u00df, gold, schwarz, geb\u00fcrstet, chrom.\",\"breadcrumb\":{\"@id\":\"https:\/\/www.bagnoitalia.com\/de\/produkt\/waterfall-basin-mixer-in-5-colours-with-high-or-low-neck-rb167-2.html#breadcrumb\"},\"inLanguage\":\"de\",\"potentialAction\":[{\"@type\":\"ReadAction\",\"target\":[\"https:\/\/www.bagnoitalia.com\/de\/produkt\/waterfall-basin-mixer-in-5-colours-with-high-or-low-neck-rb167-2.html\"]}]},{\"@type\":\"ImageObject\",\"inLanguage\":\"de\",\"@id\":\"https:\/\/www.bagnoitalia.com\/de\/produkt\/waterfall-basin-mixer-in-5-colours-with-high-or-low-neck-rb167-2.html#primaryimage\",\"url\":\"https:\/\/img.bagnoitalia.com\/wp-content\/uploads\/virtuemart\/product\/mixer-washbasin-basin-cascade-high-low-colours-1.jpg\",\"contentUrl\":\"https:\/\/img.bagnoitalia.com\/wp-content\/uploads\/virtuemart\/product\/mixer-washbasin-basin-cascade-high-low-colours-1.jpg\",\"width\":550,\"height\":550},{\"@type\":\"BreadcrumbList\",\"@id\":\"https:\/\/www.bagnoitalia.com\/de\/produkt\/waterfall-basin-mixer-in-5-colours-with-high-or-low-neck-rb167-2.html#breadcrumb\",\"itemListElement\":[{\"@type\":\"ListItem\",\"position\":1,\"name\":\"Home\",\"item\":\"https:\/\/www.bagnoitalia.com\/de\"},{\"@type\":\"ListItem\",\"position\":2,\"name\":\"Produkte\",\"item\":\"https:\/\/www.bagnoitalia.com\/de\/shop\"},{\"@type\":\"ListItem\",\"position\":3,\"name\":\"Wasserfall-Waschtischbatterie in 5 Farben mit hohem oder niedrigem Auslauf RB167\"}]},{\"@type\":\"WebSite\",\"@id\":\"https:\/\/www.bagnoitalia.com\/de#website\",\"url\":\"https:\/\/www.bagnoitalia.com\/de\",\"name\":\"Bagno Italia\",\"description\":\"\",\"publisher\":{\"@id\":\"https:\/\/www.bagnoitalia.com\/de#organization\"},\"potentialAction\":[{\"@type\":\"SearchAction\",\"target\":{\"@type\":\"EntryPoint\",\"urlTemplate\":\"https:\/\/www.bagnoitalia.com\/de?s={search_term_string}\"},\"query-input\":{\"@type\":\"PropertyValueSpecification\",\"valueRequired\":true,\"valueName\":\"search_term_string\"}}],\"inLanguage\":\"de\"},{\"@type\":\"Organization\",\"@id\":\"https:\/\/www.bagnoitalia.com\/de#organization\",\"name\":\"Bagno Italia\",\"url\":\"https:\/\/www.bagnoitalia.com\/de\",\"logo\":{\"@type\":\"ImageObject\",\"inLanguage\":\"de\",\"@id\":\"https:\/\/www.bagnoitalia.com\/de#\/schema\/logo\/image\/\",\"url\":\"https:\/\/img.bagnoitalia.com\/wp-content\/uploads\/logo-bagnoitalia.webp\",\"contentUrl\":\"https:\/\/img.bagnoitalia.com\/wp-content\/uploads\/logo-bagnoitalia.webp\",\"width\":400,\"height\":70,\"caption\":\"Bagno Italia\"},\"image\":{\"@id\":\"https:\/\/www.bagnoitalia.com\/de#\/schema\/logo\/image\/\"}}]}<\/script>\n<!-- \/ Yoast SEO plugin. -->","yoast_head_json":{"title":"Wasserfall-Waschtischbatterie in 5 Farben mit hohem oder niedrigem Auslauf RB167","description":"Einloch-Einhebelmischer mit Kaskadenstrahl, in zwei Ausf\u00fchrungen: mit niedrigem Hals oder mit hohem Hals. Verf\u00fcgbare Farben: wei\u00df, gold, schwarz, geb\u00fcrstet, chrom.","robots":{"index":"index","follow":"follow","max-snippet":"max-snippet:-1","max-image-preview":"max-image-preview:large","max-video-preview":"max-video-preview:-1"},"canonical":"https:\/\/www.bagnoitalia.com\/de\/produkt\/waterfall-basin-mixer-in-5-colours-with-high-or-low-neck-rb167-2.html","og_locale":"de_DE","og_type":"article","og_title":"Wasserfall-Waschtischbatterie in 5 Farben mit hohem oder niedrigem Auslauf RB167","og_description":"Einloch-Einhebelmischer mit Kaskadenstrahl, in zwei Ausf\u00fchrungen: mit niedrigem Hals oder mit hohem Hals. Verf\u00fcgbare Farben: wei\u00df, gold, schwarz, geb\u00fcrstet, chrom.","og_url":"https:\/\/www.bagnoitalia.com\/de\/produkt\/waterfall-basin-mixer-in-5-colours-with-high-or-low-neck-rb167-2.html","og_site_name":"Bagno Italia","article_modified_time":"2024-05-24T10:07:51+00:00","og_image":[{"width":550,"height":550,"url":"https:\/\/img.bagnoitalia.com\/wp-content\/uploads\/virtuemart\/product\/mixer-washbasin-basin-cascade-high-low-colours-1.jpg","type":"image\/jpeg"}],"twitter_card":"summary_large_image","twitter_misc":{"Gesch\u00e4tzte Lesezeit":"1\u00a0Minute"},"schema":{"@context":"https:\/\/schema.org","@graph":[{"@type":"WebPage","@id":"https:\/\/www.bagnoitalia.com\/de\/produkt\/waterfall-basin-mixer-in-5-colours-with-high-or-low-neck-rb167-2.html","url":"https:\/\/www.bagnoitalia.com\/de\/produkt\/waterfall-basin-mixer-in-5-colours-with-high-or-low-neck-rb167-2.html","name":"Wasserfall-Waschtischbatterie in 5 Farben mit hohem oder niedrigem Auslauf RB167","isPartOf":{"@id":"https:\/\/www.bagnoitalia.com\/de#website"},"primaryImageOfPage":{"@id":"https:\/\/www.bagnoitalia.com\/de\/produkt\/waterfall-basin-mixer-in-5-colours-with-high-or-low-neck-rb167-2.html#primaryimage"},"image":{"@id":"https:\/\/www.bagnoitalia.com\/de\/produkt\/waterfall-basin-mixer-in-5-colours-with-high-or-low-neck-rb167-2.html#primaryimage"},"thumbnailUrl":"https:\/\/img.bagnoitalia.com\/wp-content\/uploads\/virtuemart\/product\/mixer-washbasin-basin-cascade-high-low-colours-1.jpg","datePublished":"2023-06-20T12:10:54+00:00","dateModified":"2024-05-24T10:07:51+00:00","description":"Einloch-Einhebelmischer mit Kaskadenstrahl, in zwei Ausf\u00fchrungen: mit niedrigem Hals oder mit hohem Hals. Verf\u00fcgbare Farben: wei\u00df, gold, schwarz, geb\u00fcrstet, chrom.","breadcrumb":{"@id":"https:\/\/www.bagnoitalia.com\/de\/produkt\/waterfall-basin-mixer-in-5-colours-with-high-or-low-neck-rb167-2.html#breadcrumb"},"inLanguage":"de","potentialAction":[{"@type":"ReadAction","target":["https:\/\/www.bagnoitalia.com\/de\/produkt\/waterfall-basin-mixer-in-5-colours-with-high-or-low-neck-rb167-2.html"]}]},{"@type":"ImageObject","inLanguage":"de","@id":"https:\/\/www.bagnoitalia.com\/de\/produkt\/waterfall-basin-mixer-in-5-colours-with-high-or-low-neck-rb167-2.html#primaryimage","url":"https:\/\/img.bagnoitalia.com\/wp-content\/uploads\/virtuemart\/product\/mixer-washbasin-basin-cascade-high-low-colours-1.jpg","contentUrl":"https:\/\/img.bagnoitalia.com\/wp-content\/uploads\/virtuemart\/product\/mixer-washbasin-basin-cascade-high-low-colours-1.jpg","width":550,"height":550},{"@type":"BreadcrumbList","@id":"https:\/\/www.bagnoitalia.com\/de\/produkt\/waterfall-basin-mixer-in-5-colours-with-high-or-low-neck-rb167-2.html#breadcrumb","itemListElement":[{"@type":"ListItem","position":1,"name":"Home","item":"https:\/\/www.bagnoitalia.com\/de"},{"@type":"ListItem","position":2,"name":"Produkte","item":"https:\/\/www.bagnoitalia.com\/de\/shop"},{"@type":"ListItem","position":3,"name":"Wasserfall-Waschtischbatterie in 5 Farben mit hohem oder niedrigem Auslauf RB167"}]},{"@type":"WebSite","@id":"https:\/\/www.bagnoitalia.com\/de#website","url":"https:\/\/www.bagnoitalia.com\/de","name":"Bagno Italia","description":"","publisher":{"@id":"https:\/\/www.bagnoitalia.com\/de#organization"},"potentialAction":[{"@type":"SearchAction","target":{"@type":"EntryPoint","urlTemplate":"https:\/\/www.bagnoitalia.com\/de?s={search_term_string}"},"query-input":{"@type":"PropertyValueSpecification","valueRequired":true,"valueName":"search_term_string"}}],"inLanguage":"de"},{"@type":"Organization","@id":"https:\/\/www.bagnoitalia.com\/de#organization","name":"Bagno Italia","url":"https:\/\/www.bagnoitalia.com\/de","logo":{"@type":"ImageObject","inLanguage":"de","@id":"https:\/\/www.bagnoitalia.com\/de#\/schema\/logo\/image\/","url":"https:\/\/img.bagnoitalia.com\/wp-content\/uploads\/logo-bagnoitalia.webp","contentUrl":"https:\/\/img.bagnoitalia.com\/wp-content\/uploads\/logo-bagnoitalia.webp","width":400,"height":70,"caption":"Bagno Italia"},"image":{"@id":"https:\/\/www.bagnoitalia.com\/de#\/schema\/logo\/image\/"}}]}},"_links":{"self":[{"href":"https:\/\/www.bagnoitalia.com\/de\/wp-json\/wp\/v2\/product\/83210","targetHints":{"allow":["GET"]}}],"collection":[{"href":"https:\/\/www.bagnoitalia.com\/de\/wp-json\/wp\/v2\/product"}],"about":[{"href":"https:\/\/www.bagnoitalia.com\/de\/wp-json\/wp\/v2\/types\/product"}],"replies":[{"embeddable":true,"href":"https:\/\/www.bagnoitalia.com\/de\/wp-json\/wp\/v2\/comments?post=83210"}],"version-history":[{"count":1,"href":"https:\/\/www.bagnoitalia.com\/de\/wp-json\/wp\/v2\/product\/83210\/revisions"}],"predecessor-version":[{"id":88065,"href":"https:\/\/www.bagnoitalia.com\/de\/wp-json\/wp\/v2\/product\/83210\/revisions\/88065"}],"wp:featuredmedia":[{"embeddable":true,"href":"https:\/\/www.bagnoitalia.com\/de\/wp-json\/wp\/v2\/media\/62937"}],"wp:attachment":[{"href":"https:\/\/www.bagnoitalia.com\/de\/wp-json\/wp\/v2\/media?parent=83210"}],"wp:term":[{"taxonomy":"product_brand","embeddable":true,"href":"https:\/\/www.bagnoitalia.com\/de\/wp-json\/wp\/v2\/product_brand?post=83210"},{"taxonomy":"product_cat","embeddable":true,"href":"https:\/\/www.bagnoitalia.com\/de\/wp-json\/wp\/v2\/product_cat?post=83210"},{"taxonomy":"product_tag","embeddable":true,"href":"https:\/\/www.bagnoitalia.com\/de\/wp-json\/wp\/v2\/product_tag?post=83210"}],"curies":[{"name":"wp","href":"https:\/\/api.w.org\/{rel}","templated":true}]}}