{"id":83134,"date":"2023-05-25T14:44:42","date_gmt":"2023-05-25T12:44:42","guid":{"rendered":"https:\/\/www.bagnoitalia.com\/product\/oval-freestanding-washbasin-37x36-cm-height-83-cm-gloss-white-ceramic-single-hole-lav83-2"},"modified":"2023-05-25T14:44:42","modified_gmt":"2023-05-25T12:44:42","slug":"oval-freestanding-washbasin-37x36-cm-height-83-cm-gloss-white-ceramic-single-hole-lav83-2","status":"publish","type":"product","link":"https:\/\/www.bagnoitalia.com\/de\/produkt\/oval-freestanding-washbasin-37x36-cm-height-83-cm-gloss-white-ceramic-single-hole-lav83-2.html","title":{"rendered":"Ovales freistehendes Waschbecken 37&#215;36 cm H\u00f6he 83 cm wei\u00df gl\u00e4nzend Keramik Einloch LAV83"},"content":{"rendered":"<p style=\"text-align: center;\"><span style=\"text-decoration: underline; color: #ff0000; font-size: 18pt;\"><strong>Platzsparender FREESTANDING-Waschtisch LAV83<\/strong><\/span><\/p>\n<p>&nbsp;<\/p>\n<p><span style=\"text-decoration: underline;\"><strong>PRODUKTSPEZIFIKATIONEN:<\/strong><\/span><\/p>\n<p>Platzsparender, ovaler, moderner Design-Waschtisch, 37,5xP36 cm (SPACE SAVING)<\/p>\n<p>Gesamth\u00f6he 83 cm<\/p>\n<p>Material des Produkts: Wei\u00dfe Keramik<\/p>\n<p>Polierte Oberfl\u00e4che<\/p>\n<p>Ausgestattet mit Hahnloch und \u00dcberlaufloch<\/p>\n<p>Ideal f\u00fcr die Installation in der Mitte des Raumes, FREISTEHEND<\/p>\n<p>&nbsp;<\/p>\n<p><span style=\"text-decoration: underline;\"><strong>ACHTUNG<\/strong><\/span>: Der Preis beinhaltet NICHT: den Mischer, den Abfluss und den Spiegel.<\/p>\n<p>&nbsp;<\/p>\n<p>&nbsp;<\/p>\n<p>&nbsp;<\/p>\n<p>&nbsp;<\/p>\n<p>&nbsp;<\/p>\n<p>&nbsp;<\/p>\n<p>&nbsp;<\/p>\n<p>&nbsp;<\/p>\n<p>&nbsp;<\/p>\n<p>&nbsp;<\/p>\n<p>&nbsp;<\/p>\n<p>&nbsp;<\/p>\n<p>FS3TB<\/p>\n","protected":false},"excerpt":{"rendered":"<p>Mittelwaschtisch, ideal f\u00fcr B\u00e4der mit wenig Platz dank seiner Tiefe von nur 36 cm. Mit Bohrung f\u00fcr Mischbatterie und \u00dcberlauf.<\/p>\n","protected":false},"featured_media":62241,"comment_status":"open","ping_status":"closed","template":"","meta":[],"product_brand":[5006],"product_cat":[9989],"product_tag":[],"class_list":{"0":"post-83134","1":"product","2":"type-product","3":"status-publish","4":"has-post-thumbnail","6":"product_brand-deghi","7":"product_cat-freistehende-spule","9":"first","10":"instock","11":"sale","12":"taxable","13":"shipping-taxable","14":"purchasable","15":"product-type-simple"},"exclude_global_add_ons":[],"addons":[],"yoast_head":"<!-- This site is optimized with the Yoast SEO plugin v26.7 - https:\/\/yoast.com\/wordpress\/plugins\/seo\/ -->\n<title>Ovales freistehendes Waschbecken 37x36 cm H\u00f6he 83 cm wei\u00df gl\u00e4nzend Keramik Einloch LAV83<\/title>\n<meta name=\"description\" content=\"Mittelwaschtisch, ideal f\u00fcr B\u00e4der mit wenig Platz dank seiner Tiefe von nur 36 cm. Mit Bohrung f\u00fcr Mischbatterie und \u00dcberlauf.\" \/>\n<meta name=\"robots\" content=\"index, follow, max-snippet:-1, max-image-preview:large, max-video-preview:-1\" \/>\n<link rel=\"canonical\" href=\"https:\/\/www.bagnoitalia.com\/de\/produkt\/oval-freestanding-washbasin-37x36-cm-height-83-cm-gloss-white-ceramic-single-hole-lav83-2.html\" \/>\n<meta property=\"og:locale\" content=\"de_DE\" \/>\n<meta property=\"og:type\" content=\"article\" \/>\n<meta property=\"og:title\" content=\"Ovales freistehendes Waschbecken 37x36 cm H\u00f6he 83 cm wei\u00df gl\u00e4nzend Keramik Einloch LAV83\" \/>\n<meta property=\"og:description\" content=\"Mittelwaschtisch, ideal f\u00fcr B\u00e4der mit wenig Platz dank seiner Tiefe von nur 36 cm. Mit Bohrung f\u00fcr Mischbatterie und \u00dcberlauf.\" \/>\n<meta property=\"og:url\" content=\"https:\/\/www.bagnoitalia.com\/de\/produkt\/oval-freestanding-washbasin-37x36-cm-height-83-cm-gloss-white-ceramic-single-hole-lav83-2.html\" \/>\n<meta property=\"og:site_name\" content=\"Bagno Italia\" \/>\n<meta property=\"og:image\" content=\"https:\/\/img.bagnoitalia.com\/wp-content\/uploads\/virtuemart\/product\/washbasin-oval-freestanding-white-sink-details-1.jpg\" \/>\n\t<meta property=\"og:image:width\" content=\"550\" \/>\n\t<meta property=\"og:image:height\" content=\"550\" \/>\n\t<meta property=\"og:image:type\" content=\"image\/jpeg\" \/>\n<meta name=\"twitter:card\" content=\"summary_large_image\" \/>\n<script type=\"application\/ld+json\" class=\"yoast-schema-graph\">{\"@context\":\"https:\/\/schema.org\",\"@graph\":[{\"@type\":\"WebPage\",\"@id\":\"https:\/\/www.bagnoitalia.com\/de\/produkt\/oval-freestanding-washbasin-37x36-cm-height-83-cm-gloss-white-ceramic-single-hole-lav83-2.html\",\"url\":\"https:\/\/www.bagnoitalia.com\/de\/produkt\/oval-freestanding-washbasin-37x36-cm-height-83-cm-gloss-white-ceramic-single-hole-lav83-2.html\",\"name\":\"Ovales freistehendes Waschbecken 37x36 cm H\u00f6he 83 cm wei\u00df gl\u00e4nzend Keramik Einloch LAV83\",\"isPartOf\":{\"@id\":\"https:\/\/www.bagnoitalia.com\/de#website\"},\"primaryImageOfPage\":{\"@id\":\"https:\/\/www.bagnoitalia.com\/de\/produkt\/oval-freestanding-washbasin-37x36-cm-height-83-cm-gloss-white-ceramic-single-hole-lav83-2.html#primaryimage\"},\"image\":{\"@id\":\"https:\/\/www.bagnoitalia.com\/de\/produkt\/oval-freestanding-washbasin-37x36-cm-height-83-cm-gloss-white-ceramic-single-hole-lav83-2.html#primaryimage\"},\"thumbnailUrl\":\"https:\/\/img.bagnoitalia.com\/wp-content\/uploads\/virtuemart\/product\/washbasin-oval-freestanding-white-sink-details-1.jpg\",\"datePublished\":\"2023-05-25T12:44:42+00:00\",\"description\":\"Mittelwaschtisch, ideal f\u00fcr B\u00e4der mit wenig Platz dank seiner Tiefe von nur 36 cm. Mit Bohrung f\u00fcr Mischbatterie und \u00dcberlauf.\",\"breadcrumb\":{\"@id\":\"https:\/\/www.bagnoitalia.com\/de\/produkt\/oval-freestanding-washbasin-37x36-cm-height-83-cm-gloss-white-ceramic-single-hole-lav83-2.html#breadcrumb\"},\"inLanguage\":\"de\",\"potentialAction\":[{\"@type\":\"ReadAction\",\"target\":[\"https:\/\/www.bagnoitalia.com\/de\/produkt\/oval-freestanding-washbasin-37x36-cm-height-83-cm-gloss-white-ceramic-single-hole-lav83-2.html\"]}]},{\"@type\":\"ImageObject\",\"inLanguage\":\"de\",\"@id\":\"https:\/\/www.bagnoitalia.com\/de\/produkt\/oval-freestanding-washbasin-37x36-cm-height-83-cm-gloss-white-ceramic-single-hole-lav83-2.html#primaryimage\",\"url\":\"https:\/\/img.bagnoitalia.com\/wp-content\/uploads\/virtuemart\/product\/washbasin-oval-freestanding-white-sink-details-1.jpg\",\"contentUrl\":\"https:\/\/img.bagnoitalia.com\/wp-content\/uploads\/virtuemart\/product\/washbasin-oval-freestanding-white-sink-details-1.jpg\",\"width\":550,\"height\":550},{\"@type\":\"BreadcrumbList\",\"@id\":\"https:\/\/www.bagnoitalia.com\/de\/produkt\/oval-freestanding-washbasin-37x36-cm-height-83-cm-gloss-white-ceramic-single-hole-lav83-2.html#breadcrumb\",\"itemListElement\":[{\"@type\":\"ListItem\",\"position\":1,\"name\":\"Home\",\"item\":\"https:\/\/www.bagnoitalia.com\/de\"},{\"@type\":\"ListItem\",\"position\":2,\"name\":\"Produkte\",\"item\":\"https:\/\/www.bagnoitalia.com\/de\/shop\"},{\"@type\":\"ListItem\",\"position\":3,\"name\":\"Ovales freistehendes Waschbecken 37&#215;36 cm H\u00f6he 83 cm wei\u00df gl\u00e4nzend Keramik Einloch LAV83\"}]},{\"@type\":\"WebSite\",\"@id\":\"https:\/\/www.bagnoitalia.com\/de#website\",\"url\":\"https:\/\/www.bagnoitalia.com\/de\",\"name\":\"Bagno Italia\",\"description\":\"\",\"publisher\":{\"@id\":\"https:\/\/www.bagnoitalia.com\/de#organization\"},\"potentialAction\":[{\"@type\":\"SearchAction\",\"target\":{\"@type\":\"EntryPoint\",\"urlTemplate\":\"https:\/\/www.bagnoitalia.com\/de?s={search_term_string}\"},\"query-input\":{\"@type\":\"PropertyValueSpecification\",\"valueRequired\":true,\"valueName\":\"search_term_string\"}}],\"inLanguage\":\"de\"},{\"@type\":\"Organization\",\"@id\":\"https:\/\/www.bagnoitalia.com\/de#organization\",\"name\":\"Bagno Italia\",\"url\":\"https:\/\/www.bagnoitalia.com\/de\",\"logo\":{\"@type\":\"ImageObject\",\"inLanguage\":\"de\",\"@id\":\"https:\/\/www.bagnoitalia.com\/de#\/schema\/logo\/image\/\",\"url\":\"https:\/\/img.bagnoitalia.com\/wp-content\/uploads\/logo-bagnoitalia.webp\",\"contentUrl\":\"https:\/\/img.bagnoitalia.com\/wp-content\/uploads\/logo-bagnoitalia.webp\",\"width\":400,\"height\":70,\"caption\":\"Bagno Italia\"},\"image\":{\"@id\":\"https:\/\/www.bagnoitalia.com\/de#\/schema\/logo\/image\/\"}}]}<\/script>\n<!-- \/ Yoast SEO plugin. -->","yoast_head_json":{"title":"Ovales freistehendes Waschbecken 37x36 cm H\u00f6he 83 cm wei\u00df gl\u00e4nzend Keramik Einloch LAV83","description":"Mittelwaschtisch, ideal f\u00fcr B\u00e4der mit wenig Platz dank seiner Tiefe von nur 36 cm. Mit Bohrung f\u00fcr Mischbatterie und \u00dcberlauf.","robots":{"index":"index","follow":"follow","max-snippet":"max-snippet:-1","max-image-preview":"max-image-preview:large","max-video-preview":"max-video-preview:-1"},"canonical":"https:\/\/www.bagnoitalia.com\/de\/produkt\/oval-freestanding-washbasin-37x36-cm-height-83-cm-gloss-white-ceramic-single-hole-lav83-2.html","og_locale":"de_DE","og_type":"article","og_title":"Ovales freistehendes Waschbecken 37x36 cm H\u00f6he 83 cm wei\u00df gl\u00e4nzend Keramik Einloch LAV83","og_description":"Mittelwaschtisch, ideal f\u00fcr B\u00e4der mit wenig Platz dank seiner Tiefe von nur 36 cm. Mit Bohrung f\u00fcr Mischbatterie und \u00dcberlauf.","og_url":"https:\/\/www.bagnoitalia.com\/de\/produkt\/oval-freestanding-washbasin-37x36-cm-height-83-cm-gloss-white-ceramic-single-hole-lav83-2.html","og_site_name":"Bagno Italia","og_image":[{"width":550,"height":550,"url":"https:\/\/img.bagnoitalia.com\/wp-content\/uploads\/virtuemart\/product\/washbasin-oval-freestanding-white-sink-details-1.jpg","type":"image\/jpeg"}],"twitter_card":"summary_large_image","schema":{"@context":"https:\/\/schema.org","@graph":[{"@type":"WebPage","@id":"https:\/\/www.bagnoitalia.com\/de\/produkt\/oval-freestanding-washbasin-37x36-cm-height-83-cm-gloss-white-ceramic-single-hole-lav83-2.html","url":"https:\/\/www.bagnoitalia.com\/de\/produkt\/oval-freestanding-washbasin-37x36-cm-height-83-cm-gloss-white-ceramic-single-hole-lav83-2.html","name":"Ovales freistehendes Waschbecken 37x36 cm H\u00f6he 83 cm wei\u00df gl\u00e4nzend Keramik Einloch LAV83","isPartOf":{"@id":"https:\/\/www.bagnoitalia.com\/de#website"},"primaryImageOfPage":{"@id":"https:\/\/www.bagnoitalia.com\/de\/produkt\/oval-freestanding-washbasin-37x36-cm-height-83-cm-gloss-white-ceramic-single-hole-lav83-2.html#primaryimage"},"image":{"@id":"https:\/\/www.bagnoitalia.com\/de\/produkt\/oval-freestanding-washbasin-37x36-cm-height-83-cm-gloss-white-ceramic-single-hole-lav83-2.html#primaryimage"},"thumbnailUrl":"https:\/\/img.bagnoitalia.com\/wp-content\/uploads\/virtuemart\/product\/washbasin-oval-freestanding-white-sink-details-1.jpg","datePublished":"2023-05-25T12:44:42+00:00","description":"Mittelwaschtisch, ideal f\u00fcr B\u00e4der mit wenig Platz dank seiner Tiefe von nur 36 cm. Mit Bohrung f\u00fcr Mischbatterie und \u00dcberlauf.","breadcrumb":{"@id":"https:\/\/www.bagnoitalia.com\/de\/produkt\/oval-freestanding-washbasin-37x36-cm-height-83-cm-gloss-white-ceramic-single-hole-lav83-2.html#breadcrumb"},"inLanguage":"de","potentialAction":[{"@type":"ReadAction","target":["https:\/\/www.bagnoitalia.com\/de\/produkt\/oval-freestanding-washbasin-37x36-cm-height-83-cm-gloss-white-ceramic-single-hole-lav83-2.html"]}]},{"@type":"ImageObject","inLanguage":"de","@id":"https:\/\/www.bagnoitalia.com\/de\/produkt\/oval-freestanding-washbasin-37x36-cm-height-83-cm-gloss-white-ceramic-single-hole-lav83-2.html#primaryimage","url":"https:\/\/img.bagnoitalia.com\/wp-content\/uploads\/virtuemart\/product\/washbasin-oval-freestanding-white-sink-details-1.jpg","contentUrl":"https:\/\/img.bagnoitalia.com\/wp-content\/uploads\/virtuemart\/product\/washbasin-oval-freestanding-white-sink-details-1.jpg","width":550,"height":550},{"@type":"BreadcrumbList","@id":"https:\/\/www.bagnoitalia.com\/de\/produkt\/oval-freestanding-washbasin-37x36-cm-height-83-cm-gloss-white-ceramic-single-hole-lav83-2.html#breadcrumb","itemListElement":[{"@type":"ListItem","position":1,"name":"Home","item":"https:\/\/www.bagnoitalia.com\/de"},{"@type":"ListItem","position":2,"name":"Produkte","item":"https:\/\/www.bagnoitalia.com\/de\/shop"},{"@type":"ListItem","position":3,"name":"Ovales freistehendes Waschbecken 37&#215;36 cm H\u00f6he 83 cm wei\u00df gl\u00e4nzend Keramik Einloch LAV83"}]},{"@type":"WebSite","@id":"https:\/\/www.bagnoitalia.com\/de#website","url":"https:\/\/www.bagnoitalia.com\/de","name":"Bagno Italia","description":"","publisher":{"@id":"https:\/\/www.bagnoitalia.com\/de#organization"},"potentialAction":[{"@type":"SearchAction","target":{"@type":"EntryPoint","urlTemplate":"https:\/\/www.bagnoitalia.com\/de?s={search_term_string}"},"query-input":{"@type":"PropertyValueSpecification","valueRequired":true,"valueName":"search_term_string"}}],"inLanguage":"de"},{"@type":"Organization","@id":"https:\/\/www.bagnoitalia.com\/de#organization","name":"Bagno Italia","url":"https:\/\/www.bagnoitalia.com\/de","logo":{"@type":"ImageObject","inLanguage":"de","@id":"https:\/\/www.bagnoitalia.com\/de#\/schema\/logo\/image\/","url":"https:\/\/img.bagnoitalia.com\/wp-content\/uploads\/logo-bagnoitalia.webp","contentUrl":"https:\/\/img.bagnoitalia.com\/wp-content\/uploads\/logo-bagnoitalia.webp","width":400,"height":70,"caption":"Bagno Italia"},"image":{"@id":"https:\/\/www.bagnoitalia.com\/de#\/schema\/logo\/image\/"}}]}},"_links":{"self":[{"href":"https:\/\/www.bagnoitalia.com\/de\/wp-json\/wp\/v2\/product\/83134","targetHints":{"allow":["GET"]}}],"collection":[{"href":"https:\/\/www.bagnoitalia.com\/de\/wp-json\/wp\/v2\/product"}],"about":[{"href":"https:\/\/www.bagnoitalia.com\/de\/wp-json\/wp\/v2\/types\/product"}],"replies":[{"embeddable":true,"href":"https:\/\/www.bagnoitalia.com\/de\/wp-json\/wp\/v2\/comments?post=83134"}],"version-history":[{"count":0,"href":"https:\/\/www.bagnoitalia.com\/de\/wp-json\/wp\/v2\/product\/83134\/revisions"}],"wp:featuredmedia":[{"embeddable":true,"href":"https:\/\/www.bagnoitalia.com\/de\/wp-json\/wp\/v2\/media\/62241"}],"wp:attachment":[{"href":"https:\/\/www.bagnoitalia.com\/de\/wp-json\/wp\/v2\/media?parent=83134"}],"wp:term":[{"taxonomy":"product_brand","embeddable":true,"href":"https:\/\/www.bagnoitalia.com\/de\/wp-json\/wp\/v2\/product_brand?post=83134"},{"taxonomy":"product_cat","embeddable":true,"href":"https:\/\/www.bagnoitalia.com\/de\/wp-json\/wp\/v2\/product_cat?post=83134"},{"taxonomy":"product_tag","embeddable":true,"href":"https:\/\/www.bagnoitalia.com\/de\/wp-json\/wp\/v2\/product_tag?post=83134"}],"curies":[{"name":"wp","href":"https:\/\/api.w.org\/{rel}","templated":true}]}}