{"id":83114,"date":"2023-05-24T15:48:21","date_gmt":"2023-05-24T13:48:21","guid":{"rendered":"https:\/\/www.bagnoitalia.com\/product\/58xh85-cm-white-ceramic-freestanding-washbasin-with-mixer-tap-hole-and-overflow-lav78-2"},"modified":"2023-05-24T15:48:21","modified_gmt":"2023-05-24T13:48:21","slug":"58xh85-cm-white-ceramic-freestanding-washbasin-with-mixer-tap-hole-and-overflow-lav78-2","status":"publish","type":"product","link":"https:\/\/www.bagnoitalia.com\/de\/produkt\/58xh85-cm-white-ceramic-freestanding-washbasin-with-mixer-tap-hole-and-overflow-lav78-2.html","title":{"rendered":"58xH85 cm Freistehender Waschtisch aus wei\u00dfer Keramik mit Mischbatterieloch und \u00dcberlauf LAV78"},"content":{"rendered":"<p style=\"text-align: center;\"><span style=\"text-decoration: underline; color: #ff0000; font-size: 14pt;\"><strong>&nbsp;FREISTEHENDES RECHTECKIGES WASCHBECKEN LAV78<\/strong><\/span><\/p>\n<p>&nbsp;<\/p>\n<p><span style=\"text-decoration: underline;\"><strong>PRODUKTABMESSUNGEN<\/strong><\/span>:<\/p>\n<p>Au\u00dfenma\u00dfe: 58xT42xH85,5 cm<\/p>\n<p>Innenma\u00dfe (Waschbecken): 54&#215;28 cm<\/p>\n<p>&nbsp;<\/p>\n<p><span style=\"text-decoration: underline;\"><strong>PRODUKTMERKMALE<\/strong><\/span>:<\/p>\n<p>Rechteckiges Waschbecken<\/p>\n<p>Hergestellt aus Keramik<\/p>\n<p>Wei\u00dfe Farbe<\/p>\n<p>Mit Loch f\u00fcr Mischbatterie<\/p>\n<p>Mit \u00dcberlaufloch<\/p>\n<p>Freistehende Installation<\/p>\n<p>&nbsp;<\/p>\n<p><span style=\"text-decoration: underline;\"><strong>ACHTUNG<\/strong><\/span>: Spiegel, Mischer und Ablaufgarnitur NICHT im Preis enthalten<\/p>\n<p>&nbsp;<\/p>\n<p>&nbsp;<\/p>\n<p>&nbsp;<\/p>\n<p>&nbsp;<\/p>\n<p>&nbsp;<\/p>\n<p>&nbsp;<\/p>\n<p>&nbsp;<\/p>\n<p>&nbsp;<\/p>\n<p>&nbsp;<\/p>\n<p>&nbsp;<\/p>\n<p>&nbsp;<\/p>\n<p>ELY-58B<\/p>\n","protected":false},"excerpt":{"rendered":"<p>Sp\u00fclbecken aus wei\u00dfer Keramik, freistehend, mit Hahnloch und \u00dcberlaufloch.<\/p>\n","protected":false},"featured_media":62145,"comment_status":"open","ping_status":"closed","template":"","meta":[],"product_brand":[5006],"product_cat":[9989],"product_tag":[],"class_list":{"0":"post-83114","1":"product","2":"type-product","3":"status-publish","4":"has-post-thumbnail","6":"product_brand-deghi","7":"product_cat-freistehende-spule","9":"first","10":"instock","11":"sale","12":"taxable","13":"shipping-taxable","14":"purchasable","15":"product-type-simple"},"exclude_global_add_ons":[],"addons":[],"yoast_head":"<!-- This site is optimized with the Yoast SEO plugin v26.7 - https:\/\/yoast.com\/wordpress\/plugins\/seo\/ -->\n<title>58xH85 cm Freistehender Waschtisch aus wei\u00dfer Keramik mit Mischbatterieloch und \u00dcberlauf LAV78<\/title>\n<meta name=\"description\" content=\"Sp\u00fclbecken aus wei\u00dfer Keramik, freistehend, mit Hahnloch und \u00dcberlaufloch.\" \/>\n<meta name=\"robots\" content=\"index, follow, max-snippet:-1, max-image-preview:large, max-video-preview:-1\" \/>\n<link rel=\"canonical\" href=\"https:\/\/www.bagnoitalia.com\/de\/produkt\/58xh85-cm-white-ceramic-freestanding-washbasin-with-mixer-tap-hole-and-overflow-lav78-2.html\" \/>\n<meta property=\"og:locale\" content=\"de_DE\" \/>\n<meta property=\"og:type\" content=\"article\" \/>\n<meta property=\"og:title\" content=\"58xH85 cm Freistehender Waschtisch aus wei\u00dfer Keramik mit Mischbatterieloch und \u00dcberlauf LAV78\" \/>\n<meta property=\"og:description\" content=\"Sp\u00fclbecken aus wei\u00dfer Keramik, freistehend, mit Hahnloch und \u00dcberlaufloch.\" \/>\n<meta property=\"og:url\" content=\"https:\/\/www.bagnoitalia.com\/de\/produkt\/58xh85-cm-white-ceramic-freestanding-washbasin-with-mixer-tap-hole-and-overflow-lav78-2.html\" \/>\n<meta property=\"og:site_name\" content=\"Bagno Italia\" \/>\n<meta property=\"og:image\" content=\"https:\/\/img.bagnoitalia.com\/wp-content\/uploads\/virtuemart\/product\/washbasin-freestanding-58x85-cm-ceramic-white-1.jpg\" \/>\n\t<meta property=\"og:image:width\" content=\"550\" \/>\n\t<meta property=\"og:image:height\" content=\"550\" \/>\n\t<meta property=\"og:image:type\" content=\"image\/jpeg\" \/>\n<meta name=\"twitter:card\" content=\"summary_large_image\" \/>\n<script type=\"application\/ld+json\" class=\"yoast-schema-graph\">{\"@context\":\"https:\/\/schema.org\",\"@graph\":[{\"@type\":\"WebPage\",\"@id\":\"https:\/\/www.bagnoitalia.com\/de\/produkt\/58xh85-cm-white-ceramic-freestanding-washbasin-with-mixer-tap-hole-and-overflow-lav78-2.html\",\"url\":\"https:\/\/www.bagnoitalia.com\/de\/produkt\/58xh85-cm-white-ceramic-freestanding-washbasin-with-mixer-tap-hole-and-overflow-lav78-2.html\",\"name\":\"58xH85 cm Freistehender Waschtisch aus wei\u00dfer Keramik mit Mischbatterieloch und \u00dcberlauf LAV78\",\"isPartOf\":{\"@id\":\"https:\/\/www.bagnoitalia.com\/de#website\"},\"primaryImageOfPage\":{\"@id\":\"https:\/\/www.bagnoitalia.com\/de\/produkt\/58xh85-cm-white-ceramic-freestanding-washbasin-with-mixer-tap-hole-and-overflow-lav78-2.html#primaryimage\"},\"image\":{\"@id\":\"https:\/\/www.bagnoitalia.com\/de\/produkt\/58xh85-cm-white-ceramic-freestanding-washbasin-with-mixer-tap-hole-and-overflow-lav78-2.html#primaryimage\"},\"thumbnailUrl\":\"https:\/\/img.bagnoitalia.com\/wp-content\/uploads\/virtuemart\/product\/washbasin-freestanding-58x85-cm-ceramic-white-1.jpg\",\"datePublished\":\"2023-05-24T13:48:21+00:00\",\"description\":\"Sp\u00fclbecken aus wei\u00dfer Keramik, freistehend, mit Hahnloch und \u00dcberlaufloch.\",\"breadcrumb\":{\"@id\":\"https:\/\/www.bagnoitalia.com\/de\/produkt\/58xh85-cm-white-ceramic-freestanding-washbasin-with-mixer-tap-hole-and-overflow-lav78-2.html#breadcrumb\"},\"inLanguage\":\"de\",\"potentialAction\":[{\"@type\":\"ReadAction\",\"target\":[\"https:\/\/www.bagnoitalia.com\/de\/produkt\/58xh85-cm-white-ceramic-freestanding-washbasin-with-mixer-tap-hole-and-overflow-lav78-2.html\"]}]},{\"@type\":\"ImageObject\",\"inLanguage\":\"de\",\"@id\":\"https:\/\/www.bagnoitalia.com\/de\/produkt\/58xh85-cm-white-ceramic-freestanding-washbasin-with-mixer-tap-hole-and-overflow-lav78-2.html#primaryimage\",\"url\":\"https:\/\/img.bagnoitalia.com\/wp-content\/uploads\/virtuemart\/product\/washbasin-freestanding-58x85-cm-ceramic-white-1.jpg\",\"contentUrl\":\"https:\/\/img.bagnoitalia.com\/wp-content\/uploads\/virtuemart\/product\/washbasin-freestanding-58x85-cm-ceramic-white-1.jpg\",\"width\":550,\"height\":550},{\"@type\":\"BreadcrumbList\",\"@id\":\"https:\/\/www.bagnoitalia.com\/de\/produkt\/58xh85-cm-white-ceramic-freestanding-washbasin-with-mixer-tap-hole-and-overflow-lav78-2.html#breadcrumb\",\"itemListElement\":[{\"@type\":\"ListItem\",\"position\":1,\"name\":\"Home\",\"item\":\"https:\/\/www.bagnoitalia.com\/de\"},{\"@type\":\"ListItem\",\"position\":2,\"name\":\"Produkte\",\"item\":\"https:\/\/www.bagnoitalia.com\/de\/shop\"},{\"@type\":\"ListItem\",\"position\":3,\"name\":\"58xH85 cm Freistehender Waschtisch aus wei\u00dfer Keramik mit Mischbatterieloch und \u00dcberlauf LAV78\"}]},{\"@type\":\"WebSite\",\"@id\":\"https:\/\/www.bagnoitalia.com\/de#website\",\"url\":\"https:\/\/www.bagnoitalia.com\/de\",\"name\":\"Bagno Italia\",\"description\":\"\",\"publisher\":{\"@id\":\"https:\/\/www.bagnoitalia.com\/de#organization\"},\"potentialAction\":[{\"@type\":\"SearchAction\",\"target\":{\"@type\":\"EntryPoint\",\"urlTemplate\":\"https:\/\/www.bagnoitalia.com\/de?s={search_term_string}\"},\"query-input\":{\"@type\":\"PropertyValueSpecification\",\"valueRequired\":true,\"valueName\":\"search_term_string\"}}],\"inLanguage\":\"de\"},{\"@type\":\"Organization\",\"@id\":\"https:\/\/www.bagnoitalia.com\/de#organization\",\"name\":\"Bagno Italia\",\"url\":\"https:\/\/www.bagnoitalia.com\/de\",\"logo\":{\"@type\":\"ImageObject\",\"inLanguage\":\"de\",\"@id\":\"https:\/\/www.bagnoitalia.com\/de#\/schema\/logo\/image\/\",\"url\":\"https:\/\/img.bagnoitalia.com\/wp-content\/uploads\/logo-bagnoitalia.webp\",\"contentUrl\":\"https:\/\/img.bagnoitalia.com\/wp-content\/uploads\/logo-bagnoitalia.webp\",\"width\":400,\"height\":70,\"caption\":\"Bagno Italia\"},\"image\":{\"@id\":\"https:\/\/www.bagnoitalia.com\/de#\/schema\/logo\/image\/\"}}]}<\/script>\n<!-- \/ Yoast SEO plugin. -->","yoast_head_json":{"title":"58xH85 cm Freistehender Waschtisch aus wei\u00dfer Keramik mit Mischbatterieloch und \u00dcberlauf LAV78","description":"Sp\u00fclbecken aus wei\u00dfer Keramik, freistehend, mit Hahnloch und \u00dcberlaufloch.","robots":{"index":"index","follow":"follow","max-snippet":"max-snippet:-1","max-image-preview":"max-image-preview:large","max-video-preview":"max-video-preview:-1"},"canonical":"https:\/\/www.bagnoitalia.com\/de\/produkt\/58xh85-cm-white-ceramic-freestanding-washbasin-with-mixer-tap-hole-and-overflow-lav78-2.html","og_locale":"de_DE","og_type":"article","og_title":"58xH85 cm Freistehender Waschtisch aus wei\u00dfer Keramik mit Mischbatterieloch und \u00dcberlauf LAV78","og_description":"Sp\u00fclbecken aus wei\u00dfer Keramik, freistehend, mit Hahnloch und \u00dcberlaufloch.","og_url":"https:\/\/www.bagnoitalia.com\/de\/produkt\/58xh85-cm-white-ceramic-freestanding-washbasin-with-mixer-tap-hole-and-overflow-lav78-2.html","og_site_name":"Bagno Italia","og_image":[{"width":550,"height":550,"url":"https:\/\/img.bagnoitalia.com\/wp-content\/uploads\/virtuemart\/product\/washbasin-freestanding-58x85-cm-ceramic-white-1.jpg","type":"image\/jpeg"}],"twitter_card":"summary_large_image","schema":{"@context":"https:\/\/schema.org","@graph":[{"@type":"WebPage","@id":"https:\/\/www.bagnoitalia.com\/de\/produkt\/58xh85-cm-white-ceramic-freestanding-washbasin-with-mixer-tap-hole-and-overflow-lav78-2.html","url":"https:\/\/www.bagnoitalia.com\/de\/produkt\/58xh85-cm-white-ceramic-freestanding-washbasin-with-mixer-tap-hole-and-overflow-lav78-2.html","name":"58xH85 cm Freistehender Waschtisch aus wei\u00dfer Keramik mit Mischbatterieloch und \u00dcberlauf LAV78","isPartOf":{"@id":"https:\/\/www.bagnoitalia.com\/de#website"},"primaryImageOfPage":{"@id":"https:\/\/www.bagnoitalia.com\/de\/produkt\/58xh85-cm-white-ceramic-freestanding-washbasin-with-mixer-tap-hole-and-overflow-lav78-2.html#primaryimage"},"image":{"@id":"https:\/\/www.bagnoitalia.com\/de\/produkt\/58xh85-cm-white-ceramic-freestanding-washbasin-with-mixer-tap-hole-and-overflow-lav78-2.html#primaryimage"},"thumbnailUrl":"https:\/\/img.bagnoitalia.com\/wp-content\/uploads\/virtuemart\/product\/washbasin-freestanding-58x85-cm-ceramic-white-1.jpg","datePublished":"2023-05-24T13:48:21+00:00","description":"Sp\u00fclbecken aus wei\u00dfer Keramik, freistehend, mit Hahnloch und \u00dcberlaufloch.","breadcrumb":{"@id":"https:\/\/www.bagnoitalia.com\/de\/produkt\/58xh85-cm-white-ceramic-freestanding-washbasin-with-mixer-tap-hole-and-overflow-lav78-2.html#breadcrumb"},"inLanguage":"de","potentialAction":[{"@type":"ReadAction","target":["https:\/\/www.bagnoitalia.com\/de\/produkt\/58xh85-cm-white-ceramic-freestanding-washbasin-with-mixer-tap-hole-and-overflow-lav78-2.html"]}]},{"@type":"ImageObject","inLanguage":"de","@id":"https:\/\/www.bagnoitalia.com\/de\/produkt\/58xh85-cm-white-ceramic-freestanding-washbasin-with-mixer-tap-hole-and-overflow-lav78-2.html#primaryimage","url":"https:\/\/img.bagnoitalia.com\/wp-content\/uploads\/virtuemart\/product\/washbasin-freestanding-58x85-cm-ceramic-white-1.jpg","contentUrl":"https:\/\/img.bagnoitalia.com\/wp-content\/uploads\/virtuemart\/product\/washbasin-freestanding-58x85-cm-ceramic-white-1.jpg","width":550,"height":550},{"@type":"BreadcrumbList","@id":"https:\/\/www.bagnoitalia.com\/de\/produkt\/58xh85-cm-white-ceramic-freestanding-washbasin-with-mixer-tap-hole-and-overflow-lav78-2.html#breadcrumb","itemListElement":[{"@type":"ListItem","position":1,"name":"Home","item":"https:\/\/www.bagnoitalia.com\/de"},{"@type":"ListItem","position":2,"name":"Produkte","item":"https:\/\/www.bagnoitalia.com\/de\/shop"},{"@type":"ListItem","position":3,"name":"58xH85 cm Freistehender Waschtisch aus wei\u00dfer Keramik mit Mischbatterieloch und \u00dcberlauf LAV78"}]},{"@type":"WebSite","@id":"https:\/\/www.bagnoitalia.com\/de#website","url":"https:\/\/www.bagnoitalia.com\/de","name":"Bagno Italia","description":"","publisher":{"@id":"https:\/\/www.bagnoitalia.com\/de#organization"},"potentialAction":[{"@type":"SearchAction","target":{"@type":"EntryPoint","urlTemplate":"https:\/\/www.bagnoitalia.com\/de?s={search_term_string}"},"query-input":{"@type":"PropertyValueSpecification","valueRequired":true,"valueName":"search_term_string"}}],"inLanguage":"de"},{"@type":"Organization","@id":"https:\/\/www.bagnoitalia.com\/de#organization","name":"Bagno Italia","url":"https:\/\/www.bagnoitalia.com\/de","logo":{"@type":"ImageObject","inLanguage":"de","@id":"https:\/\/www.bagnoitalia.com\/de#\/schema\/logo\/image\/","url":"https:\/\/img.bagnoitalia.com\/wp-content\/uploads\/logo-bagnoitalia.webp","contentUrl":"https:\/\/img.bagnoitalia.com\/wp-content\/uploads\/logo-bagnoitalia.webp","width":400,"height":70,"caption":"Bagno Italia"},"image":{"@id":"https:\/\/www.bagnoitalia.com\/de#\/schema\/logo\/image\/"}}]}},"_links":{"self":[{"href":"https:\/\/www.bagnoitalia.com\/de\/wp-json\/wp\/v2\/product\/83114","targetHints":{"allow":["GET"]}}],"collection":[{"href":"https:\/\/www.bagnoitalia.com\/de\/wp-json\/wp\/v2\/product"}],"about":[{"href":"https:\/\/www.bagnoitalia.com\/de\/wp-json\/wp\/v2\/types\/product"}],"replies":[{"embeddable":true,"href":"https:\/\/www.bagnoitalia.com\/de\/wp-json\/wp\/v2\/comments?post=83114"}],"version-history":[{"count":0,"href":"https:\/\/www.bagnoitalia.com\/de\/wp-json\/wp\/v2\/product\/83114\/revisions"}],"wp:featuredmedia":[{"embeddable":true,"href":"https:\/\/www.bagnoitalia.com\/de\/wp-json\/wp\/v2\/media\/62145"}],"wp:attachment":[{"href":"https:\/\/www.bagnoitalia.com\/de\/wp-json\/wp\/v2\/media?parent=83114"}],"wp:term":[{"taxonomy":"product_brand","embeddable":true,"href":"https:\/\/www.bagnoitalia.com\/de\/wp-json\/wp\/v2\/product_brand?post=83114"},{"taxonomy":"product_cat","embeddable":true,"href":"https:\/\/www.bagnoitalia.com\/de\/wp-json\/wp\/v2\/product_cat?post=83114"},{"taxonomy":"product_tag","embeddable":true,"href":"https:\/\/www.bagnoitalia.com\/de\/wp-json\/wp\/v2\/product_tag?post=83114"}],"curies":[{"name":"wp","href":"https:\/\/api.w.org\/{rel}","templated":true}]}}