{"id":83098,"date":"2023-05-23T14:30:29","date_gmt":"2023-05-23T12:30:29","guid":{"rendered":"https:\/\/www.bagnoitalia.com\/product\/suspended-column-for-cosmo-cabinet-30x26xh140-cm-2-doors-colour-oak-bm051-2"},"modified":"2023-05-23T14:30:29","modified_gmt":"2023-05-23T12:30:29","slug":"suspended-column-for-cosmo-cabinet-30x26xh140-cm-2-doors-colour-oak-bm051-2","status":"publish","type":"product","link":"https:\/\/www.bagnoitalia.com\/de\/produkt\/suspended-column-for-cosmo-cabinet-30x26xh140-cm-2-doors-colour-oak-bm051-2.html","title":{"rendered":"H\u00e4nges\u00e4ule f\u00fcr Cosmo Schrank 30x26xH140 cm 2 T\u00fcren Farbe Eiche BM051"},"content":{"rendered":"<p>Ein Einrichtungsaccessoire aus unserer Badm\u00f6belserie COSMO, das auch separat verkauft werden kann. Es handelt sich um einen auff\u00e4lligen, schlichten und gleichzeitig eleganten und modernen Stil mit einer sch\u00f6nen Oberfl\u00e4che aus ge\u00e4derter Eiche.<\/p>\n<p>Die S\u00e4ule hat die Ma\u00dfe 30x26xH140 cm und besteht aus zwei T\u00fcren mit zwei Einlegeb\u00f6den.<\/p>\n<p>Sie ist aus Melamin mit 0,6 mm PVC-beschichtetem Rand gefertigt.<\/p>\n<p>&nbsp;<\/p>\n<p><span style=\"text-decoration: underline;\"><strong>EINZELHEITEN ZUM PRODUKT<\/strong><\/span><\/p>\n<p>H\u00e4nges\u00e4ule Modell Cosmo, Ma\u00dfe 30 x T26 x H140 cm<\/p>\n<p>bestehend aus zwei T\u00fcren<\/p>\n<p>n.2 Einlegeb\u00f6den enthalten<\/p>\n<p>\u00d6ffnung OHNE Griff<\/p>\n<p>Umkehrbar<\/p>\n<p>Farbe Eiche ge\u00e4dert Effekt<\/p>\n<p>Furnierte Struktur<\/p>\n<p>0,6 mm PVC-beschichtete Kanten<\/p>\n<p>&nbsp;<\/p>\n","protected":false},"excerpt":{"rendered":"<p>Wandm\u00f6bel, das mit dem Badezimmerschrank Cosmo kombiniert werden kann. Bestehend aus zwei T\u00fcren. Umkehrbar. <\/p>\n","protected":false},"featured_media":62037,"comment_status":"open","ping_status":"closed","template":"","meta":[],"product_brand":[5004],"product_cat":[9668],"product_tag":[],"class_list":{"0":"post-83098","1":"product","2":"type-product","3":"status-publish","4":"has-post-thumbnail","6":"product_brand-vari-produttori","7":"product_cat-erganzende-mobel","9":"first","10":"instock","11":"sale","12":"taxable","13":"shipping-taxable","14":"purchasable","15":"product-type-simple"},"exclude_global_add_ons":[],"addons":[],"yoast_head":"<!-- This site is optimized with the Yoast SEO plugin v26.7 - https:\/\/yoast.com\/wordpress\/plugins\/seo\/ -->\n<title>H\u00e4nges\u00e4ule f\u00fcr Cosmo Schrank 30x26xH140 cm 2 T\u00fcren Farbe Eiche BM051<\/title>\n<meta name=\"description\" content=\"Wandm\u00f6bel, das mit dem Badezimmerschrank Cosmo kombiniert werden kann. Bestehend aus zwei T\u00fcren. Umkehrbar.\" \/>\n<meta name=\"robots\" content=\"index, follow, max-snippet:-1, max-image-preview:large, max-video-preview:-1\" \/>\n<link rel=\"canonical\" href=\"https:\/\/www.bagnoitalia.com\/de\/produkt\/suspended-column-for-cosmo-cabinet-30x26xh140-cm-2-doors-colour-oak-bm051-2.html\" \/>\n<meta property=\"og:locale\" content=\"de_DE\" \/>\n<meta property=\"og:type\" content=\"article\" \/>\n<meta property=\"og:title\" content=\"H\u00e4nges\u00e4ule f\u00fcr Cosmo Schrank 30x26xH140 cm 2 T\u00fcren Farbe Eiche BM051\" \/>\n<meta property=\"og:description\" content=\"Wandm\u00f6bel, das mit dem Badezimmerschrank Cosmo kombiniert werden kann. Bestehend aus zwei T\u00fcren. Umkehrbar.\" \/>\n<meta property=\"og:url\" content=\"https:\/\/www.bagnoitalia.com\/de\/produkt\/suspended-column-for-cosmo-cabinet-30x26xh140-cm-2-doors-colour-oak-bm051-2.html\" \/>\n<meta property=\"og:site_name\" content=\"Bagno Italia\" \/>\n<meta property=\"og:image\" content=\"https:\/\/img.bagnoitalia.com\/wp-content\/uploads\/virtuemart\/product\/column-for-mobile-cosmo-2-ante-open-1.jpg\" \/>\n\t<meta property=\"og:image:width\" content=\"550\" \/>\n\t<meta property=\"og:image:height\" content=\"550\" \/>\n\t<meta property=\"og:image:type\" content=\"image\/jpeg\" \/>\n<meta name=\"twitter:card\" content=\"summary_large_image\" \/>\n<meta name=\"twitter:label1\" content=\"Gesch\u00e4tzte Lesezeit\" \/>\n\t<meta name=\"twitter:data1\" content=\"1\u00a0Minute\" \/>\n<script type=\"application\/ld+json\" class=\"yoast-schema-graph\">{\"@context\":\"https:\/\/schema.org\",\"@graph\":[{\"@type\":\"WebPage\",\"@id\":\"https:\/\/www.bagnoitalia.com\/de\/produkt\/suspended-column-for-cosmo-cabinet-30x26xh140-cm-2-doors-colour-oak-bm051-2.html\",\"url\":\"https:\/\/www.bagnoitalia.com\/de\/produkt\/suspended-column-for-cosmo-cabinet-30x26xh140-cm-2-doors-colour-oak-bm051-2.html\",\"name\":\"H\u00e4nges\u00e4ule f\u00fcr Cosmo Schrank 30x26xH140 cm 2 T\u00fcren Farbe Eiche BM051\",\"isPartOf\":{\"@id\":\"https:\/\/www.bagnoitalia.com\/de#website\"},\"primaryImageOfPage\":{\"@id\":\"https:\/\/www.bagnoitalia.com\/de\/produkt\/suspended-column-for-cosmo-cabinet-30x26xh140-cm-2-doors-colour-oak-bm051-2.html#primaryimage\"},\"image\":{\"@id\":\"https:\/\/www.bagnoitalia.com\/de\/produkt\/suspended-column-for-cosmo-cabinet-30x26xh140-cm-2-doors-colour-oak-bm051-2.html#primaryimage\"},\"thumbnailUrl\":\"https:\/\/img.bagnoitalia.com\/wp-content\/uploads\/virtuemart\/product\/column-for-mobile-cosmo-2-ante-open-1.jpg\",\"datePublished\":\"2023-05-23T12:30:29+00:00\",\"description\":\"Wandm\u00f6bel, das mit dem Badezimmerschrank Cosmo kombiniert werden kann. Bestehend aus zwei T\u00fcren. Umkehrbar.\",\"breadcrumb\":{\"@id\":\"https:\/\/www.bagnoitalia.com\/de\/produkt\/suspended-column-for-cosmo-cabinet-30x26xh140-cm-2-doors-colour-oak-bm051-2.html#breadcrumb\"},\"inLanguage\":\"de\",\"potentialAction\":[{\"@type\":\"ReadAction\",\"target\":[\"https:\/\/www.bagnoitalia.com\/de\/produkt\/suspended-column-for-cosmo-cabinet-30x26xh140-cm-2-doors-colour-oak-bm051-2.html\"]}]},{\"@type\":\"ImageObject\",\"inLanguage\":\"de\",\"@id\":\"https:\/\/www.bagnoitalia.com\/de\/produkt\/suspended-column-for-cosmo-cabinet-30x26xh140-cm-2-doors-colour-oak-bm051-2.html#primaryimage\",\"url\":\"https:\/\/img.bagnoitalia.com\/wp-content\/uploads\/virtuemart\/product\/column-for-mobile-cosmo-2-ante-open-1.jpg\",\"contentUrl\":\"https:\/\/img.bagnoitalia.com\/wp-content\/uploads\/virtuemart\/product\/column-for-mobile-cosmo-2-ante-open-1.jpg\",\"width\":550,\"height\":550},{\"@type\":\"BreadcrumbList\",\"@id\":\"https:\/\/www.bagnoitalia.com\/de\/produkt\/suspended-column-for-cosmo-cabinet-30x26xh140-cm-2-doors-colour-oak-bm051-2.html#breadcrumb\",\"itemListElement\":[{\"@type\":\"ListItem\",\"position\":1,\"name\":\"Home\",\"item\":\"https:\/\/www.bagnoitalia.com\/de\"},{\"@type\":\"ListItem\",\"position\":2,\"name\":\"Produkte\",\"item\":\"https:\/\/www.bagnoitalia.com\/de\/shop\"},{\"@type\":\"ListItem\",\"position\":3,\"name\":\"H\u00e4nges\u00e4ule f\u00fcr Cosmo Schrank 30x26xH140 cm 2 T\u00fcren Farbe Eiche BM051\"}]},{\"@type\":\"WebSite\",\"@id\":\"https:\/\/www.bagnoitalia.com\/de#website\",\"url\":\"https:\/\/www.bagnoitalia.com\/de\",\"name\":\"Bagno Italia\",\"description\":\"\",\"publisher\":{\"@id\":\"https:\/\/www.bagnoitalia.com\/de#organization\"},\"potentialAction\":[{\"@type\":\"SearchAction\",\"target\":{\"@type\":\"EntryPoint\",\"urlTemplate\":\"https:\/\/www.bagnoitalia.com\/de?s={search_term_string}\"},\"query-input\":{\"@type\":\"PropertyValueSpecification\",\"valueRequired\":true,\"valueName\":\"search_term_string\"}}],\"inLanguage\":\"de\"},{\"@type\":\"Organization\",\"@id\":\"https:\/\/www.bagnoitalia.com\/de#organization\",\"name\":\"Bagno Italia\",\"url\":\"https:\/\/www.bagnoitalia.com\/de\",\"logo\":{\"@type\":\"ImageObject\",\"inLanguage\":\"de\",\"@id\":\"https:\/\/www.bagnoitalia.com\/de#\/schema\/logo\/image\/\",\"url\":\"https:\/\/img.bagnoitalia.com\/wp-content\/uploads\/logo-bagnoitalia.webp\",\"contentUrl\":\"https:\/\/img.bagnoitalia.com\/wp-content\/uploads\/logo-bagnoitalia.webp\",\"width\":400,\"height\":70,\"caption\":\"Bagno Italia\"},\"image\":{\"@id\":\"https:\/\/www.bagnoitalia.com\/de#\/schema\/logo\/image\/\"}}]}<\/script>\n<!-- \/ Yoast SEO plugin. -->","yoast_head_json":{"title":"H\u00e4nges\u00e4ule f\u00fcr Cosmo Schrank 30x26xH140 cm 2 T\u00fcren Farbe Eiche BM051","description":"Wandm\u00f6bel, das mit dem Badezimmerschrank Cosmo kombiniert werden kann. Bestehend aus zwei T\u00fcren. Umkehrbar.","robots":{"index":"index","follow":"follow","max-snippet":"max-snippet:-1","max-image-preview":"max-image-preview:large","max-video-preview":"max-video-preview:-1"},"canonical":"https:\/\/www.bagnoitalia.com\/de\/produkt\/suspended-column-for-cosmo-cabinet-30x26xh140-cm-2-doors-colour-oak-bm051-2.html","og_locale":"de_DE","og_type":"article","og_title":"H\u00e4nges\u00e4ule f\u00fcr Cosmo Schrank 30x26xH140 cm 2 T\u00fcren Farbe Eiche BM051","og_description":"Wandm\u00f6bel, das mit dem Badezimmerschrank Cosmo kombiniert werden kann. Bestehend aus zwei T\u00fcren. Umkehrbar.","og_url":"https:\/\/www.bagnoitalia.com\/de\/produkt\/suspended-column-for-cosmo-cabinet-30x26xh140-cm-2-doors-colour-oak-bm051-2.html","og_site_name":"Bagno Italia","og_image":[{"width":550,"height":550,"url":"https:\/\/img.bagnoitalia.com\/wp-content\/uploads\/virtuemart\/product\/column-for-mobile-cosmo-2-ante-open-1.jpg","type":"image\/jpeg"}],"twitter_card":"summary_large_image","twitter_misc":{"Gesch\u00e4tzte Lesezeit":"1\u00a0Minute"},"schema":{"@context":"https:\/\/schema.org","@graph":[{"@type":"WebPage","@id":"https:\/\/www.bagnoitalia.com\/de\/produkt\/suspended-column-for-cosmo-cabinet-30x26xh140-cm-2-doors-colour-oak-bm051-2.html","url":"https:\/\/www.bagnoitalia.com\/de\/produkt\/suspended-column-for-cosmo-cabinet-30x26xh140-cm-2-doors-colour-oak-bm051-2.html","name":"H\u00e4nges\u00e4ule f\u00fcr Cosmo Schrank 30x26xH140 cm 2 T\u00fcren Farbe Eiche BM051","isPartOf":{"@id":"https:\/\/www.bagnoitalia.com\/de#website"},"primaryImageOfPage":{"@id":"https:\/\/www.bagnoitalia.com\/de\/produkt\/suspended-column-for-cosmo-cabinet-30x26xh140-cm-2-doors-colour-oak-bm051-2.html#primaryimage"},"image":{"@id":"https:\/\/www.bagnoitalia.com\/de\/produkt\/suspended-column-for-cosmo-cabinet-30x26xh140-cm-2-doors-colour-oak-bm051-2.html#primaryimage"},"thumbnailUrl":"https:\/\/img.bagnoitalia.com\/wp-content\/uploads\/virtuemart\/product\/column-for-mobile-cosmo-2-ante-open-1.jpg","datePublished":"2023-05-23T12:30:29+00:00","description":"Wandm\u00f6bel, das mit dem Badezimmerschrank Cosmo kombiniert werden kann. Bestehend aus zwei T\u00fcren. Umkehrbar.","breadcrumb":{"@id":"https:\/\/www.bagnoitalia.com\/de\/produkt\/suspended-column-for-cosmo-cabinet-30x26xh140-cm-2-doors-colour-oak-bm051-2.html#breadcrumb"},"inLanguage":"de","potentialAction":[{"@type":"ReadAction","target":["https:\/\/www.bagnoitalia.com\/de\/produkt\/suspended-column-for-cosmo-cabinet-30x26xh140-cm-2-doors-colour-oak-bm051-2.html"]}]},{"@type":"ImageObject","inLanguage":"de","@id":"https:\/\/www.bagnoitalia.com\/de\/produkt\/suspended-column-for-cosmo-cabinet-30x26xh140-cm-2-doors-colour-oak-bm051-2.html#primaryimage","url":"https:\/\/img.bagnoitalia.com\/wp-content\/uploads\/virtuemart\/product\/column-for-mobile-cosmo-2-ante-open-1.jpg","contentUrl":"https:\/\/img.bagnoitalia.com\/wp-content\/uploads\/virtuemart\/product\/column-for-mobile-cosmo-2-ante-open-1.jpg","width":550,"height":550},{"@type":"BreadcrumbList","@id":"https:\/\/www.bagnoitalia.com\/de\/produkt\/suspended-column-for-cosmo-cabinet-30x26xh140-cm-2-doors-colour-oak-bm051-2.html#breadcrumb","itemListElement":[{"@type":"ListItem","position":1,"name":"Home","item":"https:\/\/www.bagnoitalia.com\/de"},{"@type":"ListItem","position":2,"name":"Produkte","item":"https:\/\/www.bagnoitalia.com\/de\/shop"},{"@type":"ListItem","position":3,"name":"H\u00e4nges\u00e4ule f\u00fcr Cosmo Schrank 30x26xH140 cm 2 T\u00fcren Farbe Eiche BM051"}]},{"@type":"WebSite","@id":"https:\/\/www.bagnoitalia.com\/de#website","url":"https:\/\/www.bagnoitalia.com\/de","name":"Bagno Italia","description":"","publisher":{"@id":"https:\/\/www.bagnoitalia.com\/de#organization"},"potentialAction":[{"@type":"SearchAction","target":{"@type":"EntryPoint","urlTemplate":"https:\/\/www.bagnoitalia.com\/de?s={search_term_string}"},"query-input":{"@type":"PropertyValueSpecification","valueRequired":true,"valueName":"search_term_string"}}],"inLanguage":"de"},{"@type":"Organization","@id":"https:\/\/www.bagnoitalia.com\/de#organization","name":"Bagno Italia","url":"https:\/\/www.bagnoitalia.com\/de","logo":{"@type":"ImageObject","inLanguage":"de","@id":"https:\/\/www.bagnoitalia.com\/de#\/schema\/logo\/image\/","url":"https:\/\/img.bagnoitalia.com\/wp-content\/uploads\/logo-bagnoitalia.webp","contentUrl":"https:\/\/img.bagnoitalia.com\/wp-content\/uploads\/logo-bagnoitalia.webp","width":400,"height":70,"caption":"Bagno Italia"},"image":{"@id":"https:\/\/www.bagnoitalia.com\/de#\/schema\/logo\/image\/"}}]}},"_links":{"self":[{"href":"https:\/\/www.bagnoitalia.com\/de\/wp-json\/wp\/v2\/product\/83098","targetHints":{"allow":["GET"]}}],"collection":[{"href":"https:\/\/www.bagnoitalia.com\/de\/wp-json\/wp\/v2\/product"}],"about":[{"href":"https:\/\/www.bagnoitalia.com\/de\/wp-json\/wp\/v2\/types\/product"}],"replies":[{"embeddable":true,"href":"https:\/\/www.bagnoitalia.com\/de\/wp-json\/wp\/v2\/comments?post=83098"}],"version-history":[{"count":1,"href":"https:\/\/www.bagnoitalia.com\/de\/wp-json\/wp\/v2\/product\/83098\/revisions"}],"predecessor-version":[{"id":92214,"href":"https:\/\/www.bagnoitalia.com\/de\/wp-json\/wp\/v2\/product\/83098\/revisions\/92214"}],"wp:featuredmedia":[{"embeddable":true,"href":"https:\/\/www.bagnoitalia.com\/de\/wp-json\/wp\/v2\/media\/62037"}],"wp:attachment":[{"href":"https:\/\/www.bagnoitalia.com\/de\/wp-json\/wp\/v2\/media?parent=83098"}],"wp:term":[{"taxonomy":"product_brand","embeddable":true,"href":"https:\/\/www.bagnoitalia.com\/de\/wp-json\/wp\/v2\/product_brand?post=83098"},{"taxonomy":"product_cat","embeddable":true,"href":"https:\/\/www.bagnoitalia.com\/de\/wp-json\/wp\/v2\/product_cat?post=83098"},{"taxonomy":"product_tag","embeddable":true,"href":"https:\/\/www.bagnoitalia.com\/de\/wp-json\/wp\/v2\/product_tag?post=83098"}],"curies":[{"name":"wp","href":"https:\/\/api.w.org\/{rel}","templated":true}]}}