{"id":83082,"date":"2023-04-24T14:48:38","date_gmt":"2023-04-24T12:48:38","guid":{"rendered":"https:\/\/www.bagnoitalia.com\/product\/parasol-with-300-cm-circular-canvas-available-in-7-colours-and-side-pole-ob16-2"},"modified":"2024-06-04T16:09:41","modified_gmt":"2024-06-04T14:09:41","slug":"parasol-with-300-cm-circular-canvas-available-in-7-colours-and-side-pole-ob16-2","status":"publish","type":"product","link":"https:\/\/www.bagnoitalia.com\/de\/produkt\/parasol-with-300-cm-circular-canvas-available-in-7-colours-and-side-pole-ob16-2.html","title":{"rendered":"Sonnenschirm mit kreisf\u00f6rmiger 300-cm-Plane, erh\u00e4ltlich in 7 Farben und Seitenstange OB16"},"content":{"rendered":"<p style=\"text-align: center;\"><span style=\"text-decoration: underline; color: #ff0000; font-size: 18pt;\"><strong>UMBRELLA \u00d8 300 cm in 7 Farben OB16<\/strong><\/span><\/p>\n<p>&nbsp;<\/p>\n<p><span style=\"text-decoration: underline;\"><strong>PRODUKTSPEZIFIKATIONEN<\/strong><\/span><\/p>\n<p>Moderner Sonnenschirm f\u00fcr den Au\u00dfenbereich (Innenh\u00f6fe, G\u00e4rten, Schwimmb\u00e4der, etc.)<\/p>\n<p>Erh\u00e4ltlich in 7 Farben:<\/p>\n<p>magentarotes Segeltuch und schwarzes Gestell mit 8 Lamellen<br \/>\ndunkelgr\u00fcnes Segeltuch und schwarzes Gestell mit 8 Lamellen<br \/>\necrufarbene Leinwand und wei\u00dfer Rahmen mit 6 Latten<br \/>\ntaubengraues Segeltuch und schwarzer Rahmen mit 8 Latten<br \/>\ngraues Tuch und schwarzer Rahmen mit 6 Latten<br \/>\nschwarzer Stoff und anthrazitfarbener Rahmen mit 6 Leisten<br \/>\nKaffeestoff und schwarzer Rahmen mit 8 Leisten<br \/>\nAbmessungen:<\/p>\n<p>Durchmesser: 300 cm<br \/>\nGesamth\u00f6he: 250 cm<br \/>\nMaterialien:<\/p>\n<p>Polyester-Gewebe<br \/>\nGestell aus Aluminium<br \/>\nKreuzf\u00f6rmiger Stahlfu\u00df (Gegengewicht\/Arm nicht im Preis enthalten)<br \/>\nSeitlich positionierte Stange<\/p>\n<p>\u00d6ffnung mit Kurbel und Griff<\/p>\n<p>Mit Windkamin<\/p>\n<p>Um eine lange Lebensdauer des Produkts zu gew\u00e4hrleisten, empfehlen wir, es bei besonders schweren Wetterereignissen und immer in den Wintermonaten zu sch\u00fctzen.<\/p>\n<p>&nbsp;<\/p>\n<p>&nbsp;<\/p>\n<p>&nbsp;<\/p>\n<p>&nbsp;<\/p>\n<p>&nbsp;<\/p>\n<p>&nbsp;<\/p>\n<p>&nbsp;<\/p>\n<p>&nbsp;<\/p>\n<p>&nbsp;<\/p>\n<p>&nbsp;<\/p>\n<p>&nbsp;<\/p>\n<p>&nbsp;<\/p>\n<p>&nbsp;<\/p>\n<p>&nbsp;<\/p>\n<p>MG3-E<\/p>\n<p>MG3-N<\/p>\n<p>MG3-R<\/p>\n<p>MG3-G<\/p>\n<p>MG3-T<\/p>\n<p>MG3-C<\/p>\n<p>MG3-V<\/p>\n<p>&nbsp;<\/p>\n","protected":false},"excerpt":{"rendered":"<p>Sonnenschirm mit Segeltuch in den Farben: Rot, Gr\u00fcn, Ecru, Taubengrau, Grau, Schwarz, Kaffee. Kreisf\u00f6rmige Form, 3m Durchmesser und Gesamth\u00f6he von 250 cm.<\/p>\n","protected":false},"featured_media":61889,"comment_status":"open","ping_status":"closed","template":"","meta":[],"product_brand":[5006],"product_cat":[10031],"product_tag":[],"class_list":{"0":"post-83082","1":"product","2":"type-product","3":"status-publish","4":"has-post-thumbnail","6":"product_brand-deghi","7":"product_cat-sonnenschirme","9":"first","10":"instock","11":"sale","12":"taxable","13":"shipping-taxable","14":"purchasable","15":"product-type-simple"},"exclude_global_add_ons":false,"addons":[{"name":"Farbe","type":"multiple_choice","position":0,"required":true,"title_format":"heading","default":"","description_enable":false,"description":"","placeholder_enable":false,"placeholder":"","display":"select","restrictions_type":"any_text","adjust_price":false,"price":"","price_type":"flat_fee","restrictions":false,"min":"0","max":"0","options":[{"label":"gr\u00fcn","price":"","price_type":"quantity_based","image":0,"visibility":true},{"label":"magentarot","price":"","price_type":"quantity_based","image":0,"visibility":true},{"label":"ecrufarben","price":"","price_type":"quantity_based","image":0,"visibility":true},{"label":"grau","price":"","price_type":"quantity_based","image":0,"visibility":true},{"label":"taubengrau","price":"","price_type":"quantity_based","image":0,"visibility":true},{"label":"Kaffee","price":"","price_type":"quantity_based","image":0,"visibility":true},{"label":"schwarz","price":"","price_type":"quantity_based","image":0,"visibility":true}],"id":1717517382}],"yoast_head":"<!-- This site is optimized with the Yoast SEO plugin v26.7 - https:\/\/yoast.com\/wordpress\/plugins\/seo\/ -->\n<title>Sonnenschirm mit kreisf\u00f6rmiger 300-cm-Plane, erh\u00e4ltlich in 7 Farben und Seitenstange OB16<\/title>\n<meta name=\"description\" content=\"Sonnenschirm mit Segeltuch in den Farben: Rot, Gr\u00fcn, Ecru, Taubengrau, Grau, Schwarz, Kaffee. Kreisf\u00f6rmige Form, 3m Durchmesser und Gesamth\u00f6he von 250 cm.\" \/>\n<meta name=\"robots\" content=\"index, follow, max-snippet:-1, max-image-preview:large, max-video-preview:-1\" \/>\n<link rel=\"canonical\" href=\"https:\/\/www.bagnoitalia.com\/de\/produkt\/parasol-with-300-cm-circular-canvas-available-in-7-colours-and-side-pole-ob16-2.html\" \/>\n<meta property=\"og:locale\" content=\"de_DE\" \/>\n<meta property=\"og:type\" content=\"article\" \/>\n<meta property=\"og:title\" content=\"Sonnenschirm mit kreisf\u00f6rmiger 300-cm-Plane, erh\u00e4ltlich in 7 Farben und Seitenstange OB16\" \/>\n<meta property=\"og:description\" content=\"Sonnenschirm mit Segeltuch in den Farben: Rot, Gr\u00fcn, Ecru, Taubengrau, Grau, Schwarz, Kaffee. Kreisf\u00f6rmige Form, 3m Durchmesser und Gesamth\u00f6he von 250 cm.\" \/>\n<meta property=\"og:url\" content=\"https:\/\/www.bagnoitalia.com\/de\/produkt\/parasol-with-300-cm-circular-canvas-available-in-7-colours-and-side-pole-ob16-2.html\" \/>\n<meta property=\"og:site_name\" content=\"Bagno Italia\" \/>\n<meta property=\"article:modified_time\" content=\"2024-06-04T14:09:41+00:00\" \/>\n<meta property=\"og:image\" content=\"https:\/\/img.bagnoitalia.com\/wp-content\/uploads\/virtuemart\/product\/sunshade-circular-300-cm-colours-1.jpg\" \/>\n\t<meta property=\"og:image:width\" content=\"550\" \/>\n\t<meta property=\"og:image:height\" content=\"550\" \/>\n\t<meta property=\"og:image:type\" content=\"image\/jpeg\" \/>\n<meta name=\"twitter:card\" content=\"summary_large_image\" \/>\n<meta name=\"twitter:label1\" content=\"Gesch\u00e4tzte Lesezeit\" \/>\n\t<meta name=\"twitter:data1\" content=\"1\u00a0Minute\" \/>\n<script type=\"application\/ld+json\" class=\"yoast-schema-graph\">{\"@context\":\"https:\/\/schema.org\",\"@graph\":[{\"@type\":\"WebPage\",\"@id\":\"https:\/\/www.bagnoitalia.com\/de\/produkt\/parasol-with-300-cm-circular-canvas-available-in-7-colours-and-side-pole-ob16-2.html\",\"url\":\"https:\/\/www.bagnoitalia.com\/de\/produkt\/parasol-with-300-cm-circular-canvas-available-in-7-colours-and-side-pole-ob16-2.html\",\"name\":\"Sonnenschirm mit kreisf\u00f6rmiger 300-cm-Plane, erh\u00e4ltlich in 7 Farben und Seitenstange OB16\",\"isPartOf\":{\"@id\":\"https:\/\/www.bagnoitalia.com\/de#website\"},\"primaryImageOfPage\":{\"@id\":\"https:\/\/www.bagnoitalia.com\/de\/produkt\/parasol-with-300-cm-circular-canvas-available-in-7-colours-and-side-pole-ob16-2.html#primaryimage\"},\"image\":{\"@id\":\"https:\/\/www.bagnoitalia.com\/de\/produkt\/parasol-with-300-cm-circular-canvas-available-in-7-colours-and-side-pole-ob16-2.html#primaryimage\"},\"thumbnailUrl\":\"https:\/\/img.bagnoitalia.com\/wp-content\/uploads\/virtuemart\/product\/sunshade-circular-300-cm-colours-1.jpg\",\"datePublished\":\"2023-04-24T12:48:38+00:00\",\"dateModified\":\"2024-06-04T14:09:41+00:00\",\"description\":\"Sonnenschirm mit Segeltuch in den Farben: Rot, Gr\u00fcn, Ecru, Taubengrau, Grau, Schwarz, Kaffee. Kreisf\u00f6rmige Form, 3m Durchmesser und Gesamth\u00f6he von 250 cm.\",\"breadcrumb\":{\"@id\":\"https:\/\/www.bagnoitalia.com\/de\/produkt\/parasol-with-300-cm-circular-canvas-available-in-7-colours-and-side-pole-ob16-2.html#breadcrumb\"},\"inLanguage\":\"de\",\"potentialAction\":[{\"@type\":\"ReadAction\",\"target\":[\"https:\/\/www.bagnoitalia.com\/de\/produkt\/parasol-with-300-cm-circular-canvas-available-in-7-colours-and-side-pole-ob16-2.html\"]}]},{\"@type\":\"ImageObject\",\"inLanguage\":\"de\",\"@id\":\"https:\/\/www.bagnoitalia.com\/de\/produkt\/parasol-with-300-cm-circular-canvas-available-in-7-colours-and-side-pole-ob16-2.html#primaryimage\",\"url\":\"https:\/\/img.bagnoitalia.com\/wp-content\/uploads\/virtuemart\/product\/sunshade-circular-300-cm-colours-1.jpg\",\"contentUrl\":\"https:\/\/img.bagnoitalia.com\/wp-content\/uploads\/virtuemart\/product\/sunshade-circular-300-cm-colours-1.jpg\",\"width\":550,\"height\":550},{\"@type\":\"BreadcrumbList\",\"@id\":\"https:\/\/www.bagnoitalia.com\/de\/produkt\/parasol-with-300-cm-circular-canvas-available-in-7-colours-and-side-pole-ob16-2.html#breadcrumb\",\"itemListElement\":[{\"@type\":\"ListItem\",\"position\":1,\"name\":\"Home\",\"item\":\"https:\/\/www.bagnoitalia.com\/de\"},{\"@type\":\"ListItem\",\"position\":2,\"name\":\"Produkte\",\"item\":\"https:\/\/www.bagnoitalia.com\/de\/shop\"},{\"@type\":\"ListItem\",\"position\":3,\"name\":\"Sonnenschirm mit kreisf\u00f6rmiger 300-cm-Plane, erh\u00e4ltlich in 7 Farben und Seitenstange OB16\"}]},{\"@type\":\"WebSite\",\"@id\":\"https:\/\/www.bagnoitalia.com\/de#website\",\"url\":\"https:\/\/www.bagnoitalia.com\/de\",\"name\":\"Bagno Italia\",\"description\":\"\",\"publisher\":{\"@id\":\"https:\/\/www.bagnoitalia.com\/de#organization\"},\"potentialAction\":[{\"@type\":\"SearchAction\",\"target\":{\"@type\":\"EntryPoint\",\"urlTemplate\":\"https:\/\/www.bagnoitalia.com\/de?s={search_term_string}\"},\"query-input\":{\"@type\":\"PropertyValueSpecification\",\"valueRequired\":true,\"valueName\":\"search_term_string\"}}],\"inLanguage\":\"de\"},{\"@type\":\"Organization\",\"@id\":\"https:\/\/www.bagnoitalia.com\/de#organization\",\"name\":\"Bagno Italia\",\"url\":\"https:\/\/www.bagnoitalia.com\/de\",\"logo\":{\"@type\":\"ImageObject\",\"inLanguage\":\"de\",\"@id\":\"https:\/\/www.bagnoitalia.com\/de#\/schema\/logo\/image\/\",\"url\":\"https:\/\/img.bagnoitalia.com\/wp-content\/uploads\/logo-bagnoitalia.webp\",\"contentUrl\":\"https:\/\/img.bagnoitalia.com\/wp-content\/uploads\/logo-bagnoitalia.webp\",\"width\":400,\"height\":70,\"caption\":\"Bagno Italia\"},\"image\":{\"@id\":\"https:\/\/www.bagnoitalia.com\/de#\/schema\/logo\/image\/\"}}]}<\/script>\n<!-- \/ Yoast SEO plugin. -->","yoast_head_json":{"title":"Sonnenschirm mit kreisf\u00f6rmiger 300-cm-Plane, erh\u00e4ltlich in 7 Farben und Seitenstange OB16","description":"Sonnenschirm mit Segeltuch in den Farben: Rot, Gr\u00fcn, Ecru, Taubengrau, Grau, Schwarz, Kaffee. Kreisf\u00f6rmige Form, 3m Durchmesser und Gesamth\u00f6he von 250 cm.","robots":{"index":"index","follow":"follow","max-snippet":"max-snippet:-1","max-image-preview":"max-image-preview:large","max-video-preview":"max-video-preview:-1"},"canonical":"https:\/\/www.bagnoitalia.com\/de\/produkt\/parasol-with-300-cm-circular-canvas-available-in-7-colours-and-side-pole-ob16-2.html","og_locale":"de_DE","og_type":"article","og_title":"Sonnenschirm mit kreisf\u00f6rmiger 300-cm-Plane, erh\u00e4ltlich in 7 Farben und Seitenstange OB16","og_description":"Sonnenschirm mit Segeltuch in den Farben: Rot, Gr\u00fcn, Ecru, Taubengrau, Grau, Schwarz, Kaffee. Kreisf\u00f6rmige Form, 3m Durchmesser und Gesamth\u00f6he von 250 cm.","og_url":"https:\/\/www.bagnoitalia.com\/de\/produkt\/parasol-with-300-cm-circular-canvas-available-in-7-colours-and-side-pole-ob16-2.html","og_site_name":"Bagno Italia","article_modified_time":"2024-06-04T14:09:41+00:00","og_image":[{"width":550,"height":550,"url":"https:\/\/img.bagnoitalia.com\/wp-content\/uploads\/virtuemart\/product\/sunshade-circular-300-cm-colours-1.jpg","type":"image\/jpeg"}],"twitter_card":"summary_large_image","twitter_misc":{"Gesch\u00e4tzte Lesezeit":"1\u00a0Minute"},"schema":{"@context":"https:\/\/schema.org","@graph":[{"@type":"WebPage","@id":"https:\/\/www.bagnoitalia.com\/de\/produkt\/parasol-with-300-cm-circular-canvas-available-in-7-colours-and-side-pole-ob16-2.html","url":"https:\/\/www.bagnoitalia.com\/de\/produkt\/parasol-with-300-cm-circular-canvas-available-in-7-colours-and-side-pole-ob16-2.html","name":"Sonnenschirm mit kreisf\u00f6rmiger 300-cm-Plane, erh\u00e4ltlich in 7 Farben und Seitenstange OB16","isPartOf":{"@id":"https:\/\/www.bagnoitalia.com\/de#website"},"primaryImageOfPage":{"@id":"https:\/\/www.bagnoitalia.com\/de\/produkt\/parasol-with-300-cm-circular-canvas-available-in-7-colours-and-side-pole-ob16-2.html#primaryimage"},"image":{"@id":"https:\/\/www.bagnoitalia.com\/de\/produkt\/parasol-with-300-cm-circular-canvas-available-in-7-colours-and-side-pole-ob16-2.html#primaryimage"},"thumbnailUrl":"https:\/\/img.bagnoitalia.com\/wp-content\/uploads\/virtuemart\/product\/sunshade-circular-300-cm-colours-1.jpg","datePublished":"2023-04-24T12:48:38+00:00","dateModified":"2024-06-04T14:09:41+00:00","description":"Sonnenschirm mit Segeltuch in den Farben: Rot, Gr\u00fcn, Ecru, Taubengrau, Grau, Schwarz, Kaffee. Kreisf\u00f6rmige Form, 3m Durchmesser und Gesamth\u00f6he von 250 cm.","breadcrumb":{"@id":"https:\/\/www.bagnoitalia.com\/de\/produkt\/parasol-with-300-cm-circular-canvas-available-in-7-colours-and-side-pole-ob16-2.html#breadcrumb"},"inLanguage":"de","potentialAction":[{"@type":"ReadAction","target":["https:\/\/www.bagnoitalia.com\/de\/produkt\/parasol-with-300-cm-circular-canvas-available-in-7-colours-and-side-pole-ob16-2.html"]}]},{"@type":"ImageObject","inLanguage":"de","@id":"https:\/\/www.bagnoitalia.com\/de\/produkt\/parasol-with-300-cm-circular-canvas-available-in-7-colours-and-side-pole-ob16-2.html#primaryimage","url":"https:\/\/img.bagnoitalia.com\/wp-content\/uploads\/virtuemart\/product\/sunshade-circular-300-cm-colours-1.jpg","contentUrl":"https:\/\/img.bagnoitalia.com\/wp-content\/uploads\/virtuemart\/product\/sunshade-circular-300-cm-colours-1.jpg","width":550,"height":550},{"@type":"BreadcrumbList","@id":"https:\/\/www.bagnoitalia.com\/de\/produkt\/parasol-with-300-cm-circular-canvas-available-in-7-colours-and-side-pole-ob16-2.html#breadcrumb","itemListElement":[{"@type":"ListItem","position":1,"name":"Home","item":"https:\/\/www.bagnoitalia.com\/de"},{"@type":"ListItem","position":2,"name":"Produkte","item":"https:\/\/www.bagnoitalia.com\/de\/shop"},{"@type":"ListItem","position":3,"name":"Sonnenschirm mit kreisf\u00f6rmiger 300-cm-Plane, erh\u00e4ltlich in 7 Farben und Seitenstange OB16"}]},{"@type":"WebSite","@id":"https:\/\/www.bagnoitalia.com\/de#website","url":"https:\/\/www.bagnoitalia.com\/de","name":"Bagno Italia","description":"","publisher":{"@id":"https:\/\/www.bagnoitalia.com\/de#organization"},"potentialAction":[{"@type":"SearchAction","target":{"@type":"EntryPoint","urlTemplate":"https:\/\/www.bagnoitalia.com\/de?s={search_term_string}"},"query-input":{"@type":"PropertyValueSpecification","valueRequired":true,"valueName":"search_term_string"}}],"inLanguage":"de"},{"@type":"Organization","@id":"https:\/\/www.bagnoitalia.com\/de#organization","name":"Bagno Italia","url":"https:\/\/www.bagnoitalia.com\/de","logo":{"@type":"ImageObject","inLanguage":"de","@id":"https:\/\/www.bagnoitalia.com\/de#\/schema\/logo\/image\/","url":"https:\/\/img.bagnoitalia.com\/wp-content\/uploads\/logo-bagnoitalia.webp","contentUrl":"https:\/\/img.bagnoitalia.com\/wp-content\/uploads\/logo-bagnoitalia.webp","width":400,"height":70,"caption":"Bagno Italia"},"image":{"@id":"https:\/\/www.bagnoitalia.com\/de#\/schema\/logo\/image\/"}}]}},"_links":{"self":[{"href":"https:\/\/www.bagnoitalia.com\/de\/wp-json\/wp\/v2\/product\/83082","targetHints":{"allow":["GET"]}}],"collection":[{"href":"https:\/\/www.bagnoitalia.com\/de\/wp-json\/wp\/v2\/product"}],"about":[{"href":"https:\/\/www.bagnoitalia.com\/de\/wp-json\/wp\/v2\/types\/product"}],"replies":[{"embeddable":true,"href":"https:\/\/www.bagnoitalia.com\/de\/wp-json\/wp\/v2\/comments?post=83082"}],"version-history":[{"count":1,"href":"https:\/\/www.bagnoitalia.com\/de\/wp-json\/wp\/v2\/product\/83082\/revisions"}],"predecessor-version":[{"id":89381,"href":"https:\/\/www.bagnoitalia.com\/de\/wp-json\/wp\/v2\/product\/83082\/revisions\/89381"}],"wp:featuredmedia":[{"embeddable":true,"href":"https:\/\/www.bagnoitalia.com\/de\/wp-json\/wp\/v2\/media\/61889"}],"wp:attachment":[{"href":"https:\/\/www.bagnoitalia.com\/de\/wp-json\/wp\/v2\/media?parent=83082"}],"wp:term":[{"taxonomy":"product_brand","embeddable":true,"href":"https:\/\/www.bagnoitalia.com\/de\/wp-json\/wp\/v2\/product_brand?post=83082"},{"taxonomy":"product_cat","embeddable":true,"href":"https:\/\/www.bagnoitalia.com\/de\/wp-json\/wp\/v2\/product_cat?post=83082"},{"taxonomy":"product_tag","embeddable":true,"href":"https:\/\/www.bagnoitalia.com\/de\/wp-json\/wp\/v2\/product_tag?post=83082"}],"curies":[{"name":"wp","href":"https:\/\/api.w.org\/{rel}","templated":true}]}}