{"id":83042,"date":"2023-04-17T15:26:36","date_gmt":"2023-04-17T13:26:36","guid":{"rendered":"https:\/\/www.bagnoitalia.com\/product\/turtledove-or-anthracite-3x4-m-swivel-parasol-with-grey-aluminium-side-pole-ob07-2"},"modified":"2024-06-04T15:06:54","modified_gmt":"2024-06-04T13:06:54","slug":"turtledove-or-anthracite-3x4-m-swivel-parasol-with-grey-aluminium-side-pole-ob07-2","status":"publish","type":"product","link":"https:\/\/www.bagnoitalia.com\/de\/produkt\/turtledove-or-anthracite-3x4-m-swivel-parasol-with-grey-aluminium-side-pole-ob07-2.html","title":{"rendered":"Drehbarer Sonnenschirm 3&#215;4 m in Turteltaube oder Anthrazit mit seitlichem Mast aus grauem Aluminium OB07"},"content":{"rendered":"<p style=\"text-align: center;\"><span style=\"text-decoration: underline; color: #ff0000; font-size: 18pt;\"><strong>SUN UMBRELLA taubengrau oder anthrazit 3x4m &#8222;OB07&#8220;\u00a0<\/strong><\/span><\/p>\n<p>&nbsp;<\/p>\n<p>Rechteckiger Sonnenschirm aus Polyestergewebe, erh\u00e4ltlich in zwei Farben: taubengrau oder anthrazit (w\u00e4hlen Sie die Farbe im Men\u00fc oben)<\/p>\n<p>Abmessungen: 300&#215;400 cm, H\u00f6he 275 cm<\/p>\n<p>Mast an der L\u00e4ngsseite, 7,7&#215;5,3 cm, 360\u00b0 drehbar<\/p>\n<p>mit kreuzf\u00f6rmigem Fu\u00df (Gegengewichtsmarker NICHT enthalten)<\/p>\n<p>Vordach kann in 4 Positionen geneigt werden<\/p>\n<p>Rahmen mit 8 Latten von 1,4&#215;2,4 cm<\/p>\n<p>\u00d6ffnung mit Handkurbel<\/p>\n<p>Handkurbel zum Heben und Senken der Plane<\/p>\n<p>Gestellmaterial: eloxiertes Aluminium mit grauer Oberfl\u00e4che<\/p>\n<p>Schmutz- und feuchtigkeitsbest\u00e4ndig<\/p>\n<p>Sockel nicht enthalten<\/p>\n<p>Um eine lange Lebensdauer des Produkts zu gew\u00e4hrleisten, empfehlen wir, es bei besonders schweren Wetterereignissen und immer in den Wintermonaten zu \u00fcberdachen.<\/p>\n<p>&nbsp;<\/p>\n<p>&nbsp;<\/p>\n<p>&nbsp;<\/p>\n<p>&nbsp;<\/p>\n<p>&nbsp;<\/p>\n<p>&nbsp;<\/p>\n<p>&nbsp;<\/p>\n<p>&nbsp;<\/p>\n<p>TAIPA34T<\/p>\n<p>TAIPA34A<\/p>\n","protected":false},"excerpt":{"rendered":"<p>Sonnenschirm f\u00fcr den Au\u00dfenbereich, z. B. f\u00fcr G\u00e4rten, Swimmingpools usw. Erh\u00e4ltlich in zwei Farben. Gesamth\u00f6he 275 cm.<\/p>\n","protected":false},"featured_media":61533,"comment_status":"open","ping_status":"closed","template":"","meta":[],"product_brand":[5006],"product_cat":[10031],"product_tag":[],"class_list":{"0":"post-83042","1":"product","2":"type-product","3":"status-publish","4":"has-post-thumbnail","6":"product_brand-deghi","7":"product_cat-sonnenschirme","9":"first","10":"instock","11":"sale","12":"taxable","13":"shipping-taxable","14":"purchasable","15":"product-type-simple"},"exclude_global_add_ons":false,"addons":[{"name":"Farbe","type":"multiple_choice","position":0,"required":true,"title_format":"heading","default":"","description_enable":false,"description":"","placeholder_enable":false,"placeholder":"","display":"select","restrictions_type":"any_text","adjust_price":false,"price":"","price_type":"flat_fee","restrictions":false,"min":"0","max":"0","options":[{"label":"Anthrazit","price":"","price_type":"quantity_based","image":0,"visibility":true},{"label":"Taubengrau","price":"","price_type":"quantity_based","image":0,"visibility":true}],"id":1717513615}],"yoast_head":"<!-- This site is optimized with the Yoast SEO plugin v26.7 - https:\/\/yoast.com\/wordpress\/plugins\/seo\/ -->\n<title>Drehbarer Sonnenschirm 3x4 m in Turteltaube oder Anthrazit mit seitlichem Mast aus grauem Aluminium OB07<\/title>\n<meta name=\"description\" content=\"Sonnenschirm f\u00fcr den Au\u00dfenbereich, z. B. f\u00fcr G\u00e4rten, Swimmingpools usw. Erh\u00e4ltlich in zwei Farben. Gesamth\u00f6he 275 cm.\" \/>\n<meta name=\"robots\" content=\"index, follow, max-snippet:-1, max-image-preview:large, max-video-preview:-1\" \/>\n<link rel=\"canonical\" href=\"https:\/\/www.bagnoitalia.com\/de\/produkt\/turtledove-or-anthracite-3x4-m-swivel-parasol-with-grey-aluminium-side-pole-ob07-2.html\" \/>\n<meta property=\"og:locale\" content=\"de_DE\" \/>\n<meta property=\"og:type\" content=\"article\" \/>\n<meta property=\"og:title\" content=\"Drehbarer Sonnenschirm 3x4 m in Turteltaube oder Anthrazit mit seitlichem Mast aus grauem Aluminium OB07\" \/>\n<meta property=\"og:description\" content=\"Sonnenschirm f\u00fcr den Au\u00dfenbereich, z. B. f\u00fcr G\u00e4rten, Swimmingpools usw. Erh\u00e4ltlich in zwei Farben. Gesamth\u00f6he 275 cm.\" \/>\n<meta property=\"og:url\" content=\"https:\/\/www.bagnoitalia.com\/de\/produkt\/turtledove-or-anthracite-3x4-m-swivel-parasol-with-grey-aluminium-side-pole-ob07-2.html\" \/>\n<meta property=\"og:site_name\" content=\"Bagno Italia\" \/>\n<meta property=\"article:modified_time\" content=\"2024-06-04T13:06:54+00:00\" \/>\n<meta property=\"og:image\" content=\"https:\/\/img.bagnoitalia.com\/wp-content\/uploads\/virtuemart\/product\/garden-umbrella-3x4-m-ob07-anthracite-torture-1.jpg\" \/>\n\t<meta property=\"og:image:width\" content=\"550\" \/>\n\t<meta property=\"og:image:height\" content=\"550\" \/>\n\t<meta property=\"og:image:type\" content=\"image\/jpeg\" \/>\n<meta name=\"twitter:card\" content=\"summary_large_image\" \/>\n<meta name=\"twitter:label1\" content=\"Gesch\u00e4tzte Lesezeit\" \/>\n\t<meta name=\"twitter:data1\" content=\"1\u00a0Minute\" \/>\n<script type=\"application\/ld+json\" class=\"yoast-schema-graph\">{\"@context\":\"https:\/\/schema.org\",\"@graph\":[{\"@type\":\"WebPage\",\"@id\":\"https:\/\/www.bagnoitalia.com\/de\/produkt\/turtledove-or-anthracite-3x4-m-swivel-parasol-with-grey-aluminium-side-pole-ob07-2.html\",\"url\":\"https:\/\/www.bagnoitalia.com\/de\/produkt\/turtledove-or-anthracite-3x4-m-swivel-parasol-with-grey-aluminium-side-pole-ob07-2.html\",\"name\":\"Drehbarer Sonnenschirm 3x4 m in Turteltaube oder Anthrazit mit seitlichem Mast aus grauem Aluminium OB07\",\"isPartOf\":{\"@id\":\"https:\/\/www.bagnoitalia.com\/de#website\"},\"primaryImageOfPage\":{\"@id\":\"https:\/\/www.bagnoitalia.com\/de\/produkt\/turtledove-or-anthracite-3x4-m-swivel-parasol-with-grey-aluminium-side-pole-ob07-2.html#primaryimage\"},\"image\":{\"@id\":\"https:\/\/www.bagnoitalia.com\/de\/produkt\/turtledove-or-anthracite-3x4-m-swivel-parasol-with-grey-aluminium-side-pole-ob07-2.html#primaryimage\"},\"thumbnailUrl\":\"https:\/\/img.bagnoitalia.com\/wp-content\/uploads\/virtuemart\/product\/garden-umbrella-3x4-m-ob07-anthracite-torture-1.jpg\",\"datePublished\":\"2023-04-17T13:26:36+00:00\",\"dateModified\":\"2024-06-04T13:06:54+00:00\",\"description\":\"Sonnenschirm f\u00fcr den Au\u00dfenbereich, z. B. f\u00fcr G\u00e4rten, Swimmingpools usw. Erh\u00e4ltlich in zwei Farben. Gesamth\u00f6he 275 cm.\",\"breadcrumb\":{\"@id\":\"https:\/\/www.bagnoitalia.com\/de\/produkt\/turtledove-or-anthracite-3x4-m-swivel-parasol-with-grey-aluminium-side-pole-ob07-2.html#breadcrumb\"},\"inLanguage\":\"de\",\"potentialAction\":[{\"@type\":\"ReadAction\",\"target\":[\"https:\/\/www.bagnoitalia.com\/de\/produkt\/turtledove-or-anthracite-3x4-m-swivel-parasol-with-grey-aluminium-side-pole-ob07-2.html\"]}]},{\"@type\":\"ImageObject\",\"inLanguage\":\"de\",\"@id\":\"https:\/\/www.bagnoitalia.com\/de\/produkt\/turtledove-or-anthracite-3x4-m-swivel-parasol-with-grey-aluminium-side-pole-ob07-2.html#primaryimage\",\"url\":\"https:\/\/img.bagnoitalia.com\/wp-content\/uploads\/virtuemart\/product\/garden-umbrella-3x4-m-ob07-anthracite-torture-1.jpg\",\"contentUrl\":\"https:\/\/img.bagnoitalia.com\/wp-content\/uploads\/virtuemart\/product\/garden-umbrella-3x4-m-ob07-anthracite-torture-1.jpg\",\"width\":550,\"height\":550},{\"@type\":\"BreadcrumbList\",\"@id\":\"https:\/\/www.bagnoitalia.com\/de\/produkt\/turtledove-or-anthracite-3x4-m-swivel-parasol-with-grey-aluminium-side-pole-ob07-2.html#breadcrumb\",\"itemListElement\":[{\"@type\":\"ListItem\",\"position\":1,\"name\":\"Home\",\"item\":\"https:\/\/www.bagnoitalia.com\/de\"},{\"@type\":\"ListItem\",\"position\":2,\"name\":\"Produkte\",\"item\":\"https:\/\/www.bagnoitalia.com\/de\/shop\"},{\"@type\":\"ListItem\",\"position\":3,\"name\":\"Drehbarer Sonnenschirm 3&#215;4 m in Turteltaube oder Anthrazit mit seitlichem Mast aus grauem Aluminium OB07\"}]},{\"@type\":\"WebSite\",\"@id\":\"https:\/\/www.bagnoitalia.com\/de#website\",\"url\":\"https:\/\/www.bagnoitalia.com\/de\",\"name\":\"Bagno Italia\",\"description\":\"\",\"publisher\":{\"@id\":\"https:\/\/www.bagnoitalia.com\/de#organization\"},\"potentialAction\":[{\"@type\":\"SearchAction\",\"target\":{\"@type\":\"EntryPoint\",\"urlTemplate\":\"https:\/\/www.bagnoitalia.com\/de?s={search_term_string}\"},\"query-input\":{\"@type\":\"PropertyValueSpecification\",\"valueRequired\":true,\"valueName\":\"search_term_string\"}}],\"inLanguage\":\"de\"},{\"@type\":\"Organization\",\"@id\":\"https:\/\/www.bagnoitalia.com\/de#organization\",\"name\":\"Bagno Italia\",\"url\":\"https:\/\/www.bagnoitalia.com\/de\",\"logo\":{\"@type\":\"ImageObject\",\"inLanguage\":\"de\",\"@id\":\"https:\/\/www.bagnoitalia.com\/de#\/schema\/logo\/image\/\",\"url\":\"https:\/\/img.bagnoitalia.com\/wp-content\/uploads\/logo-bagnoitalia.webp\",\"contentUrl\":\"https:\/\/img.bagnoitalia.com\/wp-content\/uploads\/logo-bagnoitalia.webp\",\"width\":400,\"height\":70,\"caption\":\"Bagno Italia\"},\"image\":{\"@id\":\"https:\/\/www.bagnoitalia.com\/de#\/schema\/logo\/image\/\"}}]}<\/script>\n<!-- \/ Yoast SEO plugin. -->","yoast_head_json":{"title":"Drehbarer Sonnenschirm 3x4 m in Turteltaube oder Anthrazit mit seitlichem Mast aus grauem Aluminium OB07","description":"Sonnenschirm f\u00fcr den Au\u00dfenbereich, z. B. f\u00fcr G\u00e4rten, Swimmingpools usw. Erh\u00e4ltlich in zwei Farben. Gesamth\u00f6he 275 cm.","robots":{"index":"index","follow":"follow","max-snippet":"max-snippet:-1","max-image-preview":"max-image-preview:large","max-video-preview":"max-video-preview:-1"},"canonical":"https:\/\/www.bagnoitalia.com\/de\/produkt\/turtledove-or-anthracite-3x4-m-swivel-parasol-with-grey-aluminium-side-pole-ob07-2.html","og_locale":"de_DE","og_type":"article","og_title":"Drehbarer Sonnenschirm 3x4 m in Turteltaube oder Anthrazit mit seitlichem Mast aus grauem Aluminium OB07","og_description":"Sonnenschirm f\u00fcr den Au\u00dfenbereich, z. B. f\u00fcr G\u00e4rten, Swimmingpools usw. Erh\u00e4ltlich in zwei Farben. Gesamth\u00f6he 275 cm.","og_url":"https:\/\/www.bagnoitalia.com\/de\/produkt\/turtledove-or-anthracite-3x4-m-swivel-parasol-with-grey-aluminium-side-pole-ob07-2.html","og_site_name":"Bagno Italia","article_modified_time":"2024-06-04T13:06:54+00:00","og_image":[{"width":550,"height":550,"url":"https:\/\/img.bagnoitalia.com\/wp-content\/uploads\/virtuemart\/product\/garden-umbrella-3x4-m-ob07-anthracite-torture-1.jpg","type":"image\/jpeg"}],"twitter_card":"summary_large_image","twitter_misc":{"Gesch\u00e4tzte Lesezeit":"1\u00a0Minute"},"schema":{"@context":"https:\/\/schema.org","@graph":[{"@type":"WebPage","@id":"https:\/\/www.bagnoitalia.com\/de\/produkt\/turtledove-or-anthracite-3x4-m-swivel-parasol-with-grey-aluminium-side-pole-ob07-2.html","url":"https:\/\/www.bagnoitalia.com\/de\/produkt\/turtledove-or-anthracite-3x4-m-swivel-parasol-with-grey-aluminium-side-pole-ob07-2.html","name":"Drehbarer Sonnenschirm 3x4 m in Turteltaube oder Anthrazit mit seitlichem Mast aus grauem Aluminium OB07","isPartOf":{"@id":"https:\/\/www.bagnoitalia.com\/de#website"},"primaryImageOfPage":{"@id":"https:\/\/www.bagnoitalia.com\/de\/produkt\/turtledove-or-anthracite-3x4-m-swivel-parasol-with-grey-aluminium-side-pole-ob07-2.html#primaryimage"},"image":{"@id":"https:\/\/www.bagnoitalia.com\/de\/produkt\/turtledove-or-anthracite-3x4-m-swivel-parasol-with-grey-aluminium-side-pole-ob07-2.html#primaryimage"},"thumbnailUrl":"https:\/\/img.bagnoitalia.com\/wp-content\/uploads\/virtuemart\/product\/garden-umbrella-3x4-m-ob07-anthracite-torture-1.jpg","datePublished":"2023-04-17T13:26:36+00:00","dateModified":"2024-06-04T13:06:54+00:00","description":"Sonnenschirm f\u00fcr den Au\u00dfenbereich, z. B. f\u00fcr G\u00e4rten, Swimmingpools usw. Erh\u00e4ltlich in zwei Farben. Gesamth\u00f6he 275 cm.","breadcrumb":{"@id":"https:\/\/www.bagnoitalia.com\/de\/produkt\/turtledove-or-anthracite-3x4-m-swivel-parasol-with-grey-aluminium-side-pole-ob07-2.html#breadcrumb"},"inLanguage":"de","potentialAction":[{"@type":"ReadAction","target":["https:\/\/www.bagnoitalia.com\/de\/produkt\/turtledove-or-anthracite-3x4-m-swivel-parasol-with-grey-aluminium-side-pole-ob07-2.html"]}]},{"@type":"ImageObject","inLanguage":"de","@id":"https:\/\/www.bagnoitalia.com\/de\/produkt\/turtledove-or-anthracite-3x4-m-swivel-parasol-with-grey-aluminium-side-pole-ob07-2.html#primaryimage","url":"https:\/\/img.bagnoitalia.com\/wp-content\/uploads\/virtuemart\/product\/garden-umbrella-3x4-m-ob07-anthracite-torture-1.jpg","contentUrl":"https:\/\/img.bagnoitalia.com\/wp-content\/uploads\/virtuemart\/product\/garden-umbrella-3x4-m-ob07-anthracite-torture-1.jpg","width":550,"height":550},{"@type":"BreadcrumbList","@id":"https:\/\/www.bagnoitalia.com\/de\/produkt\/turtledove-or-anthracite-3x4-m-swivel-parasol-with-grey-aluminium-side-pole-ob07-2.html#breadcrumb","itemListElement":[{"@type":"ListItem","position":1,"name":"Home","item":"https:\/\/www.bagnoitalia.com\/de"},{"@type":"ListItem","position":2,"name":"Produkte","item":"https:\/\/www.bagnoitalia.com\/de\/shop"},{"@type":"ListItem","position":3,"name":"Drehbarer Sonnenschirm 3&#215;4 m in Turteltaube oder Anthrazit mit seitlichem Mast aus grauem Aluminium OB07"}]},{"@type":"WebSite","@id":"https:\/\/www.bagnoitalia.com\/de#website","url":"https:\/\/www.bagnoitalia.com\/de","name":"Bagno Italia","description":"","publisher":{"@id":"https:\/\/www.bagnoitalia.com\/de#organization"},"potentialAction":[{"@type":"SearchAction","target":{"@type":"EntryPoint","urlTemplate":"https:\/\/www.bagnoitalia.com\/de?s={search_term_string}"},"query-input":{"@type":"PropertyValueSpecification","valueRequired":true,"valueName":"search_term_string"}}],"inLanguage":"de"},{"@type":"Organization","@id":"https:\/\/www.bagnoitalia.com\/de#organization","name":"Bagno Italia","url":"https:\/\/www.bagnoitalia.com\/de","logo":{"@type":"ImageObject","inLanguage":"de","@id":"https:\/\/www.bagnoitalia.com\/de#\/schema\/logo\/image\/","url":"https:\/\/img.bagnoitalia.com\/wp-content\/uploads\/logo-bagnoitalia.webp","contentUrl":"https:\/\/img.bagnoitalia.com\/wp-content\/uploads\/logo-bagnoitalia.webp","width":400,"height":70,"caption":"Bagno Italia"},"image":{"@id":"https:\/\/www.bagnoitalia.com\/de#\/schema\/logo\/image\/"}}]}},"_links":{"self":[{"href":"https:\/\/www.bagnoitalia.com\/de\/wp-json\/wp\/v2\/product\/83042","targetHints":{"allow":["GET"]}}],"collection":[{"href":"https:\/\/www.bagnoitalia.com\/de\/wp-json\/wp\/v2\/product"}],"about":[{"href":"https:\/\/www.bagnoitalia.com\/de\/wp-json\/wp\/v2\/types\/product"}],"replies":[{"embeddable":true,"href":"https:\/\/www.bagnoitalia.com\/de\/wp-json\/wp\/v2\/comments?post=83042"}],"version-history":[{"count":1,"href":"https:\/\/www.bagnoitalia.com\/de\/wp-json\/wp\/v2\/product\/83042\/revisions"}],"predecessor-version":[{"id":89298,"href":"https:\/\/www.bagnoitalia.com\/de\/wp-json\/wp\/v2\/product\/83042\/revisions\/89298"}],"wp:featuredmedia":[{"embeddable":true,"href":"https:\/\/www.bagnoitalia.com\/de\/wp-json\/wp\/v2\/media\/61533"}],"wp:attachment":[{"href":"https:\/\/www.bagnoitalia.com\/de\/wp-json\/wp\/v2\/media?parent=83042"}],"wp:term":[{"taxonomy":"product_brand","embeddable":true,"href":"https:\/\/www.bagnoitalia.com\/de\/wp-json\/wp\/v2\/product_brand?post=83042"},{"taxonomy":"product_cat","embeddable":true,"href":"https:\/\/www.bagnoitalia.com\/de\/wp-json\/wp\/v2\/product_cat?post=83042"},{"taxonomy":"product_tag","embeddable":true,"href":"https:\/\/www.bagnoitalia.com\/de\/wp-json\/wp\/v2\/product_tag?post=83042"}],"curies":[{"name":"wp","href":"https:\/\/api.w.org\/{rel}","templated":true}]}}