{"id":82958,"date":"2023-03-21T16:04:30","date_gmt":"2023-03-21T15:04:30","guid":{"rendered":"https:\/\/www.bagnoitalia.com\/product\/trevis-outdoor-furniture-for-4-persons-armchairs-with-coffee-table-and-sofa-available-in-3-colours-2"},"modified":"2024-05-23T15:29:44","modified_gmt":"2024-05-23T13:29:44","slug":"trevis-outdoor-furniture-for-4-persons-armchairs-with-coffee-table-and-sofa-available-in-3-colours-2","status":"publish","type":"product","link":"https:\/\/www.bagnoitalia.com\/de\/produkt\/trevis-outdoor-furniture-for-4-persons-armchairs-with-coffee-table-and-sofa-available-in-3-colours-2.html","title":{"rendered":"Trevis Gartenm\u00f6bel f\u00fcr 4 Personen Sessel mit Couchtisch und Sofa in 3 Farben erh\u00e4ltlich"},"content":{"rendered":"<p style=\"text-align: center;\"><span style=\"text-decoration: underline; color: #ff0000; font-size: 18pt;\"><strong>AUSSENWOHNZIMMER &#8218;TREVIS<\/strong><\/span><\/p>\n<p>&nbsp;<\/p>\n<p><span style=\"text-decoration: underline;\"><strong>DER OBEN GENANNTE PREIS BEINHALTET<\/strong><\/span><\/p>\n<p>n.1 Sofa mit Kissen<\/p>\n<p>1 Couchtisch<\/p>\n<p>n.2 Sessel mit Kissen<\/p>\n<p>&nbsp;<\/p>\n<p><span style=\"text-decoration: underline;\"><strong>PRODUKTEIGENSCHAFTEN:<\/strong><\/span><\/p>\n<p>Komplettes Set f\u00fcr den Au\u00dfenbereich, sowohl klassisch als auch modern, erh\u00e4ltlich in 3 Ausf\u00fchrungen: wei\u00df, braun oder anthrazit<\/p>\n<p>Die Abmessungen des Sofas sind 117&#215;64,5xH76 cm<\/p>\n<p>Die Ma\u00dfe der Sessel sind 63&#215;64,5xH76 cm (pro St\u00fcck)<\/p>\n<p>Die Ma\u00dfe des Tisches sind 60&#215;54,5xH40,5 cm<\/p>\n<p>Sitzkissen f\u00fcr das Sofa und die Sessel sind im Lieferumfang enthalten<\/p>\n<p>Material: Polypropylen mit Rattan-Effekt<\/p>\n<p>&nbsp;<\/p>\n<p>&nbsp;<\/p>\n<p>&nbsp;<\/p>\n<p>&nbsp;<\/p>\n<p>&nbsp;<\/p>\n<p>&nbsp;<\/p>\n<p>&nbsp;<\/p>\n<p>&nbsp;<\/p>\n<p>&nbsp;<\/p>\n<p>&nbsp;<\/p>\n<p>3413<br \/>\n3417<br \/>\n3418<\/p>\n","protected":false},"excerpt":{"rendered":"<p>Wohnzimmer im Garten und im Freien, klassisch oder modern, mit einem 2-Sitzer-Sofa, 2 Sesseln und einem Couchtisch.<\/p>\n","protected":false},"featured_media":60873,"comment_status":"open","ping_status":"closed","template":"","meta":[],"product_brand":[5004],"product_cat":[10013,9784],"product_tag":[],"class_list":{"0":"post-82958","1":"product","2":"type-product","3":"status-publish","4":"has-post-thumbnail","6":"product_brand-vari-produttori","7":"product_cat-outdoor-sofas-de","8":"product_cat-gartenmobel","10":"first","11":"instock","12":"sale","13":"taxable","14":"shipping-taxable","15":"purchasable","16":"product-type-simple"},"exclude_global_add_ons":false,"addons":[{"name":"Farbe","type":"multiple_choice","position":0,"required":true,"title_format":"heading","default":"","description_enable":false,"description":"","placeholder_enable":false,"placeholder":"","display":"select","restrictions_type":"any_text","adjust_price":false,"price":"","price_type":"flat_fee","restrictions":false,"min":"0","max":"0","options":[{"label":"Anthrazit","price":"","price_type":"quantity_based","image":0,"visibility":true},{"label":"Braun","price":"","price_type":"quantity_based","image":0,"visibility":true},{"label":"Wei\u00df","price":"","price_type":"quantity_based","image":0,"visibility":true}],"id":1716478185}],"yoast_head":"<!-- This site is optimized with the Yoast SEO plugin v26.7 - https:\/\/yoast.com\/wordpress\/plugins\/seo\/ -->\n<title>Trevis Gartenm\u00f6bel f\u00fcr 4 Personen Sessel mit Couchtisch und Sofa in 3 Farben erh\u00e4ltlich<\/title>\n<meta name=\"description\" content=\"Wohnzimmer im Garten und im Freien, klassisch oder modern, mit einem 2-Sitzer-Sofa, 2 Sesseln und einem Couchtisch.\" \/>\n<meta name=\"robots\" content=\"index, follow, max-snippet:-1, max-image-preview:large, max-video-preview:-1\" \/>\n<link rel=\"canonical\" href=\"https:\/\/www.bagnoitalia.com\/de\/produkt\/trevis-outdoor-furniture-for-4-persons-armchairs-with-coffee-table-and-sofa-available-in-3-colours-2.html\" \/>\n<meta property=\"og:locale\" content=\"de_DE\" \/>\n<meta property=\"og:type\" content=\"article\" \/>\n<meta property=\"og:title\" content=\"Trevis Gartenm\u00f6bel f\u00fcr 4 Personen Sessel mit Couchtisch und Sofa in 3 Farben erh\u00e4ltlich\" \/>\n<meta property=\"og:description\" content=\"Wohnzimmer im Garten und im Freien, klassisch oder modern, mit einem 2-Sitzer-Sofa, 2 Sesseln und einem Couchtisch.\" \/>\n<meta property=\"og:url\" content=\"https:\/\/www.bagnoitalia.com\/de\/produkt\/trevis-outdoor-furniture-for-4-persons-armchairs-with-coffee-table-and-sofa-available-in-3-colours-2.html\" \/>\n<meta property=\"og:site_name\" content=\"Bagno Italia\" \/>\n<meta property=\"article:modified_time\" content=\"2024-05-23T13:29:44+00:00\" \/>\n<meta property=\"og:image\" content=\"https:\/\/img.bagnoitalia.com\/wp-content\/uploads\/virtuemart\/product\/set-rattan-lounge-outdoor-sofa-chairs-Trevis-colours-1.jpg\" \/>\n\t<meta property=\"og:image:width\" content=\"550\" \/>\n\t<meta property=\"og:image:height\" content=\"550\" \/>\n\t<meta property=\"og:image:type\" content=\"image\/jpeg\" \/>\n<meta name=\"twitter:card\" content=\"summary_large_image\" \/>\n<meta name=\"twitter:label1\" content=\"Gesch\u00e4tzte Lesezeit\" \/>\n\t<meta name=\"twitter:data1\" content=\"1\u00a0Minute\" \/>\n<script type=\"application\/ld+json\" class=\"yoast-schema-graph\">{\"@context\":\"https:\/\/schema.org\",\"@graph\":[{\"@type\":\"WebPage\",\"@id\":\"https:\/\/www.bagnoitalia.com\/de\/produkt\/trevis-outdoor-furniture-for-4-persons-armchairs-with-coffee-table-and-sofa-available-in-3-colours-2.html\",\"url\":\"https:\/\/www.bagnoitalia.com\/de\/produkt\/trevis-outdoor-furniture-for-4-persons-armchairs-with-coffee-table-and-sofa-available-in-3-colours-2.html\",\"name\":\"Trevis Gartenm\u00f6bel f\u00fcr 4 Personen Sessel mit Couchtisch und Sofa in 3 Farben erh\u00e4ltlich\",\"isPartOf\":{\"@id\":\"https:\/\/www.bagnoitalia.com\/de#website\"},\"primaryImageOfPage\":{\"@id\":\"https:\/\/www.bagnoitalia.com\/de\/produkt\/trevis-outdoor-furniture-for-4-persons-armchairs-with-coffee-table-and-sofa-available-in-3-colours-2.html#primaryimage\"},\"image\":{\"@id\":\"https:\/\/www.bagnoitalia.com\/de\/produkt\/trevis-outdoor-furniture-for-4-persons-armchairs-with-coffee-table-and-sofa-available-in-3-colours-2.html#primaryimage\"},\"thumbnailUrl\":\"https:\/\/img.bagnoitalia.com\/wp-content\/uploads\/virtuemart\/product\/set-rattan-lounge-outdoor-sofa-chairs-Trevis-colours-1.jpg\",\"datePublished\":\"2023-03-21T15:04:30+00:00\",\"dateModified\":\"2024-05-23T13:29:44+00:00\",\"description\":\"Wohnzimmer im Garten und im Freien, klassisch oder modern, mit einem 2-Sitzer-Sofa, 2 Sesseln und einem Couchtisch.\",\"breadcrumb\":{\"@id\":\"https:\/\/www.bagnoitalia.com\/de\/produkt\/trevis-outdoor-furniture-for-4-persons-armchairs-with-coffee-table-and-sofa-available-in-3-colours-2.html#breadcrumb\"},\"inLanguage\":\"de\",\"potentialAction\":[{\"@type\":\"ReadAction\",\"target\":[\"https:\/\/www.bagnoitalia.com\/de\/produkt\/trevis-outdoor-furniture-for-4-persons-armchairs-with-coffee-table-and-sofa-available-in-3-colours-2.html\"]}]},{\"@type\":\"ImageObject\",\"inLanguage\":\"de\",\"@id\":\"https:\/\/www.bagnoitalia.com\/de\/produkt\/trevis-outdoor-furniture-for-4-persons-armchairs-with-coffee-table-and-sofa-available-in-3-colours-2.html#primaryimage\",\"url\":\"https:\/\/img.bagnoitalia.com\/wp-content\/uploads\/virtuemart\/product\/set-rattan-lounge-outdoor-sofa-chairs-Trevis-colours-1.jpg\",\"contentUrl\":\"https:\/\/img.bagnoitalia.com\/wp-content\/uploads\/virtuemart\/product\/set-rattan-lounge-outdoor-sofa-chairs-Trevis-colours-1.jpg\",\"width\":550,\"height\":550},{\"@type\":\"BreadcrumbList\",\"@id\":\"https:\/\/www.bagnoitalia.com\/de\/produkt\/trevis-outdoor-furniture-for-4-persons-armchairs-with-coffee-table-and-sofa-available-in-3-colours-2.html#breadcrumb\",\"itemListElement\":[{\"@type\":\"ListItem\",\"position\":1,\"name\":\"Home\",\"item\":\"https:\/\/www.bagnoitalia.com\/de\"},{\"@type\":\"ListItem\",\"position\":2,\"name\":\"Produkte\",\"item\":\"https:\/\/www.bagnoitalia.com\/de\/shop\"},{\"@type\":\"ListItem\",\"position\":3,\"name\":\"Trevis Gartenm\u00f6bel f\u00fcr 4 Personen Sessel mit Couchtisch und Sofa in 3 Farben erh\u00e4ltlich\"}]},{\"@type\":\"WebSite\",\"@id\":\"https:\/\/www.bagnoitalia.com\/de#website\",\"url\":\"https:\/\/www.bagnoitalia.com\/de\",\"name\":\"Bagno Italia\",\"description\":\"\",\"publisher\":{\"@id\":\"https:\/\/www.bagnoitalia.com\/de#organization\"},\"potentialAction\":[{\"@type\":\"SearchAction\",\"target\":{\"@type\":\"EntryPoint\",\"urlTemplate\":\"https:\/\/www.bagnoitalia.com\/de?s={search_term_string}\"},\"query-input\":{\"@type\":\"PropertyValueSpecification\",\"valueRequired\":true,\"valueName\":\"search_term_string\"}}],\"inLanguage\":\"de\"},{\"@type\":\"Organization\",\"@id\":\"https:\/\/www.bagnoitalia.com\/de#organization\",\"name\":\"Bagno Italia\",\"url\":\"https:\/\/www.bagnoitalia.com\/de\",\"logo\":{\"@type\":\"ImageObject\",\"inLanguage\":\"de\",\"@id\":\"https:\/\/www.bagnoitalia.com\/de#\/schema\/logo\/image\/\",\"url\":\"https:\/\/img.bagnoitalia.com\/wp-content\/uploads\/logo-bagnoitalia.webp\",\"contentUrl\":\"https:\/\/img.bagnoitalia.com\/wp-content\/uploads\/logo-bagnoitalia.webp\",\"width\":400,\"height\":70,\"caption\":\"Bagno Italia\"},\"image\":{\"@id\":\"https:\/\/www.bagnoitalia.com\/de#\/schema\/logo\/image\/\"}}]}<\/script>\n<!-- \/ Yoast SEO plugin. -->","yoast_head_json":{"title":"Trevis Gartenm\u00f6bel f\u00fcr 4 Personen Sessel mit Couchtisch und Sofa in 3 Farben erh\u00e4ltlich","description":"Wohnzimmer im Garten und im Freien, klassisch oder modern, mit einem 2-Sitzer-Sofa, 2 Sesseln und einem Couchtisch.","robots":{"index":"index","follow":"follow","max-snippet":"max-snippet:-1","max-image-preview":"max-image-preview:large","max-video-preview":"max-video-preview:-1"},"canonical":"https:\/\/www.bagnoitalia.com\/de\/produkt\/trevis-outdoor-furniture-for-4-persons-armchairs-with-coffee-table-and-sofa-available-in-3-colours-2.html","og_locale":"de_DE","og_type":"article","og_title":"Trevis Gartenm\u00f6bel f\u00fcr 4 Personen Sessel mit Couchtisch und Sofa in 3 Farben erh\u00e4ltlich","og_description":"Wohnzimmer im Garten und im Freien, klassisch oder modern, mit einem 2-Sitzer-Sofa, 2 Sesseln und einem Couchtisch.","og_url":"https:\/\/www.bagnoitalia.com\/de\/produkt\/trevis-outdoor-furniture-for-4-persons-armchairs-with-coffee-table-and-sofa-available-in-3-colours-2.html","og_site_name":"Bagno Italia","article_modified_time":"2024-05-23T13:29:44+00:00","og_image":[{"width":550,"height":550,"url":"https:\/\/img.bagnoitalia.com\/wp-content\/uploads\/virtuemart\/product\/set-rattan-lounge-outdoor-sofa-chairs-Trevis-colours-1.jpg","type":"image\/jpeg"}],"twitter_card":"summary_large_image","twitter_misc":{"Gesch\u00e4tzte Lesezeit":"1\u00a0Minute"},"schema":{"@context":"https:\/\/schema.org","@graph":[{"@type":"WebPage","@id":"https:\/\/www.bagnoitalia.com\/de\/produkt\/trevis-outdoor-furniture-for-4-persons-armchairs-with-coffee-table-and-sofa-available-in-3-colours-2.html","url":"https:\/\/www.bagnoitalia.com\/de\/produkt\/trevis-outdoor-furniture-for-4-persons-armchairs-with-coffee-table-and-sofa-available-in-3-colours-2.html","name":"Trevis Gartenm\u00f6bel f\u00fcr 4 Personen Sessel mit Couchtisch und Sofa in 3 Farben erh\u00e4ltlich","isPartOf":{"@id":"https:\/\/www.bagnoitalia.com\/de#website"},"primaryImageOfPage":{"@id":"https:\/\/www.bagnoitalia.com\/de\/produkt\/trevis-outdoor-furniture-for-4-persons-armchairs-with-coffee-table-and-sofa-available-in-3-colours-2.html#primaryimage"},"image":{"@id":"https:\/\/www.bagnoitalia.com\/de\/produkt\/trevis-outdoor-furniture-for-4-persons-armchairs-with-coffee-table-and-sofa-available-in-3-colours-2.html#primaryimage"},"thumbnailUrl":"https:\/\/img.bagnoitalia.com\/wp-content\/uploads\/virtuemart\/product\/set-rattan-lounge-outdoor-sofa-chairs-Trevis-colours-1.jpg","datePublished":"2023-03-21T15:04:30+00:00","dateModified":"2024-05-23T13:29:44+00:00","description":"Wohnzimmer im Garten und im Freien, klassisch oder modern, mit einem 2-Sitzer-Sofa, 2 Sesseln und einem Couchtisch.","breadcrumb":{"@id":"https:\/\/www.bagnoitalia.com\/de\/produkt\/trevis-outdoor-furniture-for-4-persons-armchairs-with-coffee-table-and-sofa-available-in-3-colours-2.html#breadcrumb"},"inLanguage":"de","potentialAction":[{"@type":"ReadAction","target":["https:\/\/www.bagnoitalia.com\/de\/produkt\/trevis-outdoor-furniture-for-4-persons-armchairs-with-coffee-table-and-sofa-available-in-3-colours-2.html"]}]},{"@type":"ImageObject","inLanguage":"de","@id":"https:\/\/www.bagnoitalia.com\/de\/produkt\/trevis-outdoor-furniture-for-4-persons-armchairs-with-coffee-table-and-sofa-available-in-3-colours-2.html#primaryimage","url":"https:\/\/img.bagnoitalia.com\/wp-content\/uploads\/virtuemart\/product\/set-rattan-lounge-outdoor-sofa-chairs-Trevis-colours-1.jpg","contentUrl":"https:\/\/img.bagnoitalia.com\/wp-content\/uploads\/virtuemart\/product\/set-rattan-lounge-outdoor-sofa-chairs-Trevis-colours-1.jpg","width":550,"height":550},{"@type":"BreadcrumbList","@id":"https:\/\/www.bagnoitalia.com\/de\/produkt\/trevis-outdoor-furniture-for-4-persons-armchairs-with-coffee-table-and-sofa-available-in-3-colours-2.html#breadcrumb","itemListElement":[{"@type":"ListItem","position":1,"name":"Home","item":"https:\/\/www.bagnoitalia.com\/de"},{"@type":"ListItem","position":2,"name":"Produkte","item":"https:\/\/www.bagnoitalia.com\/de\/shop"},{"@type":"ListItem","position":3,"name":"Trevis Gartenm\u00f6bel f\u00fcr 4 Personen Sessel mit Couchtisch und Sofa in 3 Farben erh\u00e4ltlich"}]},{"@type":"WebSite","@id":"https:\/\/www.bagnoitalia.com\/de#website","url":"https:\/\/www.bagnoitalia.com\/de","name":"Bagno Italia","description":"","publisher":{"@id":"https:\/\/www.bagnoitalia.com\/de#organization"},"potentialAction":[{"@type":"SearchAction","target":{"@type":"EntryPoint","urlTemplate":"https:\/\/www.bagnoitalia.com\/de?s={search_term_string}"},"query-input":{"@type":"PropertyValueSpecification","valueRequired":true,"valueName":"search_term_string"}}],"inLanguage":"de"},{"@type":"Organization","@id":"https:\/\/www.bagnoitalia.com\/de#organization","name":"Bagno Italia","url":"https:\/\/www.bagnoitalia.com\/de","logo":{"@type":"ImageObject","inLanguage":"de","@id":"https:\/\/www.bagnoitalia.com\/de#\/schema\/logo\/image\/","url":"https:\/\/img.bagnoitalia.com\/wp-content\/uploads\/logo-bagnoitalia.webp","contentUrl":"https:\/\/img.bagnoitalia.com\/wp-content\/uploads\/logo-bagnoitalia.webp","width":400,"height":70,"caption":"Bagno Italia"},"image":{"@id":"https:\/\/www.bagnoitalia.com\/de#\/schema\/logo\/image\/"}}]}},"_links":{"self":[{"href":"https:\/\/www.bagnoitalia.com\/de\/wp-json\/wp\/v2\/product\/82958","targetHints":{"allow":["GET"]}}],"collection":[{"href":"https:\/\/www.bagnoitalia.com\/de\/wp-json\/wp\/v2\/product"}],"about":[{"href":"https:\/\/www.bagnoitalia.com\/de\/wp-json\/wp\/v2\/types\/product"}],"replies":[{"embeddable":true,"href":"https:\/\/www.bagnoitalia.com\/de\/wp-json\/wp\/v2\/comments?post=82958"}],"version-history":[{"count":1,"href":"https:\/\/www.bagnoitalia.com\/de\/wp-json\/wp\/v2\/product\/82958\/revisions"}],"predecessor-version":[{"id":87849,"href":"https:\/\/www.bagnoitalia.com\/de\/wp-json\/wp\/v2\/product\/82958\/revisions\/87849"}],"wp:featuredmedia":[{"embeddable":true,"href":"https:\/\/www.bagnoitalia.com\/de\/wp-json\/wp\/v2\/media\/60873"}],"wp:attachment":[{"href":"https:\/\/www.bagnoitalia.com\/de\/wp-json\/wp\/v2\/media?parent=82958"}],"wp:term":[{"taxonomy":"product_brand","embeddable":true,"href":"https:\/\/www.bagnoitalia.com\/de\/wp-json\/wp\/v2\/product_brand?post=82958"},{"taxonomy":"product_cat","embeddable":true,"href":"https:\/\/www.bagnoitalia.com\/de\/wp-json\/wp\/v2\/product_cat?post=82958"},{"taxonomy":"product_tag","embeddable":true,"href":"https:\/\/www.bagnoitalia.com\/de\/wp-json\/wp\/v2\/product_tag?post=82958"}],"curies":[{"name":"wp","href":"https:\/\/api.w.org\/{rel}","templated":true}]}}