{"id":82906,"date":"2023-03-13T15:46:36","date_gmt":"2023-03-13T14:46:36","guid":{"rendered":"https:\/\/www.bagnoitalia.com\/product\/gabriel-black-170x96-cm-3-seater-faux-leather-sofa-bed-with-anti-tilt-system-2"},"modified":"2023-03-13T15:46:36","modified_gmt":"2023-03-13T14:46:36","slug":"gabriel-black-170x96-cm-3-seater-faux-leather-sofa-bed-with-anti-tilt-system-2","status":"publish","type":"product","link":"https:\/\/www.bagnoitalia.com\/de\/produkt\/gabriel-black-170x96-cm-3-seater-faux-leather-sofa-bed-with-anti-tilt-system-2.html","title":{"rendered":"Gabriel schwarz 170&#215;96 cm 3-Sitzer Kunstleder Schlafsofa mit Anti-Kipp-System"},"content":{"rendered":"<p style=\"text-align: center;\"><span style=\"text-decoration: underline; color: #ff0000; font-size: 18pt;\"><strong>SCHWARZES KUNSTLEDER-BETTSOFA &#8218;GABRIEL<\/strong><\/span><\/p>\n<p>&nbsp;<\/p>\n<p><span style=\"text-decoration: underline;\"><strong>FEATURES<\/strong><\/span><\/p>\n<p>Modernes Sofa, geeignet f\u00fcr bis zu 3 Personen<\/p>\n<p>Ma\u00dfe im geschlossenen Zustand (Sofaposition): 170xP77xH75 cm<\/p>\n<p>Ma\u00dfe im ge\u00f6ffneten Zustand (Bettposition): 170xP96xH38 cm<\/p>\n<p>Verstellbar in eine Einzelbettposition<\/p>\n<p>Mit Anti-Kipp-System<\/p>\n<p>Kunstlederpolsterung in Schwarz<\/p>\n<p>Schaumstoff-Polsterung<\/p>\n<p>4 verchromte Metallf\u00fc\u00dfe<\/p>\n<p>&nbsp;<\/p>\n","protected":false},"excerpt":{"rendered":"<p>Modernes Sofa, das sich in eine eineinhalb Meter hohe Liegeposition verwandeln l\u00e4sst. Gepolstert mit schwarzem Kunstleder. Mit 4 verchromten Metallf\u00fc\u00dfen.<\/p>\n","protected":false},"featured_media":60489,"comment_status":"open","ping_status":"closed","template":"","meta":[],"product_brand":[5021],"product_cat":[9796],"product_tag":[],"class_list":{"0":"post-82906","1":"product","2":"type-product","3":"status-publish","4":"has-post-thumbnail","6":"product_brand-predator-arredo-casa","7":"product_cat-schlafsofa-inneneinrichtung","9":"first","10":"instock","11":"sale","12":"taxable","13":"shipping-taxable","14":"purchasable","15":"product-type-simple"},"exclude_global_add_ons":[],"addons":[],"yoast_head":"<!-- This site is optimized with the Yoast SEO plugin v26.7 - https:\/\/yoast.com\/wordpress\/plugins\/seo\/ -->\n<title>Gabriel schwarz 170x96 cm 3-Sitzer Kunstleder Schlafsofa mit Anti-Kipp-System<\/title>\n<meta name=\"description\" content=\"Modernes Sofa, das sich in eine eineinhalb Meter hohe Liegeposition verwandeln l\u00e4sst. Gepolstert mit schwarzem Kunstleder. Mit 4 verchromten Metallf\u00fc\u00dfen.&#013;&#010;\" \/>\n<meta name=\"robots\" content=\"index, follow, max-snippet:-1, max-image-preview:large, max-video-preview:-1\" \/>\n<link rel=\"canonical\" href=\"https:\/\/www.bagnoitalia.com\/de\/produkt\/gabriel-black-170x96-cm-3-seater-faux-leather-sofa-bed-with-anti-tilt-system-2.html\" \/>\n<meta property=\"og:locale\" content=\"de_DE\" \/>\n<meta property=\"og:type\" content=\"article\" \/>\n<meta property=\"og:title\" content=\"Gabriel schwarz 170x96 cm 3-Sitzer Kunstleder Schlafsofa mit Anti-Kipp-System\" \/>\n<meta property=\"og:description\" content=\"Modernes Sofa, das sich in eine eineinhalb Meter hohe Liegeposition verwandeln l\u00e4sst. Gepolstert mit schwarzem Kunstleder. Mit 4 verchromten Metallf\u00fc\u00dfen.&#013;&#010;\" \/>\n<meta property=\"og:url\" content=\"https:\/\/www.bagnoitalia.com\/de\/produkt\/gabriel-black-170x96-cm-3-seater-faux-leather-sofa-bed-with-anti-tilt-system-2.html\" \/>\n<meta property=\"og:site_name\" content=\"Bagno Italia\" \/>\n<meta property=\"og:image\" content=\"https:\/\/img.bagnoitalia.com\/wp-content\/uploads\/virtuemart\/product\/sofa-bed-ecloth-leather-black-gabriel-170x96-cm-1.jpg\" \/>\n\t<meta property=\"og:image:width\" content=\"550\" \/>\n\t<meta property=\"og:image:height\" content=\"550\" \/>\n\t<meta property=\"og:image:type\" content=\"image\/jpeg\" \/>\n<meta name=\"twitter:card\" content=\"summary_large_image\" \/>\n<script type=\"application\/ld+json\" class=\"yoast-schema-graph\">{\"@context\":\"https:\/\/schema.org\",\"@graph\":[{\"@type\":\"WebPage\",\"@id\":\"https:\/\/www.bagnoitalia.com\/de\/produkt\/gabriel-black-170x96-cm-3-seater-faux-leather-sofa-bed-with-anti-tilt-system-2.html\",\"url\":\"https:\/\/www.bagnoitalia.com\/de\/produkt\/gabriel-black-170x96-cm-3-seater-faux-leather-sofa-bed-with-anti-tilt-system-2.html\",\"name\":\"Gabriel schwarz 170x96 cm 3-Sitzer Kunstleder Schlafsofa mit Anti-Kipp-System\",\"isPartOf\":{\"@id\":\"https:\/\/www.bagnoitalia.com\/de#website\"},\"primaryImageOfPage\":{\"@id\":\"https:\/\/www.bagnoitalia.com\/de\/produkt\/gabriel-black-170x96-cm-3-seater-faux-leather-sofa-bed-with-anti-tilt-system-2.html#primaryimage\"},\"image\":{\"@id\":\"https:\/\/www.bagnoitalia.com\/de\/produkt\/gabriel-black-170x96-cm-3-seater-faux-leather-sofa-bed-with-anti-tilt-system-2.html#primaryimage\"},\"thumbnailUrl\":\"https:\/\/img.bagnoitalia.com\/wp-content\/uploads\/virtuemart\/product\/sofa-bed-ecloth-leather-black-gabriel-170x96-cm-1.jpg\",\"datePublished\":\"2023-03-13T14:46:36+00:00\",\"description\":\"Modernes Sofa, das sich in eine eineinhalb Meter hohe Liegeposition verwandeln l\u00e4sst. Gepolstert mit schwarzem Kunstleder. Mit 4 verchromten Metallf\u00fc\u00dfen.&#13;&#10;\",\"breadcrumb\":{\"@id\":\"https:\/\/www.bagnoitalia.com\/de\/produkt\/gabriel-black-170x96-cm-3-seater-faux-leather-sofa-bed-with-anti-tilt-system-2.html#breadcrumb\"},\"inLanguage\":\"de\",\"potentialAction\":[{\"@type\":\"ReadAction\",\"target\":[\"https:\/\/www.bagnoitalia.com\/de\/produkt\/gabriel-black-170x96-cm-3-seater-faux-leather-sofa-bed-with-anti-tilt-system-2.html\"]}]},{\"@type\":\"ImageObject\",\"inLanguage\":\"de\",\"@id\":\"https:\/\/www.bagnoitalia.com\/de\/produkt\/gabriel-black-170x96-cm-3-seater-faux-leather-sofa-bed-with-anti-tilt-system-2.html#primaryimage\",\"url\":\"https:\/\/img.bagnoitalia.com\/wp-content\/uploads\/virtuemart\/product\/sofa-bed-ecloth-leather-black-gabriel-170x96-cm-1.jpg\",\"contentUrl\":\"https:\/\/img.bagnoitalia.com\/wp-content\/uploads\/virtuemart\/product\/sofa-bed-ecloth-leather-black-gabriel-170x96-cm-1.jpg\",\"width\":550,\"height\":550},{\"@type\":\"BreadcrumbList\",\"@id\":\"https:\/\/www.bagnoitalia.com\/de\/produkt\/gabriel-black-170x96-cm-3-seater-faux-leather-sofa-bed-with-anti-tilt-system-2.html#breadcrumb\",\"itemListElement\":[{\"@type\":\"ListItem\",\"position\":1,\"name\":\"Home\",\"item\":\"https:\/\/www.bagnoitalia.com\/de\"},{\"@type\":\"ListItem\",\"position\":2,\"name\":\"Produkte\",\"item\":\"https:\/\/www.bagnoitalia.com\/de\/shop\"},{\"@type\":\"ListItem\",\"position\":3,\"name\":\"Gabriel schwarz 170&#215;96 cm 3-Sitzer Kunstleder Schlafsofa mit Anti-Kipp-System\"}]},{\"@type\":\"WebSite\",\"@id\":\"https:\/\/www.bagnoitalia.com\/de#website\",\"url\":\"https:\/\/www.bagnoitalia.com\/de\",\"name\":\"Bagno Italia\",\"description\":\"\",\"publisher\":{\"@id\":\"https:\/\/www.bagnoitalia.com\/de#organization\"},\"potentialAction\":[{\"@type\":\"SearchAction\",\"target\":{\"@type\":\"EntryPoint\",\"urlTemplate\":\"https:\/\/www.bagnoitalia.com\/de?s={search_term_string}\"},\"query-input\":{\"@type\":\"PropertyValueSpecification\",\"valueRequired\":true,\"valueName\":\"search_term_string\"}}],\"inLanguage\":\"de\"},{\"@type\":\"Organization\",\"@id\":\"https:\/\/www.bagnoitalia.com\/de#organization\",\"name\":\"Bagno Italia\",\"url\":\"https:\/\/www.bagnoitalia.com\/de\",\"logo\":{\"@type\":\"ImageObject\",\"inLanguage\":\"de\",\"@id\":\"https:\/\/www.bagnoitalia.com\/de#\/schema\/logo\/image\/\",\"url\":\"https:\/\/img.bagnoitalia.com\/wp-content\/uploads\/logo-bagnoitalia.webp\",\"contentUrl\":\"https:\/\/img.bagnoitalia.com\/wp-content\/uploads\/logo-bagnoitalia.webp\",\"width\":400,\"height\":70,\"caption\":\"Bagno Italia\"},\"image\":{\"@id\":\"https:\/\/www.bagnoitalia.com\/de#\/schema\/logo\/image\/\"}}]}<\/script>\n<!-- \/ Yoast SEO plugin. -->","yoast_head_json":{"title":"Gabriel schwarz 170x96 cm 3-Sitzer Kunstleder Schlafsofa mit Anti-Kipp-System","description":"Modernes Sofa, das sich in eine eineinhalb Meter hohe Liegeposition verwandeln l\u00e4sst. Gepolstert mit schwarzem Kunstleder. Mit 4 verchromten Metallf\u00fc\u00dfen.&#13;&#10;","robots":{"index":"index","follow":"follow","max-snippet":"max-snippet:-1","max-image-preview":"max-image-preview:large","max-video-preview":"max-video-preview:-1"},"canonical":"https:\/\/www.bagnoitalia.com\/de\/produkt\/gabriel-black-170x96-cm-3-seater-faux-leather-sofa-bed-with-anti-tilt-system-2.html","og_locale":"de_DE","og_type":"article","og_title":"Gabriel schwarz 170x96 cm 3-Sitzer Kunstleder Schlafsofa mit Anti-Kipp-System","og_description":"Modernes Sofa, das sich in eine eineinhalb Meter hohe Liegeposition verwandeln l\u00e4sst. Gepolstert mit schwarzem Kunstleder. Mit 4 verchromten Metallf\u00fc\u00dfen.&#13;&#10;","og_url":"https:\/\/www.bagnoitalia.com\/de\/produkt\/gabriel-black-170x96-cm-3-seater-faux-leather-sofa-bed-with-anti-tilt-system-2.html","og_site_name":"Bagno Italia","og_image":[{"width":550,"height":550,"url":"https:\/\/img.bagnoitalia.com\/wp-content\/uploads\/virtuemart\/product\/sofa-bed-ecloth-leather-black-gabriel-170x96-cm-1.jpg","type":"image\/jpeg"}],"twitter_card":"summary_large_image","schema":{"@context":"https:\/\/schema.org","@graph":[{"@type":"WebPage","@id":"https:\/\/www.bagnoitalia.com\/de\/produkt\/gabriel-black-170x96-cm-3-seater-faux-leather-sofa-bed-with-anti-tilt-system-2.html","url":"https:\/\/www.bagnoitalia.com\/de\/produkt\/gabriel-black-170x96-cm-3-seater-faux-leather-sofa-bed-with-anti-tilt-system-2.html","name":"Gabriel schwarz 170x96 cm 3-Sitzer Kunstleder Schlafsofa mit Anti-Kipp-System","isPartOf":{"@id":"https:\/\/www.bagnoitalia.com\/de#website"},"primaryImageOfPage":{"@id":"https:\/\/www.bagnoitalia.com\/de\/produkt\/gabriel-black-170x96-cm-3-seater-faux-leather-sofa-bed-with-anti-tilt-system-2.html#primaryimage"},"image":{"@id":"https:\/\/www.bagnoitalia.com\/de\/produkt\/gabriel-black-170x96-cm-3-seater-faux-leather-sofa-bed-with-anti-tilt-system-2.html#primaryimage"},"thumbnailUrl":"https:\/\/img.bagnoitalia.com\/wp-content\/uploads\/virtuemart\/product\/sofa-bed-ecloth-leather-black-gabriel-170x96-cm-1.jpg","datePublished":"2023-03-13T14:46:36+00:00","description":"Modernes Sofa, das sich in eine eineinhalb Meter hohe Liegeposition verwandeln l\u00e4sst. Gepolstert mit schwarzem Kunstleder. Mit 4 verchromten Metallf\u00fc\u00dfen.&#13;&#10;","breadcrumb":{"@id":"https:\/\/www.bagnoitalia.com\/de\/produkt\/gabriel-black-170x96-cm-3-seater-faux-leather-sofa-bed-with-anti-tilt-system-2.html#breadcrumb"},"inLanguage":"de","potentialAction":[{"@type":"ReadAction","target":["https:\/\/www.bagnoitalia.com\/de\/produkt\/gabriel-black-170x96-cm-3-seater-faux-leather-sofa-bed-with-anti-tilt-system-2.html"]}]},{"@type":"ImageObject","inLanguage":"de","@id":"https:\/\/www.bagnoitalia.com\/de\/produkt\/gabriel-black-170x96-cm-3-seater-faux-leather-sofa-bed-with-anti-tilt-system-2.html#primaryimage","url":"https:\/\/img.bagnoitalia.com\/wp-content\/uploads\/virtuemart\/product\/sofa-bed-ecloth-leather-black-gabriel-170x96-cm-1.jpg","contentUrl":"https:\/\/img.bagnoitalia.com\/wp-content\/uploads\/virtuemart\/product\/sofa-bed-ecloth-leather-black-gabriel-170x96-cm-1.jpg","width":550,"height":550},{"@type":"BreadcrumbList","@id":"https:\/\/www.bagnoitalia.com\/de\/produkt\/gabriel-black-170x96-cm-3-seater-faux-leather-sofa-bed-with-anti-tilt-system-2.html#breadcrumb","itemListElement":[{"@type":"ListItem","position":1,"name":"Home","item":"https:\/\/www.bagnoitalia.com\/de"},{"@type":"ListItem","position":2,"name":"Produkte","item":"https:\/\/www.bagnoitalia.com\/de\/shop"},{"@type":"ListItem","position":3,"name":"Gabriel schwarz 170&#215;96 cm 3-Sitzer Kunstleder Schlafsofa mit Anti-Kipp-System"}]},{"@type":"WebSite","@id":"https:\/\/www.bagnoitalia.com\/de#website","url":"https:\/\/www.bagnoitalia.com\/de","name":"Bagno Italia","description":"","publisher":{"@id":"https:\/\/www.bagnoitalia.com\/de#organization"},"potentialAction":[{"@type":"SearchAction","target":{"@type":"EntryPoint","urlTemplate":"https:\/\/www.bagnoitalia.com\/de?s={search_term_string}"},"query-input":{"@type":"PropertyValueSpecification","valueRequired":true,"valueName":"search_term_string"}}],"inLanguage":"de"},{"@type":"Organization","@id":"https:\/\/www.bagnoitalia.com\/de#organization","name":"Bagno Italia","url":"https:\/\/www.bagnoitalia.com\/de","logo":{"@type":"ImageObject","inLanguage":"de","@id":"https:\/\/www.bagnoitalia.com\/de#\/schema\/logo\/image\/","url":"https:\/\/img.bagnoitalia.com\/wp-content\/uploads\/logo-bagnoitalia.webp","contentUrl":"https:\/\/img.bagnoitalia.com\/wp-content\/uploads\/logo-bagnoitalia.webp","width":400,"height":70,"caption":"Bagno Italia"},"image":{"@id":"https:\/\/www.bagnoitalia.com\/de#\/schema\/logo\/image\/"}}]}},"_links":{"self":[{"href":"https:\/\/www.bagnoitalia.com\/de\/wp-json\/wp\/v2\/product\/82906","targetHints":{"allow":["GET"]}}],"collection":[{"href":"https:\/\/www.bagnoitalia.com\/de\/wp-json\/wp\/v2\/product"}],"about":[{"href":"https:\/\/www.bagnoitalia.com\/de\/wp-json\/wp\/v2\/types\/product"}],"replies":[{"embeddable":true,"href":"https:\/\/www.bagnoitalia.com\/de\/wp-json\/wp\/v2\/comments?post=82906"}],"version-history":[{"count":0,"href":"https:\/\/www.bagnoitalia.com\/de\/wp-json\/wp\/v2\/product\/82906\/revisions"}],"wp:featuredmedia":[{"embeddable":true,"href":"https:\/\/www.bagnoitalia.com\/de\/wp-json\/wp\/v2\/media\/60489"}],"wp:attachment":[{"href":"https:\/\/www.bagnoitalia.com\/de\/wp-json\/wp\/v2\/media?parent=82906"}],"wp:term":[{"taxonomy":"product_brand","embeddable":true,"href":"https:\/\/www.bagnoitalia.com\/de\/wp-json\/wp\/v2\/product_brand?post=82906"},{"taxonomy":"product_cat","embeddable":true,"href":"https:\/\/www.bagnoitalia.com\/de\/wp-json\/wp\/v2\/product_cat?post=82906"},{"taxonomy":"product_tag","embeddable":true,"href":"https:\/\/www.bagnoitalia.com\/de\/wp-json\/wp\/v2\/product_tag?post=82906"}],"curies":[{"name":"wp","href":"https:\/\/api.w.org\/{rel}","templated":true}]}}