{"id":82902,"date":"2023-03-06T16:45:14","date_gmt":"2023-03-06T15:45:14","guid":{"rendered":"https:\/\/www.bagnoitalia.com\/product\/inflatable-whirlpool-mspa-173-cm-with-ozone-therapy-outdoor-motor-6-seats-mg07-2"},"modified":"2026-03-26T11:46:22","modified_gmt":"2026-03-26T10:46:22","slug":"inflatable-whirlpool-mspa-173-cm-with-ozone-therapy-outdoor-motor-6-seats-mg07-2","status":"publish","type":"product","link":"https:\/\/www.bagnoitalia.com\/de\/produkt\/inflatable-whirlpool-mspa-173-cm-with-ozone-therapy-outdoor-motor-6-seats-mg07-2.html","title":{"rendered":"Mspa aufblasbaren Whirlpool 173 oder 193 cm mit Ozon-Therapie externen Motor 6 Sitze auch mit wifi und bluetooth MG07"},"content":{"rendered":"<p style=\"text-align: center;\"><span style=\"text-decoration: underline; color: #ff0000; font-size: 18pt;\"><strong>Mspa HYDROMASSAGE POOL MG07<\/strong><\/span><\/p>\n<p>&nbsp;<\/p>\n<p>VERF\u00dcGBARE VERSIONEN:<\/p>\n<p>&#8211; 173cm Standard, mit 138 D\u00fcsen und 1,5 kW Heizung<\/p>\n<p>&#8211; 173cm SMART, mit 138 D\u00fcsen, wi-fi, Bluetooth und 2,2 kW Heizung<\/p>\n<p>&#8211; 193cm SMART, mit 144 D\u00fcsen, wi-fi, Bluetooth und 2,2 kW Heizleistung<\/p>\n<p>&nbsp;<\/p>\n<p>DETAILS ZUM PRODUKT:<\/p>\n<p>Externer Motor<\/p>\n<p>Gesamth\u00f6he 68 cm<\/p>\n<p>Luft-Hydromassage mit D\u00fcsen mit 3 einstellbaren Str\u00f6mungsgeschwindigkeiten (max. Verbrauch 720W)<\/p>\n<p>Heizung: erh\u00f6ht die Temperatur um 1,2-1,8\u00b0C\/Stunde (max. 42\u00b0C)<\/p>\n<p>Wasserfeste Touch-Fernbedienung mit LCD-System<\/p>\n<p>5,5 W Ozontherapie (Ozonaussto\u00df: 30-50 mg\/Std.)<\/p>\n<p>Steuerung der Temperatur<\/p>\n<p>12V\/60W Wasserfiltersystem (2 Filter im Lieferumfang enthalten)<\/p>\n<p>Maximales Fassungsverm\u00f6gen: 930 Liter<\/p>\n<p>Stromversorgung: 220-240 Volt<\/p>\n<p>720W Luft-Whirlpool-Pumpe<\/p>\n<p>Rhino-TechTM Premium 6-lagiges verst\u00e4rktes PVC-Material<\/p>\n<p>Verst\u00e4rkte PVC-Abdeckung<\/p>\n<p>Luftkammer<\/p>\n<p>Beschichtung zur Temperaturerhaltung<\/p>\n<p>Schaumstoffmatte<\/p>\n<p>Manometer<\/p>\n<p>Pumpe<\/p>\n<p>Adapter f\u00fcr Auspuffschlauch<\/p>\n<p>Zertifizierungen: CE, ISO9001-2008<\/p>\n<p>&nbsp;<\/p>\n<p><a href=\"images\/manuali\/mg07-manuale-01.pdf\">Klicken Sie hier, um das Handbuch herunterzuladen<\/a><\/p>\n","protected":false},"excerpt":{"rendered":"<p>Der Mspa-Minipool ist in zwei Gr\u00f6\u00dfen und in Standard- oder Smart-Versionen erh\u00e4ltlich. Die intelligenten Versionen umfassen WiFi und Bluetooth.<\/p>\n","protected":false},"featured_media":60441,"comment_status":"open","ping_status":"closed","template":"","meta":[],"product_brand":[9925],"product_cat":[9776],"product_tag":[],"class_list":{"0":"post-82902","1":"product","2":"type-product","3":"status-publish","4":"has-post-thumbnail","6":"product_brand-predator-arredo-casa-de","7":"product_cat-whirlpool-aufblasbar","9":"first","10":"instock","11":"sale","12":"taxable","13":"shipping-taxable","14":"purchasable","15":"product-type-simple"},"exclude_global_add_ons":false,"addons":[{"name":"Typologie","type":"multiple_choice","position":0,"required":true,"title_format":"heading","default":"","description_enable":false,"description":"","placeholder_enable":false,"placeholder":"","display":"select","restrictions_type":"any_text","adjust_price":false,"price":"","price_type":"flat_fee","restrictions":false,"min":"0","max":"0","options":[{"label":"173cm Standard","price":"","price_type":"quantity_based","image":0,"visibility":true},{"label":"173cm SMART (mit WLAN und Bluetooth)","price":"10","price_type":"quantity_based","image":0,"visibility":true},{"label":"193cm SMART (mit WLAN und Bluetooth)","price":"230","price_type":"quantity_based","image":0,"visibility":true}],"id":1716545463}],"yoast_head":"<!-- This site is optimized with the Yoast SEO plugin v26.7 - https:\/\/yoast.com\/wordpress\/plugins\/seo\/ -->\n<title>Mspa aufblasbaren Whirlpool 173 oder 193 cm mit Ozon-Therapie externen Motor 6 Sitze auch mit wifi und bluetooth MG07<\/title>\n<meta name=\"description\" content=\"Der Mspa-Minipool ist in zwei Gr\u00f6\u00dfen und in Standard- oder Smart-Versionen erh\u00e4ltlich. Die intelligenten Versionen umfassen WiFi und Bluetooth.\" \/>\n<meta name=\"robots\" content=\"index, follow, max-snippet:-1, max-image-preview:large, max-video-preview:-1\" \/>\n<link rel=\"canonical\" href=\"https:\/\/www.bagnoitalia.com\/de\/produkt\/inflatable-whirlpool-mspa-173-cm-with-ozone-therapy-outdoor-motor-6-seats-mg07-2.html\" \/>\n<meta property=\"og:locale\" content=\"de_DE\" \/>\n<meta property=\"og:type\" content=\"article\" \/>\n<meta property=\"og:title\" content=\"Mspa aufblasbaren Whirlpool 173 oder 193 cm mit Ozon-Therapie externen Motor 6 Sitze auch mit wifi und bluetooth MG07\" \/>\n<meta property=\"og:description\" content=\"Der Mspa-Minipool ist in zwei Gr\u00f6\u00dfen und in Standard- oder Smart-Versionen erh\u00e4ltlich. Die intelligenten Versionen umfassen WiFi und Bluetooth.\" \/>\n<meta property=\"og:url\" content=\"https:\/\/www.bagnoitalia.com\/de\/produkt\/inflatable-whirlpool-mspa-173-cm-with-ozone-therapy-outdoor-motor-6-seats-mg07-2.html\" \/>\n<meta property=\"og:site_name\" content=\"Bagno Italia\" \/>\n<meta property=\"article:modified_time\" content=\"2026-03-26T10:46:22+00:00\" \/>\n<meta property=\"og:image\" content=\"https:\/\/img.bagnoitalia.com\/wp-content\/uploads\/virtuemart\/product\/mini-inflatable-pool-spa-173x65-cm-1.jpg\" \/>\n\t<meta property=\"og:image:width\" content=\"550\" \/>\n\t<meta property=\"og:image:height\" content=\"550\" \/>\n\t<meta property=\"og:image:type\" content=\"image\/jpeg\" \/>\n<meta name=\"twitter:card\" content=\"summary_large_image\" \/>\n<meta name=\"twitter:label1\" content=\"Gesch\u00e4tzte Lesezeit\" \/>\n\t<meta name=\"twitter:data1\" content=\"1\u00a0Minute\" \/>\n<script type=\"application\/ld+json\" class=\"yoast-schema-graph\">{\"@context\":\"https:\/\/schema.org\",\"@graph\":[{\"@type\":\"WebPage\",\"@id\":\"https:\/\/www.bagnoitalia.com\/de\/produkt\/inflatable-whirlpool-mspa-173-cm-with-ozone-therapy-outdoor-motor-6-seats-mg07-2.html\",\"url\":\"https:\/\/www.bagnoitalia.com\/de\/produkt\/inflatable-whirlpool-mspa-173-cm-with-ozone-therapy-outdoor-motor-6-seats-mg07-2.html\",\"name\":\"Mspa aufblasbaren Whirlpool 173 oder 193 cm mit Ozon-Therapie externen Motor 6 Sitze auch mit wifi und bluetooth MG07\",\"isPartOf\":{\"@id\":\"https:\/\/www.bagnoitalia.com\/de#website\"},\"primaryImageOfPage\":{\"@id\":\"https:\/\/www.bagnoitalia.com\/de\/produkt\/inflatable-whirlpool-mspa-173-cm-with-ozone-therapy-outdoor-motor-6-seats-mg07-2.html#primaryimage\"},\"image\":{\"@id\":\"https:\/\/www.bagnoitalia.com\/de\/produkt\/inflatable-whirlpool-mspa-173-cm-with-ozone-therapy-outdoor-motor-6-seats-mg07-2.html#primaryimage\"},\"thumbnailUrl\":\"https:\/\/img.bagnoitalia.com\/wp-content\/uploads\/virtuemart\/product\/mini-inflatable-pool-spa-173x65-cm-1.jpg\",\"datePublished\":\"2023-03-06T15:45:14+00:00\",\"dateModified\":\"2026-03-26T10:46:22+00:00\",\"description\":\"Der Mspa-Minipool ist in zwei Gr\u00f6\u00dfen und in Standard- oder Smart-Versionen erh\u00e4ltlich. Die intelligenten Versionen umfassen WiFi und Bluetooth.\",\"breadcrumb\":{\"@id\":\"https:\/\/www.bagnoitalia.com\/de\/produkt\/inflatable-whirlpool-mspa-173-cm-with-ozone-therapy-outdoor-motor-6-seats-mg07-2.html#breadcrumb\"},\"inLanguage\":\"de\",\"potentialAction\":[{\"@type\":\"ReadAction\",\"target\":[\"https:\/\/www.bagnoitalia.com\/de\/produkt\/inflatable-whirlpool-mspa-173-cm-with-ozone-therapy-outdoor-motor-6-seats-mg07-2.html\"]}]},{\"@type\":\"ImageObject\",\"inLanguage\":\"de\",\"@id\":\"https:\/\/www.bagnoitalia.com\/de\/produkt\/inflatable-whirlpool-mspa-173-cm-with-ozone-therapy-outdoor-motor-6-seats-mg07-2.html#primaryimage\",\"url\":\"https:\/\/img.bagnoitalia.com\/wp-content\/uploads\/virtuemart\/product\/mini-inflatable-pool-spa-173x65-cm-1.jpg\",\"contentUrl\":\"https:\/\/img.bagnoitalia.com\/wp-content\/uploads\/virtuemart\/product\/mini-inflatable-pool-spa-173x65-cm-1.jpg\",\"width\":550,\"height\":550},{\"@type\":\"BreadcrumbList\",\"@id\":\"https:\/\/www.bagnoitalia.com\/de\/produkt\/inflatable-whirlpool-mspa-173-cm-with-ozone-therapy-outdoor-motor-6-seats-mg07-2.html#breadcrumb\",\"itemListElement\":[{\"@type\":\"ListItem\",\"position\":1,\"name\":\"Home\",\"item\":\"https:\/\/www.bagnoitalia.com\/de\"},{\"@type\":\"ListItem\",\"position\":2,\"name\":\"Produkte\",\"item\":\"https:\/\/www.bagnoitalia.com\/de\/shop\"},{\"@type\":\"ListItem\",\"position\":3,\"name\":\"Mspa aufblasbaren Whirlpool 173 oder 193 cm mit Ozon-Therapie externen Motor 6 Sitze auch mit wifi und bluetooth MG07\"}]},{\"@type\":\"WebSite\",\"@id\":\"https:\/\/www.bagnoitalia.com\/de#website\",\"url\":\"https:\/\/www.bagnoitalia.com\/de\",\"name\":\"Bagno Italia\",\"description\":\"\",\"publisher\":{\"@id\":\"https:\/\/www.bagnoitalia.com\/de#organization\"},\"potentialAction\":[{\"@type\":\"SearchAction\",\"target\":{\"@type\":\"EntryPoint\",\"urlTemplate\":\"https:\/\/www.bagnoitalia.com\/de?s={search_term_string}\"},\"query-input\":{\"@type\":\"PropertyValueSpecification\",\"valueRequired\":true,\"valueName\":\"search_term_string\"}}],\"inLanguage\":\"de\"},{\"@type\":\"Organization\",\"@id\":\"https:\/\/www.bagnoitalia.com\/de#organization\",\"name\":\"Bagno Italia\",\"url\":\"https:\/\/www.bagnoitalia.com\/de\",\"logo\":{\"@type\":\"ImageObject\",\"inLanguage\":\"de\",\"@id\":\"https:\/\/www.bagnoitalia.com\/de#\/schema\/logo\/image\/\",\"url\":\"https:\/\/img.bagnoitalia.com\/wp-content\/uploads\/logo-bagnoitalia.webp\",\"contentUrl\":\"https:\/\/img.bagnoitalia.com\/wp-content\/uploads\/logo-bagnoitalia.webp\",\"width\":400,\"height\":70,\"caption\":\"Bagno Italia\"},\"image\":{\"@id\":\"https:\/\/www.bagnoitalia.com\/de#\/schema\/logo\/image\/\"}}]}<\/script>\n<!-- \/ Yoast SEO plugin. -->","yoast_head_json":{"title":"Mspa aufblasbaren Whirlpool 173 oder 193 cm mit Ozon-Therapie externen Motor 6 Sitze auch mit wifi und bluetooth MG07","description":"Der Mspa-Minipool ist in zwei Gr\u00f6\u00dfen und in Standard- oder Smart-Versionen erh\u00e4ltlich. Die intelligenten Versionen umfassen WiFi und Bluetooth.","robots":{"index":"index","follow":"follow","max-snippet":"max-snippet:-1","max-image-preview":"max-image-preview:large","max-video-preview":"max-video-preview:-1"},"canonical":"https:\/\/www.bagnoitalia.com\/de\/produkt\/inflatable-whirlpool-mspa-173-cm-with-ozone-therapy-outdoor-motor-6-seats-mg07-2.html","og_locale":"de_DE","og_type":"article","og_title":"Mspa aufblasbaren Whirlpool 173 oder 193 cm mit Ozon-Therapie externen Motor 6 Sitze auch mit wifi und bluetooth MG07","og_description":"Der Mspa-Minipool ist in zwei Gr\u00f6\u00dfen und in Standard- oder Smart-Versionen erh\u00e4ltlich. Die intelligenten Versionen umfassen WiFi und Bluetooth.","og_url":"https:\/\/www.bagnoitalia.com\/de\/produkt\/inflatable-whirlpool-mspa-173-cm-with-ozone-therapy-outdoor-motor-6-seats-mg07-2.html","og_site_name":"Bagno Italia","article_modified_time":"2026-03-26T10:46:22+00:00","og_image":[{"width":550,"height":550,"url":"https:\/\/img.bagnoitalia.com\/wp-content\/uploads\/virtuemart\/product\/mini-inflatable-pool-spa-173x65-cm-1.jpg","type":"image\/jpeg"}],"twitter_card":"summary_large_image","twitter_misc":{"Gesch\u00e4tzte Lesezeit":"1\u00a0Minute"},"schema":{"@context":"https:\/\/schema.org","@graph":[{"@type":"WebPage","@id":"https:\/\/www.bagnoitalia.com\/de\/produkt\/inflatable-whirlpool-mspa-173-cm-with-ozone-therapy-outdoor-motor-6-seats-mg07-2.html","url":"https:\/\/www.bagnoitalia.com\/de\/produkt\/inflatable-whirlpool-mspa-173-cm-with-ozone-therapy-outdoor-motor-6-seats-mg07-2.html","name":"Mspa aufblasbaren Whirlpool 173 oder 193 cm mit Ozon-Therapie externen Motor 6 Sitze auch mit wifi und bluetooth MG07","isPartOf":{"@id":"https:\/\/www.bagnoitalia.com\/de#website"},"primaryImageOfPage":{"@id":"https:\/\/www.bagnoitalia.com\/de\/produkt\/inflatable-whirlpool-mspa-173-cm-with-ozone-therapy-outdoor-motor-6-seats-mg07-2.html#primaryimage"},"image":{"@id":"https:\/\/www.bagnoitalia.com\/de\/produkt\/inflatable-whirlpool-mspa-173-cm-with-ozone-therapy-outdoor-motor-6-seats-mg07-2.html#primaryimage"},"thumbnailUrl":"https:\/\/img.bagnoitalia.com\/wp-content\/uploads\/virtuemart\/product\/mini-inflatable-pool-spa-173x65-cm-1.jpg","datePublished":"2023-03-06T15:45:14+00:00","dateModified":"2026-03-26T10:46:22+00:00","description":"Der Mspa-Minipool ist in zwei Gr\u00f6\u00dfen und in Standard- oder Smart-Versionen erh\u00e4ltlich. Die intelligenten Versionen umfassen WiFi und Bluetooth.","breadcrumb":{"@id":"https:\/\/www.bagnoitalia.com\/de\/produkt\/inflatable-whirlpool-mspa-173-cm-with-ozone-therapy-outdoor-motor-6-seats-mg07-2.html#breadcrumb"},"inLanguage":"de","potentialAction":[{"@type":"ReadAction","target":["https:\/\/www.bagnoitalia.com\/de\/produkt\/inflatable-whirlpool-mspa-173-cm-with-ozone-therapy-outdoor-motor-6-seats-mg07-2.html"]}]},{"@type":"ImageObject","inLanguage":"de","@id":"https:\/\/www.bagnoitalia.com\/de\/produkt\/inflatable-whirlpool-mspa-173-cm-with-ozone-therapy-outdoor-motor-6-seats-mg07-2.html#primaryimage","url":"https:\/\/img.bagnoitalia.com\/wp-content\/uploads\/virtuemart\/product\/mini-inflatable-pool-spa-173x65-cm-1.jpg","contentUrl":"https:\/\/img.bagnoitalia.com\/wp-content\/uploads\/virtuemart\/product\/mini-inflatable-pool-spa-173x65-cm-1.jpg","width":550,"height":550},{"@type":"BreadcrumbList","@id":"https:\/\/www.bagnoitalia.com\/de\/produkt\/inflatable-whirlpool-mspa-173-cm-with-ozone-therapy-outdoor-motor-6-seats-mg07-2.html#breadcrumb","itemListElement":[{"@type":"ListItem","position":1,"name":"Home","item":"https:\/\/www.bagnoitalia.com\/de"},{"@type":"ListItem","position":2,"name":"Produkte","item":"https:\/\/www.bagnoitalia.com\/de\/shop"},{"@type":"ListItem","position":3,"name":"Mspa aufblasbaren Whirlpool 173 oder 193 cm mit Ozon-Therapie externen Motor 6 Sitze auch mit wifi und bluetooth MG07"}]},{"@type":"WebSite","@id":"https:\/\/www.bagnoitalia.com\/de#website","url":"https:\/\/www.bagnoitalia.com\/de","name":"Bagno Italia","description":"","publisher":{"@id":"https:\/\/www.bagnoitalia.com\/de#organization"},"potentialAction":[{"@type":"SearchAction","target":{"@type":"EntryPoint","urlTemplate":"https:\/\/www.bagnoitalia.com\/de?s={search_term_string}"},"query-input":{"@type":"PropertyValueSpecification","valueRequired":true,"valueName":"search_term_string"}}],"inLanguage":"de"},{"@type":"Organization","@id":"https:\/\/www.bagnoitalia.com\/de#organization","name":"Bagno Italia","url":"https:\/\/www.bagnoitalia.com\/de","logo":{"@type":"ImageObject","inLanguage":"de","@id":"https:\/\/www.bagnoitalia.com\/de#\/schema\/logo\/image\/","url":"https:\/\/img.bagnoitalia.com\/wp-content\/uploads\/logo-bagnoitalia.webp","contentUrl":"https:\/\/img.bagnoitalia.com\/wp-content\/uploads\/logo-bagnoitalia.webp","width":400,"height":70,"caption":"Bagno Italia"},"image":{"@id":"https:\/\/www.bagnoitalia.com\/de#\/schema\/logo\/image\/"}}]}},"_links":{"self":[{"href":"https:\/\/www.bagnoitalia.com\/de\/wp-json\/wp\/v2\/product\/82902","targetHints":{"allow":["GET"]}}],"collection":[{"href":"https:\/\/www.bagnoitalia.com\/de\/wp-json\/wp\/v2\/product"}],"about":[{"href":"https:\/\/www.bagnoitalia.com\/de\/wp-json\/wp\/v2\/types\/product"}],"replies":[{"embeddable":true,"href":"https:\/\/www.bagnoitalia.com\/de\/wp-json\/wp\/v2\/comments?post=82902"}],"version-history":[{"count":2,"href":"https:\/\/www.bagnoitalia.com\/de\/wp-json\/wp\/v2\/product\/82902\/revisions"}],"predecessor-version":[{"id":116956,"href":"https:\/\/www.bagnoitalia.com\/de\/wp-json\/wp\/v2\/product\/82902\/revisions\/116956"}],"wp:featuredmedia":[{"embeddable":true,"href":"https:\/\/www.bagnoitalia.com\/de\/wp-json\/wp\/v2\/media\/60441"}],"wp:attachment":[{"href":"https:\/\/www.bagnoitalia.com\/de\/wp-json\/wp\/v2\/media?parent=82902"}],"wp:term":[{"taxonomy":"product_brand","embeddable":true,"href":"https:\/\/www.bagnoitalia.com\/de\/wp-json\/wp\/v2\/product_brand?post=82902"},{"taxonomy":"product_cat","embeddable":true,"href":"https:\/\/www.bagnoitalia.com\/de\/wp-json\/wp\/v2\/product_cat?post=82902"},{"taxonomy":"product_tag","embeddable":true,"href":"https:\/\/www.bagnoitalia.com\/de\/wp-json\/wp\/v2\/product_tag?post=82902"}],"curies":[{"name":"wp","href":"https:\/\/api.w.org\/{rel}","templated":true}]}}