{"id":82898,"date":"2023-03-06T16:36:46","date_gmt":"2023-03-06T15:36:46","guid":{"rendered":"https:\/\/www.bagnoitalia.com\/product\/mspa-204-cm-self-inflating-whirlpool-for-6-persons-with-ozone-therapy-whirlpool-mg08-2"},"modified":"2023-03-06T16:36:46","modified_gmt":"2023-03-06T15:36:46","slug":"mspa-204-cm-self-inflating-whirlpool-for-6-persons-with-ozone-therapy-whirlpool-mg08-2","status":"publish","type":"product","link":"https:\/\/www.bagnoitalia.com\/de\/produkt\/mspa-204-cm-self-inflating-whirlpool-for-6-persons-with-ozone-therapy-whirlpool-mg08-2.html","title":{"rendered":"Mspa 204 cm selbstaufblasender Whirlpool f\u00fcr 6 Personen mit Ozon-Therapie-Whirlpool MG08"},"content":{"rendered":"<p style=\"text-align: center;\"><span style=\"text-decoration: underline; color: #ff0000; font-size: 18pt;\"><strong>Selbstaufblasbarer HYDROMASSAGE-POOL Mspa<\/strong><\/span><\/p>\n<p>&nbsp;<\/p>\n<p>204 x H 70 cm Mini-Pool (Innendurchmesser 160 cm)<\/p>\n<p>Aufblasen durch internen Motor<\/p>\n<p>138 Hydromassaged\u00fcsen mit 3 Str\u00f6mungsgeschwindigkeitsstufen<\/p>\n<p>Wasserfeste Touch-Fernbedienung mit LCD-System<\/p>\n<p>Geeignet f\u00fcr 5-6 Personen<\/p>\n<p>Ozon-Therapie<\/p>\n<p>Regulierung der Temperatur<\/p>\n<p>Heizung (max. Verbrauch 1500W): erh\u00f6ht die Temperatur um 1,2-1,8\u00b0 C\/Stunde (max. 42\u00b0C)<\/p>\n<p>12V\/60W Wasserfiltersystem (2 Filter im Lieferumfang enthalten)<\/p>\n<p>Maximales Fassungsverm\u00f6gen: 930 Liter<\/p>\n<p>Stromversorgung: 220-240 Volt<\/p>\n<p>720W Luftpumpe<\/p>\n<p>Rhino-TechTM Premium 6-lagiges verst\u00e4rktes PVC-Material<\/p>\n<p>Verst\u00e4rkte PVC-H\u00fclle, Rei\u00dfverschluss<\/p>\n<p>Luftkammer<\/p>\n<p>Beschichtung zur Temperaturerhaltung<\/p>\n<p>Schaumstoffmatte<\/p>\n<p>Druckmesser<\/p>\n<p>Digitale Uhr<\/p>\n<p>Adapter f\u00fcr Abgasschlauch<\/p>\n<p>Zertifizierungen: CE, ISO9001-2008<\/p>\n<p>&nbsp;<\/p>\n<p>&nbsp;<\/p>\n","protected":false},"excerpt":{"rendered":"<p>Selbstaufblasender Mspa-Mini-Whirlpool mit Ozonbel\u00fcfter, externer Fernbedienung und internem Motor.<\/p>\n","protected":false},"featured_media":60409,"comment_status":"open","ping_status":"closed","template":"","meta":[],"product_brand":[5021],"product_cat":[9776],"product_tag":[],"class_list":{"0":"post-82898","1":"product","2":"type-product","3":"status-publish","4":"has-post-thumbnail","6":"product_brand-predator-arredo-casa","7":"product_cat-whirlpool-aufblasbar","9":"first","10":"instock","11":"sale","12":"taxable","13":"shipping-taxable","14":"purchasable","15":"product-type-simple"},"exclude_global_add_ons":[],"addons":[],"yoast_head":"<!-- This site is optimized with the Yoast SEO plugin v26.7 - https:\/\/yoast.com\/wordpress\/plugins\/seo\/ -->\n<title>Mspa 204 cm selbstaufblasender Whirlpool f\u00fcr 6 Personen mit Ozon-Therapie-Whirlpool MG08<\/title>\n<meta name=\"description\" content=\"Selbstaufblasender Mspa-Mini-Whirlpool mit Ozonbel\u00fcfter, externer Fernbedienung und internem Motor.\" \/>\n<meta name=\"robots\" content=\"index, follow, max-snippet:-1, max-image-preview:large, max-video-preview:-1\" \/>\n<link rel=\"canonical\" href=\"https:\/\/www.bagnoitalia.com\/de\/produkt\/mspa-204-cm-self-inflating-whirlpool-for-6-persons-with-ozone-therapy-whirlpool-mg08-2.html\" \/>\n<meta property=\"og:locale\" content=\"de_DE\" \/>\n<meta property=\"og:type\" content=\"article\" \/>\n<meta property=\"og:title\" content=\"Mspa 204 cm selbstaufblasender Whirlpool f\u00fcr 6 Personen mit Ozon-Therapie-Whirlpool MG08\" \/>\n<meta property=\"og:description\" content=\"Selbstaufblasender Mspa-Mini-Whirlpool mit Ozonbel\u00fcfter, externer Fernbedienung und internem Motor.\" \/>\n<meta property=\"og:url\" content=\"https:\/\/www.bagnoitalia.com\/de\/produkt\/mspa-204-cm-self-inflating-whirlpool-for-6-persons-with-ozone-therapy-whirlpool-mg08-2.html\" \/>\n<meta property=\"og:site_name\" content=\"Bagno Italia\" \/>\n<meta property=\"og:image\" content=\"https:\/\/img.bagnoitalia.com\/wp-content\/uploads\/virtuemart\/product\/mini-pool-autoginflatable-180x70-hydromassage-1.jpg\" \/>\n\t<meta property=\"og:image:width\" content=\"550\" \/>\n\t<meta property=\"og:image:height\" content=\"550\" \/>\n\t<meta property=\"og:image:type\" content=\"image\/jpeg\" \/>\n<meta name=\"twitter:card\" content=\"summary_large_image\" \/>\n<script type=\"application\/ld+json\" class=\"yoast-schema-graph\">{\"@context\":\"https:\/\/schema.org\",\"@graph\":[{\"@type\":\"WebPage\",\"@id\":\"https:\/\/www.bagnoitalia.com\/de\/produkt\/mspa-204-cm-self-inflating-whirlpool-for-6-persons-with-ozone-therapy-whirlpool-mg08-2.html\",\"url\":\"https:\/\/www.bagnoitalia.com\/de\/produkt\/mspa-204-cm-self-inflating-whirlpool-for-6-persons-with-ozone-therapy-whirlpool-mg08-2.html\",\"name\":\"Mspa 204 cm selbstaufblasender Whirlpool f\u00fcr 6 Personen mit Ozon-Therapie-Whirlpool MG08\",\"isPartOf\":{\"@id\":\"https:\/\/www.bagnoitalia.com\/de#website\"},\"primaryImageOfPage\":{\"@id\":\"https:\/\/www.bagnoitalia.com\/de\/produkt\/mspa-204-cm-self-inflating-whirlpool-for-6-persons-with-ozone-therapy-whirlpool-mg08-2.html#primaryimage\"},\"image\":{\"@id\":\"https:\/\/www.bagnoitalia.com\/de\/produkt\/mspa-204-cm-self-inflating-whirlpool-for-6-persons-with-ozone-therapy-whirlpool-mg08-2.html#primaryimage\"},\"thumbnailUrl\":\"https:\/\/img.bagnoitalia.com\/wp-content\/uploads\/virtuemart\/product\/mini-pool-autoginflatable-180x70-hydromassage-1.jpg\",\"datePublished\":\"2023-03-06T15:36:46+00:00\",\"description\":\"Selbstaufblasender Mspa-Mini-Whirlpool mit Ozonbel\u00fcfter, externer Fernbedienung und internem Motor.\",\"breadcrumb\":{\"@id\":\"https:\/\/www.bagnoitalia.com\/de\/produkt\/mspa-204-cm-self-inflating-whirlpool-for-6-persons-with-ozone-therapy-whirlpool-mg08-2.html#breadcrumb\"},\"inLanguage\":\"de\",\"potentialAction\":[{\"@type\":\"ReadAction\",\"target\":[\"https:\/\/www.bagnoitalia.com\/de\/produkt\/mspa-204-cm-self-inflating-whirlpool-for-6-persons-with-ozone-therapy-whirlpool-mg08-2.html\"]}]},{\"@type\":\"ImageObject\",\"inLanguage\":\"de\",\"@id\":\"https:\/\/www.bagnoitalia.com\/de\/produkt\/mspa-204-cm-self-inflating-whirlpool-for-6-persons-with-ozone-therapy-whirlpool-mg08-2.html#primaryimage\",\"url\":\"https:\/\/img.bagnoitalia.com\/wp-content\/uploads\/virtuemart\/product\/mini-pool-autoginflatable-180x70-hydromassage-1.jpg\",\"contentUrl\":\"https:\/\/img.bagnoitalia.com\/wp-content\/uploads\/virtuemart\/product\/mini-pool-autoginflatable-180x70-hydromassage-1.jpg\",\"width\":550,\"height\":550},{\"@type\":\"BreadcrumbList\",\"@id\":\"https:\/\/www.bagnoitalia.com\/de\/produkt\/mspa-204-cm-self-inflating-whirlpool-for-6-persons-with-ozone-therapy-whirlpool-mg08-2.html#breadcrumb\",\"itemListElement\":[{\"@type\":\"ListItem\",\"position\":1,\"name\":\"Home\",\"item\":\"https:\/\/www.bagnoitalia.com\/de\"},{\"@type\":\"ListItem\",\"position\":2,\"name\":\"Produkte\",\"item\":\"https:\/\/www.bagnoitalia.com\/de\/shop\"},{\"@type\":\"ListItem\",\"position\":3,\"name\":\"Mspa 204 cm selbstaufblasender Whirlpool f\u00fcr 6 Personen mit Ozon-Therapie-Whirlpool MG08\"}]},{\"@type\":\"WebSite\",\"@id\":\"https:\/\/www.bagnoitalia.com\/de#website\",\"url\":\"https:\/\/www.bagnoitalia.com\/de\",\"name\":\"Bagno Italia\",\"description\":\"\",\"publisher\":{\"@id\":\"https:\/\/www.bagnoitalia.com\/de#organization\"},\"potentialAction\":[{\"@type\":\"SearchAction\",\"target\":{\"@type\":\"EntryPoint\",\"urlTemplate\":\"https:\/\/www.bagnoitalia.com\/de?s={search_term_string}\"},\"query-input\":{\"@type\":\"PropertyValueSpecification\",\"valueRequired\":true,\"valueName\":\"search_term_string\"}}],\"inLanguage\":\"de\"},{\"@type\":\"Organization\",\"@id\":\"https:\/\/www.bagnoitalia.com\/de#organization\",\"name\":\"Bagno Italia\",\"url\":\"https:\/\/www.bagnoitalia.com\/de\",\"logo\":{\"@type\":\"ImageObject\",\"inLanguage\":\"de\",\"@id\":\"https:\/\/www.bagnoitalia.com\/de#\/schema\/logo\/image\/\",\"url\":\"https:\/\/img.bagnoitalia.com\/wp-content\/uploads\/logo-bagnoitalia.webp\",\"contentUrl\":\"https:\/\/img.bagnoitalia.com\/wp-content\/uploads\/logo-bagnoitalia.webp\",\"width\":400,\"height\":70,\"caption\":\"Bagno Italia\"},\"image\":{\"@id\":\"https:\/\/www.bagnoitalia.com\/de#\/schema\/logo\/image\/\"}}]}<\/script>\n<!-- \/ Yoast SEO plugin. -->","yoast_head_json":{"title":"Mspa 204 cm selbstaufblasender Whirlpool f\u00fcr 6 Personen mit Ozon-Therapie-Whirlpool MG08","description":"Selbstaufblasender Mspa-Mini-Whirlpool mit Ozonbel\u00fcfter, externer Fernbedienung und internem Motor.","robots":{"index":"index","follow":"follow","max-snippet":"max-snippet:-1","max-image-preview":"max-image-preview:large","max-video-preview":"max-video-preview:-1"},"canonical":"https:\/\/www.bagnoitalia.com\/de\/produkt\/mspa-204-cm-self-inflating-whirlpool-for-6-persons-with-ozone-therapy-whirlpool-mg08-2.html","og_locale":"de_DE","og_type":"article","og_title":"Mspa 204 cm selbstaufblasender Whirlpool f\u00fcr 6 Personen mit Ozon-Therapie-Whirlpool MG08","og_description":"Selbstaufblasender Mspa-Mini-Whirlpool mit Ozonbel\u00fcfter, externer Fernbedienung und internem Motor.","og_url":"https:\/\/www.bagnoitalia.com\/de\/produkt\/mspa-204-cm-self-inflating-whirlpool-for-6-persons-with-ozone-therapy-whirlpool-mg08-2.html","og_site_name":"Bagno Italia","og_image":[{"width":550,"height":550,"url":"https:\/\/img.bagnoitalia.com\/wp-content\/uploads\/virtuemart\/product\/mini-pool-autoginflatable-180x70-hydromassage-1.jpg","type":"image\/jpeg"}],"twitter_card":"summary_large_image","schema":{"@context":"https:\/\/schema.org","@graph":[{"@type":"WebPage","@id":"https:\/\/www.bagnoitalia.com\/de\/produkt\/mspa-204-cm-self-inflating-whirlpool-for-6-persons-with-ozone-therapy-whirlpool-mg08-2.html","url":"https:\/\/www.bagnoitalia.com\/de\/produkt\/mspa-204-cm-self-inflating-whirlpool-for-6-persons-with-ozone-therapy-whirlpool-mg08-2.html","name":"Mspa 204 cm selbstaufblasender Whirlpool f\u00fcr 6 Personen mit Ozon-Therapie-Whirlpool MG08","isPartOf":{"@id":"https:\/\/www.bagnoitalia.com\/de#website"},"primaryImageOfPage":{"@id":"https:\/\/www.bagnoitalia.com\/de\/produkt\/mspa-204-cm-self-inflating-whirlpool-for-6-persons-with-ozone-therapy-whirlpool-mg08-2.html#primaryimage"},"image":{"@id":"https:\/\/www.bagnoitalia.com\/de\/produkt\/mspa-204-cm-self-inflating-whirlpool-for-6-persons-with-ozone-therapy-whirlpool-mg08-2.html#primaryimage"},"thumbnailUrl":"https:\/\/img.bagnoitalia.com\/wp-content\/uploads\/virtuemart\/product\/mini-pool-autoginflatable-180x70-hydromassage-1.jpg","datePublished":"2023-03-06T15:36:46+00:00","description":"Selbstaufblasender Mspa-Mini-Whirlpool mit Ozonbel\u00fcfter, externer Fernbedienung und internem Motor.","breadcrumb":{"@id":"https:\/\/www.bagnoitalia.com\/de\/produkt\/mspa-204-cm-self-inflating-whirlpool-for-6-persons-with-ozone-therapy-whirlpool-mg08-2.html#breadcrumb"},"inLanguage":"de","potentialAction":[{"@type":"ReadAction","target":["https:\/\/www.bagnoitalia.com\/de\/produkt\/mspa-204-cm-self-inflating-whirlpool-for-6-persons-with-ozone-therapy-whirlpool-mg08-2.html"]}]},{"@type":"ImageObject","inLanguage":"de","@id":"https:\/\/www.bagnoitalia.com\/de\/produkt\/mspa-204-cm-self-inflating-whirlpool-for-6-persons-with-ozone-therapy-whirlpool-mg08-2.html#primaryimage","url":"https:\/\/img.bagnoitalia.com\/wp-content\/uploads\/virtuemart\/product\/mini-pool-autoginflatable-180x70-hydromassage-1.jpg","contentUrl":"https:\/\/img.bagnoitalia.com\/wp-content\/uploads\/virtuemart\/product\/mini-pool-autoginflatable-180x70-hydromassage-1.jpg","width":550,"height":550},{"@type":"BreadcrumbList","@id":"https:\/\/www.bagnoitalia.com\/de\/produkt\/mspa-204-cm-self-inflating-whirlpool-for-6-persons-with-ozone-therapy-whirlpool-mg08-2.html#breadcrumb","itemListElement":[{"@type":"ListItem","position":1,"name":"Home","item":"https:\/\/www.bagnoitalia.com\/de"},{"@type":"ListItem","position":2,"name":"Produkte","item":"https:\/\/www.bagnoitalia.com\/de\/shop"},{"@type":"ListItem","position":3,"name":"Mspa 204 cm selbstaufblasender Whirlpool f\u00fcr 6 Personen mit Ozon-Therapie-Whirlpool MG08"}]},{"@type":"WebSite","@id":"https:\/\/www.bagnoitalia.com\/de#website","url":"https:\/\/www.bagnoitalia.com\/de","name":"Bagno Italia","description":"","publisher":{"@id":"https:\/\/www.bagnoitalia.com\/de#organization"},"potentialAction":[{"@type":"SearchAction","target":{"@type":"EntryPoint","urlTemplate":"https:\/\/www.bagnoitalia.com\/de?s={search_term_string}"},"query-input":{"@type":"PropertyValueSpecification","valueRequired":true,"valueName":"search_term_string"}}],"inLanguage":"de"},{"@type":"Organization","@id":"https:\/\/www.bagnoitalia.com\/de#organization","name":"Bagno Italia","url":"https:\/\/www.bagnoitalia.com\/de","logo":{"@type":"ImageObject","inLanguage":"de","@id":"https:\/\/www.bagnoitalia.com\/de#\/schema\/logo\/image\/","url":"https:\/\/img.bagnoitalia.com\/wp-content\/uploads\/logo-bagnoitalia.webp","contentUrl":"https:\/\/img.bagnoitalia.com\/wp-content\/uploads\/logo-bagnoitalia.webp","width":400,"height":70,"caption":"Bagno Italia"},"image":{"@id":"https:\/\/www.bagnoitalia.com\/de#\/schema\/logo\/image\/"}}]}},"_links":{"self":[{"href":"https:\/\/www.bagnoitalia.com\/de\/wp-json\/wp\/v2\/product\/82898","targetHints":{"allow":["GET"]}}],"collection":[{"href":"https:\/\/www.bagnoitalia.com\/de\/wp-json\/wp\/v2\/product"}],"about":[{"href":"https:\/\/www.bagnoitalia.com\/de\/wp-json\/wp\/v2\/types\/product"}],"replies":[{"embeddable":true,"href":"https:\/\/www.bagnoitalia.com\/de\/wp-json\/wp\/v2\/comments?post=82898"}],"version-history":[{"count":0,"href":"https:\/\/www.bagnoitalia.com\/de\/wp-json\/wp\/v2\/product\/82898\/revisions"}],"wp:featuredmedia":[{"embeddable":true,"href":"https:\/\/www.bagnoitalia.com\/de\/wp-json\/wp\/v2\/media\/60409"}],"wp:attachment":[{"href":"https:\/\/www.bagnoitalia.com\/de\/wp-json\/wp\/v2\/media?parent=82898"}],"wp:term":[{"taxonomy":"product_brand","embeddable":true,"href":"https:\/\/www.bagnoitalia.com\/de\/wp-json\/wp\/v2\/product_brand?post=82898"},{"taxonomy":"product_cat","embeddable":true,"href":"https:\/\/www.bagnoitalia.com\/de\/wp-json\/wp\/v2\/product_cat?post=82898"},{"taxonomy":"product_tag","embeddable":true,"href":"https:\/\/www.bagnoitalia.com\/de\/wp-json\/wp\/v2\/product_tag?post=82898"}],"curies":[{"name":"wp","href":"https:\/\/api.w.org\/{rel}","templated":true}]}}