{"id":82878,"date":"2023-03-06T15:29:16","date_gmt":"2023-03-06T14:29:16","guid":{"rendered":"https:\/\/www.bagnoitalia.com\/product\/finnish-sauna-150x150-cm-3-seater-stove-with-stones-included-sn064-2"},"modified":"2023-03-06T15:29:16","modified_gmt":"2023-03-06T14:29:16","slug":"finnish-sauna-150x150-cm-3-seater-stove-with-stones-included-sn064-2","status":"publish","type":"product","link":"https:\/\/www.bagnoitalia.com\/de\/produkt\/finnish-sauna-150x150-cm-3-seater-stove-with-stones-included-sn064-2.html","title":{"rendered":"Finnische Sauna 150&#215;150 cm 3-Sitzer Ofen mit Steinen inklusive SN064"},"content":{"rendered":"<p style=\"text-align: center;\"><span style=\"text-decoration: underline; color: #ff0000; font-size: 18pt;\"><strong>&nbsp;Finnische Sauna 150&#215;150 cm SN064<\/strong><\/span><\/p>\n<p>&nbsp;<\/p>\n<p><span style=\"text-decoration: underline;\"><strong>EIGENSCHAFTEN UND MITGELIEFERTES ZUBEH\u00d6R<\/strong><\/span><\/p>\n<p>Saunamaterial: aus kanadischem Hemlockholz<\/p>\n<p>Saunatyp: Finnisch, komplett mit Ofen und Steinen<\/p>\n<p>Abmessungen: 150x150xH200 cm<\/p>\n<p>Kapazit\u00e4t: 3 Pl\u00e4tze<\/p>\n<p>Eimer<\/p>\n<p>Sch\u00f6pfkelle<\/p>\n<p>Sanduhr<\/p>\n<p>Thermometer<\/p>\n<p>Doppellampe f\u00fcr Innenbeleuchtung<\/p>\n<p>Bel\u00fcftungssystem<\/p>\n<p>8 mm dickes Glas<\/p>\n<p>Leistung: 6 kW<\/p>\n<p>&nbsp;<\/p>\n<p>&nbsp;<\/p>\n<p>&nbsp;<\/p>\n<p>&nbsp;<\/p>\n<p>&nbsp;<\/p>\n<p>&nbsp;<\/p>\n<p>&nbsp;<\/p>\n<p>&nbsp;<\/p>\n<p>&nbsp;<\/p>\n<p>&nbsp;<\/p>\n<p>J60150<\/p>\n<p>&nbsp;<\/p>\n","protected":false},"excerpt":{"rendered":"<p>Sauna f\u00fcr 3 Personen, hergestellt aus Hemlockholz und 8 mm Glas. Im Preis enthaltenes Zubeh\u00f6r: Ofen mit Steinen, Sanduhr, Thermometer und Eimer mit Sch\u00f6pfkelle.<\/p>\n","protected":false},"featured_media":109159,"comment_status":"open","ping_status":"closed","template":"","meta":[],"product_brand":[9943],"product_cat":[9732],"product_tag":[],"class_list":{"0":"post-82878","1":"product","2":"type-product","3":"status-publish","4":"has-post-thumbnail","6":"product_brand-sanotechnik-italia-de","7":"product_cat-finnische-sauna","9":"first","10":"instock","11":"sale","12":"taxable","13":"shipping-taxable","14":"purchasable","15":"product-type-simple"},"exclude_global_add_ons":[],"addons":[],"yoast_head":"<!-- This site is optimized with the Yoast SEO plugin v26.7 - https:\/\/yoast.com\/wordpress\/plugins\/seo\/ -->\n<title>Finnische Sauna 150x150 cm 3-Sitzer Ofen mit Steinen inklusive SN064<\/title>\n<meta name=\"description\" content=\"Sauna f\u00fcr 3 Personen, hergestellt aus Hemlockholz und 8 mm Glas. Im Preis enthaltenes Zubeh\u00f6r: Ofen mit Steinen, Sanduhr, Thermometer und Eimer mit Sch\u00f6pfkelle.\" \/>\n<meta name=\"robots\" content=\"index, follow, max-snippet:-1, max-image-preview:large, max-video-preview:-1\" \/>\n<link rel=\"canonical\" href=\"https:\/\/www.bagnoitalia.com\/de\/produkt\/finnish-sauna-150x150-cm-3-seater-stove-with-stones-included-sn064-2.html\" \/>\n<meta property=\"og:locale\" content=\"de_DE\" \/>\n<meta property=\"og:type\" content=\"article\" \/>\n<meta property=\"og:title\" content=\"Finnische Sauna 150x150 cm 3-Sitzer Ofen mit Steinen inklusive SN064\" \/>\n<meta property=\"og:description\" content=\"Sauna f\u00fcr 3 Personen, hergestellt aus Hemlockholz und 8 mm Glas. Im Preis enthaltenes Zubeh\u00f6r: Ofen mit Steinen, Sanduhr, Thermometer und Eimer mit Sch\u00f6pfkelle.\" \/>\n<meta property=\"og:url\" content=\"https:\/\/www.bagnoitalia.com\/de\/produkt\/finnish-sauna-150x150-cm-3-seater-stove-with-stones-included-sn064-2.html\" \/>\n<meta property=\"og:site_name\" content=\"Bagno Italia\" \/>\n<meta property=\"og:image\" content=\"https:\/\/img.bagnoitalia.com\/wp-content\/uploads\/virtuemart\/product\/finnish-sauna-150x150-cm-sn064-1.jpg\" \/>\n\t<meta property=\"og:image:width\" content=\"550\" \/>\n\t<meta property=\"og:image:height\" content=\"550\" \/>\n\t<meta property=\"og:image:type\" content=\"image\/jpeg\" \/>\n<meta name=\"twitter:card\" content=\"summary_large_image\" \/>\n<script type=\"application\/ld+json\" class=\"yoast-schema-graph\">{\"@context\":\"https:\/\/schema.org\",\"@graph\":[{\"@type\":\"WebPage\",\"@id\":\"https:\/\/www.bagnoitalia.com\/de\/produkt\/finnish-sauna-150x150-cm-3-seater-stove-with-stones-included-sn064-2.html\",\"url\":\"https:\/\/www.bagnoitalia.com\/de\/produkt\/finnish-sauna-150x150-cm-3-seater-stove-with-stones-included-sn064-2.html\",\"name\":\"Finnische Sauna 150x150 cm 3-Sitzer Ofen mit Steinen inklusive SN064\",\"isPartOf\":{\"@id\":\"https:\/\/www.bagnoitalia.com\/de#website\"},\"primaryImageOfPage\":{\"@id\":\"https:\/\/www.bagnoitalia.com\/de\/produkt\/finnish-sauna-150x150-cm-3-seater-stove-with-stones-included-sn064-2.html#primaryimage\"},\"image\":{\"@id\":\"https:\/\/www.bagnoitalia.com\/de\/produkt\/finnish-sauna-150x150-cm-3-seater-stove-with-stones-included-sn064-2.html#primaryimage\"},\"thumbnailUrl\":\"https:\/\/img.bagnoitalia.com\/wp-content\/uploads\/sauna-finlandese-150x150-cm-3-posti-SN064-front.jpg\",\"datePublished\":\"2023-03-06T14:29:16+00:00\",\"description\":\"Sauna f\u00fcr 3 Personen, hergestellt aus Hemlockholz und 8 mm Glas. Im Preis enthaltenes Zubeh\u00f6r: Ofen mit Steinen, Sanduhr, Thermometer und Eimer mit Sch\u00f6pfkelle.\",\"breadcrumb\":{\"@id\":\"https:\/\/www.bagnoitalia.com\/de\/produkt\/finnish-sauna-150x150-cm-3-seater-stove-with-stones-included-sn064-2.html#breadcrumb\"},\"inLanguage\":\"de\",\"potentialAction\":[{\"@type\":\"ReadAction\",\"target\":[\"https:\/\/www.bagnoitalia.com\/de\/produkt\/finnish-sauna-150x150-cm-3-seater-stove-with-stones-included-sn064-2.html\"]}]},{\"@type\":\"ImageObject\",\"inLanguage\":\"de\",\"@id\":\"https:\/\/www.bagnoitalia.com\/de\/produkt\/finnish-sauna-150x150-cm-3-seater-stove-with-stones-included-sn064-2.html#primaryimage\",\"url\":\"https:\/\/img.bagnoitalia.com\/wp-content\/uploads\/sauna-finlandese-150x150-cm-3-posti-SN064-front.jpg\",\"contentUrl\":\"https:\/\/img.bagnoitalia.com\/wp-content\/uploads\/sauna-finlandese-150x150-cm-3-posti-SN064-front.jpg\",\"width\":1000,\"height\":1000},{\"@type\":\"BreadcrumbList\",\"@id\":\"https:\/\/www.bagnoitalia.com\/de\/produkt\/finnish-sauna-150x150-cm-3-seater-stove-with-stones-included-sn064-2.html#breadcrumb\",\"itemListElement\":[{\"@type\":\"ListItem\",\"position\":1,\"name\":\"Home\",\"item\":\"https:\/\/www.bagnoitalia.com\/de\"},{\"@type\":\"ListItem\",\"position\":2,\"name\":\"Produkte\",\"item\":\"https:\/\/www.bagnoitalia.com\/de\/shop\"},{\"@type\":\"ListItem\",\"position\":3,\"name\":\"Finnische Sauna 150&#215;150 cm 3-Sitzer Ofen mit Steinen inklusive SN064\"}]},{\"@type\":\"WebSite\",\"@id\":\"https:\/\/www.bagnoitalia.com\/de#website\",\"url\":\"https:\/\/www.bagnoitalia.com\/de\",\"name\":\"Bagno Italia\",\"description\":\"\",\"publisher\":{\"@id\":\"https:\/\/www.bagnoitalia.com\/de#organization\"},\"potentialAction\":[{\"@type\":\"SearchAction\",\"target\":{\"@type\":\"EntryPoint\",\"urlTemplate\":\"https:\/\/www.bagnoitalia.com\/de?s={search_term_string}\"},\"query-input\":{\"@type\":\"PropertyValueSpecification\",\"valueRequired\":true,\"valueName\":\"search_term_string\"}}],\"inLanguage\":\"de\"},{\"@type\":\"Organization\",\"@id\":\"https:\/\/www.bagnoitalia.com\/de#organization\",\"name\":\"Bagno Italia\",\"url\":\"https:\/\/www.bagnoitalia.com\/de\",\"logo\":{\"@type\":\"ImageObject\",\"inLanguage\":\"de\",\"@id\":\"https:\/\/www.bagnoitalia.com\/de#\/schema\/logo\/image\/\",\"url\":\"https:\/\/img.bagnoitalia.com\/wp-content\/uploads\/logo-bagnoitalia.webp\",\"contentUrl\":\"https:\/\/img.bagnoitalia.com\/wp-content\/uploads\/logo-bagnoitalia.webp\",\"width\":400,\"height\":70,\"caption\":\"Bagno Italia\"},\"image\":{\"@id\":\"https:\/\/www.bagnoitalia.com\/de#\/schema\/logo\/image\/\"}}]}<\/script>\n<!-- \/ Yoast SEO plugin. -->","yoast_head_json":{"title":"Finnische Sauna 150x150 cm 3-Sitzer Ofen mit Steinen inklusive SN064","description":"Sauna f\u00fcr 3 Personen, hergestellt aus Hemlockholz und 8 mm Glas. Im Preis enthaltenes Zubeh\u00f6r: Ofen mit Steinen, Sanduhr, Thermometer und Eimer mit Sch\u00f6pfkelle.","robots":{"index":"index","follow":"follow","max-snippet":"max-snippet:-1","max-image-preview":"max-image-preview:large","max-video-preview":"max-video-preview:-1"},"canonical":"https:\/\/www.bagnoitalia.com\/de\/produkt\/finnish-sauna-150x150-cm-3-seater-stove-with-stones-included-sn064-2.html","og_locale":"de_DE","og_type":"article","og_title":"Finnische Sauna 150x150 cm 3-Sitzer Ofen mit Steinen inklusive SN064","og_description":"Sauna f\u00fcr 3 Personen, hergestellt aus Hemlockholz und 8 mm Glas. Im Preis enthaltenes Zubeh\u00f6r: Ofen mit Steinen, Sanduhr, Thermometer und Eimer mit Sch\u00f6pfkelle.","og_url":"https:\/\/www.bagnoitalia.com\/de\/produkt\/finnish-sauna-150x150-cm-3-seater-stove-with-stones-included-sn064-2.html","og_site_name":"Bagno Italia","og_image":[{"width":550,"height":550,"url":"https:\/\/img.bagnoitalia.com\/wp-content\/uploads\/virtuemart\/product\/finnish-sauna-150x150-cm-sn064-1.jpg","type":"image\/jpeg"}],"twitter_card":"summary_large_image","schema":{"@context":"https:\/\/schema.org","@graph":[{"@type":"WebPage","@id":"https:\/\/www.bagnoitalia.com\/de\/produkt\/finnish-sauna-150x150-cm-3-seater-stove-with-stones-included-sn064-2.html","url":"https:\/\/www.bagnoitalia.com\/de\/produkt\/finnish-sauna-150x150-cm-3-seater-stove-with-stones-included-sn064-2.html","name":"Finnische Sauna 150x150 cm 3-Sitzer Ofen mit Steinen inklusive SN064","isPartOf":{"@id":"https:\/\/www.bagnoitalia.com\/de#website"},"primaryImageOfPage":{"@id":"https:\/\/www.bagnoitalia.com\/de\/produkt\/finnish-sauna-150x150-cm-3-seater-stove-with-stones-included-sn064-2.html#primaryimage"},"image":{"@id":"https:\/\/www.bagnoitalia.com\/de\/produkt\/finnish-sauna-150x150-cm-3-seater-stove-with-stones-included-sn064-2.html#primaryimage"},"thumbnailUrl":"https:\/\/img.bagnoitalia.com\/wp-content\/uploads\/sauna-finlandese-150x150-cm-3-posti-SN064-front.jpg","datePublished":"2023-03-06T14:29:16+00:00","description":"Sauna f\u00fcr 3 Personen, hergestellt aus Hemlockholz und 8 mm Glas. Im Preis enthaltenes Zubeh\u00f6r: Ofen mit Steinen, Sanduhr, Thermometer und Eimer mit Sch\u00f6pfkelle.","breadcrumb":{"@id":"https:\/\/www.bagnoitalia.com\/de\/produkt\/finnish-sauna-150x150-cm-3-seater-stove-with-stones-included-sn064-2.html#breadcrumb"},"inLanguage":"de","potentialAction":[{"@type":"ReadAction","target":["https:\/\/www.bagnoitalia.com\/de\/produkt\/finnish-sauna-150x150-cm-3-seater-stove-with-stones-included-sn064-2.html"]}]},{"@type":"ImageObject","inLanguage":"de","@id":"https:\/\/www.bagnoitalia.com\/de\/produkt\/finnish-sauna-150x150-cm-3-seater-stove-with-stones-included-sn064-2.html#primaryimage","url":"https:\/\/img.bagnoitalia.com\/wp-content\/uploads\/sauna-finlandese-150x150-cm-3-posti-SN064-front.jpg","contentUrl":"https:\/\/img.bagnoitalia.com\/wp-content\/uploads\/sauna-finlandese-150x150-cm-3-posti-SN064-front.jpg","width":1000,"height":1000},{"@type":"BreadcrumbList","@id":"https:\/\/www.bagnoitalia.com\/de\/produkt\/finnish-sauna-150x150-cm-3-seater-stove-with-stones-included-sn064-2.html#breadcrumb","itemListElement":[{"@type":"ListItem","position":1,"name":"Home","item":"https:\/\/www.bagnoitalia.com\/de"},{"@type":"ListItem","position":2,"name":"Produkte","item":"https:\/\/www.bagnoitalia.com\/de\/shop"},{"@type":"ListItem","position":3,"name":"Finnische Sauna 150&#215;150 cm 3-Sitzer Ofen mit Steinen inklusive SN064"}]},{"@type":"WebSite","@id":"https:\/\/www.bagnoitalia.com\/de#website","url":"https:\/\/www.bagnoitalia.com\/de","name":"Bagno Italia","description":"","publisher":{"@id":"https:\/\/www.bagnoitalia.com\/de#organization"},"potentialAction":[{"@type":"SearchAction","target":{"@type":"EntryPoint","urlTemplate":"https:\/\/www.bagnoitalia.com\/de?s={search_term_string}"},"query-input":{"@type":"PropertyValueSpecification","valueRequired":true,"valueName":"search_term_string"}}],"inLanguage":"de"},{"@type":"Organization","@id":"https:\/\/www.bagnoitalia.com\/de#organization","name":"Bagno Italia","url":"https:\/\/www.bagnoitalia.com\/de","logo":{"@type":"ImageObject","inLanguage":"de","@id":"https:\/\/www.bagnoitalia.com\/de#\/schema\/logo\/image\/","url":"https:\/\/img.bagnoitalia.com\/wp-content\/uploads\/logo-bagnoitalia.webp","contentUrl":"https:\/\/img.bagnoitalia.com\/wp-content\/uploads\/logo-bagnoitalia.webp","width":400,"height":70,"caption":"Bagno Italia"},"image":{"@id":"https:\/\/www.bagnoitalia.com\/de#\/schema\/logo\/image\/"}}]}},"_links":{"self":[{"href":"https:\/\/www.bagnoitalia.com\/de\/wp-json\/wp\/v2\/product\/82878","targetHints":{"allow":["GET"]}}],"collection":[{"href":"https:\/\/www.bagnoitalia.com\/de\/wp-json\/wp\/v2\/product"}],"about":[{"href":"https:\/\/www.bagnoitalia.com\/de\/wp-json\/wp\/v2\/types\/product"}],"replies":[{"embeddable":true,"href":"https:\/\/www.bagnoitalia.com\/de\/wp-json\/wp\/v2\/comments?post=82878"}],"version-history":[{"count":0,"href":"https:\/\/www.bagnoitalia.com\/de\/wp-json\/wp\/v2\/product\/82878\/revisions"}],"wp:featuredmedia":[{"embeddable":true,"href":"https:\/\/www.bagnoitalia.com\/de\/wp-json\/wp\/v2\/media\/109159"}],"wp:attachment":[{"href":"https:\/\/www.bagnoitalia.com\/de\/wp-json\/wp\/v2\/media?parent=82878"}],"wp:term":[{"taxonomy":"product_brand","embeddable":true,"href":"https:\/\/www.bagnoitalia.com\/de\/wp-json\/wp\/v2\/product_brand?post=82878"},{"taxonomy":"product_cat","embeddable":true,"href":"https:\/\/www.bagnoitalia.com\/de\/wp-json\/wp\/v2\/product_cat?post=82878"},{"taxonomy":"product_tag","embeddable":true,"href":"https:\/\/www.bagnoitalia.com\/de\/wp-json\/wp\/v2\/product_tag?post=82878"}],"curies":[{"name":"wp","href":"https:\/\/api.w.org\/{rel}","templated":true}]}}