{"id":82854,"date":"2023-03-02T16:02:22","date_gmt":"2023-03-02T15:02:22","guid":{"rendered":"https:\/\/www.bagnoitalia.com\/product\/infrared-sauna-90x100-or-120x100-cm-1-2-places-full-spectrum-colour-therapy-and-bluetooth-connection-sn058-2"},"modified":"2026-04-27T10:31:39","modified_gmt":"2026-04-27T08:31:39","slug":"infrared-sauna-90x100-or-120x100-cm-1-2-places-full-spectrum-colour-therapy-and-bluetooth-connection-sn058-2","status":"publish","type":"product","link":"https:\/\/www.bagnoitalia.com\/de\/produkt\/infrared-sauna-90x100-or-120x100-cm-1-2-places-full-spectrum-colour-therapy-and-bluetooth-connection-sn058-2.html","title":{"rendered":"Infrarotsauna 90&#215;100 oder 120&#215;100 cm 1-2 Pl\u00e4tze Vollspektrum-Farbtherapie und Bluetooth-Verbindung SN058"},"content":{"rendered":"<p style=\"text-align: center;\"><span style=\"text-decoration: underline; color: #ff0000; font-size: 18pt;\"><strong>Infrarotsauna in zwei Gr\u00f6\u00dfen &#8222;SN058<\/strong><\/span><\/p>\n<p>&nbsp;<\/p>\n<p>INFRAROT-SAUNA IN DEN FOLGENDEN GR\u00d6SSEN ERH\u00c4LTLICH (w\u00e4hlen Sie die Gr\u00f6\u00dfe aus dem Dropdown-Men\u00fc):<\/p>\n<p>-90x100xH195 cm f\u00fcr eine Person, mit 4 Bestrahlungsplatten<\/p>\n<p>-120x100xH195 cm f\u00fcr zwei Personen, mit 5 Bestrahlungsplatten<\/p>\n<p><span style=\"text-decoration: underline;\"><strong>HAUPTZUBEH\u00d6R UND FUNKTIONEN<\/strong><\/span><\/p>\n<p>Vollspektrum-Bestrahlungsplatten<\/p>\n<p>digitales Bedienfeld<\/p>\n<p>Chromotherapie mit 7 Farbvariationen<\/p>\n<p>LED-Beleuchtung<\/p>\n<p>mp3-player mit bluetooth-verbindung<\/p>\n<p>2 Lautsprecherboxen<\/p>\n<p>Ergonomische R\u00fcckenlehne<\/p>\n<p><span style=\"text-decoration: underline;\"><strong>WEITERE DETAILS<\/strong><\/span><\/p>\n<p>Hemlockholz-Rahmen<\/p>\n<p>6 mm Rauchglast\u00fcr<\/p>\n<p><span style=\"text-decoration: underline;\"><strong>Leistung<\/strong><\/span>:<\/p>\n<p>f\u00fcr die Sauna 90x100cm 1.550 Watt<br \/>\nf\u00fcr die 120x100cm Sauna 2.200 Watt<\/p>\n<p>&nbsp;<\/p>\n<p><img fetchpriority=\"high\" decoding=\"async\" class=\" size-full wp-image-58787\" src=\"https:\/\/img.bagnoitalia.com\/wp-content\/uploads\/irradianti-full-spectrum.jpg\" alt=\"\" width=\"794\" height=\"214\" srcset=\"https:\/\/img.bagnoitalia.com\/wp-content\/uploads\/irradianti-full-spectrum.jpg 794w, https:\/\/img.bagnoitalia.com\/wp-content\/uploads\/irradianti-full-spectrum-768x207.jpg 768w, https:\/\/img.bagnoitalia.com\/wp-content\/uploads\/irradianti-full-spectrum-441x119.jpg 441w, https:\/\/img.bagnoitalia.com\/wp-content\/uploads\/irradianti-full-spectrum-600x162.jpg 600w, https:\/\/img.bagnoitalia.com\/wp-content\/uploads\/irradianti-full-spectrum-150x40.jpg 150w\" sizes=\"(max-width: 794px) 100vw, 794px\" \/><\/p>\n<p>&nbsp;<\/p>\n<p>&nbsp;<\/p>\n<p>&nbsp;<\/p>\n<p>&nbsp;<\/p>\n<p>&nbsp;<\/p>\n<p>&nbsp;<\/p>\n<p>&nbsp;<\/p>\n<p>&nbsp;<\/p>\n<p>&nbsp;<\/p>\n<p>&nbsp;<\/p>\n<p>F20090<br \/>\nF20120<\/p>\n<p>&nbsp;<\/p>\n","protected":false},"excerpt":{"rendered":"<p>Kabine mit Vollspektrum-Infrarotpaneelen, erh\u00e4ltlich in zwei Gr\u00f6\u00dfen. Hauptfunktionen: farbwechselndes LED-Licht, MP3-Player mit Bluetooth-Anschluss und Lautsprecher<\/p>\n","protected":false},"featured_media":60150,"comment_status":"open","ping_status":"closed","template":"","meta":[],"product_brand":[9943],"product_cat":[9752],"product_tag":[],"class_list":{"0":"post-82854","1":"product","2":"type-product","3":"status-publish","4":"has-post-thumbnail","6":"product_brand-sanotechnik-italia-de","7":"product_cat-infrarotsauna","9":"first","10":"instock","11":"sale","12":"taxable","13":"shipping-taxable","14":"purchasable","15":"product-type-simple"},"exclude_global_add_ons":false,"addons":[{"name":"Ma\u00dfe","type":"multiple_choice","position":0,"required":true,"title_format":"heading","default":"","description_enable":false,"description":"","placeholder_enable":false,"placeholder":"","display":"select","restrictions_type":"any_text","adjust_price":false,"price":"","price_type":"flat_fee","restrictions":false,"min":"0","max":"0","options":[{"label":"90x100 cm","price":"","price_type":"quantity_based","image":0,"visibility":true},{"label":"120x100 cm","price":"190","price_type":"quantity_based","image":0,"visibility":true}],"id":1717152571}],"yoast_head":"<!-- This site is optimized with the Yoast SEO plugin v26.7 - https:\/\/yoast.com\/wordpress\/plugins\/seo\/ -->\n<title>Infrarotsauna 90x100 oder 120x100 cm 1-2 Pl\u00e4tze Vollspektrum-Farbtherapie und Bluetooth-Verbindung SN058<\/title>\n<meta name=\"description\" content=\"Kabine mit Vollspektrum-Infrarotpaneelen, erh\u00e4ltlich in zwei Gr\u00f6\u00dfen. Hauptfunktionen: farbwechselndes LED-Licht, MP3-Player mit Bluetooth-Anschluss und Lautsprecher\" \/>\n<meta name=\"robots\" content=\"index, follow, max-snippet:-1, max-image-preview:large, max-video-preview:-1\" \/>\n<link rel=\"canonical\" href=\"https:\/\/www.bagnoitalia.com\/de\/produkt\/infrared-sauna-90x100-or-120x100-cm-1-2-places-full-spectrum-colour-therapy-and-bluetooth-connection-sn058-2.html\" \/>\n<meta property=\"og:locale\" content=\"de_DE\" \/>\n<meta property=\"og:type\" content=\"article\" \/>\n<meta property=\"og:title\" content=\"Infrarotsauna 90x100 oder 120x100 cm 1-2 Pl\u00e4tze Vollspektrum-Farbtherapie und Bluetooth-Verbindung SN058\" \/>\n<meta property=\"og:description\" content=\"Kabine mit Vollspektrum-Infrarotpaneelen, erh\u00e4ltlich in zwei Gr\u00f6\u00dfen. Hauptfunktionen: farbwechselndes LED-Licht, MP3-Player mit Bluetooth-Anschluss und Lautsprecher\" \/>\n<meta property=\"og:url\" content=\"https:\/\/www.bagnoitalia.com\/de\/produkt\/infrared-sauna-90x100-or-120x100-cm-1-2-places-full-spectrum-colour-therapy-and-bluetooth-connection-sn058-2.html\" \/>\n<meta property=\"og:site_name\" content=\"Bagno Italia\" \/>\n<meta property=\"article:modified_time\" content=\"2026-04-27T08:31:39+00:00\" \/>\n<meta property=\"og:image\" content=\"https:\/\/img.bagnoitalia.com\/wp-content\/uploads\/virtuemart\/product\/infrared-sauna-120x100-or-90x100-1.jpg\" \/>\n\t<meta property=\"og:image:width\" content=\"550\" \/>\n\t<meta property=\"og:image:height\" content=\"550\" \/>\n\t<meta property=\"og:image:type\" content=\"image\/jpeg\" \/>\n<meta name=\"twitter:card\" content=\"summary_large_image\" \/>\n<meta name=\"twitter:label1\" content=\"Gesch\u00e4tzte Lesezeit\" \/>\n\t<meta name=\"twitter:data1\" content=\"1\u00a0Minute\" \/>\n<script type=\"application\/ld+json\" class=\"yoast-schema-graph\">{\"@context\":\"https:\/\/schema.org\",\"@graph\":[{\"@type\":\"WebPage\",\"@id\":\"https:\/\/www.bagnoitalia.com\/de\/produkt\/infrared-sauna-90x100-or-120x100-cm-1-2-places-full-spectrum-colour-therapy-and-bluetooth-connection-sn058-2.html\",\"url\":\"https:\/\/www.bagnoitalia.com\/de\/produkt\/infrared-sauna-90x100-or-120x100-cm-1-2-places-full-spectrum-colour-therapy-and-bluetooth-connection-sn058-2.html\",\"name\":\"Infrarotsauna 90x100 oder 120x100 cm 1-2 Pl\u00e4tze Vollspektrum-Farbtherapie und Bluetooth-Verbindung SN058\",\"isPartOf\":{\"@id\":\"https:\/\/www.bagnoitalia.com\/de#website\"},\"primaryImageOfPage\":{\"@id\":\"https:\/\/www.bagnoitalia.com\/de\/produkt\/infrared-sauna-90x100-or-120x100-cm-1-2-places-full-spectrum-colour-therapy-and-bluetooth-connection-sn058-2.html#primaryimage\"},\"image\":{\"@id\":\"https:\/\/www.bagnoitalia.com\/de\/produkt\/infrared-sauna-90x100-or-120x100-cm-1-2-places-full-spectrum-colour-therapy-and-bluetooth-connection-sn058-2.html#primaryimage\"},\"thumbnailUrl\":\"https:\/\/img.bagnoitalia.com\/wp-content\/uploads\/virtuemart\/product\/infrared-sauna-120x100-or-90x100-1.jpg\",\"datePublished\":\"2023-03-02T15:02:22+00:00\",\"dateModified\":\"2026-04-27T08:31:39+00:00\",\"description\":\"Kabine mit Vollspektrum-Infrarotpaneelen, erh\u00e4ltlich in zwei Gr\u00f6\u00dfen. Hauptfunktionen: farbwechselndes LED-Licht, MP3-Player mit Bluetooth-Anschluss und Lautsprecher\",\"breadcrumb\":{\"@id\":\"https:\/\/www.bagnoitalia.com\/de\/produkt\/infrared-sauna-90x100-or-120x100-cm-1-2-places-full-spectrum-colour-therapy-and-bluetooth-connection-sn058-2.html#breadcrumb\"},\"inLanguage\":\"de\",\"potentialAction\":[{\"@type\":\"ReadAction\",\"target\":[\"https:\/\/www.bagnoitalia.com\/de\/produkt\/infrared-sauna-90x100-or-120x100-cm-1-2-places-full-spectrum-colour-therapy-and-bluetooth-connection-sn058-2.html\"]}]},{\"@type\":\"ImageObject\",\"inLanguage\":\"de\",\"@id\":\"https:\/\/www.bagnoitalia.com\/de\/produkt\/infrared-sauna-90x100-or-120x100-cm-1-2-places-full-spectrum-colour-therapy-and-bluetooth-connection-sn058-2.html#primaryimage\",\"url\":\"https:\/\/img.bagnoitalia.com\/wp-content\/uploads\/virtuemart\/product\/infrared-sauna-120x100-or-90x100-1.jpg\",\"contentUrl\":\"https:\/\/img.bagnoitalia.com\/wp-content\/uploads\/virtuemart\/product\/infrared-sauna-120x100-or-90x100-1.jpg\",\"width\":550,\"height\":550},{\"@type\":\"BreadcrumbList\",\"@id\":\"https:\/\/www.bagnoitalia.com\/de\/produkt\/infrared-sauna-90x100-or-120x100-cm-1-2-places-full-spectrum-colour-therapy-and-bluetooth-connection-sn058-2.html#breadcrumb\",\"itemListElement\":[{\"@type\":\"ListItem\",\"position\":1,\"name\":\"Home\",\"item\":\"https:\/\/www.bagnoitalia.com\/de\"},{\"@type\":\"ListItem\",\"position\":2,\"name\":\"Produkte\",\"item\":\"https:\/\/www.bagnoitalia.com\/de\/shop\"},{\"@type\":\"ListItem\",\"position\":3,\"name\":\"Infrarotsauna 90&#215;100 oder 120&#215;100 cm 1-2 Pl\u00e4tze Vollspektrum-Farbtherapie und Bluetooth-Verbindung SN058\"}]},{\"@type\":\"WebSite\",\"@id\":\"https:\/\/www.bagnoitalia.com\/de#website\",\"url\":\"https:\/\/www.bagnoitalia.com\/de\",\"name\":\"Bagno Italia\",\"description\":\"\",\"publisher\":{\"@id\":\"https:\/\/www.bagnoitalia.com\/de#organization\"},\"potentialAction\":[{\"@type\":\"SearchAction\",\"target\":{\"@type\":\"EntryPoint\",\"urlTemplate\":\"https:\/\/www.bagnoitalia.com\/de?s={search_term_string}\"},\"query-input\":{\"@type\":\"PropertyValueSpecification\",\"valueRequired\":true,\"valueName\":\"search_term_string\"}}],\"inLanguage\":\"de\"},{\"@type\":\"Organization\",\"@id\":\"https:\/\/www.bagnoitalia.com\/de#organization\",\"name\":\"Bagno Italia\",\"url\":\"https:\/\/www.bagnoitalia.com\/de\",\"logo\":{\"@type\":\"ImageObject\",\"inLanguage\":\"de\",\"@id\":\"https:\/\/www.bagnoitalia.com\/de#\/schema\/logo\/image\/\",\"url\":\"https:\/\/img.bagnoitalia.com\/wp-content\/uploads\/logo-bagnoitalia.webp\",\"contentUrl\":\"https:\/\/img.bagnoitalia.com\/wp-content\/uploads\/logo-bagnoitalia.webp\",\"width\":400,\"height\":70,\"caption\":\"Bagno Italia\"},\"image\":{\"@id\":\"https:\/\/www.bagnoitalia.com\/de#\/schema\/logo\/image\/\"}}]}<\/script>\n<!-- \/ Yoast SEO plugin. -->","yoast_head_json":{"title":"Infrarotsauna 90x100 oder 120x100 cm 1-2 Pl\u00e4tze Vollspektrum-Farbtherapie und Bluetooth-Verbindung SN058","description":"Kabine mit Vollspektrum-Infrarotpaneelen, erh\u00e4ltlich in zwei Gr\u00f6\u00dfen. Hauptfunktionen: farbwechselndes LED-Licht, MP3-Player mit Bluetooth-Anschluss und Lautsprecher","robots":{"index":"index","follow":"follow","max-snippet":"max-snippet:-1","max-image-preview":"max-image-preview:large","max-video-preview":"max-video-preview:-1"},"canonical":"https:\/\/www.bagnoitalia.com\/de\/produkt\/infrared-sauna-90x100-or-120x100-cm-1-2-places-full-spectrum-colour-therapy-and-bluetooth-connection-sn058-2.html","og_locale":"de_DE","og_type":"article","og_title":"Infrarotsauna 90x100 oder 120x100 cm 1-2 Pl\u00e4tze Vollspektrum-Farbtherapie und Bluetooth-Verbindung SN058","og_description":"Kabine mit Vollspektrum-Infrarotpaneelen, erh\u00e4ltlich in zwei Gr\u00f6\u00dfen. Hauptfunktionen: farbwechselndes LED-Licht, MP3-Player mit Bluetooth-Anschluss und Lautsprecher","og_url":"https:\/\/www.bagnoitalia.com\/de\/produkt\/infrared-sauna-90x100-or-120x100-cm-1-2-places-full-spectrum-colour-therapy-and-bluetooth-connection-sn058-2.html","og_site_name":"Bagno Italia","article_modified_time":"2026-04-27T08:31:39+00:00","og_image":[{"width":550,"height":550,"url":"https:\/\/img.bagnoitalia.com\/wp-content\/uploads\/virtuemart\/product\/infrared-sauna-120x100-or-90x100-1.jpg","type":"image\/jpeg"}],"twitter_card":"summary_large_image","twitter_misc":{"Gesch\u00e4tzte Lesezeit":"1\u00a0Minute"},"schema":{"@context":"https:\/\/schema.org","@graph":[{"@type":"WebPage","@id":"https:\/\/www.bagnoitalia.com\/de\/produkt\/infrared-sauna-90x100-or-120x100-cm-1-2-places-full-spectrum-colour-therapy-and-bluetooth-connection-sn058-2.html","url":"https:\/\/www.bagnoitalia.com\/de\/produkt\/infrared-sauna-90x100-or-120x100-cm-1-2-places-full-spectrum-colour-therapy-and-bluetooth-connection-sn058-2.html","name":"Infrarotsauna 90x100 oder 120x100 cm 1-2 Pl\u00e4tze Vollspektrum-Farbtherapie und Bluetooth-Verbindung SN058","isPartOf":{"@id":"https:\/\/www.bagnoitalia.com\/de#website"},"primaryImageOfPage":{"@id":"https:\/\/www.bagnoitalia.com\/de\/produkt\/infrared-sauna-90x100-or-120x100-cm-1-2-places-full-spectrum-colour-therapy-and-bluetooth-connection-sn058-2.html#primaryimage"},"image":{"@id":"https:\/\/www.bagnoitalia.com\/de\/produkt\/infrared-sauna-90x100-or-120x100-cm-1-2-places-full-spectrum-colour-therapy-and-bluetooth-connection-sn058-2.html#primaryimage"},"thumbnailUrl":"https:\/\/img.bagnoitalia.com\/wp-content\/uploads\/virtuemart\/product\/infrared-sauna-120x100-or-90x100-1.jpg","datePublished":"2023-03-02T15:02:22+00:00","dateModified":"2026-04-27T08:31:39+00:00","description":"Kabine mit Vollspektrum-Infrarotpaneelen, erh\u00e4ltlich in zwei Gr\u00f6\u00dfen. Hauptfunktionen: farbwechselndes LED-Licht, MP3-Player mit Bluetooth-Anschluss und Lautsprecher","breadcrumb":{"@id":"https:\/\/www.bagnoitalia.com\/de\/produkt\/infrared-sauna-90x100-or-120x100-cm-1-2-places-full-spectrum-colour-therapy-and-bluetooth-connection-sn058-2.html#breadcrumb"},"inLanguage":"de","potentialAction":[{"@type":"ReadAction","target":["https:\/\/www.bagnoitalia.com\/de\/produkt\/infrared-sauna-90x100-or-120x100-cm-1-2-places-full-spectrum-colour-therapy-and-bluetooth-connection-sn058-2.html"]}]},{"@type":"ImageObject","inLanguage":"de","@id":"https:\/\/www.bagnoitalia.com\/de\/produkt\/infrared-sauna-90x100-or-120x100-cm-1-2-places-full-spectrum-colour-therapy-and-bluetooth-connection-sn058-2.html#primaryimage","url":"https:\/\/img.bagnoitalia.com\/wp-content\/uploads\/virtuemart\/product\/infrared-sauna-120x100-or-90x100-1.jpg","contentUrl":"https:\/\/img.bagnoitalia.com\/wp-content\/uploads\/virtuemart\/product\/infrared-sauna-120x100-or-90x100-1.jpg","width":550,"height":550},{"@type":"BreadcrumbList","@id":"https:\/\/www.bagnoitalia.com\/de\/produkt\/infrared-sauna-90x100-or-120x100-cm-1-2-places-full-spectrum-colour-therapy-and-bluetooth-connection-sn058-2.html#breadcrumb","itemListElement":[{"@type":"ListItem","position":1,"name":"Home","item":"https:\/\/www.bagnoitalia.com\/de"},{"@type":"ListItem","position":2,"name":"Produkte","item":"https:\/\/www.bagnoitalia.com\/de\/shop"},{"@type":"ListItem","position":3,"name":"Infrarotsauna 90&#215;100 oder 120&#215;100 cm 1-2 Pl\u00e4tze Vollspektrum-Farbtherapie und Bluetooth-Verbindung SN058"}]},{"@type":"WebSite","@id":"https:\/\/www.bagnoitalia.com\/de#website","url":"https:\/\/www.bagnoitalia.com\/de","name":"Bagno Italia","description":"","publisher":{"@id":"https:\/\/www.bagnoitalia.com\/de#organization"},"potentialAction":[{"@type":"SearchAction","target":{"@type":"EntryPoint","urlTemplate":"https:\/\/www.bagnoitalia.com\/de?s={search_term_string}"},"query-input":{"@type":"PropertyValueSpecification","valueRequired":true,"valueName":"search_term_string"}}],"inLanguage":"de"},{"@type":"Organization","@id":"https:\/\/www.bagnoitalia.com\/de#organization","name":"Bagno Italia","url":"https:\/\/www.bagnoitalia.com\/de","logo":{"@type":"ImageObject","inLanguage":"de","@id":"https:\/\/www.bagnoitalia.com\/de#\/schema\/logo\/image\/","url":"https:\/\/img.bagnoitalia.com\/wp-content\/uploads\/logo-bagnoitalia.webp","contentUrl":"https:\/\/img.bagnoitalia.com\/wp-content\/uploads\/logo-bagnoitalia.webp","width":400,"height":70,"caption":"Bagno Italia"},"image":{"@id":"https:\/\/www.bagnoitalia.com\/de#\/schema\/logo\/image\/"}}]}},"_links":{"self":[{"href":"https:\/\/www.bagnoitalia.com\/de\/wp-json\/wp\/v2\/product\/82854","targetHints":{"allow":["GET"]}}],"collection":[{"href":"https:\/\/www.bagnoitalia.com\/de\/wp-json\/wp\/v2\/product"}],"about":[{"href":"https:\/\/www.bagnoitalia.com\/de\/wp-json\/wp\/v2\/types\/product"}],"replies":[{"embeddable":true,"href":"https:\/\/www.bagnoitalia.com\/de\/wp-json\/wp\/v2\/comments?post=82854"}],"version-history":[{"count":1,"href":"https:\/\/www.bagnoitalia.com\/de\/wp-json\/wp\/v2\/product\/82854\/revisions"}],"predecessor-version":[{"id":87773,"href":"https:\/\/www.bagnoitalia.com\/de\/wp-json\/wp\/v2\/product\/82854\/revisions\/87773"}],"wp:featuredmedia":[{"embeddable":true,"href":"https:\/\/www.bagnoitalia.com\/de\/wp-json\/wp\/v2\/media\/60150"}],"wp:attachment":[{"href":"https:\/\/www.bagnoitalia.com\/de\/wp-json\/wp\/v2\/media?parent=82854"}],"wp:term":[{"taxonomy":"product_brand","embeddable":true,"href":"https:\/\/www.bagnoitalia.com\/de\/wp-json\/wp\/v2\/product_brand?post=82854"},{"taxonomy":"product_cat","embeddable":true,"href":"https:\/\/www.bagnoitalia.com\/de\/wp-json\/wp\/v2\/product_cat?post=82854"},{"taxonomy":"product_tag","embeddable":true,"href":"https:\/\/www.bagnoitalia.com\/de\/wp-json\/wp\/v2\/product_tag?post=82854"}],"curies":[{"name":"wp","href":"https:\/\/api.w.org\/{rel}","templated":true}]}}