{"id":82842,"date":"2023-03-01T08:33:49","date_gmt":"2023-03-01T07:33:49","guid":{"rendered":"https:\/\/www.bagnoitalia.com\/product\/square-whirlpool-210x210-cm-with-28-jets-bluetooth-connection-and-led-lighting-mp41-2"},"modified":"2024-12-05T15:25:47","modified_gmt":"2024-12-05T14:25:47","slug":"square-whirlpool-210x210-cm-with-28-jets-bluetooth-connection-and-led-lighting-mp41-2","status":"publish","type":"product","link":"https:\/\/www.bagnoitalia.com\/de\/produkt\/square-whirlpool-210x210-cm-with-28-jets-bluetooth-connection-and-led-lighting-mp41-2.html","title":{"rendered":"Quadratischer Whirlpool 210&#215;210 cm mit 28 D\u00fcsen, Bluetooth-Anschluss und LED-Beleuchtung MP41"},"content":{"rendered":"<p>&nbsp;<\/p>\n<p>WHIRLPOOL MP41<\/p>\n<p>&nbsp;<\/p>\n<p>&nbsp;<\/p>\n<p>DETAILS UND FUNKTIONEN DES PRODUKTS:<\/p>\n<p>Au\u00dfen-Whirlpool<\/p>\n<p>Quadratische Form<\/p>\n<p>Abmessungen: 210x210xH80 cm<\/p>\n<p>mit 28 Hydromassage-D\u00fcsen<\/p>\n<p>5 Sitzpl\u00e4tze<\/p>\n<p>1 Chaise Longue<\/p>\n<p>3 Kopfst\u00fctzen<\/p>\n<p>Display zur Steuerung<\/p>\n<p>Bluetooth-Verbindung<\/p>\n<p>LED-Beleuchtung<\/p>\n<p>UV-Desinfektion<\/p>\n<p>Kartuschenfilter<\/p>\n<p>inklusive Abdeckung<\/p>\n<p>Inklusive Leiter<\/p>\n<p>&nbsp;<\/p>\n<p>VERBRAUCH UND TECHNISCHE DATEN<\/p>\n<p>Gesamtleistung: 3,52 kW<\/p>\n<p>2 kW Heizung<\/p>\n<p>1,52 kW Wasserpumpen<\/p>\n<p>maximales Fassungsverm\u00f6gen 900 Liter<\/p>\n<p>Produktgewicht 357kg<\/p>\n<p>Stromversorgung: 220 &#8211; 240V 50Hz<\/p>\n<p>&nbsp;<\/p>\n<p>&nbsp;<\/p>\n<p>&nbsp;<\/p>\n<p>&nbsp;<\/p>\n<p>&nbsp;<\/p>\n<p>&nbsp;<\/p>\n<p>&nbsp;<\/p>\n<p>&nbsp;<\/p>\n<p>&nbsp;<\/p>\n<p>&nbsp;<\/p>\n<p>&nbsp;<\/p>\n<p>&nbsp;<\/p>\n<p>&nbsp;<\/p>\n<p>SPA58<\/p>\n<p>&nbsp;<\/p>\n","protected":false},"excerpt":{"rendered":"<p>Multifunktionswanne f\u00fcr drau\u00dfen. Komplett mit 28 Hydrod\u00fcsen, LED-Licht, Bluetooth, UV-Desinfektion.<br \/>\nGeeignet f\u00fcr 6 Personen (5 Sitze+1 Chaiselongue)<\/p>\n","protected":false},"featured_media":98291,"comment_status":"open","ping_status":"closed","template":"","meta":[],"product_brand":[9943],"product_cat":[10070],"product_tag":[],"class_list":{"0":"post-82842","1":"product","2":"type-product","3":"status-publish","4":"has-post-thumbnail","6":"product_brand-sanotechnik-italia-de","7":"product_cat-whirlpools-im-freien","9":"first","10":"instock","11":"sale","12":"taxable","13":"shipping-taxable","14":"purchasable","15":"product-type-simple"},"exclude_global_add_ons":[],"addons":[],"yoast_head":"<!-- This site is optimized with the Yoast SEO plugin v26.7 - https:\/\/yoast.com\/wordpress\/plugins\/seo\/ -->\n<title>Quadratischer Whirlpool 210x210 cm mit 28 D\u00fcsen, Bluetooth-Anschluss und LED-Beleuchtung MP41<\/title>\n<meta name=\"description\" content=\"Multifunktionswanne f\u00fcr drau\u00dfen. Komplett mit 28 Wasserd\u00fcsen, LED-Licht, Bluetooth, UV-Desinfektion. Geeignet f\u00fcr 6 Personen (5 Sitze+1 Chaiselongue)\" \/>\n<meta name=\"robots\" content=\"index, follow, max-snippet:-1, max-image-preview:large, max-video-preview:-1\" \/>\n<link rel=\"canonical\" href=\"https:\/\/www.bagnoitalia.com\/de\/produkt\/square-whirlpool-210x210-cm-with-28-jets-bluetooth-connection-and-led-lighting-mp41-2.html\" \/>\n<meta property=\"og:locale\" content=\"de_DE\" \/>\n<meta property=\"og:type\" content=\"article\" \/>\n<meta property=\"og:title\" content=\"Quadratischer Whirlpool 210x210 cm mit 28 D\u00fcsen, Bluetooth-Anschluss und LED-Beleuchtung MP41\" \/>\n<meta property=\"og:description\" content=\"Multifunktionswanne f\u00fcr drau\u00dfen. Komplett mit 28 Wasserd\u00fcsen, LED-Licht, Bluetooth, UV-Desinfektion. Geeignet f\u00fcr 6 Personen (5 Sitze+1 Chaiselongue)\" \/>\n<meta property=\"og:url\" content=\"https:\/\/www.bagnoitalia.com\/de\/produkt\/square-whirlpool-210x210-cm-with-28-jets-bluetooth-connection-and-led-lighting-mp41-2.html\" \/>\n<meta property=\"og:site_name\" content=\"Bagno Italia\" \/>\n<meta property=\"article:modified_time\" content=\"2024-12-05T14:25:47+00:00\" \/>\n<meta property=\"og:image\" content=\"https:\/\/img.bagnoitalia.com\/wp-content\/uploads\/1-64.webp\" \/>\n\t<meta property=\"og:image:width\" content=\"550\" \/>\n\t<meta property=\"og:image:height\" content=\"550\" \/>\n\t<meta property=\"og:image:type\" content=\"image\/webp\" \/>\n<meta name=\"twitter:card\" content=\"summary_large_image\" \/>\n<meta name=\"twitter:label1\" content=\"Gesch\u00e4tzte Lesezeit\" \/>\n\t<meta name=\"twitter:data1\" content=\"1\u00a0Minute\" \/>\n<script type=\"application\/ld+json\" class=\"yoast-schema-graph\">{\"@context\":\"https:\/\/schema.org\",\"@graph\":[{\"@type\":\"WebPage\",\"@id\":\"https:\/\/www.bagnoitalia.com\/de\/produkt\/square-whirlpool-210x210-cm-with-28-jets-bluetooth-connection-and-led-lighting-mp41-2.html\",\"url\":\"https:\/\/www.bagnoitalia.com\/de\/produkt\/square-whirlpool-210x210-cm-with-28-jets-bluetooth-connection-and-led-lighting-mp41-2.html\",\"name\":\"Quadratischer Whirlpool 210x210 cm mit 28 D\u00fcsen, Bluetooth-Anschluss und LED-Beleuchtung MP41\",\"isPartOf\":{\"@id\":\"https:\/\/www.bagnoitalia.com\/de#website\"},\"primaryImageOfPage\":{\"@id\":\"https:\/\/www.bagnoitalia.com\/de\/produkt\/square-whirlpool-210x210-cm-with-28-jets-bluetooth-connection-and-led-lighting-mp41-2.html#primaryimage\"},\"image\":{\"@id\":\"https:\/\/www.bagnoitalia.com\/de\/produkt\/square-whirlpool-210x210-cm-with-28-jets-bluetooth-connection-and-led-lighting-mp41-2.html#primaryimage\"},\"thumbnailUrl\":\"https:\/\/img.bagnoitalia.com\/wp-content\/uploads\/1-64.webp\",\"datePublished\":\"2023-03-01T07:33:49+00:00\",\"dateModified\":\"2024-12-05T14:25:47+00:00\",\"description\":\"Multifunktionswanne f\u00fcr drau\u00dfen. Komplett mit 28 Wasserd\u00fcsen, LED-Licht, Bluetooth, UV-Desinfektion. Geeignet f\u00fcr 6 Personen (5 Sitze+1 Chaiselongue)\",\"breadcrumb\":{\"@id\":\"https:\/\/www.bagnoitalia.com\/de\/produkt\/square-whirlpool-210x210-cm-with-28-jets-bluetooth-connection-and-led-lighting-mp41-2.html#breadcrumb\"},\"inLanguage\":\"de\",\"potentialAction\":[{\"@type\":\"ReadAction\",\"target\":[\"https:\/\/www.bagnoitalia.com\/de\/produkt\/square-whirlpool-210x210-cm-with-28-jets-bluetooth-connection-and-led-lighting-mp41-2.html\"]}]},{\"@type\":\"ImageObject\",\"inLanguage\":\"de\",\"@id\":\"https:\/\/www.bagnoitalia.com\/de\/produkt\/square-whirlpool-210x210-cm-with-28-jets-bluetooth-connection-and-led-lighting-mp41-2.html#primaryimage\",\"url\":\"https:\/\/img.bagnoitalia.com\/wp-content\/uploads\/1-64.webp\",\"contentUrl\":\"https:\/\/img.bagnoitalia.com\/wp-content\/uploads\/1-64.webp\",\"width\":550,\"height\":550},{\"@type\":\"BreadcrumbList\",\"@id\":\"https:\/\/www.bagnoitalia.com\/de\/produkt\/square-whirlpool-210x210-cm-with-28-jets-bluetooth-connection-and-led-lighting-mp41-2.html#breadcrumb\",\"itemListElement\":[{\"@type\":\"ListItem\",\"position\":1,\"name\":\"Home\",\"item\":\"https:\/\/www.bagnoitalia.com\/de\"},{\"@type\":\"ListItem\",\"position\":2,\"name\":\"Produkte\",\"item\":\"https:\/\/www.bagnoitalia.com\/de\/shop\"},{\"@type\":\"ListItem\",\"position\":3,\"name\":\"Quadratischer Whirlpool 210&#215;210 cm mit 28 D\u00fcsen, Bluetooth-Anschluss und LED-Beleuchtung MP41\"}]},{\"@type\":\"WebSite\",\"@id\":\"https:\/\/www.bagnoitalia.com\/de#website\",\"url\":\"https:\/\/www.bagnoitalia.com\/de\",\"name\":\"Bagno Italia\",\"description\":\"\",\"publisher\":{\"@id\":\"https:\/\/www.bagnoitalia.com\/de#organization\"},\"potentialAction\":[{\"@type\":\"SearchAction\",\"target\":{\"@type\":\"EntryPoint\",\"urlTemplate\":\"https:\/\/www.bagnoitalia.com\/de?s={search_term_string}\"},\"query-input\":{\"@type\":\"PropertyValueSpecification\",\"valueRequired\":true,\"valueName\":\"search_term_string\"}}],\"inLanguage\":\"de\"},{\"@type\":\"Organization\",\"@id\":\"https:\/\/www.bagnoitalia.com\/de#organization\",\"name\":\"Bagno Italia\",\"url\":\"https:\/\/www.bagnoitalia.com\/de\",\"logo\":{\"@type\":\"ImageObject\",\"inLanguage\":\"de\",\"@id\":\"https:\/\/www.bagnoitalia.com\/de#\/schema\/logo\/image\/\",\"url\":\"https:\/\/img.bagnoitalia.com\/wp-content\/uploads\/logo-bagnoitalia.webp\",\"contentUrl\":\"https:\/\/img.bagnoitalia.com\/wp-content\/uploads\/logo-bagnoitalia.webp\",\"width\":400,\"height\":70,\"caption\":\"Bagno Italia\"},\"image\":{\"@id\":\"https:\/\/www.bagnoitalia.com\/de#\/schema\/logo\/image\/\"}}]}<\/script>\n<!-- \/ Yoast SEO plugin. -->","yoast_head_json":{"title":"Quadratischer Whirlpool 210x210 cm mit 28 D\u00fcsen, Bluetooth-Anschluss und LED-Beleuchtung MP41","description":"Multifunktionswanne f\u00fcr drau\u00dfen. Komplett mit 28 Wasserd\u00fcsen, LED-Licht, Bluetooth, UV-Desinfektion. Geeignet f\u00fcr 6 Personen (5 Sitze+1 Chaiselongue)","robots":{"index":"index","follow":"follow","max-snippet":"max-snippet:-1","max-image-preview":"max-image-preview:large","max-video-preview":"max-video-preview:-1"},"canonical":"https:\/\/www.bagnoitalia.com\/de\/produkt\/square-whirlpool-210x210-cm-with-28-jets-bluetooth-connection-and-led-lighting-mp41-2.html","og_locale":"de_DE","og_type":"article","og_title":"Quadratischer Whirlpool 210x210 cm mit 28 D\u00fcsen, Bluetooth-Anschluss und LED-Beleuchtung MP41","og_description":"Multifunktionswanne f\u00fcr drau\u00dfen. Komplett mit 28 Wasserd\u00fcsen, LED-Licht, Bluetooth, UV-Desinfektion. Geeignet f\u00fcr 6 Personen (5 Sitze+1 Chaiselongue)","og_url":"https:\/\/www.bagnoitalia.com\/de\/produkt\/square-whirlpool-210x210-cm-with-28-jets-bluetooth-connection-and-led-lighting-mp41-2.html","og_site_name":"Bagno Italia","article_modified_time":"2024-12-05T14:25:47+00:00","og_image":[{"width":550,"height":550,"url":"https:\/\/img.bagnoitalia.com\/wp-content\/uploads\/1-64.webp","type":"image\/webp"}],"twitter_card":"summary_large_image","twitter_misc":{"Gesch\u00e4tzte Lesezeit":"1\u00a0Minute"},"schema":{"@context":"https:\/\/schema.org","@graph":[{"@type":"WebPage","@id":"https:\/\/www.bagnoitalia.com\/de\/produkt\/square-whirlpool-210x210-cm-with-28-jets-bluetooth-connection-and-led-lighting-mp41-2.html","url":"https:\/\/www.bagnoitalia.com\/de\/produkt\/square-whirlpool-210x210-cm-with-28-jets-bluetooth-connection-and-led-lighting-mp41-2.html","name":"Quadratischer Whirlpool 210x210 cm mit 28 D\u00fcsen, Bluetooth-Anschluss und LED-Beleuchtung MP41","isPartOf":{"@id":"https:\/\/www.bagnoitalia.com\/de#website"},"primaryImageOfPage":{"@id":"https:\/\/www.bagnoitalia.com\/de\/produkt\/square-whirlpool-210x210-cm-with-28-jets-bluetooth-connection-and-led-lighting-mp41-2.html#primaryimage"},"image":{"@id":"https:\/\/www.bagnoitalia.com\/de\/produkt\/square-whirlpool-210x210-cm-with-28-jets-bluetooth-connection-and-led-lighting-mp41-2.html#primaryimage"},"thumbnailUrl":"https:\/\/img.bagnoitalia.com\/wp-content\/uploads\/1-64.webp","datePublished":"2023-03-01T07:33:49+00:00","dateModified":"2024-12-05T14:25:47+00:00","description":"Multifunktionswanne f\u00fcr drau\u00dfen. Komplett mit 28 Wasserd\u00fcsen, LED-Licht, Bluetooth, UV-Desinfektion. Geeignet f\u00fcr 6 Personen (5 Sitze+1 Chaiselongue)","breadcrumb":{"@id":"https:\/\/www.bagnoitalia.com\/de\/produkt\/square-whirlpool-210x210-cm-with-28-jets-bluetooth-connection-and-led-lighting-mp41-2.html#breadcrumb"},"inLanguage":"de","potentialAction":[{"@type":"ReadAction","target":["https:\/\/www.bagnoitalia.com\/de\/produkt\/square-whirlpool-210x210-cm-with-28-jets-bluetooth-connection-and-led-lighting-mp41-2.html"]}]},{"@type":"ImageObject","inLanguage":"de","@id":"https:\/\/www.bagnoitalia.com\/de\/produkt\/square-whirlpool-210x210-cm-with-28-jets-bluetooth-connection-and-led-lighting-mp41-2.html#primaryimage","url":"https:\/\/img.bagnoitalia.com\/wp-content\/uploads\/1-64.webp","contentUrl":"https:\/\/img.bagnoitalia.com\/wp-content\/uploads\/1-64.webp","width":550,"height":550},{"@type":"BreadcrumbList","@id":"https:\/\/www.bagnoitalia.com\/de\/produkt\/square-whirlpool-210x210-cm-with-28-jets-bluetooth-connection-and-led-lighting-mp41-2.html#breadcrumb","itemListElement":[{"@type":"ListItem","position":1,"name":"Home","item":"https:\/\/www.bagnoitalia.com\/de"},{"@type":"ListItem","position":2,"name":"Produkte","item":"https:\/\/www.bagnoitalia.com\/de\/shop"},{"@type":"ListItem","position":3,"name":"Quadratischer Whirlpool 210&#215;210 cm mit 28 D\u00fcsen, Bluetooth-Anschluss und LED-Beleuchtung MP41"}]},{"@type":"WebSite","@id":"https:\/\/www.bagnoitalia.com\/de#website","url":"https:\/\/www.bagnoitalia.com\/de","name":"Bagno Italia","description":"","publisher":{"@id":"https:\/\/www.bagnoitalia.com\/de#organization"},"potentialAction":[{"@type":"SearchAction","target":{"@type":"EntryPoint","urlTemplate":"https:\/\/www.bagnoitalia.com\/de?s={search_term_string}"},"query-input":{"@type":"PropertyValueSpecification","valueRequired":true,"valueName":"search_term_string"}}],"inLanguage":"de"},{"@type":"Organization","@id":"https:\/\/www.bagnoitalia.com\/de#organization","name":"Bagno Italia","url":"https:\/\/www.bagnoitalia.com\/de","logo":{"@type":"ImageObject","inLanguage":"de","@id":"https:\/\/www.bagnoitalia.com\/de#\/schema\/logo\/image\/","url":"https:\/\/img.bagnoitalia.com\/wp-content\/uploads\/logo-bagnoitalia.webp","contentUrl":"https:\/\/img.bagnoitalia.com\/wp-content\/uploads\/logo-bagnoitalia.webp","width":400,"height":70,"caption":"Bagno Italia"},"image":{"@id":"https:\/\/www.bagnoitalia.com\/de#\/schema\/logo\/image\/"}}]}},"_links":{"self":[{"href":"https:\/\/www.bagnoitalia.com\/de\/wp-json\/wp\/v2\/product\/82842","targetHints":{"allow":["GET"]}}],"collection":[{"href":"https:\/\/www.bagnoitalia.com\/de\/wp-json\/wp\/v2\/product"}],"about":[{"href":"https:\/\/www.bagnoitalia.com\/de\/wp-json\/wp\/v2\/types\/product"}],"replies":[{"embeddable":true,"href":"https:\/\/www.bagnoitalia.com\/de\/wp-json\/wp\/v2\/comments?post=82842"}],"version-history":[{"count":2,"href":"https:\/\/www.bagnoitalia.com\/de\/wp-json\/wp\/v2\/product\/82842\/revisions"}],"predecessor-version":[{"id":98327,"href":"https:\/\/www.bagnoitalia.com\/de\/wp-json\/wp\/v2\/product\/82842\/revisions\/98327"}],"wp:featuredmedia":[{"embeddable":true,"href":"https:\/\/www.bagnoitalia.com\/de\/wp-json\/wp\/v2\/media\/98291"}],"wp:attachment":[{"href":"https:\/\/www.bagnoitalia.com\/de\/wp-json\/wp\/v2\/media?parent=82842"}],"wp:term":[{"taxonomy":"product_brand","embeddable":true,"href":"https:\/\/www.bagnoitalia.com\/de\/wp-json\/wp\/v2\/product_brand?post=82842"},{"taxonomy":"product_cat","embeddable":true,"href":"https:\/\/www.bagnoitalia.com\/de\/wp-json\/wp\/v2\/product_cat?post=82842"},{"taxonomy":"product_tag","embeddable":true,"href":"https:\/\/www.bagnoitalia.com\/de\/wp-json\/wp\/v2\/product_tag?post=82842"}],"curies":[{"name":"wp","href":"https:\/\/api.w.org\/{rel}","templated":true}]}}