{"id":82782,"date":"2023-02-14T09:12:55","date_gmt":"2023-02-14T08:12:55","guid":{"rendered":"https:\/\/www.bagnoitalia.com\/product\/mariani-concealed-or-exposed-shower-mixer-rb85-2"},"modified":"2024-05-22T16:33:32","modified_gmt":"2024-05-22T14:33:32","slug":"mariani-concealed-or-exposed-shower-mixer-rb85-2","status":"publish","type":"product","link":"https:\/\/www.bagnoitalia.com\/de\/produkt\/mariani-concealed-or-exposed-shower-mixer-rb85-2.html","title":{"rendered":"Mariani Unterputz- oder Aufputz-Brausebatterie RB85"},"content":{"rendered":"<p style=\"text-align: center;\"><span style=\"text-decoration: underline; color: #ff0000; font-size: 14pt;\"><strong>DUSCHARMATUR: RB85<\/strong><\/span><\/p>\n<p>&nbsp;<\/p>\n<p>Verchromte Messingarmaturenserie mit modernem und raffiniertem Design der bekannten Marke Mariani<\/p>\n<p>&nbsp;<\/p>\n<p>Erh\u00e4ltlich in zwei Ausf\u00fchrungen:<\/p>\n<p>&#8211; Unterputz-Einlochbatterie<\/p>\n<p>&#8211; Externe Zweilochbatterie<\/p>\n<p>Handbrause und flexible Schl\u00e4uche NICHT INBEGRIFFEN<\/p>\n<p>&nbsp;<\/p>\n<p>Um die Waschbecken-, Bidet- und Badewannenarmaturen der gleichen Linie zu sehen, <a href=\"rubientteria-per-lavabo-bidet-e-vasca-con-doccino-marca-mariani-rb74.html\">KLICKEN SIE HIER<\/a><\/p>\n<p>&nbsp;<\/p>\n<p>Hergestellt in Italien<\/p>\n<p>&nbsp;<\/p>\n<p>&nbsp;<\/p>\n<p>&nbsp;<\/p>\n<p>&nbsp;<\/p>\n<p>&nbsp;<\/p>\n<p>&nbsp;<\/p>\n<p>65MP81<br \/>\n87LT33<\/p>\n","protected":false},"excerpt":{"rendered":"<p>Duscharmaturen von hervorragender Qualit\u00e4t in zwei Ausf\u00fchrungen: Einbauarmaturen (mit einem Loch) oder Au\u00dfenarmaturen (mit 2 L\u00f6chern). IN ITALIEN GEFERTIGT<\/p>\n","protected":false},"featured_media":59661,"comment_status":"open","ping_status":"closed","template":"","meta":[],"product_brand":[9901,9955],"product_cat":[10046,9692],"product_tag":[],"class_list":{"0":"post-82782","1":"product","2":"type-product","3":"status-publish","4":"has-post-thumbnail","6":"product_brand-baritermo-de","7":"product_brand-thermo-professional-de","8":"product_cat-duscharmaturen","9":"product_cat-einhebelmischer","11":"first","12":"instock","13":"sale","14":"taxable","15":"shipping-taxable","16":"purchasable","17":"product-type-simple"},"exclude_global_add_ons":false,"addons":[{"name":"Wasserh\u00e4hne","type":"multiple_choice","position":0,"required":true,"title_format":"heading","default":"","description_enable":false,"description":"","placeholder_enable":false,"placeholder":"","display":"select","restrictions_type":"any_text","adjust_price":false,"price":"","price_type":"flat_fee","restrictions":false,"min":"0","max":"0","options":[{"label":"eingebaut (Einloch)","price":"","price_type":"quantity_based","image":0,"visibility":true},{"label":"extern (Doppelloch)","price":"40","price_type":"quantity_based","image":0,"visibility":true}],"id":1716395613}],"yoast_head":"<!-- This site is optimized with the Yoast SEO plugin v26.7 - https:\/\/yoast.com\/wordpress\/plugins\/seo\/ -->\n<title>Mariani Unterputz- oder Aufputz-Brausebatterie RB85<\/title>\n<meta name=\"description\" content=\"Duscharmaturen von hervorragender Qualit\u00e4t in zwei Ausf\u00fchrungen: Einbauarmaturen (mit einem Loch) oder Au\u00dfenarmaturen (mit 2 L\u00f6chern). IN ITALIEN GEFERTIGT\" \/>\n<meta name=\"robots\" content=\"index, follow, max-snippet:-1, max-image-preview:large, max-video-preview:-1\" \/>\n<link rel=\"canonical\" href=\"https:\/\/www.bagnoitalia.com\/de\/produkt\/mariani-concealed-or-exposed-shower-mixer-rb85-2.html\" \/>\n<meta property=\"og:locale\" content=\"de_DE\" \/>\n<meta property=\"og:type\" content=\"article\" \/>\n<meta property=\"og:title\" content=\"Mariani Unterputz- oder Aufputz-Brausebatterie RB85\" \/>\n<meta property=\"og:description\" content=\"Duscharmaturen von hervorragender Qualit\u00e4t in zwei Ausf\u00fchrungen: Einbauarmaturen (mit einem Loch) oder Au\u00dfenarmaturen (mit 2 L\u00f6chern). IN ITALIEN GEFERTIGT\" \/>\n<meta property=\"og:url\" content=\"https:\/\/www.bagnoitalia.com\/de\/produkt\/mariani-concealed-or-exposed-shower-mixer-rb85-2.html\" \/>\n<meta property=\"og:site_name\" content=\"Bagno Italia\" \/>\n<meta property=\"article:modified_time\" content=\"2024-05-22T14:33:32+00:00\" \/>\n<meta property=\"og:image\" content=\"https:\/\/img.bagnoitalia.com\/wp-content\/uploads\/virtuemart\/product\/shower-shower-mixers-1.jpg\" \/>\n\t<meta property=\"og:image:width\" content=\"550\" \/>\n\t<meta property=\"og:image:height\" content=\"550\" \/>\n\t<meta property=\"og:image:type\" content=\"image\/jpeg\" \/>\n<meta name=\"twitter:card\" content=\"summary_large_image\" \/>\n<meta name=\"twitter:label1\" content=\"Gesch\u00e4tzte Lesezeit\" \/>\n\t<meta name=\"twitter:data1\" content=\"1\u00a0Minute\" \/>\n<script type=\"application\/ld+json\" class=\"yoast-schema-graph\">{\"@context\":\"https:\/\/schema.org\",\"@graph\":[{\"@type\":\"WebPage\",\"@id\":\"https:\/\/www.bagnoitalia.com\/de\/produkt\/mariani-concealed-or-exposed-shower-mixer-rb85-2.html\",\"url\":\"https:\/\/www.bagnoitalia.com\/de\/produkt\/mariani-concealed-or-exposed-shower-mixer-rb85-2.html\",\"name\":\"Mariani Unterputz- oder Aufputz-Brausebatterie RB85\",\"isPartOf\":{\"@id\":\"https:\/\/www.bagnoitalia.com\/de#website\"},\"primaryImageOfPage\":{\"@id\":\"https:\/\/www.bagnoitalia.com\/de\/produkt\/mariani-concealed-or-exposed-shower-mixer-rb85-2.html#primaryimage\"},\"image\":{\"@id\":\"https:\/\/www.bagnoitalia.com\/de\/produkt\/mariani-concealed-or-exposed-shower-mixer-rb85-2.html#primaryimage\"},\"thumbnailUrl\":\"https:\/\/img.bagnoitalia.com\/wp-content\/uploads\/virtuemart\/product\/shower-shower-mixers-1.jpg\",\"datePublished\":\"2023-02-14T08:12:55+00:00\",\"dateModified\":\"2024-05-22T14:33:32+00:00\",\"description\":\"Duscharmaturen von hervorragender Qualit\u00e4t in zwei Ausf\u00fchrungen: Einbauarmaturen (mit einem Loch) oder Au\u00dfenarmaturen (mit 2 L\u00f6chern). IN ITALIEN GEFERTIGT\",\"breadcrumb\":{\"@id\":\"https:\/\/www.bagnoitalia.com\/de\/produkt\/mariani-concealed-or-exposed-shower-mixer-rb85-2.html#breadcrumb\"},\"inLanguage\":\"de\",\"potentialAction\":[{\"@type\":\"ReadAction\",\"target\":[\"https:\/\/www.bagnoitalia.com\/de\/produkt\/mariani-concealed-or-exposed-shower-mixer-rb85-2.html\"]}]},{\"@type\":\"ImageObject\",\"inLanguage\":\"de\",\"@id\":\"https:\/\/www.bagnoitalia.com\/de\/produkt\/mariani-concealed-or-exposed-shower-mixer-rb85-2.html#primaryimage\",\"url\":\"https:\/\/img.bagnoitalia.com\/wp-content\/uploads\/virtuemart\/product\/shower-shower-mixers-1.jpg\",\"contentUrl\":\"https:\/\/img.bagnoitalia.com\/wp-content\/uploads\/virtuemart\/product\/shower-shower-mixers-1.jpg\",\"width\":550,\"height\":550},{\"@type\":\"BreadcrumbList\",\"@id\":\"https:\/\/www.bagnoitalia.com\/de\/produkt\/mariani-concealed-or-exposed-shower-mixer-rb85-2.html#breadcrumb\",\"itemListElement\":[{\"@type\":\"ListItem\",\"position\":1,\"name\":\"Home\",\"item\":\"https:\/\/www.bagnoitalia.com\/de\"},{\"@type\":\"ListItem\",\"position\":2,\"name\":\"Produkte\",\"item\":\"https:\/\/www.bagnoitalia.com\/de\/shop\"},{\"@type\":\"ListItem\",\"position\":3,\"name\":\"Mariani Unterputz- oder Aufputz-Brausebatterie RB85\"}]},{\"@type\":\"WebSite\",\"@id\":\"https:\/\/www.bagnoitalia.com\/de#website\",\"url\":\"https:\/\/www.bagnoitalia.com\/de\",\"name\":\"Bagno Italia\",\"description\":\"\",\"publisher\":{\"@id\":\"https:\/\/www.bagnoitalia.com\/de#organization\"},\"potentialAction\":[{\"@type\":\"SearchAction\",\"target\":{\"@type\":\"EntryPoint\",\"urlTemplate\":\"https:\/\/www.bagnoitalia.com\/de?s={search_term_string}\"},\"query-input\":{\"@type\":\"PropertyValueSpecification\",\"valueRequired\":true,\"valueName\":\"search_term_string\"}}],\"inLanguage\":\"de\"},{\"@type\":\"Organization\",\"@id\":\"https:\/\/www.bagnoitalia.com\/de#organization\",\"name\":\"Bagno Italia\",\"url\":\"https:\/\/www.bagnoitalia.com\/de\",\"logo\":{\"@type\":\"ImageObject\",\"inLanguage\":\"de\",\"@id\":\"https:\/\/www.bagnoitalia.com\/de#\/schema\/logo\/image\/\",\"url\":\"https:\/\/img.bagnoitalia.com\/wp-content\/uploads\/logo-bagnoitalia.webp\",\"contentUrl\":\"https:\/\/img.bagnoitalia.com\/wp-content\/uploads\/logo-bagnoitalia.webp\",\"width\":400,\"height\":70,\"caption\":\"Bagno Italia\"},\"image\":{\"@id\":\"https:\/\/www.bagnoitalia.com\/de#\/schema\/logo\/image\/\"}}]}<\/script>\n<!-- \/ Yoast SEO plugin. -->","yoast_head_json":{"title":"Mariani Unterputz- oder Aufputz-Brausebatterie RB85","description":"Duscharmaturen von hervorragender Qualit\u00e4t in zwei Ausf\u00fchrungen: Einbauarmaturen (mit einem Loch) oder Au\u00dfenarmaturen (mit 2 L\u00f6chern). IN ITALIEN GEFERTIGT","robots":{"index":"index","follow":"follow","max-snippet":"max-snippet:-1","max-image-preview":"max-image-preview:large","max-video-preview":"max-video-preview:-1"},"canonical":"https:\/\/www.bagnoitalia.com\/de\/produkt\/mariani-concealed-or-exposed-shower-mixer-rb85-2.html","og_locale":"de_DE","og_type":"article","og_title":"Mariani Unterputz- oder Aufputz-Brausebatterie RB85","og_description":"Duscharmaturen von hervorragender Qualit\u00e4t in zwei Ausf\u00fchrungen: Einbauarmaturen (mit einem Loch) oder Au\u00dfenarmaturen (mit 2 L\u00f6chern). IN ITALIEN GEFERTIGT","og_url":"https:\/\/www.bagnoitalia.com\/de\/produkt\/mariani-concealed-or-exposed-shower-mixer-rb85-2.html","og_site_name":"Bagno Italia","article_modified_time":"2024-05-22T14:33:32+00:00","og_image":[{"width":550,"height":550,"url":"https:\/\/img.bagnoitalia.com\/wp-content\/uploads\/virtuemart\/product\/shower-shower-mixers-1.jpg","type":"image\/jpeg"}],"twitter_card":"summary_large_image","twitter_misc":{"Gesch\u00e4tzte Lesezeit":"1\u00a0Minute"},"schema":{"@context":"https:\/\/schema.org","@graph":[{"@type":"WebPage","@id":"https:\/\/www.bagnoitalia.com\/de\/produkt\/mariani-concealed-or-exposed-shower-mixer-rb85-2.html","url":"https:\/\/www.bagnoitalia.com\/de\/produkt\/mariani-concealed-or-exposed-shower-mixer-rb85-2.html","name":"Mariani Unterputz- oder Aufputz-Brausebatterie RB85","isPartOf":{"@id":"https:\/\/www.bagnoitalia.com\/de#website"},"primaryImageOfPage":{"@id":"https:\/\/www.bagnoitalia.com\/de\/produkt\/mariani-concealed-or-exposed-shower-mixer-rb85-2.html#primaryimage"},"image":{"@id":"https:\/\/www.bagnoitalia.com\/de\/produkt\/mariani-concealed-or-exposed-shower-mixer-rb85-2.html#primaryimage"},"thumbnailUrl":"https:\/\/img.bagnoitalia.com\/wp-content\/uploads\/virtuemart\/product\/shower-shower-mixers-1.jpg","datePublished":"2023-02-14T08:12:55+00:00","dateModified":"2024-05-22T14:33:32+00:00","description":"Duscharmaturen von hervorragender Qualit\u00e4t in zwei Ausf\u00fchrungen: Einbauarmaturen (mit einem Loch) oder Au\u00dfenarmaturen (mit 2 L\u00f6chern). IN ITALIEN GEFERTIGT","breadcrumb":{"@id":"https:\/\/www.bagnoitalia.com\/de\/produkt\/mariani-concealed-or-exposed-shower-mixer-rb85-2.html#breadcrumb"},"inLanguage":"de","potentialAction":[{"@type":"ReadAction","target":["https:\/\/www.bagnoitalia.com\/de\/produkt\/mariani-concealed-or-exposed-shower-mixer-rb85-2.html"]}]},{"@type":"ImageObject","inLanguage":"de","@id":"https:\/\/www.bagnoitalia.com\/de\/produkt\/mariani-concealed-or-exposed-shower-mixer-rb85-2.html#primaryimage","url":"https:\/\/img.bagnoitalia.com\/wp-content\/uploads\/virtuemart\/product\/shower-shower-mixers-1.jpg","contentUrl":"https:\/\/img.bagnoitalia.com\/wp-content\/uploads\/virtuemart\/product\/shower-shower-mixers-1.jpg","width":550,"height":550},{"@type":"BreadcrumbList","@id":"https:\/\/www.bagnoitalia.com\/de\/produkt\/mariani-concealed-or-exposed-shower-mixer-rb85-2.html#breadcrumb","itemListElement":[{"@type":"ListItem","position":1,"name":"Home","item":"https:\/\/www.bagnoitalia.com\/de"},{"@type":"ListItem","position":2,"name":"Produkte","item":"https:\/\/www.bagnoitalia.com\/de\/shop"},{"@type":"ListItem","position":3,"name":"Mariani Unterputz- oder Aufputz-Brausebatterie RB85"}]},{"@type":"WebSite","@id":"https:\/\/www.bagnoitalia.com\/de#website","url":"https:\/\/www.bagnoitalia.com\/de","name":"Bagno Italia","description":"","publisher":{"@id":"https:\/\/www.bagnoitalia.com\/de#organization"},"potentialAction":[{"@type":"SearchAction","target":{"@type":"EntryPoint","urlTemplate":"https:\/\/www.bagnoitalia.com\/de?s={search_term_string}"},"query-input":{"@type":"PropertyValueSpecification","valueRequired":true,"valueName":"search_term_string"}}],"inLanguage":"de"},{"@type":"Organization","@id":"https:\/\/www.bagnoitalia.com\/de#organization","name":"Bagno Italia","url":"https:\/\/www.bagnoitalia.com\/de","logo":{"@type":"ImageObject","inLanguage":"de","@id":"https:\/\/www.bagnoitalia.com\/de#\/schema\/logo\/image\/","url":"https:\/\/img.bagnoitalia.com\/wp-content\/uploads\/logo-bagnoitalia.webp","contentUrl":"https:\/\/img.bagnoitalia.com\/wp-content\/uploads\/logo-bagnoitalia.webp","width":400,"height":70,"caption":"Bagno Italia"},"image":{"@id":"https:\/\/www.bagnoitalia.com\/de#\/schema\/logo\/image\/"}}]}},"_links":{"self":[{"href":"https:\/\/www.bagnoitalia.com\/de\/wp-json\/wp\/v2\/product\/82782","targetHints":{"allow":["GET"]}}],"collection":[{"href":"https:\/\/www.bagnoitalia.com\/de\/wp-json\/wp\/v2\/product"}],"about":[{"href":"https:\/\/www.bagnoitalia.com\/de\/wp-json\/wp\/v2\/types\/product"}],"replies":[{"embeddable":true,"href":"https:\/\/www.bagnoitalia.com\/de\/wp-json\/wp\/v2\/comments?post=82782"}],"version-history":[{"count":1,"href":"https:\/\/www.bagnoitalia.com\/de\/wp-json\/wp\/v2\/product\/82782\/revisions"}],"predecessor-version":[{"id":87629,"href":"https:\/\/www.bagnoitalia.com\/de\/wp-json\/wp\/v2\/product\/82782\/revisions\/87629"}],"wp:featuredmedia":[{"embeddable":true,"href":"https:\/\/www.bagnoitalia.com\/de\/wp-json\/wp\/v2\/media\/59661"}],"wp:attachment":[{"href":"https:\/\/www.bagnoitalia.com\/de\/wp-json\/wp\/v2\/media?parent=82782"}],"wp:term":[{"taxonomy":"product_brand","embeddable":true,"href":"https:\/\/www.bagnoitalia.com\/de\/wp-json\/wp\/v2\/product_brand?post=82782"},{"taxonomy":"product_cat","embeddable":true,"href":"https:\/\/www.bagnoitalia.com\/de\/wp-json\/wp\/v2\/product_cat?post=82782"},{"taxonomy":"product_tag","embeddable":true,"href":"https:\/\/www.bagnoitalia.com\/de\/wp-json\/wp\/v2\/product_tag?post=82782"}],"curies":[{"name":"wp","href":"https:\/\/api.w.org\/{rel}","templated":true}]}}