{"id":82750,"date":"2023-02-02T16:29:04","date_gmt":"2023-02-02T15:29:04","guid":{"rendered":"https:\/\/www.bagnoitalia.com\/product\/built-in-electric-fireplace-60x50-3-cm-with-led-light-flame-ce009-2"},"modified":"2023-02-02T16:29:04","modified_gmt":"2023-02-02T15:29:04","slug":"built-in-electric-fireplace-60x50-3-cm-with-led-light-flame-ce009-2","status":"publish","type":"product","link":"https:\/\/www.bagnoitalia.com\/de\/produkt\/built-in-electric-fireplace-60x50-3-cm-with-led-light-flame-ce009-2.html","title":{"rendered":"Eingebauter elektrischer Kamin 60&#215;50,3 cm mit LED-Licht Flamme CE009"},"content":{"rendered":"<p><strong><span><span>EINGEBAUTER ELEKTRISCHER KAMIN<\/span><\/span><br \/><\/strong><\/p>\n<p><strong><span><span>Eigenschaften:<\/span><\/span><\/strong><\/p>\n<p><span><span>Elektrischer Kamin 60xP15xH50,3 cm<\/span><\/span><\/p>\n<p><span><span>Strukturfarbe: Schwarz<\/span><\/span><\/p>\n<p><span><span>Ausgestattet mit Fernbedienung<\/span><\/span><\/p>\n<p><span><span>Kontrollanzeige<\/span><\/span><\/p>\n<p><span><span>LED-Flamme (in 6 Intensit\u00e4tsstufen) mit k\u00fcnstlichen Holzscheiten, mit der M\u00f6glichkeit, die W\u00e4rmeabgabe einzustellen oder nicht;&nbsp;<\/span><span>Auf diese Weise ist es m\u00f6glich, den Kamin auch in den hei\u00dfesten Perioden anzuz\u00fcnden<\/span><\/span><\/p>\n<p><span><span>\u00dcberhitzungsschutz<\/span><\/span><\/p>\n<p><span><span>Verbrauch: 750 &#8211; 1500 W<\/span><\/span><\/p>\n<p><span><span>Materialien: Metallstruktur und Vorderseite aus geh\u00e4rtetem Glas<\/span><\/span><\/p>\n<p><span><span>Schallsensor zur \u201eFenster\u00f6ffnungserkennung\u201c (so vermeiden Sie Energieverschwendung)<\/span><\/span><\/p>\n<p><span><span>Wochentimer, um zu entscheiden, an welchen Tagen und zu welchen Zeiten in der Woche der Kamin angez\u00fcndet werden kann<\/span><\/span><\/p>\n<p><span><span>Abschalttimer zum Einstellen der Minuten, innerhalb derer sich der Kamin automatisch abschalten soll<\/span><\/span><\/p>\n","protected":false},"excerpt":{"rendered":"<p>Elektrischer Kamin mit Fernbedienung, geeignet f\u00fcr den Einbau. LED-Flamme mit 6 Intensit\u00e4tsstufen.<\/p>\n","protected":false},"featured_media":59353,"comment_status":"open","ping_status":"closed","template":"","meta":[],"product_brand":[5004],"product_cat":[10001],"product_tag":[],"class_list":{"0":"post-82750","1":"product","2":"type-product","3":"status-publish","4":"has-post-thumbnail","6":"product_brand-vari-produttori","7":"product_cat-elektrischer-kamin","9":"first","10":"instock","11":"sale","12":"taxable","13":"shipping-taxable","14":"purchasable","15":"product-type-simple"},"exclude_global_add_ons":[],"addons":[],"yoast_head":"<!-- This site is optimized with the Yoast SEO plugin v26.7 - https:\/\/yoast.com\/wordpress\/plugins\/seo\/ -->\n<title>Built-in electric fireplace 60x50.3 cm with led light flame CE009<\/title>\n<meta name=\"description\" content=\"Elektrischer Kamin mit Fernbedienung, geeignet f\u00fcr den Einbau. LED-Flamme mit 6 Intensit\u00e4tsstufen.&#013;&#010;\" \/>\n<meta name=\"robots\" content=\"index, follow, max-snippet:-1, max-image-preview:large, max-video-preview:-1\" \/>\n<link rel=\"canonical\" href=\"https:\/\/www.bagnoitalia.com\/de\/produkt\/built-in-electric-fireplace-60x50-3-cm-with-led-light-flame-ce009-2.html\" \/>\n<meta property=\"og:locale\" content=\"de_DE\" \/>\n<meta property=\"og:type\" content=\"article\" \/>\n<meta property=\"og:title\" content=\"Built-in electric fireplace 60x50.3 cm with led light flame CE009\" \/>\n<meta property=\"og:description\" content=\"Elektrischer Kamin mit Fernbedienung, geeignet f\u00fcr den Einbau. LED-Flamme mit 6 Intensit\u00e4tsstufen.&#013;&#010;\" \/>\n<meta property=\"og:url\" content=\"https:\/\/www.bagnoitalia.com\/de\/produkt\/built-in-electric-fireplace-60x50-3-cm-with-led-light-flame-ce009-2.html\" \/>\n<meta property=\"og:site_name\" content=\"Bagno Italia\" \/>\n<meta property=\"og:image\" content=\"https:\/\/img.bagnoitalia.com\/wp-content\/uploads\/virtuemart\/product\/fireplace-electrically_built-in-1.jpg\" \/>\n\t<meta property=\"og:image:width\" content=\"550\" \/>\n\t<meta property=\"og:image:height\" content=\"550\" \/>\n\t<meta property=\"og:image:type\" content=\"image\/jpeg\" \/>\n<meta name=\"twitter:card\" content=\"summary_large_image\" \/>\n<meta name=\"twitter:label1\" content=\"Gesch\u00e4tzte Lesezeit\" \/>\n\t<meta name=\"twitter:data1\" content=\"1\u00a0Minute\" \/>\n<script type=\"application\/ld+json\" class=\"yoast-schema-graph\">{\"@context\":\"https:\/\/schema.org\",\"@graph\":[{\"@type\":\"WebPage\",\"@id\":\"https:\/\/www.bagnoitalia.com\/de\/produkt\/built-in-electric-fireplace-60x50-3-cm-with-led-light-flame-ce009-2.html\",\"url\":\"https:\/\/www.bagnoitalia.com\/de\/produkt\/built-in-electric-fireplace-60x50-3-cm-with-led-light-flame-ce009-2.html\",\"name\":\"Built-in electric fireplace 60x50.3 cm with led light flame CE009\",\"isPartOf\":{\"@id\":\"https:\/\/www.bagnoitalia.com\/de#website\"},\"primaryImageOfPage\":{\"@id\":\"https:\/\/www.bagnoitalia.com\/de\/produkt\/built-in-electric-fireplace-60x50-3-cm-with-led-light-flame-ce009-2.html#primaryimage\"},\"image\":{\"@id\":\"https:\/\/www.bagnoitalia.com\/de\/produkt\/built-in-electric-fireplace-60x50-3-cm-with-led-light-flame-ce009-2.html#primaryimage\"},\"thumbnailUrl\":\"https:\/\/img.bagnoitalia.com\/wp-content\/uploads\/virtuemart\/product\/fireplace-electrically_built-in-1.jpg\",\"datePublished\":\"2023-02-02T15:29:04+00:00\",\"description\":\"Elektrischer Kamin mit Fernbedienung, geeignet f\u00fcr den Einbau. LED-Flamme mit 6 Intensit\u00e4tsstufen.&#13;&#10;\",\"breadcrumb\":{\"@id\":\"https:\/\/www.bagnoitalia.com\/de\/produkt\/built-in-electric-fireplace-60x50-3-cm-with-led-light-flame-ce009-2.html#breadcrumb\"},\"inLanguage\":\"de\",\"potentialAction\":[{\"@type\":\"ReadAction\",\"target\":[\"https:\/\/www.bagnoitalia.com\/de\/produkt\/built-in-electric-fireplace-60x50-3-cm-with-led-light-flame-ce009-2.html\"]}]},{\"@type\":\"ImageObject\",\"inLanguage\":\"de\",\"@id\":\"https:\/\/www.bagnoitalia.com\/de\/produkt\/built-in-electric-fireplace-60x50-3-cm-with-led-light-flame-ce009-2.html#primaryimage\",\"url\":\"https:\/\/img.bagnoitalia.com\/wp-content\/uploads\/virtuemart\/product\/fireplace-electrically_built-in-1.jpg\",\"contentUrl\":\"https:\/\/img.bagnoitalia.com\/wp-content\/uploads\/virtuemart\/product\/fireplace-electrically_built-in-1.jpg\",\"width\":550,\"height\":550},{\"@type\":\"BreadcrumbList\",\"@id\":\"https:\/\/www.bagnoitalia.com\/de\/produkt\/built-in-electric-fireplace-60x50-3-cm-with-led-light-flame-ce009-2.html#breadcrumb\",\"itemListElement\":[{\"@type\":\"ListItem\",\"position\":1,\"name\":\"Home\",\"item\":\"https:\/\/www.bagnoitalia.com\/de\"},{\"@type\":\"ListItem\",\"position\":2,\"name\":\"Produkte\",\"item\":\"https:\/\/www.bagnoitalia.com\/de\/shop\"},{\"@type\":\"ListItem\",\"position\":3,\"name\":\"Eingebauter elektrischer Kamin 60&#215;50,3 cm mit LED-Licht Flamme CE009\"}]},{\"@type\":\"WebSite\",\"@id\":\"https:\/\/www.bagnoitalia.com\/de#website\",\"url\":\"https:\/\/www.bagnoitalia.com\/de\",\"name\":\"Bagno Italia\",\"description\":\"\",\"publisher\":{\"@id\":\"https:\/\/www.bagnoitalia.com\/de#organization\"},\"potentialAction\":[{\"@type\":\"SearchAction\",\"target\":{\"@type\":\"EntryPoint\",\"urlTemplate\":\"https:\/\/www.bagnoitalia.com\/de?s={search_term_string}\"},\"query-input\":{\"@type\":\"PropertyValueSpecification\",\"valueRequired\":true,\"valueName\":\"search_term_string\"}}],\"inLanguage\":\"de\"},{\"@type\":\"Organization\",\"@id\":\"https:\/\/www.bagnoitalia.com\/de#organization\",\"name\":\"Bagno Italia\",\"url\":\"https:\/\/www.bagnoitalia.com\/de\",\"logo\":{\"@type\":\"ImageObject\",\"inLanguage\":\"de\",\"@id\":\"https:\/\/www.bagnoitalia.com\/de#\/schema\/logo\/image\/\",\"url\":\"https:\/\/img.bagnoitalia.com\/wp-content\/uploads\/logo-bagnoitalia.webp\",\"contentUrl\":\"https:\/\/img.bagnoitalia.com\/wp-content\/uploads\/logo-bagnoitalia.webp\",\"width\":400,\"height\":70,\"caption\":\"Bagno Italia\"},\"image\":{\"@id\":\"https:\/\/www.bagnoitalia.com\/de#\/schema\/logo\/image\/\"}}]}<\/script>\n<!-- \/ Yoast SEO plugin. -->","yoast_head_json":{"title":"Built-in electric fireplace 60x50.3 cm with led light flame CE009","description":"Elektrischer Kamin mit Fernbedienung, geeignet f\u00fcr den Einbau. LED-Flamme mit 6 Intensit\u00e4tsstufen.&#13;&#10;","robots":{"index":"index","follow":"follow","max-snippet":"max-snippet:-1","max-image-preview":"max-image-preview:large","max-video-preview":"max-video-preview:-1"},"canonical":"https:\/\/www.bagnoitalia.com\/de\/produkt\/built-in-electric-fireplace-60x50-3-cm-with-led-light-flame-ce009-2.html","og_locale":"de_DE","og_type":"article","og_title":"Built-in electric fireplace 60x50.3 cm with led light flame CE009","og_description":"Elektrischer Kamin mit Fernbedienung, geeignet f\u00fcr den Einbau. LED-Flamme mit 6 Intensit\u00e4tsstufen.&#13;&#10;","og_url":"https:\/\/www.bagnoitalia.com\/de\/produkt\/built-in-electric-fireplace-60x50-3-cm-with-led-light-flame-ce009-2.html","og_site_name":"Bagno Italia","og_image":[{"width":550,"height":550,"url":"https:\/\/img.bagnoitalia.com\/wp-content\/uploads\/virtuemart\/product\/fireplace-electrically_built-in-1.jpg","type":"image\/jpeg"}],"twitter_card":"summary_large_image","twitter_misc":{"Gesch\u00e4tzte Lesezeit":"1\u00a0Minute"},"schema":{"@context":"https:\/\/schema.org","@graph":[{"@type":"WebPage","@id":"https:\/\/www.bagnoitalia.com\/de\/produkt\/built-in-electric-fireplace-60x50-3-cm-with-led-light-flame-ce009-2.html","url":"https:\/\/www.bagnoitalia.com\/de\/produkt\/built-in-electric-fireplace-60x50-3-cm-with-led-light-flame-ce009-2.html","name":"Built-in electric fireplace 60x50.3 cm with led light flame CE009","isPartOf":{"@id":"https:\/\/www.bagnoitalia.com\/de#website"},"primaryImageOfPage":{"@id":"https:\/\/www.bagnoitalia.com\/de\/produkt\/built-in-electric-fireplace-60x50-3-cm-with-led-light-flame-ce009-2.html#primaryimage"},"image":{"@id":"https:\/\/www.bagnoitalia.com\/de\/produkt\/built-in-electric-fireplace-60x50-3-cm-with-led-light-flame-ce009-2.html#primaryimage"},"thumbnailUrl":"https:\/\/img.bagnoitalia.com\/wp-content\/uploads\/virtuemart\/product\/fireplace-electrically_built-in-1.jpg","datePublished":"2023-02-02T15:29:04+00:00","description":"Elektrischer Kamin mit Fernbedienung, geeignet f\u00fcr den Einbau. LED-Flamme mit 6 Intensit\u00e4tsstufen.&#13;&#10;","breadcrumb":{"@id":"https:\/\/www.bagnoitalia.com\/de\/produkt\/built-in-electric-fireplace-60x50-3-cm-with-led-light-flame-ce009-2.html#breadcrumb"},"inLanguage":"de","potentialAction":[{"@type":"ReadAction","target":["https:\/\/www.bagnoitalia.com\/de\/produkt\/built-in-electric-fireplace-60x50-3-cm-with-led-light-flame-ce009-2.html"]}]},{"@type":"ImageObject","inLanguage":"de","@id":"https:\/\/www.bagnoitalia.com\/de\/produkt\/built-in-electric-fireplace-60x50-3-cm-with-led-light-flame-ce009-2.html#primaryimage","url":"https:\/\/img.bagnoitalia.com\/wp-content\/uploads\/virtuemart\/product\/fireplace-electrically_built-in-1.jpg","contentUrl":"https:\/\/img.bagnoitalia.com\/wp-content\/uploads\/virtuemart\/product\/fireplace-electrically_built-in-1.jpg","width":550,"height":550},{"@type":"BreadcrumbList","@id":"https:\/\/www.bagnoitalia.com\/de\/produkt\/built-in-electric-fireplace-60x50-3-cm-with-led-light-flame-ce009-2.html#breadcrumb","itemListElement":[{"@type":"ListItem","position":1,"name":"Home","item":"https:\/\/www.bagnoitalia.com\/de"},{"@type":"ListItem","position":2,"name":"Produkte","item":"https:\/\/www.bagnoitalia.com\/de\/shop"},{"@type":"ListItem","position":3,"name":"Eingebauter elektrischer Kamin 60&#215;50,3 cm mit LED-Licht Flamme CE009"}]},{"@type":"WebSite","@id":"https:\/\/www.bagnoitalia.com\/de#website","url":"https:\/\/www.bagnoitalia.com\/de","name":"Bagno Italia","description":"","publisher":{"@id":"https:\/\/www.bagnoitalia.com\/de#organization"},"potentialAction":[{"@type":"SearchAction","target":{"@type":"EntryPoint","urlTemplate":"https:\/\/www.bagnoitalia.com\/de?s={search_term_string}"},"query-input":{"@type":"PropertyValueSpecification","valueRequired":true,"valueName":"search_term_string"}}],"inLanguage":"de"},{"@type":"Organization","@id":"https:\/\/www.bagnoitalia.com\/de#organization","name":"Bagno Italia","url":"https:\/\/www.bagnoitalia.com\/de","logo":{"@type":"ImageObject","inLanguage":"de","@id":"https:\/\/www.bagnoitalia.com\/de#\/schema\/logo\/image\/","url":"https:\/\/img.bagnoitalia.com\/wp-content\/uploads\/logo-bagnoitalia.webp","contentUrl":"https:\/\/img.bagnoitalia.com\/wp-content\/uploads\/logo-bagnoitalia.webp","width":400,"height":70,"caption":"Bagno Italia"},"image":{"@id":"https:\/\/www.bagnoitalia.com\/de#\/schema\/logo\/image\/"}}]}},"_links":{"self":[{"href":"https:\/\/www.bagnoitalia.com\/de\/wp-json\/wp\/v2\/product\/82750","targetHints":{"allow":["GET"]}}],"collection":[{"href":"https:\/\/www.bagnoitalia.com\/de\/wp-json\/wp\/v2\/product"}],"about":[{"href":"https:\/\/www.bagnoitalia.com\/de\/wp-json\/wp\/v2\/types\/product"}],"replies":[{"embeddable":true,"href":"https:\/\/www.bagnoitalia.com\/de\/wp-json\/wp\/v2\/comments?post=82750"}],"version-history":[{"count":0,"href":"https:\/\/www.bagnoitalia.com\/de\/wp-json\/wp\/v2\/product\/82750\/revisions"}],"wp:featuredmedia":[{"embeddable":true,"href":"https:\/\/www.bagnoitalia.com\/de\/wp-json\/wp\/v2\/media\/59353"}],"wp:attachment":[{"href":"https:\/\/www.bagnoitalia.com\/de\/wp-json\/wp\/v2\/media?parent=82750"}],"wp:term":[{"taxonomy":"product_brand","embeddable":true,"href":"https:\/\/www.bagnoitalia.com\/de\/wp-json\/wp\/v2\/product_brand?post=82750"},{"taxonomy":"product_cat","embeddable":true,"href":"https:\/\/www.bagnoitalia.com\/de\/wp-json\/wp\/v2\/product_cat?post=82750"},{"taxonomy":"product_tag","embeddable":true,"href":"https:\/\/www.bagnoitalia.com\/de\/wp-json\/wp\/v2\/product_tag?post=82750"}],"curies":[{"name":"wp","href":"https:\/\/api.w.org\/{rel}","templated":true}]}}