{"id":82733,"date":"2023-01-20T15:49:51","date_gmt":"2023-01-20T14:49:51","guid":{"rendered":"https:\/\/www.bagnoitalia.com\/product\/re01-outdoor-infrared-heater-with-floor-stand-2"},"modified":"2023-01-20T15:49:51","modified_gmt":"2023-01-20T14:49:51","slug":"re01-outdoor-infrared-heater-with-floor-stand-2","status":"publish","type":"product","link":"https:\/\/www.bagnoitalia.com\/de\/produkt\/re01-outdoor-infrared-heater-with-floor-stand-2.html","title":{"rendered":"RE01 Infrarot-Heizung f\u00fcr den Au\u00dfenbereich mit Bodenst\u00e4nder"},"content":{"rendered":"<p style=\"text-align: center;\"><span style=\"text-decoration: underline; color: #ff0000; font-size: 14pt;\"><strong>INFRAROT-HEIZLAMPE MIT BODENSTATIV &#8218;RE001<\/strong><\/span><\/p>\n<p>&nbsp;<\/p>\n<p><span style=\"text-decoration: underline;\"><strong>PRODUKTMERKMALE<\/strong><\/span><\/p>\n<p>74xH218 cm Elektro-Infrarot-Heizung<\/p>\n<p>bodenst\u00e4ndige Aufstellung<\/p>\n<p>Lampe mit LED-Anzeige und Schutzgitter<\/p>\n<p>Geeignet f\u00fcr die Verwendung im Freien (Garten usw.)<\/p>\n<p>Inklusive Fernbedienung<\/p>\n<p>Intensit\u00e4t in drei Stufen einstellbar<\/p>\n<p>mindestens: 33%<br \/>mittel: 66%<br \/>Maximum:100% (erreicht die maximale Intensit\u00e4t in weniger als 8 Sekunden)<br \/>einstellbarer Winkel (0\u00b0- 15\u00b0- 30\u00b0)<\/p>\n<p>&nbsp;<\/p>\n<p><span style=\"text-decoration: underline;\"><strong>TECHNISCHE DETAILS<\/strong><\/span><\/p>\n<p>Infrarot-Typ: A-Band (Kurzwelle)<\/p>\n<p>Maximaler Verbrauch: 2 kW<\/p>\n<p>Materialien: Stahl und eloxiertes Aluminium<\/p>\n<p>&nbsp;<\/p>\n<p>&nbsp;<\/p>\n","protected":false},"excerpt":{"rendered":"<p>Infrarotstrahler, geeignet f\u00fcr die Installation im Freien. Komplett mit LED-Anzeige, Fernbedienung und Standfu\u00df. <\/p>\n","protected":false},"featured_media":59164,"comment_status":"open","ping_status":"closed","template":"","meta":[],"product_brand":[5004],"product_cat":[9983],"product_tag":[],"class_list":{"0":"post-82733","1":"product","2":"type-product","3":"status-publish","4":"has-post-thumbnail","6":"product_brand-vari-produttori","7":"product_cat-infrarot-heizung","9":"first","10":"instock","11":"sale","12":"taxable","13":"shipping-taxable","14":"purchasable","15":"product-type-simple"},"exclude_global_add_ons":[],"addons":[],"yoast_head":"<!-- This site is optimized with the Yoast SEO plugin v26.7 - https:\/\/yoast.com\/wordpress\/plugins\/seo\/ -->\n<title>RE01 outdoor infrared heater with floor stand<\/title>\n<meta name=\"description\" content=\"Infrarotstrahler, geeignet f\u00fcr die Installation im Freien. Komplett mit LED-Anzeige, Fernbedienung und Standfu\u00df.\" \/>\n<meta name=\"robots\" content=\"index, follow, max-snippet:-1, max-image-preview:large, max-video-preview:-1\" \/>\n<link rel=\"canonical\" href=\"https:\/\/www.bagnoitalia.com\/de\/produkt\/re01-outdoor-infrared-heater-with-floor-stand-2.html\" \/>\n<meta property=\"og:locale\" content=\"de_DE\" \/>\n<meta property=\"og:type\" content=\"article\" \/>\n<meta property=\"og:title\" content=\"RE01 outdoor infrared heater with floor stand\" \/>\n<meta property=\"og:description\" content=\"Infrarotstrahler, geeignet f\u00fcr die Installation im Freien. Komplett mit LED-Anzeige, Fernbedienung und Standfu\u00df.\" \/>\n<meta property=\"og:url\" content=\"https:\/\/www.bagnoitalia.com\/de\/produkt\/re01-outdoor-infrared-heater-with-floor-stand-2.html\" \/>\n<meta property=\"og:site_name\" content=\"Bagno Italia\" \/>\n<meta property=\"og:image\" content=\"https:\/\/img.bagnoitalia.com\/wp-content\/uploads\/virtuemart\/product\/plant-heating-infrared-outdoor-1.jpg\" \/>\n\t<meta property=\"og:image:width\" content=\"550\" \/>\n\t<meta property=\"og:image:height\" content=\"550\" \/>\n\t<meta property=\"og:image:type\" content=\"image\/jpeg\" \/>\n<meta name=\"twitter:card\" content=\"summary_large_image\" \/>\n<script type=\"application\/ld+json\" class=\"yoast-schema-graph\">{\"@context\":\"https:\/\/schema.org\",\"@graph\":[{\"@type\":\"WebPage\",\"@id\":\"https:\/\/www.bagnoitalia.com\/de\/produkt\/re01-outdoor-infrared-heater-with-floor-stand-2.html\",\"url\":\"https:\/\/www.bagnoitalia.com\/de\/produkt\/re01-outdoor-infrared-heater-with-floor-stand-2.html\",\"name\":\"RE01 outdoor infrared heater with floor stand\",\"isPartOf\":{\"@id\":\"https:\/\/www.bagnoitalia.com\/de#website\"},\"primaryImageOfPage\":{\"@id\":\"https:\/\/www.bagnoitalia.com\/de\/produkt\/re01-outdoor-infrared-heater-with-floor-stand-2.html#primaryimage\"},\"image\":{\"@id\":\"https:\/\/www.bagnoitalia.com\/de\/produkt\/re01-outdoor-infrared-heater-with-floor-stand-2.html#primaryimage\"},\"thumbnailUrl\":\"https:\/\/img.bagnoitalia.com\/wp-content\/uploads\/virtuemart\/product\/plant-heating-infrared-outdoor-1.jpg\",\"datePublished\":\"2023-01-20T14:49:51+00:00\",\"description\":\"Infrarotstrahler, geeignet f\u00fcr die Installation im Freien. Komplett mit LED-Anzeige, Fernbedienung und Standfu\u00df.\",\"breadcrumb\":{\"@id\":\"https:\/\/www.bagnoitalia.com\/de\/produkt\/re01-outdoor-infrared-heater-with-floor-stand-2.html#breadcrumb\"},\"inLanguage\":\"de\",\"potentialAction\":[{\"@type\":\"ReadAction\",\"target\":[\"https:\/\/www.bagnoitalia.com\/de\/produkt\/re01-outdoor-infrared-heater-with-floor-stand-2.html\"]}]},{\"@type\":\"ImageObject\",\"inLanguage\":\"de\",\"@id\":\"https:\/\/www.bagnoitalia.com\/de\/produkt\/re01-outdoor-infrared-heater-with-floor-stand-2.html#primaryimage\",\"url\":\"https:\/\/img.bagnoitalia.com\/wp-content\/uploads\/virtuemart\/product\/plant-heating-infrared-outdoor-1.jpg\",\"contentUrl\":\"https:\/\/img.bagnoitalia.com\/wp-content\/uploads\/virtuemart\/product\/plant-heating-infrared-outdoor-1.jpg\",\"width\":550,\"height\":550},{\"@type\":\"BreadcrumbList\",\"@id\":\"https:\/\/www.bagnoitalia.com\/de\/produkt\/re01-outdoor-infrared-heater-with-floor-stand-2.html#breadcrumb\",\"itemListElement\":[{\"@type\":\"ListItem\",\"position\":1,\"name\":\"Home\",\"item\":\"https:\/\/www.bagnoitalia.com\/de\"},{\"@type\":\"ListItem\",\"position\":2,\"name\":\"Produkte\",\"item\":\"https:\/\/www.bagnoitalia.com\/de\/shop\"},{\"@type\":\"ListItem\",\"position\":3,\"name\":\"RE01 Infrarot-Heizung f\u00fcr den Au\u00dfenbereich mit Bodenst\u00e4nder\"}]},{\"@type\":\"WebSite\",\"@id\":\"https:\/\/www.bagnoitalia.com\/de#website\",\"url\":\"https:\/\/www.bagnoitalia.com\/de\",\"name\":\"Bagno Italia\",\"description\":\"\",\"publisher\":{\"@id\":\"https:\/\/www.bagnoitalia.com\/de#organization\"},\"potentialAction\":[{\"@type\":\"SearchAction\",\"target\":{\"@type\":\"EntryPoint\",\"urlTemplate\":\"https:\/\/www.bagnoitalia.com\/de?s={search_term_string}\"},\"query-input\":{\"@type\":\"PropertyValueSpecification\",\"valueRequired\":true,\"valueName\":\"search_term_string\"}}],\"inLanguage\":\"de\"},{\"@type\":\"Organization\",\"@id\":\"https:\/\/www.bagnoitalia.com\/de#organization\",\"name\":\"Bagno Italia\",\"url\":\"https:\/\/www.bagnoitalia.com\/de\",\"logo\":{\"@type\":\"ImageObject\",\"inLanguage\":\"de\",\"@id\":\"https:\/\/www.bagnoitalia.com\/de#\/schema\/logo\/image\/\",\"url\":\"https:\/\/img.bagnoitalia.com\/wp-content\/uploads\/logo-bagnoitalia.webp\",\"contentUrl\":\"https:\/\/img.bagnoitalia.com\/wp-content\/uploads\/logo-bagnoitalia.webp\",\"width\":400,\"height\":70,\"caption\":\"Bagno Italia\"},\"image\":{\"@id\":\"https:\/\/www.bagnoitalia.com\/de#\/schema\/logo\/image\/\"}}]}<\/script>\n<!-- \/ Yoast SEO plugin. -->","yoast_head_json":{"title":"RE01 outdoor infrared heater with floor stand","description":"Infrarotstrahler, geeignet f\u00fcr die Installation im Freien. Komplett mit LED-Anzeige, Fernbedienung und Standfu\u00df.","robots":{"index":"index","follow":"follow","max-snippet":"max-snippet:-1","max-image-preview":"max-image-preview:large","max-video-preview":"max-video-preview:-1"},"canonical":"https:\/\/www.bagnoitalia.com\/de\/produkt\/re01-outdoor-infrared-heater-with-floor-stand-2.html","og_locale":"de_DE","og_type":"article","og_title":"RE01 outdoor infrared heater with floor stand","og_description":"Infrarotstrahler, geeignet f\u00fcr die Installation im Freien. Komplett mit LED-Anzeige, Fernbedienung und Standfu\u00df.","og_url":"https:\/\/www.bagnoitalia.com\/de\/produkt\/re01-outdoor-infrared-heater-with-floor-stand-2.html","og_site_name":"Bagno Italia","og_image":[{"width":550,"height":550,"url":"https:\/\/img.bagnoitalia.com\/wp-content\/uploads\/virtuemart\/product\/plant-heating-infrared-outdoor-1.jpg","type":"image\/jpeg"}],"twitter_card":"summary_large_image","schema":{"@context":"https:\/\/schema.org","@graph":[{"@type":"WebPage","@id":"https:\/\/www.bagnoitalia.com\/de\/produkt\/re01-outdoor-infrared-heater-with-floor-stand-2.html","url":"https:\/\/www.bagnoitalia.com\/de\/produkt\/re01-outdoor-infrared-heater-with-floor-stand-2.html","name":"RE01 outdoor infrared heater with floor stand","isPartOf":{"@id":"https:\/\/www.bagnoitalia.com\/de#website"},"primaryImageOfPage":{"@id":"https:\/\/www.bagnoitalia.com\/de\/produkt\/re01-outdoor-infrared-heater-with-floor-stand-2.html#primaryimage"},"image":{"@id":"https:\/\/www.bagnoitalia.com\/de\/produkt\/re01-outdoor-infrared-heater-with-floor-stand-2.html#primaryimage"},"thumbnailUrl":"https:\/\/img.bagnoitalia.com\/wp-content\/uploads\/virtuemart\/product\/plant-heating-infrared-outdoor-1.jpg","datePublished":"2023-01-20T14:49:51+00:00","description":"Infrarotstrahler, geeignet f\u00fcr die Installation im Freien. Komplett mit LED-Anzeige, Fernbedienung und Standfu\u00df.","breadcrumb":{"@id":"https:\/\/www.bagnoitalia.com\/de\/produkt\/re01-outdoor-infrared-heater-with-floor-stand-2.html#breadcrumb"},"inLanguage":"de","potentialAction":[{"@type":"ReadAction","target":["https:\/\/www.bagnoitalia.com\/de\/produkt\/re01-outdoor-infrared-heater-with-floor-stand-2.html"]}]},{"@type":"ImageObject","inLanguage":"de","@id":"https:\/\/www.bagnoitalia.com\/de\/produkt\/re01-outdoor-infrared-heater-with-floor-stand-2.html#primaryimage","url":"https:\/\/img.bagnoitalia.com\/wp-content\/uploads\/virtuemart\/product\/plant-heating-infrared-outdoor-1.jpg","contentUrl":"https:\/\/img.bagnoitalia.com\/wp-content\/uploads\/virtuemart\/product\/plant-heating-infrared-outdoor-1.jpg","width":550,"height":550},{"@type":"BreadcrumbList","@id":"https:\/\/www.bagnoitalia.com\/de\/produkt\/re01-outdoor-infrared-heater-with-floor-stand-2.html#breadcrumb","itemListElement":[{"@type":"ListItem","position":1,"name":"Home","item":"https:\/\/www.bagnoitalia.com\/de"},{"@type":"ListItem","position":2,"name":"Produkte","item":"https:\/\/www.bagnoitalia.com\/de\/shop"},{"@type":"ListItem","position":3,"name":"RE01 Infrarot-Heizung f\u00fcr den Au\u00dfenbereich mit Bodenst\u00e4nder"}]},{"@type":"WebSite","@id":"https:\/\/www.bagnoitalia.com\/de#website","url":"https:\/\/www.bagnoitalia.com\/de","name":"Bagno Italia","description":"","publisher":{"@id":"https:\/\/www.bagnoitalia.com\/de#organization"},"potentialAction":[{"@type":"SearchAction","target":{"@type":"EntryPoint","urlTemplate":"https:\/\/www.bagnoitalia.com\/de?s={search_term_string}"},"query-input":{"@type":"PropertyValueSpecification","valueRequired":true,"valueName":"search_term_string"}}],"inLanguage":"de"},{"@type":"Organization","@id":"https:\/\/www.bagnoitalia.com\/de#organization","name":"Bagno Italia","url":"https:\/\/www.bagnoitalia.com\/de","logo":{"@type":"ImageObject","inLanguage":"de","@id":"https:\/\/www.bagnoitalia.com\/de#\/schema\/logo\/image\/","url":"https:\/\/img.bagnoitalia.com\/wp-content\/uploads\/logo-bagnoitalia.webp","contentUrl":"https:\/\/img.bagnoitalia.com\/wp-content\/uploads\/logo-bagnoitalia.webp","width":400,"height":70,"caption":"Bagno Italia"},"image":{"@id":"https:\/\/www.bagnoitalia.com\/de#\/schema\/logo\/image\/"}}]}},"_links":{"self":[{"href":"https:\/\/www.bagnoitalia.com\/de\/wp-json\/wp\/v2\/product\/82733","targetHints":{"allow":["GET"]}}],"collection":[{"href":"https:\/\/www.bagnoitalia.com\/de\/wp-json\/wp\/v2\/product"}],"about":[{"href":"https:\/\/www.bagnoitalia.com\/de\/wp-json\/wp\/v2\/types\/product"}],"replies":[{"embeddable":true,"href":"https:\/\/www.bagnoitalia.com\/de\/wp-json\/wp\/v2\/comments?post=82733"}],"version-history":[{"count":0,"href":"https:\/\/www.bagnoitalia.com\/de\/wp-json\/wp\/v2\/product\/82733\/revisions"}],"wp:featuredmedia":[{"embeddable":true,"href":"https:\/\/www.bagnoitalia.com\/de\/wp-json\/wp\/v2\/media\/59164"}],"wp:attachment":[{"href":"https:\/\/www.bagnoitalia.com\/de\/wp-json\/wp\/v2\/media?parent=82733"}],"wp:term":[{"taxonomy":"product_brand","embeddable":true,"href":"https:\/\/www.bagnoitalia.com\/de\/wp-json\/wp\/v2\/product_brand?post=82733"},{"taxonomy":"product_cat","embeddable":true,"href":"https:\/\/www.bagnoitalia.com\/de\/wp-json\/wp\/v2\/product_cat?post=82733"},{"taxonomy":"product_tag","embeddable":true,"href":"https:\/\/www.bagnoitalia.com\/de\/wp-json\/wp\/v2\/product_tag?post=82733"}],"curies":[{"name":"wp","href":"https:\/\/api.w.org\/{rel}","templated":true}]}}