{"id":82646,"date":"2022-11-18T16:03:03","date_gmt":"2022-11-18T15:03:03","guid":{"rendered":"https:\/\/www.bagnoitalia.com\/product\/electric-fireplace-113-7xh102-2-with-frame-available-in-4-shades-ce008-2"},"modified":"2025-09-10T10:59:44","modified_gmt":"2025-09-10T08:59:44","slug":"electric-fireplace-113-7xh102-2-with-frame-available-in-4-shades-ce008-2","status":"publish","type":"product","link":"https:\/\/www.bagnoitalia.com\/de\/produkt\/electric-fireplace-113-7xh102-2-with-frame-available-in-4-shades-ce008-2.html","title":{"rendered":"Elektrokamin 113,7xH102,2 mit Rahmen in 4 Farben erh\u00e4ltlich CE008"},"content":{"rendered":"<p style=\"text-align: center;\"><span style=\"text-decoration: underline; color: #ff0000; font-size: 14pt;\"><strong>ELEKTRISCHER KAMIN CE008<\/strong><\/span><\/p>\n<p>&nbsp;<\/p>\n<p><span style=\"text-decoration: underline;\"><strong>PRODUKTMERKMALE<\/strong><\/span><\/p>\n<p>Kamin in den Abmessungen: 113,7xT 28,2xH102,2 cm<\/p>\n<p>Verf\u00fcgbare Farben: T\u00fcrkis, Schwarz, Wei\u00df und Grau<\/p>\n<p>Mit Multifunktions-Fernbedienung<\/p>\n<p>Leistungsstufen: 0-750-1.500 W<\/p>\n<p>Echter Flammeneffekt mit LED-Licht, einstellbar in 6 Intensit\u00e4tsstufen<\/p>\n<p>Steuerungsmodi: \u00fcber die Fernbedienung oder das Bedienfeld<\/p>\n<p>W\u00f6chentliche Tageszeitschaltuhr<\/p>\n<p>Sensor f\u00fcr offene Fenster, mit akustischem Alarm<\/p>\n<p>Kaltgewalztes Metallgeh\u00e4use<\/p>\n<p>Falsche Holzst\u00e4mme<\/p>\n<p>Geh\u00e4rtetes Frontglas<\/p>\n<p>Zertifizierung: CE&amp;ERP<\/p>\n<p>&nbsp;<\/p>\n","protected":false},"excerpt":{"rendered":"<p>Elektrischer Kamin mit Holzrahmen in den Farben Wei\u00df, Grau, Schwarz und T\u00fcrkis. Ausgestattet mit einer Fernbedienung zur Funktionskontrolle.<\/p>\n","protected":false},"featured_media":110879,"comment_status":"open","ping_status":"closed","template":"","meta":[],"product_brand":[9880],"product_cat":[10001],"product_tag":[],"class_list":{"0":"post-82646","1":"product","2":"type-product","3":"status-publish","4":"has-post-thumbnail","6":"product_brand-vari-produttori-de","7":"product_cat-elektrischer-kamin","9":"first","10":"instock","11":"sale","12":"taxable","13":"shipping-taxable","14":"purchasable","15":"product-type-simple"},"exclude_global_add_ons":false,"addons":[{"name":"Farbe","type":"multiple_choice","position":0,"required":true,"title_format":"heading","default":"","description_enable":false,"description":"","placeholder_enable":false,"placeholder":"","display":"select","restrictions_type":"any_text","adjust_price":false,"price":"","price_type":"flat_fee","restrictions":false,"min":"0","max":"0","options":[{"label":"t\u00fcrkis","price":"","price_type":"quantity_based","image":0,"visibility":true},{"label":"Wei\u00df","price":"","price_type":"quantity_based","image":0,"visibility":true},{"label":"grau","price":"","price_type":"quantity_based","image":0,"visibility":true},{"label":"schwarz","price":"","price_type":"quantity_based","image":0,"visibility":true}],"id":1716907958}],"yoast_head":"<!-- This site is optimized with the Yoast SEO plugin v26.7 - https:\/\/yoast.com\/wordpress\/plugins\/seo\/ -->\n<title>Elektrokamin 113,7xH102,2 mit Rahmen in 4 Farben erh\u00e4ltlich CE008 - Bagno Italia<\/title>\n<meta name=\"description\" content=\"Elektrischer Kamin mit Holzrahmen in den Farben Wei\u00df, Grau, Schwarz und T\u00fcrkis. Ausgestattet mit einer Fernbedienung zur Funktionskontrolle.\" \/>\n<meta name=\"robots\" content=\"index, follow, max-snippet:-1, max-image-preview:large, max-video-preview:-1\" \/>\n<link rel=\"canonical\" href=\"https:\/\/www.bagnoitalia.com\/de\/produkt\/electric-fireplace-113-7xh102-2-with-frame-available-in-4-shades-ce008-2.html\" \/>\n<meta property=\"og:locale\" content=\"de_DE\" \/>\n<meta property=\"og:type\" content=\"article\" \/>\n<meta property=\"og:title\" content=\"Elektrokamin 113,7xH102,2 mit Rahmen in 4 Farben erh\u00e4ltlich CE008 - Bagno Italia\" \/>\n<meta property=\"og:description\" content=\"Elektrischer Kamin mit Holzrahmen in den Farben Wei\u00df, Grau, Schwarz und T\u00fcrkis. Ausgestattet mit einer Fernbedienung zur Funktionskontrolle.\" \/>\n<meta property=\"og:url\" content=\"https:\/\/www.bagnoitalia.com\/de\/produkt\/electric-fireplace-113-7xh102-2-with-frame-available-in-4-shades-ce008-2.html\" \/>\n<meta property=\"og:site_name\" content=\"Bagno Italia\" \/>\n<meta property=\"article:modified_time\" content=\"2025-09-10T08:59:44+00:00\" \/>\n<meta property=\"og:image\" content=\"https:\/\/img.bagnoitalia.com\/wp-content\/uploads\/virtuemart\/product\/fireplace-electric-colours-1.jpg\" \/>\n\t<meta property=\"og:image:width\" content=\"550\" \/>\n\t<meta property=\"og:image:height\" content=\"550\" \/>\n\t<meta property=\"og:image:type\" content=\"image\/jpeg\" \/>\n<meta name=\"twitter:card\" content=\"summary_large_image\" \/>\n<meta name=\"twitter:label1\" content=\"Gesch\u00e4tzte Lesezeit\" \/>\n\t<meta name=\"twitter:data1\" content=\"1\u00a0Minute\" \/>\n<script type=\"application\/ld+json\" class=\"yoast-schema-graph\">{\"@context\":\"https:\/\/schema.org\",\"@graph\":[{\"@type\":\"WebPage\",\"@id\":\"https:\/\/www.bagnoitalia.com\/de\/produkt\/electric-fireplace-113-7xh102-2-with-frame-available-in-4-shades-ce008-2.html\",\"url\":\"https:\/\/www.bagnoitalia.com\/de\/produkt\/electric-fireplace-113-7xh102-2-with-frame-available-in-4-shades-ce008-2.html\",\"name\":\"Elektrokamin 113,7xH102,2 mit Rahmen in 4 Farben erh\u00e4ltlich CE008 - Bagno Italia\",\"isPartOf\":{\"@id\":\"https:\/\/www.bagnoitalia.com\/de#website\"},\"primaryImageOfPage\":{\"@id\":\"https:\/\/www.bagnoitalia.com\/de\/produkt\/electric-fireplace-113-7xh102-2-with-frame-available-in-4-shades-ce008-2.html#primaryimage\"},\"image\":{\"@id\":\"https:\/\/www.bagnoitalia.com\/de\/produkt\/electric-fireplace-113-7xh102-2-with-frame-available-in-4-shades-ce008-2.html#primaryimage\"},\"thumbnailUrl\":\"https:\/\/img.bagnoitalia.com\/wp-content\/uploads\/caminetto-elettrico-4-colori-bianco-nero-grigio-turchese.jpg\",\"datePublished\":\"2022-11-18T15:03:03+00:00\",\"dateModified\":\"2025-09-10T08:59:44+00:00\",\"description\":\"Elektrischer Kamin mit Holzrahmen in den Farben Wei\u00df, Grau, Schwarz und T\u00fcrkis. Ausgestattet mit einer Fernbedienung zur Funktionskontrolle.\",\"breadcrumb\":{\"@id\":\"https:\/\/www.bagnoitalia.com\/de\/produkt\/electric-fireplace-113-7xh102-2-with-frame-available-in-4-shades-ce008-2.html#breadcrumb\"},\"inLanguage\":\"de\",\"potentialAction\":[{\"@type\":\"ReadAction\",\"target\":[\"https:\/\/www.bagnoitalia.com\/de\/produkt\/electric-fireplace-113-7xh102-2-with-frame-available-in-4-shades-ce008-2.html\"]}]},{\"@type\":\"ImageObject\",\"inLanguage\":\"de\",\"@id\":\"https:\/\/www.bagnoitalia.com\/de\/produkt\/electric-fireplace-113-7xh102-2-with-frame-available-in-4-shades-ce008-2.html#primaryimage\",\"url\":\"https:\/\/img.bagnoitalia.com\/wp-content\/uploads\/caminetto-elettrico-4-colori-bianco-nero-grigio-turchese.jpg\",\"contentUrl\":\"https:\/\/img.bagnoitalia.com\/wp-content\/uploads\/caminetto-elettrico-4-colori-bianco-nero-grigio-turchese.jpg\",\"width\":575,\"height\":575},{\"@type\":\"BreadcrumbList\",\"@id\":\"https:\/\/www.bagnoitalia.com\/de\/produkt\/electric-fireplace-113-7xh102-2-with-frame-available-in-4-shades-ce008-2.html#breadcrumb\",\"itemListElement\":[{\"@type\":\"ListItem\",\"position\":1,\"name\":\"Home\",\"item\":\"https:\/\/www.bagnoitalia.com\/de\"},{\"@type\":\"ListItem\",\"position\":2,\"name\":\"Produkte\",\"item\":\"https:\/\/www.bagnoitalia.com\/de\/shop\"},{\"@type\":\"ListItem\",\"position\":3,\"name\":\"Elektrokamin 113,7xH102,2 mit Rahmen in 4 Farben erh\u00e4ltlich CE008\"}]},{\"@type\":\"WebSite\",\"@id\":\"https:\/\/www.bagnoitalia.com\/de#website\",\"url\":\"https:\/\/www.bagnoitalia.com\/de\",\"name\":\"Bagno Italia\",\"description\":\"\",\"publisher\":{\"@id\":\"https:\/\/www.bagnoitalia.com\/de#organization\"},\"potentialAction\":[{\"@type\":\"SearchAction\",\"target\":{\"@type\":\"EntryPoint\",\"urlTemplate\":\"https:\/\/www.bagnoitalia.com\/de?s={search_term_string}\"},\"query-input\":{\"@type\":\"PropertyValueSpecification\",\"valueRequired\":true,\"valueName\":\"search_term_string\"}}],\"inLanguage\":\"de\"},{\"@type\":\"Organization\",\"@id\":\"https:\/\/www.bagnoitalia.com\/de#organization\",\"name\":\"Bagno Italia\",\"url\":\"https:\/\/www.bagnoitalia.com\/de\",\"logo\":{\"@type\":\"ImageObject\",\"inLanguage\":\"de\",\"@id\":\"https:\/\/www.bagnoitalia.com\/de#\/schema\/logo\/image\/\",\"url\":\"https:\/\/img.bagnoitalia.com\/wp-content\/uploads\/logo-bagnoitalia.webp\",\"contentUrl\":\"https:\/\/img.bagnoitalia.com\/wp-content\/uploads\/logo-bagnoitalia.webp\",\"width\":400,\"height\":70,\"caption\":\"Bagno Italia\"},\"image\":{\"@id\":\"https:\/\/www.bagnoitalia.com\/de#\/schema\/logo\/image\/\"}}]}<\/script>\n<!-- \/ Yoast SEO plugin. -->","yoast_head_json":{"title":"Elektrokamin 113,7xH102,2 mit Rahmen in 4 Farben erh\u00e4ltlich CE008 - Bagno Italia","description":"Elektrischer Kamin mit Holzrahmen in den Farben Wei\u00df, Grau, Schwarz und T\u00fcrkis. Ausgestattet mit einer Fernbedienung zur Funktionskontrolle.","robots":{"index":"index","follow":"follow","max-snippet":"max-snippet:-1","max-image-preview":"max-image-preview:large","max-video-preview":"max-video-preview:-1"},"canonical":"https:\/\/www.bagnoitalia.com\/de\/produkt\/electric-fireplace-113-7xh102-2-with-frame-available-in-4-shades-ce008-2.html","og_locale":"de_DE","og_type":"article","og_title":"Elektrokamin 113,7xH102,2 mit Rahmen in 4 Farben erh\u00e4ltlich CE008 - Bagno Italia","og_description":"Elektrischer Kamin mit Holzrahmen in den Farben Wei\u00df, Grau, Schwarz und T\u00fcrkis. Ausgestattet mit einer Fernbedienung zur Funktionskontrolle.","og_url":"https:\/\/www.bagnoitalia.com\/de\/produkt\/electric-fireplace-113-7xh102-2-with-frame-available-in-4-shades-ce008-2.html","og_site_name":"Bagno Italia","article_modified_time":"2025-09-10T08:59:44+00:00","og_image":[{"width":550,"height":550,"url":"https:\/\/img.bagnoitalia.com\/wp-content\/uploads\/virtuemart\/product\/fireplace-electric-colours-1.jpg","type":"image\/jpeg"}],"twitter_card":"summary_large_image","twitter_misc":{"Gesch\u00e4tzte Lesezeit":"1\u00a0Minute"},"schema":{"@context":"https:\/\/schema.org","@graph":[{"@type":"WebPage","@id":"https:\/\/www.bagnoitalia.com\/de\/produkt\/electric-fireplace-113-7xh102-2-with-frame-available-in-4-shades-ce008-2.html","url":"https:\/\/www.bagnoitalia.com\/de\/produkt\/electric-fireplace-113-7xh102-2-with-frame-available-in-4-shades-ce008-2.html","name":"Elektrokamin 113,7xH102,2 mit Rahmen in 4 Farben erh\u00e4ltlich CE008 - Bagno Italia","isPartOf":{"@id":"https:\/\/www.bagnoitalia.com\/de#website"},"primaryImageOfPage":{"@id":"https:\/\/www.bagnoitalia.com\/de\/produkt\/electric-fireplace-113-7xh102-2-with-frame-available-in-4-shades-ce008-2.html#primaryimage"},"image":{"@id":"https:\/\/www.bagnoitalia.com\/de\/produkt\/electric-fireplace-113-7xh102-2-with-frame-available-in-4-shades-ce008-2.html#primaryimage"},"thumbnailUrl":"https:\/\/img.bagnoitalia.com\/wp-content\/uploads\/caminetto-elettrico-4-colori-bianco-nero-grigio-turchese.jpg","datePublished":"2022-11-18T15:03:03+00:00","dateModified":"2025-09-10T08:59:44+00:00","description":"Elektrischer Kamin mit Holzrahmen in den Farben Wei\u00df, Grau, Schwarz und T\u00fcrkis. Ausgestattet mit einer Fernbedienung zur Funktionskontrolle.","breadcrumb":{"@id":"https:\/\/www.bagnoitalia.com\/de\/produkt\/electric-fireplace-113-7xh102-2-with-frame-available-in-4-shades-ce008-2.html#breadcrumb"},"inLanguage":"de","potentialAction":[{"@type":"ReadAction","target":["https:\/\/www.bagnoitalia.com\/de\/produkt\/electric-fireplace-113-7xh102-2-with-frame-available-in-4-shades-ce008-2.html"]}]},{"@type":"ImageObject","inLanguage":"de","@id":"https:\/\/www.bagnoitalia.com\/de\/produkt\/electric-fireplace-113-7xh102-2-with-frame-available-in-4-shades-ce008-2.html#primaryimage","url":"https:\/\/img.bagnoitalia.com\/wp-content\/uploads\/caminetto-elettrico-4-colori-bianco-nero-grigio-turchese.jpg","contentUrl":"https:\/\/img.bagnoitalia.com\/wp-content\/uploads\/caminetto-elettrico-4-colori-bianco-nero-grigio-turchese.jpg","width":575,"height":575},{"@type":"BreadcrumbList","@id":"https:\/\/www.bagnoitalia.com\/de\/produkt\/electric-fireplace-113-7xh102-2-with-frame-available-in-4-shades-ce008-2.html#breadcrumb","itemListElement":[{"@type":"ListItem","position":1,"name":"Home","item":"https:\/\/www.bagnoitalia.com\/de"},{"@type":"ListItem","position":2,"name":"Produkte","item":"https:\/\/www.bagnoitalia.com\/de\/shop"},{"@type":"ListItem","position":3,"name":"Elektrokamin 113,7xH102,2 mit Rahmen in 4 Farben erh\u00e4ltlich CE008"}]},{"@type":"WebSite","@id":"https:\/\/www.bagnoitalia.com\/de#website","url":"https:\/\/www.bagnoitalia.com\/de","name":"Bagno Italia","description":"","publisher":{"@id":"https:\/\/www.bagnoitalia.com\/de#organization"},"potentialAction":[{"@type":"SearchAction","target":{"@type":"EntryPoint","urlTemplate":"https:\/\/www.bagnoitalia.com\/de?s={search_term_string}"},"query-input":{"@type":"PropertyValueSpecification","valueRequired":true,"valueName":"search_term_string"}}],"inLanguage":"de"},{"@type":"Organization","@id":"https:\/\/www.bagnoitalia.com\/de#organization","name":"Bagno Italia","url":"https:\/\/www.bagnoitalia.com\/de","logo":{"@type":"ImageObject","inLanguage":"de","@id":"https:\/\/www.bagnoitalia.com\/de#\/schema\/logo\/image\/","url":"https:\/\/img.bagnoitalia.com\/wp-content\/uploads\/logo-bagnoitalia.webp","contentUrl":"https:\/\/img.bagnoitalia.com\/wp-content\/uploads\/logo-bagnoitalia.webp","width":400,"height":70,"caption":"Bagno Italia"},"image":{"@id":"https:\/\/www.bagnoitalia.com\/de#\/schema\/logo\/image\/"}}]}},"_links":{"self":[{"href":"https:\/\/www.bagnoitalia.com\/de\/wp-json\/wp\/v2\/product\/82646","targetHints":{"allow":["GET"]}}],"collection":[{"href":"https:\/\/www.bagnoitalia.com\/de\/wp-json\/wp\/v2\/product"}],"about":[{"href":"https:\/\/www.bagnoitalia.com\/de\/wp-json\/wp\/v2\/types\/product"}],"replies":[{"embeddable":true,"href":"https:\/\/www.bagnoitalia.com\/de\/wp-json\/wp\/v2\/comments?post=82646"}],"version-history":[{"count":1,"href":"https:\/\/www.bagnoitalia.com\/de\/wp-json\/wp\/v2\/product\/82646\/revisions"}],"predecessor-version":[{"id":88488,"href":"https:\/\/www.bagnoitalia.com\/de\/wp-json\/wp\/v2\/product\/82646\/revisions\/88488"}],"wp:featuredmedia":[{"embeddable":true,"href":"https:\/\/www.bagnoitalia.com\/de\/wp-json\/wp\/v2\/media\/110879"}],"wp:attachment":[{"href":"https:\/\/www.bagnoitalia.com\/de\/wp-json\/wp\/v2\/media?parent=82646"}],"wp:term":[{"taxonomy":"product_brand","embeddable":true,"href":"https:\/\/www.bagnoitalia.com\/de\/wp-json\/wp\/v2\/product_brand?post=82646"},{"taxonomy":"product_cat","embeddable":true,"href":"https:\/\/www.bagnoitalia.com\/de\/wp-json\/wp\/v2\/product_cat?post=82646"},{"taxonomy":"product_tag","embeddable":true,"href":"https:\/\/www.bagnoitalia.com\/de\/wp-json\/wp\/v2\/product_tag?post=82646"}],"curies":[{"name":"wp","href":"https:\/\/api.w.org\/{rel}","templated":true}]}}