{"id":82613,"date":"2022-11-09T16:28:31","date_gmt":"2022-11-09T15:28:31","guid":{"rendered":"https:\/\/www.bagnoitalia.com\/product\/paffoni-kitchen-sink-taps-in-3-models-rb95-2"},"modified":"2024-05-23T15:51:57","modified_gmt":"2024-05-23T13:51:57","slug":"paffoni-kitchen-sink-taps-in-3-models-rb95-2","status":"publish","type":"product","link":"https:\/\/www.bagnoitalia.com\/de\/produkt\/paffoni-kitchen-sink-taps-in-3-models-rb95-2.html","title":{"rendered":"Paffoni Sp\u00fcltischarmaturen in 3 Modellen RB95"},"content":{"rendered":"<p><span style=\"text-decoration: underline; color: #ff0000; font-size: 14pt;\"><strong>RB95 K\u00fcchenarmaturen f\u00fcr Sp\u00fclbecken<\/strong><\/span><\/p>\n<p>&nbsp;<\/p>\n<p>Paffoni Mischbatterien (made in Italy) aus verchromtem Messing f\u00fcr K\u00fcchensp\u00fclen<\/p>\n<p>Erh\u00e4ltlich in 3 Modellen; w\u00e4hlen Sie den gew\u00fcnschten Typ aus dem Seitenmen\u00fc:<\/p>\n<p>&nbsp;<\/p>\n<p><span style=\"text-decoration: underline;\"><strong>HOCHHALSMISCHER<br \/>\n<\/strong><\/span>Einlochhahn f\u00fcr K\u00fcchensp\u00fcle<\/p>\n<p>Hochhals-Drehgelenk<\/p>\n<p>&nbsp;<\/p>\n<p><span style=\"text-decoration: underline;\"><strong>WANDBATTERIE<br \/>\n<\/strong><\/span>Doppellochhahn f\u00fcr K\u00fcchensp\u00fcle<\/p>\n<p>F\u00fcr die Wandmontage<\/p>\n<p>Drehbarer Hals<\/p>\n<p>&nbsp;<\/p>\n<p><span style=\"text-decoration: underline;\"><strong>PULL-OUT-MISCHER<br \/>\n<\/strong><\/span>Einloch-Wasserhahn f\u00fcr Sp\u00fclbecken<\/p>\n<p>Drehbarer Hals<\/p>\n<p>Mit Ausziehbrause<\/p>\n<p><span style=\"text-decoration: underline;\"><strong>2 Arten von Wasserstrahlen: klassisch oder &#8222;Dusche&#8220; (durch Dr\u00fccken der Taste)<\/strong><\/span><\/p>\n<p>&nbsp;<\/p>\n<p>&nbsp;<\/p>\n<p>&nbsp;<\/p>\n<p>&nbsp;<\/p>\n<p>&nbsp;<\/p>\n<p>&nbsp;<\/p>\n<p>&nbsp;<\/p>\n<p>&nbsp;<\/p>\n<p>&nbsp;<\/p>\n<p>38ZC4<br \/>\n68QX7<br \/>\n85KE6<\/p>\n","protected":false},"excerpt":{"rendered":"<p>In Italien hergestellte Sp\u00fcltischarmaturen, erh\u00e4ltlich mit hohem Hals (Einloch), f\u00fcr die Wandmontage (Doppelloch) oder mit herausziehbarer Brause (Einloch)<\/p>\n","protected":false},"featured_media":57956,"comment_status":"open","ping_status":"closed","template":"","meta":[],"product_brand":[9901,9955],"product_cat":[10043],"product_tag":[],"class_list":{"0":"post-82613","1":"product","2":"type-product","3":"status-publish","4":"has-post-thumbnail","6":"product_brand-baritermo-de","7":"product_brand-thermo-professional-de","8":"product_cat-kuchenarmaturen","10":"first","11":"instock","12":"sale","13":"taxable","14":"shipping-taxable","15":"purchasable","16":"product-type-simple"},"exclude_global_add_ons":false,"addons":[{"name":"Wasserh\u00e4hne","type":"multiple_choice","position":0,"required":true,"title_format":"heading","default":"","description_enable":false,"description":"","placeholder_enable":false,"placeholder":"","display":"select","restrictions_type":"any_text","adjust_price":false,"price":"","price_type":"flat_fee","restrictions":false,"min":"0","max":"0","options":[{"label":"Rollkragenpullover","price":"","price_type":"quantity_based","image":0,"visibility":true},{"label":"Wandmontage mit Doppelloch","price":"20","price_type":"quantity_based","image":0,"visibility":true},{"label":"ausziehbar","price":"30","price_type":"quantity_based","image":0,"visibility":true}],"id":1716479518}],"yoast_head":"<!-- This site is optimized with the Yoast SEO plugin v26.7 - https:\/\/yoast.com\/wordpress\/plugins\/seo\/ -->\n<title>Paffoni Sp\u00fcltischarmaturen in 3 Modellen RB95 - Bagno Italia<\/title>\n<meta name=\"description\" content=\"In Italien hergestellte Sp\u00fcltischarmaturen, erh\u00e4ltlich mit hohem Hals (Einloch), f\u00fcr die Wandmontage (Doppelloch) oder mit herausziehbarer Brause (Einloch)\" \/>\n<meta name=\"robots\" content=\"index, follow, max-snippet:-1, max-image-preview:large, max-video-preview:-1\" \/>\n<link rel=\"canonical\" href=\"https:\/\/www.bagnoitalia.com\/de\/produkt\/paffoni-kitchen-sink-taps-in-3-models-rb95-2.html\" \/>\n<meta property=\"og:locale\" content=\"de_DE\" \/>\n<meta property=\"og:type\" content=\"article\" \/>\n<meta property=\"og:title\" content=\"Paffoni Sp\u00fcltischarmaturen in 3 Modellen RB95 - Bagno Italia\" \/>\n<meta property=\"og:description\" content=\"In Italien hergestellte Sp\u00fcltischarmaturen, erh\u00e4ltlich mit hohem Hals (Einloch), f\u00fcr die Wandmontage (Doppelloch) oder mit herausziehbarer Brause (Einloch)\" \/>\n<meta property=\"og:url\" content=\"https:\/\/www.bagnoitalia.com\/de\/produkt\/paffoni-kitchen-sink-taps-in-3-models-rb95-2.html\" \/>\n<meta property=\"og:site_name\" content=\"Bagno Italia\" \/>\n<meta property=\"article:modified_time\" content=\"2024-05-23T13:51:57+00:00\" \/>\n<meta property=\"og:image\" content=\"https:\/\/img.bagnoitalia.com\/wp-content\/uploads\/virtuemart\/product\/mixer-paffoni-sink-kitchen-1.jpg\" \/>\n\t<meta property=\"og:image:width\" content=\"550\" \/>\n\t<meta property=\"og:image:height\" content=\"550\" \/>\n\t<meta property=\"og:image:type\" content=\"image\/jpeg\" \/>\n<meta name=\"twitter:card\" content=\"summary_large_image\" \/>\n<meta name=\"twitter:label1\" content=\"Gesch\u00e4tzte Lesezeit\" \/>\n\t<meta name=\"twitter:data1\" content=\"1\u00a0Minute\" \/>\n<script type=\"application\/ld+json\" class=\"yoast-schema-graph\">{\"@context\":\"https:\/\/schema.org\",\"@graph\":[{\"@type\":\"WebPage\",\"@id\":\"https:\/\/www.bagnoitalia.com\/de\/produkt\/paffoni-kitchen-sink-taps-in-3-models-rb95-2.html\",\"url\":\"https:\/\/www.bagnoitalia.com\/de\/produkt\/paffoni-kitchen-sink-taps-in-3-models-rb95-2.html\",\"name\":\"Paffoni Sp\u00fcltischarmaturen in 3 Modellen RB95 - Bagno Italia\",\"isPartOf\":{\"@id\":\"https:\/\/www.bagnoitalia.com\/de#website\"},\"primaryImageOfPage\":{\"@id\":\"https:\/\/www.bagnoitalia.com\/de\/produkt\/paffoni-kitchen-sink-taps-in-3-models-rb95-2.html#primaryimage\"},\"image\":{\"@id\":\"https:\/\/www.bagnoitalia.com\/de\/produkt\/paffoni-kitchen-sink-taps-in-3-models-rb95-2.html#primaryimage\"},\"thumbnailUrl\":\"https:\/\/img.bagnoitalia.com\/wp-content\/uploads\/virtuemart\/product\/mixer-paffoni-sink-kitchen-1.jpg\",\"datePublished\":\"2022-11-09T15:28:31+00:00\",\"dateModified\":\"2024-05-23T13:51:57+00:00\",\"description\":\"In Italien hergestellte Sp\u00fcltischarmaturen, erh\u00e4ltlich mit hohem Hals (Einloch), f\u00fcr die Wandmontage (Doppelloch) oder mit herausziehbarer Brause (Einloch)\",\"breadcrumb\":{\"@id\":\"https:\/\/www.bagnoitalia.com\/de\/produkt\/paffoni-kitchen-sink-taps-in-3-models-rb95-2.html#breadcrumb\"},\"inLanguage\":\"de\",\"potentialAction\":[{\"@type\":\"ReadAction\",\"target\":[\"https:\/\/www.bagnoitalia.com\/de\/produkt\/paffoni-kitchen-sink-taps-in-3-models-rb95-2.html\"]}]},{\"@type\":\"ImageObject\",\"inLanguage\":\"de\",\"@id\":\"https:\/\/www.bagnoitalia.com\/de\/produkt\/paffoni-kitchen-sink-taps-in-3-models-rb95-2.html#primaryimage\",\"url\":\"https:\/\/img.bagnoitalia.com\/wp-content\/uploads\/virtuemart\/product\/mixer-paffoni-sink-kitchen-1.jpg\",\"contentUrl\":\"https:\/\/img.bagnoitalia.com\/wp-content\/uploads\/virtuemart\/product\/mixer-paffoni-sink-kitchen-1.jpg\",\"width\":550,\"height\":550},{\"@type\":\"BreadcrumbList\",\"@id\":\"https:\/\/www.bagnoitalia.com\/de\/produkt\/paffoni-kitchen-sink-taps-in-3-models-rb95-2.html#breadcrumb\",\"itemListElement\":[{\"@type\":\"ListItem\",\"position\":1,\"name\":\"Home\",\"item\":\"https:\/\/www.bagnoitalia.com\/de\"},{\"@type\":\"ListItem\",\"position\":2,\"name\":\"Produkte\",\"item\":\"https:\/\/www.bagnoitalia.com\/de\/shop\"},{\"@type\":\"ListItem\",\"position\":3,\"name\":\"Paffoni Sp\u00fcltischarmaturen in 3 Modellen RB95\"}]},{\"@type\":\"WebSite\",\"@id\":\"https:\/\/www.bagnoitalia.com\/de#website\",\"url\":\"https:\/\/www.bagnoitalia.com\/de\",\"name\":\"Bagno Italia\",\"description\":\"\",\"publisher\":{\"@id\":\"https:\/\/www.bagnoitalia.com\/de#organization\"},\"potentialAction\":[{\"@type\":\"SearchAction\",\"target\":{\"@type\":\"EntryPoint\",\"urlTemplate\":\"https:\/\/www.bagnoitalia.com\/de?s={search_term_string}\"},\"query-input\":{\"@type\":\"PropertyValueSpecification\",\"valueRequired\":true,\"valueName\":\"search_term_string\"}}],\"inLanguage\":\"de\"},{\"@type\":\"Organization\",\"@id\":\"https:\/\/www.bagnoitalia.com\/de#organization\",\"name\":\"Bagno Italia\",\"url\":\"https:\/\/www.bagnoitalia.com\/de\",\"logo\":{\"@type\":\"ImageObject\",\"inLanguage\":\"de\",\"@id\":\"https:\/\/www.bagnoitalia.com\/de#\/schema\/logo\/image\/\",\"url\":\"https:\/\/img.bagnoitalia.com\/wp-content\/uploads\/logo-bagnoitalia.webp\",\"contentUrl\":\"https:\/\/img.bagnoitalia.com\/wp-content\/uploads\/logo-bagnoitalia.webp\",\"width\":400,\"height\":70,\"caption\":\"Bagno Italia\"},\"image\":{\"@id\":\"https:\/\/www.bagnoitalia.com\/de#\/schema\/logo\/image\/\"}}]}<\/script>\n<!-- \/ Yoast SEO plugin. -->","yoast_head_json":{"title":"Paffoni Sp\u00fcltischarmaturen in 3 Modellen RB95 - Bagno Italia","description":"In Italien hergestellte Sp\u00fcltischarmaturen, erh\u00e4ltlich mit hohem Hals (Einloch), f\u00fcr die Wandmontage (Doppelloch) oder mit herausziehbarer Brause (Einloch)","robots":{"index":"index","follow":"follow","max-snippet":"max-snippet:-1","max-image-preview":"max-image-preview:large","max-video-preview":"max-video-preview:-1"},"canonical":"https:\/\/www.bagnoitalia.com\/de\/produkt\/paffoni-kitchen-sink-taps-in-3-models-rb95-2.html","og_locale":"de_DE","og_type":"article","og_title":"Paffoni Sp\u00fcltischarmaturen in 3 Modellen RB95 - Bagno Italia","og_description":"In Italien hergestellte Sp\u00fcltischarmaturen, erh\u00e4ltlich mit hohem Hals (Einloch), f\u00fcr die Wandmontage (Doppelloch) oder mit herausziehbarer Brause (Einloch)","og_url":"https:\/\/www.bagnoitalia.com\/de\/produkt\/paffoni-kitchen-sink-taps-in-3-models-rb95-2.html","og_site_name":"Bagno Italia","article_modified_time":"2024-05-23T13:51:57+00:00","og_image":[{"width":550,"height":550,"url":"https:\/\/img.bagnoitalia.com\/wp-content\/uploads\/virtuemart\/product\/mixer-paffoni-sink-kitchen-1.jpg","type":"image\/jpeg"}],"twitter_card":"summary_large_image","twitter_misc":{"Gesch\u00e4tzte Lesezeit":"1\u00a0Minute"},"schema":{"@context":"https:\/\/schema.org","@graph":[{"@type":"WebPage","@id":"https:\/\/www.bagnoitalia.com\/de\/produkt\/paffoni-kitchen-sink-taps-in-3-models-rb95-2.html","url":"https:\/\/www.bagnoitalia.com\/de\/produkt\/paffoni-kitchen-sink-taps-in-3-models-rb95-2.html","name":"Paffoni Sp\u00fcltischarmaturen in 3 Modellen RB95 - Bagno Italia","isPartOf":{"@id":"https:\/\/www.bagnoitalia.com\/de#website"},"primaryImageOfPage":{"@id":"https:\/\/www.bagnoitalia.com\/de\/produkt\/paffoni-kitchen-sink-taps-in-3-models-rb95-2.html#primaryimage"},"image":{"@id":"https:\/\/www.bagnoitalia.com\/de\/produkt\/paffoni-kitchen-sink-taps-in-3-models-rb95-2.html#primaryimage"},"thumbnailUrl":"https:\/\/img.bagnoitalia.com\/wp-content\/uploads\/virtuemart\/product\/mixer-paffoni-sink-kitchen-1.jpg","datePublished":"2022-11-09T15:28:31+00:00","dateModified":"2024-05-23T13:51:57+00:00","description":"In Italien hergestellte Sp\u00fcltischarmaturen, erh\u00e4ltlich mit hohem Hals (Einloch), f\u00fcr die Wandmontage (Doppelloch) oder mit herausziehbarer Brause (Einloch)","breadcrumb":{"@id":"https:\/\/www.bagnoitalia.com\/de\/produkt\/paffoni-kitchen-sink-taps-in-3-models-rb95-2.html#breadcrumb"},"inLanguage":"de","potentialAction":[{"@type":"ReadAction","target":["https:\/\/www.bagnoitalia.com\/de\/produkt\/paffoni-kitchen-sink-taps-in-3-models-rb95-2.html"]}]},{"@type":"ImageObject","inLanguage":"de","@id":"https:\/\/www.bagnoitalia.com\/de\/produkt\/paffoni-kitchen-sink-taps-in-3-models-rb95-2.html#primaryimage","url":"https:\/\/img.bagnoitalia.com\/wp-content\/uploads\/virtuemart\/product\/mixer-paffoni-sink-kitchen-1.jpg","contentUrl":"https:\/\/img.bagnoitalia.com\/wp-content\/uploads\/virtuemart\/product\/mixer-paffoni-sink-kitchen-1.jpg","width":550,"height":550},{"@type":"BreadcrumbList","@id":"https:\/\/www.bagnoitalia.com\/de\/produkt\/paffoni-kitchen-sink-taps-in-3-models-rb95-2.html#breadcrumb","itemListElement":[{"@type":"ListItem","position":1,"name":"Home","item":"https:\/\/www.bagnoitalia.com\/de"},{"@type":"ListItem","position":2,"name":"Produkte","item":"https:\/\/www.bagnoitalia.com\/de\/shop"},{"@type":"ListItem","position":3,"name":"Paffoni Sp\u00fcltischarmaturen in 3 Modellen RB95"}]},{"@type":"WebSite","@id":"https:\/\/www.bagnoitalia.com\/de#website","url":"https:\/\/www.bagnoitalia.com\/de","name":"Bagno Italia","description":"","publisher":{"@id":"https:\/\/www.bagnoitalia.com\/de#organization"},"potentialAction":[{"@type":"SearchAction","target":{"@type":"EntryPoint","urlTemplate":"https:\/\/www.bagnoitalia.com\/de?s={search_term_string}"},"query-input":{"@type":"PropertyValueSpecification","valueRequired":true,"valueName":"search_term_string"}}],"inLanguage":"de"},{"@type":"Organization","@id":"https:\/\/www.bagnoitalia.com\/de#organization","name":"Bagno Italia","url":"https:\/\/www.bagnoitalia.com\/de","logo":{"@type":"ImageObject","inLanguage":"de","@id":"https:\/\/www.bagnoitalia.com\/de#\/schema\/logo\/image\/","url":"https:\/\/img.bagnoitalia.com\/wp-content\/uploads\/logo-bagnoitalia.webp","contentUrl":"https:\/\/img.bagnoitalia.com\/wp-content\/uploads\/logo-bagnoitalia.webp","width":400,"height":70,"caption":"Bagno Italia"},"image":{"@id":"https:\/\/www.bagnoitalia.com\/de#\/schema\/logo\/image\/"}}]}},"_links":{"self":[{"href":"https:\/\/www.bagnoitalia.com\/de\/wp-json\/wp\/v2\/product\/82613","targetHints":{"allow":["GET"]}}],"collection":[{"href":"https:\/\/www.bagnoitalia.com\/de\/wp-json\/wp\/v2\/product"}],"about":[{"href":"https:\/\/www.bagnoitalia.com\/de\/wp-json\/wp\/v2\/types\/product"}],"replies":[{"embeddable":true,"href":"https:\/\/www.bagnoitalia.com\/de\/wp-json\/wp\/v2\/comments?post=82613"}],"version-history":[{"count":1,"href":"https:\/\/www.bagnoitalia.com\/de\/wp-json\/wp\/v2\/product\/82613\/revisions"}],"predecessor-version":[{"id":87892,"href":"https:\/\/www.bagnoitalia.com\/de\/wp-json\/wp\/v2\/product\/82613\/revisions\/87892"}],"wp:featuredmedia":[{"embeddable":true,"href":"https:\/\/www.bagnoitalia.com\/de\/wp-json\/wp\/v2\/media\/57956"}],"wp:attachment":[{"href":"https:\/\/www.bagnoitalia.com\/de\/wp-json\/wp\/v2\/media?parent=82613"}],"wp:term":[{"taxonomy":"product_brand","embeddable":true,"href":"https:\/\/www.bagnoitalia.com\/de\/wp-json\/wp\/v2\/product_brand?post=82613"},{"taxonomy":"product_cat","embeddable":true,"href":"https:\/\/www.bagnoitalia.com\/de\/wp-json\/wp\/v2\/product_cat?post=82613"},{"taxonomy":"product_tag","embeddable":true,"href":"https:\/\/www.bagnoitalia.com\/de\/wp-json\/wp\/v2\/product_tag?post=82613"}],"curies":[{"name":"wp","href":"https:\/\/api.w.org\/{rel}","templated":true}]}}