{"id":82605,"date":"2022-11-08T08:36:14","date_gmt":"2022-11-08T07:36:14","guid":{"rendered":"https:\/\/www.bagnoitalia.com\/product\/basin-or-bidet-mixer-with-waste-or-bathtub-with-hand-shower-brand-paffoni-rb93-2"},"modified":"2024-05-23T15:40:53","modified_gmt":"2024-05-23T13:40:53","slug":"basin-or-bidet-mixer-with-waste-or-bathtub-with-hand-shower-brand-paffoni-rb93-2","status":"publish","type":"product","link":"https:\/\/www.bagnoitalia.com\/de\/produkt\/basin-or-bidet-mixer-with-waste-or-bathtub-with-hand-shower-brand-paffoni-rb93-2.html","title":{"rendered":"Waschtisch- oder Bidetmischer mit Ablaufgarnitur oder Badewanne mit Handbrause Marke Paffoni RB93"},"content":{"rendered":"<p><span style=\"text-decoration: underline; color: #ff0000; font-size: 14pt;\"><strong>PAFFONI MISCHER RB93<br \/>\n<\/strong><\/span><br \/>\nModerne Badarmaturenlinie der renommierten italienischen Marke Paffoni.<\/p>\n<p>&nbsp;<\/p>\n<p><span style=\"text-decoration: underline;\"><strong>W\u00c4HLEN SIE AUS DEM SEITENMEN\u00dc EINES ODER MEHRERE DER FOLGENDEN PRODUKTE AUS:<br \/>\n<\/strong><\/span><br \/>\n&#8211; Einlochbatterie mit Ablaufgarnitur und Ablaufgarnitur f\u00fcr Waschtisch<\/p>\n<p>&#8211; Einlochbatterie mit Ablaufgarnitur und Zugstangen-Ablaufgarnitur f\u00fcr Bidet (mit schwenkbarem Auslauf)<\/p>\n<p>&#8211; Doppelloch-Badewannenarmatur mit Handbrause (mit Wandhalterung) und Umsteller<\/p>\n<p>Schl\u00e4uche aus rostfreiem Stahl sind im Preis inbegriffen<\/p>\n<p>&nbsp;<\/p>\n<p><span style=\"text-decoration: underline;\"><strong>ACHTUNG: Duscharmaturen der gleichen Linie sind ebenfalls erh\u00e4ltlich. <a href=\"https:\/\/www.bagnoitalia.it\/miscelatore-paffoni-per-doccia-in-ottone-cromato-in-due-tipologie-rb94.html\">KLICKEN SIE HIER, UM ES ANZUSEHEN<\/a><br \/>\n<\/strong><\/span><br \/>\n&nbsp;<\/p>\n<p>&nbsp;<\/p>\n<p>&nbsp;<\/p>\n<p>&nbsp;<\/p>\n<p>&nbsp;<\/p>\n<p>95SK9<br \/>\n54QB9<br \/>\n16ZR8<\/p>\n","protected":false},"excerpt":{"rendered":"<p>Paffoni Italienische Armaturen f\u00fcr Waschbecken oder Bidet mit automatischem Ablauf. Die Brausebatterie verf\u00fcgt auch \u00fcber eine Seitenbrause. Inklusive Schl\u00e4uche<\/p>\n","protected":false},"featured_media":57900,"comment_status":"open","ping_status":"closed","template":"","meta":[],"product_brand":[9901,9955],"product_cat":[10040,10037,10052],"product_tag":[],"class_list":{"0":"post-82605","1":"product","2":"type-product","3":"status-publish","4":"has-post-thumbnail","6":"product_brand-baritermo-de","7":"product_brand-thermo-professional-de","8":"product_cat-bidetarmaturen","9":"product_cat-wannenarmaturen","10":"product_cat-waschtisch-armaturen","12":"first","13":"instock","14":"sale","15":"taxable","16":"shipping-taxable","17":"purchasable","18":"product-type-simple"},"exclude_global_add_ons":false,"addons":[{"name":"Wasserh\u00e4hne","type":"multiple_choice","position":0,"required":true,"title_format":"heading","default":"","description_enable":false,"description":"","placeholder_enable":false,"placeholder":"","display":"select","restrictions_type":"any_text","adjust_price":false,"price":"","price_type":"flat_fee","restrictions":false,"min":"0","max":"0","options":[{"label":"f\u00fcr Waschbecken","price":"","price_type":"quantity_based","image":0,"visibility":true},{"label":"f\u00fcr Bidet","price":"","price_type":"quantity_based","image":0,"visibility":true},{"label":"f\u00fcr Badewanne + Handbrause","price":"45","price_type":"quantity_based","image":0,"visibility":true}],"id":1716478853}],"yoast_head":"<!-- This site is optimized with the Yoast SEO plugin v26.7 - https:\/\/yoast.com\/wordpress\/plugins\/seo\/ -->\n<title>Waschtisch- oder Bidetmischer mit Ablaufgarnitur oder Badewanne mit Handbrause Marke Paffoni RB93 - Bagno Italia<\/title>\n<meta name=\"description\" content=\"Paffoni Italienische Armaturen f\u00fcr Waschbecken oder Bidet mit automatischem Ablauf. Die Brausebatterie verf\u00fcgt auch \u00fcber eine Seitenbrause. Inklusive Schl\u00e4uche\" \/>\n<meta name=\"robots\" content=\"index, follow, max-snippet:-1, max-image-preview:large, max-video-preview:-1\" \/>\n<link rel=\"canonical\" href=\"https:\/\/www.bagnoitalia.com\/de\/produkt\/basin-or-bidet-mixer-with-waste-or-bathtub-with-hand-shower-brand-paffoni-rb93-2.html\" \/>\n<meta property=\"og:locale\" content=\"de_DE\" \/>\n<meta property=\"og:type\" content=\"article\" \/>\n<meta property=\"og:title\" content=\"Waschtisch- oder Bidetmischer mit Ablaufgarnitur oder Badewanne mit Handbrause Marke Paffoni RB93 - Bagno Italia\" \/>\n<meta property=\"og:description\" content=\"Paffoni Italienische Armaturen f\u00fcr Waschbecken oder Bidet mit automatischem Ablauf. Die Brausebatterie verf\u00fcgt auch \u00fcber eine Seitenbrause. Inklusive Schl\u00e4uche\" \/>\n<meta property=\"og:url\" content=\"https:\/\/www.bagnoitalia.com\/de\/produkt\/basin-or-bidet-mixer-with-waste-or-bathtub-with-hand-shower-brand-paffoni-rb93-2.html\" \/>\n<meta property=\"og:site_name\" content=\"Bagno Italia\" \/>\n<meta property=\"article:modified_time\" content=\"2024-05-23T13:40:53+00:00\" \/>\n<meta property=\"og:image\" content=\"https:\/\/img.bagnoitalia.com\/wp-content\/uploads\/virtuemart\/product\/mixer-paffoni-for-bidet-basin-bathtub-1.jpg\" \/>\n\t<meta property=\"og:image:width\" content=\"550\" \/>\n\t<meta property=\"og:image:height\" content=\"550\" \/>\n\t<meta property=\"og:image:type\" content=\"image\/jpeg\" \/>\n<meta name=\"twitter:card\" content=\"summary_large_image\" \/>\n<meta name=\"twitter:label1\" content=\"Gesch\u00e4tzte Lesezeit\" \/>\n\t<meta name=\"twitter:data1\" content=\"1\u00a0Minute\" \/>\n<script type=\"application\/ld+json\" class=\"yoast-schema-graph\">{\"@context\":\"https:\/\/schema.org\",\"@graph\":[{\"@type\":\"WebPage\",\"@id\":\"https:\/\/www.bagnoitalia.com\/de\/produkt\/basin-or-bidet-mixer-with-waste-or-bathtub-with-hand-shower-brand-paffoni-rb93-2.html\",\"url\":\"https:\/\/www.bagnoitalia.com\/de\/produkt\/basin-or-bidet-mixer-with-waste-or-bathtub-with-hand-shower-brand-paffoni-rb93-2.html\",\"name\":\"Waschtisch- oder Bidetmischer mit Ablaufgarnitur oder Badewanne mit Handbrause Marke Paffoni RB93 - Bagno Italia\",\"isPartOf\":{\"@id\":\"https:\/\/www.bagnoitalia.com\/de#website\"},\"primaryImageOfPage\":{\"@id\":\"https:\/\/www.bagnoitalia.com\/de\/produkt\/basin-or-bidet-mixer-with-waste-or-bathtub-with-hand-shower-brand-paffoni-rb93-2.html#primaryimage\"},\"image\":{\"@id\":\"https:\/\/www.bagnoitalia.com\/de\/produkt\/basin-or-bidet-mixer-with-waste-or-bathtub-with-hand-shower-brand-paffoni-rb93-2.html#primaryimage\"},\"thumbnailUrl\":\"https:\/\/img.bagnoitalia.com\/wp-content\/uploads\/virtuemart\/product\/mixer-paffoni-for-bidet-basin-bathtub-1.jpg\",\"datePublished\":\"2022-11-08T07:36:14+00:00\",\"dateModified\":\"2024-05-23T13:40:53+00:00\",\"description\":\"Paffoni Italienische Armaturen f\u00fcr Waschbecken oder Bidet mit automatischem Ablauf. Die Brausebatterie verf\u00fcgt auch \u00fcber eine Seitenbrause. Inklusive Schl\u00e4uche\",\"breadcrumb\":{\"@id\":\"https:\/\/www.bagnoitalia.com\/de\/produkt\/basin-or-bidet-mixer-with-waste-or-bathtub-with-hand-shower-brand-paffoni-rb93-2.html#breadcrumb\"},\"inLanguage\":\"de\",\"potentialAction\":[{\"@type\":\"ReadAction\",\"target\":[\"https:\/\/www.bagnoitalia.com\/de\/produkt\/basin-or-bidet-mixer-with-waste-or-bathtub-with-hand-shower-brand-paffoni-rb93-2.html\"]}]},{\"@type\":\"ImageObject\",\"inLanguage\":\"de\",\"@id\":\"https:\/\/www.bagnoitalia.com\/de\/produkt\/basin-or-bidet-mixer-with-waste-or-bathtub-with-hand-shower-brand-paffoni-rb93-2.html#primaryimage\",\"url\":\"https:\/\/img.bagnoitalia.com\/wp-content\/uploads\/virtuemart\/product\/mixer-paffoni-for-bidet-basin-bathtub-1.jpg\",\"contentUrl\":\"https:\/\/img.bagnoitalia.com\/wp-content\/uploads\/virtuemart\/product\/mixer-paffoni-for-bidet-basin-bathtub-1.jpg\",\"width\":550,\"height\":550},{\"@type\":\"BreadcrumbList\",\"@id\":\"https:\/\/www.bagnoitalia.com\/de\/produkt\/basin-or-bidet-mixer-with-waste-or-bathtub-with-hand-shower-brand-paffoni-rb93-2.html#breadcrumb\",\"itemListElement\":[{\"@type\":\"ListItem\",\"position\":1,\"name\":\"Home\",\"item\":\"https:\/\/www.bagnoitalia.com\/de\"},{\"@type\":\"ListItem\",\"position\":2,\"name\":\"Produkte\",\"item\":\"https:\/\/www.bagnoitalia.com\/de\/shop\"},{\"@type\":\"ListItem\",\"position\":3,\"name\":\"Waschtisch- oder Bidetmischer mit Ablaufgarnitur oder Badewanne mit Handbrause Marke Paffoni RB93\"}]},{\"@type\":\"WebSite\",\"@id\":\"https:\/\/www.bagnoitalia.com\/de#website\",\"url\":\"https:\/\/www.bagnoitalia.com\/de\",\"name\":\"Bagno Italia\",\"description\":\"\",\"publisher\":{\"@id\":\"https:\/\/www.bagnoitalia.com\/de#organization\"},\"potentialAction\":[{\"@type\":\"SearchAction\",\"target\":{\"@type\":\"EntryPoint\",\"urlTemplate\":\"https:\/\/www.bagnoitalia.com\/de?s={search_term_string}\"},\"query-input\":{\"@type\":\"PropertyValueSpecification\",\"valueRequired\":true,\"valueName\":\"search_term_string\"}}],\"inLanguage\":\"de\"},{\"@type\":\"Organization\",\"@id\":\"https:\/\/www.bagnoitalia.com\/de#organization\",\"name\":\"Bagno Italia\",\"url\":\"https:\/\/www.bagnoitalia.com\/de\",\"logo\":{\"@type\":\"ImageObject\",\"inLanguage\":\"de\",\"@id\":\"https:\/\/www.bagnoitalia.com\/de#\/schema\/logo\/image\/\",\"url\":\"https:\/\/img.bagnoitalia.com\/wp-content\/uploads\/logo-bagnoitalia.webp\",\"contentUrl\":\"https:\/\/img.bagnoitalia.com\/wp-content\/uploads\/logo-bagnoitalia.webp\",\"width\":400,\"height\":70,\"caption\":\"Bagno Italia\"},\"image\":{\"@id\":\"https:\/\/www.bagnoitalia.com\/de#\/schema\/logo\/image\/\"}}]}<\/script>\n<!-- \/ Yoast SEO plugin. -->","yoast_head_json":{"title":"Waschtisch- oder Bidetmischer mit Ablaufgarnitur oder Badewanne mit Handbrause Marke Paffoni RB93 - Bagno Italia","description":"Paffoni Italienische Armaturen f\u00fcr Waschbecken oder Bidet mit automatischem Ablauf. Die Brausebatterie verf\u00fcgt auch \u00fcber eine Seitenbrause. Inklusive Schl\u00e4uche","robots":{"index":"index","follow":"follow","max-snippet":"max-snippet:-1","max-image-preview":"max-image-preview:large","max-video-preview":"max-video-preview:-1"},"canonical":"https:\/\/www.bagnoitalia.com\/de\/produkt\/basin-or-bidet-mixer-with-waste-or-bathtub-with-hand-shower-brand-paffoni-rb93-2.html","og_locale":"de_DE","og_type":"article","og_title":"Waschtisch- oder Bidetmischer mit Ablaufgarnitur oder Badewanne mit Handbrause Marke Paffoni RB93 - Bagno Italia","og_description":"Paffoni Italienische Armaturen f\u00fcr Waschbecken oder Bidet mit automatischem Ablauf. Die Brausebatterie verf\u00fcgt auch \u00fcber eine Seitenbrause. Inklusive Schl\u00e4uche","og_url":"https:\/\/www.bagnoitalia.com\/de\/produkt\/basin-or-bidet-mixer-with-waste-or-bathtub-with-hand-shower-brand-paffoni-rb93-2.html","og_site_name":"Bagno Italia","article_modified_time":"2024-05-23T13:40:53+00:00","og_image":[{"width":550,"height":550,"url":"https:\/\/img.bagnoitalia.com\/wp-content\/uploads\/virtuemart\/product\/mixer-paffoni-for-bidet-basin-bathtub-1.jpg","type":"image\/jpeg"}],"twitter_card":"summary_large_image","twitter_misc":{"Gesch\u00e4tzte Lesezeit":"1\u00a0Minute"},"schema":{"@context":"https:\/\/schema.org","@graph":[{"@type":"WebPage","@id":"https:\/\/www.bagnoitalia.com\/de\/produkt\/basin-or-bidet-mixer-with-waste-or-bathtub-with-hand-shower-brand-paffoni-rb93-2.html","url":"https:\/\/www.bagnoitalia.com\/de\/produkt\/basin-or-bidet-mixer-with-waste-or-bathtub-with-hand-shower-brand-paffoni-rb93-2.html","name":"Waschtisch- oder Bidetmischer mit Ablaufgarnitur oder Badewanne mit Handbrause Marke Paffoni RB93 - Bagno Italia","isPartOf":{"@id":"https:\/\/www.bagnoitalia.com\/de#website"},"primaryImageOfPage":{"@id":"https:\/\/www.bagnoitalia.com\/de\/produkt\/basin-or-bidet-mixer-with-waste-or-bathtub-with-hand-shower-brand-paffoni-rb93-2.html#primaryimage"},"image":{"@id":"https:\/\/www.bagnoitalia.com\/de\/produkt\/basin-or-bidet-mixer-with-waste-or-bathtub-with-hand-shower-brand-paffoni-rb93-2.html#primaryimage"},"thumbnailUrl":"https:\/\/img.bagnoitalia.com\/wp-content\/uploads\/virtuemart\/product\/mixer-paffoni-for-bidet-basin-bathtub-1.jpg","datePublished":"2022-11-08T07:36:14+00:00","dateModified":"2024-05-23T13:40:53+00:00","description":"Paffoni Italienische Armaturen f\u00fcr Waschbecken oder Bidet mit automatischem Ablauf. Die Brausebatterie verf\u00fcgt auch \u00fcber eine Seitenbrause. Inklusive Schl\u00e4uche","breadcrumb":{"@id":"https:\/\/www.bagnoitalia.com\/de\/produkt\/basin-or-bidet-mixer-with-waste-or-bathtub-with-hand-shower-brand-paffoni-rb93-2.html#breadcrumb"},"inLanguage":"de","potentialAction":[{"@type":"ReadAction","target":["https:\/\/www.bagnoitalia.com\/de\/produkt\/basin-or-bidet-mixer-with-waste-or-bathtub-with-hand-shower-brand-paffoni-rb93-2.html"]}]},{"@type":"ImageObject","inLanguage":"de","@id":"https:\/\/www.bagnoitalia.com\/de\/produkt\/basin-or-bidet-mixer-with-waste-or-bathtub-with-hand-shower-brand-paffoni-rb93-2.html#primaryimage","url":"https:\/\/img.bagnoitalia.com\/wp-content\/uploads\/virtuemart\/product\/mixer-paffoni-for-bidet-basin-bathtub-1.jpg","contentUrl":"https:\/\/img.bagnoitalia.com\/wp-content\/uploads\/virtuemart\/product\/mixer-paffoni-for-bidet-basin-bathtub-1.jpg","width":550,"height":550},{"@type":"BreadcrumbList","@id":"https:\/\/www.bagnoitalia.com\/de\/produkt\/basin-or-bidet-mixer-with-waste-or-bathtub-with-hand-shower-brand-paffoni-rb93-2.html#breadcrumb","itemListElement":[{"@type":"ListItem","position":1,"name":"Home","item":"https:\/\/www.bagnoitalia.com\/de"},{"@type":"ListItem","position":2,"name":"Produkte","item":"https:\/\/www.bagnoitalia.com\/de\/shop"},{"@type":"ListItem","position":3,"name":"Waschtisch- oder Bidetmischer mit Ablaufgarnitur oder Badewanne mit Handbrause Marke Paffoni RB93"}]},{"@type":"WebSite","@id":"https:\/\/www.bagnoitalia.com\/de#website","url":"https:\/\/www.bagnoitalia.com\/de","name":"Bagno Italia","description":"","publisher":{"@id":"https:\/\/www.bagnoitalia.com\/de#organization"},"potentialAction":[{"@type":"SearchAction","target":{"@type":"EntryPoint","urlTemplate":"https:\/\/www.bagnoitalia.com\/de?s={search_term_string}"},"query-input":{"@type":"PropertyValueSpecification","valueRequired":true,"valueName":"search_term_string"}}],"inLanguage":"de"},{"@type":"Organization","@id":"https:\/\/www.bagnoitalia.com\/de#organization","name":"Bagno Italia","url":"https:\/\/www.bagnoitalia.com\/de","logo":{"@type":"ImageObject","inLanguage":"de","@id":"https:\/\/www.bagnoitalia.com\/de#\/schema\/logo\/image\/","url":"https:\/\/img.bagnoitalia.com\/wp-content\/uploads\/logo-bagnoitalia.webp","contentUrl":"https:\/\/img.bagnoitalia.com\/wp-content\/uploads\/logo-bagnoitalia.webp","width":400,"height":70,"caption":"Bagno Italia"},"image":{"@id":"https:\/\/www.bagnoitalia.com\/de#\/schema\/logo\/image\/"}}]}},"_links":{"self":[{"href":"https:\/\/www.bagnoitalia.com\/de\/wp-json\/wp\/v2\/product\/82605","targetHints":{"allow":["GET"]}}],"collection":[{"href":"https:\/\/www.bagnoitalia.com\/de\/wp-json\/wp\/v2\/product"}],"about":[{"href":"https:\/\/www.bagnoitalia.com\/de\/wp-json\/wp\/v2\/types\/product"}],"replies":[{"embeddable":true,"href":"https:\/\/www.bagnoitalia.com\/de\/wp-json\/wp\/v2\/comments?post=82605"}],"version-history":[{"count":1,"href":"https:\/\/www.bagnoitalia.com\/de\/wp-json\/wp\/v2\/product\/82605\/revisions"}],"predecessor-version":[{"id":87871,"href":"https:\/\/www.bagnoitalia.com\/de\/wp-json\/wp\/v2\/product\/82605\/revisions\/87871"}],"wp:featuredmedia":[{"embeddable":true,"href":"https:\/\/www.bagnoitalia.com\/de\/wp-json\/wp\/v2\/media\/57900"}],"wp:attachment":[{"href":"https:\/\/www.bagnoitalia.com\/de\/wp-json\/wp\/v2\/media?parent=82605"}],"wp:term":[{"taxonomy":"product_brand","embeddable":true,"href":"https:\/\/www.bagnoitalia.com\/de\/wp-json\/wp\/v2\/product_brand?post=82605"},{"taxonomy":"product_cat","embeddable":true,"href":"https:\/\/www.bagnoitalia.com\/de\/wp-json\/wp\/v2\/product_cat?post=82605"},{"taxonomy":"product_tag","embeddable":true,"href":"https:\/\/www.bagnoitalia.com\/de\/wp-json\/wp\/v2\/product_tag?post=82605"}],"curies":[{"name":"wp","href":"https:\/\/api.w.org\/{rel}","templated":true}]}}