{"id":82584,"date":"2022-10-19T15:41:12","date_gmt":"2022-10-19T13:41:12","guid":{"rendered":"https:\/\/www.bagnoitalia.com\/product\/40-oder-60-oder-70-cm-cn003-entwasserungsrinne-aus-edelstahl-liniengeflecht"},"modified":"2024-09-19T15:57:43","modified_gmt":"2024-09-19T13:57:43","slug":"40-oder-60-oder-70-cm-cn003-entwasserungsrinne-aus-edelstahl-liniengeflecht","status":"publish","type":"product","link":"https:\/\/www.bagnoitalia.com\/de\/produkt\/40-oder-60-oder-70-cm-cn003-entwasserungsrinne-aus-edelstahl-liniengeflecht.html","title":{"rendered":"Entw\u00e4sserungsrinne aus Edelstahl-Liniengeflecht 40 oder 60 oder 70 cm CN003"},"content":{"rendered":"<p style=\"text-align: center;\"><span style=\"text-decoration: underline; color: #ff0000; font-size: 14pt;\"><strong>KANAL MIT LEITUNGSGITTER CN003<\/strong><\/span><\/p>\n<p>&nbsp;<\/p>\n<p>PRODUKTSPEZIFIKATIONEN<\/p>\n<p>Entw\u00e4sserungsrinne mit Gitterrost mit Linienmuster, hergestellt aus Edelstahl Aisi 304<\/p>\n<p>Erh\u00e4ltlich in den folgenden Abmessungen<\/p>\n<p>40 cm<br \/>\n60 cm<br \/>\n70 cm<\/p>\n<p>Innentiefe 7 cm, Au\u00dfentiefe 11 cm<\/p>\n<p>Edelstahl und Abs-F\u00fc\u00dfe, h\u00f6henverstellbar von 9,8 bis 14,2 cm<\/p>\n<p>Geeignet f\u00fcr Fliesen mit einer Dicke von max. 1,5 cm<\/p>\n<p>Umkehrbar<\/p>\n<p>Reduzierst\u00fcck von 50 auf 40 mm<\/p>\n<p>ABS-Siphon<\/p>\n<p>&nbsp;<\/p>\n","protected":false},"excerpt":{"rendered":"<p>Kanal mit &#8218;line&#8216;-Gitterrost, aus rostfreiem Stahl. Erh\u00e4ltlich in 3 Gr\u00f6\u00dfen. Das Angebot umfasst auch den Abs-Siphon.<\/p>\n","protected":false},"featured_media":57739,"comment_status":"open","ping_status":"closed","template":"","meta":[],"product_brand":[5004],"product_cat":[9760],"product_tag":[],"class_list":{"0":"post-82584","1":"product","2":"type-product","3":"status-publish","4":"has-post-thumbnail","6":"product_brand-vari-produttori","7":"product_cat-duschrinne","9":"first","10":"instock","11":"sale","12":"taxable","13":"shipping-taxable","14":"purchasable","15":"product-type-simple"},"exclude_global_add_ons":false,"addons":[{"name":"Abmessungen","type":"multiple_choice","position":0,"required":true,"title_format":"heading","default":"","description_enable":false,"description":"","placeholder_enable":false,"placeholder":"","display":"select","restrictions_type":"any_text","adjust_price":false,"price":"","price_type":"flat_fee","restrictions":false,"min":"0","max":"0","options":[{"label":"40 cm","price":"","price_type":"quantity_based","image":0,"visibility":true},{"label":"60 cm","price":"1","price_type":"quantity_based","image":0,"visibility":true},{"label":"Nicht verf\u00fcgbar - 70 cm","price":"7","price_type":"quantity_based","image":0,"visibility":true}],"id":1716482778}],"yoast_head":"<!-- This site is optimized with the Yoast SEO plugin v26.7 - https:\/\/yoast.com\/wordpress\/plugins\/seo\/ -->\n<title>Entw\u00e4sserungsrinne aus Edelstahl-Liniengeflecht 40 oder 60 oder 70 cm CN003 - Bagno Italia<\/title>\n<meta name=\"description\" content=\"Kanal mit &#039;line&#039;-Gitterrost, aus rostfreiem Stahl. Erh\u00e4ltlich in 3 Gr\u00f6\u00dfen. Das Angebot umfasst auch den Abs-Siphon.\" \/>\n<meta name=\"robots\" content=\"index, follow, max-snippet:-1, max-image-preview:large, max-video-preview:-1\" \/>\n<link rel=\"canonical\" href=\"https:\/\/www.bagnoitalia.com\/de\/produkt\/40-oder-60-oder-70-cm-cn003-entwasserungsrinne-aus-edelstahl-liniengeflecht.html\" \/>\n<meta property=\"og:locale\" content=\"de_DE\" \/>\n<meta property=\"og:type\" content=\"article\" \/>\n<meta property=\"og:title\" content=\"Entw\u00e4sserungsrinne aus Edelstahl-Liniengeflecht 40 oder 60 oder 70 cm CN003 - Bagno Italia\" \/>\n<meta property=\"og:description\" content=\"Kanal mit &#039;line&#039;-Gitterrost, aus rostfreiem Stahl. Erh\u00e4ltlich in 3 Gr\u00f6\u00dfen. Das Angebot umfasst auch den Abs-Siphon.\" \/>\n<meta property=\"og:url\" content=\"https:\/\/www.bagnoitalia.com\/de\/produkt\/40-oder-60-oder-70-cm-cn003-entwasserungsrinne-aus-edelstahl-liniengeflecht.html\" \/>\n<meta property=\"og:site_name\" content=\"Bagno Italia\" \/>\n<meta property=\"article:modified_time\" content=\"2024-09-19T13:57:43+00:00\" \/>\n<meta property=\"og:image\" content=\"https:\/\/img.bagnoitalia.com\/wp-content\/uploads\/virtuemart\/product\/drain-channel-with-line1.jpg\" \/>\n\t<meta property=\"og:image:width\" content=\"550\" \/>\n\t<meta property=\"og:image:height\" content=\"550\" \/>\n\t<meta property=\"og:image:type\" content=\"image\/jpeg\" \/>\n<meta name=\"twitter:card\" content=\"summary_large_image\" \/>\n<meta name=\"twitter:label1\" content=\"Gesch\u00e4tzte Lesezeit\" \/>\n\t<meta name=\"twitter:data1\" content=\"1\u00a0Minute\" \/>\n<script type=\"application\/ld+json\" class=\"yoast-schema-graph\">{\"@context\":\"https:\/\/schema.org\",\"@graph\":[{\"@type\":\"WebPage\",\"@id\":\"https:\/\/www.bagnoitalia.com\/de\/produkt\/40-oder-60-oder-70-cm-cn003-entwasserungsrinne-aus-edelstahl-liniengeflecht.html\",\"url\":\"https:\/\/www.bagnoitalia.com\/de\/produkt\/40-oder-60-oder-70-cm-cn003-entwasserungsrinne-aus-edelstahl-liniengeflecht.html\",\"name\":\"Entw\u00e4sserungsrinne aus Edelstahl-Liniengeflecht 40 oder 60 oder 70 cm CN003 - Bagno Italia\",\"isPartOf\":{\"@id\":\"https:\/\/www.bagnoitalia.com\/de#website\"},\"primaryImageOfPage\":{\"@id\":\"https:\/\/www.bagnoitalia.com\/de\/produkt\/40-oder-60-oder-70-cm-cn003-entwasserungsrinne-aus-edelstahl-liniengeflecht.html#primaryimage\"},\"image\":{\"@id\":\"https:\/\/www.bagnoitalia.com\/de\/produkt\/40-oder-60-oder-70-cm-cn003-entwasserungsrinne-aus-edelstahl-liniengeflecht.html#primaryimage\"},\"thumbnailUrl\":\"https:\/\/img.bagnoitalia.com\/wp-content\/uploads\/virtuemart\/product\/drain-channel-with-line1.jpg\",\"datePublished\":\"2022-10-19T13:41:12+00:00\",\"dateModified\":\"2024-09-19T13:57:43+00:00\",\"description\":\"Kanal mit 'line'-Gitterrost, aus rostfreiem Stahl. Erh\u00e4ltlich in 3 Gr\u00f6\u00dfen. Das Angebot umfasst auch den Abs-Siphon.\",\"breadcrumb\":{\"@id\":\"https:\/\/www.bagnoitalia.com\/de\/produkt\/40-oder-60-oder-70-cm-cn003-entwasserungsrinne-aus-edelstahl-liniengeflecht.html#breadcrumb\"},\"inLanguage\":\"de\",\"potentialAction\":[{\"@type\":\"ReadAction\",\"target\":[\"https:\/\/www.bagnoitalia.com\/de\/produkt\/40-oder-60-oder-70-cm-cn003-entwasserungsrinne-aus-edelstahl-liniengeflecht.html\"]}]},{\"@type\":\"ImageObject\",\"inLanguage\":\"de\",\"@id\":\"https:\/\/www.bagnoitalia.com\/de\/produkt\/40-oder-60-oder-70-cm-cn003-entwasserungsrinne-aus-edelstahl-liniengeflecht.html#primaryimage\",\"url\":\"https:\/\/img.bagnoitalia.com\/wp-content\/uploads\/virtuemart\/product\/drain-channel-with-line1.jpg\",\"contentUrl\":\"https:\/\/img.bagnoitalia.com\/wp-content\/uploads\/virtuemart\/product\/drain-channel-with-line1.jpg\",\"width\":550,\"height\":550},{\"@type\":\"BreadcrumbList\",\"@id\":\"https:\/\/www.bagnoitalia.com\/de\/produkt\/40-oder-60-oder-70-cm-cn003-entwasserungsrinne-aus-edelstahl-liniengeflecht.html#breadcrumb\",\"itemListElement\":[{\"@type\":\"ListItem\",\"position\":1,\"name\":\"Home\",\"item\":\"https:\/\/www.bagnoitalia.com\/de\"},{\"@type\":\"ListItem\",\"position\":2,\"name\":\"Produkte\",\"item\":\"https:\/\/www.bagnoitalia.com\/de\/shop\"},{\"@type\":\"ListItem\",\"position\":3,\"name\":\"Entw\u00e4sserungsrinne aus Edelstahl-Liniengeflecht 40 oder 60 oder 70 cm CN003\"}]},{\"@type\":\"WebSite\",\"@id\":\"https:\/\/www.bagnoitalia.com\/de#website\",\"url\":\"https:\/\/www.bagnoitalia.com\/de\",\"name\":\"Bagno Italia\",\"description\":\"\",\"publisher\":{\"@id\":\"https:\/\/www.bagnoitalia.com\/de#organization\"},\"potentialAction\":[{\"@type\":\"SearchAction\",\"target\":{\"@type\":\"EntryPoint\",\"urlTemplate\":\"https:\/\/www.bagnoitalia.com\/de?s={search_term_string}\"},\"query-input\":{\"@type\":\"PropertyValueSpecification\",\"valueRequired\":true,\"valueName\":\"search_term_string\"}}],\"inLanguage\":\"de\"},{\"@type\":\"Organization\",\"@id\":\"https:\/\/www.bagnoitalia.com\/de#organization\",\"name\":\"Bagno Italia\",\"url\":\"https:\/\/www.bagnoitalia.com\/de\",\"logo\":{\"@type\":\"ImageObject\",\"inLanguage\":\"de\",\"@id\":\"https:\/\/www.bagnoitalia.com\/de#\/schema\/logo\/image\/\",\"url\":\"https:\/\/img.bagnoitalia.com\/wp-content\/uploads\/logo-bagnoitalia.webp\",\"contentUrl\":\"https:\/\/img.bagnoitalia.com\/wp-content\/uploads\/logo-bagnoitalia.webp\",\"width\":400,\"height\":70,\"caption\":\"Bagno Italia\"},\"image\":{\"@id\":\"https:\/\/www.bagnoitalia.com\/de#\/schema\/logo\/image\/\"}}]}<\/script>\n<!-- \/ Yoast SEO plugin. -->","yoast_head_json":{"title":"Entw\u00e4sserungsrinne aus Edelstahl-Liniengeflecht 40 oder 60 oder 70 cm CN003 - Bagno Italia","description":"Kanal mit 'line'-Gitterrost, aus rostfreiem Stahl. Erh\u00e4ltlich in 3 Gr\u00f6\u00dfen. Das Angebot umfasst auch den Abs-Siphon.","robots":{"index":"index","follow":"follow","max-snippet":"max-snippet:-1","max-image-preview":"max-image-preview:large","max-video-preview":"max-video-preview:-1"},"canonical":"https:\/\/www.bagnoitalia.com\/de\/produkt\/40-oder-60-oder-70-cm-cn003-entwasserungsrinne-aus-edelstahl-liniengeflecht.html","og_locale":"de_DE","og_type":"article","og_title":"Entw\u00e4sserungsrinne aus Edelstahl-Liniengeflecht 40 oder 60 oder 70 cm CN003 - Bagno Italia","og_description":"Kanal mit 'line'-Gitterrost, aus rostfreiem Stahl. Erh\u00e4ltlich in 3 Gr\u00f6\u00dfen. Das Angebot umfasst auch den Abs-Siphon.","og_url":"https:\/\/www.bagnoitalia.com\/de\/produkt\/40-oder-60-oder-70-cm-cn003-entwasserungsrinne-aus-edelstahl-liniengeflecht.html","og_site_name":"Bagno Italia","article_modified_time":"2024-09-19T13:57:43+00:00","og_image":[{"width":550,"height":550,"url":"https:\/\/img.bagnoitalia.com\/wp-content\/uploads\/virtuemart\/product\/drain-channel-with-line1.jpg","type":"image\/jpeg"}],"twitter_card":"summary_large_image","twitter_misc":{"Gesch\u00e4tzte Lesezeit":"1\u00a0Minute"},"schema":{"@context":"https:\/\/schema.org","@graph":[{"@type":"WebPage","@id":"https:\/\/www.bagnoitalia.com\/de\/produkt\/40-oder-60-oder-70-cm-cn003-entwasserungsrinne-aus-edelstahl-liniengeflecht.html","url":"https:\/\/www.bagnoitalia.com\/de\/produkt\/40-oder-60-oder-70-cm-cn003-entwasserungsrinne-aus-edelstahl-liniengeflecht.html","name":"Entw\u00e4sserungsrinne aus Edelstahl-Liniengeflecht 40 oder 60 oder 70 cm CN003 - Bagno Italia","isPartOf":{"@id":"https:\/\/www.bagnoitalia.com\/de#website"},"primaryImageOfPage":{"@id":"https:\/\/www.bagnoitalia.com\/de\/produkt\/40-oder-60-oder-70-cm-cn003-entwasserungsrinne-aus-edelstahl-liniengeflecht.html#primaryimage"},"image":{"@id":"https:\/\/www.bagnoitalia.com\/de\/produkt\/40-oder-60-oder-70-cm-cn003-entwasserungsrinne-aus-edelstahl-liniengeflecht.html#primaryimage"},"thumbnailUrl":"https:\/\/img.bagnoitalia.com\/wp-content\/uploads\/virtuemart\/product\/drain-channel-with-line1.jpg","datePublished":"2022-10-19T13:41:12+00:00","dateModified":"2024-09-19T13:57:43+00:00","description":"Kanal mit 'line'-Gitterrost, aus rostfreiem Stahl. Erh\u00e4ltlich in 3 Gr\u00f6\u00dfen. Das Angebot umfasst auch den Abs-Siphon.","breadcrumb":{"@id":"https:\/\/www.bagnoitalia.com\/de\/produkt\/40-oder-60-oder-70-cm-cn003-entwasserungsrinne-aus-edelstahl-liniengeflecht.html#breadcrumb"},"inLanguage":"de","potentialAction":[{"@type":"ReadAction","target":["https:\/\/www.bagnoitalia.com\/de\/produkt\/40-oder-60-oder-70-cm-cn003-entwasserungsrinne-aus-edelstahl-liniengeflecht.html"]}]},{"@type":"ImageObject","inLanguage":"de","@id":"https:\/\/www.bagnoitalia.com\/de\/produkt\/40-oder-60-oder-70-cm-cn003-entwasserungsrinne-aus-edelstahl-liniengeflecht.html#primaryimage","url":"https:\/\/img.bagnoitalia.com\/wp-content\/uploads\/virtuemart\/product\/drain-channel-with-line1.jpg","contentUrl":"https:\/\/img.bagnoitalia.com\/wp-content\/uploads\/virtuemart\/product\/drain-channel-with-line1.jpg","width":550,"height":550},{"@type":"BreadcrumbList","@id":"https:\/\/www.bagnoitalia.com\/de\/produkt\/40-oder-60-oder-70-cm-cn003-entwasserungsrinne-aus-edelstahl-liniengeflecht.html#breadcrumb","itemListElement":[{"@type":"ListItem","position":1,"name":"Home","item":"https:\/\/www.bagnoitalia.com\/de"},{"@type":"ListItem","position":2,"name":"Produkte","item":"https:\/\/www.bagnoitalia.com\/de\/shop"},{"@type":"ListItem","position":3,"name":"Entw\u00e4sserungsrinne aus Edelstahl-Liniengeflecht 40 oder 60 oder 70 cm CN003"}]},{"@type":"WebSite","@id":"https:\/\/www.bagnoitalia.com\/de#website","url":"https:\/\/www.bagnoitalia.com\/de","name":"Bagno Italia","description":"","publisher":{"@id":"https:\/\/www.bagnoitalia.com\/de#organization"},"potentialAction":[{"@type":"SearchAction","target":{"@type":"EntryPoint","urlTemplate":"https:\/\/www.bagnoitalia.com\/de?s={search_term_string}"},"query-input":{"@type":"PropertyValueSpecification","valueRequired":true,"valueName":"search_term_string"}}],"inLanguage":"de"},{"@type":"Organization","@id":"https:\/\/www.bagnoitalia.com\/de#organization","name":"Bagno Italia","url":"https:\/\/www.bagnoitalia.com\/de","logo":{"@type":"ImageObject","inLanguage":"de","@id":"https:\/\/www.bagnoitalia.com\/de#\/schema\/logo\/image\/","url":"https:\/\/img.bagnoitalia.com\/wp-content\/uploads\/logo-bagnoitalia.webp","contentUrl":"https:\/\/img.bagnoitalia.com\/wp-content\/uploads\/logo-bagnoitalia.webp","width":400,"height":70,"caption":"Bagno Italia"},"image":{"@id":"https:\/\/www.bagnoitalia.com\/de#\/schema\/logo\/image\/"}}]}},"_links":{"self":[{"href":"https:\/\/www.bagnoitalia.com\/de\/wp-json\/wp\/v2\/product\/82584","targetHints":{"allow":["GET"]}}],"collection":[{"href":"https:\/\/www.bagnoitalia.com\/de\/wp-json\/wp\/v2\/product"}],"about":[{"href":"https:\/\/www.bagnoitalia.com\/de\/wp-json\/wp\/v2\/types\/product"}],"replies":[{"embeddable":true,"href":"https:\/\/www.bagnoitalia.com\/de\/wp-json\/wp\/v2\/comments?post=82584"}],"version-history":[{"count":3,"href":"https:\/\/www.bagnoitalia.com\/de\/wp-json\/wp\/v2\/product\/82584\/revisions"}],"predecessor-version":[{"id":91829,"href":"https:\/\/www.bagnoitalia.com\/de\/wp-json\/wp\/v2\/product\/82584\/revisions\/91829"}],"wp:featuredmedia":[{"embeddable":true,"href":"https:\/\/www.bagnoitalia.com\/de\/wp-json\/wp\/v2\/media\/57739"}],"wp:attachment":[{"href":"https:\/\/www.bagnoitalia.com\/de\/wp-json\/wp\/v2\/media?parent=82584"}],"wp:term":[{"taxonomy":"product_brand","embeddable":true,"href":"https:\/\/www.bagnoitalia.com\/de\/wp-json\/wp\/v2\/product_brand?post=82584"},{"taxonomy":"product_cat","embeddable":true,"href":"https:\/\/www.bagnoitalia.com\/de\/wp-json\/wp\/v2\/product_cat?post=82584"},{"taxonomy":"product_tag","embeddable":true,"href":"https:\/\/www.bagnoitalia.com\/de\/wp-json\/wp\/v2\/product_tag?post=82584"}],"curies":[{"name":"wp","href":"https:\/\/api.w.org\/{rel}","templated":true}]}}