{"id":82492,"date":"2022-09-07T13:40:12","date_gmt":"2022-09-07T11:40:12","guid":{"rendered":"https:\/\/www.bagnoitalia.com\/product\/mspa-185-cm-whirlpool-fur-6-personen-mit-6-wasser-und-125-luftdusen-mg19-1"},"modified":"2025-02-20T11:55:20","modified_gmt":"2025-02-20T10:55:20","slug":"mspa-185-cm-whirlpool-fur-6-personen-mit-6-wasser-und-125-luftdusen-mg19-1","status":"publish","type":"product","link":"https:\/\/www.bagnoitalia.com\/de\/produkt\/mspa-185-cm-whirlpool-fur-6-personen-mit-6-wasser-und-125-luftdusen-mg19-1.html","title":{"rendered":"Mspa 185 cm Whirlpool f\u00fcr 6 Personen mit 6 Wasser-und 125 Luftd\u00fcsen MG19"},"content":{"rendered":"<p><span style=\"text-decoration: underline; color: #ff0000; font-size: 14pt;\"><strong>MINI QUADRATISCHER WHIRLPOOL MSPA MG19<\/strong><\/span><\/p>\n<p>&nbsp;<\/p>\n<p><span style=\"text-decoration: underline;\"><strong>EIGENSCHAFTEN:<\/strong><\/span><\/p>\n<p>Gr\u00f6\u00dfe 185x185xH68 cm (Innenma\u00df 145 cm)<\/p>\n<p>selbstaufblasend dank internem Motor<\/p>\n<p>geeignet f\u00fcr bis zu 6 Personen<\/p>\n<p>131 Hydromassaged\u00fcsen insgesamt (125 Luft- und 6 Wasserd\u00fcsen)<\/p>\n<p>Ozontherapie<\/p>\n<p>UVC mit antibakterieller Wirkung<\/p>\n<p>1,5 kW Heizung<\/p>\n<p>220-240 V Strom<\/p>\n<p>Filterleistung 12V \/ 60W<\/p>\n<p>Leistung 3-stufige Luftd\u00fcsen: L1 300W; L2 500W; L3 720W<\/p>\n<p>Maximales Fassungsverm\u00f6gen 930 Liter<\/p>\n<p>&nbsp;<\/p>\n<p><span style=\"text-decoration: underline;\"><strong>MATERIAL:<\/strong><\/span><\/p>\n<p>Rhino-Tech Premium 6-lagiges verst\u00e4rktes PVC<\/p>\n<p>&nbsp;<\/p>\n<p><span style=\"text-decoration: underline;\"><strong>INKLUSIVE ZUBEH\u00d6R:<\/strong><\/span><\/p>\n<p>Thermische Abdeckung<\/p>\n<p>Isomatte<\/p>\n<p>schwimmende Matte<\/p>\n<p>Bl\u00e4hschlauch<\/p>\n<p>1 Filtersockel + 2 Patronen<\/p>\n<p>wasserfeste Touch-Fernbedienung<\/p>\n<p>3,5 m Kabel mit Schukosteckdose<\/p>\n<p>&nbsp;<\/p>\n<p><span style=\"text-decoration: underline;\"><strong>RATTAN-STRUKTUR:<\/strong><\/span><\/p>\n<p>Aus dem Dropdown-Men\u00fc kann ein graues Set in Rattan-Optik hinzugef\u00fcgt werden, das um den Whirlpool herum aufgestellt wird;<\/p>\n<p>Das Set besteht aus 7 Schr\u00e4nken, davon 4 mit T\u00fcren und 3 offen (offen, ohne T\u00fcren) und ist erh\u00e4ltlich<\/p>\n<p>&#8211; mit nur 1 Schritt<\/p>\n<p>&#8211; mit Doppelstufen, d.h. bestehend aus 1 Einzelstufe und 2 \u00fcbereinander liegenden Stufen (insgesamt 3 St\u00fcck)<\/p>\n<p>&nbsp;<\/p>\n<p>&nbsp;<\/p>\n","protected":false},"excerpt":{"rendered":"<p>Selbstaufblasender, quadratischer Minipool mit Luft- und Wassermassaged\u00fcsen. Auch mit rattanartigem Set erh\u00e4ltlich, das um den Minipool herum installiert werden kann<\/p>\n","protected":false},"featured_media":56668,"comment_status":"open","ping_status":"closed","template":"","meta":[],"product_brand":[5004],"product_cat":[10116],"product_tag":[],"class_list":{"0":"post-82492","1":"product","2":"type-product","3":"status-publish","4":"has-post-thumbnail","6":"product_brand-vari-produttori","7":"product_cat-senza-categoria-de","9":"first","10":"outofstock","11":"taxable","12":"shipping-taxable","13":"purchasable","14":"product-type-simple"},"exclude_global_add_ons":false,"addons":[{"name":"Typologie","type":"multiple_choice","position":0,"required":true,"title_format":"heading","default":"","description_enable":false,"description":"","placeholder_enable":false,"placeholder":"","display":"select","restrictions_type":"any_text","adjust_price":false,"price":"","price_type":"flat_fee","restrictions":false,"min":"0","max":"0","options":[{"label":"ohne Rattanstruktur","price":"","price_type":"quantity_based","image":0,"visibility":true},{"label":"[Verf\u00fcgbar ab Mai] mit Rattanstruktur (1 Stufe)","price":"1799","price_type":"quantity_based","image":0,"visibility":true},{"label":"[Verf\u00fcgbar ab Mai] mit Rattanstruktur (Doppelstufe)","price":"1999","price_type":"quantity_based","image":0,"visibility":true}],"id":1716476183}],"yoast_head":"<!-- This site is optimized with the Yoast SEO plugin v26.7 - https:\/\/yoast.com\/wordpress\/plugins\/seo\/ -->\n<title>Mspa 185 cm Whirlpool f\u00fcr 6 Personen mit 6 Wasser-und 125 Luftd\u00fcsen MG19 - Bagno Italia<\/title>\n<meta name=\"description\" content=\"Selbstaufblasender, quadratischer Minipool mit Luft- und Wassermassaged\u00fcsen. Auch mit rattanartigem Set erh\u00e4ltlich, das um den Minipool herum installiert werden kann\" \/>\n<meta name=\"robots\" content=\"index, follow, max-snippet:-1, max-image-preview:large, max-video-preview:-1\" \/>\n<link rel=\"canonical\" href=\"https:\/\/www.bagnoitalia.com\/de\/produkt\/mspa-185-cm-whirlpool-fur-6-personen-mit-6-wasser-und-125-luftdusen-mg19-1.html\" \/>\n<meta property=\"og:locale\" content=\"de_DE\" \/>\n<meta property=\"og:type\" content=\"article\" \/>\n<meta property=\"og:title\" content=\"Mspa 185 cm Whirlpool f\u00fcr 6 Personen mit 6 Wasser-und 125 Luftd\u00fcsen MG19 - Bagno Italia\" \/>\n<meta property=\"og:description\" content=\"Selbstaufblasender, quadratischer Minipool mit Luft- und Wassermassaged\u00fcsen. Auch mit rattanartigem Set erh\u00e4ltlich, das um den Minipool herum installiert werden kann\" \/>\n<meta property=\"og:url\" content=\"https:\/\/www.bagnoitalia.com\/de\/produkt\/mspa-185-cm-whirlpool-fur-6-personen-mit-6-wasser-und-125-luftdusen-mg19-1.html\" \/>\n<meta property=\"og:site_name\" content=\"Bagno Italia\" \/>\n<meta property=\"article:modified_time\" content=\"2025-02-20T10:55:20+00:00\" \/>\n<meta property=\"og:image\" content=\"https:\/\/img.bagnoitalia.com\/wp-content\/uploads\/virtuemart\/product\/mspa-185-cm-hydromassage-mini-pool.jpg\" \/>\n\t<meta property=\"og:image:width\" content=\"550\" \/>\n\t<meta property=\"og:image:height\" content=\"550\" \/>\n\t<meta property=\"og:image:type\" content=\"image\/jpeg\" \/>\n<meta name=\"twitter:card\" content=\"summary_large_image\" \/>\n<meta name=\"twitter:label1\" content=\"Gesch\u00e4tzte Lesezeit\" \/>\n\t<meta name=\"twitter:data1\" content=\"1\u00a0Minute\" \/>\n<script type=\"application\/ld+json\" class=\"yoast-schema-graph\">{\"@context\":\"https:\/\/schema.org\",\"@graph\":[{\"@type\":\"WebPage\",\"@id\":\"https:\/\/www.bagnoitalia.com\/de\/produkt\/mspa-185-cm-whirlpool-fur-6-personen-mit-6-wasser-und-125-luftdusen-mg19-1.html\",\"url\":\"https:\/\/www.bagnoitalia.com\/de\/produkt\/mspa-185-cm-whirlpool-fur-6-personen-mit-6-wasser-und-125-luftdusen-mg19-1.html\",\"name\":\"Mspa 185 cm Whirlpool f\u00fcr 6 Personen mit 6 Wasser-und 125 Luftd\u00fcsen MG19 - Bagno Italia\",\"isPartOf\":{\"@id\":\"https:\/\/www.bagnoitalia.com\/de#website\"},\"primaryImageOfPage\":{\"@id\":\"https:\/\/www.bagnoitalia.com\/de\/produkt\/mspa-185-cm-whirlpool-fur-6-personen-mit-6-wasser-und-125-luftdusen-mg19-1.html#primaryimage\"},\"image\":{\"@id\":\"https:\/\/www.bagnoitalia.com\/de\/produkt\/mspa-185-cm-whirlpool-fur-6-personen-mit-6-wasser-und-125-luftdusen-mg19-1.html#primaryimage\"},\"thumbnailUrl\":\"https:\/\/img.bagnoitalia.com\/wp-content\/uploads\/virtuemart\/product\/mspa-185-cm-hydromassage-mini-pool.jpg\",\"datePublished\":\"2022-09-07T11:40:12+00:00\",\"dateModified\":\"2025-02-20T10:55:20+00:00\",\"description\":\"Selbstaufblasender, quadratischer Minipool mit Luft- und Wassermassaged\u00fcsen. Auch mit rattanartigem Set erh\u00e4ltlich, das um den Minipool herum installiert werden kann\",\"breadcrumb\":{\"@id\":\"https:\/\/www.bagnoitalia.com\/de\/produkt\/mspa-185-cm-whirlpool-fur-6-personen-mit-6-wasser-und-125-luftdusen-mg19-1.html#breadcrumb\"},\"inLanguage\":\"de\",\"potentialAction\":[{\"@type\":\"ReadAction\",\"target\":[\"https:\/\/www.bagnoitalia.com\/de\/produkt\/mspa-185-cm-whirlpool-fur-6-personen-mit-6-wasser-und-125-luftdusen-mg19-1.html\"]}]},{\"@type\":\"ImageObject\",\"inLanguage\":\"de\",\"@id\":\"https:\/\/www.bagnoitalia.com\/de\/produkt\/mspa-185-cm-whirlpool-fur-6-personen-mit-6-wasser-und-125-luftdusen-mg19-1.html#primaryimage\",\"url\":\"https:\/\/img.bagnoitalia.com\/wp-content\/uploads\/virtuemart\/product\/mspa-185-cm-hydromassage-mini-pool.jpg\",\"contentUrl\":\"https:\/\/img.bagnoitalia.com\/wp-content\/uploads\/virtuemart\/product\/mspa-185-cm-hydromassage-mini-pool.jpg\",\"width\":550,\"height\":550},{\"@type\":\"BreadcrumbList\",\"@id\":\"https:\/\/www.bagnoitalia.com\/de\/produkt\/mspa-185-cm-whirlpool-fur-6-personen-mit-6-wasser-und-125-luftdusen-mg19-1.html#breadcrumb\",\"itemListElement\":[{\"@type\":\"ListItem\",\"position\":1,\"name\":\"Home\",\"item\":\"https:\/\/www.bagnoitalia.com\/de\"},{\"@type\":\"ListItem\",\"position\":2,\"name\":\"Produkte\",\"item\":\"https:\/\/www.bagnoitalia.com\/de\/shop\"},{\"@type\":\"ListItem\",\"position\":3,\"name\":\"Mspa 185 cm Whirlpool f\u00fcr 6 Personen mit 6 Wasser-und 125 Luftd\u00fcsen MG19\"}]},{\"@type\":\"WebSite\",\"@id\":\"https:\/\/www.bagnoitalia.com\/de#website\",\"url\":\"https:\/\/www.bagnoitalia.com\/de\",\"name\":\"Bagno Italia\",\"description\":\"\",\"publisher\":{\"@id\":\"https:\/\/www.bagnoitalia.com\/de#organization\"},\"potentialAction\":[{\"@type\":\"SearchAction\",\"target\":{\"@type\":\"EntryPoint\",\"urlTemplate\":\"https:\/\/www.bagnoitalia.com\/de?s={search_term_string}\"},\"query-input\":{\"@type\":\"PropertyValueSpecification\",\"valueRequired\":true,\"valueName\":\"search_term_string\"}}],\"inLanguage\":\"de\"},{\"@type\":\"Organization\",\"@id\":\"https:\/\/www.bagnoitalia.com\/de#organization\",\"name\":\"Bagno Italia\",\"url\":\"https:\/\/www.bagnoitalia.com\/de\",\"logo\":{\"@type\":\"ImageObject\",\"inLanguage\":\"de\",\"@id\":\"https:\/\/www.bagnoitalia.com\/de#\/schema\/logo\/image\/\",\"url\":\"https:\/\/img.bagnoitalia.com\/wp-content\/uploads\/logo-bagnoitalia.webp\",\"contentUrl\":\"https:\/\/img.bagnoitalia.com\/wp-content\/uploads\/logo-bagnoitalia.webp\",\"width\":400,\"height\":70,\"caption\":\"Bagno Italia\"},\"image\":{\"@id\":\"https:\/\/www.bagnoitalia.com\/de#\/schema\/logo\/image\/\"}}]}<\/script>\n<!-- \/ Yoast SEO plugin. -->","yoast_head_json":{"title":"Mspa 185 cm Whirlpool f\u00fcr 6 Personen mit 6 Wasser-und 125 Luftd\u00fcsen MG19 - Bagno Italia","description":"Selbstaufblasender, quadratischer Minipool mit Luft- und Wassermassaged\u00fcsen. Auch mit rattanartigem Set erh\u00e4ltlich, das um den Minipool herum installiert werden kann","robots":{"index":"index","follow":"follow","max-snippet":"max-snippet:-1","max-image-preview":"max-image-preview:large","max-video-preview":"max-video-preview:-1"},"canonical":"https:\/\/www.bagnoitalia.com\/de\/produkt\/mspa-185-cm-whirlpool-fur-6-personen-mit-6-wasser-und-125-luftdusen-mg19-1.html","og_locale":"de_DE","og_type":"article","og_title":"Mspa 185 cm Whirlpool f\u00fcr 6 Personen mit 6 Wasser-und 125 Luftd\u00fcsen MG19 - Bagno Italia","og_description":"Selbstaufblasender, quadratischer Minipool mit Luft- und Wassermassaged\u00fcsen. Auch mit rattanartigem Set erh\u00e4ltlich, das um den Minipool herum installiert werden kann","og_url":"https:\/\/www.bagnoitalia.com\/de\/produkt\/mspa-185-cm-whirlpool-fur-6-personen-mit-6-wasser-und-125-luftdusen-mg19-1.html","og_site_name":"Bagno Italia","article_modified_time":"2025-02-20T10:55:20+00:00","og_image":[{"width":550,"height":550,"url":"https:\/\/img.bagnoitalia.com\/wp-content\/uploads\/virtuemart\/product\/mspa-185-cm-hydromassage-mini-pool.jpg","type":"image\/jpeg"}],"twitter_card":"summary_large_image","twitter_misc":{"Gesch\u00e4tzte Lesezeit":"1\u00a0Minute"},"schema":{"@context":"https:\/\/schema.org","@graph":[{"@type":"WebPage","@id":"https:\/\/www.bagnoitalia.com\/de\/produkt\/mspa-185-cm-whirlpool-fur-6-personen-mit-6-wasser-und-125-luftdusen-mg19-1.html","url":"https:\/\/www.bagnoitalia.com\/de\/produkt\/mspa-185-cm-whirlpool-fur-6-personen-mit-6-wasser-und-125-luftdusen-mg19-1.html","name":"Mspa 185 cm Whirlpool f\u00fcr 6 Personen mit 6 Wasser-und 125 Luftd\u00fcsen MG19 - Bagno Italia","isPartOf":{"@id":"https:\/\/www.bagnoitalia.com\/de#website"},"primaryImageOfPage":{"@id":"https:\/\/www.bagnoitalia.com\/de\/produkt\/mspa-185-cm-whirlpool-fur-6-personen-mit-6-wasser-und-125-luftdusen-mg19-1.html#primaryimage"},"image":{"@id":"https:\/\/www.bagnoitalia.com\/de\/produkt\/mspa-185-cm-whirlpool-fur-6-personen-mit-6-wasser-und-125-luftdusen-mg19-1.html#primaryimage"},"thumbnailUrl":"https:\/\/img.bagnoitalia.com\/wp-content\/uploads\/virtuemart\/product\/mspa-185-cm-hydromassage-mini-pool.jpg","datePublished":"2022-09-07T11:40:12+00:00","dateModified":"2025-02-20T10:55:20+00:00","description":"Selbstaufblasender, quadratischer Minipool mit Luft- und Wassermassaged\u00fcsen. Auch mit rattanartigem Set erh\u00e4ltlich, das um den Minipool herum installiert werden kann","breadcrumb":{"@id":"https:\/\/www.bagnoitalia.com\/de\/produkt\/mspa-185-cm-whirlpool-fur-6-personen-mit-6-wasser-und-125-luftdusen-mg19-1.html#breadcrumb"},"inLanguage":"de","potentialAction":[{"@type":"ReadAction","target":["https:\/\/www.bagnoitalia.com\/de\/produkt\/mspa-185-cm-whirlpool-fur-6-personen-mit-6-wasser-und-125-luftdusen-mg19-1.html"]}]},{"@type":"ImageObject","inLanguage":"de","@id":"https:\/\/www.bagnoitalia.com\/de\/produkt\/mspa-185-cm-whirlpool-fur-6-personen-mit-6-wasser-und-125-luftdusen-mg19-1.html#primaryimage","url":"https:\/\/img.bagnoitalia.com\/wp-content\/uploads\/virtuemart\/product\/mspa-185-cm-hydromassage-mini-pool.jpg","contentUrl":"https:\/\/img.bagnoitalia.com\/wp-content\/uploads\/virtuemart\/product\/mspa-185-cm-hydromassage-mini-pool.jpg","width":550,"height":550},{"@type":"BreadcrumbList","@id":"https:\/\/www.bagnoitalia.com\/de\/produkt\/mspa-185-cm-whirlpool-fur-6-personen-mit-6-wasser-und-125-luftdusen-mg19-1.html#breadcrumb","itemListElement":[{"@type":"ListItem","position":1,"name":"Home","item":"https:\/\/www.bagnoitalia.com\/de"},{"@type":"ListItem","position":2,"name":"Produkte","item":"https:\/\/www.bagnoitalia.com\/de\/shop"},{"@type":"ListItem","position":3,"name":"Mspa 185 cm Whirlpool f\u00fcr 6 Personen mit 6 Wasser-und 125 Luftd\u00fcsen MG19"}]},{"@type":"WebSite","@id":"https:\/\/www.bagnoitalia.com\/de#website","url":"https:\/\/www.bagnoitalia.com\/de","name":"Bagno Italia","description":"","publisher":{"@id":"https:\/\/www.bagnoitalia.com\/de#organization"},"potentialAction":[{"@type":"SearchAction","target":{"@type":"EntryPoint","urlTemplate":"https:\/\/www.bagnoitalia.com\/de?s={search_term_string}"},"query-input":{"@type":"PropertyValueSpecification","valueRequired":true,"valueName":"search_term_string"}}],"inLanguage":"de"},{"@type":"Organization","@id":"https:\/\/www.bagnoitalia.com\/de#organization","name":"Bagno Italia","url":"https:\/\/www.bagnoitalia.com\/de","logo":{"@type":"ImageObject","inLanguage":"de","@id":"https:\/\/www.bagnoitalia.com\/de#\/schema\/logo\/image\/","url":"https:\/\/img.bagnoitalia.com\/wp-content\/uploads\/logo-bagnoitalia.webp","contentUrl":"https:\/\/img.bagnoitalia.com\/wp-content\/uploads\/logo-bagnoitalia.webp","width":400,"height":70,"caption":"Bagno Italia"},"image":{"@id":"https:\/\/www.bagnoitalia.com\/de#\/schema\/logo\/image\/"}}]}},"_links":{"self":[{"href":"https:\/\/www.bagnoitalia.com\/de\/wp-json\/wp\/v2\/product\/82492","targetHints":{"allow":["GET"]}}],"collection":[{"href":"https:\/\/www.bagnoitalia.com\/de\/wp-json\/wp\/v2\/product"}],"about":[{"href":"https:\/\/www.bagnoitalia.com\/de\/wp-json\/wp\/v2\/types\/product"}],"replies":[{"embeddable":true,"href":"https:\/\/www.bagnoitalia.com\/de\/wp-json\/wp\/v2\/comments?post=82492"}],"version-history":[{"count":3,"href":"https:\/\/www.bagnoitalia.com\/de\/wp-json\/wp\/v2\/product\/82492\/revisions"}],"predecessor-version":[{"id":102634,"href":"https:\/\/www.bagnoitalia.com\/de\/wp-json\/wp\/v2\/product\/82492\/revisions\/102634"}],"wp:featuredmedia":[{"embeddable":true,"href":"https:\/\/www.bagnoitalia.com\/de\/wp-json\/wp\/v2\/media\/56668"}],"wp:attachment":[{"href":"https:\/\/www.bagnoitalia.com\/de\/wp-json\/wp\/v2\/media?parent=82492"}],"wp:term":[{"taxonomy":"product_brand","embeddable":true,"href":"https:\/\/www.bagnoitalia.com\/de\/wp-json\/wp\/v2\/product_brand?post=82492"},{"taxonomy":"product_cat","embeddable":true,"href":"https:\/\/www.bagnoitalia.com\/de\/wp-json\/wp\/v2\/product_cat?post=82492"},{"taxonomy":"product_tag","embeddable":true,"href":"https:\/\/www.bagnoitalia.com\/de\/wp-json\/wp\/v2\/product_tag?post=82492"}],"curies":[{"name":"wp","href":"https:\/\/api.w.org\/{rel}","templated":true}]}}