{"id":82380,"date":"2022-08-05T15:04:41","date_gmt":"2022-08-05T13:04:41","guid":{"rendered":"https:\/\/www.bagnoitalia.com\/product\/solarduschsaule-fur-garten-und-pool-erhaltlich-in-7-farben-dc015"},"modified":"2025-09-29T16:21:38","modified_gmt":"2025-09-29T14:21:38","slug":"solarduschsaule-fur-garten-und-pool-erhaltlich-in-7-farben-dc015","status":"publish","type":"product","link":"https:\/\/www.bagnoitalia.com\/de\/produkt\/solarduschsaule-fur-garten-und-pool-erhaltlich-in-7-farben-dc015.html","title":{"rendered":"Solarduschs\u00e4ule f\u00fcr Garten und Pool, erh\u00e4ltlich in 7 Farben DC015"},"content":{"rendered":"<p><strong><span style=\"color: #ff0000;\">SOLARDUSCHS\u00c4ULE IN 7 FARBEN<\/span><\/strong><\/p>\n<p>&nbsp;<\/p>\n<p>Merkmale:<\/p>\n<p>Au\u00dfenduschs\u00e4ule, besonders geeignet f\u00fcr Pools und G\u00e4rten<\/p>\n<p>Solarbeheizte Dusche<\/p>\n<p>H\u00f6he 226 cm<\/p>\n<p>Hergestellt aus ungiftigem Polyethylen hoher Molekulardichte<\/p>\n<p>Verf\u00fcgbare Farben: wei\u00df, grau, schwarz, gr\u00fcn, rot, blau<\/p>\n<p>Schwarzer runder Duschkopf mit 15 cm Durchmesser<\/p>\n<p>Fu\u00dfwaschhahn aus schwarzem Metall<\/p>\n<p>Kalkfilter enthalten<\/p>\n<p>Schutzh\u00fclle enthalten<\/p>\n<p>22 Liter Tank<\/p>\n<p>schnelle und einfache Installation<\/p>\n","protected":false},"excerpt":{"rendered":"<p>Solarbeheizte Dusche, geeignet f\u00fcr alle Arten von Au\u00dfenbereichen (Garten, Pool usw.). Modernes Design, erh\u00e4ltlich in 7 Ausf\u00fchrungen. H\u00f6he 226 cm, auch komplett mit Fu\u00dfwaschhahn<\/p>\n","protected":false},"featured_media":55795,"comment_status":"open","ping_status":"closed","template":"","meta":[],"product_brand":[9880],"product_cat":[10022],"product_tag":[],"class_list":{"0":"post-82380","1":"product","2":"type-product","3":"status-publish","4":"has-post-thumbnail","6":"product_brand-vari-produttori-de","7":"product_cat-solarbeheizte-duschen","9":"first","10":"instock","11":"sale","12":"taxable","13":"shipping-taxable","14":"purchasable","15":"product-type-simple"},"exclude_global_add_ons":false,"addons":[{"name":"Farbe","type":"multiple_choice","position":0,"required":true,"title_format":"heading","default":"","description_enable":false,"description":"","placeholder_enable":false,"placeholder":"","display":"select","restrictions_type":"any_text","adjust_price":false,"price":"","price_type":"flat_fee","restrictions":false,"min":"0","max":"0","options":[{"label":"blau","price":"","price_type":"quantity_based","image":0,"visibility":true},{"label":"rot","price":"","price_type":"quantity_based","image":0,"visibility":true},{"label":"grau","price":"","price_type":"quantity_based","image":0,"visibility":true},{"label":"(Nicht verf\u00fcgbar) schwarz","price":"","price_type":"quantity_based","image":0,"visibility":true},{"label":"(Nicht verf\u00fcgbar) wei\u00df","price":"","price_type":"quantity_based","image":0,"visibility":true},{"label":"gr\u00fcn","price":"","price_type":"quantity_based","image":0,"visibility":true}],"id":1718709869}],"yoast_head":"<!-- This site is optimized with the Yoast SEO plugin v26.7 - https:\/\/yoast.com\/wordpress\/plugins\/seo\/ -->\n<title>Solarduschs\u00e4ule f\u00fcr Garten und Pool, erh\u00e4ltlich in 7 Farben DC015 - Bagno Italia<\/title>\n<meta name=\"robots\" content=\"index, follow, max-snippet:-1, max-image-preview:large, max-video-preview:-1\" \/>\n<link rel=\"canonical\" href=\"https:\/\/www.bagnoitalia.com\/de\/produkt\/solarduschsaule-fur-garten-und-pool-erhaltlich-in-7-farben-dc015.html\" \/>\n<meta property=\"og:locale\" content=\"de_DE\" \/>\n<meta property=\"og:type\" content=\"article\" \/>\n<meta property=\"og:title\" content=\"Solarduschs\u00e4ule f\u00fcr Garten und Pool, erh\u00e4ltlich in 7 Farben DC015 - Bagno Italia\" \/>\n<meta property=\"og:description\" content=\"Solarbeheizte Dusche, geeignet f\u00fcr alle Arten von Au\u00dfenbereichen (Garten, Pool usw.). Modernes Design, erh\u00e4ltlich in 7 Ausf\u00fchrungen. H\u00f6he 226 cm, auch komplett mit Fu\u00dfwaschhahn\" \/>\n<meta property=\"og:url\" content=\"https:\/\/www.bagnoitalia.com\/de\/produkt\/solarduschsaule-fur-garten-und-pool-erhaltlich-in-7-farben-dc015.html\" \/>\n<meta property=\"og:site_name\" content=\"Bagno Italia\" \/>\n<meta property=\"article:modified_time\" content=\"2025-09-29T14:21:38+00:00\" \/>\n<meta property=\"og:image\" content=\"https:\/\/img.bagnoitalia.com\/wp-content\/uploads\/virtuemart\/product\/CDS-001-1.jpg\" \/>\n\t<meta property=\"og:image:width\" content=\"550\" \/>\n\t<meta property=\"og:image:height\" content=\"550\" \/>\n\t<meta property=\"og:image:type\" content=\"image\/jpeg\" \/>\n<meta name=\"twitter:card\" content=\"summary_large_image\" \/>\n<meta name=\"twitter:label1\" content=\"Gesch\u00e4tzte Lesezeit\" \/>\n\t<meta name=\"twitter:data1\" content=\"1\u00a0Minute\" \/>\n<script type=\"application\/ld+json\" class=\"yoast-schema-graph\">{\"@context\":\"https:\/\/schema.org\",\"@graph\":[{\"@type\":\"WebPage\",\"@id\":\"https:\/\/www.bagnoitalia.com\/de\/produkt\/solarduschsaule-fur-garten-und-pool-erhaltlich-in-7-farben-dc015.html\",\"url\":\"https:\/\/www.bagnoitalia.com\/de\/produkt\/solarduschsaule-fur-garten-und-pool-erhaltlich-in-7-farben-dc015.html\",\"name\":\"Solarduschs\u00e4ule f\u00fcr Garten und Pool, erh\u00e4ltlich in 7 Farben DC015 - Bagno Italia\",\"isPartOf\":{\"@id\":\"https:\/\/www.bagnoitalia.com\/de#website\"},\"primaryImageOfPage\":{\"@id\":\"https:\/\/www.bagnoitalia.com\/de\/produkt\/solarduschsaule-fur-garten-und-pool-erhaltlich-in-7-farben-dc015.html#primaryimage\"},\"image\":{\"@id\":\"https:\/\/www.bagnoitalia.com\/de\/produkt\/solarduschsaule-fur-garten-und-pool-erhaltlich-in-7-farben-dc015.html#primaryimage\"},\"thumbnailUrl\":\"https:\/\/img.bagnoitalia.com\/wp-content\/uploads\/virtuemart\/product\/CDS-001-1.jpg\",\"datePublished\":\"2022-08-05T13:04:41+00:00\",\"dateModified\":\"2025-09-29T14:21:38+00:00\",\"breadcrumb\":{\"@id\":\"https:\/\/www.bagnoitalia.com\/de\/produkt\/solarduschsaule-fur-garten-und-pool-erhaltlich-in-7-farben-dc015.html#breadcrumb\"},\"inLanguage\":\"de\",\"potentialAction\":[{\"@type\":\"ReadAction\",\"target\":[\"https:\/\/www.bagnoitalia.com\/de\/produkt\/solarduschsaule-fur-garten-und-pool-erhaltlich-in-7-farben-dc015.html\"]}]},{\"@type\":\"ImageObject\",\"inLanguage\":\"de\",\"@id\":\"https:\/\/www.bagnoitalia.com\/de\/produkt\/solarduschsaule-fur-garten-und-pool-erhaltlich-in-7-farben-dc015.html#primaryimage\",\"url\":\"https:\/\/img.bagnoitalia.com\/wp-content\/uploads\/virtuemart\/product\/CDS-001-1.jpg\",\"contentUrl\":\"https:\/\/img.bagnoitalia.com\/wp-content\/uploads\/virtuemart\/product\/CDS-001-1.jpg\",\"width\":550,\"height\":550},{\"@type\":\"BreadcrumbList\",\"@id\":\"https:\/\/www.bagnoitalia.com\/de\/produkt\/solarduschsaule-fur-garten-und-pool-erhaltlich-in-7-farben-dc015.html#breadcrumb\",\"itemListElement\":[{\"@type\":\"ListItem\",\"position\":1,\"name\":\"Home\",\"item\":\"https:\/\/www.bagnoitalia.com\/de\"},{\"@type\":\"ListItem\",\"position\":2,\"name\":\"Produkte\",\"item\":\"https:\/\/www.bagnoitalia.com\/de\/shop\"},{\"@type\":\"ListItem\",\"position\":3,\"name\":\"Solarduschs\u00e4ule f\u00fcr Garten und Pool, erh\u00e4ltlich in 7 Farben DC015\"}]},{\"@type\":\"WebSite\",\"@id\":\"https:\/\/www.bagnoitalia.com\/de#website\",\"url\":\"https:\/\/www.bagnoitalia.com\/de\",\"name\":\"Bagno Italia\",\"description\":\"\",\"publisher\":{\"@id\":\"https:\/\/www.bagnoitalia.com\/de#organization\"},\"potentialAction\":[{\"@type\":\"SearchAction\",\"target\":{\"@type\":\"EntryPoint\",\"urlTemplate\":\"https:\/\/www.bagnoitalia.com\/de?s={search_term_string}\"},\"query-input\":{\"@type\":\"PropertyValueSpecification\",\"valueRequired\":true,\"valueName\":\"search_term_string\"}}],\"inLanguage\":\"de\"},{\"@type\":\"Organization\",\"@id\":\"https:\/\/www.bagnoitalia.com\/de#organization\",\"name\":\"Bagno Italia\",\"url\":\"https:\/\/www.bagnoitalia.com\/de\",\"logo\":{\"@type\":\"ImageObject\",\"inLanguage\":\"de\",\"@id\":\"https:\/\/www.bagnoitalia.com\/de#\/schema\/logo\/image\/\",\"url\":\"https:\/\/img.bagnoitalia.com\/wp-content\/uploads\/logo-bagnoitalia.webp\",\"contentUrl\":\"https:\/\/img.bagnoitalia.com\/wp-content\/uploads\/logo-bagnoitalia.webp\",\"width\":400,\"height\":70,\"caption\":\"Bagno Italia\"},\"image\":{\"@id\":\"https:\/\/www.bagnoitalia.com\/de#\/schema\/logo\/image\/\"}}]}<\/script>\n<!-- \/ Yoast SEO plugin. -->","yoast_head_json":{"title":"Solarduschs\u00e4ule f\u00fcr Garten und Pool, erh\u00e4ltlich in 7 Farben DC015 - Bagno Italia","robots":{"index":"index","follow":"follow","max-snippet":"max-snippet:-1","max-image-preview":"max-image-preview:large","max-video-preview":"max-video-preview:-1"},"canonical":"https:\/\/www.bagnoitalia.com\/de\/produkt\/solarduschsaule-fur-garten-und-pool-erhaltlich-in-7-farben-dc015.html","og_locale":"de_DE","og_type":"article","og_title":"Solarduschs\u00e4ule f\u00fcr Garten und Pool, erh\u00e4ltlich in 7 Farben DC015 - Bagno Italia","og_description":"Solarbeheizte Dusche, geeignet f\u00fcr alle Arten von Au\u00dfenbereichen (Garten, Pool usw.). Modernes Design, erh\u00e4ltlich in 7 Ausf\u00fchrungen. H\u00f6he 226 cm, auch komplett mit Fu\u00dfwaschhahn","og_url":"https:\/\/www.bagnoitalia.com\/de\/produkt\/solarduschsaule-fur-garten-und-pool-erhaltlich-in-7-farben-dc015.html","og_site_name":"Bagno Italia","article_modified_time":"2025-09-29T14:21:38+00:00","og_image":[{"width":550,"height":550,"url":"https:\/\/img.bagnoitalia.com\/wp-content\/uploads\/virtuemart\/product\/CDS-001-1.jpg","type":"image\/jpeg"}],"twitter_card":"summary_large_image","twitter_misc":{"Gesch\u00e4tzte Lesezeit":"1\u00a0Minute"},"schema":{"@context":"https:\/\/schema.org","@graph":[{"@type":"WebPage","@id":"https:\/\/www.bagnoitalia.com\/de\/produkt\/solarduschsaule-fur-garten-und-pool-erhaltlich-in-7-farben-dc015.html","url":"https:\/\/www.bagnoitalia.com\/de\/produkt\/solarduschsaule-fur-garten-und-pool-erhaltlich-in-7-farben-dc015.html","name":"Solarduschs\u00e4ule f\u00fcr Garten und Pool, erh\u00e4ltlich in 7 Farben DC015 - Bagno Italia","isPartOf":{"@id":"https:\/\/www.bagnoitalia.com\/de#website"},"primaryImageOfPage":{"@id":"https:\/\/www.bagnoitalia.com\/de\/produkt\/solarduschsaule-fur-garten-und-pool-erhaltlich-in-7-farben-dc015.html#primaryimage"},"image":{"@id":"https:\/\/www.bagnoitalia.com\/de\/produkt\/solarduschsaule-fur-garten-und-pool-erhaltlich-in-7-farben-dc015.html#primaryimage"},"thumbnailUrl":"https:\/\/img.bagnoitalia.com\/wp-content\/uploads\/virtuemart\/product\/CDS-001-1.jpg","datePublished":"2022-08-05T13:04:41+00:00","dateModified":"2025-09-29T14:21:38+00:00","breadcrumb":{"@id":"https:\/\/www.bagnoitalia.com\/de\/produkt\/solarduschsaule-fur-garten-und-pool-erhaltlich-in-7-farben-dc015.html#breadcrumb"},"inLanguage":"de","potentialAction":[{"@type":"ReadAction","target":["https:\/\/www.bagnoitalia.com\/de\/produkt\/solarduschsaule-fur-garten-und-pool-erhaltlich-in-7-farben-dc015.html"]}]},{"@type":"ImageObject","inLanguage":"de","@id":"https:\/\/www.bagnoitalia.com\/de\/produkt\/solarduschsaule-fur-garten-und-pool-erhaltlich-in-7-farben-dc015.html#primaryimage","url":"https:\/\/img.bagnoitalia.com\/wp-content\/uploads\/virtuemart\/product\/CDS-001-1.jpg","contentUrl":"https:\/\/img.bagnoitalia.com\/wp-content\/uploads\/virtuemart\/product\/CDS-001-1.jpg","width":550,"height":550},{"@type":"BreadcrumbList","@id":"https:\/\/www.bagnoitalia.com\/de\/produkt\/solarduschsaule-fur-garten-und-pool-erhaltlich-in-7-farben-dc015.html#breadcrumb","itemListElement":[{"@type":"ListItem","position":1,"name":"Home","item":"https:\/\/www.bagnoitalia.com\/de"},{"@type":"ListItem","position":2,"name":"Produkte","item":"https:\/\/www.bagnoitalia.com\/de\/shop"},{"@type":"ListItem","position":3,"name":"Solarduschs\u00e4ule f\u00fcr Garten und Pool, erh\u00e4ltlich in 7 Farben DC015"}]},{"@type":"WebSite","@id":"https:\/\/www.bagnoitalia.com\/de#website","url":"https:\/\/www.bagnoitalia.com\/de","name":"Bagno Italia","description":"","publisher":{"@id":"https:\/\/www.bagnoitalia.com\/de#organization"},"potentialAction":[{"@type":"SearchAction","target":{"@type":"EntryPoint","urlTemplate":"https:\/\/www.bagnoitalia.com\/de?s={search_term_string}"},"query-input":{"@type":"PropertyValueSpecification","valueRequired":true,"valueName":"search_term_string"}}],"inLanguage":"de"},{"@type":"Organization","@id":"https:\/\/www.bagnoitalia.com\/de#organization","name":"Bagno Italia","url":"https:\/\/www.bagnoitalia.com\/de","logo":{"@type":"ImageObject","inLanguage":"de","@id":"https:\/\/www.bagnoitalia.com\/de#\/schema\/logo\/image\/","url":"https:\/\/img.bagnoitalia.com\/wp-content\/uploads\/logo-bagnoitalia.webp","contentUrl":"https:\/\/img.bagnoitalia.com\/wp-content\/uploads\/logo-bagnoitalia.webp","width":400,"height":70,"caption":"Bagno Italia"},"image":{"@id":"https:\/\/www.bagnoitalia.com\/de#\/schema\/logo\/image\/"}}]}},"_links":{"self":[{"href":"https:\/\/www.bagnoitalia.com\/de\/wp-json\/wp\/v2\/product\/82380","targetHints":{"allow":["GET"]}}],"collection":[{"href":"https:\/\/www.bagnoitalia.com\/de\/wp-json\/wp\/v2\/product"}],"about":[{"href":"https:\/\/www.bagnoitalia.com\/de\/wp-json\/wp\/v2\/types\/product"}],"replies":[{"embeddable":true,"href":"https:\/\/www.bagnoitalia.com\/de\/wp-json\/wp\/v2\/comments?post=82380"}],"version-history":[{"count":1,"href":"https:\/\/www.bagnoitalia.com\/de\/wp-json\/wp\/v2\/product\/82380\/revisions"}],"predecessor-version":[{"id":90405,"href":"https:\/\/www.bagnoitalia.com\/de\/wp-json\/wp\/v2\/product\/82380\/revisions\/90405"}],"wp:featuredmedia":[{"embeddable":true,"href":"https:\/\/www.bagnoitalia.com\/de\/wp-json\/wp\/v2\/media\/55795"}],"wp:attachment":[{"href":"https:\/\/www.bagnoitalia.com\/de\/wp-json\/wp\/v2\/media?parent=82380"}],"wp:term":[{"taxonomy":"product_brand","embeddable":true,"href":"https:\/\/www.bagnoitalia.com\/de\/wp-json\/wp\/v2\/product_brand?post=82380"},{"taxonomy":"product_cat","embeddable":true,"href":"https:\/\/www.bagnoitalia.com\/de\/wp-json\/wp\/v2\/product_cat?post=82380"},{"taxonomy":"product_tag","embeddable":true,"href":"https:\/\/www.bagnoitalia.com\/de\/wp-json\/wp\/v2\/product_tag?post=82380"}],"curies":[{"name":"wp","href":"https:\/\/api.w.org\/{rel}","templated":true}]}}