{"id":82331,"date":"2022-08-05T08:41:25","date_gmt":"2022-08-05T06:41:25","guid":{"rendered":"https:\/\/www.bagnoitalia.com\/product\/stainless-steel-outdoor-shower-column-cold-water-only-dc016-2"},"modified":"2022-08-05T08:41:25","modified_gmt":"2022-08-05T06:41:25","slug":"stainless-steel-outdoor-shower-column-cold-water-only-dc016-2","status":"publish","type":"product","link":"https:\/\/www.bagnoitalia.com\/de\/produkt\/stainless-steel-outdoor-shower-column-cold-water-only-dc016-2.html","title":{"rendered":"Edelstahl-Au\u00dfenduschs\u00e4ule nur Kaltwasser DC016"},"content":{"rendered":"<p style=\"text-align: center;\"><span style=\"text-decoration: underline; color: #ff0000; font-size: 14pt;\"><strong>KALTWASSERDUSCHE AUS EDELSTAHL<\/strong><\/span><\/p>\n<p>&nbsp;<\/p>\n<p>EIGENSCHAFTEN:<\/p>\n<p>Duschs\u00e4ule aus rostfreiem Stahl (AISI 316L) mit satinierter Oberfl\u00e4che.<\/p>\n<p>Seine solide Struktur, die besonders widerstandsf\u00e4hig gegen Witterungseinfl\u00fcsse und salzhaltige Umgebungen ist, macht ihn perfekt f\u00fcr die Installation im Freien (am Pool, im Garten, auf dem Campingplatz&#8230;), aber er kann auch in Innenr\u00e4umen installiert werden<\/p>\n<p>Geeignet f\u00fcr den privaten und \u00f6ffentlichen Gebrauch<\/p>\n<p>Lieferung: nur KALTES WASSER<\/p>\n<p>&nbsp;<\/p>\n<p>ABMESSUNGEN:<\/p>\n<p>H\u00f6he 230cm<\/p>\n<p>Durchmesser der Basis 55cm<\/p>\n<p>Duschkopf Durchmesser 20cm<\/p>\n<p>Duschs\u00e4ule Durchmesser 3,8 cm<\/p>\n","protected":false},"excerpt":{"rendered":"<p>Au\u00dfendusche, geeignet f\u00fcr die Installation am Pool oder im Garten, aber auch f\u00fcr den Innenbereich. Aus rostfreiem Stahl, nur kaltes Wasser.<\/p>\n","protected":false},"featured_media":55230,"comment_status":"open","ping_status":"closed","template":"","meta":[],"product_brand":[5004],"product_cat":[10026],"product_tag":[],"class_list":{"0":"post-82331","1":"product","2":"type-product","3":"status-publish","4":"has-post-thumbnail","6":"product_brand-vari-produttori","7":"product_cat-duschen-aus-rostfreiem-stahl","9":"first","10":"instock","11":"taxable","12":"shipping-taxable","13":"purchasable","14":"product-type-simple"},"exclude_global_add_ons":[],"addons":[],"yoast_head":"<!-- This site is optimized with the Yoast SEO plugin v26.7 - https:\/\/yoast.com\/wordpress\/plugins\/seo\/ -->\n<title>Edelstahl-Au\u00dfenduschs\u00e4ule nur Kaltwasser<\/title>\n<meta name=\"description\" content=\"Au\u00dfendusche, geeignet f\u00fcr die Installation am Pool oder im Garten, aber auch f\u00fcr den Innenbereich. Aus rostfreiem Stahl, nur kaltes Wasser.\" \/>\n<meta name=\"robots\" content=\"index, follow, max-snippet:-1, max-image-preview:large, max-video-preview:-1\" \/>\n<link rel=\"canonical\" href=\"https:\/\/www.bagnoitalia.com\/de\/produkt\/stainless-steel-outdoor-shower-column-cold-water-only-dc016-2.html\" \/>\n<meta property=\"og:locale\" content=\"de_DE\" \/>\n<meta property=\"og:type\" content=\"article\" \/>\n<meta property=\"og:title\" content=\"Edelstahl-Au\u00dfenduschs\u00e4ule nur Kaltwasser\" \/>\n<meta property=\"og:description\" content=\"Au\u00dfendusche, geeignet f\u00fcr die Installation am Pool oder im Garten, aber auch f\u00fcr den Innenbereich. Aus rostfreiem Stahl, nur kaltes Wasser.\" \/>\n<meta property=\"og:url\" content=\"https:\/\/www.bagnoitalia.com\/de\/produkt\/stainless-steel-outdoor-shower-column-cold-water-only-dc016-2.html\" \/>\n<meta property=\"og:site_name\" content=\"Bagno Italia\" \/>\n<meta property=\"og:image\" content=\"https:\/\/img.bagnoitalia.com\/wp-content\/uploads\/virtuemart\/product\/CDI-008-1.jpg\" \/>\n\t<meta property=\"og:image:width\" content=\"550\" \/>\n\t<meta property=\"og:image:height\" content=\"550\" \/>\n\t<meta property=\"og:image:type\" content=\"image\/jpeg\" \/>\n<meta name=\"twitter:card\" content=\"summary_large_image\" \/>\n<script type=\"application\/ld+json\" class=\"yoast-schema-graph\">{\"@context\":\"https:\/\/schema.org\",\"@graph\":[{\"@type\":\"WebPage\",\"@id\":\"https:\/\/www.bagnoitalia.com\/de\/produkt\/stainless-steel-outdoor-shower-column-cold-water-only-dc016-2.html\",\"url\":\"https:\/\/www.bagnoitalia.com\/de\/produkt\/stainless-steel-outdoor-shower-column-cold-water-only-dc016-2.html\",\"name\":\"Edelstahl-Au\u00dfenduschs\u00e4ule nur Kaltwasser\",\"isPartOf\":{\"@id\":\"https:\/\/www.bagnoitalia.com\/de#website\"},\"primaryImageOfPage\":{\"@id\":\"https:\/\/www.bagnoitalia.com\/de\/produkt\/stainless-steel-outdoor-shower-column-cold-water-only-dc016-2.html#primaryimage\"},\"image\":{\"@id\":\"https:\/\/www.bagnoitalia.com\/de\/produkt\/stainless-steel-outdoor-shower-column-cold-water-only-dc016-2.html#primaryimage\"},\"thumbnailUrl\":\"https:\/\/img.bagnoitalia.com\/wp-content\/uploads\/virtuemart\/product\/CDI-008-1.jpg\",\"datePublished\":\"2022-08-05T06:41:25+00:00\",\"description\":\"Au\u00dfendusche, geeignet f\u00fcr die Installation am Pool oder im Garten, aber auch f\u00fcr den Innenbereich. Aus rostfreiem Stahl, nur kaltes Wasser.\",\"breadcrumb\":{\"@id\":\"https:\/\/www.bagnoitalia.com\/de\/produkt\/stainless-steel-outdoor-shower-column-cold-water-only-dc016-2.html#breadcrumb\"},\"inLanguage\":\"de\",\"potentialAction\":[{\"@type\":\"ReadAction\",\"target\":[\"https:\/\/www.bagnoitalia.com\/de\/produkt\/stainless-steel-outdoor-shower-column-cold-water-only-dc016-2.html\"]}]},{\"@type\":\"ImageObject\",\"inLanguage\":\"de\",\"@id\":\"https:\/\/www.bagnoitalia.com\/de\/produkt\/stainless-steel-outdoor-shower-column-cold-water-only-dc016-2.html#primaryimage\",\"url\":\"https:\/\/img.bagnoitalia.com\/wp-content\/uploads\/virtuemart\/product\/CDI-008-1.jpg\",\"contentUrl\":\"https:\/\/img.bagnoitalia.com\/wp-content\/uploads\/virtuemart\/product\/CDI-008-1.jpg\",\"width\":550,\"height\":550},{\"@type\":\"BreadcrumbList\",\"@id\":\"https:\/\/www.bagnoitalia.com\/de\/produkt\/stainless-steel-outdoor-shower-column-cold-water-only-dc016-2.html#breadcrumb\",\"itemListElement\":[{\"@type\":\"ListItem\",\"position\":1,\"name\":\"Home\",\"item\":\"https:\/\/www.bagnoitalia.com\/de\"},{\"@type\":\"ListItem\",\"position\":2,\"name\":\"Produkte\",\"item\":\"https:\/\/www.bagnoitalia.com\/de\/shop\"},{\"@type\":\"ListItem\",\"position\":3,\"name\":\"Edelstahl-Au\u00dfenduschs\u00e4ule nur Kaltwasser DC016\"}]},{\"@type\":\"WebSite\",\"@id\":\"https:\/\/www.bagnoitalia.com\/de#website\",\"url\":\"https:\/\/www.bagnoitalia.com\/de\",\"name\":\"Bagno Italia\",\"description\":\"\",\"publisher\":{\"@id\":\"https:\/\/www.bagnoitalia.com\/de#organization\"},\"potentialAction\":[{\"@type\":\"SearchAction\",\"target\":{\"@type\":\"EntryPoint\",\"urlTemplate\":\"https:\/\/www.bagnoitalia.com\/de?s={search_term_string}\"},\"query-input\":{\"@type\":\"PropertyValueSpecification\",\"valueRequired\":true,\"valueName\":\"search_term_string\"}}],\"inLanguage\":\"de\"},{\"@type\":\"Organization\",\"@id\":\"https:\/\/www.bagnoitalia.com\/de#organization\",\"name\":\"Bagno Italia\",\"url\":\"https:\/\/www.bagnoitalia.com\/de\",\"logo\":{\"@type\":\"ImageObject\",\"inLanguage\":\"de\",\"@id\":\"https:\/\/www.bagnoitalia.com\/de#\/schema\/logo\/image\/\",\"url\":\"https:\/\/img.bagnoitalia.com\/wp-content\/uploads\/logo-bagnoitalia.webp\",\"contentUrl\":\"https:\/\/img.bagnoitalia.com\/wp-content\/uploads\/logo-bagnoitalia.webp\",\"width\":400,\"height\":70,\"caption\":\"Bagno Italia\"},\"image\":{\"@id\":\"https:\/\/www.bagnoitalia.com\/de#\/schema\/logo\/image\/\"}}]}<\/script>\n<!-- \/ Yoast SEO plugin. -->","yoast_head_json":{"title":"Edelstahl-Au\u00dfenduschs\u00e4ule nur Kaltwasser","description":"Au\u00dfendusche, geeignet f\u00fcr die Installation am Pool oder im Garten, aber auch f\u00fcr den Innenbereich. Aus rostfreiem Stahl, nur kaltes Wasser.","robots":{"index":"index","follow":"follow","max-snippet":"max-snippet:-1","max-image-preview":"max-image-preview:large","max-video-preview":"max-video-preview:-1"},"canonical":"https:\/\/www.bagnoitalia.com\/de\/produkt\/stainless-steel-outdoor-shower-column-cold-water-only-dc016-2.html","og_locale":"de_DE","og_type":"article","og_title":"Edelstahl-Au\u00dfenduschs\u00e4ule nur Kaltwasser","og_description":"Au\u00dfendusche, geeignet f\u00fcr die Installation am Pool oder im Garten, aber auch f\u00fcr den Innenbereich. Aus rostfreiem Stahl, nur kaltes Wasser.","og_url":"https:\/\/www.bagnoitalia.com\/de\/produkt\/stainless-steel-outdoor-shower-column-cold-water-only-dc016-2.html","og_site_name":"Bagno Italia","og_image":[{"width":550,"height":550,"url":"https:\/\/img.bagnoitalia.com\/wp-content\/uploads\/virtuemart\/product\/CDI-008-1.jpg","type":"image\/jpeg"}],"twitter_card":"summary_large_image","schema":{"@context":"https:\/\/schema.org","@graph":[{"@type":"WebPage","@id":"https:\/\/www.bagnoitalia.com\/de\/produkt\/stainless-steel-outdoor-shower-column-cold-water-only-dc016-2.html","url":"https:\/\/www.bagnoitalia.com\/de\/produkt\/stainless-steel-outdoor-shower-column-cold-water-only-dc016-2.html","name":"Edelstahl-Au\u00dfenduschs\u00e4ule nur Kaltwasser","isPartOf":{"@id":"https:\/\/www.bagnoitalia.com\/de#website"},"primaryImageOfPage":{"@id":"https:\/\/www.bagnoitalia.com\/de\/produkt\/stainless-steel-outdoor-shower-column-cold-water-only-dc016-2.html#primaryimage"},"image":{"@id":"https:\/\/www.bagnoitalia.com\/de\/produkt\/stainless-steel-outdoor-shower-column-cold-water-only-dc016-2.html#primaryimage"},"thumbnailUrl":"https:\/\/img.bagnoitalia.com\/wp-content\/uploads\/virtuemart\/product\/CDI-008-1.jpg","datePublished":"2022-08-05T06:41:25+00:00","description":"Au\u00dfendusche, geeignet f\u00fcr die Installation am Pool oder im Garten, aber auch f\u00fcr den Innenbereich. Aus rostfreiem Stahl, nur kaltes Wasser.","breadcrumb":{"@id":"https:\/\/www.bagnoitalia.com\/de\/produkt\/stainless-steel-outdoor-shower-column-cold-water-only-dc016-2.html#breadcrumb"},"inLanguage":"de","potentialAction":[{"@type":"ReadAction","target":["https:\/\/www.bagnoitalia.com\/de\/produkt\/stainless-steel-outdoor-shower-column-cold-water-only-dc016-2.html"]}]},{"@type":"ImageObject","inLanguage":"de","@id":"https:\/\/www.bagnoitalia.com\/de\/produkt\/stainless-steel-outdoor-shower-column-cold-water-only-dc016-2.html#primaryimage","url":"https:\/\/img.bagnoitalia.com\/wp-content\/uploads\/virtuemart\/product\/CDI-008-1.jpg","contentUrl":"https:\/\/img.bagnoitalia.com\/wp-content\/uploads\/virtuemart\/product\/CDI-008-1.jpg","width":550,"height":550},{"@type":"BreadcrumbList","@id":"https:\/\/www.bagnoitalia.com\/de\/produkt\/stainless-steel-outdoor-shower-column-cold-water-only-dc016-2.html#breadcrumb","itemListElement":[{"@type":"ListItem","position":1,"name":"Home","item":"https:\/\/www.bagnoitalia.com\/de"},{"@type":"ListItem","position":2,"name":"Produkte","item":"https:\/\/www.bagnoitalia.com\/de\/shop"},{"@type":"ListItem","position":3,"name":"Edelstahl-Au\u00dfenduschs\u00e4ule nur Kaltwasser DC016"}]},{"@type":"WebSite","@id":"https:\/\/www.bagnoitalia.com\/de#website","url":"https:\/\/www.bagnoitalia.com\/de","name":"Bagno Italia","description":"","publisher":{"@id":"https:\/\/www.bagnoitalia.com\/de#organization"},"potentialAction":[{"@type":"SearchAction","target":{"@type":"EntryPoint","urlTemplate":"https:\/\/www.bagnoitalia.com\/de?s={search_term_string}"},"query-input":{"@type":"PropertyValueSpecification","valueRequired":true,"valueName":"search_term_string"}}],"inLanguage":"de"},{"@type":"Organization","@id":"https:\/\/www.bagnoitalia.com\/de#organization","name":"Bagno Italia","url":"https:\/\/www.bagnoitalia.com\/de","logo":{"@type":"ImageObject","inLanguage":"de","@id":"https:\/\/www.bagnoitalia.com\/de#\/schema\/logo\/image\/","url":"https:\/\/img.bagnoitalia.com\/wp-content\/uploads\/logo-bagnoitalia.webp","contentUrl":"https:\/\/img.bagnoitalia.com\/wp-content\/uploads\/logo-bagnoitalia.webp","width":400,"height":70,"caption":"Bagno Italia"},"image":{"@id":"https:\/\/www.bagnoitalia.com\/de#\/schema\/logo\/image\/"}}]}},"_links":{"self":[{"href":"https:\/\/www.bagnoitalia.com\/de\/wp-json\/wp\/v2\/product\/82331","targetHints":{"allow":["GET"]}}],"collection":[{"href":"https:\/\/www.bagnoitalia.com\/de\/wp-json\/wp\/v2\/product"}],"about":[{"href":"https:\/\/www.bagnoitalia.com\/de\/wp-json\/wp\/v2\/types\/product"}],"replies":[{"embeddable":true,"href":"https:\/\/www.bagnoitalia.com\/de\/wp-json\/wp\/v2\/comments?post=82331"}],"version-history":[{"count":0,"href":"https:\/\/www.bagnoitalia.com\/de\/wp-json\/wp\/v2\/product\/82331\/revisions"}],"wp:featuredmedia":[{"embeddable":true,"href":"https:\/\/www.bagnoitalia.com\/de\/wp-json\/wp\/v2\/media\/55230"}],"wp:attachment":[{"href":"https:\/\/www.bagnoitalia.com\/de\/wp-json\/wp\/v2\/media?parent=82331"}],"wp:term":[{"taxonomy":"product_brand","embeddable":true,"href":"https:\/\/www.bagnoitalia.com\/de\/wp-json\/wp\/v2\/product_brand?post=82331"},{"taxonomy":"product_cat","embeddable":true,"href":"https:\/\/www.bagnoitalia.com\/de\/wp-json\/wp\/v2\/product_cat?post=82331"},{"taxonomy":"product_tag","embeddable":true,"href":"https:\/\/www.bagnoitalia.com\/de\/wp-json\/wp\/v2\/product_tag?post=82331"}],"curies":[{"name":"wp","href":"https:\/\/api.w.org\/{rel}","templated":true}]}}