{"id":82322,"date":"2022-08-04T14:19:16","date_gmt":"2022-08-04T12:19:16","guid":{"rendered":"https:\/\/www.bagnoitalia.com\/product\/kappa-60-cm-wall-mounted-bathroom-cabinet-available-in-3-colours-mirror-included-2"},"modified":"2022-08-04T14:19:16","modified_gmt":"2022-08-04T12:19:16","slug":"kappa-60-cm-wall-mounted-bathroom-cabinet-available-in-3-colours-mirror-included-2","status":"publish","type":"product","link":"https:\/\/www.bagnoitalia.com\/de\/produkt\/kappa-60-cm-wall-mounted-bathroom-cabinet-available-in-3-colours-mirror-included-2.html","title":{"rendered":"KAPPA 60 cm wandmontiertes Badm\u00f6bel in 3 Farben erh\u00e4ltlich inklusive Spiegel"},"content":{"rendered":"<p style=\"text-align: center;\"><span style=\"text-decoration: underline; color: #ff0000; font-size: 14pt;\"><strong>KAPPA&#8216; WANDMONTIERTER BADEZIMMERSCHRANK<\/strong><\/span><\/p>\n<p>&nbsp;<\/p>\n<p>Der Preis beinhaltet:<\/p>\n<p>Nr. 1 wandh\u00e4ngender Waschtisch-Unterschrank<\/p>\n<p>Nr. 1 Keramik-Waschtisch<\/p>\n<p>Nr. 1 Spiegel<\/p>\n<p>Nr. 1 Wandleuchte<\/p>\n<p>Nr. 1 Wandbefestigungssatz<\/p>\n<p>&nbsp;<\/p>\n<p>Verf\u00fcgbare Farben: Wei\u00df gl\u00e4nzend, Eisengrau und Canaletto Nussbaum<\/p>\n<p>&nbsp;<\/p>\n<p>DETAILS ZUM PRODUKT:<\/p>\n<p>Abmessungen des Schranks: 59,5&#215;39,5xH,59,5 cm<\/p>\n<p>Abmessungen des Waschbeckens: 48x22xH.10 cm<\/p>\n<p>Gr\u00f6\u00dfe des Spiegels: 62 x 58,5 cm<\/p>\n<p>Struktur in mdf<\/p>\n<p>Schubladen mit sanftem Einzug und \u00d6ffnung mit Metallgriff<\/p>\n<p>Waschtisch mit Hahnloch und \u00dcberlauf<\/p>\n<p>&nbsp;<\/p>\n<p>&nbsp;<\/p>\n<p>ACHTUNG: WASSERH\u00c4HNE SIND NICHT IM PREIS INBEGRIFFEN<\/p>\n<p>&nbsp;<\/p>\n<p>&nbsp;<\/p>\n<p>&nbsp;<\/p>\n<p>&nbsp;<\/p>\n<p>ADA6B<\/p>\n<p>ADA6G<\/p>\n<p>ADA6C<\/p>\n","protected":false},"excerpt":{"rendered":"<p>KAPPA wandmontierte Badezimmerm\u00f6bel, Gr\u00f6\u00dfe 60 cm. Erh\u00e4ltlich in Wei\u00df gl\u00e4nzend, Eisengrau und Nussbaum Canaletto. Komplett mit Waschbecken, Spiegel und Wandleuchte.<\/p>\n","protected":false},"featured_media":54821,"comment_status":"open","ping_status":"closed","template":"","meta":[],"product_brand":[9883],"product_cat":[15],"product_tag":[],"class_list":{"0":"post-82322","1":"product","2":"type-product","3":"status-publish","4":"has-post-thumbnail","6":"product_brand-deghi-de","7":"product_cat-senza-categoria","9":"first","10":"outofstock","11":"taxable","12":"shipping-taxable","13":"purchasable","14":"product-type-simple"},"exclude_global_add_ons":false,"addons":[{"name":"CAMPI_COLORE\r\n","type":"select","position":0,"required":true,"title_format":"label","default":"","description_enable":false,"description":"","placeholder_enable":false,"placeholder":"","display":"select","restrictions_type":"any_text","adjust_price":false,"price":"","price_type":"","restrictions":false,"min":"0","max":"0","options":[]}],"yoast_head":"<!-- This site is optimized with the Yoast SEO plugin v26.7 - https:\/\/yoast.com\/wordpress\/plugins\/seo\/ -->\n<title>KAPPA 60 cm wandmontiertes Badm\u00f6bel in 3 Farben erh\u00e4ltlich inklusive Spiegel<\/title>\n<meta name=\"description\" content=\"KAPPA wandmontierte Badezimmerm\u00f6bel, Gr\u00f6\u00dfe 60 cm. Erh\u00e4ltlich in Wei\u00df gl\u00e4nzend, Eisengrau und Nussbaum Canaletto. Komplett mit Waschbecken, Spiegel und Wandleuchte.\" \/>\n<meta name=\"robots\" content=\"index, follow, max-snippet:-1, max-image-preview:large, max-video-preview:-1\" \/>\n<link rel=\"canonical\" href=\"https:\/\/www.bagnoitalia.com\/de\/produkt\/kappa-60-cm-wall-mounted-bathroom-cabinet-available-in-3-colours-mirror-included-2.html\" \/>\n<meta property=\"og:locale\" content=\"de_DE\" \/>\n<meta property=\"og:type\" content=\"article\" \/>\n<meta property=\"og:title\" content=\"KAPPA 60 cm wandmontiertes Badm\u00f6bel in 3 Farben erh\u00e4ltlich inklusive Spiegel\" \/>\n<meta property=\"og:description\" content=\"KAPPA wandmontierte Badezimmerm\u00f6bel, Gr\u00f6\u00dfe 60 cm. Erh\u00e4ltlich in Wei\u00df gl\u00e4nzend, Eisengrau und Nussbaum Canaletto. Komplett mit Waschbecken, Spiegel und Wandleuchte.\" \/>\n<meta property=\"og:url\" content=\"https:\/\/www.bagnoitalia.com\/de\/produkt\/kappa-60-cm-wall-mounted-bathroom-cabinet-available-in-3-colours-mirror-included-2.html\" \/>\n<meta property=\"og:site_name\" content=\"Bagno Italia\" \/>\n<meta property=\"og:image\" content=\"https:\/\/img.bagnoitalia.com\/wp-content\/uploads\/virtuemart\/product\/M0B-1000-1.jpg\" \/>\n\t<meta property=\"og:image:width\" content=\"550\" \/>\n\t<meta property=\"og:image:height\" content=\"550\" \/>\n\t<meta property=\"og:image:type\" content=\"image\/jpeg\" \/>\n<meta name=\"twitter:card\" content=\"summary_large_image\" \/>\n<script type=\"application\/ld+json\" class=\"yoast-schema-graph\">{\"@context\":\"https:\/\/schema.org\",\"@graph\":[{\"@type\":\"WebPage\",\"@id\":\"https:\/\/www.bagnoitalia.com\/de\/produkt\/kappa-60-cm-wall-mounted-bathroom-cabinet-available-in-3-colours-mirror-included-2.html\",\"url\":\"https:\/\/www.bagnoitalia.com\/de\/produkt\/kappa-60-cm-wall-mounted-bathroom-cabinet-available-in-3-colours-mirror-included-2.html\",\"name\":\"KAPPA 60 cm wandmontiertes Badm\u00f6bel in 3 Farben erh\u00e4ltlich inklusive Spiegel\",\"isPartOf\":{\"@id\":\"https:\/\/www.bagnoitalia.com\/de#website\"},\"primaryImageOfPage\":{\"@id\":\"https:\/\/www.bagnoitalia.com\/de\/produkt\/kappa-60-cm-wall-mounted-bathroom-cabinet-available-in-3-colours-mirror-included-2.html#primaryimage\"},\"image\":{\"@id\":\"https:\/\/www.bagnoitalia.com\/de\/produkt\/kappa-60-cm-wall-mounted-bathroom-cabinet-available-in-3-colours-mirror-included-2.html#primaryimage\"},\"thumbnailUrl\":\"https:\/\/img.bagnoitalia.com\/wp-content\/uploads\/virtuemart\/product\/M0B-1000-1.jpg\",\"datePublished\":\"2022-08-04T12:19:16+00:00\",\"description\":\"KAPPA wandmontierte Badezimmerm\u00f6bel, Gr\u00f6\u00dfe 60 cm. Erh\u00e4ltlich in Wei\u00df gl\u00e4nzend, Eisengrau und Nussbaum Canaletto. Komplett mit Waschbecken, Spiegel und Wandleuchte.\",\"breadcrumb\":{\"@id\":\"https:\/\/www.bagnoitalia.com\/de\/produkt\/kappa-60-cm-wall-mounted-bathroom-cabinet-available-in-3-colours-mirror-included-2.html#breadcrumb\"},\"inLanguage\":\"de\",\"potentialAction\":[{\"@type\":\"ReadAction\",\"target\":[\"https:\/\/www.bagnoitalia.com\/de\/produkt\/kappa-60-cm-wall-mounted-bathroom-cabinet-available-in-3-colours-mirror-included-2.html\"]}]},{\"@type\":\"ImageObject\",\"inLanguage\":\"de\",\"@id\":\"https:\/\/www.bagnoitalia.com\/de\/produkt\/kappa-60-cm-wall-mounted-bathroom-cabinet-available-in-3-colours-mirror-included-2.html#primaryimage\",\"url\":\"https:\/\/img.bagnoitalia.com\/wp-content\/uploads\/virtuemart\/product\/M0B-1000-1.jpg\",\"contentUrl\":\"https:\/\/img.bagnoitalia.com\/wp-content\/uploads\/virtuemart\/product\/M0B-1000-1.jpg\",\"width\":550,\"height\":550},{\"@type\":\"BreadcrumbList\",\"@id\":\"https:\/\/www.bagnoitalia.com\/de\/produkt\/kappa-60-cm-wall-mounted-bathroom-cabinet-available-in-3-colours-mirror-included-2.html#breadcrumb\",\"itemListElement\":[{\"@type\":\"ListItem\",\"position\":1,\"name\":\"Home\",\"item\":\"https:\/\/www.bagnoitalia.com\/de\"},{\"@type\":\"ListItem\",\"position\":2,\"name\":\"Produkte\",\"item\":\"https:\/\/www.bagnoitalia.com\/de\/shop\"},{\"@type\":\"ListItem\",\"position\":3,\"name\":\"KAPPA 60 cm wandmontiertes Badm\u00f6bel in 3 Farben erh\u00e4ltlich inklusive Spiegel\"}]},{\"@type\":\"WebSite\",\"@id\":\"https:\/\/www.bagnoitalia.com\/de#website\",\"url\":\"https:\/\/www.bagnoitalia.com\/de\",\"name\":\"Bagno Italia\",\"description\":\"\",\"publisher\":{\"@id\":\"https:\/\/www.bagnoitalia.com\/de#organization\"},\"potentialAction\":[{\"@type\":\"SearchAction\",\"target\":{\"@type\":\"EntryPoint\",\"urlTemplate\":\"https:\/\/www.bagnoitalia.com\/de?s={search_term_string}\"},\"query-input\":{\"@type\":\"PropertyValueSpecification\",\"valueRequired\":true,\"valueName\":\"search_term_string\"}}],\"inLanguage\":\"de\"},{\"@type\":\"Organization\",\"@id\":\"https:\/\/www.bagnoitalia.com\/de#organization\",\"name\":\"Bagno Italia\",\"url\":\"https:\/\/www.bagnoitalia.com\/de\",\"logo\":{\"@type\":\"ImageObject\",\"inLanguage\":\"de\",\"@id\":\"https:\/\/www.bagnoitalia.com\/de#\/schema\/logo\/image\/\",\"url\":\"https:\/\/img.bagnoitalia.com\/wp-content\/uploads\/logo-bagnoitalia.webp\",\"contentUrl\":\"https:\/\/img.bagnoitalia.com\/wp-content\/uploads\/logo-bagnoitalia.webp\",\"width\":400,\"height\":70,\"caption\":\"Bagno Italia\"},\"image\":{\"@id\":\"https:\/\/www.bagnoitalia.com\/de#\/schema\/logo\/image\/\"}}]}<\/script>\n<!-- \/ Yoast SEO plugin. -->","yoast_head_json":{"title":"KAPPA 60 cm wandmontiertes Badm\u00f6bel in 3 Farben erh\u00e4ltlich inklusive Spiegel","description":"KAPPA wandmontierte Badezimmerm\u00f6bel, Gr\u00f6\u00dfe 60 cm. Erh\u00e4ltlich in Wei\u00df gl\u00e4nzend, Eisengrau und Nussbaum Canaletto. Komplett mit Waschbecken, Spiegel und Wandleuchte.","robots":{"index":"index","follow":"follow","max-snippet":"max-snippet:-1","max-image-preview":"max-image-preview:large","max-video-preview":"max-video-preview:-1"},"canonical":"https:\/\/www.bagnoitalia.com\/de\/produkt\/kappa-60-cm-wall-mounted-bathroom-cabinet-available-in-3-colours-mirror-included-2.html","og_locale":"de_DE","og_type":"article","og_title":"KAPPA 60 cm wandmontiertes Badm\u00f6bel in 3 Farben erh\u00e4ltlich inklusive Spiegel","og_description":"KAPPA wandmontierte Badezimmerm\u00f6bel, Gr\u00f6\u00dfe 60 cm. Erh\u00e4ltlich in Wei\u00df gl\u00e4nzend, Eisengrau und Nussbaum Canaletto. Komplett mit Waschbecken, Spiegel und Wandleuchte.","og_url":"https:\/\/www.bagnoitalia.com\/de\/produkt\/kappa-60-cm-wall-mounted-bathroom-cabinet-available-in-3-colours-mirror-included-2.html","og_site_name":"Bagno Italia","og_image":[{"width":550,"height":550,"url":"https:\/\/img.bagnoitalia.com\/wp-content\/uploads\/virtuemart\/product\/M0B-1000-1.jpg","type":"image\/jpeg"}],"twitter_card":"summary_large_image","schema":{"@context":"https:\/\/schema.org","@graph":[{"@type":"WebPage","@id":"https:\/\/www.bagnoitalia.com\/de\/produkt\/kappa-60-cm-wall-mounted-bathroom-cabinet-available-in-3-colours-mirror-included-2.html","url":"https:\/\/www.bagnoitalia.com\/de\/produkt\/kappa-60-cm-wall-mounted-bathroom-cabinet-available-in-3-colours-mirror-included-2.html","name":"KAPPA 60 cm wandmontiertes Badm\u00f6bel in 3 Farben erh\u00e4ltlich inklusive Spiegel","isPartOf":{"@id":"https:\/\/www.bagnoitalia.com\/de#website"},"primaryImageOfPage":{"@id":"https:\/\/www.bagnoitalia.com\/de\/produkt\/kappa-60-cm-wall-mounted-bathroom-cabinet-available-in-3-colours-mirror-included-2.html#primaryimage"},"image":{"@id":"https:\/\/www.bagnoitalia.com\/de\/produkt\/kappa-60-cm-wall-mounted-bathroom-cabinet-available-in-3-colours-mirror-included-2.html#primaryimage"},"thumbnailUrl":"https:\/\/img.bagnoitalia.com\/wp-content\/uploads\/virtuemart\/product\/M0B-1000-1.jpg","datePublished":"2022-08-04T12:19:16+00:00","description":"KAPPA wandmontierte Badezimmerm\u00f6bel, Gr\u00f6\u00dfe 60 cm. Erh\u00e4ltlich in Wei\u00df gl\u00e4nzend, Eisengrau und Nussbaum Canaletto. Komplett mit Waschbecken, Spiegel und Wandleuchte.","breadcrumb":{"@id":"https:\/\/www.bagnoitalia.com\/de\/produkt\/kappa-60-cm-wall-mounted-bathroom-cabinet-available-in-3-colours-mirror-included-2.html#breadcrumb"},"inLanguage":"de","potentialAction":[{"@type":"ReadAction","target":["https:\/\/www.bagnoitalia.com\/de\/produkt\/kappa-60-cm-wall-mounted-bathroom-cabinet-available-in-3-colours-mirror-included-2.html"]}]},{"@type":"ImageObject","inLanguage":"de","@id":"https:\/\/www.bagnoitalia.com\/de\/produkt\/kappa-60-cm-wall-mounted-bathroom-cabinet-available-in-3-colours-mirror-included-2.html#primaryimage","url":"https:\/\/img.bagnoitalia.com\/wp-content\/uploads\/virtuemart\/product\/M0B-1000-1.jpg","contentUrl":"https:\/\/img.bagnoitalia.com\/wp-content\/uploads\/virtuemart\/product\/M0B-1000-1.jpg","width":550,"height":550},{"@type":"BreadcrumbList","@id":"https:\/\/www.bagnoitalia.com\/de\/produkt\/kappa-60-cm-wall-mounted-bathroom-cabinet-available-in-3-colours-mirror-included-2.html#breadcrumb","itemListElement":[{"@type":"ListItem","position":1,"name":"Home","item":"https:\/\/www.bagnoitalia.com\/de"},{"@type":"ListItem","position":2,"name":"Produkte","item":"https:\/\/www.bagnoitalia.com\/de\/shop"},{"@type":"ListItem","position":3,"name":"KAPPA 60 cm wandmontiertes Badm\u00f6bel in 3 Farben erh\u00e4ltlich inklusive Spiegel"}]},{"@type":"WebSite","@id":"https:\/\/www.bagnoitalia.com\/de#website","url":"https:\/\/www.bagnoitalia.com\/de","name":"Bagno Italia","description":"","publisher":{"@id":"https:\/\/www.bagnoitalia.com\/de#organization"},"potentialAction":[{"@type":"SearchAction","target":{"@type":"EntryPoint","urlTemplate":"https:\/\/www.bagnoitalia.com\/de?s={search_term_string}"},"query-input":{"@type":"PropertyValueSpecification","valueRequired":true,"valueName":"search_term_string"}}],"inLanguage":"de"},{"@type":"Organization","@id":"https:\/\/www.bagnoitalia.com\/de#organization","name":"Bagno Italia","url":"https:\/\/www.bagnoitalia.com\/de","logo":{"@type":"ImageObject","inLanguage":"de","@id":"https:\/\/www.bagnoitalia.com\/de#\/schema\/logo\/image\/","url":"https:\/\/img.bagnoitalia.com\/wp-content\/uploads\/logo-bagnoitalia.webp","contentUrl":"https:\/\/img.bagnoitalia.com\/wp-content\/uploads\/logo-bagnoitalia.webp","width":400,"height":70,"caption":"Bagno Italia"},"image":{"@id":"https:\/\/www.bagnoitalia.com\/de#\/schema\/logo\/image\/"}}]}},"_links":{"self":[{"href":"https:\/\/www.bagnoitalia.com\/de\/wp-json\/wp\/v2\/product\/82322","targetHints":{"allow":["GET"]}}],"collection":[{"href":"https:\/\/www.bagnoitalia.com\/de\/wp-json\/wp\/v2\/product"}],"about":[{"href":"https:\/\/www.bagnoitalia.com\/de\/wp-json\/wp\/v2\/types\/product"}],"replies":[{"embeddable":true,"href":"https:\/\/www.bagnoitalia.com\/de\/wp-json\/wp\/v2\/comments?post=82322"}],"version-history":[{"count":0,"href":"https:\/\/www.bagnoitalia.com\/de\/wp-json\/wp\/v2\/product\/82322\/revisions"}],"wp:featuredmedia":[{"embeddable":true,"href":"https:\/\/www.bagnoitalia.com\/de\/wp-json\/wp\/v2\/media\/54821"}],"wp:attachment":[{"href":"https:\/\/www.bagnoitalia.com\/de\/wp-json\/wp\/v2\/media?parent=82322"}],"wp:term":[{"taxonomy":"product_brand","embeddable":true,"href":"https:\/\/www.bagnoitalia.com\/de\/wp-json\/wp\/v2\/product_brand?post=82322"},{"taxonomy":"product_cat","embeddable":true,"href":"https:\/\/www.bagnoitalia.com\/de\/wp-json\/wp\/v2\/product_cat?post=82322"},{"taxonomy":"product_tag","embeddable":true,"href":"https:\/\/www.bagnoitalia.com\/de\/wp-json\/wp\/v2\/product_tag?post=82322"}],"curies":[{"name":"wp","href":"https:\/\/api.w.org\/{rel}","templated":true}]}}