{"id":82241,"date":"2022-08-03T13:51:38","date_gmt":"2022-08-03T11:51:38","guid":{"rendered":"https:\/\/www.bagnoitalia.com\/product\/whirlpool-180x120-cm-mit-27-luft-und-wasserdusen-chromotherapie-heizung-ozontherapie-bluetooth-vs120"},"modified":"2024-05-22T11:03:05","modified_gmt":"2024-05-22T09:03:05","slug":"whirlpool-180x120-cm-mit-27-luft-und-wasserdusen-chromotherapie-heizung-ozontherapie-bluetooth-vs120","status":"publish","type":"product","link":"https:\/\/www.bagnoitalia.com\/de\/produkt\/whirlpool-180x120-cm-mit-27-luft-und-wasserdusen-chromotherapie-heizung-ozontherapie-bluetooth-vs120.html","title":{"rendered":"Whirlpool 180&#215;120 cm mit 27 Luft- und Wasserd\u00fcsen Chromotherapie Heizung Ozontherapie Bluetooth VS120"},"content":{"rendered":"<p style=\"text-align: center;\"><span style=\"text-decoration: underline; color: #ff0000; font-size: 14pt;\"><strong>WHIRLWANNE VS120<\/strong><\/span><\/p>\n<p>&nbsp;<\/p>\n<p><span style=\"text-decoration: underline;\"><strong>DETAILS ZUM PRODUKT:<\/strong><\/span><\/p>\n<p>&nbsp;<\/p>\n<p>Badewanne 180x120xH66 cm (die kurze Seite, wo die Armaturen sind, ist 76-77 cm)<\/p>\n<p>27 D\u00fcsen, davon:<\/p>\n<p>&#8211; 16 Wasser<\/p>\n<p>&#8211; 11 Luft<\/p>\n<p>doppelte wei\u00dfe Kopfst\u00fctze<\/p>\n<p>Chromotherapie<\/p>\n<p>Wasserh\u00e4hne inklusive<\/p>\n<p>Bluetooth<\/p>\n<p>Ozon-Therapie<\/p>\n<p>Radio<\/p>\n<p>Sprecher<\/p>\n<p>Heizger\u00e4t<\/p>\n<p>Lebensretter<\/p>\n<p>Bedienfeld<\/p>\n<p>&nbsp;<\/p>\n<p>DETAILS<\/p>\n<p>1,5-PS-Wasserpumpe<\/p>\n<p>0,25 HP Luftpumpe<\/p>\n<p>Verst\u00e4rkter Abs-Tank<\/p>\n","protected":false},"excerpt":{"rendered":"<p>Volles, optionales Whirlpool-Bad, f\u00fcr zwei Personen. Komplett mit doppelten wei\u00dfen Kopfst\u00fctzen, Radio, Bluetooth-Funktion, Armaturen, Heizung.<\/p>\n","protected":false},"featured_media":53816,"comment_status":"open","ping_status":"closed","template":"","meta":[],"product_brand":[9925],"product_cat":[9744,9708],"product_tag":[],"class_list":{"0":"post-82241","1":"product","2":"type-product","3":"status-publish","4":"has-post-thumbnail","6":"product_brand-predator-arredo-casa-de","7":"product_cat-ausenwhirlpool","8":"product_cat-whirlpool","10":"first","11":"instock","12":"sale","13":"taxable","14":"shipping-taxable","15":"purchasable","16":"product-type-simple"},"exclude_global_add_ons":false,"addons":[{"name":"Typologie","type":"multiple_choice","position":0,"required":true,"title_format":"heading","default":"","description_enable":false,"description":"","placeholder_enable":false,"placeholder":"","display":"select","restrictions_type":"any_text","adjust_price":false,"price":"","price_type":"flat_fee","restrictions":false,"min":"0","max":"0","options":[{"label":"Rechte Version (DESTRA)","price":"","price_type":"quantity_based","image":0,"visibility":true},{"label":"Nicht verf\u00fcgbar \u2013 linke Version (SINISTRA)","price":"","price_type":"quantity_based","image":0,"visibility":true}],"id":1716375785}],"yoast_head":"<!-- This site is optimized with the Yoast SEO plugin v26.7 - https:\/\/yoast.com\/wordpress\/plugins\/seo\/ -->\n<title>Whirlpool 180x120 cm mit 27 Luft- und Wasserd\u00fcsen Chromotherapie Heizung Ozontherapie Bluetooth VS120 - Bagno Italia<\/title>\n<meta name=\"description\" content=\"Volles, optionales Whirlpool-Bad, f\u00fcr zwei Personen. Komplett mit doppelten wei\u00dfen Kopfst\u00fctzen, Radio, Bluetooth-Funktion, Armaturen, Heizung.\" \/>\n<meta name=\"robots\" content=\"index, follow, max-snippet:-1, max-image-preview:large, max-video-preview:-1\" \/>\n<link rel=\"canonical\" href=\"https:\/\/www.bagnoitalia.com\/de\/produkt\/whirlpool-180x120-cm-mit-27-luft-und-wasserdusen-chromotherapie-heizung-ozontherapie-bluetooth-vs120.html\" \/>\n<meta property=\"og:locale\" content=\"de_DE\" \/>\n<meta property=\"og:type\" content=\"article\" \/>\n<meta property=\"og:title\" content=\"Whirlpool 180x120 cm mit 27 Luft- und Wasserd\u00fcsen Chromotherapie Heizung Ozontherapie Bluetooth VS120 - Bagno Italia\" \/>\n<meta property=\"og:description\" content=\"Volles, optionales Whirlpool-Bad, f\u00fcr zwei Personen. Komplett mit doppelten wei\u00dfen Kopfst\u00fctzen, Radio, Bluetooth-Funktion, Armaturen, Heizung.\" \/>\n<meta property=\"og:url\" content=\"https:\/\/www.bagnoitalia.com\/de\/produkt\/whirlpool-180x120-cm-mit-27-luft-und-wasserdusen-chromotherapie-heizung-ozontherapie-bluetooth-vs120.html\" \/>\n<meta property=\"og:site_name\" content=\"Bagno Italia\" \/>\n<meta property=\"article:modified_time\" content=\"2024-05-22T09:03:05+00:00\" \/>\n<meta property=\"og:image\" content=\"https:\/\/img.bagnoitalia.com\/wp-content\/uploads\/virtuemart\/product\/vasca-idromassaggio-180x120-cm-vs120-destra-sinistra.jpg\" \/>\n\t<meta property=\"og:image:width\" content=\"550\" \/>\n\t<meta property=\"og:image:height\" content=\"550\" \/>\n\t<meta property=\"og:image:type\" content=\"image\/jpeg\" \/>\n<meta name=\"twitter:card\" content=\"summary_large_image\" \/>\n<meta name=\"twitter:label1\" content=\"Gesch\u00e4tzte Lesezeit\" \/>\n\t<meta name=\"twitter:data1\" content=\"1\u00a0Minute\" \/>\n<script type=\"application\/ld+json\" class=\"yoast-schema-graph\">{\"@context\":\"https:\/\/schema.org\",\"@graph\":[{\"@type\":\"WebPage\",\"@id\":\"https:\/\/www.bagnoitalia.com\/de\/produkt\/whirlpool-180x120-cm-mit-27-luft-und-wasserdusen-chromotherapie-heizung-ozontherapie-bluetooth-vs120.html\",\"url\":\"https:\/\/www.bagnoitalia.com\/de\/produkt\/whirlpool-180x120-cm-mit-27-luft-und-wasserdusen-chromotherapie-heizung-ozontherapie-bluetooth-vs120.html\",\"name\":\"Whirlpool 180x120 cm mit 27 Luft- und Wasserd\u00fcsen Chromotherapie Heizung Ozontherapie Bluetooth VS120 - Bagno Italia\",\"isPartOf\":{\"@id\":\"https:\/\/www.bagnoitalia.com\/de#website\"},\"primaryImageOfPage\":{\"@id\":\"https:\/\/www.bagnoitalia.com\/de\/produkt\/whirlpool-180x120-cm-mit-27-luft-und-wasserdusen-chromotherapie-heizung-ozontherapie-bluetooth-vs120.html#primaryimage\"},\"image\":{\"@id\":\"https:\/\/www.bagnoitalia.com\/de\/produkt\/whirlpool-180x120-cm-mit-27-luft-und-wasserdusen-chromotherapie-heizung-ozontherapie-bluetooth-vs120.html#primaryimage\"},\"thumbnailUrl\":\"https:\/\/img.bagnoitalia.com\/wp-content\/uploads\/virtuemart\/product\/vasca-idromassaggio-180x120-cm-vs120-destra-sinistra.jpg\",\"datePublished\":\"2022-08-03T11:51:38+00:00\",\"dateModified\":\"2024-05-22T09:03:05+00:00\",\"description\":\"Volles, optionales Whirlpool-Bad, f\u00fcr zwei Personen. Komplett mit doppelten wei\u00dfen Kopfst\u00fctzen, Radio, Bluetooth-Funktion, Armaturen, Heizung.\",\"breadcrumb\":{\"@id\":\"https:\/\/www.bagnoitalia.com\/de\/produkt\/whirlpool-180x120-cm-mit-27-luft-und-wasserdusen-chromotherapie-heizung-ozontherapie-bluetooth-vs120.html#breadcrumb\"},\"inLanguage\":\"de\",\"potentialAction\":[{\"@type\":\"ReadAction\",\"target\":[\"https:\/\/www.bagnoitalia.com\/de\/produkt\/whirlpool-180x120-cm-mit-27-luft-und-wasserdusen-chromotherapie-heizung-ozontherapie-bluetooth-vs120.html\"]}]},{\"@type\":\"ImageObject\",\"inLanguage\":\"de\",\"@id\":\"https:\/\/www.bagnoitalia.com\/de\/produkt\/whirlpool-180x120-cm-mit-27-luft-und-wasserdusen-chromotherapie-heizung-ozontherapie-bluetooth-vs120.html#primaryimage\",\"url\":\"https:\/\/img.bagnoitalia.com\/wp-content\/uploads\/virtuemart\/product\/vasca-idromassaggio-180x120-cm-vs120-destra-sinistra.jpg\",\"contentUrl\":\"https:\/\/img.bagnoitalia.com\/wp-content\/uploads\/virtuemart\/product\/vasca-idromassaggio-180x120-cm-vs120-destra-sinistra.jpg\",\"width\":550,\"height\":550},{\"@type\":\"BreadcrumbList\",\"@id\":\"https:\/\/www.bagnoitalia.com\/de\/produkt\/whirlpool-180x120-cm-mit-27-luft-und-wasserdusen-chromotherapie-heizung-ozontherapie-bluetooth-vs120.html#breadcrumb\",\"itemListElement\":[{\"@type\":\"ListItem\",\"position\":1,\"name\":\"Home\",\"item\":\"https:\/\/www.bagnoitalia.com\/de\"},{\"@type\":\"ListItem\",\"position\":2,\"name\":\"Produkte\",\"item\":\"https:\/\/www.bagnoitalia.com\/de\/shop\"},{\"@type\":\"ListItem\",\"position\":3,\"name\":\"Whirlpool 180&#215;120 cm mit 27 Luft- und Wasserd\u00fcsen Chromotherapie Heizung Ozontherapie Bluetooth VS120\"}]},{\"@type\":\"WebSite\",\"@id\":\"https:\/\/www.bagnoitalia.com\/de#website\",\"url\":\"https:\/\/www.bagnoitalia.com\/de\",\"name\":\"Bagno Italia\",\"description\":\"\",\"publisher\":{\"@id\":\"https:\/\/www.bagnoitalia.com\/de#organization\"},\"potentialAction\":[{\"@type\":\"SearchAction\",\"target\":{\"@type\":\"EntryPoint\",\"urlTemplate\":\"https:\/\/www.bagnoitalia.com\/de?s={search_term_string}\"},\"query-input\":{\"@type\":\"PropertyValueSpecification\",\"valueRequired\":true,\"valueName\":\"search_term_string\"}}],\"inLanguage\":\"de\"},{\"@type\":\"Organization\",\"@id\":\"https:\/\/www.bagnoitalia.com\/de#organization\",\"name\":\"Bagno Italia\",\"url\":\"https:\/\/www.bagnoitalia.com\/de\",\"logo\":{\"@type\":\"ImageObject\",\"inLanguage\":\"de\",\"@id\":\"https:\/\/www.bagnoitalia.com\/de#\/schema\/logo\/image\/\",\"url\":\"https:\/\/img.bagnoitalia.com\/wp-content\/uploads\/logo-bagnoitalia.webp\",\"contentUrl\":\"https:\/\/img.bagnoitalia.com\/wp-content\/uploads\/logo-bagnoitalia.webp\",\"width\":400,\"height\":70,\"caption\":\"Bagno Italia\"},\"image\":{\"@id\":\"https:\/\/www.bagnoitalia.com\/de#\/schema\/logo\/image\/\"}}]}<\/script>\n<!-- \/ Yoast SEO plugin. -->","yoast_head_json":{"title":"Whirlpool 180x120 cm mit 27 Luft- und Wasserd\u00fcsen Chromotherapie Heizung Ozontherapie Bluetooth VS120 - Bagno Italia","description":"Volles, optionales Whirlpool-Bad, f\u00fcr zwei Personen. Komplett mit doppelten wei\u00dfen Kopfst\u00fctzen, Radio, Bluetooth-Funktion, Armaturen, Heizung.","robots":{"index":"index","follow":"follow","max-snippet":"max-snippet:-1","max-image-preview":"max-image-preview:large","max-video-preview":"max-video-preview:-1"},"canonical":"https:\/\/www.bagnoitalia.com\/de\/produkt\/whirlpool-180x120-cm-mit-27-luft-und-wasserdusen-chromotherapie-heizung-ozontherapie-bluetooth-vs120.html","og_locale":"de_DE","og_type":"article","og_title":"Whirlpool 180x120 cm mit 27 Luft- und Wasserd\u00fcsen Chromotherapie Heizung Ozontherapie Bluetooth VS120 - Bagno Italia","og_description":"Volles, optionales Whirlpool-Bad, f\u00fcr zwei Personen. Komplett mit doppelten wei\u00dfen Kopfst\u00fctzen, Radio, Bluetooth-Funktion, Armaturen, Heizung.","og_url":"https:\/\/www.bagnoitalia.com\/de\/produkt\/whirlpool-180x120-cm-mit-27-luft-und-wasserdusen-chromotherapie-heizung-ozontherapie-bluetooth-vs120.html","og_site_name":"Bagno Italia","article_modified_time":"2024-05-22T09:03:05+00:00","og_image":[{"width":550,"height":550,"url":"https:\/\/img.bagnoitalia.com\/wp-content\/uploads\/virtuemart\/product\/vasca-idromassaggio-180x120-cm-vs120-destra-sinistra.jpg","type":"image\/jpeg"}],"twitter_card":"summary_large_image","twitter_misc":{"Gesch\u00e4tzte Lesezeit":"1\u00a0Minute"},"schema":{"@context":"https:\/\/schema.org","@graph":[{"@type":"WebPage","@id":"https:\/\/www.bagnoitalia.com\/de\/produkt\/whirlpool-180x120-cm-mit-27-luft-und-wasserdusen-chromotherapie-heizung-ozontherapie-bluetooth-vs120.html","url":"https:\/\/www.bagnoitalia.com\/de\/produkt\/whirlpool-180x120-cm-mit-27-luft-und-wasserdusen-chromotherapie-heizung-ozontherapie-bluetooth-vs120.html","name":"Whirlpool 180x120 cm mit 27 Luft- und Wasserd\u00fcsen Chromotherapie Heizung Ozontherapie Bluetooth VS120 - Bagno Italia","isPartOf":{"@id":"https:\/\/www.bagnoitalia.com\/de#website"},"primaryImageOfPage":{"@id":"https:\/\/www.bagnoitalia.com\/de\/produkt\/whirlpool-180x120-cm-mit-27-luft-und-wasserdusen-chromotherapie-heizung-ozontherapie-bluetooth-vs120.html#primaryimage"},"image":{"@id":"https:\/\/www.bagnoitalia.com\/de\/produkt\/whirlpool-180x120-cm-mit-27-luft-und-wasserdusen-chromotherapie-heizung-ozontherapie-bluetooth-vs120.html#primaryimage"},"thumbnailUrl":"https:\/\/img.bagnoitalia.com\/wp-content\/uploads\/virtuemart\/product\/vasca-idromassaggio-180x120-cm-vs120-destra-sinistra.jpg","datePublished":"2022-08-03T11:51:38+00:00","dateModified":"2024-05-22T09:03:05+00:00","description":"Volles, optionales Whirlpool-Bad, f\u00fcr zwei Personen. Komplett mit doppelten wei\u00dfen Kopfst\u00fctzen, Radio, Bluetooth-Funktion, Armaturen, Heizung.","breadcrumb":{"@id":"https:\/\/www.bagnoitalia.com\/de\/produkt\/whirlpool-180x120-cm-mit-27-luft-und-wasserdusen-chromotherapie-heizung-ozontherapie-bluetooth-vs120.html#breadcrumb"},"inLanguage":"de","potentialAction":[{"@type":"ReadAction","target":["https:\/\/www.bagnoitalia.com\/de\/produkt\/whirlpool-180x120-cm-mit-27-luft-und-wasserdusen-chromotherapie-heizung-ozontherapie-bluetooth-vs120.html"]}]},{"@type":"ImageObject","inLanguage":"de","@id":"https:\/\/www.bagnoitalia.com\/de\/produkt\/whirlpool-180x120-cm-mit-27-luft-und-wasserdusen-chromotherapie-heizung-ozontherapie-bluetooth-vs120.html#primaryimage","url":"https:\/\/img.bagnoitalia.com\/wp-content\/uploads\/virtuemart\/product\/vasca-idromassaggio-180x120-cm-vs120-destra-sinistra.jpg","contentUrl":"https:\/\/img.bagnoitalia.com\/wp-content\/uploads\/virtuemart\/product\/vasca-idromassaggio-180x120-cm-vs120-destra-sinistra.jpg","width":550,"height":550},{"@type":"BreadcrumbList","@id":"https:\/\/www.bagnoitalia.com\/de\/produkt\/whirlpool-180x120-cm-mit-27-luft-und-wasserdusen-chromotherapie-heizung-ozontherapie-bluetooth-vs120.html#breadcrumb","itemListElement":[{"@type":"ListItem","position":1,"name":"Home","item":"https:\/\/www.bagnoitalia.com\/de"},{"@type":"ListItem","position":2,"name":"Produkte","item":"https:\/\/www.bagnoitalia.com\/de\/shop"},{"@type":"ListItem","position":3,"name":"Whirlpool 180&#215;120 cm mit 27 Luft- und Wasserd\u00fcsen Chromotherapie Heizung Ozontherapie Bluetooth VS120"}]},{"@type":"WebSite","@id":"https:\/\/www.bagnoitalia.com\/de#website","url":"https:\/\/www.bagnoitalia.com\/de","name":"Bagno Italia","description":"","publisher":{"@id":"https:\/\/www.bagnoitalia.com\/de#organization"},"potentialAction":[{"@type":"SearchAction","target":{"@type":"EntryPoint","urlTemplate":"https:\/\/www.bagnoitalia.com\/de?s={search_term_string}"},"query-input":{"@type":"PropertyValueSpecification","valueRequired":true,"valueName":"search_term_string"}}],"inLanguage":"de"},{"@type":"Organization","@id":"https:\/\/www.bagnoitalia.com\/de#organization","name":"Bagno Italia","url":"https:\/\/www.bagnoitalia.com\/de","logo":{"@type":"ImageObject","inLanguage":"de","@id":"https:\/\/www.bagnoitalia.com\/de#\/schema\/logo\/image\/","url":"https:\/\/img.bagnoitalia.com\/wp-content\/uploads\/logo-bagnoitalia.webp","contentUrl":"https:\/\/img.bagnoitalia.com\/wp-content\/uploads\/logo-bagnoitalia.webp","width":400,"height":70,"caption":"Bagno Italia"},"image":{"@id":"https:\/\/www.bagnoitalia.com\/de#\/schema\/logo\/image\/"}}]}},"_links":{"self":[{"href":"https:\/\/www.bagnoitalia.com\/de\/wp-json\/wp\/v2\/product\/82241","targetHints":{"allow":["GET"]}}],"collection":[{"href":"https:\/\/www.bagnoitalia.com\/de\/wp-json\/wp\/v2\/product"}],"about":[{"href":"https:\/\/www.bagnoitalia.com\/de\/wp-json\/wp\/v2\/types\/product"}],"replies":[{"embeddable":true,"href":"https:\/\/www.bagnoitalia.com\/de\/wp-json\/wp\/v2\/comments?post=82241"}],"version-history":[{"count":1,"href":"https:\/\/www.bagnoitalia.com\/de\/wp-json\/wp\/v2\/product\/82241\/revisions"}],"predecessor-version":[{"id":87380,"href":"https:\/\/www.bagnoitalia.com\/de\/wp-json\/wp\/v2\/product\/82241\/revisions\/87380"}],"wp:featuredmedia":[{"embeddable":true,"href":"https:\/\/www.bagnoitalia.com\/de\/wp-json\/wp\/v2\/media\/53816"}],"wp:attachment":[{"href":"https:\/\/www.bagnoitalia.com\/de\/wp-json\/wp\/v2\/media?parent=82241"}],"wp:term":[{"taxonomy":"product_brand","embeddable":true,"href":"https:\/\/www.bagnoitalia.com\/de\/wp-json\/wp\/v2\/product_brand?post=82241"},{"taxonomy":"product_cat","embeddable":true,"href":"https:\/\/www.bagnoitalia.com\/de\/wp-json\/wp\/v2\/product_cat?post=82241"},{"taxonomy":"product_tag","embeddable":true,"href":"https:\/\/www.bagnoitalia.com\/de\/wp-json\/wp\/v2\/product_tag?post=82241"}],"curies":[{"name":"wp","href":"https:\/\/api.w.org\/{rel}","templated":true}]}}