{"id":82149,"date":"2022-03-30T07:47:46","date_gmt":"2022-03-30T05:47:46","guid":{"rendered":"https:\/\/www.bagnoitalia.com\/product\/britischer-badezimmerschrank-60-cm-oder-90-cm-auf-dem-boden-in-weiser-esche"},"modified":"2024-06-13T15:12:17","modified_gmt":"2024-06-13T13:12:17","slug":"britischer-badezimmerschrank-60-cm-oder-90-cm-auf-dem-boden-in-weiser-esche","status":"publish","type":"product","link":"https:\/\/www.bagnoitalia.com\/de\/produkt\/britischer-badezimmerschrank-60-cm-oder-90-cm-auf-dem-boden-in-weiser-esche.html","title":{"rendered":"British Badezimmerschrank 60 cm oder 90 cm auf dem Boden in wei\u00dfer Esche"},"content":{"rendered":"<p>&nbsp;<\/p>\n<p><span style=\"font-size: 14pt;\"><strong>&#8222;BRITISH&#8220; BADEZIMMERM\u00d6BEL<\/strong><\/span><\/p>\n<p>&nbsp;<\/p>\n<p>EIGENSCHAFTEN:<\/p>\n<p>Waschbeckenst\u00e4nder in zwei Gr\u00f6\u00dfen erh\u00e4ltlich, w\u00e4hlbar aus dem Dropdown-Men\u00fc:<\/p>\n<p>&#8211; 60xP46xH83 cm<\/p>\n<p>&#8211; 90xP46xH83 cm<\/p>\n<p>Waschbecken aus Keramik<\/p>\n<p>Spiegel mit Rahmen aus wei\u00dfer Esche 60xH90 cm<\/p>\n<p>Schrank mit 4 F\u00fc\u00dfen und 2 Schubladen<\/p>\n<p>Farbe: aschwei\u00df (innen hellgrau)<\/p>\n<p>Es ist m\u00f6glich, die Komposition zu vervollst\u00e4ndigen, indem Sie aus dem obigen Men\u00fc eine kombinierte S\u00e4ule von 48x34xH82 cm hinzuf\u00fcgen, die aus zwei Spiegelt\u00fcren besteht<\/p>\n<p>&nbsp;<\/p>\n<p>EINZELHEITEN:<\/p>\n<p>Struktur aus MDF mit 0,4 mm wasserabweisender und kratzfester Polymerblattbeschichtung<\/p>\n<p>Sanftes Schlie\u00dfen der Schubladen (verlangsamt)<\/p>\n<p>Griffe aus Metall<\/p>\n<p>&nbsp;<\/p>\n","protected":false},"excerpt":{"rendered":"<p>Badezimmerm\u00f6bel in zwei Gr\u00f6\u00dfen erh\u00e4ltlich, mit zwei Schubladen und Waschbecken aus Keramik. Es ist m\u00f6glich, eine S\u00e4ule mit zwei Spiegelt\u00fcren zu kombinieren.<\/p>\n","protected":false},"featured_media":53108,"comment_status":"open","ping_status":"closed","template":"","meta":[],"product_brand":[5011],"product_cat":[9716,9720],"product_tag":[],"class_list":{"0":"post-82149","1":"product","2":"type-product","3":"status-publish","4":"has-post-thumbnail","6":"product_brand-baden-haus","7":"product_cat-badmobel-von-40-bis-70-cm-moderne-mobel","8":"product_cat-badmobel-von-71-bis-100-cm-moderne-mobel","10":"first","11":"instock","12":"sale","13":"taxable","14":"shipping-taxable","15":"purchasable","16":"product-type-simple"},"exclude_global_add_ons":false,"addons":[{"name":"Abmessungen","type":"multiple_choice","position":0,"required":true,"title_format":"heading","default":"","description_enable":false,"description":"","placeholder_enable":false,"placeholder":"","display":"select","restrictions_type":"any_text","adjust_price":false,"price":"","price_type":"flat_fee","restrictions":false,"min":"0","max":"0","options":[{"label":"60 cm","price":"","price_type":"quantity_based","image":0,"visibility":true},{"label":"90 cm","price":"147.54","price_type":"quantity_based","image":0,"visibility":true}],"id":1718291537},{"name":"S\u00e4ule","type":"multiple_choice","position":1,"required":true,"title_format":"heading","default":"","description_enable":false,"description":"","placeholder_enable":false,"placeholder":"","display":"select","restrictions_type":"any_text","adjust_price":false,"price":"","price_type":"flat_fee","restrictions":false,"min":"0","max":"0","options":[{"label":"nein","price":"","price_type":"quantity_based","image":0,"visibility":true},{"label":"ja","price":"540","price_type":"quantity_based","image":0,"visibility":true}],"id":1718291538}],"yoast_head":"<!-- This site is optimized with the Yoast SEO plugin v26.7 - https:\/\/yoast.com\/wordpress\/plugins\/seo\/ -->\n<title>British Badezimmerschrank 60 cm oder 90 cm auf dem Boden in wei\u00dfer Esche<\/title>\n<meta name=\"description\" content=\"Badezimmerm\u00f6bel in zwei Gr\u00f6\u00dfen erh\u00e4ltlich, mit zwei Schubladen und Waschbecken aus Keramik. Es ist m\u00f6glich, eine S\u00e4ule mit zwei Spiegelt\u00fcren zu kombinieren.\" \/>\n<meta name=\"robots\" content=\"index, follow, max-snippet:-1, max-image-preview:large, max-video-preview:-1\" \/>\n<link rel=\"canonical\" href=\"https:\/\/www.bagnoitalia.com\/de\/produkt\/britischer-badezimmerschrank-60-cm-oder-90-cm-auf-dem-boden-in-weiser-esche.html\" \/>\n<meta property=\"og:locale\" content=\"de_DE\" \/>\n<meta property=\"og:type\" content=\"article\" \/>\n<meta property=\"og:title\" content=\"British Badezimmerschrank 60 cm oder 90 cm auf dem Boden in wei\u00dfer Esche\" \/>\n<meta property=\"og:description\" content=\"Badezimmerm\u00f6bel in zwei Gr\u00f6\u00dfen erh\u00e4ltlich, mit zwei Schubladen und Waschbecken aus Keramik. Es ist m\u00f6glich, eine S\u00e4ule mit zwei Spiegelt\u00fcren zu kombinieren.\" \/>\n<meta property=\"og:url\" content=\"https:\/\/www.bagnoitalia.com\/de\/produkt\/britischer-badezimmerschrank-60-cm-oder-90-cm-auf-dem-boden-in-weiser-esche.html\" \/>\n<meta property=\"og:site_name\" content=\"Bagno Italia\" \/>\n<meta property=\"article:modified_time\" content=\"2024-06-13T13:12:17+00:00\" \/>\n<meta property=\"og:image\" content=\"https:\/\/img.bagnoitalia.com\/wp-content\/uploads\/virtuemart\/product\/M0B-0614_1.jpg\" \/>\n\t<meta property=\"og:image:width\" content=\"550\" \/>\n\t<meta property=\"og:image:height\" content=\"550\" \/>\n\t<meta property=\"og:image:type\" content=\"image\/jpeg\" \/>\n<meta name=\"twitter:card\" content=\"summary_large_image\" \/>\n<meta name=\"twitter:label1\" content=\"Gesch\u00e4tzte Lesezeit\" \/>\n\t<meta name=\"twitter:data1\" content=\"1\u00a0Minute\" \/>\n<script type=\"application\/ld+json\" class=\"yoast-schema-graph\">{\"@context\":\"https:\/\/schema.org\",\"@graph\":[{\"@type\":\"WebPage\",\"@id\":\"https:\/\/www.bagnoitalia.com\/de\/produkt\/britischer-badezimmerschrank-60-cm-oder-90-cm-auf-dem-boden-in-weiser-esche.html\",\"url\":\"https:\/\/www.bagnoitalia.com\/de\/produkt\/britischer-badezimmerschrank-60-cm-oder-90-cm-auf-dem-boden-in-weiser-esche.html\",\"name\":\"British Badezimmerschrank 60 cm oder 90 cm auf dem Boden in wei\u00dfer Esche\",\"isPartOf\":{\"@id\":\"https:\/\/www.bagnoitalia.com\/de#website\"},\"primaryImageOfPage\":{\"@id\":\"https:\/\/www.bagnoitalia.com\/de\/produkt\/britischer-badezimmerschrank-60-cm-oder-90-cm-auf-dem-boden-in-weiser-esche.html#primaryimage\"},\"image\":{\"@id\":\"https:\/\/www.bagnoitalia.com\/de\/produkt\/britischer-badezimmerschrank-60-cm-oder-90-cm-auf-dem-boden-in-weiser-esche.html#primaryimage\"},\"thumbnailUrl\":\"https:\/\/img.bagnoitalia.com\/wp-content\/uploads\/virtuemart\/product\/M0B-0614_1.jpg\",\"datePublished\":\"2022-03-30T05:47:46+00:00\",\"dateModified\":\"2024-06-13T13:12:17+00:00\",\"description\":\"Badezimmerm\u00f6bel in zwei Gr\u00f6\u00dfen erh\u00e4ltlich, mit zwei Schubladen und Waschbecken aus Keramik. Es ist m\u00f6glich, eine S\u00e4ule mit zwei Spiegelt\u00fcren zu kombinieren.\",\"breadcrumb\":{\"@id\":\"https:\/\/www.bagnoitalia.com\/de\/produkt\/britischer-badezimmerschrank-60-cm-oder-90-cm-auf-dem-boden-in-weiser-esche.html#breadcrumb\"},\"inLanguage\":\"de\",\"potentialAction\":[{\"@type\":\"ReadAction\",\"target\":[\"https:\/\/www.bagnoitalia.com\/de\/produkt\/britischer-badezimmerschrank-60-cm-oder-90-cm-auf-dem-boden-in-weiser-esche.html\"]}]},{\"@type\":\"ImageObject\",\"inLanguage\":\"de\",\"@id\":\"https:\/\/www.bagnoitalia.com\/de\/produkt\/britischer-badezimmerschrank-60-cm-oder-90-cm-auf-dem-boden-in-weiser-esche.html#primaryimage\",\"url\":\"https:\/\/img.bagnoitalia.com\/wp-content\/uploads\/virtuemart\/product\/M0B-0614_1.jpg\",\"contentUrl\":\"https:\/\/img.bagnoitalia.com\/wp-content\/uploads\/virtuemart\/product\/M0B-0614_1.jpg\",\"width\":550,\"height\":550},{\"@type\":\"BreadcrumbList\",\"@id\":\"https:\/\/www.bagnoitalia.com\/de\/produkt\/britischer-badezimmerschrank-60-cm-oder-90-cm-auf-dem-boden-in-weiser-esche.html#breadcrumb\",\"itemListElement\":[{\"@type\":\"ListItem\",\"position\":1,\"name\":\"Home\",\"item\":\"https:\/\/www.bagnoitalia.com\/de\"},{\"@type\":\"ListItem\",\"position\":2,\"name\":\"Produkte\",\"item\":\"https:\/\/www.bagnoitalia.com\/de\/shop\"},{\"@type\":\"ListItem\",\"position\":3,\"name\":\"British Badezimmerschrank 60 cm oder 90 cm auf dem Boden in wei\u00dfer Esche\"}]},{\"@type\":\"WebSite\",\"@id\":\"https:\/\/www.bagnoitalia.com\/de#website\",\"url\":\"https:\/\/www.bagnoitalia.com\/de\",\"name\":\"Bagno Italia\",\"description\":\"\",\"publisher\":{\"@id\":\"https:\/\/www.bagnoitalia.com\/de#organization\"},\"potentialAction\":[{\"@type\":\"SearchAction\",\"target\":{\"@type\":\"EntryPoint\",\"urlTemplate\":\"https:\/\/www.bagnoitalia.com\/de?s={search_term_string}\"},\"query-input\":{\"@type\":\"PropertyValueSpecification\",\"valueRequired\":true,\"valueName\":\"search_term_string\"}}],\"inLanguage\":\"de\"},{\"@type\":\"Organization\",\"@id\":\"https:\/\/www.bagnoitalia.com\/de#organization\",\"name\":\"Bagno Italia\",\"url\":\"https:\/\/www.bagnoitalia.com\/de\",\"logo\":{\"@type\":\"ImageObject\",\"inLanguage\":\"de\",\"@id\":\"https:\/\/www.bagnoitalia.com\/de#\/schema\/logo\/image\/\",\"url\":\"https:\/\/img.bagnoitalia.com\/wp-content\/uploads\/logo-bagnoitalia.webp\",\"contentUrl\":\"https:\/\/img.bagnoitalia.com\/wp-content\/uploads\/logo-bagnoitalia.webp\",\"width\":400,\"height\":70,\"caption\":\"Bagno Italia\"},\"image\":{\"@id\":\"https:\/\/www.bagnoitalia.com\/de#\/schema\/logo\/image\/\"}}]}<\/script>\n<!-- \/ Yoast SEO plugin. -->","yoast_head_json":{"title":"British Badezimmerschrank 60 cm oder 90 cm auf dem Boden in wei\u00dfer Esche","description":"Badezimmerm\u00f6bel in zwei Gr\u00f6\u00dfen erh\u00e4ltlich, mit zwei Schubladen und Waschbecken aus Keramik. Es ist m\u00f6glich, eine S\u00e4ule mit zwei Spiegelt\u00fcren zu kombinieren.","robots":{"index":"index","follow":"follow","max-snippet":"max-snippet:-1","max-image-preview":"max-image-preview:large","max-video-preview":"max-video-preview:-1"},"canonical":"https:\/\/www.bagnoitalia.com\/de\/produkt\/britischer-badezimmerschrank-60-cm-oder-90-cm-auf-dem-boden-in-weiser-esche.html","og_locale":"de_DE","og_type":"article","og_title":"British Badezimmerschrank 60 cm oder 90 cm auf dem Boden in wei\u00dfer Esche","og_description":"Badezimmerm\u00f6bel in zwei Gr\u00f6\u00dfen erh\u00e4ltlich, mit zwei Schubladen und Waschbecken aus Keramik. Es ist m\u00f6glich, eine S\u00e4ule mit zwei Spiegelt\u00fcren zu kombinieren.","og_url":"https:\/\/www.bagnoitalia.com\/de\/produkt\/britischer-badezimmerschrank-60-cm-oder-90-cm-auf-dem-boden-in-weiser-esche.html","og_site_name":"Bagno Italia","article_modified_time":"2024-06-13T13:12:17+00:00","og_image":[{"width":550,"height":550,"url":"https:\/\/img.bagnoitalia.com\/wp-content\/uploads\/virtuemart\/product\/M0B-0614_1.jpg","type":"image\/jpeg"}],"twitter_card":"summary_large_image","twitter_misc":{"Gesch\u00e4tzte Lesezeit":"1\u00a0Minute"},"schema":{"@context":"https:\/\/schema.org","@graph":[{"@type":"WebPage","@id":"https:\/\/www.bagnoitalia.com\/de\/produkt\/britischer-badezimmerschrank-60-cm-oder-90-cm-auf-dem-boden-in-weiser-esche.html","url":"https:\/\/www.bagnoitalia.com\/de\/produkt\/britischer-badezimmerschrank-60-cm-oder-90-cm-auf-dem-boden-in-weiser-esche.html","name":"British Badezimmerschrank 60 cm oder 90 cm auf dem Boden in wei\u00dfer Esche","isPartOf":{"@id":"https:\/\/www.bagnoitalia.com\/de#website"},"primaryImageOfPage":{"@id":"https:\/\/www.bagnoitalia.com\/de\/produkt\/britischer-badezimmerschrank-60-cm-oder-90-cm-auf-dem-boden-in-weiser-esche.html#primaryimage"},"image":{"@id":"https:\/\/www.bagnoitalia.com\/de\/produkt\/britischer-badezimmerschrank-60-cm-oder-90-cm-auf-dem-boden-in-weiser-esche.html#primaryimage"},"thumbnailUrl":"https:\/\/img.bagnoitalia.com\/wp-content\/uploads\/virtuemart\/product\/M0B-0614_1.jpg","datePublished":"2022-03-30T05:47:46+00:00","dateModified":"2024-06-13T13:12:17+00:00","description":"Badezimmerm\u00f6bel in zwei Gr\u00f6\u00dfen erh\u00e4ltlich, mit zwei Schubladen und Waschbecken aus Keramik. Es ist m\u00f6glich, eine S\u00e4ule mit zwei Spiegelt\u00fcren zu kombinieren.","breadcrumb":{"@id":"https:\/\/www.bagnoitalia.com\/de\/produkt\/britischer-badezimmerschrank-60-cm-oder-90-cm-auf-dem-boden-in-weiser-esche.html#breadcrumb"},"inLanguage":"de","potentialAction":[{"@type":"ReadAction","target":["https:\/\/www.bagnoitalia.com\/de\/produkt\/britischer-badezimmerschrank-60-cm-oder-90-cm-auf-dem-boden-in-weiser-esche.html"]}]},{"@type":"ImageObject","inLanguage":"de","@id":"https:\/\/www.bagnoitalia.com\/de\/produkt\/britischer-badezimmerschrank-60-cm-oder-90-cm-auf-dem-boden-in-weiser-esche.html#primaryimage","url":"https:\/\/img.bagnoitalia.com\/wp-content\/uploads\/virtuemart\/product\/M0B-0614_1.jpg","contentUrl":"https:\/\/img.bagnoitalia.com\/wp-content\/uploads\/virtuemart\/product\/M0B-0614_1.jpg","width":550,"height":550},{"@type":"BreadcrumbList","@id":"https:\/\/www.bagnoitalia.com\/de\/produkt\/britischer-badezimmerschrank-60-cm-oder-90-cm-auf-dem-boden-in-weiser-esche.html#breadcrumb","itemListElement":[{"@type":"ListItem","position":1,"name":"Home","item":"https:\/\/www.bagnoitalia.com\/de"},{"@type":"ListItem","position":2,"name":"Produkte","item":"https:\/\/www.bagnoitalia.com\/de\/shop"},{"@type":"ListItem","position":3,"name":"British Badezimmerschrank 60 cm oder 90 cm auf dem Boden in wei\u00dfer Esche"}]},{"@type":"WebSite","@id":"https:\/\/www.bagnoitalia.com\/de#website","url":"https:\/\/www.bagnoitalia.com\/de","name":"Bagno Italia","description":"","publisher":{"@id":"https:\/\/www.bagnoitalia.com\/de#organization"},"potentialAction":[{"@type":"SearchAction","target":{"@type":"EntryPoint","urlTemplate":"https:\/\/www.bagnoitalia.com\/de?s={search_term_string}"},"query-input":{"@type":"PropertyValueSpecification","valueRequired":true,"valueName":"search_term_string"}}],"inLanguage":"de"},{"@type":"Organization","@id":"https:\/\/www.bagnoitalia.com\/de#organization","name":"Bagno Italia","url":"https:\/\/www.bagnoitalia.com\/de","logo":{"@type":"ImageObject","inLanguage":"de","@id":"https:\/\/www.bagnoitalia.com\/de#\/schema\/logo\/image\/","url":"https:\/\/img.bagnoitalia.com\/wp-content\/uploads\/logo-bagnoitalia.webp","contentUrl":"https:\/\/img.bagnoitalia.com\/wp-content\/uploads\/logo-bagnoitalia.webp","width":400,"height":70,"caption":"Bagno Italia"},"image":{"@id":"https:\/\/www.bagnoitalia.com\/de#\/schema\/logo\/image\/"}}]}},"_links":{"self":[{"href":"https:\/\/www.bagnoitalia.com\/de\/wp-json\/wp\/v2\/product\/82149","targetHints":{"allow":["GET"]}}],"collection":[{"href":"https:\/\/www.bagnoitalia.com\/de\/wp-json\/wp\/v2\/product"}],"about":[{"href":"https:\/\/www.bagnoitalia.com\/de\/wp-json\/wp\/v2\/types\/product"}],"replies":[{"embeddable":true,"href":"https:\/\/www.bagnoitalia.com\/de\/wp-json\/wp\/v2\/comments?post=82149"}],"version-history":[{"count":1,"href":"https:\/\/www.bagnoitalia.com\/de\/wp-json\/wp\/v2\/product\/82149\/revisions"}],"predecessor-version":[{"id":89554,"href":"https:\/\/www.bagnoitalia.com\/de\/wp-json\/wp\/v2\/product\/82149\/revisions\/89554"}],"wp:featuredmedia":[{"embeddable":true,"href":"https:\/\/www.bagnoitalia.com\/de\/wp-json\/wp\/v2\/media\/53108"}],"wp:attachment":[{"href":"https:\/\/www.bagnoitalia.com\/de\/wp-json\/wp\/v2\/media?parent=82149"}],"wp:term":[{"taxonomy":"product_brand","embeddable":true,"href":"https:\/\/www.bagnoitalia.com\/de\/wp-json\/wp\/v2\/product_brand?post=82149"},{"taxonomy":"product_cat","embeddable":true,"href":"https:\/\/www.bagnoitalia.com\/de\/wp-json\/wp\/v2\/product_cat?post=82149"},{"taxonomy":"product_tag","embeddable":true,"href":"https:\/\/www.bagnoitalia.com\/de\/wp-json\/wp\/v2\/product_tag?post=82149"}],"curies":[{"name":"wp","href":"https:\/\/api.w.org\/{rel}","templated":true}]}}