{"id":82145,"date":"2022-03-30T07:47:46","date_gmt":"2022-03-30T05:47:46","guid":{"rendered":"https:\/\/www.bagnoitalia.com\/product\/jolly-90-cm-hangender-badezimmerschrank-mit-weiser-oder-schwarzer-struktur-und-holz-oder-naturspiegelschublade-inklusive"},"modified":"2024-06-04T14:56:08","modified_gmt":"2024-06-04T12:56:08","slug":"jolly-90-cm-hangender-badezimmerschrank-mit-weiser-oder-schwarzer-struktur-und-holz-oder-naturspiegelschublade-inklusive","status":"publish","type":"product","link":"https:\/\/www.bagnoitalia.com\/de\/produkt\/jolly-90-cm-hangender-badezimmerschrank-mit-weiser-oder-schwarzer-struktur-und-holz-oder-naturspiegelschublade-inklusive.html","title":{"rendered":"Jolly 90 cm h\u00e4ngender Badezimmerschrank mit wei\u00dfer oder schwarzer Struktur und Holz- oder Naturspiegelschublade inklusive"},"content":{"rendered":"<p><strong><span style=\"font-size: 14pt;\">JOLLY H\u00c4NGENDE BADEZIMMERM\u00d6BEL<\/span><\/strong><\/p>\n<p>DER OBEN GENANNTE PREIS BEINHALTET:<\/p>\n<p>1 H\u00e4ngesockel 90x55xH40 cm mit einer Schublade<\/p>\n<p>2 Filolucido-Halbmondspiegel 40x80cm<\/p>\n<p>NB: Waschbecken und Wasserh\u00e4hne sind nicht im Preis inbegriffen. Um die passenden Aufsatzwaschbecken zu sehen, <a href=\"lavabi-dappoggio\">klicken Sie hier<\/a> !<\/p>\n<p><span style=\"text-decoration: underline;\">Produktdetails:<\/span><\/p>\n<p>Struktur in mattem Wei\u00df oder mattem Schwarz erh\u00e4ltlich<\/p>\n<p>Schublade mit &#8222;Push &amp; Pull&#8220;-System, erh\u00e4ltlich in Waldholz oder nat\u00fcrlichen Holzfarben<\/p>\n<p>Die Platte ist nicht perforiert, so dass es m\u00f6glich ist, jedes Aufsatzwaschbecken und jede Armatur zu kombinieren<\/p>\n<p>MA9<\/p>\n","protected":false},"excerpt":{"rendered":"<p>Moderne Badm\u00f6bel bestehend aus einer Push-Opening-Schublade. Erh\u00e4ltlich in 4 Ausf\u00fchrungen: wei\u00df mit Schublade aus Waldholz, wei\u00df mit Schublade aus Naturholz, schwarz mit Schublade aus Waldholz und schwarz mit Schublade aus Naturholz. Der runde Spiegel ist im Angebot enthalten.<\/p>\n","protected":false},"featured_media":53068,"comment_status":"open","ping_status":"closed","template":"","meta":[],"product_brand":[5006],"product_cat":[9720],"product_tag":[],"class_list":{"0":"post-82145","1":"product","2":"type-product","3":"status-publish","4":"has-post-thumbnail","6":"product_brand-deghi","7":"product_cat-badmobel-von-71-bis-100-cm-moderne-mobel","9":"first","10":"instock","11":"sale","12":"taxable","13":"shipping-taxable","14":"purchasable","15":"product-type-simple"},"exclude_global_add_ons":false,"addons":[{"name":"Farbe","type":"multiple_choice","position":0,"required":true,"title_format":"heading","default":"","description_enable":false,"description":"","placeholder_enable":false,"placeholder":"","display":"select","restrictions_type":"any_text","adjust_price":false,"price":"","price_type":"flat_fee","restrictions":false,"min":"0","max":"0","options":[{"label":"wei\u00df mit Naturholzschublade","price":"","price_type":"quantity_based","image":0,"visibility":true},{"label":"NICHT VERF\u00dcGBAR - wei\u00df mit Waldholzschublade","price":"","price_type":"quantity_based","image":0,"visibility":true}],"id":1717512968}],"yoast_head":"<!-- This site is optimized with the Yoast SEO plugin v26.7 - https:\/\/yoast.com\/wordpress\/plugins\/seo\/ -->\n<title>Jolly 90 cm h\u00e4ngender Badezimmerschrank mit wei\u00dfer oder schwarzer Struktur und Holz- oder Naturspiegelschublade inklusive<\/title>\n<meta name=\"description\" content=\"Moderne Badm\u00f6bel bestehend aus einer Push-Opening-Schublade. Erh\u00e4ltlich in 4 Ausf\u00fchrungen: wei\u00df mit Schublade aus Waldholz, wei\u00df mit Schublade aus Naturholz, schwarz mit Schublade aus Waldholz und schwarz mit Schublade aus Naturholz. Der runde Spiegel ist im Angebot enthalten.\" \/>\n<meta name=\"robots\" content=\"index, follow, max-snippet:-1, max-image-preview:large, max-video-preview:-1\" \/>\n<link rel=\"canonical\" href=\"https:\/\/www.bagnoitalia.com\/de\/produkt\/jolly-90-cm-hangender-badezimmerschrank-mit-weiser-oder-schwarzer-struktur-und-holz-oder-naturspiegelschublade-inklusive.html\" \/>\n<meta property=\"og:locale\" content=\"de_DE\" \/>\n<meta property=\"og:type\" content=\"article\" \/>\n<meta property=\"og:title\" content=\"Jolly 90 cm h\u00e4ngender Badezimmerschrank mit wei\u00dfer oder schwarzer Struktur und Holz- oder Naturspiegelschublade inklusive\" \/>\n<meta property=\"og:description\" content=\"Moderne Badm\u00f6bel bestehend aus einer Push-Opening-Schublade. Erh\u00e4ltlich in 4 Ausf\u00fchrungen: wei\u00df mit Schublade aus Waldholz, wei\u00df mit Schublade aus Naturholz, schwarz mit Schublade aus Waldholz und schwarz mit Schublade aus Naturholz. Der runde Spiegel ist im Angebot enthalten.\" \/>\n<meta property=\"og:url\" content=\"https:\/\/www.bagnoitalia.com\/de\/produkt\/jolly-90-cm-hangender-badezimmerschrank-mit-weiser-oder-schwarzer-struktur-und-holz-oder-naturspiegelschublade-inklusive.html\" \/>\n<meta property=\"og:site_name\" content=\"Bagno Italia\" \/>\n<meta property=\"article:modified_time\" content=\"2024-06-04T12:56:08+00:00\" \/>\n<meta property=\"og:image\" content=\"https:\/\/img.bagnoitalia.com\/wp-content\/uploads\/virtuemart\/product\/mobile-bagno-sospeso-moderno-arredo-cassetto.jpg\" \/>\n\t<meta property=\"og:image:width\" content=\"550\" \/>\n\t<meta property=\"og:image:height\" content=\"550\" \/>\n\t<meta property=\"og:image:type\" content=\"image\/jpeg\" \/>\n<meta name=\"twitter:card\" content=\"summary_large_image\" \/>\n<meta name=\"twitter:label1\" content=\"Gesch\u00e4tzte Lesezeit\" \/>\n\t<meta name=\"twitter:data1\" content=\"1\u00a0Minute\" \/>\n<script type=\"application\/ld+json\" class=\"yoast-schema-graph\">{\"@context\":\"https:\/\/schema.org\",\"@graph\":[{\"@type\":\"WebPage\",\"@id\":\"https:\/\/www.bagnoitalia.com\/de\/produkt\/jolly-90-cm-hangender-badezimmerschrank-mit-weiser-oder-schwarzer-struktur-und-holz-oder-naturspiegelschublade-inklusive.html\",\"url\":\"https:\/\/www.bagnoitalia.com\/de\/produkt\/jolly-90-cm-hangender-badezimmerschrank-mit-weiser-oder-schwarzer-struktur-und-holz-oder-naturspiegelschublade-inklusive.html\",\"name\":\"Jolly 90 cm h\u00e4ngender Badezimmerschrank mit wei\u00dfer oder schwarzer Struktur und Holz- oder Naturspiegelschublade inklusive\",\"isPartOf\":{\"@id\":\"https:\/\/www.bagnoitalia.com\/de#website\"},\"primaryImageOfPage\":{\"@id\":\"https:\/\/www.bagnoitalia.com\/de\/produkt\/jolly-90-cm-hangender-badezimmerschrank-mit-weiser-oder-schwarzer-struktur-und-holz-oder-naturspiegelschublade-inklusive.html#primaryimage\"},\"image\":{\"@id\":\"https:\/\/www.bagnoitalia.com\/de\/produkt\/jolly-90-cm-hangender-badezimmerschrank-mit-weiser-oder-schwarzer-struktur-und-holz-oder-naturspiegelschublade-inklusive.html#primaryimage\"},\"thumbnailUrl\":\"https:\/\/img.bagnoitalia.com\/wp-content\/uploads\/virtuemart\/product\/mobile-bagno-sospeso-moderno-arredo-cassetto.jpg\",\"datePublished\":\"2022-03-30T05:47:46+00:00\",\"dateModified\":\"2024-06-04T12:56:08+00:00\",\"description\":\"Moderne Badm\u00f6bel bestehend aus einer Push-Opening-Schublade. Erh\u00e4ltlich in 4 Ausf\u00fchrungen: wei\u00df mit Schublade aus Waldholz, wei\u00df mit Schublade aus Naturholz, schwarz mit Schublade aus Waldholz und schwarz mit Schublade aus Naturholz. Der runde Spiegel ist im Angebot enthalten.\",\"breadcrumb\":{\"@id\":\"https:\/\/www.bagnoitalia.com\/de\/produkt\/jolly-90-cm-hangender-badezimmerschrank-mit-weiser-oder-schwarzer-struktur-und-holz-oder-naturspiegelschublade-inklusive.html#breadcrumb\"},\"inLanguage\":\"de\",\"potentialAction\":[{\"@type\":\"ReadAction\",\"target\":[\"https:\/\/www.bagnoitalia.com\/de\/produkt\/jolly-90-cm-hangender-badezimmerschrank-mit-weiser-oder-schwarzer-struktur-und-holz-oder-naturspiegelschublade-inklusive.html\"]}]},{\"@type\":\"ImageObject\",\"inLanguage\":\"de\",\"@id\":\"https:\/\/www.bagnoitalia.com\/de\/produkt\/jolly-90-cm-hangender-badezimmerschrank-mit-weiser-oder-schwarzer-struktur-und-holz-oder-naturspiegelschublade-inklusive.html#primaryimage\",\"url\":\"https:\/\/img.bagnoitalia.com\/wp-content\/uploads\/virtuemart\/product\/mobile-bagno-sospeso-moderno-arredo-cassetto.jpg\",\"contentUrl\":\"https:\/\/img.bagnoitalia.com\/wp-content\/uploads\/virtuemart\/product\/mobile-bagno-sospeso-moderno-arredo-cassetto.jpg\",\"width\":550,\"height\":550},{\"@type\":\"BreadcrumbList\",\"@id\":\"https:\/\/www.bagnoitalia.com\/de\/produkt\/jolly-90-cm-hangender-badezimmerschrank-mit-weiser-oder-schwarzer-struktur-und-holz-oder-naturspiegelschublade-inklusive.html#breadcrumb\",\"itemListElement\":[{\"@type\":\"ListItem\",\"position\":1,\"name\":\"Home\",\"item\":\"https:\/\/www.bagnoitalia.com\/de\"},{\"@type\":\"ListItem\",\"position\":2,\"name\":\"Produkte\",\"item\":\"https:\/\/www.bagnoitalia.com\/de\/shop\"},{\"@type\":\"ListItem\",\"position\":3,\"name\":\"Jolly 90 cm h\u00e4ngender Badezimmerschrank mit wei\u00dfer oder schwarzer Struktur und Holz- oder Naturspiegelschublade inklusive\"}]},{\"@type\":\"WebSite\",\"@id\":\"https:\/\/www.bagnoitalia.com\/de#website\",\"url\":\"https:\/\/www.bagnoitalia.com\/de\",\"name\":\"Bagno Italia\",\"description\":\"\",\"publisher\":{\"@id\":\"https:\/\/www.bagnoitalia.com\/de#organization\"},\"potentialAction\":[{\"@type\":\"SearchAction\",\"target\":{\"@type\":\"EntryPoint\",\"urlTemplate\":\"https:\/\/www.bagnoitalia.com\/de?s={search_term_string}\"},\"query-input\":{\"@type\":\"PropertyValueSpecification\",\"valueRequired\":true,\"valueName\":\"search_term_string\"}}],\"inLanguage\":\"de\"},{\"@type\":\"Organization\",\"@id\":\"https:\/\/www.bagnoitalia.com\/de#organization\",\"name\":\"Bagno Italia\",\"url\":\"https:\/\/www.bagnoitalia.com\/de\",\"logo\":{\"@type\":\"ImageObject\",\"inLanguage\":\"de\",\"@id\":\"https:\/\/www.bagnoitalia.com\/de#\/schema\/logo\/image\/\",\"url\":\"https:\/\/img.bagnoitalia.com\/wp-content\/uploads\/logo-bagnoitalia.webp\",\"contentUrl\":\"https:\/\/img.bagnoitalia.com\/wp-content\/uploads\/logo-bagnoitalia.webp\",\"width\":400,\"height\":70,\"caption\":\"Bagno Italia\"},\"image\":{\"@id\":\"https:\/\/www.bagnoitalia.com\/de#\/schema\/logo\/image\/\"}}]}<\/script>\n<!-- \/ Yoast SEO plugin. -->","yoast_head_json":{"title":"Jolly 90 cm h\u00e4ngender Badezimmerschrank mit wei\u00dfer oder schwarzer Struktur und Holz- oder Naturspiegelschublade inklusive","description":"Moderne Badm\u00f6bel bestehend aus einer Push-Opening-Schublade. Erh\u00e4ltlich in 4 Ausf\u00fchrungen: wei\u00df mit Schublade aus Waldholz, wei\u00df mit Schublade aus Naturholz, schwarz mit Schublade aus Waldholz und schwarz mit Schublade aus Naturholz. Der runde Spiegel ist im Angebot enthalten.","robots":{"index":"index","follow":"follow","max-snippet":"max-snippet:-1","max-image-preview":"max-image-preview:large","max-video-preview":"max-video-preview:-1"},"canonical":"https:\/\/www.bagnoitalia.com\/de\/produkt\/jolly-90-cm-hangender-badezimmerschrank-mit-weiser-oder-schwarzer-struktur-und-holz-oder-naturspiegelschublade-inklusive.html","og_locale":"de_DE","og_type":"article","og_title":"Jolly 90 cm h\u00e4ngender Badezimmerschrank mit wei\u00dfer oder schwarzer Struktur und Holz- oder Naturspiegelschublade inklusive","og_description":"Moderne Badm\u00f6bel bestehend aus einer Push-Opening-Schublade. Erh\u00e4ltlich in 4 Ausf\u00fchrungen: wei\u00df mit Schublade aus Waldholz, wei\u00df mit Schublade aus Naturholz, schwarz mit Schublade aus Waldholz und schwarz mit Schublade aus Naturholz. Der runde Spiegel ist im Angebot enthalten.","og_url":"https:\/\/www.bagnoitalia.com\/de\/produkt\/jolly-90-cm-hangender-badezimmerschrank-mit-weiser-oder-schwarzer-struktur-und-holz-oder-naturspiegelschublade-inklusive.html","og_site_name":"Bagno Italia","article_modified_time":"2024-06-04T12:56:08+00:00","og_image":[{"width":550,"height":550,"url":"https:\/\/img.bagnoitalia.com\/wp-content\/uploads\/virtuemart\/product\/mobile-bagno-sospeso-moderno-arredo-cassetto.jpg","type":"image\/jpeg"}],"twitter_card":"summary_large_image","twitter_misc":{"Gesch\u00e4tzte Lesezeit":"1\u00a0Minute"},"schema":{"@context":"https:\/\/schema.org","@graph":[{"@type":"WebPage","@id":"https:\/\/www.bagnoitalia.com\/de\/produkt\/jolly-90-cm-hangender-badezimmerschrank-mit-weiser-oder-schwarzer-struktur-und-holz-oder-naturspiegelschublade-inklusive.html","url":"https:\/\/www.bagnoitalia.com\/de\/produkt\/jolly-90-cm-hangender-badezimmerschrank-mit-weiser-oder-schwarzer-struktur-und-holz-oder-naturspiegelschublade-inklusive.html","name":"Jolly 90 cm h\u00e4ngender Badezimmerschrank mit wei\u00dfer oder schwarzer Struktur und Holz- oder Naturspiegelschublade inklusive","isPartOf":{"@id":"https:\/\/www.bagnoitalia.com\/de#website"},"primaryImageOfPage":{"@id":"https:\/\/www.bagnoitalia.com\/de\/produkt\/jolly-90-cm-hangender-badezimmerschrank-mit-weiser-oder-schwarzer-struktur-und-holz-oder-naturspiegelschublade-inklusive.html#primaryimage"},"image":{"@id":"https:\/\/www.bagnoitalia.com\/de\/produkt\/jolly-90-cm-hangender-badezimmerschrank-mit-weiser-oder-schwarzer-struktur-und-holz-oder-naturspiegelschublade-inklusive.html#primaryimage"},"thumbnailUrl":"https:\/\/img.bagnoitalia.com\/wp-content\/uploads\/virtuemart\/product\/mobile-bagno-sospeso-moderno-arredo-cassetto.jpg","datePublished":"2022-03-30T05:47:46+00:00","dateModified":"2024-06-04T12:56:08+00:00","description":"Moderne Badm\u00f6bel bestehend aus einer Push-Opening-Schublade. Erh\u00e4ltlich in 4 Ausf\u00fchrungen: wei\u00df mit Schublade aus Waldholz, wei\u00df mit Schublade aus Naturholz, schwarz mit Schublade aus Waldholz und schwarz mit Schublade aus Naturholz. Der runde Spiegel ist im Angebot enthalten.","breadcrumb":{"@id":"https:\/\/www.bagnoitalia.com\/de\/produkt\/jolly-90-cm-hangender-badezimmerschrank-mit-weiser-oder-schwarzer-struktur-und-holz-oder-naturspiegelschublade-inklusive.html#breadcrumb"},"inLanguage":"de","potentialAction":[{"@type":"ReadAction","target":["https:\/\/www.bagnoitalia.com\/de\/produkt\/jolly-90-cm-hangender-badezimmerschrank-mit-weiser-oder-schwarzer-struktur-und-holz-oder-naturspiegelschublade-inklusive.html"]}]},{"@type":"ImageObject","inLanguage":"de","@id":"https:\/\/www.bagnoitalia.com\/de\/produkt\/jolly-90-cm-hangender-badezimmerschrank-mit-weiser-oder-schwarzer-struktur-und-holz-oder-naturspiegelschublade-inklusive.html#primaryimage","url":"https:\/\/img.bagnoitalia.com\/wp-content\/uploads\/virtuemart\/product\/mobile-bagno-sospeso-moderno-arredo-cassetto.jpg","contentUrl":"https:\/\/img.bagnoitalia.com\/wp-content\/uploads\/virtuemart\/product\/mobile-bagno-sospeso-moderno-arredo-cassetto.jpg","width":550,"height":550},{"@type":"BreadcrumbList","@id":"https:\/\/www.bagnoitalia.com\/de\/produkt\/jolly-90-cm-hangender-badezimmerschrank-mit-weiser-oder-schwarzer-struktur-und-holz-oder-naturspiegelschublade-inklusive.html#breadcrumb","itemListElement":[{"@type":"ListItem","position":1,"name":"Home","item":"https:\/\/www.bagnoitalia.com\/de"},{"@type":"ListItem","position":2,"name":"Produkte","item":"https:\/\/www.bagnoitalia.com\/de\/shop"},{"@type":"ListItem","position":3,"name":"Jolly 90 cm h\u00e4ngender Badezimmerschrank mit wei\u00dfer oder schwarzer Struktur und Holz- oder Naturspiegelschublade inklusive"}]},{"@type":"WebSite","@id":"https:\/\/www.bagnoitalia.com\/de#website","url":"https:\/\/www.bagnoitalia.com\/de","name":"Bagno Italia","description":"","publisher":{"@id":"https:\/\/www.bagnoitalia.com\/de#organization"},"potentialAction":[{"@type":"SearchAction","target":{"@type":"EntryPoint","urlTemplate":"https:\/\/www.bagnoitalia.com\/de?s={search_term_string}"},"query-input":{"@type":"PropertyValueSpecification","valueRequired":true,"valueName":"search_term_string"}}],"inLanguage":"de"},{"@type":"Organization","@id":"https:\/\/www.bagnoitalia.com\/de#organization","name":"Bagno Italia","url":"https:\/\/www.bagnoitalia.com\/de","logo":{"@type":"ImageObject","inLanguage":"de","@id":"https:\/\/www.bagnoitalia.com\/de#\/schema\/logo\/image\/","url":"https:\/\/img.bagnoitalia.com\/wp-content\/uploads\/logo-bagnoitalia.webp","contentUrl":"https:\/\/img.bagnoitalia.com\/wp-content\/uploads\/logo-bagnoitalia.webp","width":400,"height":70,"caption":"Bagno Italia"},"image":{"@id":"https:\/\/www.bagnoitalia.com\/de#\/schema\/logo\/image\/"}}]}},"_links":{"self":[{"href":"https:\/\/www.bagnoitalia.com\/de\/wp-json\/wp\/v2\/product\/82145","targetHints":{"allow":["GET"]}}],"collection":[{"href":"https:\/\/www.bagnoitalia.com\/de\/wp-json\/wp\/v2\/product"}],"about":[{"href":"https:\/\/www.bagnoitalia.com\/de\/wp-json\/wp\/v2\/types\/product"}],"replies":[{"embeddable":true,"href":"https:\/\/www.bagnoitalia.com\/de\/wp-json\/wp\/v2\/comments?post=82145"}],"version-history":[{"count":1,"href":"https:\/\/www.bagnoitalia.com\/de\/wp-json\/wp\/v2\/product\/82145\/revisions"}],"predecessor-version":[{"id":89271,"href":"https:\/\/www.bagnoitalia.com\/de\/wp-json\/wp\/v2\/product\/82145\/revisions\/89271"}],"wp:featuredmedia":[{"embeddable":true,"href":"https:\/\/www.bagnoitalia.com\/de\/wp-json\/wp\/v2\/media\/53068"}],"wp:attachment":[{"href":"https:\/\/www.bagnoitalia.com\/de\/wp-json\/wp\/v2\/media?parent=82145"}],"wp:term":[{"taxonomy":"product_brand","embeddable":true,"href":"https:\/\/www.bagnoitalia.com\/de\/wp-json\/wp\/v2\/product_brand?post=82145"},{"taxonomy":"product_cat","embeddable":true,"href":"https:\/\/www.bagnoitalia.com\/de\/wp-json\/wp\/v2\/product_cat?post=82145"},{"taxonomy":"product_tag","embeddable":true,"href":"https:\/\/www.bagnoitalia.com\/de\/wp-json\/wp\/v2\/product_tag?post=82145"}],"curies":[{"name":"wp","href":"https:\/\/api.w.org\/{rel}","templated":true}]}}