{"id":82125,"date":"2022-03-30T07:47:46","date_gmt":"2022-03-30T05:47:46","guid":{"rendered":"https:\/\/www.bagnoitalia.com\/product\/ultraflache-duschwanne-aus-marmorharz-erhaltlich-in-verschiedenen-farben-und-grosen-auch-reduzierbar-pa030"},"modified":"2025-05-22T12:25:24","modified_gmt":"2025-05-22T10:25:24","slug":"ultraflache-duschwanne-aus-marmorharz-erhaltlich-in-verschiedenen-farben-und-grosen-auch-reduzierbar-pa030","status":"publish","type":"product","link":"https:\/\/www.bagnoitalia.com\/de\/produkt\/ultraflache-duschwanne-aus-marmorharz-erhaltlich-in-verschiedenen-farben-und-grosen-auch-reduzierbar-pa030.html","title":{"rendered":"Ultraflache Duschwanne aus Marmorharz, erh\u00e4ltlich in verschiedenen Farben und Gr\u00f6\u00dfen, auch reduzierbar PA030"},"content":{"rendered":"<p><span style=\"color: #000000;\">Marmorharz-Duschwanne in folgenden Farben erh\u00e4ltlich: Wei\u00df, Creme, Hellgrau, Anthrazit, Schwarz, Schokolade, Mokka und Sand. Jede dieser Ausf\u00fchrungen, die auf den Fotos zu sehen sind, ist sorgf\u00e4ltig ausgef\u00fchrt und hat eine unvergleichliche suggestive und \u00e4sthetische Wirkung.<\/span><\/p>\n<p><span style=\"color: #000000;\">Der Ablauf ist im Preis inbegriffen und wird mit einem Gitter in der gleichen Farbe wie die Platte und mit einer \u00e4u\u00dferen Stahlkante geliefert.<br \/>\n<\/span><\/p>\n<p><span style=\"color: #000000;\"><span style=\"color: #ff0000;\"><strong><span style=\"font-size: 18pt;\">DUSCHWANNE PA030<\/span><\/strong><\/span><br \/>\n<\/span><\/p>\n<p><span style=\"color: #000000;\">Auf Bestellung gefertigtes Produkt: F\u00fcr dieses Produkt ist das Widerrufsrecht nicht anwendbar<\/span><\/p>\n<p><span style=\"color: #000000;\">Die Duschwannen aus Marmorharz unterscheiden sich aus vielen Gr\u00fcnden von herk\u00f6mmlichen Duschwannen:<\/span><\/p>\n<p><span style=\"color: #000000;\">&#8211; Es ist m\u00f6glich, <strong><strong>sie<\/strong><\/strong> <strong><strong>zu<\/strong><\/strong> <strong>kleben<\/strong> , daher k\u00f6nnen sie <strong><strong>nach Ma\u00df<\/strong><\/strong> gefertigt werden<\/span><\/p>\n<p><span style=\"color: #000000;\">&#8211; Die Oberfl\u00e4che hat einen rauen &#8222;Stein-Effekt&#8220; bei Ber\u00fchrung, was sie <strong><strong>rutschfest<\/strong><\/strong> und damit sicherer macht<\/span><\/p>\n<p><span style=\"color: #000000;\">&#8211; Sie sind <strong><strong>kratzfest und antibakteriell<\/strong><\/strong><\/span><\/p>\n<p><span style=\"color: #000000;\">&#8211; Sie sind auf allen Seiten <strong><strong>fertig<\/strong><\/strong> (so dass sie reversibel sind)<\/span><\/p>\n<p>&nbsp;<\/p>\n<p style=\"margin-top: 0cm; margin-right: 0cm; margin-bottom: 0.0001pt; background-image: initial; background-position: initial; background-repeat: initial; background-attachment: initial; vertical-align: baseline;\"><span style=\"color: #000000;\"><strong><span style=\"font-family: Arial, sans-serif;\">Eigenschaften:<\/span><\/strong><\/span><\/p>\n<ul>\n<li><span style=\"font-family: Arial, sans-serif; color: #000000;\">Material: <strong>Marmorharz<\/strong> mit <strong>marinem Gelcoat-<\/strong> Finish<\/span><\/li>\n<\/ul>\n<ul>\n<li><span style=\"font-family: Arial, sans-serif; color: #000000;\">Ultrad\u00fcnn, mit einer Dicke von <strong>3 cm<\/strong><\/span><\/li>\n<\/ul>\n<ul>\n<li><span style=\"font-family: Arial, sans-serif; color: #000000;\">Ablauf mit Rost in der gleichen Farbe wie die Duschtasse und Au\u00dfenrand aus Stahl<br \/>\n<\/span><\/li>\n<\/ul>\n<ul>\n<li><span style=\"color: #000000;\"><span style=\"text-decoration: underline;\"><span style=\"font-family: Arial, sans-serif;\">Gr\u00f6\u00dfenver\u00e4nderbar<\/span><\/span> <span style=\"font-family: Arial, sans-serif;\">vor Ort mit Diamantscheibe<\/span><\/span><\/li>\n<\/ul>\n<ul>\n<li><span style=\"font-family: Arial, sans-serif; color: #000000;\">Sie haben eine <span style=\"text-decoration: underline;\">leichte<\/span> <span style=\"text-decoration: underline;\">Neigung<\/span> , um das Abflie\u00dfen von Wasser zu erleichtern.<\/span><\/li>\n<\/ul>\n<ul>\n<li><span style=\"line-height: 107%; font-family: Arial, sans-serif; color: #000000;\">Schnell und einfach zu reinigen<\/span><\/li>\n<li><span style=\"line-height: 107%; font-family: Arial, sans-serif; color: #000000;\">Einbaum\u00f6glichkeit sogar bodenb\u00fcndig<br \/>\n<\/span><\/li>\n<\/ul>\n<p>&nbsp;<\/p>\n<p>&nbsp;<\/p>\n<p>&nbsp;<\/p>\n","protected":false},"excerpt":{"rendered":"<p>Duschwanne aus Harzmarmor in 8 Farben zur Auswahl und in vielen Gr\u00f6\u00dfen erh\u00e4ltlich (auch reduzierbar). Abfluss mit passendem Rost im Preis inbegriffen.<\/p>\n","protected":false},"featured_media":52856,"comment_status":"open","ping_status":"closed","template":"","meta":[],"product_brand":[],"product_cat":[9756],"product_tag":[],"class_list":{"0":"post-82125","1":"product","2":"type-product","3":"status-publish","4":"has-post-thumbnail","6":"product_cat-duschwannen","8":"first","9":"instock","10":"sale","11":"taxable","12":"shipping-taxable","13":"purchasable","14":"product-type-simple"},"exclude_global_add_ons":false,"addons":[{"name":"Abmessungen","type":"multiple_choice","position":0,"required":true,"title_format":"heading","default":"","description_enable":false,"description":"","placeholder_enable":false,"placeholder":"","display":"select","restrictions_type":"any_text","adjust_price":false,"price":"","price_type":"flat_fee","restrictions":false,"min":"0","max":"0","options":[{"label":"70x70","price":"","price_type":"quantity_based","image":0,"visibility":true},{"label":"70x80","price":"3.4","price_type":"quantity_based","image":0,"visibility":true},{"label":"70x90","price":"11.5","price_type":"quantity_based","image":0,"visibility":true},{"label":"70x100","price":"","price_type":"quantity_based","image":0,"visibility":true},{"label":"70x110","price":"29.32","price_type":"quantity_based","image":0,"visibility":true},{"label":"70x120","price":"30.94","price_type":"quantity_based","image":0,"visibility":true},{"label":"70x130","price":"47.14","price_type":"quantity_based","image":0,"visibility":true},{"label":"70x140","price":"48.76","price_type":"quantity_based","image":0,"visibility":true},{"label":"70x150","price":"64.96","price_type":"quantity_based","image":0,"visibility":true},{"label":"70x160","price":"76.3","price_type":"quantity_based","image":0,"visibility":true},{"label":"70x170","price":"94.12","price_type":"quantity_based","image":0,"visibility":true},{"label":"70x180","price":"95.74","price_type":"quantity_based","image":0,"visibility":true},{"label":"70x190","price":"129.76","price_type":"quantity_based","image":0,"visibility":true},{"label":"70x200","price":"136.24","price_type":"quantity_based","image":0,"visibility":true},{"label":"75x75","price":"5.02","price_type":"quantity_based","image":0,"visibility":true},{"label":"75x80","price":"5.02","price_type":"quantity_based","image":0,"visibility":true},{"label":"75x90","price":"","price_type":"quantity_based","image":0,"visibility":true},{"label":"75x100","price":"27.7","price_type":"quantity_based","image":0,"visibility":true},{"label":"75x110","price":"39.04","price_type":"quantity_based","image":0,"visibility":true},{"label":"75x120","price":"40.66","price_type":"quantity_based","image":0,"visibility":true},{"label":"75x130","price":"53.62","price_type":"quantity_based","image":0,"visibility":true},{"label":"75x140","price":"55.24","price_type":"quantity_based","image":0,"visibility":true},{"label":"75x150","price":"73.06","price_type":"quantity_based","image":0,"visibility":true},{"label":"75x160","price":"94.12","price_type":"quantity_based","image":0,"visibility":true},{"label":"75x170","price":"95.74","price_type":"quantity_based","image":0,"visibility":true},{"label":"75x180","price":"102.22","price_type":"quantity_based","image":0,"visibility":true},{"label":"75x190","price":"129.76","price_type":"quantity_based","image":0,"visibility":true},{"label":"75x200","price":"136.24","price_type":"quantity_based","image":0,"visibility":true},{"label":"80x80","price":"5.02","price_type":"quantity_based","image":0,"visibility":true},{"label":"80x90","price":"","price_type":"quantity_based","image":0,"visibility":true},{"label":"80x100","price":"27.7","price_type":"quantity_based","image":0,"visibility":true},{"label":"80x110","price":"39.04","price_type":"quantity_based","image":0,"visibility":true},{"label":"80x120","price":"40.66","price_type":"quantity_based","image":0,"visibility":true},{"label":"80x130","price":"53.62","price_type":"quantity_based","image":0,"visibility":true},{"label":"80x140","price":"55.24","price_type":"quantity_based","image":0,"visibility":true},{"label":"80x150","price":"73.06","price_type":"quantity_based","image":0,"visibility":true},{"label":"80x160","price":"94.12","price_type":"quantity_based","image":0,"visibility":true},{"label":"80x170","price":"95.74","price_type":"quantity_based","image":0,"visibility":true},{"label":"80x180","price":"102.22","price_type":"quantity_based","image":0,"visibility":true},{"label":"80x190","price":"129.76","price_type":"quantity_based","image":0,"visibility":true},{"label":"80x200","price":"136.24","price_type":"quantity_based","image":0,"visibility":true},{"label":"90x90","price":"22.84","price_type":"quantity_based","image":0,"visibility":true},{"label":"90x100","price":"45.52","price_type":"quantity_based","image":0,"visibility":true},{"label":"90x110","price":"63.34","price_type":"quantity_based","image":0,"visibility":true},{"label":"90x120","price":"64.96","price_type":"quantity_based","image":0,"visibility":true},{"label":"90x130","price":"97.36","price_type":"quantity_based","image":0,"visibility":true},{"label":"90x140","price":"102.22","price_type":"quantity_based","image":0,"visibility":true},{"label":"90x150","price":"113.56","price_type":"quantity_based","image":0,"visibility":true},{"label":"90x160","price":"128.14","price_type":"quantity_based","image":0,"visibility":true},{"label":"90x170","price":"154.06","price_type":"quantity_based","image":0,"visibility":true},{"label":"90x180","price":"158.92","price_type":"quantity_based","image":0,"visibility":true},{"label":"90x190","price":"191.32","price_type":"quantity_based","image":0,"visibility":true},{"label":"90x200","price":"191.32","price_type":"quantity_based","image":0,"visibility":true},{"label":"100x100","price":"52","price_type":"quantity_based","image":0,"visibility":true},{"label":"100x110","price":"81.16","price_type":"quantity_based","image":0,"visibility":true},{"label":"100x120","price":"86.02","price_type":"quantity_based","image":0,"visibility":true},{"label":"100x130","price":"118.42","price_type":"quantity_based","image":0,"visibility":true},{"label":"100x140","price":"120.04","price_type":"quantity_based","image":0,"visibility":true},{"label":"100x150","price":"137.86","price_type":"quantity_based","image":0,"visibility":true},{"label":"100x160","price":"150.82","price_type":"quantity_based","image":0,"visibility":true},{"label":"100x170","price":"160.54","price_type":"quantity_based","image":0,"visibility":true},{"label":"100x180","price":"178.36","price_type":"quantity_based","image":0,"visibility":true},{"label":"100x190","price":"202.66","price_type":"quantity_based","image":0,"visibility":true}],"id":1717431208},{"name":"Farbe","type":"multiple_choice","position":1,"required":true,"title_format":"heading","default":"","description_enable":false,"description":"","placeholder_enable":false,"placeholder":"","display":"select","restrictions_type":"any_text","adjust_price":false,"price":"","price_type":"flat_fee","restrictions":false,"min":"0","max":"0","options":[{"label":"Wei\u00df","price":"","price_type":"quantity_based","image":0,"visibility":true},{"label":"hellgrau","price":"","price_type":"quantity_based","image":0,"visibility":true},{"label":"schokoladenfarben","price":"","price_type":"quantity_based","image":0,"visibility":true},{"label":"sandfarben","price":"","price_type":"quantity_based","image":0,"visibility":true},{"label":"Creme","price":"","price_type":"quantity_based","image":0,"visibility":true},{"label":"Mokka","price":"","price_type":"quantity_based","image":0,"visibility":true},{"label":"Anthrazit","price":"","price_type":"quantity_based","image":0,"visibility":true},{"label":"Schwarz","price":"","price_type":"quantity_based","image":0,"visibility":true}],"id":1717431209}],"yoast_head":"<!-- This site is optimized with the Yoast SEO plugin v26.7 - https:\/\/yoast.com\/wordpress\/plugins\/seo\/ -->\n<title>Ultraflache Duschwanne aus Marmorharz, erh\u00e4ltlich in verschiedenen Farben und Gr\u00f6\u00dfen, auch reduzierbar PA030<\/title>\n<meta name=\"description\" content=\"Duschwanne aus Harzmarmor in 8 Farben zur Auswahl und in vielen Gr\u00f6\u00dfen erh\u00e4ltlich (auch reduzierbar). Ablauf mit Stahlgitter im Preis inbegriffen.\" \/>\n<meta name=\"robots\" content=\"index, follow, max-snippet:-1, max-image-preview:large, max-video-preview:-1\" \/>\n<link rel=\"canonical\" href=\"https:\/\/www.bagnoitalia.com\/de\/produkt\/ultraflache-duschwanne-aus-marmorharz-erhaltlich-in-verschiedenen-farben-und-grosen-auch-reduzierbar-pa030.html\" \/>\n<meta property=\"og:locale\" content=\"de_DE\" \/>\n<meta property=\"og:type\" content=\"article\" \/>\n<meta property=\"og:title\" content=\"Ultraflache Duschwanne aus Marmorharz, erh\u00e4ltlich in verschiedenen Farben und Gr\u00f6\u00dfen, auch reduzierbar PA030\" \/>\n<meta property=\"og:description\" content=\"Duschwanne aus Harzmarmor in 8 Farben zur Auswahl und in vielen Gr\u00f6\u00dfen erh\u00e4ltlich (auch reduzierbar). Ablauf mit Stahlgitter im Preis inbegriffen.\" \/>\n<meta property=\"og:url\" content=\"https:\/\/www.bagnoitalia.com\/de\/produkt\/ultraflache-duschwanne-aus-marmorharz-erhaltlich-in-verschiedenen-farben-und-grosen-auch-reduzierbar-pa030.html\" \/>\n<meta property=\"og:site_name\" content=\"Bagno Italia\" \/>\n<meta property=\"article:modified_time\" content=\"2025-05-22T10:25:24+00:00\" \/>\n<meta property=\"og:image\" content=\"https:\/\/img.bagnoitalia.com\/wp-content\/uploads\/virtuemart\/product\/P1A-0948_1.jpg\" \/>\n\t<meta property=\"og:image:width\" content=\"550\" \/>\n\t<meta property=\"og:image:height\" content=\"550\" \/>\n\t<meta property=\"og:image:type\" content=\"image\/jpeg\" \/>\n<meta name=\"twitter:card\" content=\"summary_large_image\" \/>\n<meta name=\"twitter:label1\" content=\"Gesch\u00e4tzte Lesezeit\" \/>\n\t<meta name=\"twitter:data1\" content=\"2\u00a0Minuten\" \/>\n<script type=\"application\/ld+json\" class=\"yoast-schema-graph\">{\"@context\":\"https:\/\/schema.org\",\"@graph\":[{\"@type\":\"WebPage\",\"@id\":\"https:\/\/www.bagnoitalia.com\/de\/produkt\/ultraflache-duschwanne-aus-marmorharz-erhaltlich-in-verschiedenen-farben-und-grosen-auch-reduzierbar-pa030.html\",\"url\":\"https:\/\/www.bagnoitalia.com\/de\/produkt\/ultraflache-duschwanne-aus-marmorharz-erhaltlich-in-verschiedenen-farben-und-grosen-auch-reduzierbar-pa030.html\",\"name\":\"Ultraflache Duschwanne aus Marmorharz, erh\u00e4ltlich in verschiedenen Farben und Gr\u00f6\u00dfen, auch reduzierbar PA030\",\"isPartOf\":{\"@id\":\"https:\/\/www.bagnoitalia.com\/de#website\"},\"primaryImageOfPage\":{\"@id\":\"https:\/\/www.bagnoitalia.com\/de\/produkt\/ultraflache-duschwanne-aus-marmorharz-erhaltlich-in-verschiedenen-farben-und-grosen-auch-reduzierbar-pa030.html#primaryimage\"},\"image\":{\"@id\":\"https:\/\/www.bagnoitalia.com\/de\/produkt\/ultraflache-duschwanne-aus-marmorharz-erhaltlich-in-verschiedenen-farben-und-grosen-auch-reduzierbar-pa030.html#primaryimage\"},\"thumbnailUrl\":\"https:\/\/img.bagnoitalia.com\/wp-content\/uploads\/virtuemart\/product\/P1A-0948_1.jpg\",\"datePublished\":\"2022-03-30T05:47:46+00:00\",\"dateModified\":\"2025-05-22T10:25:24+00:00\",\"description\":\"Duschwanne aus Harzmarmor in 8 Farben zur Auswahl und in vielen Gr\u00f6\u00dfen erh\u00e4ltlich (auch reduzierbar). Ablauf mit Stahlgitter im Preis inbegriffen.\",\"breadcrumb\":{\"@id\":\"https:\/\/www.bagnoitalia.com\/de\/produkt\/ultraflache-duschwanne-aus-marmorharz-erhaltlich-in-verschiedenen-farben-und-grosen-auch-reduzierbar-pa030.html#breadcrumb\"},\"inLanguage\":\"de\",\"potentialAction\":[{\"@type\":\"ReadAction\",\"target\":[\"https:\/\/www.bagnoitalia.com\/de\/produkt\/ultraflache-duschwanne-aus-marmorharz-erhaltlich-in-verschiedenen-farben-und-grosen-auch-reduzierbar-pa030.html\"]}]},{\"@type\":\"ImageObject\",\"inLanguage\":\"de\",\"@id\":\"https:\/\/www.bagnoitalia.com\/de\/produkt\/ultraflache-duschwanne-aus-marmorharz-erhaltlich-in-verschiedenen-farben-und-grosen-auch-reduzierbar-pa030.html#primaryimage\",\"url\":\"https:\/\/img.bagnoitalia.com\/wp-content\/uploads\/virtuemart\/product\/P1A-0948_1.jpg\",\"contentUrl\":\"https:\/\/img.bagnoitalia.com\/wp-content\/uploads\/virtuemart\/product\/P1A-0948_1.jpg\",\"width\":550,\"height\":550},{\"@type\":\"BreadcrumbList\",\"@id\":\"https:\/\/www.bagnoitalia.com\/de\/produkt\/ultraflache-duschwanne-aus-marmorharz-erhaltlich-in-verschiedenen-farben-und-grosen-auch-reduzierbar-pa030.html#breadcrumb\",\"itemListElement\":[{\"@type\":\"ListItem\",\"position\":1,\"name\":\"Home\",\"item\":\"https:\/\/www.bagnoitalia.com\/de\"},{\"@type\":\"ListItem\",\"position\":2,\"name\":\"Produkte\",\"item\":\"https:\/\/www.bagnoitalia.com\/de\/shop\"},{\"@type\":\"ListItem\",\"position\":3,\"name\":\"Ultraflache Duschwanne aus Marmorharz, erh\u00e4ltlich in verschiedenen Farben und Gr\u00f6\u00dfen, auch reduzierbar PA030\"}]},{\"@type\":\"WebSite\",\"@id\":\"https:\/\/www.bagnoitalia.com\/de#website\",\"url\":\"https:\/\/www.bagnoitalia.com\/de\",\"name\":\"Bagno Italia\",\"description\":\"\",\"publisher\":{\"@id\":\"https:\/\/www.bagnoitalia.com\/de#organization\"},\"potentialAction\":[{\"@type\":\"SearchAction\",\"target\":{\"@type\":\"EntryPoint\",\"urlTemplate\":\"https:\/\/www.bagnoitalia.com\/de?s={search_term_string}\"},\"query-input\":{\"@type\":\"PropertyValueSpecification\",\"valueRequired\":true,\"valueName\":\"search_term_string\"}}],\"inLanguage\":\"de\"},{\"@type\":\"Organization\",\"@id\":\"https:\/\/www.bagnoitalia.com\/de#organization\",\"name\":\"Bagno Italia\",\"url\":\"https:\/\/www.bagnoitalia.com\/de\",\"logo\":{\"@type\":\"ImageObject\",\"inLanguage\":\"de\",\"@id\":\"https:\/\/www.bagnoitalia.com\/de#\/schema\/logo\/image\/\",\"url\":\"https:\/\/img.bagnoitalia.com\/wp-content\/uploads\/logo-bagnoitalia.webp\",\"contentUrl\":\"https:\/\/img.bagnoitalia.com\/wp-content\/uploads\/logo-bagnoitalia.webp\",\"width\":400,\"height\":70,\"caption\":\"Bagno Italia\"},\"image\":{\"@id\":\"https:\/\/www.bagnoitalia.com\/de#\/schema\/logo\/image\/\"}}]}<\/script>\n<!-- \/ Yoast SEO plugin. -->","yoast_head_json":{"title":"Ultraflache Duschwanne aus Marmorharz, erh\u00e4ltlich in verschiedenen Farben und Gr\u00f6\u00dfen, auch reduzierbar PA030","description":"Duschwanne aus Harzmarmor in 8 Farben zur Auswahl und in vielen Gr\u00f6\u00dfen erh\u00e4ltlich (auch reduzierbar). Ablauf mit Stahlgitter im Preis inbegriffen.","robots":{"index":"index","follow":"follow","max-snippet":"max-snippet:-1","max-image-preview":"max-image-preview:large","max-video-preview":"max-video-preview:-1"},"canonical":"https:\/\/www.bagnoitalia.com\/de\/produkt\/ultraflache-duschwanne-aus-marmorharz-erhaltlich-in-verschiedenen-farben-und-grosen-auch-reduzierbar-pa030.html","og_locale":"de_DE","og_type":"article","og_title":"Ultraflache Duschwanne aus Marmorharz, erh\u00e4ltlich in verschiedenen Farben und Gr\u00f6\u00dfen, auch reduzierbar PA030","og_description":"Duschwanne aus Harzmarmor in 8 Farben zur Auswahl und in vielen Gr\u00f6\u00dfen erh\u00e4ltlich (auch reduzierbar). Ablauf mit Stahlgitter im Preis inbegriffen.","og_url":"https:\/\/www.bagnoitalia.com\/de\/produkt\/ultraflache-duschwanne-aus-marmorharz-erhaltlich-in-verschiedenen-farben-und-grosen-auch-reduzierbar-pa030.html","og_site_name":"Bagno Italia","article_modified_time":"2025-05-22T10:25:24+00:00","og_image":[{"width":550,"height":550,"url":"https:\/\/img.bagnoitalia.com\/wp-content\/uploads\/virtuemart\/product\/P1A-0948_1.jpg","type":"image\/jpeg"}],"twitter_card":"summary_large_image","twitter_misc":{"Gesch\u00e4tzte Lesezeit":"2\u00a0Minuten"},"schema":{"@context":"https:\/\/schema.org","@graph":[{"@type":"WebPage","@id":"https:\/\/www.bagnoitalia.com\/de\/produkt\/ultraflache-duschwanne-aus-marmorharz-erhaltlich-in-verschiedenen-farben-und-grosen-auch-reduzierbar-pa030.html","url":"https:\/\/www.bagnoitalia.com\/de\/produkt\/ultraflache-duschwanne-aus-marmorharz-erhaltlich-in-verschiedenen-farben-und-grosen-auch-reduzierbar-pa030.html","name":"Ultraflache Duschwanne aus Marmorharz, erh\u00e4ltlich in verschiedenen Farben und Gr\u00f6\u00dfen, auch reduzierbar PA030","isPartOf":{"@id":"https:\/\/www.bagnoitalia.com\/de#website"},"primaryImageOfPage":{"@id":"https:\/\/www.bagnoitalia.com\/de\/produkt\/ultraflache-duschwanne-aus-marmorharz-erhaltlich-in-verschiedenen-farben-und-grosen-auch-reduzierbar-pa030.html#primaryimage"},"image":{"@id":"https:\/\/www.bagnoitalia.com\/de\/produkt\/ultraflache-duschwanne-aus-marmorharz-erhaltlich-in-verschiedenen-farben-und-grosen-auch-reduzierbar-pa030.html#primaryimage"},"thumbnailUrl":"https:\/\/img.bagnoitalia.com\/wp-content\/uploads\/virtuemart\/product\/P1A-0948_1.jpg","datePublished":"2022-03-30T05:47:46+00:00","dateModified":"2025-05-22T10:25:24+00:00","description":"Duschwanne aus Harzmarmor in 8 Farben zur Auswahl und in vielen Gr\u00f6\u00dfen erh\u00e4ltlich (auch reduzierbar). Ablauf mit Stahlgitter im Preis inbegriffen.","breadcrumb":{"@id":"https:\/\/www.bagnoitalia.com\/de\/produkt\/ultraflache-duschwanne-aus-marmorharz-erhaltlich-in-verschiedenen-farben-und-grosen-auch-reduzierbar-pa030.html#breadcrumb"},"inLanguage":"de","potentialAction":[{"@type":"ReadAction","target":["https:\/\/www.bagnoitalia.com\/de\/produkt\/ultraflache-duschwanne-aus-marmorharz-erhaltlich-in-verschiedenen-farben-und-grosen-auch-reduzierbar-pa030.html"]}]},{"@type":"ImageObject","inLanguage":"de","@id":"https:\/\/www.bagnoitalia.com\/de\/produkt\/ultraflache-duschwanne-aus-marmorharz-erhaltlich-in-verschiedenen-farben-und-grosen-auch-reduzierbar-pa030.html#primaryimage","url":"https:\/\/img.bagnoitalia.com\/wp-content\/uploads\/virtuemart\/product\/P1A-0948_1.jpg","contentUrl":"https:\/\/img.bagnoitalia.com\/wp-content\/uploads\/virtuemart\/product\/P1A-0948_1.jpg","width":550,"height":550},{"@type":"BreadcrumbList","@id":"https:\/\/www.bagnoitalia.com\/de\/produkt\/ultraflache-duschwanne-aus-marmorharz-erhaltlich-in-verschiedenen-farben-und-grosen-auch-reduzierbar-pa030.html#breadcrumb","itemListElement":[{"@type":"ListItem","position":1,"name":"Home","item":"https:\/\/www.bagnoitalia.com\/de"},{"@type":"ListItem","position":2,"name":"Produkte","item":"https:\/\/www.bagnoitalia.com\/de\/shop"},{"@type":"ListItem","position":3,"name":"Ultraflache Duschwanne aus Marmorharz, erh\u00e4ltlich in verschiedenen Farben und Gr\u00f6\u00dfen, auch reduzierbar PA030"}]},{"@type":"WebSite","@id":"https:\/\/www.bagnoitalia.com\/de#website","url":"https:\/\/www.bagnoitalia.com\/de","name":"Bagno Italia","description":"","publisher":{"@id":"https:\/\/www.bagnoitalia.com\/de#organization"},"potentialAction":[{"@type":"SearchAction","target":{"@type":"EntryPoint","urlTemplate":"https:\/\/www.bagnoitalia.com\/de?s={search_term_string}"},"query-input":{"@type":"PropertyValueSpecification","valueRequired":true,"valueName":"search_term_string"}}],"inLanguage":"de"},{"@type":"Organization","@id":"https:\/\/www.bagnoitalia.com\/de#organization","name":"Bagno Italia","url":"https:\/\/www.bagnoitalia.com\/de","logo":{"@type":"ImageObject","inLanguage":"de","@id":"https:\/\/www.bagnoitalia.com\/de#\/schema\/logo\/image\/","url":"https:\/\/img.bagnoitalia.com\/wp-content\/uploads\/logo-bagnoitalia.webp","contentUrl":"https:\/\/img.bagnoitalia.com\/wp-content\/uploads\/logo-bagnoitalia.webp","width":400,"height":70,"caption":"Bagno Italia"},"image":{"@id":"https:\/\/www.bagnoitalia.com\/de#\/schema\/logo\/image\/"}}]}},"_links":{"self":[{"href":"https:\/\/www.bagnoitalia.com\/de\/wp-json\/wp\/v2\/product\/82125","targetHints":{"allow":["GET"]}}],"collection":[{"href":"https:\/\/www.bagnoitalia.com\/de\/wp-json\/wp\/v2\/product"}],"about":[{"href":"https:\/\/www.bagnoitalia.com\/de\/wp-json\/wp\/v2\/types\/product"}],"replies":[{"embeddable":true,"href":"https:\/\/www.bagnoitalia.com\/de\/wp-json\/wp\/v2\/comments?post=82125"}],"version-history":[{"count":3,"href":"https:\/\/www.bagnoitalia.com\/de\/wp-json\/wp\/v2\/product\/82125\/revisions"}],"predecessor-version":[{"id":107976,"href":"https:\/\/www.bagnoitalia.com\/de\/wp-json\/wp\/v2\/product\/82125\/revisions\/107976"}],"wp:featuredmedia":[{"embeddable":true,"href":"https:\/\/www.bagnoitalia.com\/de\/wp-json\/wp\/v2\/media\/52856"}],"wp:attachment":[{"href":"https:\/\/www.bagnoitalia.com\/de\/wp-json\/wp\/v2\/media?parent=82125"}],"wp:term":[{"taxonomy":"product_brand","embeddable":true,"href":"https:\/\/www.bagnoitalia.com\/de\/wp-json\/wp\/v2\/product_brand?post=82125"},{"taxonomy":"product_cat","embeddable":true,"href":"https:\/\/www.bagnoitalia.com\/de\/wp-json\/wp\/v2\/product_cat?post=82125"},{"taxonomy":"product_tag","embeddable":true,"href":"https:\/\/www.bagnoitalia.com\/de\/wp-json\/wp\/v2\/product_tag?post=82125"}],"curies":[{"name":"wp","href":"https:\/\/api.w.org\/{rel}","templated":true}]}}