{"id":82081,"date":"2022-03-30T07:47:46","date_gmt":"2022-03-30T05:47:46","guid":{"rendered":"https:\/\/www.bagnoitalia.com\/product\/rundes-aufsatzwaschbecken-aus-cremefarbenem-oder-grauem-marmorstein-35-cm-lav51"},"modified":"2024-09-19T16:36:09","modified_gmt":"2024-09-19T14:36:09","slug":"rundes-aufsatzwaschbecken-aus-cremefarbenem-oder-grauem-marmorstein-35-cm-lav51","status":"publish","type":"product","link":"https:\/\/www.bagnoitalia.com\/de\/produkt\/rundes-aufsatzwaschbecken-aus-cremefarbenem-oder-grauem-marmorstein-35-cm-lav51.html","title":{"rendered":"Rundes Aufsatzwaschbecken aus cremefarbenem oder grauem Marmorstein 35 cm LAV51"},"content":{"rendered":"<p><strong><span style=\"font-size: 12pt;\"><span style=\"font-size: 14pt;\">RUNDES WASCHBECKEN AUS MARMOR LAV51<\/span><br \/>\n<\/span><\/strong><\/p>\n<p>Rundes Waschbecken aus nat\u00fcrlichem Marmorstein handgefertigt; <span style=\"text-decoration: underline;\">Jedes St\u00fcck kann geringf\u00fcgige Unterschiede in Form, Gr\u00f6\u00dfe und Farbton aufweisen.<\/span><\/p>\n<p><span style=\"text-decoration: underline;\"><strong>EIGENSCHAFTEN<\/strong><\/span> <span style=\"text-decoration: underline; font-size: 12pt;\"><strong>:<\/strong><\/span><\/p>\n<p>Da es sich um ein handgefertigtes Produkt handelt, k\u00f6nnen die Au\u00dfenma\u00dfe um +\/- 2 cm in der Breite und +\/- 1 cm in der H\u00f6he variieren<\/p>\n<p>35cm Durchmesser<\/p>\n<p>Au\u00dfenh\u00f6he 16 cm (innen 12 cm)<\/p>\n<p>1cm Rand<\/p>\n<p>halbgl\u00e4nzendes Finish<\/p>\n<p>Verf\u00fcgbare Farben: Creme oder Grau<\/p>\n<p>Installation: Arbeitsplatte<\/p>\n<p>Wasserh\u00e4hne nicht enthalten, Ablauf aus dem Dropdown-Men\u00fc w\u00e4hlbar<\/p>\n<p>ACHTUNG: Vermeiden Sie die Verwendung von aggressiven Produkten zur Reinigung des Waschbeckens; Die Verwendung von Produkten, die f\u00fcr die Behandlung von Naturstein \/ Marmor geeignet sind, wird empfohlen<\/p>\n<p>Das Waschbecken hat kein \u00dcberlaufloch oder Hahnloch<\/p>\n<p>LAP38C<\/p>\n<p>LAP38GC<\/p>\n","protected":false},"excerpt":{"rendered":"<p>Handgefertigtes Waschbecken aus nat\u00fcrlichem Marmorstein mit halbgl\u00e4nzender Oberfl\u00e4che, erh\u00e4ltlich in zwei Farben: Creme oder Grau. 35cm Durchmesser.<\/p>\n","protected":false},"featured_media":52296,"comment_status":"open","ping_status":"closed","template":"","meta":[],"product_brand":[5006],"product_cat":[9700],"product_tag":[],"class_list":{"0":"post-82081","1":"product","2":"type-product","3":"status-publish","4":"has-post-thumbnail","6":"product_brand-deghi","7":"product_cat-aufsatzwaschbecken","9":"first","10":"instock","11":"sale","12":"taxable","13":"shipping-taxable","14":"purchasable","15":"product-type-simple"},"exclude_global_add_ons":false,"addons":[{"name":"Farbe","type":"multiple_choice","position":0,"required":true,"title_format":"heading","default":"","description_enable":false,"description":"","placeholder_enable":false,"placeholder":"","display":"select","restrictions_type":"any_text","adjust_price":false,"price":"","price_type":"flat_fee","restrictions":false,"min":"0","max":"0","options":[{"label":"Nicht verf\u00fcgbar - Creme","price":"","price_type":"quantity_based","image":0,"visibility":true},{"label":"hellgrau","price":"10","price_type":"quantity_based","image":0,"visibility":true}],"id":1717603905},{"name":"Abfluss","type":"multiple_choice","position":1,"required":true,"title_format":"heading","default":"","description_enable":false,"description":"","placeholder_enable":false,"placeholder":"","display":"select","restrictions_type":"any_text","adjust_price":false,"price":"","price_type":"flat_fee","restrictions":false,"min":"0","max":"0","options":[{"label":"nein","price":"","price_type":"quantity_based","image":0,"visibility":true},{"label":"automatischer verchromter Abfluss","price":"15","price_type":"quantity_based","image":0,"visibility":true}],"id":1717603906}],"yoast_head":"<!-- This site is optimized with the Yoast SEO plugin v26.7 - https:\/\/yoast.com\/wordpress\/plugins\/seo\/ -->\n<title>Rundes Aufsatzwaschbecken aus cremefarbenem oder grauem Marmorstein 35 cm LAV51<\/title>\n<meta name=\"description\" content=\"Handgefertigtes Waschbecken aus nat\u00fcrlichem Marmorstein mit halbgl\u00e4nzender Oberfl\u00e4che, erh\u00e4ltlich in zwei Farben: Creme oder Grau. 35cm Durchmesser.\" \/>\n<meta name=\"robots\" content=\"index, follow, max-snippet:-1, max-image-preview:large, max-video-preview:-1\" \/>\n<link rel=\"canonical\" href=\"https:\/\/www.bagnoitalia.com\/de\/produkt\/rundes-aufsatzwaschbecken-aus-cremefarbenem-oder-grauem-marmorstein-35-cm-lav51.html\" \/>\n<meta property=\"og:locale\" content=\"de_DE\" \/>\n<meta property=\"og:type\" content=\"article\" \/>\n<meta property=\"og:title\" content=\"Rundes Aufsatzwaschbecken aus cremefarbenem oder grauem Marmorstein 35 cm LAV51\" \/>\n<meta property=\"og:description\" content=\"Handgefertigtes Waschbecken aus nat\u00fcrlichem Marmorstein mit halbgl\u00e4nzender Oberfl\u00e4che, erh\u00e4ltlich in zwei Farben: Creme oder Grau. 35cm Durchmesser.\" \/>\n<meta property=\"og:url\" content=\"https:\/\/www.bagnoitalia.com\/de\/produkt\/rundes-aufsatzwaschbecken-aus-cremefarbenem-oder-grauem-marmorstein-35-cm-lav51.html\" \/>\n<meta property=\"og:site_name\" content=\"Bagno Italia\" \/>\n<meta property=\"article:modified_time\" content=\"2024-09-19T14:36:09+00:00\" \/>\n<meta property=\"og:image\" content=\"https:\/\/img.bagnoitalia.com\/wp-content\/uploads\/virtuemart\/product\/lavabo-dappoggio-rotondo-35-cm-in-marmo-naturale-collage.jpg\" \/>\n\t<meta property=\"og:image:width\" content=\"550\" \/>\n\t<meta property=\"og:image:height\" content=\"550\" \/>\n\t<meta property=\"og:image:type\" content=\"image\/jpeg\" \/>\n<meta name=\"twitter:card\" content=\"summary_large_image\" \/>\n<meta name=\"twitter:label1\" content=\"Gesch\u00e4tzte Lesezeit\" \/>\n\t<meta name=\"twitter:data1\" content=\"1\u00a0Minute\" \/>\n<script type=\"application\/ld+json\" class=\"yoast-schema-graph\">{\"@context\":\"https:\/\/schema.org\",\"@graph\":[{\"@type\":\"WebPage\",\"@id\":\"https:\/\/www.bagnoitalia.com\/de\/produkt\/rundes-aufsatzwaschbecken-aus-cremefarbenem-oder-grauem-marmorstein-35-cm-lav51.html\",\"url\":\"https:\/\/www.bagnoitalia.com\/de\/produkt\/rundes-aufsatzwaschbecken-aus-cremefarbenem-oder-grauem-marmorstein-35-cm-lav51.html\",\"name\":\"Rundes Aufsatzwaschbecken aus cremefarbenem oder grauem Marmorstein 35 cm LAV51\",\"isPartOf\":{\"@id\":\"https:\/\/www.bagnoitalia.com\/de#website\"},\"primaryImageOfPage\":{\"@id\":\"https:\/\/www.bagnoitalia.com\/de\/produkt\/rundes-aufsatzwaschbecken-aus-cremefarbenem-oder-grauem-marmorstein-35-cm-lav51.html#primaryimage\"},\"image\":{\"@id\":\"https:\/\/www.bagnoitalia.com\/de\/produkt\/rundes-aufsatzwaschbecken-aus-cremefarbenem-oder-grauem-marmorstein-35-cm-lav51.html#primaryimage\"},\"thumbnailUrl\":\"https:\/\/img.bagnoitalia.com\/wp-content\/uploads\/virtuemart\/product\/lavabo-dappoggio-rotondo-35-cm-in-marmo-naturale-collage.jpg\",\"datePublished\":\"2022-03-30T05:47:46+00:00\",\"dateModified\":\"2024-09-19T14:36:09+00:00\",\"description\":\"Handgefertigtes Waschbecken aus nat\u00fcrlichem Marmorstein mit halbgl\u00e4nzender Oberfl\u00e4che, erh\u00e4ltlich in zwei Farben: Creme oder Grau. 35cm Durchmesser.\",\"breadcrumb\":{\"@id\":\"https:\/\/www.bagnoitalia.com\/de\/produkt\/rundes-aufsatzwaschbecken-aus-cremefarbenem-oder-grauem-marmorstein-35-cm-lav51.html#breadcrumb\"},\"inLanguage\":\"de\",\"potentialAction\":[{\"@type\":\"ReadAction\",\"target\":[\"https:\/\/www.bagnoitalia.com\/de\/produkt\/rundes-aufsatzwaschbecken-aus-cremefarbenem-oder-grauem-marmorstein-35-cm-lav51.html\"]}]},{\"@type\":\"ImageObject\",\"inLanguage\":\"de\",\"@id\":\"https:\/\/www.bagnoitalia.com\/de\/produkt\/rundes-aufsatzwaschbecken-aus-cremefarbenem-oder-grauem-marmorstein-35-cm-lav51.html#primaryimage\",\"url\":\"https:\/\/img.bagnoitalia.com\/wp-content\/uploads\/virtuemart\/product\/lavabo-dappoggio-rotondo-35-cm-in-marmo-naturale-collage.jpg\",\"contentUrl\":\"https:\/\/img.bagnoitalia.com\/wp-content\/uploads\/virtuemart\/product\/lavabo-dappoggio-rotondo-35-cm-in-marmo-naturale-collage.jpg\",\"width\":550,\"height\":550},{\"@type\":\"BreadcrumbList\",\"@id\":\"https:\/\/www.bagnoitalia.com\/de\/produkt\/rundes-aufsatzwaschbecken-aus-cremefarbenem-oder-grauem-marmorstein-35-cm-lav51.html#breadcrumb\",\"itemListElement\":[{\"@type\":\"ListItem\",\"position\":1,\"name\":\"Home\",\"item\":\"https:\/\/www.bagnoitalia.com\/de\"},{\"@type\":\"ListItem\",\"position\":2,\"name\":\"Produkte\",\"item\":\"https:\/\/www.bagnoitalia.com\/de\/shop\"},{\"@type\":\"ListItem\",\"position\":3,\"name\":\"Rundes Aufsatzwaschbecken aus cremefarbenem oder grauem Marmorstein 35 cm LAV51\"}]},{\"@type\":\"WebSite\",\"@id\":\"https:\/\/www.bagnoitalia.com\/de#website\",\"url\":\"https:\/\/www.bagnoitalia.com\/de\",\"name\":\"Bagno Italia\",\"description\":\"\",\"publisher\":{\"@id\":\"https:\/\/www.bagnoitalia.com\/de#organization\"},\"potentialAction\":[{\"@type\":\"SearchAction\",\"target\":{\"@type\":\"EntryPoint\",\"urlTemplate\":\"https:\/\/www.bagnoitalia.com\/de?s={search_term_string}\"},\"query-input\":{\"@type\":\"PropertyValueSpecification\",\"valueRequired\":true,\"valueName\":\"search_term_string\"}}],\"inLanguage\":\"de\"},{\"@type\":\"Organization\",\"@id\":\"https:\/\/www.bagnoitalia.com\/de#organization\",\"name\":\"Bagno Italia\",\"url\":\"https:\/\/www.bagnoitalia.com\/de\",\"logo\":{\"@type\":\"ImageObject\",\"inLanguage\":\"de\",\"@id\":\"https:\/\/www.bagnoitalia.com\/de#\/schema\/logo\/image\/\",\"url\":\"https:\/\/img.bagnoitalia.com\/wp-content\/uploads\/logo-bagnoitalia.webp\",\"contentUrl\":\"https:\/\/img.bagnoitalia.com\/wp-content\/uploads\/logo-bagnoitalia.webp\",\"width\":400,\"height\":70,\"caption\":\"Bagno Italia\"},\"image\":{\"@id\":\"https:\/\/www.bagnoitalia.com\/de#\/schema\/logo\/image\/\"}}]}<\/script>\n<!-- \/ Yoast SEO plugin. -->","yoast_head_json":{"title":"Rundes Aufsatzwaschbecken aus cremefarbenem oder grauem Marmorstein 35 cm LAV51","description":"Handgefertigtes Waschbecken aus nat\u00fcrlichem Marmorstein mit halbgl\u00e4nzender Oberfl\u00e4che, erh\u00e4ltlich in zwei Farben: Creme oder Grau. 35cm Durchmesser.","robots":{"index":"index","follow":"follow","max-snippet":"max-snippet:-1","max-image-preview":"max-image-preview:large","max-video-preview":"max-video-preview:-1"},"canonical":"https:\/\/www.bagnoitalia.com\/de\/produkt\/rundes-aufsatzwaschbecken-aus-cremefarbenem-oder-grauem-marmorstein-35-cm-lav51.html","og_locale":"de_DE","og_type":"article","og_title":"Rundes Aufsatzwaschbecken aus cremefarbenem oder grauem Marmorstein 35 cm LAV51","og_description":"Handgefertigtes Waschbecken aus nat\u00fcrlichem Marmorstein mit halbgl\u00e4nzender Oberfl\u00e4che, erh\u00e4ltlich in zwei Farben: Creme oder Grau. 35cm Durchmesser.","og_url":"https:\/\/www.bagnoitalia.com\/de\/produkt\/rundes-aufsatzwaschbecken-aus-cremefarbenem-oder-grauem-marmorstein-35-cm-lav51.html","og_site_name":"Bagno Italia","article_modified_time":"2024-09-19T14:36:09+00:00","og_image":[{"width":550,"height":550,"url":"https:\/\/img.bagnoitalia.com\/wp-content\/uploads\/virtuemart\/product\/lavabo-dappoggio-rotondo-35-cm-in-marmo-naturale-collage.jpg","type":"image\/jpeg"}],"twitter_card":"summary_large_image","twitter_misc":{"Gesch\u00e4tzte Lesezeit":"1\u00a0Minute"},"schema":{"@context":"https:\/\/schema.org","@graph":[{"@type":"WebPage","@id":"https:\/\/www.bagnoitalia.com\/de\/produkt\/rundes-aufsatzwaschbecken-aus-cremefarbenem-oder-grauem-marmorstein-35-cm-lav51.html","url":"https:\/\/www.bagnoitalia.com\/de\/produkt\/rundes-aufsatzwaschbecken-aus-cremefarbenem-oder-grauem-marmorstein-35-cm-lav51.html","name":"Rundes Aufsatzwaschbecken aus cremefarbenem oder grauem Marmorstein 35 cm LAV51","isPartOf":{"@id":"https:\/\/www.bagnoitalia.com\/de#website"},"primaryImageOfPage":{"@id":"https:\/\/www.bagnoitalia.com\/de\/produkt\/rundes-aufsatzwaschbecken-aus-cremefarbenem-oder-grauem-marmorstein-35-cm-lav51.html#primaryimage"},"image":{"@id":"https:\/\/www.bagnoitalia.com\/de\/produkt\/rundes-aufsatzwaschbecken-aus-cremefarbenem-oder-grauem-marmorstein-35-cm-lav51.html#primaryimage"},"thumbnailUrl":"https:\/\/img.bagnoitalia.com\/wp-content\/uploads\/virtuemart\/product\/lavabo-dappoggio-rotondo-35-cm-in-marmo-naturale-collage.jpg","datePublished":"2022-03-30T05:47:46+00:00","dateModified":"2024-09-19T14:36:09+00:00","description":"Handgefertigtes Waschbecken aus nat\u00fcrlichem Marmorstein mit halbgl\u00e4nzender Oberfl\u00e4che, erh\u00e4ltlich in zwei Farben: Creme oder Grau. 35cm Durchmesser.","breadcrumb":{"@id":"https:\/\/www.bagnoitalia.com\/de\/produkt\/rundes-aufsatzwaschbecken-aus-cremefarbenem-oder-grauem-marmorstein-35-cm-lav51.html#breadcrumb"},"inLanguage":"de","potentialAction":[{"@type":"ReadAction","target":["https:\/\/www.bagnoitalia.com\/de\/produkt\/rundes-aufsatzwaschbecken-aus-cremefarbenem-oder-grauem-marmorstein-35-cm-lav51.html"]}]},{"@type":"ImageObject","inLanguage":"de","@id":"https:\/\/www.bagnoitalia.com\/de\/produkt\/rundes-aufsatzwaschbecken-aus-cremefarbenem-oder-grauem-marmorstein-35-cm-lav51.html#primaryimage","url":"https:\/\/img.bagnoitalia.com\/wp-content\/uploads\/virtuemart\/product\/lavabo-dappoggio-rotondo-35-cm-in-marmo-naturale-collage.jpg","contentUrl":"https:\/\/img.bagnoitalia.com\/wp-content\/uploads\/virtuemart\/product\/lavabo-dappoggio-rotondo-35-cm-in-marmo-naturale-collage.jpg","width":550,"height":550},{"@type":"BreadcrumbList","@id":"https:\/\/www.bagnoitalia.com\/de\/produkt\/rundes-aufsatzwaschbecken-aus-cremefarbenem-oder-grauem-marmorstein-35-cm-lav51.html#breadcrumb","itemListElement":[{"@type":"ListItem","position":1,"name":"Home","item":"https:\/\/www.bagnoitalia.com\/de"},{"@type":"ListItem","position":2,"name":"Produkte","item":"https:\/\/www.bagnoitalia.com\/de\/shop"},{"@type":"ListItem","position":3,"name":"Rundes Aufsatzwaschbecken aus cremefarbenem oder grauem Marmorstein 35 cm LAV51"}]},{"@type":"WebSite","@id":"https:\/\/www.bagnoitalia.com\/de#website","url":"https:\/\/www.bagnoitalia.com\/de","name":"Bagno Italia","description":"","publisher":{"@id":"https:\/\/www.bagnoitalia.com\/de#organization"},"potentialAction":[{"@type":"SearchAction","target":{"@type":"EntryPoint","urlTemplate":"https:\/\/www.bagnoitalia.com\/de?s={search_term_string}"},"query-input":{"@type":"PropertyValueSpecification","valueRequired":true,"valueName":"search_term_string"}}],"inLanguage":"de"},{"@type":"Organization","@id":"https:\/\/www.bagnoitalia.com\/de#organization","name":"Bagno Italia","url":"https:\/\/www.bagnoitalia.com\/de","logo":{"@type":"ImageObject","inLanguage":"de","@id":"https:\/\/www.bagnoitalia.com\/de#\/schema\/logo\/image\/","url":"https:\/\/img.bagnoitalia.com\/wp-content\/uploads\/logo-bagnoitalia.webp","contentUrl":"https:\/\/img.bagnoitalia.com\/wp-content\/uploads\/logo-bagnoitalia.webp","width":400,"height":70,"caption":"Bagno Italia"},"image":{"@id":"https:\/\/www.bagnoitalia.com\/de#\/schema\/logo\/image\/"}}]}},"_links":{"self":[{"href":"https:\/\/www.bagnoitalia.com\/de\/wp-json\/wp\/v2\/product\/82081","targetHints":{"allow":["GET"]}}],"collection":[{"href":"https:\/\/www.bagnoitalia.com\/de\/wp-json\/wp\/v2\/product"}],"about":[{"href":"https:\/\/www.bagnoitalia.com\/de\/wp-json\/wp\/v2\/types\/product"}],"replies":[{"embeddable":true,"href":"https:\/\/www.bagnoitalia.com\/de\/wp-json\/wp\/v2\/comments?post=82081"}],"version-history":[{"count":1,"href":"https:\/\/www.bagnoitalia.com\/de\/wp-json\/wp\/v2\/product\/82081\/revisions"}],"predecessor-version":[{"id":89468,"href":"https:\/\/www.bagnoitalia.com\/de\/wp-json\/wp\/v2\/product\/82081\/revisions\/89468"}],"wp:featuredmedia":[{"embeddable":true,"href":"https:\/\/www.bagnoitalia.com\/de\/wp-json\/wp\/v2\/media\/52296"}],"wp:attachment":[{"href":"https:\/\/www.bagnoitalia.com\/de\/wp-json\/wp\/v2\/media?parent=82081"}],"wp:term":[{"taxonomy":"product_brand","embeddable":true,"href":"https:\/\/www.bagnoitalia.com\/de\/wp-json\/wp\/v2\/product_brand?post=82081"},{"taxonomy":"product_cat","embeddable":true,"href":"https:\/\/www.bagnoitalia.com\/de\/wp-json\/wp\/v2\/product_cat?post=82081"},{"taxonomy":"product_tag","embeddable":true,"href":"https:\/\/www.bagnoitalia.com\/de\/wp-json\/wp\/v2\/product_tag?post=82081"}],"curies":[{"name":"wp","href":"https:\/\/api.w.org\/{rel}","templated":true}]}}