{"id":82073,"date":"2022-03-30T07:47:46","date_gmt":"2022-03-30T05:47:46","guid":{"rendered":"https:\/\/www.bagnoitalia.com\/product\/aufsatzwaschbecken-50x35xh12-cm-aus-halbdurchsichtigem-naturmarmor-3-farben-lav47"},"modified":"2022-03-30T07:47:46","modified_gmt":"2022-03-30T05:47:46","slug":"aufsatzwaschbecken-50x35xh12-cm-aus-halbdurchsichtigem-naturmarmor-3-farben-lav47","status":"publish","type":"product","link":"https:\/\/www.bagnoitalia.com\/de\/produkt\/aufsatzwaschbecken-50x35xh12-cm-aus-halbdurchsichtigem-naturmarmor-3-farben-lav47.html","title":{"rendered":"Aufsatzwaschbecken 50x35xH12 cm aus halbdurchsichtigem Naturmarmor 3 Farben LAV47"},"content":{"rendered":"<p><strong><span style=\"font-size: 12pt;\"><span style=\"font-size: 14pt;\">RECHTECKIGES AUFSATZWASCHBECKEN LAV47<\/span><br \/><\/span><\/strong><\/p>\n<\/p>\n<p> Handgefertigtes Waschbecken aus Bl\u00f6cken aus nat\u00fcrlichem Marmorstein, jedes St\u00fcck kann geringf\u00fcgige Unterschiede in Form, Gr\u00f6\u00dfe und Farbton aufweisen.<\/p>\n<\/p>\n<p> <span style=\"text-decoration: underline;\"><strong>EIGENSCHAFTEN<\/strong><\/span> <span style=\"text-decoration: underline; font-size: 12pt;\"><strong>:<\/strong><\/span><\/p>\n<p> Ma\u00dfe: 50x35xH12 cm<\/p>\n<p> Innenh\u00f6he: 8cm<\/p>\n<p> 1cm Rand<\/p>\n<p> Installation: Arbeitsplatte<\/p>\n<p> Verf\u00fcgbare Farben: creme, hellgrau, dunkelgrau<\/p>\n<p> halbmattes Finish<\/p>\n<p> Da es sich um ein handgefertigtes Produkt handelt, k\u00f6nnen die Au\u00dfenma\u00dfe um ca. +\/- 2 cm (und +\/- 1 cm in der H\u00f6he) variieren.<\/p>\n<\/p>\n<p> Wasserh\u00e4hne nicht enthalten, Ablauf aus dem Dropdown-Men\u00fc w\u00e4hlbar<\/p>\n<\/p>\n<p> ACHTUNG: Vermeiden Sie die Verwendung von aggressiven Produkten zur Reinigung des Waschbeckens; Die Verwendung von marmorgeeigneten Produkten wird empfohlen<\/p>\n<p> Das Waschbecken hat kein \u00dcberlaufloch oder Hahnloch<\/p>\n<\/p>\n<p> LAP32C<\/p>\n<p> LAP53S<\/p>\n<p> LAP53G<\/p><\/p>\n","protected":false},"excerpt":{"rendered":"<p>Rechteckiges Waschbecken aus nat\u00fcrlichem Marmorstein mit Satin-Finish. Erh\u00e4ltlich in den Farben Creme, Hellgrau und Dunkelgrau.<\/p>\n","protected":false},"featured_media":52200,"comment_status":"open","ping_status":"closed","template":"","meta":[],"product_brand":[9883],"product_cat":[15],"product_tag":[],"class_list":{"0":"post-82073","1":"product","2":"type-product","3":"status-publish","4":"has-post-thumbnail","6":"product_brand-deghi-de","7":"product_cat-senza-categoria","9":"first","10":"outofstock","11":"taxable","12":"shipping-taxable","13":"purchasable","14":"product-type-simple"},"exclude_global_add_ons":false,"addons":[{"name":"CAMPI_COLORE\r\n","type":"select","position":0,"required":true,"title_format":"label","default":"","description_enable":false,"description":"","placeholder_enable":false,"placeholder":"","display":"select","restrictions_type":"any_text","adjust_price":false,"price":"","price_type":"","restrictions":false,"min":"0","max":"0","options":[]},{"name":"CAMPI_PILETTA\r\n","type":"select","position":0,"required":true,"title_format":"label","default":"","description_enable":false,"description":"","placeholder_enable":false,"placeholder":"","display":"select","restrictions_type":"any_text","adjust_price":false,"price":"","price_type":"","restrictions":false,"min":"0","max":"0","options":[]}],"yoast_head":"<!-- This site is optimized with the Yoast SEO plugin v26.7 - https:\/\/yoast.com\/wordpress\/plugins\/seo\/ -->\n<title>Aufsatzwaschbecken 50x35xH12 cm aus halbdurchsichtigem Naturmarmor 3 Farben LAV47<\/title>\n<meta name=\"description\" content=\"Rechteckiges Waschbecken aus nat\u00fcrlichem Marmorstein mit Satin-Finish. Erh\u00e4ltlich in den Farben Creme, Hellgrau und Dunkelgrau.\" \/>\n<meta name=\"robots\" content=\"index, follow, max-snippet:-1, max-image-preview:large, max-video-preview:-1\" \/>\n<link rel=\"canonical\" href=\"https:\/\/www.bagnoitalia.com\/de\/produkt\/aufsatzwaschbecken-50x35xh12-cm-aus-halbdurchsichtigem-naturmarmor-3-farben-lav47.html\" \/>\n<meta property=\"og:locale\" content=\"de_DE\" \/>\n<meta property=\"og:type\" content=\"article\" \/>\n<meta property=\"og:title\" content=\"Aufsatzwaschbecken 50x35xH12 cm aus halbdurchsichtigem Naturmarmor 3 Farben LAV47\" \/>\n<meta property=\"og:description\" content=\"Rechteckiges Waschbecken aus nat\u00fcrlichem Marmorstein mit Satin-Finish. Erh\u00e4ltlich in den Farben Creme, Hellgrau und Dunkelgrau.\" \/>\n<meta property=\"og:url\" content=\"https:\/\/www.bagnoitalia.com\/de\/produkt\/aufsatzwaschbecken-50x35xh12-cm-aus-halbdurchsichtigem-naturmarmor-3-farben-lav47.html\" \/>\n<meta property=\"og:site_name\" content=\"Bagno Italia\" \/>\n<meta property=\"og:image\" content=\"https:\/\/img.bagnoitalia.com\/wp-content\/uploads\/virtuemart\/product\/L4V-01016_1.jpg\" \/>\n\t<meta property=\"og:image:width\" content=\"550\" \/>\n\t<meta property=\"og:image:height\" content=\"550\" \/>\n\t<meta property=\"og:image:type\" content=\"image\/jpeg\" \/>\n<meta name=\"twitter:card\" content=\"summary_large_image\" \/>\n<meta name=\"twitter:label1\" content=\"Gesch\u00e4tzte Lesezeit\" \/>\n\t<meta name=\"twitter:data1\" content=\"1\u00a0Minute\" \/>\n<script type=\"application\/ld+json\" class=\"yoast-schema-graph\">{\"@context\":\"https:\/\/schema.org\",\"@graph\":[{\"@type\":\"WebPage\",\"@id\":\"https:\/\/www.bagnoitalia.com\/de\/produkt\/aufsatzwaschbecken-50x35xh12-cm-aus-halbdurchsichtigem-naturmarmor-3-farben-lav47.html\",\"url\":\"https:\/\/www.bagnoitalia.com\/de\/produkt\/aufsatzwaschbecken-50x35xh12-cm-aus-halbdurchsichtigem-naturmarmor-3-farben-lav47.html\",\"name\":\"Aufsatzwaschbecken 50x35xH12 cm aus halbdurchsichtigem Naturmarmor 3 Farben LAV47\",\"isPartOf\":{\"@id\":\"https:\/\/www.bagnoitalia.com\/de#website\"},\"primaryImageOfPage\":{\"@id\":\"https:\/\/www.bagnoitalia.com\/de\/produkt\/aufsatzwaschbecken-50x35xh12-cm-aus-halbdurchsichtigem-naturmarmor-3-farben-lav47.html#primaryimage\"},\"image\":{\"@id\":\"https:\/\/www.bagnoitalia.com\/de\/produkt\/aufsatzwaschbecken-50x35xh12-cm-aus-halbdurchsichtigem-naturmarmor-3-farben-lav47.html#primaryimage\"},\"thumbnailUrl\":\"https:\/\/img.bagnoitalia.com\/wp-content\/uploads\/virtuemart\/product\/L4V-01016_1.jpg\",\"datePublished\":\"2022-03-30T05:47:46+00:00\",\"description\":\"Rechteckiges Waschbecken aus nat\u00fcrlichem Marmorstein mit Satin-Finish. Erh\u00e4ltlich in den Farben Creme, Hellgrau und Dunkelgrau.\",\"breadcrumb\":{\"@id\":\"https:\/\/www.bagnoitalia.com\/de\/produkt\/aufsatzwaschbecken-50x35xh12-cm-aus-halbdurchsichtigem-naturmarmor-3-farben-lav47.html#breadcrumb\"},\"inLanguage\":\"de\",\"potentialAction\":[{\"@type\":\"ReadAction\",\"target\":[\"https:\/\/www.bagnoitalia.com\/de\/produkt\/aufsatzwaschbecken-50x35xh12-cm-aus-halbdurchsichtigem-naturmarmor-3-farben-lav47.html\"]}]},{\"@type\":\"ImageObject\",\"inLanguage\":\"de\",\"@id\":\"https:\/\/www.bagnoitalia.com\/de\/produkt\/aufsatzwaschbecken-50x35xh12-cm-aus-halbdurchsichtigem-naturmarmor-3-farben-lav47.html#primaryimage\",\"url\":\"https:\/\/img.bagnoitalia.com\/wp-content\/uploads\/virtuemart\/product\/L4V-01016_1.jpg\",\"contentUrl\":\"https:\/\/img.bagnoitalia.com\/wp-content\/uploads\/virtuemart\/product\/L4V-01016_1.jpg\",\"width\":550,\"height\":550},{\"@type\":\"BreadcrumbList\",\"@id\":\"https:\/\/www.bagnoitalia.com\/de\/produkt\/aufsatzwaschbecken-50x35xh12-cm-aus-halbdurchsichtigem-naturmarmor-3-farben-lav47.html#breadcrumb\",\"itemListElement\":[{\"@type\":\"ListItem\",\"position\":1,\"name\":\"Home\",\"item\":\"https:\/\/www.bagnoitalia.com\/de\"},{\"@type\":\"ListItem\",\"position\":2,\"name\":\"Produkte\",\"item\":\"https:\/\/www.bagnoitalia.com\/de\/shop\"},{\"@type\":\"ListItem\",\"position\":3,\"name\":\"Aufsatzwaschbecken 50x35xH12 cm aus halbdurchsichtigem Naturmarmor 3 Farben LAV47\"}]},{\"@type\":\"WebSite\",\"@id\":\"https:\/\/www.bagnoitalia.com\/de#website\",\"url\":\"https:\/\/www.bagnoitalia.com\/de\",\"name\":\"Bagno Italia\",\"description\":\"\",\"publisher\":{\"@id\":\"https:\/\/www.bagnoitalia.com\/de#organization\"},\"potentialAction\":[{\"@type\":\"SearchAction\",\"target\":{\"@type\":\"EntryPoint\",\"urlTemplate\":\"https:\/\/www.bagnoitalia.com\/de?s={search_term_string}\"},\"query-input\":{\"@type\":\"PropertyValueSpecification\",\"valueRequired\":true,\"valueName\":\"search_term_string\"}}],\"inLanguage\":\"de\"},{\"@type\":\"Organization\",\"@id\":\"https:\/\/www.bagnoitalia.com\/de#organization\",\"name\":\"Bagno Italia\",\"url\":\"https:\/\/www.bagnoitalia.com\/de\",\"logo\":{\"@type\":\"ImageObject\",\"inLanguage\":\"de\",\"@id\":\"https:\/\/www.bagnoitalia.com\/de#\/schema\/logo\/image\/\",\"url\":\"https:\/\/img.bagnoitalia.com\/wp-content\/uploads\/logo-bagnoitalia.webp\",\"contentUrl\":\"https:\/\/img.bagnoitalia.com\/wp-content\/uploads\/logo-bagnoitalia.webp\",\"width\":400,\"height\":70,\"caption\":\"Bagno Italia\"},\"image\":{\"@id\":\"https:\/\/www.bagnoitalia.com\/de#\/schema\/logo\/image\/\"}}]}<\/script>\n<!-- \/ Yoast SEO plugin. -->","yoast_head_json":{"title":"Aufsatzwaschbecken 50x35xH12 cm aus halbdurchsichtigem Naturmarmor 3 Farben LAV47","description":"Rechteckiges Waschbecken aus nat\u00fcrlichem Marmorstein mit Satin-Finish. Erh\u00e4ltlich in den Farben Creme, Hellgrau und Dunkelgrau.","robots":{"index":"index","follow":"follow","max-snippet":"max-snippet:-1","max-image-preview":"max-image-preview:large","max-video-preview":"max-video-preview:-1"},"canonical":"https:\/\/www.bagnoitalia.com\/de\/produkt\/aufsatzwaschbecken-50x35xh12-cm-aus-halbdurchsichtigem-naturmarmor-3-farben-lav47.html","og_locale":"de_DE","og_type":"article","og_title":"Aufsatzwaschbecken 50x35xH12 cm aus halbdurchsichtigem Naturmarmor 3 Farben LAV47","og_description":"Rechteckiges Waschbecken aus nat\u00fcrlichem Marmorstein mit Satin-Finish. Erh\u00e4ltlich in den Farben Creme, Hellgrau und Dunkelgrau.","og_url":"https:\/\/www.bagnoitalia.com\/de\/produkt\/aufsatzwaschbecken-50x35xh12-cm-aus-halbdurchsichtigem-naturmarmor-3-farben-lav47.html","og_site_name":"Bagno Italia","og_image":[{"width":550,"height":550,"url":"https:\/\/img.bagnoitalia.com\/wp-content\/uploads\/virtuemart\/product\/L4V-01016_1.jpg","type":"image\/jpeg"}],"twitter_card":"summary_large_image","twitter_misc":{"Gesch\u00e4tzte Lesezeit":"1\u00a0Minute"},"schema":{"@context":"https:\/\/schema.org","@graph":[{"@type":"WebPage","@id":"https:\/\/www.bagnoitalia.com\/de\/produkt\/aufsatzwaschbecken-50x35xh12-cm-aus-halbdurchsichtigem-naturmarmor-3-farben-lav47.html","url":"https:\/\/www.bagnoitalia.com\/de\/produkt\/aufsatzwaschbecken-50x35xh12-cm-aus-halbdurchsichtigem-naturmarmor-3-farben-lav47.html","name":"Aufsatzwaschbecken 50x35xH12 cm aus halbdurchsichtigem Naturmarmor 3 Farben LAV47","isPartOf":{"@id":"https:\/\/www.bagnoitalia.com\/de#website"},"primaryImageOfPage":{"@id":"https:\/\/www.bagnoitalia.com\/de\/produkt\/aufsatzwaschbecken-50x35xh12-cm-aus-halbdurchsichtigem-naturmarmor-3-farben-lav47.html#primaryimage"},"image":{"@id":"https:\/\/www.bagnoitalia.com\/de\/produkt\/aufsatzwaschbecken-50x35xh12-cm-aus-halbdurchsichtigem-naturmarmor-3-farben-lav47.html#primaryimage"},"thumbnailUrl":"https:\/\/img.bagnoitalia.com\/wp-content\/uploads\/virtuemart\/product\/L4V-01016_1.jpg","datePublished":"2022-03-30T05:47:46+00:00","description":"Rechteckiges Waschbecken aus nat\u00fcrlichem Marmorstein mit Satin-Finish. Erh\u00e4ltlich in den Farben Creme, Hellgrau und Dunkelgrau.","breadcrumb":{"@id":"https:\/\/www.bagnoitalia.com\/de\/produkt\/aufsatzwaschbecken-50x35xh12-cm-aus-halbdurchsichtigem-naturmarmor-3-farben-lav47.html#breadcrumb"},"inLanguage":"de","potentialAction":[{"@type":"ReadAction","target":["https:\/\/www.bagnoitalia.com\/de\/produkt\/aufsatzwaschbecken-50x35xh12-cm-aus-halbdurchsichtigem-naturmarmor-3-farben-lav47.html"]}]},{"@type":"ImageObject","inLanguage":"de","@id":"https:\/\/www.bagnoitalia.com\/de\/produkt\/aufsatzwaschbecken-50x35xh12-cm-aus-halbdurchsichtigem-naturmarmor-3-farben-lav47.html#primaryimage","url":"https:\/\/img.bagnoitalia.com\/wp-content\/uploads\/virtuemart\/product\/L4V-01016_1.jpg","contentUrl":"https:\/\/img.bagnoitalia.com\/wp-content\/uploads\/virtuemart\/product\/L4V-01016_1.jpg","width":550,"height":550},{"@type":"BreadcrumbList","@id":"https:\/\/www.bagnoitalia.com\/de\/produkt\/aufsatzwaschbecken-50x35xh12-cm-aus-halbdurchsichtigem-naturmarmor-3-farben-lav47.html#breadcrumb","itemListElement":[{"@type":"ListItem","position":1,"name":"Home","item":"https:\/\/www.bagnoitalia.com\/de"},{"@type":"ListItem","position":2,"name":"Produkte","item":"https:\/\/www.bagnoitalia.com\/de\/shop"},{"@type":"ListItem","position":3,"name":"Aufsatzwaschbecken 50x35xH12 cm aus halbdurchsichtigem Naturmarmor 3 Farben LAV47"}]},{"@type":"WebSite","@id":"https:\/\/www.bagnoitalia.com\/de#website","url":"https:\/\/www.bagnoitalia.com\/de","name":"Bagno Italia","description":"","publisher":{"@id":"https:\/\/www.bagnoitalia.com\/de#organization"},"potentialAction":[{"@type":"SearchAction","target":{"@type":"EntryPoint","urlTemplate":"https:\/\/www.bagnoitalia.com\/de?s={search_term_string}"},"query-input":{"@type":"PropertyValueSpecification","valueRequired":true,"valueName":"search_term_string"}}],"inLanguage":"de"},{"@type":"Organization","@id":"https:\/\/www.bagnoitalia.com\/de#organization","name":"Bagno Italia","url":"https:\/\/www.bagnoitalia.com\/de","logo":{"@type":"ImageObject","inLanguage":"de","@id":"https:\/\/www.bagnoitalia.com\/de#\/schema\/logo\/image\/","url":"https:\/\/img.bagnoitalia.com\/wp-content\/uploads\/logo-bagnoitalia.webp","contentUrl":"https:\/\/img.bagnoitalia.com\/wp-content\/uploads\/logo-bagnoitalia.webp","width":400,"height":70,"caption":"Bagno Italia"},"image":{"@id":"https:\/\/www.bagnoitalia.com\/de#\/schema\/logo\/image\/"}}]}},"_links":{"self":[{"href":"https:\/\/www.bagnoitalia.com\/de\/wp-json\/wp\/v2\/product\/82073","targetHints":{"allow":["GET"]}}],"collection":[{"href":"https:\/\/www.bagnoitalia.com\/de\/wp-json\/wp\/v2\/product"}],"about":[{"href":"https:\/\/www.bagnoitalia.com\/de\/wp-json\/wp\/v2\/types\/product"}],"replies":[{"embeddable":true,"href":"https:\/\/www.bagnoitalia.com\/de\/wp-json\/wp\/v2\/comments?post=82073"}],"version-history":[{"count":0,"href":"https:\/\/www.bagnoitalia.com\/de\/wp-json\/wp\/v2\/product\/82073\/revisions"}],"wp:featuredmedia":[{"embeddable":true,"href":"https:\/\/www.bagnoitalia.com\/de\/wp-json\/wp\/v2\/media\/52200"}],"wp:attachment":[{"href":"https:\/\/www.bagnoitalia.com\/de\/wp-json\/wp\/v2\/media?parent=82073"}],"wp:term":[{"taxonomy":"product_brand","embeddable":true,"href":"https:\/\/www.bagnoitalia.com\/de\/wp-json\/wp\/v2\/product_brand?post=82073"},{"taxonomy":"product_cat","embeddable":true,"href":"https:\/\/www.bagnoitalia.com\/de\/wp-json\/wp\/v2\/product_cat?post=82073"},{"taxonomy":"product_tag","embeddable":true,"href":"https:\/\/www.bagnoitalia.com\/de\/wp-json\/wp\/v2\/product_tag?post=82073"}],"curies":[{"name":"wp","href":"https:\/\/api.w.org\/{rel}","templated":true}]}}