{"id":82069,"date":"2022-03-30T07:47:46","date_gmt":"2022-03-30T05:47:46","guid":{"rendered":"https:\/\/www.bagnoitalia.com\/product\/giada-badezimmerschrank-80-oder-100-cm-hangend-mit-2-schubladen-waschbeckenspiegel-aus-weisem-kristall-inklusive"},"modified":"2022-03-30T07:47:46","modified_gmt":"2022-03-30T05:47:46","slug":"giada-badezimmerschrank-80-oder-100-cm-hangend-mit-2-schubladen-waschbeckenspiegel-aus-weisem-kristall-inklusive","status":"publish","type":"product","link":"https:\/\/www.bagnoitalia.com\/de\/produkt\/giada-badezimmerschrank-80-oder-100-cm-hangend-mit-2-schubladen-waschbeckenspiegel-aus-weisem-kristall-inklusive.html","title":{"rendered":"Giada Badezimmerschrank 80 oder 100 cm h\u00e4ngend mit 2 Schubladen Waschbeckenspiegel aus wei\u00dfem Kristall inklusive"},"content":{"rendered":"<p><strong><span style=\"font-size: 14pt;\">GIADA BADEZIMMERM\u00d6BEL<\/span><\/strong><\/p>\n<\/p>\n<p> <span style=\"text-decoration: underline;\">Eigenschaften:<\/span><\/p>\n<p> h\u00e4ngende Badm\u00f6bel in zwei Gr\u00f6\u00dfen erh\u00e4ltlich:<\/p>\n<p> &#8211; ab 80x52xH46 cm<\/p>\n<p> &#8211; ab 100x52xH46 cm<\/p>\n<p> Sockel aus MDF bestehend aus 2 Schubladen mit Griff<\/p>\n<p> Verf\u00fcgbare Farben: wei\u00df gl\u00e4nzend<\/p>\n<p> Kristallwaschbecken (in der gleichen Farbe wie die Basis)<\/p>\n<p> Hahnloch enthalten<\/p>\n<p> Wendespiegel inklusive (ab 70&#215;70 f\u00fcr den 80 cm Schrank; ab 70&#215;100 f\u00fcr den 100 cm Schrank)<\/p>\n<p> Eine passende Wandeinheit 35xP25xH65 cm kann der Komposition hinzugef\u00fcgt werden<\/p>\n<p> Wasserh\u00e4hne und Wandleuchten nicht im Preis inbegriffen.<\/p>\n<\/p>\n<p> GR8B<\/p>\n<p> GR1B<\/p><\/p>\n","protected":false},"excerpt":{"rendered":"<p>Abgerundete moderne M\u00f6bel, erh\u00e4ltlich in zwei Gr\u00f6\u00dfen und wei\u00df mit gl\u00e4nzender Oberfl\u00e4che. Der Preis beinhaltet das Kristallwaschbecken und den Spiegel.<\/p>\n","protected":false},"featured_media":52156,"comment_status":"open","ping_status":"closed","template":"","meta":[],"product_brand":[9883],"product_cat":[15],"product_tag":[],"class_list":{"0":"post-82069","1":"product","2":"type-product","3":"status-publish","4":"has-post-thumbnail","6":"product_brand-deghi-de","7":"product_cat-senza-categoria","9":"first","10":"outofstock","11":"taxable","12":"shipping-taxable","13":"purchasable","14":"product-type-simple"},"exclude_global_add_ons":false,"addons":[{"name":"CAMPI_DIMENSIONI\r\n","type":"select","position":0,"required":true,"title_format":"label","default":"","description_enable":false,"description":"","placeholder_enable":false,"placeholder":"","display":"select","restrictions_type":"any_text","adjust_price":false,"price":"","price_type":"","restrictions":false,"min":"0","max":"0","options":[]},{"name":"CAMPI_APPLIQUE\r\n","type":"select","position":0,"required":true,"title_format":"label","default":"","description_enable":false,"description":"","placeholder_enable":false,"placeholder":"","display":"select","restrictions_type":"any_text","adjust_price":false,"price":"","price_type":"","restrictions":false,"min":"0","max":"0","options":[]},{"name":"CAMPI_PENSILE\r\n","type":"select","position":0,"required":true,"title_format":"label","default":"","description_enable":false,"description":"","placeholder_enable":false,"placeholder":"","display":"select","restrictions_type":"any_text","adjust_price":false,"price":"","price_type":"","restrictions":false,"min":"0","max":"0","options":[]}],"yoast_head":"<!-- This site is optimized with the Yoast SEO plugin v26.7 - https:\/\/yoast.com\/wordpress\/plugins\/seo\/ -->\n<title>Giada Badezimmerschrank 80 oder 100 cm h\u00e4ngend mit 2 Schubladen Waschbeckenspiegel aus wei\u00dfem Kristall inklusive<\/title>\n<meta name=\"description\" content=\"Abgerundete moderne M\u00f6bel, erh\u00e4ltlich in zwei Gr\u00f6\u00dfen und wei\u00df mit gl\u00e4nzender Oberfl\u00e4che. Der Preis beinhaltet das Kristallwaschbecken und den Spiegel.\" \/>\n<meta name=\"robots\" content=\"index, follow, max-snippet:-1, max-image-preview:large, max-video-preview:-1\" \/>\n<link rel=\"canonical\" href=\"https:\/\/www.bagnoitalia.com\/de\/produkt\/giada-badezimmerschrank-80-oder-100-cm-hangend-mit-2-schubladen-waschbeckenspiegel-aus-weisem-kristall-inklusive.html\" \/>\n<meta property=\"og:locale\" content=\"de_DE\" \/>\n<meta property=\"og:type\" content=\"article\" \/>\n<meta property=\"og:title\" content=\"Giada Badezimmerschrank 80 oder 100 cm h\u00e4ngend mit 2 Schubladen Waschbeckenspiegel aus wei\u00dfem Kristall inklusive\" \/>\n<meta property=\"og:description\" content=\"Abgerundete moderne M\u00f6bel, erh\u00e4ltlich in zwei Gr\u00f6\u00dfen und wei\u00df mit gl\u00e4nzender Oberfl\u00e4che. Der Preis beinhaltet das Kristallwaschbecken und den Spiegel.\" \/>\n<meta property=\"og:url\" content=\"https:\/\/www.bagnoitalia.com\/de\/produkt\/giada-badezimmerschrank-80-oder-100-cm-hangend-mit-2-schubladen-waschbeckenspiegel-aus-weisem-kristall-inklusive.html\" \/>\n<meta property=\"og:site_name\" content=\"Bagno Italia\" \/>\n<meta property=\"og:image\" content=\"https:\/\/img.bagnoitalia.com\/wp-content\/uploads\/virtuemart\/product\/M0B-0610_1.jpg\" \/>\n\t<meta property=\"og:image:width\" content=\"550\" \/>\n\t<meta property=\"og:image:height\" content=\"549\" \/>\n\t<meta property=\"og:image:type\" content=\"image\/jpeg\" \/>\n<meta name=\"twitter:card\" content=\"summary_large_image\" \/>\n<script type=\"application\/ld+json\" class=\"yoast-schema-graph\">{\"@context\":\"https:\/\/schema.org\",\"@graph\":[{\"@type\":\"WebPage\",\"@id\":\"https:\/\/www.bagnoitalia.com\/de\/produkt\/giada-badezimmerschrank-80-oder-100-cm-hangend-mit-2-schubladen-waschbeckenspiegel-aus-weisem-kristall-inklusive.html\",\"url\":\"https:\/\/www.bagnoitalia.com\/de\/produkt\/giada-badezimmerschrank-80-oder-100-cm-hangend-mit-2-schubladen-waschbeckenspiegel-aus-weisem-kristall-inklusive.html\",\"name\":\"Giada Badezimmerschrank 80 oder 100 cm h\u00e4ngend mit 2 Schubladen Waschbeckenspiegel aus wei\u00dfem Kristall inklusive\",\"isPartOf\":{\"@id\":\"https:\/\/www.bagnoitalia.com\/de#website\"},\"primaryImageOfPage\":{\"@id\":\"https:\/\/www.bagnoitalia.com\/de\/produkt\/giada-badezimmerschrank-80-oder-100-cm-hangend-mit-2-schubladen-waschbeckenspiegel-aus-weisem-kristall-inklusive.html#primaryimage\"},\"image\":{\"@id\":\"https:\/\/www.bagnoitalia.com\/de\/produkt\/giada-badezimmerschrank-80-oder-100-cm-hangend-mit-2-schubladen-waschbeckenspiegel-aus-weisem-kristall-inklusive.html#primaryimage\"},\"thumbnailUrl\":\"https:\/\/img.bagnoitalia.com\/wp-content\/uploads\/virtuemart\/product\/M0B-0610_1.jpg\",\"datePublished\":\"2022-03-30T05:47:46+00:00\",\"description\":\"Abgerundete moderne M\u00f6bel, erh\u00e4ltlich in zwei Gr\u00f6\u00dfen und wei\u00df mit gl\u00e4nzender Oberfl\u00e4che. Der Preis beinhaltet das Kristallwaschbecken und den Spiegel.\",\"breadcrumb\":{\"@id\":\"https:\/\/www.bagnoitalia.com\/de\/produkt\/giada-badezimmerschrank-80-oder-100-cm-hangend-mit-2-schubladen-waschbeckenspiegel-aus-weisem-kristall-inklusive.html#breadcrumb\"},\"inLanguage\":\"de\",\"potentialAction\":[{\"@type\":\"ReadAction\",\"target\":[\"https:\/\/www.bagnoitalia.com\/de\/produkt\/giada-badezimmerschrank-80-oder-100-cm-hangend-mit-2-schubladen-waschbeckenspiegel-aus-weisem-kristall-inklusive.html\"]}]},{\"@type\":\"ImageObject\",\"inLanguage\":\"de\",\"@id\":\"https:\/\/www.bagnoitalia.com\/de\/produkt\/giada-badezimmerschrank-80-oder-100-cm-hangend-mit-2-schubladen-waschbeckenspiegel-aus-weisem-kristall-inklusive.html#primaryimage\",\"url\":\"https:\/\/img.bagnoitalia.com\/wp-content\/uploads\/virtuemart\/product\/M0B-0610_1.jpg\",\"contentUrl\":\"https:\/\/img.bagnoitalia.com\/wp-content\/uploads\/virtuemart\/product\/M0B-0610_1.jpg\",\"width\":550,\"height\":549},{\"@type\":\"BreadcrumbList\",\"@id\":\"https:\/\/www.bagnoitalia.com\/de\/produkt\/giada-badezimmerschrank-80-oder-100-cm-hangend-mit-2-schubladen-waschbeckenspiegel-aus-weisem-kristall-inklusive.html#breadcrumb\",\"itemListElement\":[{\"@type\":\"ListItem\",\"position\":1,\"name\":\"Home\",\"item\":\"https:\/\/www.bagnoitalia.com\/de\"},{\"@type\":\"ListItem\",\"position\":2,\"name\":\"Produkte\",\"item\":\"https:\/\/www.bagnoitalia.com\/de\/shop\"},{\"@type\":\"ListItem\",\"position\":3,\"name\":\"Giada Badezimmerschrank 80 oder 100 cm h\u00e4ngend mit 2 Schubladen Waschbeckenspiegel aus wei\u00dfem Kristall inklusive\"}]},{\"@type\":\"WebSite\",\"@id\":\"https:\/\/www.bagnoitalia.com\/de#website\",\"url\":\"https:\/\/www.bagnoitalia.com\/de\",\"name\":\"Bagno Italia\",\"description\":\"\",\"publisher\":{\"@id\":\"https:\/\/www.bagnoitalia.com\/de#organization\"},\"potentialAction\":[{\"@type\":\"SearchAction\",\"target\":{\"@type\":\"EntryPoint\",\"urlTemplate\":\"https:\/\/www.bagnoitalia.com\/de?s={search_term_string}\"},\"query-input\":{\"@type\":\"PropertyValueSpecification\",\"valueRequired\":true,\"valueName\":\"search_term_string\"}}],\"inLanguage\":\"de\"},{\"@type\":\"Organization\",\"@id\":\"https:\/\/www.bagnoitalia.com\/de#organization\",\"name\":\"Bagno Italia\",\"url\":\"https:\/\/www.bagnoitalia.com\/de\",\"logo\":{\"@type\":\"ImageObject\",\"inLanguage\":\"de\",\"@id\":\"https:\/\/www.bagnoitalia.com\/de#\/schema\/logo\/image\/\",\"url\":\"https:\/\/img.bagnoitalia.com\/wp-content\/uploads\/logo-bagnoitalia.webp\",\"contentUrl\":\"https:\/\/img.bagnoitalia.com\/wp-content\/uploads\/logo-bagnoitalia.webp\",\"width\":400,\"height\":70,\"caption\":\"Bagno Italia\"},\"image\":{\"@id\":\"https:\/\/www.bagnoitalia.com\/de#\/schema\/logo\/image\/\"}}]}<\/script>\n<!-- \/ Yoast SEO plugin. -->","yoast_head_json":{"title":"Giada Badezimmerschrank 80 oder 100 cm h\u00e4ngend mit 2 Schubladen Waschbeckenspiegel aus wei\u00dfem Kristall inklusive","description":"Abgerundete moderne M\u00f6bel, erh\u00e4ltlich in zwei Gr\u00f6\u00dfen und wei\u00df mit gl\u00e4nzender Oberfl\u00e4che. Der Preis beinhaltet das Kristallwaschbecken und den Spiegel.","robots":{"index":"index","follow":"follow","max-snippet":"max-snippet:-1","max-image-preview":"max-image-preview:large","max-video-preview":"max-video-preview:-1"},"canonical":"https:\/\/www.bagnoitalia.com\/de\/produkt\/giada-badezimmerschrank-80-oder-100-cm-hangend-mit-2-schubladen-waschbeckenspiegel-aus-weisem-kristall-inklusive.html","og_locale":"de_DE","og_type":"article","og_title":"Giada Badezimmerschrank 80 oder 100 cm h\u00e4ngend mit 2 Schubladen Waschbeckenspiegel aus wei\u00dfem Kristall inklusive","og_description":"Abgerundete moderne M\u00f6bel, erh\u00e4ltlich in zwei Gr\u00f6\u00dfen und wei\u00df mit gl\u00e4nzender Oberfl\u00e4che. Der Preis beinhaltet das Kristallwaschbecken und den Spiegel.","og_url":"https:\/\/www.bagnoitalia.com\/de\/produkt\/giada-badezimmerschrank-80-oder-100-cm-hangend-mit-2-schubladen-waschbeckenspiegel-aus-weisem-kristall-inklusive.html","og_site_name":"Bagno Italia","og_image":[{"width":550,"height":549,"url":"https:\/\/img.bagnoitalia.com\/wp-content\/uploads\/virtuemart\/product\/M0B-0610_1.jpg","type":"image\/jpeg"}],"twitter_card":"summary_large_image","schema":{"@context":"https:\/\/schema.org","@graph":[{"@type":"WebPage","@id":"https:\/\/www.bagnoitalia.com\/de\/produkt\/giada-badezimmerschrank-80-oder-100-cm-hangend-mit-2-schubladen-waschbeckenspiegel-aus-weisem-kristall-inklusive.html","url":"https:\/\/www.bagnoitalia.com\/de\/produkt\/giada-badezimmerschrank-80-oder-100-cm-hangend-mit-2-schubladen-waschbeckenspiegel-aus-weisem-kristall-inklusive.html","name":"Giada Badezimmerschrank 80 oder 100 cm h\u00e4ngend mit 2 Schubladen Waschbeckenspiegel aus wei\u00dfem Kristall inklusive","isPartOf":{"@id":"https:\/\/www.bagnoitalia.com\/de#website"},"primaryImageOfPage":{"@id":"https:\/\/www.bagnoitalia.com\/de\/produkt\/giada-badezimmerschrank-80-oder-100-cm-hangend-mit-2-schubladen-waschbeckenspiegel-aus-weisem-kristall-inklusive.html#primaryimage"},"image":{"@id":"https:\/\/www.bagnoitalia.com\/de\/produkt\/giada-badezimmerschrank-80-oder-100-cm-hangend-mit-2-schubladen-waschbeckenspiegel-aus-weisem-kristall-inklusive.html#primaryimage"},"thumbnailUrl":"https:\/\/img.bagnoitalia.com\/wp-content\/uploads\/virtuemart\/product\/M0B-0610_1.jpg","datePublished":"2022-03-30T05:47:46+00:00","description":"Abgerundete moderne M\u00f6bel, erh\u00e4ltlich in zwei Gr\u00f6\u00dfen und wei\u00df mit gl\u00e4nzender Oberfl\u00e4che. Der Preis beinhaltet das Kristallwaschbecken und den Spiegel.","breadcrumb":{"@id":"https:\/\/www.bagnoitalia.com\/de\/produkt\/giada-badezimmerschrank-80-oder-100-cm-hangend-mit-2-schubladen-waschbeckenspiegel-aus-weisem-kristall-inklusive.html#breadcrumb"},"inLanguage":"de","potentialAction":[{"@type":"ReadAction","target":["https:\/\/www.bagnoitalia.com\/de\/produkt\/giada-badezimmerschrank-80-oder-100-cm-hangend-mit-2-schubladen-waschbeckenspiegel-aus-weisem-kristall-inklusive.html"]}]},{"@type":"ImageObject","inLanguage":"de","@id":"https:\/\/www.bagnoitalia.com\/de\/produkt\/giada-badezimmerschrank-80-oder-100-cm-hangend-mit-2-schubladen-waschbeckenspiegel-aus-weisem-kristall-inklusive.html#primaryimage","url":"https:\/\/img.bagnoitalia.com\/wp-content\/uploads\/virtuemart\/product\/M0B-0610_1.jpg","contentUrl":"https:\/\/img.bagnoitalia.com\/wp-content\/uploads\/virtuemart\/product\/M0B-0610_1.jpg","width":550,"height":549},{"@type":"BreadcrumbList","@id":"https:\/\/www.bagnoitalia.com\/de\/produkt\/giada-badezimmerschrank-80-oder-100-cm-hangend-mit-2-schubladen-waschbeckenspiegel-aus-weisem-kristall-inklusive.html#breadcrumb","itemListElement":[{"@type":"ListItem","position":1,"name":"Home","item":"https:\/\/www.bagnoitalia.com\/de"},{"@type":"ListItem","position":2,"name":"Produkte","item":"https:\/\/www.bagnoitalia.com\/de\/shop"},{"@type":"ListItem","position":3,"name":"Giada Badezimmerschrank 80 oder 100 cm h\u00e4ngend mit 2 Schubladen Waschbeckenspiegel aus wei\u00dfem Kristall inklusive"}]},{"@type":"WebSite","@id":"https:\/\/www.bagnoitalia.com\/de#website","url":"https:\/\/www.bagnoitalia.com\/de","name":"Bagno Italia","description":"","publisher":{"@id":"https:\/\/www.bagnoitalia.com\/de#organization"},"potentialAction":[{"@type":"SearchAction","target":{"@type":"EntryPoint","urlTemplate":"https:\/\/www.bagnoitalia.com\/de?s={search_term_string}"},"query-input":{"@type":"PropertyValueSpecification","valueRequired":true,"valueName":"search_term_string"}}],"inLanguage":"de"},{"@type":"Organization","@id":"https:\/\/www.bagnoitalia.com\/de#organization","name":"Bagno Italia","url":"https:\/\/www.bagnoitalia.com\/de","logo":{"@type":"ImageObject","inLanguage":"de","@id":"https:\/\/www.bagnoitalia.com\/de#\/schema\/logo\/image\/","url":"https:\/\/img.bagnoitalia.com\/wp-content\/uploads\/logo-bagnoitalia.webp","contentUrl":"https:\/\/img.bagnoitalia.com\/wp-content\/uploads\/logo-bagnoitalia.webp","width":400,"height":70,"caption":"Bagno Italia"},"image":{"@id":"https:\/\/www.bagnoitalia.com\/de#\/schema\/logo\/image\/"}}]}},"_links":{"self":[{"href":"https:\/\/www.bagnoitalia.com\/de\/wp-json\/wp\/v2\/product\/82069","targetHints":{"allow":["GET"]}}],"collection":[{"href":"https:\/\/www.bagnoitalia.com\/de\/wp-json\/wp\/v2\/product"}],"about":[{"href":"https:\/\/www.bagnoitalia.com\/de\/wp-json\/wp\/v2\/types\/product"}],"replies":[{"embeddable":true,"href":"https:\/\/www.bagnoitalia.com\/de\/wp-json\/wp\/v2\/comments?post=82069"}],"version-history":[{"count":0,"href":"https:\/\/www.bagnoitalia.com\/de\/wp-json\/wp\/v2\/product\/82069\/revisions"}],"wp:featuredmedia":[{"embeddable":true,"href":"https:\/\/www.bagnoitalia.com\/de\/wp-json\/wp\/v2\/media\/52156"}],"wp:attachment":[{"href":"https:\/\/www.bagnoitalia.com\/de\/wp-json\/wp\/v2\/media?parent=82069"}],"wp:term":[{"taxonomy":"product_brand","embeddable":true,"href":"https:\/\/www.bagnoitalia.com\/de\/wp-json\/wp\/v2\/product_brand?post=82069"},{"taxonomy":"product_cat","embeddable":true,"href":"https:\/\/www.bagnoitalia.com\/de\/wp-json\/wp\/v2\/product_cat?post=82069"},{"taxonomy":"product_tag","embeddable":true,"href":"https:\/\/www.bagnoitalia.com\/de\/wp-json\/wp\/v2\/product_tag?post=82069"}],"curies":[{"name":"wp","href":"https:\/\/api.w.org\/{rel}","templated":true}]}}