{"id":82057,"date":"2022-03-30T07:47:46","date_gmt":"2022-03-30T05:47:46","guid":{"rendered":"https:\/\/www.bagnoitalia.com\/product\/schreibtisch-mit-schublade-und-offenem-fach-100x50xh74-cm-eichenfarbe-fur-buro-oder-arbeitszimmer"},"modified":"2022-03-30T07:47:46","modified_gmt":"2022-03-30T05:47:46","slug":"schreibtisch-mit-schublade-und-offenem-fach-100x50xh74-cm-eichenfarbe-fur-buro-oder-arbeitszimmer","status":"publish","type":"product","link":"https:\/\/www.bagnoitalia.com\/de\/produkt\/schreibtisch-mit-schublade-und-offenem-fach-100x50xh74-cm-eichenfarbe-fur-buro-oder-arbeitszimmer.html","title":{"rendered":"Schreibtisch mit Schublade und offenem Fach 100x50xH74 cm Eichenfarbe f\u00fcr B\u00fcro oder Arbeitszimmer TL025"},"content":{"rendered":"<p>&nbsp;<\/p>\n<p><span style=\"text-decoration: underline;\"><span style=\"font-size: 18pt;\"><strong>SCHREIBTISCH MIT SCHUBLADE UND OFFENEM FACH TL025<br \/><\/strong><\/span><\/span><\/p>\n<p>&nbsp;<\/p>\n<p>Abmessungen Schreibtisch: 100 x P50 x H74 cm<\/p>\n<p>Eichenfarbe<\/p>\n<p>Mit R\u00fcckwand<\/p>\n<p>Inklusive offenem Fach und Schublade<\/p>\n<p>Geeignet als Arbeitsplatte, B\u00fcro, Studio, Gaming und vieles mehr.<\/p>\n<p><span style=\"font-size: 14pt;\"><\/span><\/p>\n<p><strong><span style=\"color: #ff0000;\">DAS PRODUKT KOMMT DEMONTIERT AN<\/span><\/strong><\/p>\n","protected":false},"excerpt":{"rendered":"<p>Moderner Schreibtisch geeignet f\u00fcr B\u00fcro, Studium, Gaming und vieles mehr. Erh\u00e4ltlich in Eiche, mit einem praktischen offenen Fach und einer Seitenschublade<\/p>\n","protected":false},"featured_media":52112,"comment_status":"open","ping_status":"closed","template":"","meta":[],"product_brand":[5004],"product_cat":[9998],"product_tag":[],"class_list":{"0":"post-82057","1":"product","2":"type-product","3":"status-publish","4":"has-post-thumbnail","6":"product_brand-vari-produttori","7":"product_cat-schreibtische","9":"first","10":"instock","11":"sale","12":"taxable","13":"shipping-taxable","14":"purchasable","15":"product-type-simple"},"exclude_global_add_ons":[],"addons":[],"yoast_head":"<!-- This site is optimized with the Yoast SEO plugin v26.7 - https:\/\/yoast.com\/wordpress\/plugins\/seo\/ -->\n<title>Schreibtisch mit Schublade und offenem Fach 100x50xH74 cm Eichenfarbe f\u00fcr B\u00fcro oder Arbeitszimmer TL025<\/title>\n<meta name=\"description\" content=\"Moderner Schreibtisch geeignet f\u00fcr B\u00fcro, Studium, Gaming und vieles mehr. Erh\u00e4ltlich in Eiche, mit einem praktischen offenen Fach und einer Seitenschublade\" \/>\n<meta name=\"robots\" content=\"index, follow, max-snippet:-1, max-image-preview:large, max-video-preview:-1\" \/>\n<link rel=\"canonical\" href=\"https:\/\/www.bagnoitalia.com\/de\/produkt\/schreibtisch-mit-schublade-und-offenem-fach-100x50xh74-cm-eichenfarbe-fur-buro-oder-arbeitszimmer.html\" \/>\n<meta property=\"og:locale\" content=\"de_DE\" \/>\n<meta property=\"og:type\" content=\"article\" \/>\n<meta property=\"og:title\" content=\"Schreibtisch mit Schublade und offenem Fach 100x50xH74 cm Eichenfarbe f\u00fcr B\u00fcro oder Arbeitszimmer TL025\" \/>\n<meta property=\"og:description\" content=\"Moderner Schreibtisch geeignet f\u00fcr B\u00fcro, Studium, Gaming und vieles mehr. Erh\u00e4ltlich in Eiche, mit einem praktischen offenen Fach und einer Seitenschublade\" \/>\n<meta property=\"og:url\" content=\"https:\/\/www.bagnoitalia.com\/de\/produkt\/schreibtisch-mit-schublade-und-offenem-fach-100x50xh74-cm-eichenfarbe-fur-buro-oder-arbeitszimmer.html\" \/>\n<meta property=\"og:site_name\" content=\"Bagno Italia\" \/>\n<meta property=\"og:image\" content=\"https:\/\/img.bagnoitalia.com\/wp-content\/uploads\/virtuemart\/product\/scr-004_1.jpg\" \/>\n\t<meta property=\"og:image:width\" content=\"500\" \/>\n\t<meta property=\"og:image:height\" content=\"500\" \/>\n\t<meta property=\"og:image:type\" content=\"image\/jpeg\" \/>\n<meta name=\"twitter:card\" content=\"summary_large_image\" \/>\n<script type=\"application\/ld+json\" class=\"yoast-schema-graph\">{\"@context\":\"https:\/\/schema.org\",\"@graph\":[{\"@type\":\"WebPage\",\"@id\":\"https:\/\/www.bagnoitalia.com\/de\/produkt\/schreibtisch-mit-schublade-und-offenem-fach-100x50xh74-cm-eichenfarbe-fur-buro-oder-arbeitszimmer.html\",\"url\":\"https:\/\/www.bagnoitalia.com\/de\/produkt\/schreibtisch-mit-schublade-und-offenem-fach-100x50xh74-cm-eichenfarbe-fur-buro-oder-arbeitszimmer.html\",\"name\":\"Schreibtisch mit Schublade und offenem Fach 100x50xH74 cm Eichenfarbe f\u00fcr B\u00fcro oder Arbeitszimmer TL025\",\"isPartOf\":{\"@id\":\"https:\/\/www.bagnoitalia.com\/de#website\"},\"primaryImageOfPage\":{\"@id\":\"https:\/\/www.bagnoitalia.com\/de\/produkt\/schreibtisch-mit-schublade-und-offenem-fach-100x50xh74-cm-eichenfarbe-fur-buro-oder-arbeitszimmer.html#primaryimage\"},\"image\":{\"@id\":\"https:\/\/www.bagnoitalia.com\/de\/produkt\/schreibtisch-mit-schublade-und-offenem-fach-100x50xh74-cm-eichenfarbe-fur-buro-oder-arbeitszimmer.html#primaryimage\"},\"thumbnailUrl\":\"https:\/\/img.bagnoitalia.com\/wp-content\/uploads\/virtuemart\/product\/scr-004_1.jpg\",\"datePublished\":\"2022-03-30T05:47:46+00:00\",\"description\":\"Moderner Schreibtisch geeignet f\u00fcr B\u00fcro, Studium, Gaming und vieles mehr. Erh\u00e4ltlich in Eiche, mit einem praktischen offenen Fach und einer Seitenschublade\",\"breadcrumb\":{\"@id\":\"https:\/\/www.bagnoitalia.com\/de\/produkt\/schreibtisch-mit-schublade-und-offenem-fach-100x50xh74-cm-eichenfarbe-fur-buro-oder-arbeitszimmer.html#breadcrumb\"},\"inLanguage\":\"de\",\"potentialAction\":[{\"@type\":\"ReadAction\",\"target\":[\"https:\/\/www.bagnoitalia.com\/de\/produkt\/schreibtisch-mit-schublade-und-offenem-fach-100x50xh74-cm-eichenfarbe-fur-buro-oder-arbeitszimmer.html\"]}]},{\"@type\":\"ImageObject\",\"inLanguage\":\"de\",\"@id\":\"https:\/\/www.bagnoitalia.com\/de\/produkt\/schreibtisch-mit-schublade-und-offenem-fach-100x50xh74-cm-eichenfarbe-fur-buro-oder-arbeitszimmer.html#primaryimage\",\"url\":\"https:\/\/img.bagnoitalia.com\/wp-content\/uploads\/virtuemart\/product\/scr-004_1.jpg\",\"contentUrl\":\"https:\/\/img.bagnoitalia.com\/wp-content\/uploads\/virtuemart\/product\/scr-004_1.jpg\",\"width\":500,\"height\":500},{\"@type\":\"BreadcrumbList\",\"@id\":\"https:\/\/www.bagnoitalia.com\/de\/produkt\/schreibtisch-mit-schublade-und-offenem-fach-100x50xh74-cm-eichenfarbe-fur-buro-oder-arbeitszimmer.html#breadcrumb\",\"itemListElement\":[{\"@type\":\"ListItem\",\"position\":1,\"name\":\"Home\",\"item\":\"https:\/\/www.bagnoitalia.com\/de\"},{\"@type\":\"ListItem\",\"position\":2,\"name\":\"Produkte\",\"item\":\"https:\/\/www.bagnoitalia.com\/de\/shop\"},{\"@type\":\"ListItem\",\"position\":3,\"name\":\"Schreibtisch mit Schublade und offenem Fach 100x50xH74 cm Eichenfarbe f\u00fcr B\u00fcro oder Arbeitszimmer TL025\"}]},{\"@type\":\"WebSite\",\"@id\":\"https:\/\/www.bagnoitalia.com\/de#website\",\"url\":\"https:\/\/www.bagnoitalia.com\/de\",\"name\":\"Bagno Italia\",\"description\":\"\",\"publisher\":{\"@id\":\"https:\/\/www.bagnoitalia.com\/de#organization\"},\"potentialAction\":[{\"@type\":\"SearchAction\",\"target\":{\"@type\":\"EntryPoint\",\"urlTemplate\":\"https:\/\/www.bagnoitalia.com\/de?s={search_term_string}\"},\"query-input\":{\"@type\":\"PropertyValueSpecification\",\"valueRequired\":true,\"valueName\":\"search_term_string\"}}],\"inLanguage\":\"de\"},{\"@type\":\"Organization\",\"@id\":\"https:\/\/www.bagnoitalia.com\/de#organization\",\"name\":\"Bagno Italia\",\"url\":\"https:\/\/www.bagnoitalia.com\/de\",\"logo\":{\"@type\":\"ImageObject\",\"inLanguage\":\"de\",\"@id\":\"https:\/\/www.bagnoitalia.com\/de#\/schema\/logo\/image\/\",\"url\":\"https:\/\/img.bagnoitalia.com\/wp-content\/uploads\/logo-bagnoitalia.webp\",\"contentUrl\":\"https:\/\/img.bagnoitalia.com\/wp-content\/uploads\/logo-bagnoitalia.webp\",\"width\":400,\"height\":70,\"caption\":\"Bagno Italia\"},\"image\":{\"@id\":\"https:\/\/www.bagnoitalia.com\/de#\/schema\/logo\/image\/\"}}]}<\/script>\n<!-- \/ Yoast SEO plugin. -->","yoast_head_json":{"title":"Schreibtisch mit Schublade und offenem Fach 100x50xH74 cm Eichenfarbe f\u00fcr B\u00fcro oder Arbeitszimmer TL025","description":"Moderner Schreibtisch geeignet f\u00fcr B\u00fcro, Studium, Gaming und vieles mehr. Erh\u00e4ltlich in Eiche, mit einem praktischen offenen Fach und einer Seitenschublade","robots":{"index":"index","follow":"follow","max-snippet":"max-snippet:-1","max-image-preview":"max-image-preview:large","max-video-preview":"max-video-preview:-1"},"canonical":"https:\/\/www.bagnoitalia.com\/de\/produkt\/schreibtisch-mit-schublade-und-offenem-fach-100x50xh74-cm-eichenfarbe-fur-buro-oder-arbeitszimmer.html","og_locale":"de_DE","og_type":"article","og_title":"Schreibtisch mit Schublade und offenem Fach 100x50xH74 cm Eichenfarbe f\u00fcr B\u00fcro oder Arbeitszimmer TL025","og_description":"Moderner Schreibtisch geeignet f\u00fcr B\u00fcro, Studium, Gaming und vieles mehr. Erh\u00e4ltlich in Eiche, mit einem praktischen offenen Fach und einer Seitenschublade","og_url":"https:\/\/www.bagnoitalia.com\/de\/produkt\/schreibtisch-mit-schublade-und-offenem-fach-100x50xh74-cm-eichenfarbe-fur-buro-oder-arbeitszimmer.html","og_site_name":"Bagno Italia","og_image":[{"width":500,"height":500,"url":"https:\/\/img.bagnoitalia.com\/wp-content\/uploads\/virtuemart\/product\/scr-004_1.jpg","type":"image\/jpeg"}],"twitter_card":"summary_large_image","schema":{"@context":"https:\/\/schema.org","@graph":[{"@type":"WebPage","@id":"https:\/\/www.bagnoitalia.com\/de\/produkt\/schreibtisch-mit-schublade-und-offenem-fach-100x50xh74-cm-eichenfarbe-fur-buro-oder-arbeitszimmer.html","url":"https:\/\/www.bagnoitalia.com\/de\/produkt\/schreibtisch-mit-schublade-und-offenem-fach-100x50xh74-cm-eichenfarbe-fur-buro-oder-arbeitszimmer.html","name":"Schreibtisch mit Schublade und offenem Fach 100x50xH74 cm Eichenfarbe f\u00fcr B\u00fcro oder Arbeitszimmer TL025","isPartOf":{"@id":"https:\/\/www.bagnoitalia.com\/de#website"},"primaryImageOfPage":{"@id":"https:\/\/www.bagnoitalia.com\/de\/produkt\/schreibtisch-mit-schublade-und-offenem-fach-100x50xh74-cm-eichenfarbe-fur-buro-oder-arbeitszimmer.html#primaryimage"},"image":{"@id":"https:\/\/www.bagnoitalia.com\/de\/produkt\/schreibtisch-mit-schublade-und-offenem-fach-100x50xh74-cm-eichenfarbe-fur-buro-oder-arbeitszimmer.html#primaryimage"},"thumbnailUrl":"https:\/\/img.bagnoitalia.com\/wp-content\/uploads\/virtuemart\/product\/scr-004_1.jpg","datePublished":"2022-03-30T05:47:46+00:00","description":"Moderner Schreibtisch geeignet f\u00fcr B\u00fcro, Studium, Gaming und vieles mehr. Erh\u00e4ltlich in Eiche, mit einem praktischen offenen Fach und einer Seitenschublade","breadcrumb":{"@id":"https:\/\/www.bagnoitalia.com\/de\/produkt\/schreibtisch-mit-schublade-und-offenem-fach-100x50xh74-cm-eichenfarbe-fur-buro-oder-arbeitszimmer.html#breadcrumb"},"inLanguage":"de","potentialAction":[{"@type":"ReadAction","target":["https:\/\/www.bagnoitalia.com\/de\/produkt\/schreibtisch-mit-schublade-und-offenem-fach-100x50xh74-cm-eichenfarbe-fur-buro-oder-arbeitszimmer.html"]}]},{"@type":"ImageObject","inLanguage":"de","@id":"https:\/\/www.bagnoitalia.com\/de\/produkt\/schreibtisch-mit-schublade-und-offenem-fach-100x50xh74-cm-eichenfarbe-fur-buro-oder-arbeitszimmer.html#primaryimage","url":"https:\/\/img.bagnoitalia.com\/wp-content\/uploads\/virtuemart\/product\/scr-004_1.jpg","contentUrl":"https:\/\/img.bagnoitalia.com\/wp-content\/uploads\/virtuemart\/product\/scr-004_1.jpg","width":500,"height":500},{"@type":"BreadcrumbList","@id":"https:\/\/www.bagnoitalia.com\/de\/produkt\/schreibtisch-mit-schublade-und-offenem-fach-100x50xh74-cm-eichenfarbe-fur-buro-oder-arbeitszimmer.html#breadcrumb","itemListElement":[{"@type":"ListItem","position":1,"name":"Home","item":"https:\/\/www.bagnoitalia.com\/de"},{"@type":"ListItem","position":2,"name":"Produkte","item":"https:\/\/www.bagnoitalia.com\/de\/shop"},{"@type":"ListItem","position":3,"name":"Schreibtisch mit Schublade und offenem Fach 100x50xH74 cm Eichenfarbe f\u00fcr B\u00fcro oder Arbeitszimmer TL025"}]},{"@type":"WebSite","@id":"https:\/\/www.bagnoitalia.com\/de#website","url":"https:\/\/www.bagnoitalia.com\/de","name":"Bagno Italia","description":"","publisher":{"@id":"https:\/\/www.bagnoitalia.com\/de#organization"},"potentialAction":[{"@type":"SearchAction","target":{"@type":"EntryPoint","urlTemplate":"https:\/\/www.bagnoitalia.com\/de?s={search_term_string}"},"query-input":{"@type":"PropertyValueSpecification","valueRequired":true,"valueName":"search_term_string"}}],"inLanguage":"de"},{"@type":"Organization","@id":"https:\/\/www.bagnoitalia.com\/de#organization","name":"Bagno Italia","url":"https:\/\/www.bagnoitalia.com\/de","logo":{"@type":"ImageObject","inLanguage":"de","@id":"https:\/\/www.bagnoitalia.com\/de#\/schema\/logo\/image\/","url":"https:\/\/img.bagnoitalia.com\/wp-content\/uploads\/logo-bagnoitalia.webp","contentUrl":"https:\/\/img.bagnoitalia.com\/wp-content\/uploads\/logo-bagnoitalia.webp","width":400,"height":70,"caption":"Bagno Italia"},"image":{"@id":"https:\/\/www.bagnoitalia.com\/de#\/schema\/logo\/image\/"}}]}},"_links":{"self":[{"href":"https:\/\/www.bagnoitalia.com\/de\/wp-json\/wp\/v2\/product\/82057","targetHints":{"allow":["GET"]}}],"collection":[{"href":"https:\/\/www.bagnoitalia.com\/de\/wp-json\/wp\/v2\/product"}],"about":[{"href":"https:\/\/www.bagnoitalia.com\/de\/wp-json\/wp\/v2\/types\/product"}],"replies":[{"embeddable":true,"href":"https:\/\/www.bagnoitalia.com\/de\/wp-json\/wp\/v2\/comments?post=82057"}],"version-history":[{"count":0,"href":"https:\/\/www.bagnoitalia.com\/de\/wp-json\/wp\/v2\/product\/82057\/revisions"}],"wp:featuredmedia":[{"embeddable":true,"href":"https:\/\/www.bagnoitalia.com\/de\/wp-json\/wp\/v2\/media\/52112"}],"wp:attachment":[{"href":"https:\/\/www.bagnoitalia.com\/de\/wp-json\/wp\/v2\/media?parent=82057"}],"wp:term":[{"taxonomy":"product_brand","embeddable":true,"href":"https:\/\/www.bagnoitalia.com\/de\/wp-json\/wp\/v2\/product_brand?post=82057"},{"taxonomy":"product_cat","embeddable":true,"href":"https:\/\/www.bagnoitalia.com\/de\/wp-json\/wp\/v2\/product_cat?post=82057"},{"taxonomy":"product_tag","embeddable":true,"href":"https:\/\/www.bagnoitalia.com\/de\/wp-json\/wp\/v2\/product_tag?post=82057"}],"curies":[{"name":"wp","href":"https:\/\/api.w.org\/{rel}","templated":true}]}}