{"id":81969,"date":"2022-03-30T07:47:46","date_gmt":"2022-03-30T05:47:46","guid":{"rendered":"https:\/\/www.bagnoitalia.com\/product\/roberta-3-sitzer-schlafsofa-230-x-130-cm-aus-schwarzem-kunstleder-und-grauer-mikrofaser"},"modified":"2022-03-30T07:47:46","modified_gmt":"2022-03-30T05:47:46","slug":"roberta-3-sitzer-schlafsofa-230-x-130-cm-aus-schwarzem-kunstleder-und-grauer-mikrofaser","status":"publish","type":"product","link":"https:\/\/www.bagnoitalia.com\/de\/produkt\/roberta-3-sitzer-schlafsofa-230-x-130-cm-aus-schwarzem-kunstleder-und-grauer-mikrofaser.html","title":{"rendered":"Roberta 3-Sitzer-Schlafsofa 230 x 130 cm aus schwarzem Kunstleder und grauer Mikrofaser"},"content":{"rendered":"<p><span style=\"text-decoration: underline; font-size: 12pt;\"><strong><span style=\"font-size: 24pt;\"><strong><span style=\"font-size: 24pt;\"><\/span><\/strong>ZWEIFARBIGES SCHLAFSOFA &quot;ROBERTA&quot;.<\/span><br \/><\/strong><\/span><\/p>\n<\/p>\n<p> <strong style=\"font-family: 'Arial Unicode MS', sans-serif;\">PRODUKTEIGENSCHAFTEN:<br \/><\/strong><\/p>\n<p> Gesamtl\u00e4nge: 230 cm<\/p>\n<p> Sitzl\u00e4nge: 190 cm<\/p>\n<p> Gesamttiefe: geschlossen 96 cm; ge\u00f6ffnet (Bett) 130 cm<\/p>\n<p> Sitztiefe: 57 cm<\/p>\n<p> Gesamth\u00f6he: 101 cm<strong><br \/><\/strong><\/p>\n<p> Sitzh\u00f6he: 48 cm<\/p>\n<p> Kapazit\u00e4t: 3 Personen<\/p>\n<p> praktisches Staufach unter dem Sitz<\/p>\n<p> Kissen enthalten<\/p>\n<p> \u201eKlick-Klack\u201c-R\u00fcckenlehne in Liegeposition neigbar mit Anti-Kipp-System<\/p>\n<\/p>\n<p> MATERIALIEN:<\/p>\n<p> Polsterung aus grauer Mikrofaser und schwarzem Kunstleder<\/p>\n<p> Buchenholzstruktur<\/p>\n<p> Containerfach in MDF<\/p>\n<\/p>\n<p> NUR AUF BESTELLUNG IST ES M\u00d6GLICH, DAS SOFA IN ANDEREN AUSF\u00dcHRUNGEN WIE AUF DEM FOTO UNTEN ZU FORDERN (f\u00fcr Informationen und ein Angebot klicken Sie auf die Schaltfl\u00e4che &quot;Frage zu diesem Produkt stellen&quot;)<\/p>\n<p><img decoding=\"async\" src=\"images\/images\/colori-su-ordinazione-per-divano-letto-angolare.jpg\" alt=\"\" \/><\/p>\n<\/p>\n<p>035<\/p>\n","protected":false},"excerpt":{"rendered":"<p>Modernes Wohnzimmersofa mit neigbarer R\u00fcckenlehne mit &quot;Klick-Klack&quot;-System f\u00fcr die Schlafposition, geeignet f\u00fcr drei Personen. Sitzfl\u00e4che aus weicher grauer Mikrofaser und Struktur aus elegantem schwarzem Kunstleder.<\/p>\n","protected":false},"featured_media":51544,"comment_status":"open","ping_status":"closed","template":"","meta":[],"product_brand":[9925],"product_cat":[15],"product_tag":[],"class_list":{"0":"post-81969","1":"product","2":"type-product","3":"status-publish","4":"has-post-thumbnail","6":"product_brand-predator-arredo-casa-de","7":"product_cat-senza-categoria","9":"first","10":"outofstock","11":"taxable","12":"shipping-taxable","13":"purchasable","14":"product-type-simple"},"exclude_global_add_ons":[],"addons":[],"yoast_head":"<!-- This site is optimized with the Yoast SEO plugin v26.7 - https:\/\/yoast.com\/wordpress\/plugins\/seo\/ -->\n<title>Roberta 3-Sitzer-Schlafsofa 230 x 130 cm aus schwarzem Kunstleder und grauer Mikrofaser<\/title>\n<meta name=\"description\" content=\"Modernes Wohnzimmersofa mit neigbarer R\u00fcckenlehne mit &quot;Klick-Klack&quot;-System f\u00fcr die Schlafposition, geeignet f\u00fcr drei Personen. Sitzfl\u00e4che aus weicher grauer Mikrofaser und Struktur aus elegantem schwarzem Kunstleder.\" \/>\n<meta name=\"robots\" content=\"index, follow, max-snippet:-1, max-image-preview:large, max-video-preview:-1\" \/>\n<link rel=\"canonical\" href=\"https:\/\/www.bagnoitalia.com\/de\/produkt\/roberta-3-sitzer-schlafsofa-230-x-130-cm-aus-schwarzem-kunstleder-und-grauer-mikrofaser.html\" \/>\n<meta property=\"og:locale\" content=\"de_DE\" \/>\n<meta property=\"og:type\" content=\"article\" \/>\n<meta property=\"og:title\" content=\"Roberta 3-Sitzer-Schlafsofa 230 x 130 cm aus schwarzem Kunstleder und grauer Mikrofaser\" \/>\n<meta property=\"og:description\" content=\"Modernes Wohnzimmersofa mit neigbarer R\u00fcckenlehne mit &quot;Klick-Klack&quot;-System f\u00fcr die Schlafposition, geeignet f\u00fcr drei Personen. Sitzfl\u00e4che aus weicher grauer Mikrofaser und Struktur aus elegantem schwarzem Kunstleder.\" \/>\n<meta property=\"og:url\" content=\"https:\/\/www.bagnoitalia.com\/de\/produkt\/roberta-3-sitzer-schlafsofa-230-x-130-cm-aus-schwarzem-kunstleder-und-grauer-mikrofaser.html\" \/>\n<meta property=\"og:site_name\" content=\"Bagno Italia\" \/>\n<meta property=\"og:image\" content=\"https:\/\/img.bagnoitalia.com\/wp-content\/uploads\/virtuemart\/product\/D1V-0929_1.jpg\" \/>\n\t<meta property=\"og:image:width\" content=\"550\" \/>\n\t<meta property=\"og:image:height\" content=\"550\" \/>\n\t<meta property=\"og:image:type\" content=\"image\/jpeg\" \/>\n<meta name=\"twitter:card\" content=\"summary_large_image\" \/>\n<script type=\"application\/ld+json\" class=\"yoast-schema-graph\">{\"@context\":\"https:\/\/schema.org\",\"@graph\":[{\"@type\":\"WebPage\",\"@id\":\"https:\/\/www.bagnoitalia.com\/de\/produkt\/roberta-3-sitzer-schlafsofa-230-x-130-cm-aus-schwarzem-kunstleder-und-grauer-mikrofaser.html\",\"url\":\"https:\/\/www.bagnoitalia.com\/de\/produkt\/roberta-3-sitzer-schlafsofa-230-x-130-cm-aus-schwarzem-kunstleder-und-grauer-mikrofaser.html\",\"name\":\"Roberta 3-Sitzer-Schlafsofa 230 x 130 cm aus schwarzem Kunstleder und grauer Mikrofaser\",\"isPartOf\":{\"@id\":\"https:\/\/www.bagnoitalia.com\/de#website\"},\"primaryImageOfPage\":{\"@id\":\"https:\/\/www.bagnoitalia.com\/de\/produkt\/roberta-3-sitzer-schlafsofa-230-x-130-cm-aus-schwarzem-kunstleder-und-grauer-mikrofaser.html#primaryimage\"},\"image\":{\"@id\":\"https:\/\/www.bagnoitalia.com\/de\/produkt\/roberta-3-sitzer-schlafsofa-230-x-130-cm-aus-schwarzem-kunstleder-und-grauer-mikrofaser.html#primaryimage\"},\"thumbnailUrl\":\"https:\/\/img.bagnoitalia.com\/wp-content\/uploads\/virtuemart\/product\/D1V-0929_1.jpg\",\"datePublished\":\"2022-03-30T05:47:46+00:00\",\"description\":\"Modernes Wohnzimmersofa mit neigbarer R\u00fcckenlehne mit &quot;Klick-Klack&quot;-System f\u00fcr die Schlafposition, geeignet f\u00fcr drei Personen. Sitzfl\u00e4che aus weicher grauer Mikrofaser und Struktur aus elegantem schwarzem Kunstleder.\",\"breadcrumb\":{\"@id\":\"https:\/\/www.bagnoitalia.com\/de\/produkt\/roberta-3-sitzer-schlafsofa-230-x-130-cm-aus-schwarzem-kunstleder-und-grauer-mikrofaser.html#breadcrumb\"},\"inLanguage\":\"de\",\"potentialAction\":[{\"@type\":\"ReadAction\",\"target\":[\"https:\/\/www.bagnoitalia.com\/de\/produkt\/roberta-3-sitzer-schlafsofa-230-x-130-cm-aus-schwarzem-kunstleder-und-grauer-mikrofaser.html\"]}]},{\"@type\":\"ImageObject\",\"inLanguage\":\"de\",\"@id\":\"https:\/\/www.bagnoitalia.com\/de\/produkt\/roberta-3-sitzer-schlafsofa-230-x-130-cm-aus-schwarzem-kunstleder-und-grauer-mikrofaser.html#primaryimage\",\"url\":\"https:\/\/img.bagnoitalia.com\/wp-content\/uploads\/virtuemart\/product\/D1V-0929_1.jpg\",\"contentUrl\":\"https:\/\/img.bagnoitalia.com\/wp-content\/uploads\/virtuemart\/product\/D1V-0929_1.jpg\",\"width\":550,\"height\":550},{\"@type\":\"BreadcrumbList\",\"@id\":\"https:\/\/www.bagnoitalia.com\/de\/produkt\/roberta-3-sitzer-schlafsofa-230-x-130-cm-aus-schwarzem-kunstleder-und-grauer-mikrofaser.html#breadcrumb\",\"itemListElement\":[{\"@type\":\"ListItem\",\"position\":1,\"name\":\"Home\",\"item\":\"https:\/\/www.bagnoitalia.com\/de\"},{\"@type\":\"ListItem\",\"position\":2,\"name\":\"Produkte\",\"item\":\"https:\/\/www.bagnoitalia.com\/de\/shop\"},{\"@type\":\"ListItem\",\"position\":3,\"name\":\"Roberta 3-Sitzer-Schlafsofa 230 x 130 cm aus schwarzem Kunstleder und grauer Mikrofaser\"}]},{\"@type\":\"WebSite\",\"@id\":\"https:\/\/www.bagnoitalia.com\/de#website\",\"url\":\"https:\/\/www.bagnoitalia.com\/de\",\"name\":\"Bagno Italia\",\"description\":\"\",\"publisher\":{\"@id\":\"https:\/\/www.bagnoitalia.com\/de#organization\"},\"potentialAction\":[{\"@type\":\"SearchAction\",\"target\":{\"@type\":\"EntryPoint\",\"urlTemplate\":\"https:\/\/www.bagnoitalia.com\/de?s={search_term_string}\"},\"query-input\":{\"@type\":\"PropertyValueSpecification\",\"valueRequired\":true,\"valueName\":\"search_term_string\"}}],\"inLanguage\":\"de\"},{\"@type\":\"Organization\",\"@id\":\"https:\/\/www.bagnoitalia.com\/de#organization\",\"name\":\"Bagno Italia\",\"url\":\"https:\/\/www.bagnoitalia.com\/de\",\"logo\":{\"@type\":\"ImageObject\",\"inLanguage\":\"de\",\"@id\":\"https:\/\/www.bagnoitalia.com\/de#\/schema\/logo\/image\/\",\"url\":\"https:\/\/img.bagnoitalia.com\/wp-content\/uploads\/logo-bagnoitalia.webp\",\"contentUrl\":\"https:\/\/img.bagnoitalia.com\/wp-content\/uploads\/logo-bagnoitalia.webp\",\"width\":400,\"height\":70,\"caption\":\"Bagno Italia\"},\"image\":{\"@id\":\"https:\/\/www.bagnoitalia.com\/de#\/schema\/logo\/image\/\"}}]}<\/script>\n<!-- \/ Yoast SEO plugin. -->","yoast_head_json":{"title":"Roberta 3-Sitzer-Schlafsofa 230 x 130 cm aus schwarzem Kunstleder und grauer Mikrofaser","description":"Modernes Wohnzimmersofa mit neigbarer R\u00fcckenlehne mit &quot;Klick-Klack&quot;-System f\u00fcr die Schlafposition, geeignet f\u00fcr drei Personen. Sitzfl\u00e4che aus weicher grauer Mikrofaser und Struktur aus elegantem schwarzem Kunstleder.","robots":{"index":"index","follow":"follow","max-snippet":"max-snippet:-1","max-image-preview":"max-image-preview:large","max-video-preview":"max-video-preview:-1"},"canonical":"https:\/\/www.bagnoitalia.com\/de\/produkt\/roberta-3-sitzer-schlafsofa-230-x-130-cm-aus-schwarzem-kunstleder-und-grauer-mikrofaser.html","og_locale":"de_DE","og_type":"article","og_title":"Roberta 3-Sitzer-Schlafsofa 230 x 130 cm aus schwarzem Kunstleder und grauer Mikrofaser","og_description":"Modernes Wohnzimmersofa mit neigbarer R\u00fcckenlehne mit &quot;Klick-Klack&quot;-System f\u00fcr die Schlafposition, geeignet f\u00fcr drei Personen. Sitzfl\u00e4che aus weicher grauer Mikrofaser und Struktur aus elegantem schwarzem Kunstleder.","og_url":"https:\/\/www.bagnoitalia.com\/de\/produkt\/roberta-3-sitzer-schlafsofa-230-x-130-cm-aus-schwarzem-kunstleder-und-grauer-mikrofaser.html","og_site_name":"Bagno Italia","og_image":[{"width":550,"height":550,"url":"https:\/\/img.bagnoitalia.com\/wp-content\/uploads\/virtuemart\/product\/D1V-0929_1.jpg","type":"image\/jpeg"}],"twitter_card":"summary_large_image","schema":{"@context":"https:\/\/schema.org","@graph":[{"@type":"WebPage","@id":"https:\/\/www.bagnoitalia.com\/de\/produkt\/roberta-3-sitzer-schlafsofa-230-x-130-cm-aus-schwarzem-kunstleder-und-grauer-mikrofaser.html","url":"https:\/\/www.bagnoitalia.com\/de\/produkt\/roberta-3-sitzer-schlafsofa-230-x-130-cm-aus-schwarzem-kunstleder-und-grauer-mikrofaser.html","name":"Roberta 3-Sitzer-Schlafsofa 230 x 130 cm aus schwarzem Kunstleder und grauer Mikrofaser","isPartOf":{"@id":"https:\/\/www.bagnoitalia.com\/de#website"},"primaryImageOfPage":{"@id":"https:\/\/www.bagnoitalia.com\/de\/produkt\/roberta-3-sitzer-schlafsofa-230-x-130-cm-aus-schwarzem-kunstleder-und-grauer-mikrofaser.html#primaryimage"},"image":{"@id":"https:\/\/www.bagnoitalia.com\/de\/produkt\/roberta-3-sitzer-schlafsofa-230-x-130-cm-aus-schwarzem-kunstleder-und-grauer-mikrofaser.html#primaryimage"},"thumbnailUrl":"https:\/\/img.bagnoitalia.com\/wp-content\/uploads\/virtuemart\/product\/D1V-0929_1.jpg","datePublished":"2022-03-30T05:47:46+00:00","description":"Modernes Wohnzimmersofa mit neigbarer R\u00fcckenlehne mit &quot;Klick-Klack&quot;-System f\u00fcr die Schlafposition, geeignet f\u00fcr drei Personen. Sitzfl\u00e4che aus weicher grauer Mikrofaser und Struktur aus elegantem schwarzem Kunstleder.","breadcrumb":{"@id":"https:\/\/www.bagnoitalia.com\/de\/produkt\/roberta-3-sitzer-schlafsofa-230-x-130-cm-aus-schwarzem-kunstleder-und-grauer-mikrofaser.html#breadcrumb"},"inLanguage":"de","potentialAction":[{"@type":"ReadAction","target":["https:\/\/www.bagnoitalia.com\/de\/produkt\/roberta-3-sitzer-schlafsofa-230-x-130-cm-aus-schwarzem-kunstleder-und-grauer-mikrofaser.html"]}]},{"@type":"ImageObject","inLanguage":"de","@id":"https:\/\/www.bagnoitalia.com\/de\/produkt\/roberta-3-sitzer-schlafsofa-230-x-130-cm-aus-schwarzem-kunstleder-und-grauer-mikrofaser.html#primaryimage","url":"https:\/\/img.bagnoitalia.com\/wp-content\/uploads\/virtuemart\/product\/D1V-0929_1.jpg","contentUrl":"https:\/\/img.bagnoitalia.com\/wp-content\/uploads\/virtuemart\/product\/D1V-0929_1.jpg","width":550,"height":550},{"@type":"BreadcrumbList","@id":"https:\/\/www.bagnoitalia.com\/de\/produkt\/roberta-3-sitzer-schlafsofa-230-x-130-cm-aus-schwarzem-kunstleder-und-grauer-mikrofaser.html#breadcrumb","itemListElement":[{"@type":"ListItem","position":1,"name":"Home","item":"https:\/\/www.bagnoitalia.com\/de"},{"@type":"ListItem","position":2,"name":"Produkte","item":"https:\/\/www.bagnoitalia.com\/de\/shop"},{"@type":"ListItem","position":3,"name":"Roberta 3-Sitzer-Schlafsofa 230 x 130 cm aus schwarzem Kunstleder und grauer Mikrofaser"}]},{"@type":"WebSite","@id":"https:\/\/www.bagnoitalia.com\/de#website","url":"https:\/\/www.bagnoitalia.com\/de","name":"Bagno Italia","description":"","publisher":{"@id":"https:\/\/www.bagnoitalia.com\/de#organization"},"potentialAction":[{"@type":"SearchAction","target":{"@type":"EntryPoint","urlTemplate":"https:\/\/www.bagnoitalia.com\/de?s={search_term_string}"},"query-input":{"@type":"PropertyValueSpecification","valueRequired":true,"valueName":"search_term_string"}}],"inLanguage":"de"},{"@type":"Organization","@id":"https:\/\/www.bagnoitalia.com\/de#organization","name":"Bagno Italia","url":"https:\/\/www.bagnoitalia.com\/de","logo":{"@type":"ImageObject","inLanguage":"de","@id":"https:\/\/www.bagnoitalia.com\/de#\/schema\/logo\/image\/","url":"https:\/\/img.bagnoitalia.com\/wp-content\/uploads\/logo-bagnoitalia.webp","contentUrl":"https:\/\/img.bagnoitalia.com\/wp-content\/uploads\/logo-bagnoitalia.webp","width":400,"height":70,"caption":"Bagno Italia"},"image":{"@id":"https:\/\/www.bagnoitalia.com\/de#\/schema\/logo\/image\/"}}]}},"_links":{"self":[{"href":"https:\/\/www.bagnoitalia.com\/de\/wp-json\/wp\/v2\/product\/81969","targetHints":{"allow":["GET"]}}],"collection":[{"href":"https:\/\/www.bagnoitalia.com\/de\/wp-json\/wp\/v2\/product"}],"about":[{"href":"https:\/\/www.bagnoitalia.com\/de\/wp-json\/wp\/v2\/types\/product"}],"replies":[{"embeddable":true,"href":"https:\/\/www.bagnoitalia.com\/de\/wp-json\/wp\/v2\/comments?post=81969"}],"version-history":[{"count":0,"href":"https:\/\/www.bagnoitalia.com\/de\/wp-json\/wp\/v2\/product\/81969\/revisions"}],"wp:featuredmedia":[{"embeddable":true,"href":"https:\/\/www.bagnoitalia.com\/de\/wp-json\/wp\/v2\/media\/51544"}],"wp:attachment":[{"href":"https:\/\/www.bagnoitalia.com\/de\/wp-json\/wp\/v2\/media?parent=81969"}],"wp:term":[{"taxonomy":"product_brand","embeddable":true,"href":"https:\/\/www.bagnoitalia.com\/de\/wp-json\/wp\/v2\/product_brand?post=81969"},{"taxonomy":"product_cat","embeddable":true,"href":"https:\/\/www.bagnoitalia.com\/de\/wp-json\/wp\/v2\/product_cat?post=81969"},{"taxonomy":"product_tag","embeddable":true,"href":"https:\/\/www.bagnoitalia.com\/de\/wp-json\/wp\/v2\/product_tag?post=81969"}],"curies":[{"name":"wp","href":"https:\/\/api.w.org\/{rel}","templated":true}]}}