{"id":81857,"date":"2022-03-30T07:47:46","date_gmt":"2022-03-30T05:47:46","guid":{"rendered":"https:\/\/www.bagnoitalia.com\/product\/hangender-badezimmerschrank-very-100-cm-mit-schublade-und-harzwaschbecken"},"modified":"2024-05-29T15:59:38","modified_gmt":"2024-05-29T13:59:38","slug":"hangender-badezimmerschrank-very-100-cm-mit-schublade-und-harzwaschbecken","status":"publish","type":"product","link":"https:\/\/www.bagnoitalia.com\/de\/produkt\/hangender-badezimmerschrank-very-100-cm-mit-schublade-und-harzwaschbecken.html","title":{"rendered":"H\u00e4ngender Badezimmerschrank \u201eVery\u201c, 100 cm, mit Schublade und Harzwaschbecken"},"content":{"rendered":"<p><strong>&#8222;VERY&#8220; H\u00c4NGENDE BADEZIMMERM\u00d6BEL<\/strong><\/p>\n<p><strong>Eigenschaften:<br \/>\n<\/strong><\/p>\n<p>100x46xH40 cm Waschbeckenst\u00e4nder<\/p>\n<p>Harzwaschbecken 101x46x2,5 cm (Innenma\u00dfe: 55x28xH12 cm)<\/p>\n<p>\u00dcberlaufloch im Lieferumfang enthalten<\/p>\n<p>MDF-Basis mit mattwei\u00dfen Seiten und gebleichter Kiefernholzfront<\/p>\n<p>Kommode mit Soft-Closing und Rillen\u00f6ffnung<\/p>\n<p>Es ist m\u00f6glich, den umkehrbaren Spiegel mit LED-Applikation \u00fcber das Men\u00fc oben hinzuzuf\u00fcgen<\/p>\n<p>ACHTUNG: ABFLUSS UND H\u00c4HNE NICHT IM PREIS INBEGRIFFEN<\/p>\n","protected":false},"excerpt":{"rendered":"<p>moderne h\u00e4ngende Badezimmerm\u00f6bel mit Waschbecken und Kommode. Es ist m\u00f6glich, den Wendespiegel mit Applikation zu kombinieren<\/p>\n","protected":false},"featured_media":50768,"comment_status":"open","ping_status":"closed","template":"","meta":[],"product_brand":[5011],"product_cat":[9720],"product_tag":[],"class_list":{"0":"post-81857","1":"product","2":"type-product","3":"status-publish","4":"has-post-thumbnail","6":"product_brand-baden-haus","7":"product_cat-badmobel-von-71-bis-100-cm-moderne-mobel","9":"first","10":"instock","11":"sale","12":"taxable","13":"shipping-taxable","14":"purchasable","15":"product-type-simple"},"exclude_global_add_ons":false,"addons":[{"name":"Spiegel","type":"multiple_choice","position":0,"required":true,"title_format":"heading","default":"","description_enable":false,"description":"","placeholder_enable":false,"placeholder":"","display":"select","restrictions_type":"any_text","adjust_price":false,"price":"","price_type":"flat_fee","restrictions":false,"min":"0","max":"0","options":[{"label":"nein","price":"","price_type":"quantity_based","image":0,"visibility":true},{"label":"90x55 cm mit verchromter Led-Applikation","price":"65","price_type":"quantity_based","image":0,"visibility":true},{"label":"90x55 cm mit schwarzer led-applikation","price":"65","price_type":"quantity_based","image":0,"visibility":true},{"label":"80x60 cm mit verchromter led applikation","price":"65","price_type":"quantity_based","image":0,"visibility":true},{"label":"80x60 cm mit schwarzer led applikation","price":"65","price_type":"quantity_based","image":0,"visibility":true}],"id":1716998379},{"name":"S\u00e4ule","type":"multiple_choice","position":1,"required":true,"title_format":"heading","default":"","description_enable":false,"description":"","placeholder_enable":false,"placeholder":"","display":"select","restrictions_type":"any_text","adjust_price":false,"price":"","price_type":"flat_fee","restrictions":false,"min":"0","max":"0","options":[{"label":"ohne","price":"","price_type":"quantity_based","image":0,"visibility":true},{"label":"S\u00e4ule wei\u00df gl\u00e4nzend 35x20xH140 cm","price":"179","price_type":"quantity_based","image":0,"visibility":true}],"id":1716998380}],"yoast_head":"<!-- This site is optimized with the Yoast SEO plugin v26.7 - https:\/\/yoast.com\/wordpress\/plugins\/seo\/ -->\n<title>H\u00e4ngender Badezimmerschrank \u201eVery\u201c, 100 cm, mit Schublade und Harzwaschbecken<\/title>\n<meta name=\"description\" content=\"moderne h\u00e4ngende Badezimmerm\u00f6bel mit Waschbecken und Kommode. Es ist m\u00f6glich, den Wendespiegel mit Applikation zu kombinieren\" \/>\n<meta name=\"robots\" content=\"index, follow, max-snippet:-1, max-image-preview:large, max-video-preview:-1\" \/>\n<link rel=\"canonical\" href=\"https:\/\/www.bagnoitalia.com\/de\/produkt\/hangender-badezimmerschrank-very-100-cm-mit-schublade-und-harzwaschbecken.html\" \/>\n<meta property=\"og:locale\" content=\"de_DE\" \/>\n<meta property=\"og:type\" content=\"article\" \/>\n<meta property=\"og:title\" content=\"H\u00e4ngender Badezimmerschrank \u201eVery\u201c, 100 cm, mit Schublade und Harzwaschbecken\" \/>\n<meta property=\"og:description\" content=\"moderne h\u00e4ngende Badezimmerm\u00f6bel mit Waschbecken und Kommode. Es ist m\u00f6glich, den Wendespiegel mit Applikation zu kombinieren\" \/>\n<meta property=\"og:url\" content=\"https:\/\/www.bagnoitalia.com\/de\/produkt\/hangender-badezimmerschrank-very-100-cm-mit-schublade-und-harzwaschbecken.html\" \/>\n<meta property=\"og:site_name\" content=\"Bagno Italia\" \/>\n<meta property=\"article:modified_time\" content=\"2024-05-29T13:59:38+00:00\" \/>\n<meta property=\"og:image\" content=\"https:\/\/img.bagnoitalia.com\/wp-content\/uploads\/virtuemart\/product\/MB0007_2.jpg\" \/>\n\t<meta property=\"og:image:width\" content=\"550\" \/>\n\t<meta property=\"og:image:height\" content=\"550\" \/>\n\t<meta property=\"og:image:type\" content=\"image\/jpeg\" \/>\n<meta name=\"twitter:card\" content=\"summary_large_image\" \/>\n<meta name=\"twitter:label1\" content=\"Gesch\u00e4tzte Lesezeit\" \/>\n\t<meta name=\"twitter:data1\" content=\"1\u00a0Minute\" \/>\n<script type=\"application\/ld+json\" class=\"yoast-schema-graph\">{\"@context\":\"https:\/\/schema.org\",\"@graph\":[{\"@type\":\"WebPage\",\"@id\":\"https:\/\/www.bagnoitalia.com\/de\/produkt\/hangender-badezimmerschrank-very-100-cm-mit-schublade-und-harzwaschbecken.html\",\"url\":\"https:\/\/www.bagnoitalia.com\/de\/produkt\/hangender-badezimmerschrank-very-100-cm-mit-schublade-und-harzwaschbecken.html\",\"name\":\"H\u00e4ngender Badezimmerschrank \u201eVery\u201c, 100 cm, mit Schublade und Harzwaschbecken\",\"isPartOf\":{\"@id\":\"https:\/\/www.bagnoitalia.com\/de#website\"},\"primaryImageOfPage\":{\"@id\":\"https:\/\/www.bagnoitalia.com\/de\/produkt\/hangender-badezimmerschrank-very-100-cm-mit-schublade-und-harzwaschbecken.html#primaryimage\"},\"image\":{\"@id\":\"https:\/\/www.bagnoitalia.com\/de\/produkt\/hangender-badezimmerschrank-very-100-cm-mit-schublade-und-harzwaschbecken.html#primaryimage\"},\"thumbnailUrl\":\"https:\/\/img.bagnoitalia.com\/wp-content\/uploads\/virtuemart\/product\/MB0007_2.jpg\",\"datePublished\":\"2022-03-30T05:47:46+00:00\",\"dateModified\":\"2024-05-29T13:59:38+00:00\",\"description\":\"moderne h\u00e4ngende Badezimmerm\u00f6bel mit Waschbecken und Kommode. Es ist m\u00f6glich, den Wendespiegel mit Applikation zu kombinieren\",\"breadcrumb\":{\"@id\":\"https:\/\/www.bagnoitalia.com\/de\/produkt\/hangender-badezimmerschrank-very-100-cm-mit-schublade-und-harzwaschbecken.html#breadcrumb\"},\"inLanguage\":\"de\",\"potentialAction\":[{\"@type\":\"ReadAction\",\"target\":[\"https:\/\/www.bagnoitalia.com\/de\/produkt\/hangender-badezimmerschrank-very-100-cm-mit-schublade-und-harzwaschbecken.html\"]}]},{\"@type\":\"ImageObject\",\"inLanguage\":\"de\",\"@id\":\"https:\/\/www.bagnoitalia.com\/de\/produkt\/hangender-badezimmerschrank-very-100-cm-mit-schublade-und-harzwaschbecken.html#primaryimage\",\"url\":\"https:\/\/img.bagnoitalia.com\/wp-content\/uploads\/virtuemart\/product\/MB0007_2.jpg\",\"contentUrl\":\"https:\/\/img.bagnoitalia.com\/wp-content\/uploads\/virtuemart\/product\/MB0007_2.jpg\",\"width\":550,\"height\":550},{\"@type\":\"BreadcrumbList\",\"@id\":\"https:\/\/www.bagnoitalia.com\/de\/produkt\/hangender-badezimmerschrank-very-100-cm-mit-schublade-und-harzwaschbecken.html#breadcrumb\",\"itemListElement\":[{\"@type\":\"ListItem\",\"position\":1,\"name\":\"Home\",\"item\":\"https:\/\/www.bagnoitalia.com\/de\"},{\"@type\":\"ListItem\",\"position\":2,\"name\":\"Produkte\",\"item\":\"https:\/\/www.bagnoitalia.com\/de\/shop\"},{\"@type\":\"ListItem\",\"position\":3,\"name\":\"H\u00e4ngender Badezimmerschrank \u201eVery\u201c, 100 cm, mit Schublade und Harzwaschbecken\"}]},{\"@type\":\"WebSite\",\"@id\":\"https:\/\/www.bagnoitalia.com\/de#website\",\"url\":\"https:\/\/www.bagnoitalia.com\/de\",\"name\":\"Bagno Italia\",\"description\":\"\",\"publisher\":{\"@id\":\"https:\/\/www.bagnoitalia.com\/de#organization\"},\"potentialAction\":[{\"@type\":\"SearchAction\",\"target\":{\"@type\":\"EntryPoint\",\"urlTemplate\":\"https:\/\/www.bagnoitalia.com\/de?s={search_term_string}\"},\"query-input\":{\"@type\":\"PropertyValueSpecification\",\"valueRequired\":true,\"valueName\":\"search_term_string\"}}],\"inLanguage\":\"de\"},{\"@type\":\"Organization\",\"@id\":\"https:\/\/www.bagnoitalia.com\/de#organization\",\"name\":\"Bagno Italia\",\"url\":\"https:\/\/www.bagnoitalia.com\/de\",\"logo\":{\"@type\":\"ImageObject\",\"inLanguage\":\"de\",\"@id\":\"https:\/\/www.bagnoitalia.com\/de#\/schema\/logo\/image\/\",\"url\":\"https:\/\/img.bagnoitalia.com\/wp-content\/uploads\/logo-bagnoitalia.webp\",\"contentUrl\":\"https:\/\/img.bagnoitalia.com\/wp-content\/uploads\/logo-bagnoitalia.webp\",\"width\":400,\"height\":70,\"caption\":\"Bagno Italia\"},\"image\":{\"@id\":\"https:\/\/www.bagnoitalia.com\/de#\/schema\/logo\/image\/\"}}]}<\/script>\n<!-- \/ Yoast SEO plugin. -->","yoast_head_json":{"title":"H\u00e4ngender Badezimmerschrank \u201eVery\u201c, 100 cm, mit Schublade und Harzwaschbecken","description":"moderne h\u00e4ngende Badezimmerm\u00f6bel mit Waschbecken und Kommode. Es ist m\u00f6glich, den Wendespiegel mit Applikation zu kombinieren","robots":{"index":"index","follow":"follow","max-snippet":"max-snippet:-1","max-image-preview":"max-image-preview:large","max-video-preview":"max-video-preview:-1"},"canonical":"https:\/\/www.bagnoitalia.com\/de\/produkt\/hangender-badezimmerschrank-very-100-cm-mit-schublade-und-harzwaschbecken.html","og_locale":"de_DE","og_type":"article","og_title":"H\u00e4ngender Badezimmerschrank \u201eVery\u201c, 100 cm, mit Schublade und Harzwaschbecken","og_description":"moderne h\u00e4ngende Badezimmerm\u00f6bel mit Waschbecken und Kommode. Es ist m\u00f6glich, den Wendespiegel mit Applikation zu kombinieren","og_url":"https:\/\/www.bagnoitalia.com\/de\/produkt\/hangender-badezimmerschrank-very-100-cm-mit-schublade-und-harzwaschbecken.html","og_site_name":"Bagno Italia","article_modified_time":"2024-05-29T13:59:38+00:00","og_image":[{"width":550,"height":550,"url":"https:\/\/img.bagnoitalia.com\/wp-content\/uploads\/virtuemart\/product\/MB0007_2.jpg","type":"image\/jpeg"}],"twitter_card":"summary_large_image","twitter_misc":{"Gesch\u00e4tzte Lesezeit":"1\u00a0Minute"},"schema":{"@context":"https:\/\/schema.org","@graph":[{"@type":"WebPage","@id":"https:\/\/www.bagnoitalia.com\/de\/produkt\/hangender-badezimmerschrank-very-100-cm-mit-schublade-und-harzwaschbecken.html","url":"https:\/\/www.bagnoitalia.com\/de\/produkt\/hangender-badezimmerschrank-very-100-cm-mit-schublade-und-harzwaschbecken.html","name":"H\u00e4ngender Badezimmerschrank \u201eVery\u201c, 100 cm, mit Schublade und Harzwaschbecken","isPartOf":{"@id":"https:\/\/www.bagnoitalia.com\/de#website"},"primaryImageOfPage":{"@id":"https:\/\/www.bagnoitalia.com\/de\/produkt\/hangender-badezimmerschrank-very-100-cm-mit-schublade-und-harzwaschbecken.html#primaryimage"},"image":{"@id":"https:\/\/www.bagnoitalia.com\/de\/produkt\/hangender-badezimmerschrank-very-100-cm-mit-schublade-und-harzwaschbecken.html#primaryimage"},"thumbnailUrl":"https:\/\/img.bagnoitalia.com\/wp-content\/uploads\/virtuemart\/product\/MB0007_2.jpg","datePublished":"2022-03-30T05:47:46+00:00","dateModified":"2024-05-29T13:59:38+00:00","description":"moderne h\u00e4ngende Badezimmerm\u00f6bel mit Waschbecken und Kommode. Es ist m\u00f6glich, den Wendespiegel mit Applikation zu kombinieren","breadcrumb":{"@id":"https:\/\/www.bagnoitalia.com\/de\/produkt\/hangender-badezimmerschrank-very-100-cm-mit-schublade-und-harzwaschbecken.html#breadcrumb"},"inLanguage":"de","potentialAction":[{"@type":"ReadAction","target":["https:\/\/www.bagnoitalia.com\/de\/produkt\/hangender-badezimmerschrank-very-100-cm-mit-schublade-und-harzwaschbecken.html"]}]},{"@type":"ImageObject","inLanguage":"de","@id":"https:\/\/www.bagnoitalia.com\/de\/produkt\/hangender-badezimmerschrank-very-100-cm-mit-schublade-und-harzwaschbecken.html#primaryimage","url":"https:\/\/img.bagnoitalia.com\/wp-content\/uploads\/virtuemart\/product\/MB0007_2.jpg","contentUrl":"https:\/\/img.bagnoitalia.com\/wp-content\/uploads\/virtuemart\/product\/MB0007_2.jpg","width":550,"height":550},{"@type":"BreadcrumbList","@id":"https:\/\/www.bagnoitalia.com\/de\/produkt\/hangender-badezimmerschrank-very-100-cm-mit-schublade-und-harzwaschbecken.html#breadcrumb","itemListElement":[{"@type":"ListItem","position":1,"name":"Home","item":"https:\/\/www.bagnoitalia.com\/de"},{"@type":"ListItem","position":2,"name":"Produkte","item":"https:\/\/www.bagnoitalia.com\/de\/shop"},{"@type":"ListItem","position":3,"name":"H\u00e4ngender Badezimmerschrank \u201eVery\u201c, 100 cm, mit Schublade und Harzwaschbecken"}]},{"@type":"WebSite","@id":"https:\/\/www.bagnoitalia.com\/de#website","url":"https:\/\/www.bagnoitalia.com\/de","name":"Bagno Italia","description":"","publisher":{"@id":"https:\/\/www.bagnoitalia.com\/de#organization"},"potentialAction":[{"@type":"SearchAction","target":{"@type":"EntryPoint","urlTemplate":"https:\/\/www.bagnoitalia.com\/de?s={search_term_string}"},"query-input":{"@type":"PropertyValueSpecification","valueRequired":true,"valueName":"search_term_string"}}],"inLanguage":"de"},{"@type":"Organization","@id":"https:\/\/www.bagnoitalia.com\/de#organization","name":"Bagno Italia","url":"https:\/\/www.bagnoitalia.com\/de","logo":{"@type":"ImageObject","inLanguage":"de","@id":"https:\/\/www.bagnoitalia.com\/de#\/schema\/logo\/image\/","url":"https:\/\/img.bagnoitalia.com\/wp-content\/uploads\/logo-bagnoitalia.webp","contentUrl":"https:\/\/img.bagnoitalia.com\/wp-content\/uploads\/logo-bagnoitalia.webp","width":400,"height":70,"caption":"Bagno Italia"},"image":{"@id":"https:\/\/www.bagnoitalia.com\/de#\/schema\/logo\/image\/"}}]}},"_links":{"self":[{"href":"https:\/\/www.bagnoitalia.com\/de\/wp-json\/wp\/v2\/product\/81857","targetHints":{"allow":["GET"]}}],"collection":[{"href":"https:\/\/www.bagnoitalia.com\/de\/wp-json\/wp\/v2\/product"}],"about":[{"href":"https:\/\/www.bagnoitalia.com\/de\/wp-json\/wp\/v2\/types\/product"}],"replies":[{"embeddable":true,"href":"https:\/\/www.bagnoitalia.com\/de\/wp-json\/wp\/v2\/comments?post=81857"}],"version-history":[{"count":1,"href":"https:\/\/www.bagnoitalia.com\/de\/wp-json\/wp\/v2\/product\/81857\/revisions"}],"predecessor-version":[{"id":88868,"href":"https:\/\/www.bagnoitalia.com\/de\/wp-json\/wp\/v2\/product\/81857\/revisions\/88868"}],"wp:featuredmedia":[{"embeddable":true,"href":"https:\/\/www.bagnoitalia.com\/de\/wp-json\/wp\/v2\/media\/50768"}],"wp:attachment":[{"href":"https:\/\/www.bagnoitalia.com\/de\/wp-json\/wp\/v2\/media?parent=81857"}],"wp:term":[{"taxonomy":"product_brand","embeddable":true,"href":"https:\/\/www.bagnoitalia.com\/de\/wp-json\/wp\/v2\/product_brand?post=81857"},{"taxonomy":"product_cat","embeddable":true,"href":"https:\/\/www.bagnoitalia.com\/de\/wp-json\/wp\/v2\/product_cat?post=81857"},{"taxonomy":"product_tag","embeddable":true,"href":"https:\/\/www.bagnoitalia.com\/de\/wp-json\/wp\/v2\/product_tag?post=81857"}],"curies":[{"name":"wp","href":"https:\/\/api.w.org\/{rel}","templated":true}]}}