{"id":81849,"date":"2022-03-30T07:47:46","date_gmt":"2022-03-30T05:47:46","guid":{"rendered":"https:\/\/www.bagnoitalia.com\/product\/runder-whirlpool-whirlpool-204-cm-138-dusen-fur-5-6-personen-relax-mspa-mg17"},"modified":"2022-03-30T07:47:46","modified_gmt":"2022-03-30T05:47:46","slug":"runder-whirlpool-whirlpool-204-cm-138-dusen-fur-5-6-personen-relax-mspa-mg17","status":"publish","type":"product","link":"https:\/\/www.bagnoitalia.com\/de\/produkt\/runder-whirlpool-whirlpool-204-cm-138-dusen-fur-5-6-personen-relax-mspa-mg17.html","title":{"rendered":"Runder Whirlpool Whirlpool 204 cm 138 D\u00fcsen f\u00fcr 5-6 Personen Relax Mspa MG17"},"content":{"rendered":"<p><strong><span style=\"font-size: 14pt;\">RUNDER <span style=\"font-size: 14pt;\">MINIPOOL Mspa<\/span> WHIRLPOOL MG17<\/span><\/strong><\/p>\n<p>&nbsp;<\/p>\n<p><strong>Eigenschaften:<\/strong><\/p>\n<p>Au\u00dfendurchmesser: 204 cm<\/p>\n<p>H\u00f6he: 70 cm<\/p>\n<p>Selbstaufblasend, \u00fcber internen Motor<\/p>\n<p>Kapazit\u00e4t: 5-6 Pl\u00e4tze<\/p>\n<p>138 Hydromassaged\u00fcsen<\/p>\n<p>Abdeckung<\/p>\n<p>Schaumstoffmatte<\/p>\n<p>n.2 Filter enthalten<\/p>\n<p>Messger\u00e4t<\/p>\n<p>Thermischer Teppich<\/p>\n<p>TV-Fernbedienung<\/p>\n<p>UVC mit antibakterieller Wirkung<\/p>\n<p>&nbsp;<\/p>\n<p>&nbsp;<\/p>\n<p>&nbsp;<\/p>\n<p><strong>Technische Details<\/strong><\/p>\n<p>1,5 kW Heizung<\/p>\n<p>Leistung 220-240V<\/p>\n<p>Filterleistung 12V \/ 60W<\/p>\n<p>Luftleistung 600 W<\/p>\n<p>Maximale Kapazit\u00e4t 930 Liter<\/p>\n<p>Material: Rhino-Tech Premium 6-lagiges verst\u00e4rktes PVC<\/p>\n<p>&nbsp;<\/p>\n<p>&nbsp;<\/p>\n","protected":false},"excerpt":{"rendered":"<p>Mspa kreisf\u00f6rmiger selbstaufblasender Mini-Pool 204 x H70 cm, Whirlpool-Spa mit 138 D\u00fcsen, Kapazit\u00e4t bis zu 5-6 Sitzpl\u00e4tzen<\/p>\n","protected":false},"featured_media":50736,"comment_status":"open","ping_status":"closed","template":"","meta":[],"product_brand":[5021],"product_cat":[9776],"product_tag":[],"class_list":{"0":"post-81849","1":"product","2":"type-product","3":"status-publish","4":"has-post-thumbnail","6":"product_brand-predator-arredo-casa","7":"product_cat-whirlpool-aufblasbar","9":"first","10":"instock","11":"sale","12":"taxable","13":"shipping-taxable","14":"purchasable","15":"product-type-simple"},"exclude_global_add_ons":[],"addons":[],"yoast_head":"<!-- This site is optimized with the Yoast SEO plugin v26.7 - https:\/\/yoast.com\/wordpress\/plugins\/seo\/ -->\n<title>Mspa Circular Whirlpool Minipool 204 cm 138 D\u00fcsen f\u00fcr 5-6 Personen Spa Relax MG17<\/title>\n<meta name=\"description\" content=\"Mspa kreisf\u00f6rmiger selbstaufblasender Mini-Pool 204 x H70 cm, Whirlpool-Spa mit 138 D\u00fcsen, Kapazit\u00e4t bis zu 5-6 Sitzpl\u00e4tzen\" \/>\n<meta name=\"robots\" content=\"index, follow, max-snippet:-1, max-image-preview:large, max-video-preview:-1\" \/>\n<link rel=\"canonical\" href=\"https:\/\/www.bagnoitalia.com\/de\/produkt\/runder-whirlpool-whirlpool-204-cm-138-dusen-fur-5-6-personen-relax-mspa-mg17.html\" \/>\n<meta property=\"og:locale\" content=\"de_DE\" \/>\n<meta property=\"og:type\" content=\"article\" \/>\n<meta property=\"og:title\" content=\"Mspa Circular Whirlpool Minipool 204 cm 138 D\u00fcsen f\u00fcr 5-6 Personen Spa Relax MG17\" \/>\n<meta property=\"og:description\" content=\"Mspa kreisf\u00f6rmiger selbstaufblasender Mini-Pool 204 x H70 cm, Whirlpool-Spa mit 138 D\u00fcsen, Kapazit\u00e4t bis zu 5-6 Sitzpl\u00e4tzen\" \/>\n<meta property=\"og:url\" content=\"https:\/\/www.bagnoitalia.com\/de\/produkt\/runder-whirlpool-whirlpool-204-cm-138-dusen-fur-5-6-personen-relax-mspa-mg17.html\" \/>\n<meta property=\"og:site_name\" content=\"Bagno Italia\" \/>\n<meta property=\"og:image\" content=\"https:\/\/img.bagnoitalia.com\/wp-content\/uploads\/virtuemart\/product\/mpg-0012_2.jpg\" \/>\n\t<meta property=\"og:image:width\" content=\"550\" \/>\n\t<meta property=\"og:image:height\" content=\"550\" \/>\n\t<meta property=\"og:image:type\" content=\"image\/jpeg\" \/>\n<meta name=\"twitter:card\" content=\"summary_large_image\" \/>\n<script type=\"application\/ld+json\" class=\"yoast-schema-graph\">{\"@context\":\"https:\/\/schema.org\",\"@graph\":[{\"@type\":\"WebPage\",\"@id\":\"https:\/\/www.bagnoitalia.com\/de\/produkt\/runder-whirlpool-whirlpool-204-cm-138-dusen-fur-5-6-personen-relax-mspa-mg17.html\",\"url\":\"https:\/\/www.bagnoitalia.com\/de\/produkt\/runder-whirlpool-whirlpool-204-cm-138-dusen-fur-5-6-personen-relax-mspa-mg17.html\",\"name\":\"Mspa Circular Whirlpool Minipool 204 cm 138 D\u00fcsen f\u00fcr 5-6 Personen Spa Relax MG17\",\"isPartOf\":{\"@id\":\"https:\/\/www.bagnoitalia.com\/de#website\"},\"primaryImageOfPage\":{\"@id\":\"https:\/\/www.bagnoitalia.com\/de\/produkt\/runder-whirlpool-whirlpool-204-cm-138-dusen-fur-5-6-personen-relax-mspa-mg17.html#primaryimage\"},\"image\":{\"@id\":\"https:\/\/www.bagnoitalia.com\/de\/produkt\/runder-whirlpool-whirlpool-204-cm-138-dusen-fur-5-6-personen-relax-mspa-mg17.html#primaryimage\"},\"thumbnailUrl\":\"https:\/\/img.bagnoitalia.com\/wp-content\/uploads\/virtuemart\/product\/mpg-0012_2.jpg\",\"datePublished\":\"2022-03-30T05:47:46+00:00\",\"description\":\"Mspa kreisf\u00f6rmiger selbstaufblasender Mini-Pool 204 x H70 cm, Whirlpool-Spa mit 138 D\u00fcsen, Kapazit\u00e4t bis zu 5-6 Sitzpl\u00e4tzen\",\"breadcrumb\":{\"@id\":\"https:\/\/www.bagnoitalia.com\/de\/produkt\/runder-whirlpool-whirlpool-204-cm-138-dusen-fur-5-6-personen-relax-mspa-mg17.html#breadcrumb\"},\"inLanguage\":\"de\",\"potentialAction\":[{\"@type\":\"ReadAction\",\"target\":[\"https:\/\/www.bagnoitalia.com\/de\/produkt\/runder-whirlpool-whirlpool-204-cm-138-dusen-fur-5-6-personen-relax-mspa-mg17.html\"]}]},{\"@type\":\"ImageObject\",\"inLanguage\":\"de\",\"@id\":\"https:\/\/www.bagnoitalia.com\/de\/produkt\/runder-whirlpool-whirlpool-204-cm-138-dusen-fur-5-6-personen-relax-mspa-mg17.html#primaryimage\",\"url\":\"https:\/\/img.bagnoitalia.com\/wp-content\/uploads\/virtuemart\/product\/mpg-0012_2.jpg\",\"contentUrl\":\"https:\/\/img.bagnoitalia.com\/wp-content\/uploads\/virtuemart\/product\/mpg-0012_2.jpg\",\"width\":550,\"height\":550},{\"@type\":\"BreadcrumbList\",\"@id\":\"https:\/\/www.bagnoitalia.com\/de\/produkt\/runder-whirlpool-whirlpool-204-cm-138-dusen-fur-5-6-personen-relax-mspa-mg17.html#breadcrumb\",\"itemListElement\":[{\"@type\":\"ListItem\",\"position\":1,\"name\":\"Home\",\"item\":\"https:\/\/www.bagnoitalia.com\/de\"},{\"@type\":\"ListItem\",\"position\":2,\"name\":\"Produkte\",\"item\":\"https:\/\/www.bagnoitalia.com\/de\/shop\"},{\"@type\":\"ListItem\",\"position\":3,\"name\":\"Runder Whirlpool Whirlpool 204 cm 138 D\u00fcsen f\u00fcr 5-6 Personen Relax Mspa MG17\"}]},{\"@type\":\"WebSite\",\"@id\":\"https:\/\/www.bagnoitalia.com\/de#website\",\"url\":\"https:\/\/www.bagnoitalia.com\/de\",\"name\":\"Bagno Italia\",\"description\":\"\",\"publisher\":{\"@id\":\"https:\/\/www.bagnoitalia.com\/de#organization\"},\"potentialAction\":[{\"@type\":\"SearchAction\",\"target\":{\"@type\":\"EntryPoint\",\"urlTemplate\":\"https:\/\/www.bagnoitalia.com\/de?s={search_term_string}\"},\"query-input\":{\"@type\":\"PropertyValueSpecification\",\"valueRequired\":true,\"valueName\":\"search_term_string\"}}],\"inLanguage\":\"de\"},{\"@type\":\"Organization\",\"@id\":\"https:\/\/www.bagnoitalia.com\/de#organization\",\"name\":\"Bagno Italia\",\"url\":\"https:\/\/www.bagnoitalia.com\/de\",\"logo\":{\"@type\":\"ImageObject\",\"inLanguage\":\"de\",\"@id\":\"https:\/\/www.bagnoitalia.com\/de#\/schema\/logo\/image\/\",\"url\":\"https:\/\/img.bagnoitalia.com\/wp-content\/uploads\/logo-bagnoitalia.webp\",\"contentUrl\":\"https:\/\/img.bagnoitalia.com\/wp-content\/uploads\/logo-bagnoitalia.webp\",\"width\":400,\"height\":70,\"caption\":\"Bagno Italia\"},\"image\":{\"@id\":\"https:\/\/www.bagnoitalia.com\/de#\/schema\/logo\/image\/\"}}]}<\/script>\n<!-- \/ Yoast SEO plugin. -->","yoast_head_json":{"title":"Mspa Circular Whirlpool Minipool 204 cm 138 D\u00fcsen f\u00fcr 5-6 Personen Spa Relax MG17","description":"Mspa kreisf\u00f6rmiger selbstaufblasender Mini-Pool 204 x H70 cm, Whirlpool-Spa mit 138 D\u00fcsen, Kapazit\u00e4t bis zu 5-6 Sitzpl\u00e4tzen","robots":{"index":"index","follow":"follow","max-snippet":"max-snippet:-1","max-image-preview":"max-image-preview:large","max-video-preview":"max-video-preview:-1"},"canonical":"https:\/\/www.bagnoitalia.com\/de\/produkt\/runder-whirlpool-whirlpool-204-cm-138-dusen-fur-5-6-personen-relax-mspa-mg17.html","og_locale":"de_DE","og_type":"article","og_title":"Mspa Circular Whirlpool Minipool 204 cm 138 D\u00fcsen f\u00fcr 5-6 Personen Spa Relax MG17","og_description":"Mspa kreisf\u00f6rmiger selbstaufblasender Mini-Pool 204 x H70 cm, Whirlpool-Spa mit 138 D\u00fcsen, Kapazit\u00e4t bis zu 5-6 Sitzpl\u00e4tzen","og_url":"https:\/\/www.bagnoitalia.com\/de\/produkt\/runder-whirlpool-whirlpool-204-cm-138-dusen-fur-5-6-personen-relax-mspa-mg17.html","og_site_name":"Bagno Italia","og_image":[{"width":550,"height":550,"url":"https:\/\/img.bagnoitalia.com\/wp-content\/uploads\/virtuemart\/product\/mpg-0012_2.jpg","type":"image\/jpeg"}],"twitter_card":"summary_large_image","schema":{"@context":"https:\/\/schema.org","@graph":[{"@type":"WebPage","@id":"https:\/\/www.bagnoitalia.com\/de\/produkt\/runder-whirlpool-whirlpool-204-cm-138-dusen-fur-5-6-personen-relax-mspa-mg17.html","url":"https:\/\/www.bagnoitalia.com\/de\/produkt\/runder-whirlpool-whirlpool-204-cm-138-dusen-fur-5-6-personen-relax-mspa-mg17.html","name":"Mspa Circular Whirlpool Minipool 204 cm 138 D\u00fcsen f\u00fcr 5-6 Personen Spa Relax MG17","isPartOf":{"@id":"https:\/\/www.bagnoitalia.com\/de#website"},"primaryImageOfPage":{"@id":"https:\/\/www.bagnoitalia.com\/de\/produkt\/runder-whirlpool-whirlpool-204-cm-138-dusen-fur-5-6-personen-relax-mspa-mg17.html#primaryimage"},"image":{"@id":"https:\/\/www.bagnoitalia.com\/de\/produkt\/runder-whirlpool-whirlpool-204-cm-138-dusen-fur-5-6-personen-relax-mspa-mg17.html#primaryimage"},"thumbnailUrl":"https:\/\/img.bagnoitalia.com\/wp-content\/uploads\/virtuemart\/product\/mpg-0012_2.jpg","datePublished":"2022-03-30T05:47:46+00:00","description":"Mspa kreisf\u00f6rmiger selbstaufblasender Mini-Pool 204 x H70 cm, Whirlpool-Spa mit 138 D\u00fcsen, Kapazit\u00e4t bis zu 5-6 Sitzpl\u00e4tzen","breadcrumb":{"@id":"https:\/\/www.bagnoitalia.com\/de\/produkt\/runder-whirlpool-whirlpool-204-cm-138-dusen-fur-5-6-personen-relax-mspa-mg17.html#breadcrumb"},"inLanguage":"de","potentialAction":[{"@type":"ReadAction","target":["https:\/\/www.bagnoitalia.com\/de\/produkt\/runder-whirlpool-whirlpool-204-cm-138-dusen-fur-5-6-personen-relax-mspa-mg17.html"]}]},{"@type":"ImageObject","inLanguage":"de","@id":"https:\/\/www.bagnoitalia.com\/de\/produkt\/runder-whirlpool-whirlpool-204-cm-138-dusen-fur-5-6-personen-relax-mspa-mg17.html#primaryimage","url":"https:\/\/img.bagnoitalia.com\/wp-content\/uploads\/virtuemart\/product\/mpg-0012_2.jpg","contentUrl":"https:\/\/img.bagnoitalia.com\/wp-content\/uploads\/virtuemart\/product\/mpg-0012_2.jpg","width":550,"height":550},{"@type":"BreadcrumbList","@id":"https:\/\/www.bagnoitalia.com\/de\/produkt\/runder-whirlpool-whirlpool-204-cm-138-dusen-fur-5-6-personen-relax-mspa-mg17.html#breadcrumb","itemListElement":[{"@type":"ListItem","position":1,"name":"Home","item":"https:\/\/www.bagnoitalia.com\/de"},{"@type":"ListItem","position":2,"name":"Produkte","item":"https:\/\/www.bagnoitalia.com\/de\/shop"},{"@type":"ListItem","position":3,"name":"Runder Whirlpool Whirlpool 204 cm 138 D\u00fcsen f\u00fcr 5-6 Personen Relax Mspa MG17"}]},{"@type":"WebSite","@id":"https:\/\/www.bagnoitalia.com\/de#website","url":"https:\/\/www.bagnoitalia.com\/de","name":"Bagno Italia","description":"","publisher":{"@id":"https:\/\/www.bagnoitalia.com\/de#organization"},"potentialAction":[{"@type":"SearchAction","target":{"@type":"EntryPoint","urlTemplate":"https:\/\/www.bagnoitalia.com\/de?s={search_term_string}"},"query-input":{"@type":"PropertyValueSpecification","valueRequired":true,"valueName":"search_term_string"}}],"inLanguage":"de"},{"@type":"Organization","@id":"https:\/\/www.bagnoitalia.com\/de#organization","name":"Bagno Italia","url":"https:\/\/www.bagnoitalia.com\/de","logo":{"@type":"ImageObject","inLanguage":"de","@id":"https:\/\/www.bagnoitalia.com\/de#\/schema\/logo\/image\/","url":"https:\/\/img.bagnoitalia.com\/wp-content\/uploads\/logo-bagnoitalia.webp","contentUrl":"https:\/\/img.bagnoitalia.com\/wp-content\/uploads\/logo-bagnoitalia.webp","width":400,"height":70,"caption":"Bagno Italia"},"image":{"@id":"https:\/\/www.bagnoitalia.com\/de#\/schema\/logo\/image\/"}}]}},"_links":{"self":[{"href":"https:\/\/www.bagnoitalia.com\/de\/wp-json\/wp\/v2\/product\/81849","targetHints":{"allow":["GET"]}}],"collection":[{"href":"https:\/\/www.bagnoitalia.com\/de\/wp-json\/wp\/v2\/product"}],"about":[{"href":"https:\/\/www.bagnoitalia.com\/de\/wp-json\/wp\/v2\/types\/product"}],"replies":[{"embeddable":true,"href":"https:\/\/www.bagnoitalia.com\/de\/wp-json\/wp\/v2\/comments?post=81849"}],"version-history":[{"count":0,"href":"https:\/\/www.bagnoitalia.com\/de\/wp-json\/wp\/v2\/product\/81849\/revisions"}],"wp:featuredmedia":[{"embeddable":true,"href":"https:\/\/www.bagnoitalia.com\/de\/wp-json\/wp\/v2\/media\/50736"}],"wp:attachment":[{"href":"https:\/\/www.bagnoitalia.com\/de\/wp-json\/wp\/v2\/media?parent=81849"}],"wp:term":[{"taxonomy":"product_brand","embeddable":true,"href":"https:\/\/www.bagnoitalia.com\/de\/wp-json\/wp\/v2\/product_brand?post=81849"},{"taxonomy":"product_cat","embeddable":true,"href":"https:\/\/www.bagnoitalia.com\/de\/wp-json\/wp\/v2\/product_cat?post=81849"},{"taxonomy":"product_tag","embeddable":true,"href":"https:\/\/www.bagnoitalia.com\/de\/wp-json\/wp\/v2\/product_tag?post=81849"}],"curies":[{"name":"wp","href":"https:\/\/api.w.org\/{rel}","templated":true}]}}