{"id":81845,"date":"2022-03-30T07:47:46","date_gmt":"2022-03-30T05:47:46","guid":{"rendered":"https:\/\/www.bagnoitalia.com\/product\/selbstaufblasender-hydromassage-whirlpool-mspa-185-cm-132-dusen-5-6-personen-relax-mg16"},"modified":"2025-08-07T16:30:20","modified_gmt":"2025-08-07T14:30:20","slug":"selbstaufblasender-hydromassage-whirlpool-mspa-185-cm-132-dusen-5-6-personen-relax-mg16","status":"publish","type":"product","link":"https:\/\/www.bagnoitalia.com\/de\/produkt\/selbstaufblasender-hydromassage-whirlpool-mspa-185-cm-132-dusen-5-6-personen-relax-mg16.html","title":{"rendered":"Selbstaufblasender Hydromassage-Whirlpool Mspa 185 cm 132 D\u00fcsen 5-6 Personen Relax MG16"},"content":{"rendered":"<p><strong><span style=\"font-size: 14pt;\">MINIPOOL <span style=\"font-size: 14pt;\">Mspa<\/span> WHIRLPOOL MG16<\/span><\/strong><\/p>\n<p><strong>Eigenschaften:<\/strong><\/p>\n<p>Au\u00dfenma\u00dfe: 185x185xH68 cm<\/p>\n<p>Selbstaufblasend, \u00fcber internen Motor<\/p>\n<p>f\u00fcr 5-6 Personen<\/p>\n<p>132 Hydromassaged\u00fcsen<\/p>\n<p>Abdeckung<\/p>\n<p>n.2 Filter enthalten<\/p>\n<p>Messger\u00e4t<\/p>\n<p>TV-Fernbedienung<\/p>\n<p>UVC mit antibakterieller Wirkung<\/p>\n<p><strong>ACHTUNG<\/strong> : \u00dcber das Dropdown-Men\u00fc ist es m\u00f6glich, eine rattan\u00e4hnliche <a href=\"struttura-in-simil-rattan-per-minipiscine-gonfiabili-mspa-rotonda-o-quadrata-con-gradini.html\">Struktur zu<\/a> kombinieren, die um den Minipool herum installiert werden soll. Der Bausatz besteht aus <strong>7 Schr\u00e4nken<\/strong> , davon 4 mit T\u00fcren und 3 offen (offen, ohne T\u00fcren) und ist erh\u00e4ltlich:<\/p>\n<p>&#8211; mit nur 1 Schritt<\/p>\n<p>&#8211; mit Doppeltritt, d.h. bestehend aus 1 Einzeltritt und 2 \u00fcbereinander angeordneten Tritten (insgesamt 3 St\u00fcck)<\/p>\n<p><strong>Technische Details<\/strong><\/p>\n<p>1,5 kW Heizung<\/p>\n<p>Leistung 220-240V<\/p>\n<p>Filterleistung 12V \/ 60W<\/p>\n<p>Luftleistung 600 W<\/p>\n<p>Maximale Kapazit\u00e4t 930 Liter<\/p>\n<p>Material: Rhino-Tech Premium 6-lagiges verst\u00e4rktes PVC<\/p>\n","protected":false},"excerpt":{"rendered":"<p>Selbstaufblasender Mini-Pool Mspa 185 x H68 cm Whirlpool Spa mit 132 D\u00fcsen, Kapazit\u00e4t bis zu 5-6 Sitzpl\u00e4tzen<\/p>\n","protected":false},"featured_media":107861,"comment_status":"open","ping_status":"closed","template":"","meta":[],"product_brand":[9925],"product_cat":[9776],"product_tag":[],"class_list":{"0":"post-81845","1":"product","2":"type-product","3":"status-publish","4":"has-post-thumbnail","6":"product_brand-predator-arredo-casa-de","7":"product_cat-whirlpool-aufblasbar","9":"first","10":"instock","11":"sale","12":"taxable","13":"shipping-taxable","14":"purchasable","15":"product-type-simple"},"exclude_global_add_ons":false,"addons":[{"name":"Typologie","type":"multiple_choice","position":0,"required":true,"title_format":"heading","default":"","description_enable":false,"description":"","placeholder_enable":false,"placeholder":"","display":"select","restrictions_type":"any_text","adjust_price":false,"price":"","price_type":"flat_fee","restrictions":false,"min":"0","max":"0","options":[{"label":"ohne Rattanstruktur","price":"","price_type":"quantity_based","image":0,"visibility":true},{"label":"mit Rattanstruktur (1 Stufe)","price":"1799","price_type":"quantity_based","image":0,"visibility":true},{"label":"(Nicht verf\u00fcgbar) mit Rattanstruktur (Doppelstufe)","price":"1999","price_type":"quantity_based","image":0,"visibility":true}],"id":1716993045}],"yoast_head":"<!-- This site is optimized with the Yoast SEO plugin v26.7 - https:\/\/yoast.com\/wordpress\/plugins\/seo\/ -->\n<title>Mspa Selbstaufblasender Hydromassage-Minipool 185 cm 132 D\u00fcsen 5-6 Pl\u00e4tze Spa Relax MG16<\/title>\n<meta name=\"description\" content=\"Selbstaufblasender Mini-Pool Mspa 185 x H68 cm Whirlpool Spa mit 132 D\u00fcsen, Kapazit\u00e4t bis zu 5-6 Sitzpl\u00e4tzen\" \/>\n<meta name=\"robots\" content=\"index, follow, max-snippet:-1, max-image-preview:large, max-video-preview:-1\" \/>\n<link rel=\"canonical\" href=\"https:\/\/www.bagnoitalia.com\/de\/produkt\/selbstaufblasender-hydromassage-whirlpool-mspa-185-cm-132-dusen-5-6-personen-relax-mg16.html\" \/>\n<meta property=\"og:locale\" content=\"de_DE\" \/>\n<meta property=\"og:type\" content=\"article\" \/>\n<meta property=\"og:title\" content=\"Mspa Selbstaufblasender Hydromassage-Minipool 185 cm 132 D\u00fcsen 5-6 Pl\u00e4tze Spa Relax MG16\" \/>\n<meta property=\"og:description\" content=\"Selbstaufblasender Mini-Pool Mspa 185 x H68 cm Whirlpool Spa mit 132 D\u00fcsen, Kapazit\u00e4t bis zu 5-6 Sitzpl\u00e4tzen\" \/>\n<meta property=\"og:url\" content=\"https:\/\/www.bagnoitalia.com\/de\/produkt\/selbstaufblasender-hydromassage-whirlpool-mspa-185-cm-132-dusen-5-6-personen-relax-mg16.html\" \/>\n<meta property=\"og:site_name\" content=\"Bagno Italia\" \/>\n<meta property=\"article:modified_time\" content=\"2025-08-07T14:30:20+00:00\" \/>\n<meta property=\"og:image\" content=\"https:\/\/img.bagnoitalia.com\/wp-content\/uploads\/minipiscina-idromassaggio-132-getti-5-6-posti-spa-relax-mg16-set-rattan.jpg\" \/>\n\t<meta property=\"og:image:width\" content=\"1784\" \/>\n\t<meta property=\"og:image:height\" content=\"1784\" \/>\n\t<meta property=\"og:image:type\" content=\"image\/jpeg\" \/>\n<meta name=\"twitter:card\" content=\"summary_large_image\" \/>\n<meta name=\"twitter:label1\" content=\"Gesch\u00e4tzte Lesezeit\" \/>\n\t<meta name=\"twitter:data1\" content=\"1\u00a0Minute\" \/>\n<script type=\"application\/ld+json\" class=\"yoast-schema-graph\">{\"@context\":\"https:\/\/schema.org\",\"@graph\":[{\"@type\":\"WebPage\",\"@id\":\"https:\/\/www.bagnoitalia.com\/de\/produkt\/selbstaufblasender-hydromassage-whirlpool-mspa-185-cm-132-dusen-5-6-personen-relax-mg16.html\",\"url\":\"https:\/\/www.bagnoitalia.com\/de\/produkt\/selbstaufblasender-hydromassage-whirlpool-mspa-185-cm-132-dusen-5-6-personen-relax-mg16.html\",\"name\":\"Mspa Selbstaufblasender Hydromassage-Minipool 185 cm 132 D\u00fcsen 5-6 Pl\u00e4tze Spa Relax MG16\",\"isPartOf\":{\"@id\":\"https:\/\/www.bagnoitalia.com\/de#website\"},\"primaryImageOfPage\":{\"@id\":\"https:\/\/www.bagnoitalia.com\/de\/produkt\/selbstaufblasender-hydromassage-whirlpool-mspa-185-cm-132-dusen-5-6-personen-relax-mg16.html#primaryimage\"},\"image\":{\"@id\":\"https:\/\/www.bagnoitalia.com\/de\/produkt\/selbstaufblasender-hydromassage-whirlpool-mspa-185-cm-132-dusen-5-6-personen-relax-mg16.html#primaryimage\"},\"thumbnailUrl\":\"https:\/\/img.bagnoitalia.com\/wp-content\/uploads\/minipiscina-idromassaggio-132-getti-5-6-posti-spa-relax-mg16-set-rattan.jpg\",\"datePublished\":\"2022-03-30T05:47:46+00:00\",\"dateModified\":\"2025-08-07T14:30:20+00:00\",\"description\":\"Selbstaufblasender Mini-Pool Mspa 185 x H68 cm Whirlpool Spa mit 132 D\u00fcsen, Kapazit\u00e4t bis zu 5-6 Sitzpl\u00e4tzen\",\"breadcrumb\":{\"@id\":\"https:\/\/www.bagnoitalia.com\/de\/produkt\/selbstaufblasender-hydromassage-whirlpool-mspa-185-cm-132-dusen-5-6-personen-relax-mg16.html#breadcrumb\"},\"inLanguage\":\"de\",\"potentialAction\":[{\"@type\":\"ReadAction\",\"target\":[\"https:\/\/www.bagnoitalia.com\/de\/produkt\/selbstaufblasender-hydromassage-whirlpool-mspa-185-cm-132-dusen-5-6-personen-relax-mg16.html\"]}]},{\"@type\":\"ImageObject\",\"inLanguage\":\"de\",\"@id\":\"https:\/\/www.bagnoitalia.com\/de\/produkt\/selbstaufblasender-hydromassage-whirlpool-mspa-185-cm-132-dusen-5-6-personen-relax-mg16.html#primaryimage\",\"url\":\"https:\/\/img.bagnoitalia.com\/wp-content\/uploads\/minipiscina-idromassaggio-132-getti-5-6-posti-spa-relax-mg16-set-rattan.jpg\",\"contentUrl\":\"https:\/\/img.bagnoitalia.com\/wp-content\/uploads\/minipiscina-idromassaggio-132-getti-5-6-posti-spa-relax-mg16-set-rattan.jpg\",\"width\":1784,\"height\":1784},{\"@type\":\"BreadcrumbList\",\"@id\":\"https:\/\/www.bagnoitalia.com\/de\/produkt\/selbstaufblasender-hydromassage-whirlpool-mspa-185-cm-132-dusen-5-6-personen-relax-mg16.html#breadcrumb\",\"itemListElement\":[{\"@type\":\"ListItem\",\"position\":1,\"name\":\"Home\",\"item\":\"https:\/\/www.bagnoitalia.com\/de\"},{\"@type\":\"ListItem\",\"position\":2,\"name\":\"Produkte\",\"item\":\"https:\/\/www.bagnoitalia.com\/de\/shop\"},{\"@type\":\"ListItem\",\"position\":3,\"name\":\"Selbstaufblasender Hydromassage-Whirlpool Mspa 185 cm 132 D\u00fcsen 5-6 Personen Relax MG16\"}]},{\"@type\":\"WebSite\",\"@id\":\"https:\/\/www.bagnoitalia.com\/de#website\",\"url\":\"https:\/\/www.bagnoitalia.com\/de\",\"name\":\"Bagno Italia\",\"description\":\"\",\"publisher\":{\"@id\":\"https:\/\/www.bagnoitalia.com\/de#organization\"},\"potentialAction\":[{\"@type\":\"SearchAction\",\"target\":{\"@type\":\"EntryPoint\",\"urlTemplate\":\"https:\/\/www.bagnoitalia.com\/de?s={search_term_string}\"},\"query-input\":{\"@type\":\"PropertyValueSpecification\",\"valueRequired\":true,\"valueName\":\"search_term_string\"}}],\"inLanguage\":\"de\"},{\"@type\":\"Organization\",\"@id\":\"https:\/\/www.bagnoitalia.com\/de#organization\",\"name\":\"Bagno Italia\",\"url\":\"https:\/\/www.bagnoitalia.com\/de\",\"logo\":{\"@type\":\"ImageObject\",\"inLanguage\":\"de\",\"@id\":\"https:\/\/www.bagnoitalia.com\/de#\/schema\/logo\/image\/\",\"url\":\"https:\/\/img.bagnoitalia.com\/wp-content\/uploads\/logo-bagnoitalia.webp\",\"contentUrl\":\"https:\/\/img.bagnoitalia.com\/wp-content\/uploads\/logo-bagnoitalia.webp\",\"width\":400,\"height\":70,\"caption\":\"Bagno Italia\"},\"image\":{\"@id\":\"https:\/\/www.bagnoitalia.com\/de#\/schema\/logo\/image\/\"}}]}<\/script>\n<!-- \/ Yoast SEO plugin. -->","yoast_head_json":{"title":"Mspa Selbstaufblasender Hydromassage-Minipool 185 cm 132 D\u00fcsen 5-6 Pl\u00e4tze Spa Relax MG16","description":"Selbstaufblasender Mini-Pool Mspa 185 x H68 cm Whirlpool Spa mit 132 D\u00fcsen, Kapazit\u00e4t bis zu 5-6 Sitzpl\u00e4tzen","robots":{"index":"index","follow":"follow","max-snippet":"max-snippet:-1","max-image-preview":"max-image-preview:large","max-video-preview":"max-video-preview:-1"},"canonical":"https:\/\/www.bagnoitalia.com\/de\/produkt\/selbstaufblasender-hydromassage-whirlpool-mspa-185-cm-132-dusen-5-6-personen-relax-mg16.html","og_locale":"de_DE","og_type":"article","og_title":"Mspa Selbstaufblasender Hydromassage-Minipool 185 cm 132 D\u00fcsen 5-6 Pl\u00e4tze Spa Relax MG16","og_description":"Selbstaufblasender Mini-Pool Mspa 185 x H68 cm Whirlpool Spa mit 132 D\u00fcsen, Kapazit\u00e4t bis zu 5-6 Sitzpl\u00e4tzen","og_url":"https:\/\/www.bagnoitalia.com\/de\/produkt\/selbstaufblasender-hydromassage-whirlpool-mspa-185-cm-132-dusen-5-6-personen-relax-mg16.html","og_site_name":"Bagno Italia","article_modified_time":"2025-08-07T14:30:20+00:00","og_image":[{"width":1784,"height":1784,"url":"https:\/\/img.bagnoitalia.com\/wp-content\/uploads\/minipiscina-idromassaggio-132-getti-5-6-posti-spa-relax-mg16-set-rattan.jpg","type":"image\/jpeg"}],"twitter_card":"summary_large_image","twitter_misc":{"Gesch\u00e4tzte Lesezeit":"1\u00a0Minute"},"schema":{"@context":"https:\/\/schema.org","@graph":[{"@type":"WebPage","@id":"https:\/\/www.bagnoitalia.com\/de\/produkt\/selbstaufblasender-hydromassage-whirlpool-mspa-185-cm-132-dusen-5-6-personen-relax-mg16.html","url":"https:\/\/www.bagnoitalia.com\/de\/produkt\/selbstaufblasender-hydromassage-whirlpool-mspa-185-cm-132-dusen-5-6-personen-relax-mg16.html","name":"Mspa Selbstaufblasender Hydromassage-Minipool 185 cm 132 D\u00fcsen 5-6 Pl\u00e4tze Spa Relax MG16","isPartOf":{"@id":"https:\/\/www.bagnoitalia.com\/de#website"},"primaryImageOfPage":{"@id":"https:\/\/www.bagnoitalia.com\/de\/produkt\/selbstaufblasender-hydromassage-whirlpool-mspa-185-cm-132-dusen-5-6-personen-relax-mg16.html#primaryimage"},"image":{"@id":"https:\/\/www.bagnoitalia.com\/de\/produkt\/selbstaufblasender-hydromassage-whirlpool-mspa-185-cm-132-dusen-5-6-personen-relax-mg16.html#primaryimage"},"thumbnailUrl":"https:\/\/img.bagnoitalia.com\/wp-content\/uploads\/minipiscina-idromassaggio-132-getti-5-6-posti-spa-relax-mg16-set-rattan.jpg","datePublished":"2022-03-30T05:47:46+00:00","dateModified":"2025-08-07T14:30:20+00:00","description":"Selbstaufblasender Mini-Pool Mspa 185 x H68 cm Whirlpool Spa mit 132 D\u00fcsen, Kapazit\u00e4t bis zu 5-6 Sitzpl\u00e4tzen","breadcrumb":{"@id":"https:\/\/www.bagnoitalia.com\/de\/produkt\/selbstaufblasender-hydromassage-whirlpool-mspa-185-cm-132-dusen-5-6-personen-relax-mg16.html#breadcrumb"},"inLanguage":"de","potentialAction":[{"@type":"ReadAction","target":["https:\/\/www.bagnoitalia.com\/de\/produkt\/selbstaufblasender-hydromassage-whirlpool-mspa-185-cm-132-dusen-5-6-personen-relax-mg16.html"]}]},{"@type":"ImageObject","inLanguage":"de","@id":"https:\/\/www.bagnoitalia.com\/de\/produkt\/selbstaufblasender-hydromassage-whirlpool-mspa-185-cm-132-dusen-5-6-personen-relax-mg16.html#primaryimage","url":"https:\/\/img.bagnoitalia.com\/wp-content\/uploads\/minipiscina-idromassaggio-132-getti-5-6-posti-spa-relax-mg16-set-rattan.jpg","contentUrl":"https:\/\/img.bagnoitalia.com\/wp-content\/uploads\/minipiscina-idromassaggio-132-getti-5-6-posti-spa-relax-mg16-set-rattan.jpg","width":1784,"height":1784},{"@type":"BreadcrumbList","@id":"https:\/\/www.bagnoitalia.com\/de\/produkt\/selbstaufblasender-hydromassage-whirlpool-mspa-185-cm-132-dusen-5-6-personen-relax-mg16.html#breadcrumb","itemListElement":[{"@type":"ListItem","position":1,"name":"Home","item":"https:\/\/www.bagnoitalia.com\/de"},{"@type":"ListItem","position":2,"name":"Produkte","item":"https:\/\/www.bagnoitalia.com\/de\/shop"},{"@type":"ListItem","position":3,"name":"Selbstaufblasender Hydromassage-Whirlpool Mspa 185 cm 132 D\u00fcsen 5-6 Personen Relax MG16"}]},{"@type":"WebSite","@id":"https:\/\/www.bagnoitalia.com\/de#website","url":"https:\/\/www.bagnoitalia.com\/de","name":"Bagno Italia","description":"","publisher":{"@id":"https:\/\/www.bagnoitalia.com\/de#organization"},"potentialAction":[{"@type":"SearchAction","target":{"@type":"EntryPoint","urlTemplate":"https:\/\/www.bagnoitalia.com\/de?s={search_term_string}"},"query-input":{"@type":"PropertyValueSpecification","valueRequired":true,"valueName":"search_term_string"}}],"inLanguage":"de"},{"@type":"Organization","@id":"https:\/\/www.bagnoitalia.com\/de#organization","name":"Bagno Italia","url":"https:\/\/www.bagnoitalia.com\/de","logo":{"@type":"ImageObject","inLanguage":"de","@id":"https:\/\/www.bagnoitalia.com\/de#\/schema\/logo\/image\/","url":"https:\/\/img.bagnoitalia.com\/wp-content\/uploads\/logo-bagnoitalia.webp","contentUrl":"https:\/\/img.bagnoitalia.com\/wp-content\/uploads\/logo-bagnoitalia.webp","width":400,"height":70,"caption":"Bagno Italia"},"image":{"@id":"https:\/\/www.bagnoitalia.com\/de#\/schema\/logo\/image\/"}}]}},"_links":{"self":[{"href":"https:\/\/www.bagnoitalia.com\/de\/wp-json\/wp\/v2\/product\/81845","targetHints":{"allow":["GET"]}}],"collection":[{"href":"https:\/\/www.bagnoitalia.com\/de\/wp-json\/wp\/v2\/product"}],"about":[{"href":"https:\/\/www.bagnoitalia.com\/de\/wp-json\/wp\/v2\/types\/product"}],"replies":[{"embeddable":true,"href":"https:\/\/www.bagnoitalia.com\/de\/wp-json\/wp\/v2\/comments?post=81845"}],"version-history":[{"count":3,"href":"https:\/\/www.bagnoitalia.com\/de\/wp-json\/wp\/v2\/product\/81845\/revisions"}],"predecessor-version":[{"id":110146,"href":"https:\/\/www.bagnoitalia.com\/de\/wp-json\/wp\/v2\/product\/81845\/revisions\/110146"}],"wp:featuredmedia":[{"embeddable":true,"href":"https:\/\/www.bagnoitalia.com\/de\/wp-json\/wp\/v2\/media\/107861"}],"wp:attachment":[{"href":"https:\/\/www.bagnoitalia.com\/de\/wp-json\/wp\/v2\/media?parent=81845"}],"wp:term":[{"taxonomy":"product_brand","embeddable":true,"href":"https:\/\/www.bagnoitalia.com\/de\/wp-json\/wp\/v2\/product_brand?post=81845"},{"taxonomy":"product_cat","embeddable":true,"href":"https:\/\/www.bagnoitalia.com\/de\/wp-json\/wp\/v2\/product_cat?post=81845"},{"taxonomy":"product_tag","embeddable":true,"href":"https:\/\/www.bagnoitalia.com\/de\/wp-json\/wp\/v2\/product_tag?post=81845"}],"curies":[{"name":"wp","href":"https:\/\/api.w.org\/{rel}","templated":true}]}}