{"id":81825,"date":"2022-03-30T07:47:46","date_gmt":"2022-03-30T05:47:46","guid":{"rendered":"https:\/\/www.bagnoitalia.com\/product\/multifunktionaler-jacuzzi-170x115-fur-zwei-personen-vs103"},"modified":"2024-05-22T14:43:05","modified_gmt":"2024-05-22T12:43:05","slug":"multifunktionaler-jacuzzi-170x115-fur-zwei-personen-vs103","status":"publish","type":"product","link":"https:\/\/www.bagnoitalia.com\/de\/produkt\/multifunktionaler-jacuzzi-170x115-fur-zwei-personen-vs103.html","title":{"rendered":"Multifunktionaler Jacuzzi 170&#215;115 f\u00fcr zwei Personen VS103"},"content":{"rendered":"<p><strong><span style=\"font-size: 14pt;\">Whirlpool-Badewanne VS103<\/span><\/strong><\/p>\n<p><strong>Erh\u00e4ltlich in RECHTER oder LINKER Version<br \/>\n<\/strong><\/p>\n<p><span style=\"text-decoration: underline;\">EIGENSCHAFTEN<\/span><\/p>\n<p>Gr\u00f6\u00dfe 170x115x63H cm<\/p>\n<p>Whirlpoolpumpe 1,5 PS<\/p>\n<p>5 gro\u00dfe D\u00fcsen<\/p>\n<p>10 kleine D\u00fcsen<\/p>\n<p>2 schwarze Kopfst\u00fctzenkissen<\/p>\n<p>Wasserh\u00e4hne enthalten<\/p>\n<p>FM-Radio<\/p>\n<p>2 Lautsprecher<\/p>\n<p>Ablassschraube enthalten<\/p>\n<p>Kontrollanzeige<\/p>\n<p>Umlauf-, Saug- und Wasserdruckregelsystem<\/p>\n<p>Desinfektions- und Sterilisationsfunktion<\/p>\n<p>Seitlicher Handtuchhalter<\/p>\n<p>Automatische Lebensrettung<\/p>\n<p>BADEWANNE AUS WEISSEM ACRYL UND STAHLSTRUKTUR<\/p>\n<p>GEWICHT 100 KG<\/p>\n<p>Die linke Version ist wie im Bild unten gezeigt:<\/p>\n<p><img fetchpriority=\"high\" decoding=\"async\" class=\" size-full wp-image-50504\" src=\"https:\/\/img.bagnoitalia.com\/wp-content\/uploads\/virtuemart\/product\/vasca-idro-relax-170x115x63h-versione-sinistra_1615822701_247.jpg\" alt=\"&lt;ein href =\" width=\"461\" height=\"461\" srcset=\"https:\/\/img.bagnoitalia.com\/wp-content\/uploads\/virtuemart\/product\/vasca-idro-relax-170x115x63h-versione-sinistra_1615822701_247.jpg 1400w, https:\/\/img.bagnoitalia.com\/wp-content\/uploads\/virtuemart\/product\/vasca-idro-relax-170x115x63h-versione-sinistra_1615822701_247-768x768.jpg 768w, https:\/\/img.bagnoitalia.com\/wp-content\/uploads\/virtuemart\/product\/vasca-idro-relax-170x115x63h-versione-sinistra_1615822701_247-990x990.jpg 990w, https:\/\/img.bagnoitalia.com\/wp-content\/uploads\/virtuemart\/product\/vasca-idro-relax-170x115x63h-versione-sinistra_1615822701_247-441x441.jpg 441w, https:\/\/img.bagnoitalia.com\/wp-content\/uploads\/virtuemart\/product\/vasca-idro-relax-170x115x63h-versione-sinistra_1615822701_247-100x100.jpg 100w, https:\/\/img.bagnoitalia.com\/wp-content\/uploads\/virtuemart\/product\/vasca-idro-relax-170x115x63h-versione-sinistra_1615822701_247-600x600.jpg 600w, https:\/\/img.bagnoitalia.com\/wp-content\/uploads\/virtuemart\/product\/vasca-idro-relax-170x115x63h-versione-sinistra_1615822701_247-150x150.jpg 150w\" sizes=\"(max-width: 461px) 100vw, 461px\" \/><\/p>\n","protected":false},"excerpt":{"rendered":"<p>Badewanne f\u00fcr zwei Personen 170 x 115 x 63 H, erh\u00e4ltlich in linker und rechter Version, mit Desinfektions- und Sterilisationssystem und Wasserh\u00e4hnen<\/p>\n","protected":false},"featured_media":50448,"comment_status":"open","ping_status":"closed","template":"","meta":[],"product_brand":[9913],"product_cat":[9744,9708],"product_tag":[],"class_list":{"0":"post-81825","1":"product","2":"type-product","3":"status-publish","4":"has-post-thumbnail","6":"product_brand-simba-de","7":"product_cat-ausenwhirlpool","8":"product_cat-whirlpool","10":"first","11":"instock","12":"sale","13":"taxable","14":"shipping-taxable","15":"purchasable","16":"product-type-simple"},"exclude_global_add_ons":false,"addons":[{"name":"Ausf\u00fchrung","type":"multiple_choice","position":0,"required":true,"title_format":"heading","default":"","description_enable":false,"description":"","placeholder_enable":false,"placeholder":"","display":"select","restrictions_type":"any_text","adjust_price":false,"price":"","price_type":"flat_fee","restrictions":false,"min":"0","max":"0","options":[{"label":"Rechts Ausf\u00fchrung","price":"","price_type":"quantity_based","image":0,"visibility":true},{"label":"links Ausf\u00fchrung","price":"","price_type":"quantity_based","image":0,"visibility":true}],"id":1716388986}],"yoast_head":"<!-- This site is optimized with the Yoast SEO plugin v26.7 - https:\/\/yoast.com\/wordpress\/plugins\/seo\/ -->\n<title>Whirlpool 170x115 f\u00fcr zwei Personen Multifunktionsdusche VS103<\/title>\n<meta name=\"description\" content=\"Badewanne f\u00fcr zwei Personen 170 x 115 x 63 H, erh\u00e4ltlich in linker und rechter Version, mit Desinfektions- und Sterilisationssystem und Wasserh\u00e4hnen\" \/>\n<meta name=\"robots\" content=\"index, follow, max-snippet:-1, max-image-preview:large, max-video-preview:-1\" \/>\n<link rel=\"canonical\" href=\"https:\/\/www.bagnoitalia.com\/de\/produkt\/multifunktionaler-jacuzzi-170x115-fur-zwei-personen-vs103.html\" \/>\n<meta property=\"og:locale\" content=\"de_DE\" \/>\n<meta property=\"og:type\" content=\"article\" \/>\n<meta property=\"og:title\" content=\"Whirlpool 170x115 f\u00fcr zwei Personen Multifunktionsdusche VS103\" \/>\n<meta property=\"og:description\" content=\"Badewanne f\u00fcr zwei Personen 170 x 115 x 63 H, erh\u00e4ltlich in linker und rechter Version, mit Desinfektions- und Sterilisationssystem und Wasserh\u00e4hnen\" \/>\n<meta property=\"og:url\" content=\"https:\/\/www.bagnoitalia.com\/de\/produkt\/multifunktionaler-jacuzzi-170x115-fur-zwei-personen-vs103.html\" \/>\n<meta property=\"og:site_name\" content=\"Bagno Italia\" \/>\n<meta property=\"article:modified_time\" content=\"2024-05-22T12:43:05+00:00\" \/>\n<meta property=\"og:image\" content=\"https:\/\/img.bagnoitalia.com\/wp-content\/uploads\/virtuemart\/product\/V4S-0004_1.jpg\" \/>\n\t<meta property=\"og:image:width\" content=\"550\" \/>\n\t<meta property=\"og:image:height\" content=\"550\" \/>\n\t<meta property=\"og:image:type\" content=\"image\/jpeg\" \/>\n<meta name=\"twitter:card\" content=\"summary_large_image\" \/>\n<meta name=\"twitter:label1\" content=\"Gesch\u00e4tzte Lesezeit\" \/>\n\t<meta name=\"twitter:data1\" content=\"1\u00a0Minute\" \/>\n<script type=\"application\/ld+json\" class=\"yoast-schema-graph\">{\"@context\":\"https:\/\/schema.org\",\"@graph\":[{\"@type\":\"WebPage\",\"@id\":\"https:\/\/www.bagnoitalia.com\/de\/produkt\/multifunktionaler-jacuzzi-170x115-fur-zwei-personen-vs103.html\",\"url\":\"https:\/\/www.bagnoitalia.com\/de\/produkt\/multifunktionaler-jacuzzi-170x115-fur-zwei-personen-vs103.html\",\"name\":\"Whirlpool 170x115 f\u00fcr zwei Personen Multifunktionsdusche VS103\",\"isPartOf\":{\"@id\":\"https:\/\/www.bagnoitalia.com\/de#website\"},\"primaryImageOfPage\":{\"@id\":\"https:\/\/www.bagnoitalia.com\/de\/produkt\/multifunktionaler-jacuzzi-170x115-fur-zwei-personen-vs103.html#primaryimage\"},\"image\":{\"@id\":\"https:\/\/www.bagnoitalia.com\/de\/produkt\/multifunktionaler-jacuzzi-170x115-fur-zwei-personen-vs103.html#primaryimage\"},\"thumbnailUrl\":\"https:\/\/img.bagnoitalia.com\/wp-content\/uploads\/virtuemart\/product\/V4S-0004_1.jpg\",\"datePublished\":\"2022-03-30T05:47:46+00:00\",\"dateModified\":\"2024-05-22T12:43:05+00:00\",\"description\":\"Badewanne f\u00fcr zwei Personen 170 x 115 x 63 H, erh\u00e4ltlich in linker und rechter Version, mit Desinfektions- und Sterilisationssystem und Wasserh\u00e4hnen\",\"breadcrumb\":{\"@id\":\"https:\/\/www.bagnoitalia.com\/de\/produkt\/multifunktionaler-jacuzzi-170x115-fur-zwei-personen-vs103.html#breadcrumb\"},\"inLanguage\":\"de\",\"potentialAction\":[{\"@type\":\"ReadAction\",\"target\":[\"https:\/\/www.bagnoitalia.com\/de\/produkt\/multifunktionaler-jacuzzi-170x115-fur-zwei-personen-vs103.html\"]}]},{\"@type\":\"ImageObject\",\"inLanguage\":\"de\",\"@id\":\"https:\/\/www.bagnoitalia.com\/de\/produkt\/multifunktionaler-jacuzzi-170x115-fur-zwei-personen-vs103.html#primaryimage\",\"url\":\"https:\/\/img.bagnoitalia.com\/wp-content\/uploads\/virtuemart\/product\/V4S-0004_1.jpg\",\"contentUrl\":\"https:\/\/img.bagnoitalia.com\/wp-content\/uploads\/virtuemart\/product\/V4S-0004_1.jpg\",\"width\":550,\"height\":550},{\"@type\":\"BreadcrumbList\",\"@id\":\"https:\/\/www.bagnoitalia.com\/de\/produkt\/multifunktionaler-jacuzzi-170x115-fur-zwei-personen-vs103.html#breadcrumb\",\"itemListElement\":[{\"@type\":\"ListItem\",\"position\":1,\"name\":\"Home\",\"item\":\"https:\/\/www.bagnoitalia.com\/de\"},{\"@type\":\"ListItem\",\"position\":2,\"name\":\"Produkte\",\"item\":\"https:\/\/www.bagnoitalia.com\/de\/shop\"},{\"@type\":\"ListItem\",\"position\":3,\"name\":\"Multifunktionaler Jacuzzi 170&#215;115 f\u00fcr zwei Personen VS103\"}]},{\"@type\":\"WebSite\",\"@id\":\"https:\/\/www.bagnoitalia.com\/de#website\",\"url\":\"https:\/\/www.bagnoitalia.com\/de\",\"name\":\"Bagno Italia\",\"description\":\"\",\"publisher\":{\"@id\":\"https:\/\/www.bagnoitalia.com\/de#organization\"},\"potentialAction\":[{\"@type\":\"SearchAction\",\"target\":{\"@type\":\"EntryPoint\",\"urlTemplate\":\"https:\/\/www.bagnoitalia.com\/de?s={search_term_string}\"},\"query-input\":{\"@type\":\"PropertyValueSpecification\",\"valueRequired\":true,\"valueName\":\"search_term_string\"}}],\"inLanguage\":\"de\"},{\"@type\":\"Organization\",\"@id\":\"https:\/\/www.bagnoitalia.com\/de#organization\",\"name\":\"Bagno Italia\",\"url\":\"https:\/\/www.bagnoitalia.com\/de\",\"logo\":{\"@type\":\"ImageObject\",\"inLanguage\":\"de\",\"@id\":\"https:\/\/www.bagnoitalia.com\/de#\/schema\/logo\/image\/\",\"url\":\"https:\/\/img.bagnoitalia.com\/wp-content\/uploads\/logo-bagnoitalia.webp\",\"contentUrl\":\"https:\/\/img.bagnoitalia.com\/wp-content\/uploads\/logo-bagnoitalia.webp\",\"width\":400,\"height\":70,\"caption\":\"Bagno Italia\"},\"image\":{\"@id\":\"https:\/\/www.bagnoitalia.com\/de#\/schema\/logo\/image\/\"}}]}<\/script>\n<!-- \/ Yoast SEO plugin. -->","yoast_head_json":{"title":"Whirlpool 170x115 f\u00fcr zwei Personen Multifunktionsdusche VS103","description":"Badewanne f\u00fcr zwei Personen 170 x 115 x 63 H, erh\u00e4ltlich in linker und rechter Version, mit Desinfektions- und Sterilisationssystem und Wasserh\u00e4hnen","robots":{"index":"index","follow":"follow","max-snippet":"max-snippet:-1","max-image-preview":"max-image-preview:large","max-video-preview":"max-video-preview:-1"},"canonical":"https:\/\/www.bagnoitalia.com\/de\/produkt\/multifunktionaler-jacuzzi-170x115-fur-zwei-personen-vs103.html","og_locale":"de_DE","og_type":"article","og_title":"Whirlpool 170x115 f\u00fcr zwei Personen Multifunktionsdusche VS103","og_description":"Badewanne f\u00fcr zwei Personen 170 x 115 x 63 H, erh\u00e4ltlich in linker und rechter Version, mit Desinfektions- und Sterilisationssystem und Wasserh\u00e4hnen","og_url":"https:\/\/www.bagnoitalia.com\/de\/produkt\/multifunktionaler-jacuzzi-170x115-fur-zwei-personen-vs103.html","og_site_name":"Bagno Italia","article_modified_time":"2024-05-22T12:43:05+00:00","og_image":[{"width":550,"height":550,"url":"https:\/\/img.bagnoitalia.com\/wp-content\/uploads\/virtuemart\/product\/V4S-0004_1.jpg","type":"image\/jpeg"}],"twitter_card":"summary_large_image","twitter_misc":{"Gesch\u00e4tzte Lesezeit":"1\u00a0Minute"},"schema":{"@context":"https:\/\/schema.org","@graph":[{"@type":"WebPage","@id":"https:\/\/www.bagnoitalia.com\/de\/produkt\/multifunktionaler-jacuzzi-170x115-fur-zwei-personen-vs103.html","url":"https:\/\/www.bagnoitalia.com\/de\/produkt\/multifunktionaler-jacuzzi-170x115-fur-zwei-personen-vs103.html","name":"Whirlpool 170x115 f\u00fcr zwei Personen Multifunktionsdusche VS103","isPartOf":{"@id":"https:\/\/www.bagnoitalia.com\/de#website"},"primaryImageOfPage":{"@id":"https:\/\/www.bagnoitalia.com\/de\/produkt\/multifunktionaler-jacuzzi-170x115-fur-zwei-personen-vs103.html#primaryimage"},"image":{"@id":"https:\/\/www.bagnoitalia.com\/de\/produkt\/multifunktionaler-jacuzzi-170x115-fur-zwei-personen-vs103.html#primaryimage"},"thumbnailUrl":"https:\/\/img.bagnoitalia.com\/wp-content\/uploads\/virtuemart\/product\/V4S-0004_1.jpg","datePublished":"2022-03-30T05:47:46+00:00","dateModified":"2024-05-22T12:43:05+00:00","description":"Badewanne f\u00fcr zwei Personen 170 x 115 x 63 H, erh\u00e4ltlich in linker und rechter Version, mit Desinfektions- und Sterilisationssystem und Wasserh\u00e4hnen","breadcrumb":{"@id":"https:\/\/www.bagnoitalia.com\/de\/produkt\/multifunktionaler-jacuzzi-170x115-fur-zwei-personen-vs103.html#breadcrumb"},"inLanguage":"de","potentialAction":[{"@type":"ReadAction","target":["https:\/\/www.bagnoitalia.com\/de\/produkt\/multifunktionaler-jacuzzi-170x115-fur-zwei-personen-vs103.html"]}]},{"@type":"ImageObject","inLanguage":"de","@id":"https:\/\/www.bagnoitalia.com\/de\/produkt\/multifunktionaler-jacuzzi-170x115-fur-zwei-personen-vs103.html#primaryimage","url":"https:\/\/img.bagnoitalia.com\/wp-content\/uploads\/virtuemart\/product\/V4S-0004_1.jpg","contentUrl":"https:\/\/img.bagnoitalia.com\/wp-content\/uploads\/virtuemart\/product\/V4S-0004_1.jpg","width":550,"height":550},{"@type":"BreadcrumbList","@id":"https:\/\/www.bagnoitalia.com\/de\/produkt\/multifunktionaler-jacuzzi-170x115-fur-zwei-personen-vs103.html#breadcrumb","itemListElement":[{"@type":"ListItem","position":1,"name":"Home","item":"https:\/\/www.bagnoitalia.com\/de"},{"@type":"ListItem","position":2,"name":"Produkte","item":"https:\/\/www.bagnoitalia.com\/de\/shop"},{"@type":"ListItem","position":3,"name":"Multifunktionaler Jacuzzi 170&#215;115 f\u00fcr zwei Personen VS103"}]},{"@type":"WebSite","@id":"https:\/\/www.bagnoitalia.com\/de#website","url":"https:\/\/www.bagnoitalia.com\/de","name":"Bagno Italia","description":"","publisher":{"@id":"https:\/\/www.bagnoitalia.com\/de#organization"},"potentialAction":[{"@type":"SearchAction","target":{"@type":"EntryPoint","urlTemplate":"https:\/\/www.bagnoitalia.com\/de?s={search_term_string}"},"query-input":{"@type":"PropertyValueSpecification","valueRequired":true,"valueName":"search_term_string"}}],"inLanguage":"de"},{"@type":"Organization","@id":"https:\/\/www.bagnoitalia.com\/de#organization","name":"Bagno Italia","url":"https:\/\/www.bagnoitalia.com\/de","logo":{"@type":"ImageObject","inLanguage":"de","@id":"https:\/\/www.bagnoitalia.com\/de#\/schema\/logo\/image\/","url":"https:\/\/img.bagnoitalia.com\/wp-content\/uploads\/logo-bagnoitalia.webp","contentUrl":"https:\/\/img.bagnoitalia.com\/wp-content\/uploads\/logo-bagnoitalia.webp","width":400,"height":70,"caption":"Bagno Italia"},"image":{"@id":"https:\/\/www.bagnoitalia.com\/de#\/schema\/logo\/image\/"}}]}},"_links":{"self":[{"href":"https:\/\/www.bagnoitalia.com\/de\/wp-json\/wp\/v2\/product\/81825","targetHints":{"allow":["GET"]}}],"collection":[{"href":"https:\/\/www.bagnoitalia.com\/de\/wp-json\/wp\/v2\/product"}],"about":[{"href":"https:\/\/www.bagnoitalia.com\/de\/wp-json\/wp\/v2\/types\/product"}],"replies":[{"embeddable":true,"href":"https:\/\/www.bagnoitalia.com\/de\/wp-json\/wp\/v2\/comments?post=81825"}],"version-history":[{"count":1,"href":"https:\/\/www.bagnoitalia.com\/de\/wp-json\/wp\/v2\/product\/81825\/revisions"}],"predecessor-version":[{"id":87480,"href":"https:\/\/www.bagnoitalia.com\/de\/wp-json\/wp\/v2\/product\/81825\/revisions\/87480"}],"wp:featuredmedia":[{"embeddable":true,"href":"https:\/\/www.bagnoitalia.com\/de\/wp-json\/wp\/v2\/media\/50448"}],"wp:attachment":[{"href":"https:\/\/www.bagnoitalia.com\/de\/wp-json\/wp\/v2\/media?parent=81825"}],"wp:term":[{"taxonomy":"product_brand","embeddable":true,"href":"https:\/\/www.bagnoitalia.com\/de\/wp-json\/wp\/v2\/product_brand?post=81825"},{"taxonomy":"product_cat","embeddable":true,"href":"https:\/\/www.bagnoitalia.com\/de\/wp-json\/wp\/v2\/product_cat?post=81825"},{"taxonomy":"product_tag","embeddable":true,"href":"https:\/\/www.bagnoitalia.com\/de\/wp-json\/wp\/v2\/product_tag?post=81825"}],"curies":[{"name":"wp","href":"https:\/\/api.w.org\/{rel}","templated":true}]}}