{"id":81817,"date":"2022-03-30T07:47:46","date_gmt":"2022-03-30T05:47:46","guid":{"rendered":"https:\/\/www.bagnoitalia.com\/product\/hydromassage-kabine-fur-2-personen-mit-halbrunder-badewanne-150-x-150-cm-radio-chromotherapie-cb076"},"modified":"2022-03-30T07:47:46","modified_gmt":"2022-03-30T05:47:46","slug":"hydromassage-kabine-fur-2-personen-mit-halbrunder-badewanne-150-x-150-cm-radio-chromotherapie-cb076","status":"publish","type":"product","link":"https:\/\/www.bagnoitalia.com\/de\/produkt\/hydromassage-kabine-fur-2-personen-mit-halbrunder-badewanne-150-x-150-cm-radio-chromotherapie-cb076.html","title":{"rendered":"Hydromassage-Kabine f\u00fcr 2 Personen mit halbrunder Badewanne 150 x 150 cm, Radio-Chromotherapie CB076"},"content":{"rendered":"<p style=\"line-height: normal; margin: 0cm 0cm 10pt; text-align: justify;\" align=\"center\"><span style=\"font-size: 10pt;\"><strong><span style=\"font-family: 'Times New Roman', 'serif';\"><strong><span style=\"font-family: 'Times New Roman', 'serif';\"><span style=\"font-family: 'Times New Roman';\"><strong><span style=\"font-family: 'Times New Roman', 'serif';\"><strong><span style=\"font-family: 'Times New Roman', 'serif';\"><span style=\"font-family: 'Arial';\"><span style=\"text-decoration: underline;\"><span style=\"font-size: 12pt;\">Halbrunde Hydromassagekabine CB076 mit Wanne<\/span><\/span><br \/><\/span><\/span><\/strong><\/span><\/strong><\/span><\/span><\/strong><\/span><\/strong><\/span><\/p>\n<\/p>\n<p> <span style=\"text-decoration: underline;\">EIGENSCHAFTEN:<\/span><br style=\"font-family: 'Arial';\" \/><\/p>\n<p> Kabine mit Wanne Misst 150x150x230H cm<\/p>\n<p> Badewannenh\u00f6he 60cm<\/p>\n<p> Tank mit rutschfestem Boden aus verst\u00e4rktem ABS<\/p>\n<p> 5 mm Rauchglas mit Bruch- und Verletzungsschutz<\/p>\n<p> Hydromassages\u00e4ule und Whirlpoolwanne<\/p>\n<p> Hoher Wasserspeier mit zentraler Kaskade<\/p>\n<p> 1,5 PS Whirlpoolpumpe<\/p>\n<p> FM-Radio<\/p>\n<p> Schalttafel<\/p>\n<p> Chromotherapie<\/p>\n<p> Objekttr\u00e4ger aus Glas<\/p>\n<p> Handtuchhalter<\/p>\n<p> R\u00fchrger\u00e4t<\/p>\n<p> Spiegel<\/p>\n<p> Bequemer Sitz f\u00fcr Hydromassage<\/p>\n<p> Magnetverschluss<\/p>\n<p> R\u00fcckenlehne<\/p><\/p>\n","protected":false},"excerpt":{"rendered":"<p>5 mm verletzungssicheres Whirlpoolgeh\u00e4use aus geh\u00e4rtetem und abgedunkeltem Glas, Bel\u00fcftungssystem, Radio und Lautsprecher<\/p>\n","protected":false},"featured_media":50360,"comment_status":"open","ping_status":"closed","template":"","meta":[],"product_brand":[5017],"product_cat":[9736],"product_tag":[],"class_list":{"0":"post-81817","1":"product","2":"type-product","3":"status-publish","4":"has-post-thumbnail","6":"product_brand-simba","7":"product_cat-whirlpool-duschkabine","9":"first","10":"instock","11":"sale","12":"taxable","13":"shipping-taxable","14":"purchasable","15":"product-type-simple"},"exclude_global_add_ons":[],"addons":[],"yoast_head":"<!-- This site is optimized with the Yoast SEO plugin v26.7 - https:\/\/yoast.com\/wordpress\/plugins\/seo\/ -->\n<title>Hydromassagekabine f\u00fcr 2 Personen mit halbrunder Badewanne 150x150x230Hcm Radio-Chromotherapie CB076<\/title>\n<meta name=\"description\" content=\"Whirlpool-Box mit 5 mm geh\u00e4rtetem und abgedunkeltem Glas, Verletzungsschutz, Bel\u00fcftungssystem, Radio und Lautsprechern\" \/>\n<meta name=\"robots\" content=\"index, follow, max-snippet:-1, max-image-preview:large, max-video-preview:-1\" \/>\n<link rel=\"canonical\" href=\"https:\/\/www.bagnoitalia.com\/de\/produkt\/hydromassage-kabine-fur-2-personen-mit-halbrunder-badewanne-150-x-150-cm-radio-chromotherapie-cb076.html\" \/>\n<meta property=\"og:locale\" content=\"de_DE\" \/>\n<meta property=\"og:type\" content=\"article\" \/>\n<meta property=\"og:title\" content=\"Hydromassagekabine f\u00fcr 2 Personen mit halbrunder Badewanne 150x150x230Hcm Radio-Chromotherapie CB076\" \/>\n<meta property=\"og:description\" content=\"Whirlpool-Box mit 5 mm geh\u00e4rtetem und abgedunkeltem Glas, Verletzungsschutz, Bel\u00fcftungssystem, Radio und Lautsprechern\" \/>\n<meta property=\"og:url\" content=\"https:\/\/www.bagnoitalia.com\/de\/produkt\/hydromassage-kabine-fur-2-personen-mit-halbrunder-badewanne-150-x-150-cm-radio-chromotherapie-cb076.html\" \/>\n<meta property=\"og:site_name\" content=\"Bagno Italia\" \/>\n<meta property=\"og:image\" content=\"https:\/\/img.bagnoitalia.com\/wp-content\/uploads\/virtuemart\/product\/C4B-01036_1.jpg\" \/>\n\t<meta property=\"og:image:width\" content=\"600\" \/>\n\t<meta property=\"og:image:height\" content=\"600\" \/>\n\t<meta property=\"og:image:type\" content=\"image\/jpeg\" \/>\n<meta name=\"twitter:card\" content=\"summary_large_image\" \/>\n<script type=\"application\/ld+json\" class=\"yoast-schema-graph\">{\"@context\":\"https:\/\/schema.org\",\"@graph\":[{\"@type\":\"WebPage\",\"@id\":\"https:\/\/www.bagnoitalia.com\/de\/produkt\/hydromassage-kabine-fur-2-personen-mit-halbrunder-badewanne-150-x-150-cm-radio-chromotherapie-cb076.html\",\"url\":\"https:\/\/www.bagnoitalia.com\/de\/produkt\/hydromassage-kabine-fur-2-personen-mit-halbrunder-badewanne-150-x-150-cm-radio-chromotherapie-cb076.html\",\"name\":\"Hydromassagekabine f\u00fcr 2 Personen mit halbrunder Badewanne 150x150x230Hcm Radio-Chromotherapie CB076\",\"isPartOf\":{\"@id\":\"https:\/\/www.bagnoitalia.com\/de#website\"},\"primaryImageOfPage\":{\"@id\":\"https:\/\/www.bagnoitalia.com\/de\/produkt\/hydromassage-kabine-fur-2-personen-mit-halbrunder-badewanne-150-x-150-cm-radio-chromotherapie-cb076.html#primaryimage\"},\"image\":{\"@id\":\"https:\/\/www.bagnoitalia.com\/de\/produkt\/hydromassage-kabine-fur-2-personen-mit-halbrunder-badewanne-150-x-150-cm-radio-chromotherapie-cb076.html#primaryimage\"},\"thumbnailUrl\":\"https:\/\/img.bagnoitalia.com\/wp-content\/uploads\/virtuemart\/product\/C4B-01036_1.jpg\",\"datePublished\":\"2022-03-30T05:47:46+00:00\",\"description\":\"Whirlpool-Box mit 5 mm geh\u00e4rtetem und abgedunkeltem Glas, Verletzungsschutz, Bel\u00fcftungssystem, Radio und Lautsprechern\",\"breadcrumb\":{\"@id\":\"https:\/\/www.bagnoitalia.com\/de\/produkt\/hydromassage-kabine-fur-2-personen-mit-halbrunder-badewanne-150-x-150-cm-radio-chromotherapie-cb076.html#breadcrumb\"},\"inLanguage\":\"de\",\"potentialAction\":[{\"@type\":\"ReadAction\",\"target\":[\"https:\/\/www.bagnoitalia.com\/de\/produkt\/hydromassage-kabine-fur-2-personen-mit-halbrunder-badewanne-150-x-150-cm-radio-chromotherapie-cb076.html\"]}]},{\"@type\":\"ImageObject\",\"inLanguage\":\"de\",\"@id\":\"https:\/\/www.bagnoitalia.com\/de\/produkt\/hydromassage-kabine-fur-2-personen-mit-halbrunder-badewanne-150-x-150-cm-radio-chromotherapie-cb076.html#primaryimage\",\"url\":\"https:\/\/img.bagnoitalia.com\/wp-content\/uploads\/virtuemart\/product\/C4B-01036_1.jpg\",\"contentUrl\":\"https:\/\/img.bagnoitalia.com\/wp-content\/uploads\/virtuemart\/product\/C4B-01036_1.jpg\",\"width\":600,\"height\":600},{\"@type\":\"BreadcrumbList\",\"@id\":\"https:\/\/www.bagnoitalia.com\/de\/produkt\/hydromassage-kabine-fur-2-personen-mit-halbrunder-badewanne-150-x-150-cm-radio-chromotherapie-cb076.html#breadcrumb\",\"itemListElement\":[{\"@type\":\"ListItem\",\"position\":1,\"name\":\"Home\",\"item\":\"https:\/\/www.bagnoitalia.com\/de\"},{\"@type\":\"ListItem\",\"position\":2,\"name\":\"Produkte\",\"item\":\"https:\/\/www.bagnoitalia.com\/de\/shop\"},{\"@type\":\"ListItem\",\"position\":3,\"name\":\"Hydromassage-Kabine f\u00fcr 2 Personen mit halbrunder Badewanne 150 x 150 cm, Radio-Chromotherapie CB076\"}]},{\"@type\":\"WebSite\",\"@id\":\"https:\/\/www.bagnoitalia.com\/de#website\",\"url\":\"https:\/\/www.bagnoitalia.com\/de\",\"name\":\"Bagno Italia\",\"description\":\"\",\"publisher\":{\"@id\":\"https:\/\/www.bagnoitalia.com\/de#organization\"},\"potentialAction\":[{\"@type\":\"SearchAction\",\"target\":{\"@type\":\"EntryPoint\",\"urlTemplate\":\"https:\/\/www.bagnoitalia.com\/de?s={search_term_string}\"},\"query-input\":{\"@type\":\"PropertyValueSpecification\",\"valueRequired\":true,\"valueName\":\"search_term_string\"}}],\"inLanguage\":\"de\"},{\"@type\":\"Organization\",\"@id\":\"https:\/\/www.bagnoitalia.com\/de#organization\",\"name\":\"Bagno Italia\",\"url\":\"https:\/\/www.bagnoitalia.com\/de\",\"logo\":{\"@type\":\"ImageObject\",\"inLanguage\":\"de\",\"@id\":\"https:\/\/www.bagnoitalia.com\/de#\/schema\/logo\/image\/\",\"url\":\"https:\/\/img.bagnoitalia.com\/wp-content\/uploads\/logo-bagnoitalia.webp\",\"contentUrl\":\"https:\/\/img.bagnoitalia.com\/wp-content\/uploads\/logo-bagnoitalia.webp\",\"width\":400,\"height\":70,\"caption\":\"Bagno Italia\"},\"image\":{\"@id\":\"https:\/\/www.bagnoitalia.com\/de#\/schema\/logo\/image\/\"}}]}<\/script>\n<!-- \/ Yoast SEO plugin. -->","yoast_head_json":{"title":"Hydromassagekabine f\u00fcr 2 Personen mit halbrunder Badewanne 150x150x230Hcm Radio-Chromotherapie CB076","description":"Whirlpool-Box mit 5 mm geh\u00e4rtetem und abgedunkeltem Glas, Verletzungsschutz, Bel\u00fcftungssystem, Radio und Lautsprechern","robots":{"index":"index","follow":"follow","max-snippet":"max-snippet:-1","max-image-preview":"max-image-preview:large","max-video-preview":"max-video-preview:-1"},"canonical":"https:\/\/www.bagnoitalia.com\/de\/produkt\/hydromassage-kabine-fur-2-personen-mit-halbrunder-badewanne-150-x-150-cm-radio-chromotherapie-cb076.html","og_locale":"de_DE","og_type":"article","og_title":"Hydromassagekabine f\u00fcr 2 Personen mit halbrunder Badewanne 150x150x230Hcm Radio-Chromotherapie CB076","og_description":"Whirlpool-Box mit 5 mm geh\u00e4rtetem und abgedunkeltem Glas, Verletzungsschutz, Bel\u00fcftungssystem, Radio und Lautsprechern","og_url":"https:\/\/www.bagnoitalia.com\/de\/produkt\/hydromassage-kabine-fur-2-personen-mit-halbrunder-badewanne-150-x-150-cm-radio-chromotherapie-cb076.html","og_site_name":"Bagno Italia","og_image":[{"width":600,"height":600,"url":"https:\/\/img.bagnoitalia.com\/wp-content\/uploads\/virtuemart\/product\/C4B-01036_1.jpg","type":"image\/jpeg"}],"twitter_card":"summary_large_image","schema":{"@context":"https:\/\/schema.org","@graph":[{"@type":"WebPage","@id":"https:\/\/www.bagnoitalia.com\/de\/produkt\/hydromassage-kabine-fur-2-personen-mit-halbrunder-badewanne-150-x-150-cm-radio-chromotherapie-cb076.html","url":"https:\/\/www.bagnoitalia.com\/de\/produkt\/hydromassage-kabine-fur-2-personen-mit-halbrunder-badewanne-150-x-150-cm-radio-chromotherapie-cb076.html","name":"Hydromassagekabine f\u00fcr 2 Personen mit halbrunder Badewanne 150x150x230Hcm Radio-Chromotherapie CB076","isPartOf":{"@id":"https:\/\/www.bagnoitalia.com\/de#website"},"primaryImageOfPage":{"@id":"https:\/\/www.bagnoitalia.com\/de\/produkt\/hydromassage-kabine-fur-2-personen-mit-halbrunder-badewanne-150-x-150-cm-radio-chromotherapie-cb076.html#primaryimage"},"image":{"@id":"https:\/\/www.bagnoitalia.com\/de\/produkt\/hydromassage-kabine-fur-2-personen-mit-halbrunder-badewanne-150-x-150-cm-radio-chromotherapie-cb076.html#primaryimage"},"thumbnailUrl":"https:\/\/img.bagnoitalia.com\/wp-content\/uploads\/virtuemart\/product\/C4B-01036_1.jpg","datePublished":"2022-03-30T05:47:46+00:00","description":"Whirlpool-Box mit 5 mm geh\u00e4rtetem und abgedunkeltem Glas, Verletzungsschutz, Bel\u00fcftungssystem, Radio und Lautsprechern","breadcrumb":{"@id":"https:\/\/www.bagnoitalia.com\/de\/produkt\/hydromassage-kabine-fur-2-personen-mit-halbrunder-badewanne-150-x-150-cm-radio-chromotherapie-cb076.html#breadcrumb"},"inLanguage":"de","potentialAction":[{"@type":"ReadAction","target":["https:\/\/www.bagnoitalia.com\/de\/produkt\/hydromassage-kabine-fur-2-personen-mit-halbrunder-badewanne-150-x-150-cm-radio-chromotherapie-cb076.html"]}]},{"@type":"ImageObject","inLanguage":"de","@id":"https:\/\/www.bagnoitalia.com\/de\/produkt\/hydromassage-kabine-fur-2-personen-mit-halbrunder-badewanne-150-x-150-cm-radio-chromotherapie-cb076.html#primaryimage","url":"https:\/\/img.bagnoitalia.com\/wp-content\/uploads\/virtuemart\/product\/C4B-01036_1.jpg","contentUrl":"https:\/\/img.bagnoitalia.com\/wp-content\/uploads\/virtuemart\/product\/C4B-01036_1.jpg","width":600,"height":600},{"@type":"BreadcrumbList","@id":"https:\/\/www.bagnoitalia.com\/de\/produkt\/hydromassage-kabine-fur-2-personen-mit-halbrunder-badewanne-150-x-150-cm-radio-chromotherapie-cb076.html#breadcrumb","itemListElement":[{"@type":"ListItem","position":1,"name":"Home","item":"https:\/\/www.bagnoitalia.com\/de"},{"@type":"ListItem","position":2,"name":"Produkte","item":"https:\/\/www.bagnoitalia.com\/de\/shop"},{"@type":"ListItem","position":3,"name":"Hydromassage-Kabine f\u00fcr 2 Personen mit halbrunder Badewanne 150 x 150 cm, Radio-Chromotherapie CB076"}]},{"@type":"WebSite","@id":"https:\/\/www.bagnoitalia.com\/de#website","url":"https:\/\/www.bagnoitalia.com\/de","name":"Bagno Italia","description":"","publisher":{"@id":"https:\/\/www.bagnoitalia.com\/de#organization"},"potentialAction":[{"@type":"SearchAction","target":{"@type":"EntryPoint","urlTemplate":"https:\/\/www.bagnoitalia.com\/de?s={search_term_string}"},"query-input":{"@type":"PropertyValueSpecification","valueRequired":true,"valueName":"search_term_string"}}],"inLanguage":"de"},{"@type":"Organization","@id":"https:\/\/www.bagnoitalia.com\/de#organization","name":"Bagno Italia","url":"https:\/\/www.bagnoitalia.com\/de","logo":{"@type":"ImageObject","inLanguage":"de","@id":"https:\/\/www.bagnoitalia.com\/de#\/schema\/logo\/image\/","url":"https:\/\/img.bagnoitalia.com\/wp-content\/uploads\/logo-bagnoitalia.webp","contentUrl":"https:\/\/img.bagnoitalia.com\/wp-content\/uploads\/logo-bagnoitalia.webp","width":400,"height":70,"caption":"Bagno Italia"},"image":{"@id":"https:\/\/www.bagnoitalia.com\/de#\/schema\/logo\/image\/"}}]}},"_links":{"self":[{"href":"https:\/\/www.bagnoitalia.com\/de\/wp-json\/wp\/v2\/product\/81817","targetHints":{"allow":["GET"]}}],"collection":[{"href":"https:\/\/www.bagnoitalia.com\/de\/wp-json\/wp\/v2\/product"}],"about":[{"href":"https:\/\/www.bagnoitalia.com\/de\/wp-json\/wp\/v2\/types\/product"}],"replies":[{"embeddable":true,"href":"https:\/\/www.bagnoitalia.com\/de\/wp-json\/wp\/v2\/comments?post=81817"}],"version-history":[{"count":0,"href":"https:\/\/www.bagnoitalia.com\/de\/wp-json\/wp\/v2\/product\/81817\/revisions"}],"wp:featuredmedia":[{"embeddable":true,"href":"https:\/\/www.bagnoitalia.com\/de\/wp-json\/wp\/v2\/media\/50360"}],"wp:attachment":[{"href":"https:\/\/www.bagnoitalia.com\/de\/wp-json\/wp\/v2\/media?parent=81817"}],"wp:term":[{"taxonomy":"product_brand","embeddable":true,"href":"https:\/\/www.bagnoitalia.com\/de\/wp-json\/wp\/v2\/product_brand?post=81817"},{"taxonomy":"product_cat","embeddable":true,"href":"https:\/\/www.bagnoitalia.com\/de\/wp-json\/wp\/v2\/product_cat?post=81817"},{"taxonomy":"product_tag","embeddable":true,"href":"https:\/\/www.bagnoitalia.com\/de\/wp-json\/wp\/v2\/product_tag?post=81817"}],"curies":[{"name":"wp","href":"https:\/\/api.w.org\/{rel}","templated":true}]}}