{"id":81809,"date":"2022-03-30T07:47:46","date_gmt":"2022-03-30T05:47:46","guid":{"rendered":"https:\/\/www.bagnoitalia.com\/product\/aufblasbarer-whirlpool-mspa-158x68hcm-108-dusen-geeignet-fur-4-personen-mg14"},"modified":"2022-03-30T07:47:46","modified_gmt":"2022-03-30T05:47:46","slug":"aufblasbarer-whirlpool-mspa-158x68hcm-108-dusen-geeignet-fur-4-personen-mg14","status":"publish","type":"product","link":"https:\/\/www.bagnoitalia.com\/de\/produkt\/aufblasbarer-whirlpool-mspa-158x68hcm-108-dusen-geeignet-fur-4-personen-mg14.html","title":{"rendered":"Aufblasbarer Whirlpool Mspa 158x68Hcm 108 D\u00fcsen geeignet f\u00fcr 4 Personen MG14"},"content":{"rendered":"<p><span style=\"color: #ff0000;\"><strong><span style=\"font-size: 14pt;\"><span style=\"text-decoration: underline;\">AUFBLASBARER MINI-POOL Mspa WHIRLPOOL MG14<\/span><\/span><\/strong><\/span><\/p>\n<\/p>\n<p> <strong>ABMESSUNGEN:<\/strong> 158 XH 68 CM geeignet f\u00fcr 4 Personen<\/p>\n<p> SELBSTBLASEND <strong>:<\/strong> durch internen Motor<\/p>\n<\/p>\n<h4> <span style=\"text-decoration: underline;\"><strong>TECHNISCHE EIGENSCHAFTEN:<\/strong><\/span><\/h4>\n<h4> Mini-Pool mit Heizung (1500 W MAX 42 \u00b0 C) und Frostschutzsystem ausgestattet<\/h4>\n<ul>\n<li> 2 Filter zur Wasserfiltration und 1 Luftpumpe (600Watt)<\/li>\n<li> 650 Liter Fassungsverm\u00f6gen und Leistung von 220-240 Volt<\/li>\n<li> 6-lagiges verst\u00e4rktes PVC-Material<\/li>\n<li> Wasserdichte LED-Fernbedienung und Digitaluhr<\/li>\n<li> Kindersicherungsfunktion verf\u00fcgbar<\/li>\n<li> 108 WHIRLPOOL-D\u00dcSEN<\/li>\n<\/ul>\n<h5><\/h5>\n<h5> <span style=\"color: #ff0000;\">&#8211; Abgasrohradapter, Rei\u00dfverschlussabdeckung und Schaumstoffmatte im Preis enthalten<\/span><\/h5>\n<h5> &#8211; <strong>ZERTIFIZIERUNGEN: CE, ISO9001-2008<\/strong><\/h5>\n","protected":false},"excerpt":{"rendered":"<p>Selbstaufblasender Mini-Pool Mspa 158 x H68 cm 108 Hydromassaged\u00fcsen Frostschutz- und Warmwasserbereitungssystem und Abdeckung mit Verschlussschnallen inklusive<\/p>\n","protected":false},"featured_media":50308,"comment_status":"open","ping_status":"closed","template":"","meta":[],"product_brand":[5021],"product_cat":[9776],"product_tag":[],"class_list":{"0":"post-81809","1":"product","2":"type-product","3":"status-publish","4":"has-post-thumbnail","6":"product_brand-predator-arredo-casa","7":"product_cat-whirlpool-aufblasbar","9":"first","10":"instock","11":"sale","12":"taxable","13":"shipping-taxable","14":"purchasable","15":"product-type-simple"},"exclude_global_add_ons":[],"addons":[],"yoast_head":"<!-- This site is optimized with the Yoast SEO plugin v26.7 - https:\/\/yoast.com\/wordpress\/plugins\/seo\/ -->\n<title>Mspa Aufblasbarer Hydromassage-Minipool 158x68Hcm 108 Hydromassaged\u00fcsen geeignet f\u00fcr 4 Personen MG14<\/title>\n<meta name=\"description\" content=\"Selbstaufblasender Mini-Pool Mspa 158 x H68 cm 108 Hydromassaged\u00fcsen Frostschutz- und Warmwasserbereitungssystem und Abdeckung mit Verschlussschnallen inklusive\" \/>\n<meta name=\"robots\" content=\"index, follow, max-snippet:-1, max-image-preview:large, max-video-preview:-1\" \/>\n<link rel=\"canonical\" href=\"https:\/\/www.bagnoitalia.com\/de\/produkt\/aufblasbarer-whirlpool-mspa-158x68hcm-108-dusen-geeignet-fur-4-personen-mg14.html\" \/>\n<meta property=\"og:locale\" content=\"de_DE\" \/>\n<meta property=\"og:type\" content=\"article\" \/>\n<meta property=\"og:title\" content=\"Mspa Aufblasbarer Hydromassage-Minipool 158x68Hcm 108 Hydromassaged\u00fcsen geeignet f\u00fcr 4 Personen MG14\" \/>\n<meta property=\"og:description\" content=\"Selbstaufblasender Mini-Pool Mspa 158 x H68 cm 108 Hydromassaged\u00fcsen Frostschutz- und Warmwasserbereitungssystem und Abdeckung mit Verschlussschnallen inklusive\" \/>\n<meta property=\"og:url\" content=\"https:\/\/www.bagnoitalia.com\/de\/produkt\/aufblasbarer-whirlpool-mspa-158x68hcm-108-dusen-geeignet-fur-4-personen-mg14.html\" \/>\n<meta property=\"og:site_name\" content=\"Bagno Italia\" \/>\n<meta property=\"og:image\" content=\"https:\/\/img.bagnoitalia.com\/wp-content\/uploads\/virtuemart\/product\/mpg-0009_1.jpg\" \/>\n\t<meta property=\"og:image:width\" content=\"600\" \/>\n\t<meta property=\"og:image:height\" content=\"600\" \/>\n\t<meta property=\"og:image:type\" content=\"image\/jpeg\" \/>\n<meta name=\"twitter:card\" content=\"summary_large_image\" \/>\n<script type=\"application\/ld+json\" class=\"yoast-schema-graph\">{\"@context\":\"https:\/\/schema.org\",\"@graph\":[{\"@type\":\"WebPage\",\"@id\":\"https:\/\/www.bagnoitalia.com\/de\/produkt\/aufblasbarer-whirlpool-mspa-158x68hcm-108-dusen-geeignet-fur-4-personen-mg14.html\",\"url\":\"https:\/\/www.bagnoitalia.com\/de\/produkt\/aufblasbarer-whirlpool-mspa-158x68hcm-108-dusen-geeignet-fur-4-personen-mg14.html\",\"name\":\"Mspa Aufblasbarer Hydromassage-Minipool 158x68Hcm 108 Hydromassaged\u00fcsen geeignet f\u00fcr 4 Personen MG14\",\"isPartOf\":{\"@id\":\"https:\/\/www.bagnoitalia.com\/de#website\"},\"primaryImageOfPage\":{\"@id\":\"https:\/\/www.bagnoitalia.com\/de\/produkt\/aufblasbarer-whirlpool-mspa-158x68hcm-108-dusen-geeignet-fur-4-personen-mg14.html#primaryimage\"},\"image\":{\"@id\":\"https:\/\/www.bagnoitalia.com\/de\/produkt\/aufblasbarer-whirlpool-mspa-158x68hcm-108-dusen-geeignet-fur-4-personen-mg14.html#primaryimage\"},\"thumbnailUrl\":\"https:\/\/img.bagnoitalia.com\/wp-content\/uploads\/virtuemart\/product\/mpg-0009_1.jpg\",\"datePublished\":\"2022-03-30T05:47:46+00:00\",\"description\":\"Selbstaufblasender Mini-Pool Mspa 158 x H68 cm 108 Hydromassaged\u00fcsen Frostschutz- und Warmwasserbereitungssystem und Abdeckung mit Verschlussschnallen inklusive\",\"breadcrumb\":{\"@id\":\"https:\/\/www.bagnoitalia.com\/de\/produkt\/aufblasbarer-whirlpool-mspa-158x68hcm-108-dusen-geeignet-fur-4-personen-mg14.html#breadcrumb\"},\"inLanguage\":\"de\",\"potentialAction\":[{\"@type\":\"ReadAction\",\"target\":[\"https:\/\/www.bagnoitalia.com\/de\/produkt\/aufblasbarer-whirlpool-mspa-158x68hcm-108-dusen-geeignet-fur-4-personen-mg14.html\"]}]},{\"@type\":\"ImageObject\",\"inLanguage\":\"de\",\"@id\":\"https:\/\/www.bagnoitalia.com\/de\/produkt\/aufblasbarer-whirlpool-mspa-158x68hcm-108-dusen-geeignet-fur-4-personen-mg14.html#primaryimage\",\"url\":\"https:\/\/img.bagnoitalia.com\/wp-content\/uploads\/virtuemart\/product\/mpg-0009_1.jpg\",\"contentUrl\":\"https:\/\/img.bagnoitalia.com\/wp-content\/uploads\/virtuemart\/product\/mpg-0009_1.jpg\",\"width\":600,\"height\":600},{\"@type\":\"BreadcrumbList\",\"@id\":\"https:\/\/www.bagnoitalia.com\/de\/produkt\/aufblasbarer-whirlpool-mspa-158x68hcm-108-dusen-geeignet-fur-4-personen-mg14.html#breadcrumb\",\"itemListElement\":[{\"@type\":\"ListItem\",\"position\":1,\"name\":\"Home\",\"item\":\"https:\/\/www.bagnoitalia.com\/de\"},{\"@type\":\"ListItem\",\"position\":2,\"name\":\"Produkte\",\"item\":\"https:\/\/www.bagnoitalia.com\/de\/shop\"},{\"@type\":\"ListItem\",\"position\":3,\"name\":\"Aufblasbarer Whirlpool Mspa 158x68Hcm 108 D\u00fcsen geeignet f\u00fcr 4 Personen MG14\"}]},{\"@type\":\"WebSite\",\"@id\":\"https:\/\/www.bagnoitalia.com\/de#website\",\"url\":\"https:\/\/www.bagnoitalia.com\/de\",\"name\":\"Bagno Italia\",\"description\":\"\",\"publisher\":{\"@id\":\"https:\/\/www.bagnoitalia.com\/de#organization\"},\"potentialAction\":[{\"@type\":\"SearchAction\",\"target\":{\"@type\":\"EntryPoint\",\"urlTemplate\":\"https:\/\/www.bagnoitalia.com\/de?s={search_term_string}\"},\"query-input\":{\"@type\":\"PropertyValueSpecification\",\"valueRequired\":true,\"valueName\":\"search_term_string\"}}],\"inLanguage\":\"de\"},{\"@type\":\"Organization\",\"@id\":\"https:\/\/www.bagnoitalia.com\/de#organization\",\"name\":\"Bagno Italia\",\"url\":\"https:\/\/www.bagnoitalia.com\/de\",\"logo\":{\"@type\":\"ImageObject\",\"inLanguage\":\"de\",\"@id\":\"https:\/\/www.bagnoitalia.com\/de#\/schema\/logo\/image\/\",\"url\":\"https:\/\/img.bagnoitalia.com\/wp-content\/uploads\/logo-bagnoitalia.webp\",\"contentUrl\":\"https:\/\/img.bagnoitalia.com\/wp-content\/uploads\/logo-bagnoitalia.webp\",\"width\":400,\"height\":70,\"caption\":\"Bagno Italia\"},\"image\":{\"@id\":\"https:\/\/www.bagnoitalia.com\/de#\/schema\/logo\/image\/\"}}]}<\/script>\n<!-- \/ Yoast SEO plugin. -->","yoast_head_json":{"title":"Mspa Aufblasbarer Hydromassage-Minipool 158x68Hcm 108 Hydromassaged\u00fcsen geeignet f\u00fcr 4 Personen MG14","description":"Selbstaufblasender Mini-Pool Mspa 158 x H68 cm 108 Hydromassaged\u00fcsen Frostschutz- und Warmwasserbereitungssystem und Abdeckung mit Verschlussschnallen inklusive","robots":{"index":"index","follow":"follow","max-snippet":"max-snippet:-1","max-image-preview":"max-image-preview:large","max-video-preview":"max-video-preview:-1"},"canonical":"https:\/\/www.bagnoitalia.com\/de\/produkt\/aufblasbarer-whirlpool-mspa-158x68hcm-108-dusen-geeignet-fur-4-personen-mg14.html","og_locale":"de_DE","og_type":"article","og_title":"Mspa Aufblasbarer Hydromassage-Minipool 158x68Hcm 108 Hydromassaged\u00fcsen geeignet f\u00fcr 4 Personen MG14","og_description":"Selbstaufblasender Mini-Pool Mspa 158 x H68 cm 108 Hydromassaged\u00fcsen Frostschutz- und Warmwasserbereitungssystem und Abdeckung mit Verschlussschnallen inklusive","og_url":"https:\/\/www.bagnoitalia.com\/de\/produkt\/aufblasbarer-whirlpool-mspa-158x68hcm-108-dusen-geeignet-fur-4-personen-mg14.html","og_site_name":"Bagno Italia","og_image":[{"width":600,"height":600,"url":"https:\/\/img.bagnoitalia.com\/wp-content\/uploads\/virtuemart\/product\/mpg-0009_1.jpg","type":"image\/jpeg"}],"twitter_card":"summary_large_image","schema":{"@context":"https:\/\/schema.org","@graph":[{"@type":"WebPage","@id":"https:\/\/www.bagnoitalia.com\/de\/produkt\/aufblasbarer-whirlpool-mspa-158x68hcm-108-dusen-geeignet-fur-4-personen-mg14.html","url":"https:\/\/www.bagnoitalia.com\/de\/produkt\/aufblasbarer-whirlpool-mspa-158x68hcm-108-dusen-geeignet-fur-4-personen-mg14.html","name":"Mspa Aufblasbarer Hydromassage-Minipool 158x68Hcm 108 Hydromassaged\u00fcsen geeignet f\u00fcr 4 Personen MG14","isPartOf":{"@id":"https:\/\/www.bagnoitalia.com\/de#website"},"primaryImageOfPage":{"@id":"https:\/\/www.bagnoitalia.com\/de\/produkt\/aufblasbarer-whirlpool-mspa-158x68hcm-108-dusen-geeignet-fur-4-personen-mg14.html#primaryimage"},"image":{"@id":"https:\/\/www.bagnoitalia.com\/de\/produkt\/aufblasbarer-whirlpool-mspa-158x68hcm-108-dusen-geeignet-fur-4-personen-mg14.html#primaryimage"},"thumbnailUrl":"https:\/\/img.bagnoitalia.com\/wp-content\/uploads\/virtuemart\/product\/mpg-0009_1.jpg","datePublished":"2022-03-30T05:47:46+00:00","description":"Selbstaufblasender Mini-Pool Mspa 158 x H68 cm 108 Hydromassaged\u00fcsen Frostschutz- und Warmwasserbereitungssystem und Abdeckung mit Verschlussschnallen inklusive","breadcrumb":{"@id":"https:\/\/www.bagnoitalia.com\/de\/produkt\/aufblasbarer-whirlpool-mspa-158x68hcm-108-dusen-geeignet-fur-4-personen-mg14.html#breadcrumb"},"inLanguage":"de","potentialAction":[{"@type":"ReadAction","target":["https:\/\/www.bagnoitalia.com\/de\/produkt\/aufblasbarer-whirlpool-mspa-158x68hcm-108-dusen-geeignet-fur-4-personen-mg14.html"]}]},{"@type":"ImageObject","inLanguage":"de","@id":"https:\/\/www.bagnoitalia.com\/de\/produkt\/aufblasbarer-whirlpool-mspa-158x68hcm-108-dusen-geeignet-fur-4-personen-mg14.html#primaryimage","url":"https:\/\/img.bagnoitalia.com\/wp-content\/uploads\/virtuemart\/product\/mpg-0009_1.jpg","contentUrl":"https:\/\/img.bagnoitalia.com\/wp-content\/uploads\/virtuemart\/product\/mpg-0009_1.jpg","width":600,"height":600},{"@type":"BreadcrumbList","@id":"https:\/\/www.bagnoitalia.com\/de\/produkt\/aufblasbarer-whirlpool-mspa-158x68hcm-108-dusen-geeignet-fur-4-personen-mg14.html#breadcrumb","itemListElement":[{"@type":"ListItem","position":1,"name":"Home","item":"https:\/\/www.bagnoitalia.com\/de"},{"@type":"ListItem","position":2,"name":"Produkte","item":"https:\/\/www.bagnoitalia.com\/de\/shop"},{"@type":"ListItem","position":3,"name":"Aufblasbarer Whirlpool Mspa 158x68Hcm 108 D\u00fcsen geeignet f\u00fcr 4 Personen MG14"}]},{"@type":"WebSite","@id":"https:\/\/www.bagnoitalia.com\/de#website","url":"https:\/\/www.bagnoitalia.com\/de","name":"Bagno Italia","description":"","publisher":{"@id":"https:\/\/www.bagnoitalia.com\/de#organization"},"potentialAction":[{"@type":"SearchAction","target":{"@type":"EntryPoint","urlTemplate":"https:\/\/www.bagnoitalia.com\/de?s={search_term_string}"},"query-input":{"@type":"PropertyValueSpecification","valueRequired":true,"valueName":"search_term_string"}}],"inLanguage":"de"},{"@type":"Organization","@id":"https:\/\/www.bagnoitalia.com\/de#organization","name":"Bagno Italia","url":"https:\/\/www.bagnoitalia.com\/de","logo":{"@type":"ImageObject","inLanguage":"de","@id":"https:\/\/www.bagnoitalia.com\/de#\/schema\/logo\/image\/","url":"https:\/\/img.bagnoitalia.com\/wp-content\/uploads\/logo-bagnoitalia.webp","contentUrl":"https:\/\/img.bagnoitalia.com\/wp-content\/uploads\/logo-bagnoitalia.webp","width":400,"height":70,"caption":"Bagno Italia"},"image":{"@id":"https:\/\/www.bagnoitalia.com\/de#\/schema\/logo\/image\/"}}]}},"_links":{"self":[{"href":"https:\/\/www.bagnoitalia.com\/de\/wp-json\/wp\/v2\/product\/81809","targetHints":{"allow":["GET"]}}],"collection":[{"href":"https:\/\/www.bagnoitalia.com\/de\/wp-json\/wp\/v2\/product"}],"about":[{"href":"https:\/\/www.bagnoitalia.com\/de\/wp-json\/wp\/v2\/types\/product"}],"replies":[{"embeddable":true,"href":"https:\/\/www.bagnoitalia.com\/de\/wp-json\/wp\/v2\/comments?post=81809"}],"version-history":[{"count":0,"href":"https:\/\/www.bagnoitalia.com\/de\/wp-json\/wp\/v2\/product\/81809\/revisions"}],"wp:featuredmedia":[{"embeddable":true,"href":"https:\/\/www.bagnoitalia.com\/de\/wp-json\/wp\/v2\/media\/50308"}],"wp:attachment":[{"href":"https:\/\/www.bagnoitalia.com\/de\/wp-json\/wp\/v2\/media?parent=81809"}],"wp:term":[{"taxonomy":"product_brand","embeddable":true,"href":"https:\/\/www.bagnoitalia.com\/de\/wp-json\/wp\/v2\/product_brand?post=81809"},{"taxonomy":"product_cat","embeddable":true,"href":"https:\/\/www.bagnoitalia.com\/de\/wp-json\/wp\/v2\/product_cat?post=81809"},{"taxonomy":"product_tag","embeddable":true,"href":"https:\/\/www.bagnoitalia.com\/de\/wp-json\/wp\/v2\/product_tag?post=81809"}],"curies":[{"name":"wp","href":"https:\/\/api.w.org\/{rel}","templated":true}]}}