{"id":81761,"date":"2022-03-30T07:47:46","date_gmt":"2022-03-30T05:47:46","guid":{"rendered":"https:\/\/www.bagnoitalia.com\/product\/duschsaule-20x111x38-cm-verchromter-oder-schwarzer-digitaler-whirlpool-mit-multifunktions-led-in-6-modellen"},"modified":"2024-06-11T15:45:34","modified_gmt":"2024-06-11T13:45:34","slug":"duschsaule-20x111x38-cm-verchromter-oder-schwarzer-digitaler-whirlpool-mit-multifunktions-led-in-6-modellen","status":"publish","type":"product","link":"https:\/\/www.bagnoitalia.com\/de\/produkt\/duschsaule-20x111x38-cm-verchromter-oder-schwarzer-digitaler-whirlpool-mit-multifunktions-led-in-6-modellen.html","title":{"rendered":"Duschs\u00e4ule 20x111x38 cm verchromter oder schwarzer digitaler Whirlpool mit Multifunktions-LED in 6 Modellen DC001"},"content":{"rendered":"<p>&nbsp;<\/p>\n<p><span style=\"font-size: 14pt;\"><strong>DIGITALE WHIRLPOOL-S\u00c4ULE IN 6 MODELLEN DC001<\/strong><\/span><\/p>\n<p>W\u00e4hlen Sie oben im Men\u00fc das gew\u00fcnschte Modell aus<\/p>\n<p>&nbsp;<\/p>\n<p><span style=\"text-decoration: underline;\">Eigenschaften<\/span> :<\/p>\n<p>Duschpaneel aus Edelstahl<\/p>\n<p>LED-Leuchten am Duschkopf<\/p>\n<p>Digitales Bedienfeld<\/p>\n<p>ABS-Handbrause<\/p>\n<p>Flexibel inklusive<\/p>\n<p>Verf\u00fcgbare Farben: Chrom oder Schwarz<\/p>\n<p>Einzeln aktivierbare Funktionen:<\/p>\n<p>&#8211; Regenwasserauslass aus dem Duschkopf<\/p>\n<p>&#8211; Kaskadenwasserauslass aus dem Duschkopf<\/p>\n<p>&#8211; Whirlpool aus D\u00fcsen entlang der Platte<\/p>\n<p>&#8211; Wasserablauf aus der Seitenbrause<\/p>\n<p>&#8211; Wasserauslass aus dem Badewannenhahn (befindet sich unten an der Duschs\u00e4ule)<\/p>\n<p>Dieses Produkt ben\u00f6tigt keine Stromquelle oder Batterie. Die Energiegewinnung erfolgt \u00fcber den Wasserfluss<\/p>\n<p>&nbsp;<\/p>\n","protected":false},"excerpt":{"rendered":"<p>Hydromassage-Duschs\u00e4ule, erh\u00e4ltlich in 6 Modellen, verchromt oder schwarz, mit LED-Leuchten, Digitalanzeige, Handbrause, Hydrojets und Badewannenarmatur<\/p>\n","protected":false},"featured_media":49852,"comment_status":"open","ping_status":"closed","template":"","meta":[],"product_brand":[5004],"product_cat":[9764],"product_tag":[],"class_list":{"0":"post-81761","1":"product","2":"type-product","3":"status-publish","4":"has-post-thumbnail","6":"product_brand-vari-produttori","7":"product_cat-duschsaule","9":"first","10":"instock","11":"sale","12":"taxable","13":"shipping-taxable","14":"purchasable","15":"product-type-simple"},"exclude_global_add_ons":false,"addons":[{"name":"Modell","type":"multiple_choice","position":0,"required":true,"title_format":"heading","default":"","description_enable":false,"description":"","placeholder_enable":false,"placeholder":"","display":"select","restrictions_type":"any_text","adjust_price":false,"price":"","price_type":"flat_fee","restrictions":false,"min":"0","max":"0","options":[{"label":"3","price":"","price_type":"quantity_based","image":0,"visibility":true},{"label":"1","price":"30","price_type":"quantity_based","image":0,"visibility":true},{"label":"2","price":"30","price_type":"quantity_based","image":0,"visibility":true},{"label":"4","price":"30","price_type":"quantity_based","image":0,"visibility":true},{"label":"5","price":"30","price_type":"quantity_based","image":0,"visibility":true},{"label":"6","price":"30","price_type":"quantity_based","image":0,"visibility":true}],"id":1718120735}],"yoast_head":"<!-- This site is optimized with the Yoast SEO plugin v26.7 - https:\/\/yoast.com\/wordpress\/plugins\/seo\/ -->\n<title>Verchromte oder schwarze digitale Hydromassage-Duschs\u00e4ule mit Multifunktions-LED in 6 Modellen DC001<\/title>\n<meta name=\"description\" content=\"Hydromassage-Duschs\u00e4ule, erh\u00e4ltlich in 6 Modellen, verchromt oder schwarz, mit LED-Leuchten, Digitalanzeige, Handbrause, Hydrojets und Badewannenarmatur\" \/>\n<meta name=\"robots\" content=\"index, follow, max-snippet:-1, max-image-preview:large, max-video-preview:-1\" \/>\n<link rel=\"canonical\" href=\"https:\/\/www.bagnoitalia.com\/de\/produkt\/duschsaule-20x111x38-cm-verchromter-oder-schwarzer-digitaler-whirlpool-mit-multifunktions-led-in-6-modellen.html\" \/>\n<meta property=\"og:locale\" content=\"de_DE\" \/>\n<meta property=\"og:type\" content=\"article\" \/>\n<meta property=\"og:title\" content=\"Verchromte oder schwarze digitale Hydromassage-Duschs\u00e4ule mit Multifunktions-LED in 6 Modellen DC001\" \/>\n<meta property=\"og:description\" content=\"Hydromassage-Duschs\u00e4ule, erh\u00e4ltlich in 6 Modellen, verchromt oder schwarz, mit LED-Leuchten, Digitalanzeige, Handbrause, Hydrojets und Badewannenarmatur\" \/>\n<meta property=\"og:url\" content=\"https:\/\/www.bagnoitalia.com\/de\/produkt\/duschsaule-20x111x38-cm-verchromter-oder-schwarzer-digitaler-whirlpool-mit-multifunktions-led-in-6-modellen.html\" \/>\n<meta property=\"og:site_name\" content=\"Bagno Italia\" \/>\n<meta property=\"article:modified_time\" content=\"2024-06-11T13:45:34+00:00\" \/>\n<meta property=\"og:image\" content=\"https:\/\/img.bagnoitalia.com\/wp-content\/uploads\/virtuemart\/product\/CLN-0503_1.jpg\" \/>\n\t<meta property=\"og:image:width\" content=\"550\" \/>\n\t<meta property=\"og:image:height\" content=\"550\" \/>\n\t<meta property=\"og:image:type\" content=\"image\/jpeg\" \/>\n<meta name=\"twitter:card\" content=\"summary_large_image\" \/>\n<meta name=\"twitter:label1\" content=\"Gesch\u00e4tzte Lesezeit\" \/>\n\t<meta name=\"twitter:data1\" content=\"1\u00a0Minute\" \/>\n<script type=\"application\/ld+json\" class=\"yoast-schema-graph\">{\"@context\":\"https:\/\/schema.org\",\"@graph\":[{\"@type\":\"WebPage\",\"@id\":\"https:\/\/www.bagnoitalia.com\/de\/produkt\/duschsaule-20x111x38-cm-verchromter-oder-schwarzer-digitaler-whirlpool-mit-multifunktions-led-in-6-modellen.html\",\"url\":\"https:\/\/www.bagnoitalia.com\/de\/produkt\/duschsaule-20x111x38-cm-verchromter-oder-schwarzer-digitaler-whirlpool-mit-multifunktions-led-in-6-modellen.html\",\"name\":\"Verchromte oder schwarze digitale Hydromassage-Duschs\u00e4ule mit Multifunktions-LED in 6 Modellen DC001\",\"isPartOf\":{\"@id\":\"https:\/\/www.bagnoitalia.com\/de#website\"},\"primaryImageOfPage\":{\"@id\":\"https:\/\/www.bagnoitalia.com\/de\/produkt\/duschsaule-20x111x38-cm-verchromter-oder-schwarzer-digitaler-whirlpool-mit-multifunktions-led-in-6-modellen.html#primaryimage\"},\"image\":{\"@id\":\"https:\/\/www.bagnoitalia.com\/de\/produkt\/duschsaule-20x111x38-cm-verchromter-oder-schwarzer-digitaler-whirlpool-mit-multifunktions-led-in-6-modellen.html#primaryimage\"},\"thumbnailUrl\":\"https:\/\/img.bagnoitalia.com\/wp-content\/uploads\/virtuemart\/product\/CLN-0503_1.jpg\",\"datePublished\":\"2022-03-30T05:47:46+00:00\",\"dateModified\":\"2024-06-11T13:45:34+00:00\",\"description\":\"Hydromassage-Duschs\u00e4ule, erh\u00e4ltlich in 6 Modellen, verchromt oder schwarz, mit LED-Leuchten, Digitalanzeige, Handbrause, Hydrojets und Badewannenarmatur\",\"breadcrumb\":{\"@id\":\"https:\/\/www.bagnoitalia.com\/de\/produkt\/duschsaule-20x111x38-cm-verchromter-oder-schwarzer-digitaler-whirlpool-mit-multifunktions-led-in-6-modellen.html#breadcrumb\"},\"inLanguage\":\"de\",\"potentialAction\":[{\"@type\":\"ReadAction\",\"target\":[\"https:\/\/www.bagnoitalia.com\/de\/produkt\/duschsaule-20x111x38-cm-verchromter-oder-schwarzer-digitaler-whirlpool-mit-multifunktions-led-in-6-modellen.html\"]}]},{\"@type\":\"ImageObject\",\"inLanguage\":\"de\",\"@id\":\"https:\/\/www.bagnoitalia.com\/de\/produkt\/duschsaule-20x111x38-cm-verchromter-oder-schwarzer-digitaler-whirlpool-mit-multifunktions-led-in-6-modellen.html#primaryimage\",\"url\":\"https:\/\/img.bagnoitalia.com\/wp-content\/uploads\/virtuemart\/product\/CLN-0503_1.jpg\",\"contentUrl\":\"https:\/\/img.bagnoitalia.com\/wp-content\/uploads\/virtuemart\/product\/CLN-0503_1.jpg\",\"width\":550,\"height\":550},{\"@type\":\"BreadcrumbList\",\"@id\":\"https:\/\/www.bagnoitalia.com\/de\/produkt\/duschsaule-20x111x38-cm-verchromter-oder-schwarzer-digitaler-whirlpool-mit-multifunktions-led-in-6-modellen.html#breadcrumb\",\"itemListElement\":[{\"@type\":\"ListItem\",\"position\":1,\"name\":\"Home\",\"item\":\"https:\/\/www.bagnoitalia.com\/de\"},{\"@type\":\"ListItem\",\"position\":2,\"name\":\"Produkte\",\"item\":\"https:\/\/www.bagnoitalia.com\/de\/shop\"},{\"@type\":\"ListItem\",\"position\":3,\"name\":\"Duschs\u00e4ule 20x111x38 cm verchromter oder schwarzer digitaler Whirlpool mit Multifunktions-LED in 6 Modellen DC001\"}]},{\"@type\":\"WebSite\",\"@id\":\"https:\/\/www.bagnoitalia.com\/de#website\",\"url\":\"https:\/\/www.bagnoitalia.com\/de\",\"name\":\"Bagno Italia\",\"description\":\"\",\"publisher\":{\"@id\":\"https:\/\/www.bagnoitalia.com\/de#organization\"},\"potentialAction\":[{\"@type\":\"SearchAction\",\"target\":{\"@type\":\"EntryPoint\",\"urlTemplate\":\"https:\/\/www.bagnoitalia.com\/de?s={search_term_string}\"},\"query-input\":{\"@type\":\"PropertyValueSpecification\",\"valueRequired\":true,\"valueName\":\"search_term_string\"}}],\"inLanguage\":\"de\"},{\"@type\":\"Organization\",\"@id\":\"https:\/\/www.bagnoitalia.com\/de#organization\",\"name\":\"Bagno Italia\",\"url\":\"https:\/\/www.bagnoitalia.com\/de\",\"logo\":{\"@type\":\"ImageObject\",\"inLanguage\":\"de\",\"@id\":\"https:\/\/www.bagnoitalia.com\/de#\/schema\/logo\/image\/\",\"url\":\"https:\/\/img.bagnoitalia.com\/wp-content\/uploads\/logo-bagnoitalia.webp\",\"contentUrl\":\"https:\/\/img.bagnoitalia.com\/wp-content\/uploads\/logo-bagnoitalia.webp\",\"width\":400,\"height\":70,\"caption\":\"Bagno Italia\"},\"image\":{\"@id\":\"https:\/\/www.bagnoitalia.com\/de#\/schema\/logo\/image\/\"}}]}<\/script>\n<!-- \/ Yoast SEO plugin. -->","yoast_head_json":{"title":"Verchromte oder schwarze digitale Hydromassage-Duschs\u00e4ule mit Multifunktions-LED in 6 Modellen DC001","description":"Hydromassage-Duschs\u00e4ule, erh\u00e4ltlich in 6 Modellen, verchromt oder schwarz, mit LED-Leuchten, Digitalanzeige, Handbrause, Hydrojets und Badewannenarmatur","robots":{"index":"index","follow":"follow","max-snippet":"max-snippet:-1","max-image-preview":"max-image-preview:large","max-video-preview":"max-video-preview:-1"},"canonical":"https:\/\/www.bagnoitalia.com\/de\/produkt\/duschsaule-20x111x38-cm-verchromter-oder-schwarzer-digitaler-whirlpool-mit-multifunktions-led-in-6-modellen.html","og_locale":"de_DE","og_type":"article","og_title":"Verchromte oder schwarze digitale Hydromassage-Duschs\u00e4ule mit Multifunktions-LED in 6 Modellen DC001","og_description":"Hydromassage-Duschs\u00e4ule, erh\u00e4ltlich in 6 Modellen, verchromt oder schwarz, mit LED-Leuchten, Digitalanzeige, Handbrause, Hydrojets und Badewannenarmatur","og_url":"https:\/\/www.bagnoitalia.com\/de\/produkt\/duschsaule-20x111x38-cm-verchromter-oder-schwarzer-digitaler-whirlpool-mit-multifunktions-led-in-6-modellen.html","og_site_name":"Bagno Italia","article_modified_time":"2024-06-11T13:45:34+00:00","og_image":[{"width":550,"height":550,"url":"https:\/\/img.bagnoitalia.com\/wp-content\/uploads\/virtuemart\/product\/CLN-0503_1.jpg","type":"image\/jpeg"}],"twitter_card":"summary_large_image","twitter_misc":{"Gesch\u00e4tzte Lesezeit":"1\u00a0Minute"},"schema":{"@context":"https:\/\/schema.org","@graph":[{"@type":"WebPage","@id":"https:\/\/www.bagnoitalia.com\/de\/produkt\/duschsaule-20x111x38-cm-verchromter-oder-schwarzer-digitaler-whirlpool-mit-multifunktions-led-in-6-modellen.html","url":"https:\/\/www.bagnoitalia.com\/de\/produkt\/duschsaule-20x111x38-cm-verchromter-oder-schwarzer-digitaler-whirlpool-mit-multifunktions-led-in-6-modellen.html","name":"Verchromte oder schwarze digitale Hydromassage-Duschs\u00e4ule mit Multifunktions-LED in 6 Modellen DC001","isPartOf":{"@id":"https:\/\/www.bagnoitalia.com\/de#website"},"primaryImageOfPage":{"@id":"https:\/\/www.bagnoitalia.com\/de\/produkt\/duschsaule-20x111x38-cm-verchromter-oder-schwarzer-digitaler-whirlpool-mit-multifunktions-led-in-6-modellen.html#primaryimage"},"image":{"@id":"https:\/\/www.bagnoitalia.com\/de\/produkt\/duschsaule-20x111x38-cm-verchromter-oder-schwarzer-digitaler-whirlpool-mit-multifunktions-led-in-6-modellen.html#primaryimage"},"thumbnailUrl":"https:\/\/img.bagnoitalia.com\/wp-content\/uploads\/virtuemart\/product\/CLN-0503_1.jpg","datePublished":"2022-03-30T05:47:46+00:00","dateModified":"2024-06-11T13:45:34+00:00","description":"Hydromassage-Duschs\u00e4ule, erh\u00e4ltlich in 6 Modellen, verchromt oder schwarz, mit LED-Leuchten, Digitalanzeige, Handbrause, Hydrojets und Badewannenarmatur","breadcrumb":{"@id":"https:\/\/www.bagnoitalia.com\/de\/produkt\/duschsaule-20x111x38-cm-verchromter-oder-schwarzer-digitaler-whirlpool-mit-multifunktions-led-in-6-modellen.html#breadcrumb"},"inLanguage":"de","potentialAction":[{"@type":"ReadAction","target":["https:\/\/www.bagnoitalia.com\/de\/produkt\/duschsaule-20x111x38-cm-verchromter-oder-schwarzer-digitaler-whirlpool-mit-multifunktions-led-in-6-modellen.html"]}]},{"@type":"ImageObject","inLanguage":"de","@id":"https:\/\/www.bagnoitalia.com\/de\/produkt\/duschsaule-20x111x38-cm-verchromter-oder-schwarzer-digitaler-whirlpool-mit-multifunktions-led-in-6-modellen.html#primaryimage","url":"https:\/\/img.bagnoitalia.com\/wp-content\/uploads\/virtuemart\/product\/CLN-0503_1.jpg","contentUrl":"https:\/\/img.bagnoitalia.com\/wp-content\/uploads\/virtuemart\/product\/CLN-0503_1.jpg","width":550,"height":550},{"@type":"BreadcrumbList","@id":"https:\/\/www.bagnoitalia.com\/de\/produkt\/duschsaule-20x111x38-cm-verchromter-oder-schwarzer-digitaler-whirlpool-mit-multifunktions-led-in-6-modellen.html#breadcrumb","itemListElement":[{"@type":"ListItem","position":1,"name":"Home","item":"https:\/\/www.bagnoitalia.com\/de"},{"@type":"ListItem","position":2,"name":"Produkte","item":"https:\/\/www.bagnoitalia.com\/de\/shop"},{"@type":"ListItem","position":3,"name":"Duschs\u00e4ule 20x111x38 cm verchromter oder schwarzer digitaler Whirlpool mit Multifunktions-LED in 6 Modellen DC001"}]},{"@type":"WebSite","@id":"https:\/\/www.bagnoitalia.com\/de#website","url":"https:\/\/www.bagnoitalia.com\/de","name":"Bagno Italia","description":"","publisher":{"@id":"https:\/\/www.bagnoitalia.com\/de#organization"},"potentialAction":[{"@type":"SearchAction","target":{"@type":"EntryPoint","urlTemplate":"https:\/\/www.bagnoitalia.com\/de?s={search_term_string}"},"query-input":{"@type":"PropertyValueSpecification","valueRequired":true,"valueName":"search_term_string"}}],"inLanguage":"de"},{"@type":"Organization","@id":"https:\/\/www.bagnoitalia.com\/de#organization","name":"Bagno Italia","url":"https:\/\/www.bagnoitalia.com\/de","logo":{"@type":"ImageObject","inLanguage":"de","@id":"https:\/\/www.bagnoitalia.com\/de#\/schema\/logo\/image\/","url":"https:\/\/img.bagnoitalia.com\/wp-content\/uploads\/logo-bagnoitalia.webp","contentUrl":"https:\/\/img.bagnoitalia.com\/wp-content\/uploads\/logo-bagnoitalia.webp","width":400,"height":70,"caption":"Bagno Italia"},"image":{"@id":"https:\/\/www.bagnoitalia.com\/de#\/schema\/logo\/image\/"}}]}},"_links":{"self":[{"href":"https:\/\/www.bagnoitalia.com\/de\/wp-json\/wp\/v2\/product\/81761","targetHints":{"allow":["GET"]}}],"collection":[{"href":"https:\/\/www.bagnoitalia.com\/de\/wp-json\/wp\/v2\/product"}],"about":[{"href":"https:\/\/www.bagnoitalia.com\/de\/wp-json\/wp\/v2\/types\/product"}],"replies":[{"embeddable":true,"href":"https:\/\/www.bagnoitalia.com\/de\/wp-json\/wp\/v2\/comments?post=81761"}],"version-history":[{"count":1,"href":"https:\/\/www.bagnoitalia.com\/de\/wp-json\/wp\/v2\/product\/81761\/revisions"}],"predecessor-version":[{"id":89931,"href":"https:\/\/www.bagnoitalia.com\/de\/wp-json\/wp\/v2\/product\/81761\/revisions\/89931"}],"wp:featuredmedia":[{"embeddable":true,"href":"https:\/\/www.bagnoitalia.com\/de\/wp-json\/wp\/v2\/media\/49852"}],"wp:attachment":[{"href":"https:\/\/www.bagnoitalia.com\/de\/wp-json\/wp\/v2\/media?parent=81761"}],"wp:term":[{"taxonomy":"product_brand","embeddable":true,"href":"https:\/\/www.bagnoitalia.com\/de\/wp-json\/wp\/v2\/product_brand?post=81761"},{"taxonomy":"product_cat","embeddable":true,"href":"https:\/\/www.bagnoitalia.com\/de\/wp-json\/wp\/v2\/product_cat?post=81761"},{"taxonomy":"product_tag","embeddable":true,"href":"https:\/\/www.bagnoitalia.com\/de\/wp-json\/wp\/v2\/product_tag?post=81761"}],"curies":[{"name":"wp","href":"https:\/\/api.w.org\/{rel}","templated":true}]}}