{"id":81685,"date":"2022-03-30T07:47:46","date_gmt":"2022-03-30T05:47:46","guid":{"rendered":"https:\/\/www.bagnoitalia.com\/product\/einhand-bidetmischer-jacuzzi-erhaltlich-in-weis-oder-mattschwarz-rb120"},"modified":"2025-08-29T11:04:48","modified_gmt":"2025-08-29T09:04:48","slug":"einhand-bidetmischer-jacuzzi-erhaltlich-in-weis-oder-mattschwarz-rb120","status":"publish","type":"product","link":"https:\/\/www.bagnoitalia.com\/de\/produkt\/einhand-bidetmischer-jacuzzi-erhaltlich-in-weis-oder-mattschwarz-rb120.html","title":{"rendered":"Einhand-Bidetmischer Jacuzzi erh\u00e4ltlich in wei\u00df oder mattschwarz RB120"},"content":{"rendered":"<p><strong><span dir=\"auto\">JACUZZI RB120 BIDET-MISCHER<\/span><br \/>\n<\/strong><\/p>\n<p>&nbsp;<\/p>\n<p><span dir=\"auto\">Bidetmischer, Marke Jacuzzi<\/span><\/p>\n<p><span dir=\"auto\">Mit Richtd\u00fcse<\/span><\/p>\n<p><span dir=\"auto\">H\u00f6he 16,35 cm<\/span><\/p>\n<p><span dir=\"auto\">Laufl\u00e4nge 11,2 cm<\/span><\/p>\n<p><span dir=\"auto\">Einzelloch<\/span><\/p>\n<p><span dir=\"auto\">Einhebelmischer zum Dosieren und Mischen von Wasser<\/span><\/p>\n<p><span dir=\"auto\">Flexibel inklusive<\/span><\/p>\n<p><span dir=\"auto\">Aus Messing<\/span><\/p>\n<p><span dir=\"auto\">Verf\u00fcgbare Farben: Mattwei\u00df oder Mattschwarz<\/span><\/p>\n<p><span dir=\"auto\">G3\/8\u2033-Anschl\u00fcsse<\/span><\/p>\n<p>&nbsp;<\/p>\n<p><span dir=\"auto\">NB: Abfall NICHT im Preis inbegriffen<\/span><\/p>\n","protected":false},"excerpt":{"rendered":"<div class=\"woocommerce-product-details__short-description\">\n<p><span dir=\"auto\">Jacuzzi-Bidetarmatur mit verstellbarem Auslauf. Erh\u00e4ltlich in zwei modernen Farben, Wei\u00df oder Schwarz, mit mattem Finish.<\/span><\/p>\n<\/div>\n<div class=\"woocommerce-product-rating\">\n<div class=\"star-rating\" role=\"img\" aria-label=\"Bewertet mit 5.00 von 5\"><\/div>\n<\/div>\n","protected":false},"featured_media":110276,"comment_status":"open","ping_status":"closed","template":"","meta":[],"product_brand":[9883],"product_cat":[10116],"product_tag":[],"class_list":{"0":"post-81685","1":"product","2":"type-product","3":"status-publish","4":"has-post-thumbnail","6":"product_brand-deghi-de","7":"product_cat-senza-categoria-de","9":"first","10":"instock","11":"sale","12":"taxable","13":"shipping-taxable","14":"purchasable","15":"product-type-simple"},"exclude_global_add_ons":false,"addons":[{"name":"Farbe","type":"multiple_choice","position":1,"required":true,"title_format":"heading","default":"","description_enable":false,"description":"","placeholder_enable":false,"placeholder":"","display":"select","restrictions_type":"any_text","adjust_price":false,"price":"","price_type":"flat_fee","restrictions":false,"min":"0","max":"0","options":[{"label":"Mattschwarz","price":"","price_type":"quantity_based","image":0,"visibility":true},{"label":"Mattwei\u00df","price":"","price_type":"quantity_based","image":0,"visibility":true}],"id":1756465489}],"yoast_head":"<!-- This site is optimized with the Yoast SEO plugin v26.7 - https:\/\/yoast.com\/wordpress\/plugins\/seo\/ -->\n<title>Einhand-Bidetmischer Jacuzzi erh\u00e4ltlich in wei\u00df oder mattschwarz RB120<\/title>\n<meta name=\"description\" content=\"Wasserhahn der Marke Jacuzzi f\u00fcr Bidet mit Richtungsd\u00fcse. im Preis inbegriffen kombinierter Ablauf und flexibel. Erh\u00e4ltlich in Wei\u00df oder Schwarz mit mattem Finish\" \/>\n<meta name=\"robots\" content=\"index, follow, max-snippet:-1, max-image-preview:large, max-video-preview:-1\" \/>\n<link rel=\"canonical\" href=\"https:\/\/www.bagnoitalia.com\/de\/produkt\/einhand-bidetmischer-jacuzzi-erhaltlich-in-weis-oder-mattschwarz-rb120.html\" \/>\n<meta property=\"og:locale\" content=\"de_DE\" \/>\n<meta property=\"og:type\" content=\"article\" \/>\n<meta property=\"og:title\" content=\"Einhand-Bidetmischer Jacuzzi erh\u00e4ltlich in wei\u00df oder mattschwarz RB120\" \/>\n<meta property=\"og:description\" content=\"Wasserhahn der Marke Jacuzzi f\u00fcr Bidet mit Richtungsd\u00fcse. im Preis inbegriffen kombinierter Ablauf und flexibel. Erh\u00e4ltlich in Wei\u00df oder Schwarz mit mattem Finish\" \/>\n<meta property=\"og:url\" content=\"https:\/\/www.bagnoitalia.com\/de\/produkt\/einhand-bidetmischer-jacuzzi-erhaltlich-in-weis-oder-mattschwarz-rb120.html\" \/>\n<meta property=\"og:site_name\" content=\"Bagno Italia\" \/>\n<meta property=\"article:modified_time\" content=\"2025-08-29T09:04:48+00:00\" \/>\n<meta property=\"og:image\" content=\"https:\/\/img.bagnoitalia.com\/wp-content\/uploads\/miscelatore-rubinetto-bidet-jacuzzi-opaco-bianco-nero.jpg\" \/>\n\t<meta property=\"og:image:width\" content=\"1600\" \/>\n\t<meta property=\"og:image:height\" content=\"1600\" \/>\n\t<meta property=\"og:image:type\" content=\"image\/jpeg\" \/>\n<meta name=\"twitter:card\" content=\"summary_large_image\" \/>\n<meta name=\"twitter:label1\" content=\"Gesch\u00e4tzte Lesezeit\" \/>\n\t<meta name=\"twitter:data1\" content=\"1\u00a0Minute\" \/>\n<script type=\"application\/ld+json\" class=\"yoast-schema-graph\">{\"@context\":\"https:\/\/schema.org\",\"@graph\":[{\"@type\":\"WebPage\",\"@id\":\"https:\/\/www.bagnoitalia.com\/de\/produkt\/einhand-bidetmischer-jacuzzi-erhaltlich-in-weis-oder-mattschwarz-rb120.html\",\"url\":\"https:\/\/www.bagnoitalia.com\/de\/produkt\/einhand-bidetmischer-jacuzzi-erhaltlich-in-weis-oder-mattschwarz-rb120.html\",\"name\":\"Einhand-Bidetmischer Jacuzzi erh\u00e4ltlich in wei\u00df oder mattschwarz RB120\",\"isPartOf\":{\"@id\":\"https:\/\/www.bagnoitalia.com\/de#website\"},\"primaryImageOfPage\":{\"@id\":\"https:\/\/www.bagnoitalia.com\/de\/produkt\/einhand-bidetmischer-jacuzzi-erhaltlich-in-weis-oder-mattschwarz-rb120.html#primaryimage\"},\"image\":{\"@id\":\"https:\/\/www.bagnoitalia.com\/de\/produkt\/einhand-bidetmischer-jacuzzi-erhaltlich-in-weis-oder-mattschwarz-rb120.html#primaryimage\"},\"thumbnailUrl\":\"https:\/\/img.bagnoitalia.com\/wp-content\/uploads\/miscelatore-rubinetto-bidet-jacuzzi-opaco-bianco-nero.jpg\",\"datePublished\":\"2022-03-30T05:47:46+00:00\",\"dateModified\":\"2025-08-29T09:04:48+00:00\",\"description\":\"Wasserhahn der Marke Jacuzzi f\u00fcr Bidet mit Richtungsd\u00fcse. im Preis inbegriffen kombinierter Ablauf und flexibel. Erh\u00e4ltlich in Wei\u00df oder Schwarz mit mattem Finish\",\"breadcrumb\":{\"@id\":\"https:\/\/www.bagnoitalia.com\/de\/produkt\/einhand-bidetmischer-jacuzzi-erhaltlich-in-weis-oder-mattschwarz-rb120.html#breadcrumb\"},\"inLanguage\":\"de\",\"potentialAction\":[{\"@type\":\"ReadAction\",\"target\":[\"https:\/\/www.bagnoitalia.com\/de\/produkt\/einhand-bidetmischer-jacuzzi-erhaltlich-in-weis-oder-mattschwarz-rb120.html\"]}]},{\"@type\":\"ImageObject\",\"inLanguage\":\"de\",\"@id\":\"https:\/\/www.bagnoitalia.com\/de\/produkt\/einhand-bidetmischer-jacuzzi-erhaltlich-in-weis-oder-mattschwarz-rb120.html#primaryimage\",\"url\":\"https:\/\/img.bagnoitalia.com\/wp-content\/uploads\/miscelatore-rubinetto-bidet-jacuzzi-opaco-bianco-nero.jpg\",\"contentUrl\":\"https:\/\/img.bagnoitalia.com\/wp-content\/uploads\/miscelatore-rubinetto-bidet-jacuzzi-opaco-bianco-nero.jpg\",\"width\":1600,\"height\":1600},{\"@type\":\"BreadcrumbList\",\"@id\":\"https:\/\/www.bagnoitalia.com\/de\/produkt\/einhand-bidetmischer-jacuzzi-erhaltlich-in-weis-oder-mattschwarz-rb120.html#breadcrumb\",\"itemListElement\":[{\"@type\":\"ListItem\",\"position\":1,\"name\":\"Home\",\"item\":\"https:\/\/www.bagnoitalia.com\/de\"},{\"@type\":\"ListItem\",\"position\":2,\"name\":\"Produkte\",\"item\":\"https:\/\/www.bagnoitalia.com\/de\/shop\"},{\"@type\":\"ListItem\",\"position\":3,\"name\":\"Einhand-Bidetmischer Jacuzzi erh\u00e4ltlich in wei\u00df oder mattschwarz RB120\"}]},{\"@type\":\"WebSite\",\"@id\":\"https:\/\/www.bagnoitalia.com\/de#website\",\"url\":\"https:\/\/www.bagnoitalia.com\/de\",\"name\":\"Bagno Italia\",\"description\":\"\",\"publisher\":{\"@id\":\"https:\/\/www.bagnoitalia.com\/de#organization\"},\"potentialAction\":[{\"@type\":\"SearchAction\",\"target\":{\"@type\":\"EntryPoint\",\"urlTemplate\":\"https:\/\/www.bagnoitalia.com\/de?s={search_term_string}\"},\"query-input\":{\"@type\":\"PropertyValueSpecification\",\"valueRequired\":true,\"valueName\":\"search_term_string\"}}],\"inLanguage\":\"de\"},{\"@type\":\"Organization\",\"@id\":\"https:\/\/www.bagnoitalia.com\/de#organization\",\"name\":\"Bagno Italia\",\"url\":\"https:\/\/www.bagnoitalia.com\/de\",\"logo\":{\"@type\":\"ImageObject\",\"inLanguage\":\"de\",\"@id\":\"https:\/\/www.bagnoitalia.com\/de#\/schema\/logo\/image\/\",\"url\":\"https:\/\/img.bagnoitalia.com\/wp-content\/uploads\/logo-bagnoitalia.webp\",\"contentUrl\":\"https:\/\/img.bagnoitalia.com\/wp-content\/uploads\/logo-bagnoitalia.webp\",\"width\":400,\"height\":70,\"caption\":\"Bagno Italia\"},\"image\":{\"@id\":\"https:\/\/www.bagnoitalia.com\/de#\/schema\/logo\/image\/\"}}]}<\/script>\n<!-- \/ Yoast SEO plugin. -->","yoast_head_json":{"title":"Einhand-Bidetmischer Jacuzzi erh\u00e4ltlich in wei\u00df oder mattschwarz RB120","description":"Wasserhahn der Marke Jacuzzi f\u00fcr Bidet mit Richtungsd\u00fcse. im Preis inbegriffen kombinierter Ablauf und flexibel. Erh\u00e4ltlich in Wei\u00df oder Schwarz mit mattem Finish","robots":{"index":"index","follow":"follow","max-snippet":"max-snippet:-1","max-image-preview":"max-image-preview:large","max-video-preview":"max-video-preview:-1"},"canonical":"https:\/\/www.bagnoitalia.com\/de\/produkt\/einhand-bidetmischer-jacuzzi-erhaltlich-in-weis-oder-mattschwarz-rb120.html","og_locale":"de_DE","og_type":"article","og_title":"Einhand-Bidetmischer Jacuzzi erh\u00e4ltlich in wei\u00df oder mattschwarz RB120","og_description":"Wasserhahn der Marke Jacuzzi f\u00fcr Bidet mit Richtungsd\u00fcse. im Preis inbegriffen kombinierter Ablauf und flexibel. Erh\u00e4ltlich in Wei\u00df oder Schwarz mit mattem Finish","og_url":"https:\/\/www.bagnoitalia.com\/de\/produkt\/einhand-bidetmischer-jacuzzi-erhaltlich-in-weis-oder-mattschwarz-rb120.html","og_site_name":"Bagno Italia","article_modified_time":"2025-08-29T09:04:48+00:00","og_image":[{"width":1600,"height":1600,"url":"https:\/\/img.bagnoitalia.com\/wp-content\/uploads\/miscelatore-rubinetto-bidet-jacuzzi-opaco-bianco-nero.jpg","type":"image\/jpeg"}],"twitter_card":"summary_large_image","twitter_misc":{"Gesch\u00e4tzte Lesezeit":"1\u00a0Minute"},"schema":{"@context":"https:\/\/schema.org","@graph":[{"@type":"WebPage","@id":"https:\/\/www.bagnoitalia.com\/de\/produkt\/einhand-bidetmischer-jacuzzi-erhaltlich-in-weis-oder-mattschwarz-rb120.html","url":"https:\/\/www.bagnoitalia.com\/de\/produkt\/einhand-bidetmischer-jacuzzi-erhaltlich-in-weis-oder-mattschwarz-rb120.html","name":"Einhand-Bidetmischer Jacuzzi erh\u00e4ltlich in wei\u00df oder mattschwarz RB120","isPartOf":{"@id":"https:\/\/www.bagnoitalia.com\/de#website"},"primaryImageOfPage":{"@id":"https:\/\/www.bagnoitalia.com\/de\/produkt\/einhand-bidetmischer-jacuzzi-erhaltlich-in-weis-oder-mattschwarz-rb120.html#primaryimage"},"image":{"@id":"https:\/\/www.bagnoitalia.com\/de\/produkt\/einhand-bidetmischer-jacuzzi-erhaltlich-in-weis-oder-mattschwarz-rb120.html#primaryimage"},"thumbnailUrl":"https:\/\/img.bagnoitalia.com\/wp-content\/uploads\/miscelatore-rubinetto-bidet-jacuzzi-opaco-bianco-nero.jpg","datePublished":"2022-03-30T05:47:46+00:00","dateModified":"2025-08-29T09:04:48+00:00","description":"Wasserhahn der Marke Jacuzzi f\u00fcr Bidet mit Richtungsd\u00fcse. im Preis inbegriffen kombinierter Ablauf und flexibel. Erh\u00e4ltlich in Wei\u00df oder Schwarz mit mattem Finish","breadcrumb":{"@id":"https:\/\/www.bagnoitalia.com\/de\/produkt\/einhand-bidetmischer-jacuzzi-erhaltlich-in-weis-oder-mattschwarz-rb120.html#breadcrumb"},"inLanguage":"de","potentialAction":[{"@type":"ReadAction","target":["https:\/\/www.bagnoitalia.com\/de\/produkt\/einhand-bidetmischer-jacuzzi-erhaltlich-in-weis-oder-mattschwarz-rb120.html"]}]},{"@type":"ImageObject","inLanguage":"de","@id":"https:\/\/www.bagnoitalia.com\/de\/produkt\/einhand-bidetmischer-jacuzzi-erhaltlich-in-weis-oder-mattschwarz-rb120.html#primaryimage","url":"https:\/\/img.bagnoitalia.com\/wp-content\/uploads\/miscelatore-rubinetto-bidet-jacuzzi-opaco-bianco-nero.jpg","contentUrl":"https:\/\/img.bagnoitalia.com\/wp-content\/uploads\/miscelatore-rubinetto-bidet-jacuzzi-opaco-bianco-nero.jpg","width":1600,"height":1600},{"@type":"BreadcrumbList","@id":"https:\/\/www.bagnoitalia.com\/de\/produkt\/einhand-bidetmischer-jacuzzi-erhaltlich-in-weis-oder-mattschwarz-rb120.html#breadcrumb","itemListElement":[{"@type":"ListItem","position":1,"name":"Home","item":"https:\/\/www.bagnoitalia.com\/de"},{"@type":"ListItem","position":2,"name":"Produkte","item":"https:\/\/www.bagnoitalia.com\/de\/shop"},{"@type":"ListItem","position":3,"name":"Einhand-Bidetmischer Jacuzzi erh\u00e4ltlich in wei\u00df oder mattschwarz RB120"}]},{"@type":"WebSite","@id":"https:\/\/www.bagnoitalia.com\/de#website","url":"https:\/\/www.bagnoitalia.com\/de","name":"Bagno Italia","description":"","publisher":{"@id":"https:\/\/www.bagnoitalia.com\/de#organization"},"potentialAction":[{"@type":"SearchAction","target":{"@type":"EntryPoint","urlTemplate":"https:\/\/www.bagnoitalia.com\/de?s={search_term_string}"},"query-input":{"@type":"PropertyValueSpecification","valueRequired":true,"valueName":"search_term_string"}}],"inLanguage":"de"},{"@type":"Organization","@id":"https:\/\/www.bagnoitalia.com\/de#organization","name":"Bagno Italia","url":"https:\/\/www.bagnoitalia.com\/de","logo":{"@type":"ImageObject","inLanguage":"de","@id":"https:\/\/www.bagnoitalia.com\/de#\/schema\/logo\/image\/","url":"https:\/\/img.bagnoitalia.com\/wp-content\/uploads\/logo-bagnoitalia.webp","contentUrl":"https:\/\/img.bagnoitalia.com\/wp-content\/uploads\/logo-bagnoitalia.webp","width":400,"height":70,"caption":"Bagno Italia"},"image":{"@id":"https:\/\/www.bagnoitalia.com\/de#\/schema\/logo\/image\/"}}]}},"_links":{"self":[{"href":"https:\/\/www.bagnoitalia.com\/de\/wp-json\/wp\/v2\/product\/81685","targetHints":{"allow":["GET"]}}],"collection":[{"href":"https:\/\/www.bagnoitalia.com\/de\/wp-json\/wp\/v2\/product"}],"about":[{"href":"https:\/\/www.bagnoitalia.com\/de\/wp-json\/wp\/v2\/types\/product"}],"replies":[{"embeddable":true,"href":"https:\/\/www.bagnoitalia.com\/de\/wp-json\/wp\/v2\/comments?post=81685"}],"version-history":[{"count":2,"href":"https:\/\/www.bagnoitalia.com\/de\/wp-json\/wp\/v2\/product\/81685\/revisions"}],"predecessor-version":[{"id":110303,"href":"https:\/\/www.bagnoitalia.com\/de\/wp-json\/wp\/v2\/product\/81685\/revisions\/110303"}],"wp:featuredmedia":[{"embeddable":true,"href":"https:\/\/www.bagnoitalia.com\/de\/wp-json\/wp\/v2\/media\/110276"}],"wp:attachment":[{"href":"https:\/\/www.bagnoitalia.com\/de\/wp-json\/wp\/v2\/media?parent=81685"}],"wp:term":[{"taxonomy":"product_brand","embeddable":true,"href":"https:\/\/www.bagnoitalia.com\/de\/wp-json\/wp\/v2\/product_brand?post=81685"},{"taxonomy":"product_cat","embeddable":true,"href":"https:\/\/www.bagnoitalia.com\/de\/wp-json\/wp\/v2\/product_cat?post=81685"},{"taxonomy":"product_tag","embeddable":true,"href":"https:\/\/www.bagnoitalia.com\/de\/wp-json\/wp\/v2\/product_tag?post=81685"}],"curies":[{"name":"wp","href":"https:\/\/api.w.org\/{rel}","templated":true}]}}