{"id":81657,"date":"2022-03-30T07:47:46","date_gmt":"2022-03-30T05:47:46","guid":{"rendered":"https:\/\/www.bagnoitalia.com\/product\/malta-matratze-mit-abnehmbarem-hypoallergenem-anti-milben-orthopadie-milben-in-verschiedenen-grosen-made-in-italy"},"modified":"2026-03-19T16:10:08","modified_gmt":"2026-03-19T15:10:08","slug":"malta-matratze-mit-abnehmbarem-hypoallergenem-anti-milben-orthopadie-milben-in-verschiedenen-grosen-made-in-italy","status":"publish","type":"product","link":"https:\/\/www.bagnoitalia.com\/de\/produkt\/malta-matratze-mit-abnehmbarem-hypoallergenem-anti-milben-orthopadie-milben-in-verschiedenen-grosen-made-in-italy.html","title":{"rendered":"Malta Matratze mit abnehmbarem hypoallergenem Anti-Milben-Orthop\u00e4die-Milben in verschiedenen Gr\u00f6\u00dfen Made in Italy"},"content":{"rendered":"<p style=\"text-align: center;\"><span style=\"font-size: 14pt;\"><strong>MALTA MODELL MATRATZE<\/strong><\/span><\/p>\n<p><strong>EIGENSCHAFTEN:<\/strong><\/p>\n<p>Verf\u00fcgbare Gr\u00f6\u00dfen: 80&#215;190, 85&#215;200, 90&#215;200, 160&#215;190, 160&#215;200, 170&#215;200, 180&#215;200 cm<\/p>\n<p>Es ist m\u00f6glich, die MASSGESCHNEIDERTE Matratze anzufordern (klicken Sie auf &#8222;Frage zu diesem Produkt stellen&#8220;, um weitere Informationen zu erhalten).<\/p>\n<p>H\u00f6he 20 cm<\/p>\n<p>Sehr hochwertige Matratze<\/p>\n<p>Hypoallergen<\/p>\n<p>Anti-Milbe<\/p>\n<p>Orthop\u00e4die<\/p>\n<p>Geeignet f\u00fcr alle Arten von Netzen, auch solche mit Motoren<\/p>\n<p>Mit Rei\u00dfverschluss abnehmbar<\/p>\n<p>Futter waschbar bei 30\u00b0C<\/p>\n<p>100% Polyestergewebe 180 gr \/ m2<\/p>\n<p>200 g \/ m2 Polyesterpolsterung<\/p>\n<p>Hergestellt in Italien<\/p>\n<p>Doppelschichtige Wasserschaum-Wellenstruktur (9 cm White Waterfoam und 9 cm Grey Waterfoam): Dadurch ist die Matratze ergonomisch, bequem, hoch atmungsaktiv, leitet Feuchtigkeit schnell ab und verformt sich nicht mit der Zeit (tats\u00e4chlich kann sie auch aufgerollt werden). )<\/p>\n","protected":false},"excerpt":{"rendered":"<p>Matratze passend f\u00fcr jede Art von Lattenrost, auch mit Motor, erh\u00e4ltlich in folgenden Abmessungen: 80&#215;190, 85&#215;200, 90&#215;200, 160&#215;190, 160&#215;200, 170&#215;200, 180&#215;200 cm<\/p>\n","protected":false},"featured_media":49084,"comment_status":"open","ping_status":"closed","template":"","meta":[],"product_brand":[9910],"product_cat":[10004],"product_tag":[],"class_list":{"0":"post-81657","1":"product","2":"type-product","3":"status-publish","4":"has-post-thumbnail","6":"product_brand-puntorelax-de","7":"product_cat-matratzen","9":"first","10":"instock","11":"sale","12":"taxable","13":"shipping-taxable","14":"purchasable","15":"product-type-simple"},"exclude_global_add_ons":false,"addons":[{"name":"Abmessungen","type":"multiple_choice","position":0,"required":true,"title_format":"heading","default":"","description_enable":false,"description":"","placeholder_enable":false,"placeholder":"","display":"select","restrictions_type":"any_text","adjust_price":false,"price":"","price_type":"flat_fee","restrictions":false,"min":"0","max":"0","options":[{"label":"80x190 cm","price":"","price_type":"quantity_based","image":0,"visibility":true},{"label":"85x200 cm","price":"20.66","price_type":"quantity_based","image":0,"visibility":true},{"label":"90x200 cm","price":"74.75","price_type":"quantity_based","image":0,"visibility":true},{"label":"160x190 cm","price":"104.26","price_type":"quantity_based","image":0,"visibility":true},{"label":"160x200 cm","price":"114.1","price_type":"quantity_based","image":0,"visibility":true},{"label":"170x200 cm","price":"147.54","price_type":"quantity_based","image":0,"visibility":true},{"label":"180x200 cm","price":"147.54","price_type":"quantity_based","image":0,"visibility":true}],"id":1717431713}],"yoast_head":"<!-- This site is optimized with the Yoast SEO plugin v26.7 - https:\/\/yoast.com\/wordpress\/plugins\/seo\/ -->\n<title>Malta-Matratze mit herausnehmbarem hypoallergenem Anti-Milben-Orthop\u00e4die-Milben in verschiedenen Gr\u00f6\u00dfen<\/title>\n<meta name=\"description\" content=\"Matratze passend f\u00fcr jede Art von Lattenrost, auch mit Motor, erh\u00e4ltlich in folgenden Abmessungen: 80x190, 85x200, 90x200, 160x190, 160x200, 170x200, 180x200 cm\" \/>\n<meta name=\"robots\" content=\"index, follow, max-snippet:-1, max-image-preview:large, max-video-preview:-1\" \/>\n<link rel=\"canonical\" href=\"https:\/\/www.bagnoitalia.com\/de\/produkt\/malta-matratze-mit-abnehmbarem-hypoallergenem-anti-milben-orthopadie-milben-in-verschiedenen-grosen-made-in-italy.html\" \/>\n<meta property=\"og:locale\" content=\"de_DE\" \/>\n<meta property=\"og:type\" content=\"article\" \/>\n<meta property=\"og:title\" content=\"Malta-Matratze mit herausnehmbarem hypoallergenem Anti-Milben-Orthop\u00e4die-Milben in verschiedenen Gr\u00f6\u00dfen\" \/>\n<meta property=\"og:description\" content=\"Matratze passend f\u00fcr jede Art von Lattenrost, auch mit Motor, erh\u00e4ltlich in folgenden Abmessungen: 80x190, 85x200, 90x200, 160x190, 160x200, 170x200, 180x200 cm\" \/>\n<meta property=\"og:url\" content=\"https:\/\/www.bagnoitalia.com\/de\/produkt\/malta-matratze-mit-abnehmbarem-hypoallergenem-anti-milben-orthopadie-milben-in-verschiedenen-grosen-made-in-italy.html\" \/>\n<meta property=\"og:site_name\" content=\"Bagno Italia\" \/>\n<meta property=\"article:modified_time\" content=\"2026-03-19T15:10:08+00:00\" \/>\n<meta property=\"og:image\" content=\"https:\/\/img.bagnoitalia.com\/wp-content\/uploads\/virtuemart\/product\/mat0001_1.jpg\" \/>\n\t<meta property=\"og:image:width\" content=\"550\" \/>\n\t<meta property=\"og:image:height\" content=\"550\" \/>\n\t<meta property=\"og:image:type\" content=\"image\/jpeg\" \/>\n<meta name=\"twitter:card\" content=\"summary_large_image\" \/>\n<meta name=\"twitter:label1\" content=\"Gesch\u00e4tzte Lesezeit\" \/>\n\t<meta name=\"twitter:data1\" content=\"1\u00a0Minute\" \/>\n<script type=\"application\/ld+json\" class=\"yoast-schema-graph\">{\"@context\":\"https:\/\/schema.org\",\"@graph\":[{\"@type\":\"WebPage\",\"@id\":\"https:\/\/www.bagnoitalia.com\/de\/produkt\/malta-matratze-mit-abnehmbarem-hypoallergenem-anti-milben-orthopadie-milben-in-verschiedenen-grosen-made-in-italy.html\",\"url\":\"https:\/\/www.bagnoitalia.com\/de\/produkt\/malta-matratze-mit-abnehmbarem-hypoallergenem-anti-milben-orthopadie-milben-in-verschiedenen-grosen-made-in-italy.html\",\"name\":\"Malta-Matratze mit herausnehmbarem hypoallergenem Anti-Milben-Orthop\u00e4die-Milben in verschiedenen Gr\u00f6\u00dfen\",\"isPartOf\":{\"@id\":\"https:\/\/www.bagnoitalia.com\/de#website\"},\"primaryImageOfPage\":{\"@id\":\"https:\/\/www.bagnoitalia.com\/de\/produkt\/malta-matratze-mit-abnehmbarem-hypoallergenem-anti-milben-orthopadie-milben-in-verschiedenen-grosen-made-in-italy.html#primaryimage\"},\"image\":{\"@id\":\"https:\/\/www.bagnoitalia.com\/de\/produkt\/malta-matratze-mit-abnehmbarem-hypoallergenem-anti-milben-orthopadie-milben-in-verschiedenen-grosen-made-in-italy.html#primaryimage\"},\"thumbnailUrl\":\"https:\/\/img.bagnoitalia.com\/wp-content\/uploads\/virtuemart\/product\/mat0001_1.jpg\",\"datePublished\":\"2022-03-30T05:47:46+00:00\",\"dateModified\":\"2026-03-19T15:10:08+00:00\",\"description\":\"Matratze passend f\u00fcr jede Art von Lattenrost, auch mit Motor, erh\u00e4ltlich in folgenden Abmessungen: 80x190, 85x200, 90x200, 160x190, 160x200, 170x200, 180x200 cm\",\"breadcrumb\":{\"@id\":\"https:\/\/www.bagnoitalia.com\/de\/produkt\/malta-matratze-mit-abnehmbarem-hypoallergenem-anti-milben-orthopadie-milben-in-verschiedenen-grosen-made-in-italy.html#breadcrumb\"},\"inLanguage\":\"de\",\"potentialAction\":[{\"@type\":\"ReadAction\",\"target\":[\"https:\/\/www.bagnoitalia.com\/de\/produkt\/malta-matratze-mit-abnehmbarem-hypoallergenem-anti-milben-orthopadie-milben-in-verschiedenen-grosen-made-in-italy.html\"]}]},{\"@type\":\"ImageObject\",\"inLanguage\":\"de\",\"@id\":\"https:\/\/www.bagnoitalia.com\/de\/produkt\/malta-matratze-mit-abnehmbarem-hypoallergenem-anti-milben-orthopadie-milben-in-verschiedenen-grosen-made-in-italy.html#primaryimage\",\"url\":\"https:\/\/img.bagnoitalia.com\/wp-content\/uploads\/virtuemart\/product\/mat0001_1.jpg\",\"contentUrl\":\"https:\/\/img.bagnoitalia.com\/wp-content\/uploads\/virtuemart\/product\/mat0001_1.jpg\",\"width\":550,\"height\":550},{\"@type\":\"BreadcrumbList\",\"@id\":\"https:\/\/www.bagnoitalia.com\/de\/produkt\/malta-matratze-mit-abnehmbarem-hypoallergenem-anti-milben-orthopadie-milben-in-verschiedenen-grosen-made-in-italy.html#breadcrumb\",\"itemListElement\":[{\"@type\":\"ListItem\",\"position\":1,\"name\":\"Home\",\"item\":\"https:\/\/www.bagnoitalia.com\/de\"},{\"@type\":\"ListItem\",\"position\":2,\"name\":\"Produkte\",\"item\":\"https:\/\/www.bagnoitalia.com\/de\/shop\"},{\"@type\":\"ListItem\",\"position\":3,\"name\":\"Malta Matratze mit abnehmbarem hypoallergenem Anti-Milben-Orthop\u00e4die-Milben in verschiedenen Gr\u00f6\u00dfen Made in Italy\"}]},{\"@type\":\"WebSite\",\"@id\":\"https:\/\/www.bagnoitalia.com\/de#website\",\"url\":\"https:\/\/www.bagnoitalia.com\/de\",\"name\":\"Bagno Italia\",\"description\":\"\",\"publisher\":{\"@id\":\"https:\/\/www.bagnoitalia.com\/de#organization\"},\"potentialAction\":[{\"@type\":\"SearchAction\",\"target\":{\"@type\":\"EntryPoint\",\"urlTemplate\":\"https:\/\/www.bagnoitalia.com\/de?s={search_term_string}\"},\"query-input\":{\"@type\":\"PropertyValueSpecification\",\"valueRequired\":true,\"valueName\":\"search_term_string\"}}],\"inLanguage\":\"de\"},{\"@type\":\"Organization\",\"@id\":\"https:\/\/www.bagnoitalia.com\/de#organization\",\"name\":\"Bagno Italia\",\"url\":\"https:\/\/www.bagnoitalia.com\/de\",\"logo\":{\"@type\":\"ImageObject\",\"inLanguage\":\"de\",\"@id\":\"https:\/\/www.bagnoitalia.com\/de#\/schema\/logo\/image\/\",\"url\":\"https:\/\/img.bagnoitalia.com\/wp-content\/uploads\/logo-bagnoitalia.webp\",\"contentUrl\":\"https:\/\/img.bagnoitalia.com\/wp-content\/uploads\/logo-bagnoitalia.webp\",\"width\":400,\"height\":70,\"caption\":\"Bagno Italia\"},\"image\":{\"@id\":\"https:\/\/www.bagnoitalia.com\/de#\/schema\/logo\/image\/\"}}]}<\/script>\n<!-- \/ Yoast SEO plugin. -->","yoast_head_json":{"title":"Malta-Matratze mit herausnehmbarem hypoallergenem Anti-Milben-Orthop\u00e4die-Milben in verschiedenen Gr\u00f6\u00dfen","description":"Matratze passend f\u00fcr jede Art von Lattenrost, auch mit Motor, erh\u00e4ltlich in folgenden Abmessungen: 80x190, 85x200, 90x200, 160x190, 160x200, 170x200, 180x200 cm","robots":{"index":"index","follow":"follow","max-snippet":"max-snippet:-1","max-image-preview":"max-image-preview:large","max-video-preview":"max-video-preview:-1"},"canonical":"https:\/\/www.bagnoitalia.com\/de\/produkt\/malta-matratze-mit-abnehmbarem-hypoallergenem-anti-milben-orthopadie-milben-in-verschiedenen-grosen-made-in-italy.html","og_locale":"de_DE","og_type":"article","og_title":"Malta-Matratze mit herausnehmbarem hypoallergenem Anti-Milben-Orthop\u00e4die-Milben in verschiedenen Gr\u00f6\u00dfen","og_description":"Matratze passend f\u00fcr jede Art von Lattenrost, auch mit Motor, erh\u00e4ltlich in folgenden Abmessungen: 80x190, 85x200, 90x200, 160x190, 160x200, 170x200, 180x200 cm","og_url":"https:\/\/www.bagnoitalia.com\/de\/produkt\/malta-matratze-mit-abnehmbarem-hypoallergenem-anti-milben-orthopadie-milben-in-verschiedenen-grosen-made-in-italy.html","og_site_name":"Bagno Italia","article_modified_time":"2026-03-19T15:10:08+00:00","og_image":[{"width":550,"height":550,"url":"https:\/\/img.bagnoitalia.com\/wp-content\/uploads\/virtuemart\/product\/mat0001_1.jpg","type":"image\/jpeg"}],"twitter_card":"summary_large_image","twitter_misc":{"Gesch\u00e4tzte Lesezeit":"1\u00a0Minute"},"schema":{"@context":"https:\/\/schema.org","@graph":[{"@type":"WebPage","@id":"https:\/\/www.bagnoitalia.com\/de\/produkt\/malta-matratze-mit-abnehmbarem-hypoallergenem-anti-milben-orthopadie-milben-in-verschiedenen-grosen-made-in-italy.html","url":"https:\/\/www.bagnoitalia.com\/de\/produkt\/malta-matratze-mit-abnehmbarem-hypoallergenem-anti-milben-orthopadie-milben-in-verschiedenen-grosen-made-in-italy.html","name":"Malta-Matratze mit herausnehmbarem hypoallergenem Anti-Milben-Orthop\u00e4die-Milben in verschiedenen Gr\u00f6\u00dfen","isPartOf":{"@id":"https:\/\/www.bagnoitalia.com\/de#website"},"primaryImageOfPage":{"@id":"https:\/\/www.bagnoitalia.com\/de\/produkt\/malta-matratze-mit-abnehmbarem-hypoallergenem-anti-milben-orthopadie-milben-in-verschiedenen-grosen-made-in-italy.html#primaryimage"},"image":{"@id":"https:\/\/www.bagnoitalia.com\/de\/produkt\/malta-matratze-mit-abnehmbarem-hypoallergenem-anti-milben-orthopadie-milben-in-verschiedenen-grosen-made-in-italy.html#primaryimage"},"thumbnailUrl":"https:\/\/img.bagnoitalia.com\/wp-content\/uploads\/virtuemart\/product\/mat0001_1.jpg","datePublished":"2022-03-30T05:47:46+00:00","dateModified":"2026-03-19T15:10:08+00:00","description":"Matratze passend f\u00fcr jede Art von Lattenrost, auch mit Motor, erh\u00e4ltlich in folgenden Abmessungen: 80x190, 85x200, 90x200, 160x190, 160x200, 170x200, 180x200 cm","breadcrumb":{"@id":"https:\/\/www.bagnoitalia.com\/de\/produkt\/malta-matratze-mit-abnehmbarem-hypoallergenem-anti-milben-orthopadie-milben-in-verschiedenen-grosen-made-in-italy.html#breadcrumb"},"inLanguage":"de","potentialAction":[{"@type":"ReadAction","target":["https:\/\/www.bagnoitalia.com\/de\/produkt\/malta-matratze-mit-abnehmbarem-hypoallergenem-anti-milben-orthopadie-milben-in-verschiedenen-grosen-made-in-italy.html"]}]},{"@type":"ImageObject","inLanguage":"de","@id":"https:\/\/www.bagnoitalia.com\/de\/produkt\/malta-matratze-mit-abnehmbarem-hypoallergenem-anti-milben-orthopadie-milben-in-verschiedenen-grosen-made-in-italy.html#primaryimage","url":"https:\/\/img.bagnoitalia.com\/wp-content\/uploads\/virtuemart\/product\/mat0001_1.jpg","contentUrl":"https:\/\/img.bagnoitalia.com\/wp-content\/uploads\/virtuemart\/product\/mat0001_1.jpg","width":550,"height":550},{"@type":"BreadcrumbList","@id":"https:\/\/www.bagnoitalia.com\/de\/produkt\/malta-matratze-mit-abnehmbarem-hypoallergenem-anti-milben-orthopadie-milben-in-verschiedenen-grosen-made-in-italy.html#breadcrumb","itemListElement":[{"@type":"ListItem","position":1,"name":"Home","item":"https:\/\/www.bagnoitalia.com\/de"},{"@type":"ListItem","position":2,"name":"Produkte","item":"https:\/\/www.bagnoitalia.com\/de\/shop"},{"@type":"ListItem","position":3,"name":"Malta Matratze mit abnehmbarem hypoallergenem Anti-Milben-Orthop\u00e4die-Milben in verschiedenen Gr\u00f6\u00dfen Made in Italy"}]},{"@type":"WebSite","@id":"https:\/\/www.bagnoitalia.com\/de#website","url":"https:\/\/www.bagnoitalia.com\/de","name":"Bagno Italia","description":"","publisher":{"@id":"https:\/\/www.bagnoitalia.com\/de#organization"},"potentialAction":[{"@type":"SearchAction","target":{"@type":"EntryPoint","urlTemplate":"https:\/\/www.bagnoitalia.com\/de?s={search_term_string}"},"query-input":{"@type":"PropertyValueSpecification","valueRequired":true,"valueName":"search_term_string"}}],"inLanguage":"de"},{"@type":"Organization","@id":"https:\/\/www.bagnoitalia.com\/de#organization","name":"Bagno Italia","url":"https:\/\/www.bagnoitalia.com\/de","logo":{"@type":"ImageObject","inLanguage":"de","@id":"https:\/\/www.bagnoitalia.com\/de#\/schema\/logo\/image\/","url":"https:\/\/img.bagnoitalia.com\/wp-content\/uploads\/logo-bagnoitalia.webp","contentUrl":"https:\/\/img.bagnoitalia.com\/wp-content\/uploads\/logo-bagnoitalia.webp","width":400,"height":70,"caption":"Bagno Italia"},"image":{"@id":"https:\/\/www.bagnoitalia.com\/de#\/schema\/logo\/image\/"}}]}},"_links":{"self":[{"href":"https:\/\/www.bagnoitalia.com\/de\/wp-json\/wp\/v2\/product\/81657","targetHints":{"allow":["GET"]}}],"collection":[{"href":"https:\/\/www.bagnoitalia.com\/de\/wp-json\/wp\/v2\/product"}],"about":[{"href":"https:\/\/www.bagnoitalia.com\/de\/wp-json\/wp\/v2\/types\/product"}],"replies":[{"embeddable":true,"href":"https:\/\/www.bagnoitalia.com\/de\/wp-json\/wp\/v2\/comments?post=81657"}],"version-history":[{"count":2,"href":"https:\/\/www.bagnoitalia.com\/de\/wp-json\/wp\/v2\/product\/81657\/revisions"}],"predecessor-version":[{"id":116921,"href":"https:\/\/www.bagnoitalia.com\/de\/wp-json\/wp\/v2\/product\/81657\/revisions\/116921"}],"wp:featuredmedia":[{"embeddable":true,"href":"https:\/\/www.bagnoitalia.com\/de\/wp-json\/wp\/v2\/media\/49084"}],"wp:attachment":[{"href":"https:\/\/www.bagnoitalia.com\/de\/wp-json\/wp\/v2\/media?parent=81657"}],"wp:term":[{"taxonomy":"product_brand","embeddable":true,"href":"https:\/\/www.bagnoitalia.com\/de\/wp-json\/wp\/v2\/product_brand?post=81657"},{"taxonomy":"product_cat","embeddable":true,"href":"https:\/\/www.bagnoitalia.com\/de\/wp-json\/wp\/v2\/product_cat?post=81657"},{"taxonomy":"product_tag","embeddable":true,"href":"https:\/\/www.bagnoitalia.com\/de\/wp-json\/wp\/v2\/product_tag?post=81657"}],"curies":[{"name":"wp","href":"https:\/\/api.w.org\/{rel}","templated":true}]}}