{"id":81633,"date":"2022-03-30T07:47:46","date_gmt":"2022-03-30T05:47:46","guid":{"rendered":"https:\/\/www.bagnoitalia.com\/product\/badheizkorper-aus-stahl-hohe-120-cm-linear-oder-gebogen-weis-oder-verchromt"},"modified":"2024-09-23T10:52:09","modified_gmt":"2024-09-23T08:52:09","slug":"badheizkorper-aus-stahl-hohe-120-cm-linear-oder-gebogen-weis-oder-verchromt","status":"publish","type":"product","link":"https:\/\/www.bagnoitalia.com\/de\/produkt\/badheizkorper-aus-stahl-hohe-120-cm-linear-oder-gebogen-weis-oder-verchromt.html","title":{"rendered":"Badheizk\u00f6rper aus Stahl, H\u00f6he 120 cm, linear oder gebogen, wei\u00df oder verchromt TM005"},"content":{"rendered":"<p style=\"text-align: center;\"><span style=\"font-size: 14pt;\"><strong>ROHRHEIZK\u00d6RPER HANDTUCHW\u00c4RMER H120 CM<br \/>\n<\/strong><\/span><\/p>\n<p><strong>EIGENSCHAFTEN<\/strong> :<\/p>\n<p>Designheizk\u00f6rper erh\u00e4ltlich in den Abmessungen:<\/p>\n<ul>\n<li>120 x 45 cm<\/li>\n<li>120 x 50 cm<\/li>\n<li>120 x 55 cm<\/li>\n<li>120 x 60 cm<\/li>\n<\/ul>\n<p>verf\u00fcgbare Versionen:<\/p>\n<ul>\n<li><strong>linear<\/strong> mit <strong>wei\u00dfer<\/strong> Oberfl\u00e4che<\/li>\n<li><strong>gebogen<\/strong> mit <strong>wei\u00dfer<\/strong> Oberfl\u00e4che<\/li>\n<li><strong>gebogen<\/strong> mit <strong>Chrom-<\/strong> Finish<\/li>\n<\/ul>\n<p>bestehend aus 23 R\u00f6hren mit 22 mm Durchmesser<\/p>\n<p>Aus Stahl gemacht<\/p>\n<p>Entl\u00fcftungsventil enthalten<\/p>\n<p>Inklusive Wandhalterungen<\/p>\n<p>Maximaler Betriebsdruck 1 MPa<\/p>\n<p>1245B<\/p>\n<p>1245 v. Chr<\/p>\n<p>1245CC<\/p>\n<p>125CC<\/p>\n<p>125B<\/p>\n<p>125 v. Chr<\/p>\n<p>1255B<\/p>\n<p>1255 v. Chr<\/p>\n<p>1255CC<\/p>\n<p>126CC<\/p>\n<p>126B<\/p>\n<p>126 v. Chr<\/p>\n","protected":false},"excerpt":{"rendered":"<p>Rohrheizk\u00f6rper erh\u00e4ltlich in den Abmessungen 120&#215;45 120&#215;50 120&#215;55 120&#215;60 cm in linearer oder gebogener Ausf\u00fchrung; der gebogene heizk\u00f6rper ist auch in verchromter ausf\u00fchrung erh\u00e4ltlich<\/p>\n","protected":false},"featured_media":48732,"comment_status":"open","ping_status":"closed","template":"","meta":[],"product_brand":[5006],"product_cat":[9748],"product_tag":[],"class_list":{"0":"post-81633","1":"product","2":"type-product","3":"status-publish","4":"has-post-thumbnail","6":"product_brand-deghi","7":"product_cat-handtuchwarmer","9":"first","10":"instock","11":"sale","12":"taxable","13":"shipping-taxable","14":"purchasable","15":"product-type-simple"},"exclude_global_add_ons":false,"addons":[{"name":"Abmessungen","type":"multiple_choice","position":0,"required":true,"title_format":"heading","default":"","description_enable":false,"description":"","placeholder_enable":false,"placeholder":"","display":"select","restrictions_type":"any_text","adjust_price":false,"price":"","price_type":"flat_fee","restrictions":false,"min":"0","max":"0","options":[{"label":"120x45","price":"","price_type":"quantity_based","image":0,"visibility":true},{"label":"120x50","price":"17","price_type":"quantity_based","image":0,"visibility":true},{"label":"120x55","price":"17","price_type":"quantity_based","image":0,"visibility":true},{"label":"120x60","price":"19","price_type":"quantity_based","image":0,"visibility":true}],"id":1716562253},{"name":"Typ","type":"multiple_choice","position":1,"required":true,"title_format":"heading","default":"","description_enable":false,"description":"","placeholder_enable":false,"placeholder":"","display":"select","restrictions_type":"any_text","adjust_price":false,"price":"","price_type":"flat_fee","restrictions":false,"min":"0","max":"0","options":[{"label":"linear wei\u00df","price":"","price_type":"quantity_based","image":0,"visibility":true},{"label":"geschwungen wei\u00df","price":"29","price_type":"quantity_based","image":0,"visibility":true},{"label":"verchromt gebogen","price":"65","price_type":"quantity_based","image":0,"visibility":true}],"id":1716562254}],"yoast_head":"<!-- This site is optimized with the Yoast SEO plugin v26.7 - https:\/\/yoast.com\/wordpress\/plugins\/seo\/ -->\n<title>Badheizk\u00f6rper aus Stahl, H\u00f6he 120 cm, linear oder gebogen, wei\u00df oder verchromt TM005 - Bagno Italia<\/title>\n<meta name=\"description\" content=\"Rohrheizk\u00f6rper erh\u00e4ltlich in den Abmessungen 120x45 120x50 120x55 120x60 cm in linearer oder gebogener Ausf\u00fchrung; der gebogene heizk\u00f6rper ist auch in verchromter ausf\u00fchrung erh\u00e4ltlich\" \/>\n<meta name=\"robots\" content=\"index, follow, max-snippet:-1, max-image-preview:large, max-video-preview:-1\" \/>\n<link rel=\"canonical\" href=\"https:\/\/www.bagnoitalia.com\/de\/produkt\/badheizkorper-aus-stahl-hohe-120-cm-linear-oder-gebogen-weis-oder-verchromt.html\" \/>\n<meta property=\"og:locale\" content=\"de_DE\" \/>\n<meta property=\"og:type\" content=\"article\" \/>\n<meta property=\"og:title\" content=\"Badheizk\u00f6rper aus Stahl, H\u00f6he 120 cm, linear oder gebogen, wei\u00df oder verchromt TM005 - Bagno Italia\" \/>\n<meta property=\"og:description\" content=\"Rohrheizk\u00f6rper erh\u00e4ltlich in den Abmessungen 120x45 120x50 120x55 120x60 cm in linearer oder gebogener Ausf\u00fchrung; der gebogene heizk\u00f6rper ist auch in verchromter ausf\u00fchrung erh\u00e4ltlich\" \/>\n<meta property=\"og:url\" content=\"https:\/\/www.bagnoitalia.com\/de\/produkt\/badheizkorper-aus-stahl-hohe-120-cm-linear-oder-gebogen-weis-oder-verchromt.html\" \/>\n<meta property=\"og:site_name\" content=\"Bagno Italia\" \/>\n<meta property=\"article:modified_time\" content=\"2024-09-23T08:52:09+00:00\" \/>\n<meta property=\"og:image\" content=\"https:\/\/img.bagnoitalia.com\/wp-content\/uploads\/virtuemart\/product\/Term-0499_1.jpg\" \/>\n\t<meta property=\"og:image:width\" content=\"550\" \/>\n\t<meta property=\"og:image:height\" content=\"550\" \/>\n\t<meta property=\"og:image:type\" content=\"image\/jpeg\" \/>\n<meta name=\"twitter:card\" content=\"summary_large_image\" \/>\n<meta name=\"twitter:label1\" content=\"Gesch\u00e4tzte Lesezeit\" \/>\n\t<meta name=\"twitter:data1\" content=\"1\u00a0Minute\" \/>\n<script type=\"application\/ld+json\" class=\"yoast-schema-graph\">{\"@context\":\"https:\/\/schema.org\",\"@graph\":[{\"@type\":\"WebPage\",\"@id\":\"https:\/\/www.bagnoitalia.com\/de\/produkt\/badheizkorper-aus-stahl-hohe-120-cm-linear-oder-gebogen-weis-oder-verchromt.html\",\"url\":\"https:\/\/www.bagnoitalia.com\/de\/produkt\/badheizkorper-aus-stahl-hohe-120-cm-linear-oder-gebogen-weis-oder-verchromt.html\",\"name\":\"Badheizk\u00f6rper aus Stahl, H\u00f6he 120 cm, linear oder gebogen, wei\u00df oder verchromt TM005 - Bagno Italia\",\"isPartOf\":{\"@id\":\"https:\/\/www.bagnoitalia.com\/de#website\"},\"primaryImageOfPage\":{\"@id\":\"https:\/\/www.bagnoitalia.com\/de\/produkt\/badheizkorper-aus-stahl-hohe-120-cm-linear-oder-gebogen-weis-oder-verchromt.html#primaryimage\"},\"image\":{\"@id\":\"https:\/\/www.bagnoitalia.com\/de\/produkt\/badheizkorper-aus-stahl-hohe-120-cm-linear-oder-gebogen-weis-oder-verchromt.html#primaryimage\"},\"thumbnailUrl\":\"https:\/\/img.bagnoitalia.com\/wp-content\/uploads\/virtuemart\/product\/Term-0499_1.jpg\",\"datePublished\":\"2022-03-30T05:47:46+00:00\",\"dateModified\":\"2024-09-23T08:52:09+00:00\",\"description\":\"Rohrheizk\u00f6rper erh\u00e4ltlich in den Abmessungen 120x45 120x50 120x55 120x60 cm in linearer oder gebogener Ausf\u00fchrung; der gebogene heizk\u00f6rper ist auch in verchromter ausf\u00fchrung erh\u00e4ltlich\",\"breadcrumb\":{\"@id\":\"https:\/\/www.bagnoitalia.com\/de\/produkt\/badheizkorper-aus-stahl-hohe-120-cm-linear-oder-gebogen-weis-oder-verchromt.html#breadcrumb\"},\"inLanguage\":\"de\",\"potentialAction\":[{\"@type\":\"ReadAction\",\"target\":[\"https:\/\/www.bagnoitalia.com\/de\/produkt\/badheizkorper-aus-stahl-hohe-120-cm-linear-oder-gebogen-weis-oder-verchromt.html\"]}]},{\"@type\":\"ImageObject\",\"inLanguage\":\"de\",\"@id\":\"https:\/\/www.bagnoitalia.com\/de\/produkt\/badheizkorper-aus-stahl-hohe-120-cm-linear-oder-gebogen-weis-oder-verchromt.html#primaryimage\",\"url\":\"https:\/\/img.bagnoitalia.com\/wp-content\/uploads\/virtuemart\/product\/Term-0499_1.jpg\",\"contentUrl\":\"https:\/\/img.bagnoitalia.com\/wp-content\/uploads\/virtuemart\/product\/Term-0499_1.jpg\",\"width\":550,\"height\":550},{\"@type\":\"BreadcrumbList\",\"@id\":\"https:\/\/www.bagnoitalia.com\/de\/produkt\/badheizkorper-aus-stahl-hohe-120-cm-linear-oder-gebogen-weis-oder-verchromt.html#breadcrumb\",\"itemListElement\":[{\"@type\":\"ListItem\",\"position\":1,\"name\":\"Home\",\"item\":\"https:\/\/www.bagnoitalia.com\/de\"},{\"@type\":\"ListItem\",\"position\":2,\"name\":\"Produkte\",\"item\":\"https:\/\/www.bagnoitalia.com\/de\/shop\"},{\"@type\":\"ListItem\",\"position\":3,\"name\":\"Badheizk\u00f6rper aus Stahl, H\u00f6he 120 cm, linear oder gebogen, wei\u00df oder verchromt TM005\"}]},{\"@type\":\"WebSite\",\"@id\":\"https:\/\/www.bagnoitalia.com\/de#website\",\"url\":\"https:\/\/www.bagnoitalia.com\/de\",\"name\":\"Bagno Italia\",\"description\":\"\",\"publisher\":{\"@id\":\"https:\/\/www.bagnoitalia.com\/de#organization\"},\"potentialAction\":[{\"@type\":\"SearchAction\",\"target\":{\"@type\":\"EntryPoint\",\"urlTemplate\":\"https:\/\/www.bagnoitalia.com\/de?s={search_term_string}\"},\"query-input\":{\"@type\":\"PropertyValueSpecification\",\"valueRequired\":true,\"valueName\":\"search_term_string\"}}],\"inLanguage\":\"de\"},{\"@type\":\"Organization\",\"@id\":\"https:\/\/www.bagnoitalia.com\/de#organization\",\"name\":\"Bagno Italia\",\"url\":\"https:\/\/www.bagnoitalia.com\/de\",\"logo\":{\"@type\":\"ImageObject\",\"inLanguage\":\"de\",\"@id\":\"https:\/\/www.bagnoitalia.com\/de#\/schema\/logo\/image\/\",\"url\":\"https:\/\/img.bagnoitalia.com\/wp-content\/uploads\/logo-bagnoitalia.webp\",\"contentUrl\":\"https:\/\/img.bagnoitalia.com\/wp-content\/uploads\/logo-bagnoitalia.webp\",\"width\":400,\"height\":70,\"caption\":\"Bagno Italia\"},\"image\":{\"@id\":\"https:\/\/www.bagnoitalia.com\/de#\/schema\/logo\/image\/\"}}]}<\/script>\n<!-- \/ Yoast SEO plugin. -->","yoast_head_json":{"title":"Badheizk\u00f6rper aus Stahl, H\u00f6he 120 cm, linear oder gebogen, wei\u00df oder verchromt TM005 - Bagno Italia","description":"Rohrheizk\u00f6rper erh\u00e4ltlich in den Abmessungen 120x45 120x50 120x55 120x60 cm in linearer oder gebogener Ausf\u00fchrung; der gebogene heizk\u00f6rper ist auch in verchromter ausf\u00fchrung erh\u00e4ltlich","robots":{"index":"index","follow":"follow","max-snippet":"max-snippet:-1","max-image-preview":"max-image-preview:large","max-video-preview":"max-video-preview:-1"},"canonical":"https:\/\/www.bagnoitalia.com\/de\/produkt\/badheizkorper-aus-stahl-hohe-120-cm-linear-oder-gebogen-weis-oder-verchromt.html","og_locale":"de_DE","og_type":"article","og_title":"Badheizk\u00f6rper aus Stahl, H\u00f6he 120 cm, linear oder gebogen, wei\u00df oder verchromt TM005 - Bagno Italia","og_description":"Rohrheizk\u00f6rper erh\u00e4ltlich in den Abmessungen 120x45 120x50 120x55 120x60 cm in linearer oder gebogener Ausf\u00fchrung; der gebogene heizk\u00f6rper ist auch in verchromter ausf\u00fchrung erh\u00e4ltlich","og_url":"https:\/\/www.bagnoitalia.com\/de\/produkt\/badheizkorper-aus-stahl-hohe-120-cm-linear-oder-gebogen-weis-oder-verchromt.html","og_site_name":"Bagno Italia","article_modified_time":"2024-09-23T08:52:09+00:00","og_image":[{"width":550,"height":550,"url":"https:\/\/img.bagnoitalia.com\/wp-content\/uploads\/virtuemart\/product\/Term-0499_1.jpg","type":"image\/jpeg"}],"twitter_card":"summary_large_image","twitter_misc":{"Gesch\u00e4tzte Lesezeit":"1\u00a0Minute"},"schema":{"@context":"https:\/\/schema.org","@graph":[{"@type":"WebPage","@id":"https:\/\/www.bagnoitalia.com\/de\/produkt\/badheizkorper-aus-stahl-hohe-120-cm-linear-oder-gebogen-weis-oder-verchromt.html","url":"https:\/\/www.bagnoitalia.com\/de\/produkt\/badheizkorper-aus-stahl-hohe-120-cm-linear-oder-gebogen-weis-oder-verchromt.html","name":"Badheizk\u00f6rper aus Stahl, H\u00f6he 120 cm, linear oder gebogen, wei\u00df oder verchromt TM005 - Bagno Italia","isPartOf":{"@id":"https:\/\/www.bagnoitalia.com\/de#website"},"primaryImageOfPage":{"@id":"https:\/\/www.bagnoitalia.com\/de\/produkt\/badheizkorper-aus-stahl-hohe-120-cm-linear-oder-gebogen-weis-oder-verchromt.html#primaryimage"},"image":{"@id":"https:\/\/www.bagnoitalia.com\/de\/produkt\/badheizkorper-aus-stahl-hohe-120-cm-linear-oder-gebogen-weis-oder-verchromt.html#primaryimage"},"thumbnailUrl":"https:\/\/img.bagnoitalia.com\/wp-content\/uploads\/virtuemart\/product\/Term-0499_1.jpg","datePublished":"2022-03-30T05:47:46+00:00","dateModified":"2024-09-23T08:52:09+00:00","description":"Rohrheizk\u00f6rper erh\u00e4ltlich in den Abmessungen 120x45 120x50 120x55 120x60 cm in linearer oder gebogener Ausf\u00fchrung; der gebogene heizk\u00f6rper ist auch in verchromter ausf\u00fchrung erh\u00e4ltlich","breadcrumb":{"@id":"https:\/\/www.bagnoitalia.com\/de\/produkt\/badheizkorper-aus-stahl-hohe-120-cm-linear-oder-gebogen-weis-oder-verchromt.html#breadcrumb"},"inLanguage":"de","potentialAction":[{"@type":"ReadAction","target":["https:\/\/www.bagnoitalia.com\/de\/produkt\/badheizkorper-aus-stahl-hohe-120-cm-linear-oder-gebogen-weis-oder-verchromt.html"]}]},{"@type":"ImageObject","inLanguage":"de","@id":"https:\/\/www.bagnoitalia.com\/de\/produkt\/badheizkorper-aus-stahl-hohe-120-cm-linear-oder-gebogen-weis-oder-verchromt.html#primaryimage","url":"https:\/\/img.bagnoitalia.com\/wp-content\/uploads\/virtuemart\/product\/Term-0499_1.jpg","contentUrl":"https:\/\/img.bagnoitalia.com\/wp-content\/uploads\/virtuemart\/product\/Term-0499_1.jpg","width":550,"height":550},{"@type":"BreadcrumbList","@id":"https:\/\/www.bagnoitalia.com\/de\/produkt\/badheizkorper-aus-stahl-hohe-120-cm-linear-oder-gebogen-weis-oder-verchromt.html#breadcrumb","itemListElement":[{"@type":"ListItem","position":1,"name":"Home","item":"https:\/\/www.bagnoitalia.com\/de"},{"@type":"ListItem","position":2,"name":"Produkte","item":"https:\/\/www.bagnoitalia.com\/de\/shop"},{"@type":"ListItem","position":3,"name":"Badheizk\u00f6rper aus Stahl, H\u00f6he 120 cm, linear oder gebogen, wei\u00df oder verchromt TM005"}]},{"@type":"WebSite","@id":"https:\/\/www.bagnoitalia.com\/de#website","url":"https:\/\/www.bagnoitalia.com\/de","name":"Bagno Italia","description":"","publisher":{"@id":"https:\/\/www.bagnoitalia.com\/de#organization"},"potentialAction":[{"@type":"SearchAction","target":{"@type":"EntryPoint","urlTemplate":"https:\/\/www.bagnoitalia.com\/de?s={search_term_string}"},"query-input":{"@type":"PropertyValueSpecification","valueRequired":true,"valueName":"search_term_string"}}],"inLanguage":"de"},{"@type":"Organization","@id":"https:\/\/www.bagnoitalia.com\/de#organization","name":"Bagno Italia","url":"https:\/\/www.bagnoitalia.com\/de","logo":{"@type":"ImageObject","inLanguage":"de","@id":"https:\/\/www.bagnoitalia.com\/de#\/schema\/logo\/image\/","url":"https:\/\/img.bagnoitalia.com\/wp-content\/uploads\/logo-bagnoitalia.webp","contentUrl":"https:\/\/img.bagnoitalia.com\/wp-content\/uploads\/logo-bagnoitalia.webp","width":400,"height":70,"caption":"Bagno Italia"},"image":{"@id":"https:\/\/www.bagnoitalia.com\/de#\/schema\/logo\/image\/"}}]}},"_links":{"self":[{"href":"https:\/\/www.bagnoitalia.com\/de\/wp-json\/wp\/v2\/product\/81633","targetHints":{"allow":["GET"]}}],"collection":[{"href":"https:\/\/www.bagnoitalia.com\/de\/wp-json\/wp\/v2\/product"}],"about":[{"href":"https:\/\/www.bagnoitalia.com\/de\/wp-json\/wp\/v2\/types\/product"}],"replies":[{"embeddable":true,"href":"https:\/\/www.bagnoitalia.com\/de\/wp-json\/wp\/v2\/comments?post=81633"}],"version-history":[{"count":3,"href":"https:\/\/www.bagnoitalia.com\/de\/wp-json\/wp\/v2\/product\/81633\/revisions"}],"predecessor-version":[{"id":92334,"href":"https:\/\/www.bagnoitalia.com\/de\/wp-json\/wp\/v2\/product\/81633\/revisions\/92334"}],"wp:featuredmedia":[{"embeddable":true,"href":"https:\/\/www.bagnoitalia.com\/de\/wp-json\/wp\/v2\/media\/48732"}],"wp:attachment":[{"href":"https:\/\/www.bagnoitalia.com\/de\/wp-json\/wp\/v2\/media?parent=81633"}],"wp:term":[{"taxonomy":"product_brand","embeddable":true,"href":"https:\/\/www.bagnoitalia.com\/de\/wp-json\/wp\/v2\/product_brand?post=81633"},{"taxonomy":"product_cat","embeddable":true,"href":"https:\/\/www.bagnoitalia.com\/de\/wp-json\/wp\/v2\/product_cat?post=81633"},{"taxonomy":"product_tag","embeddable":true,"href":"https:\/\/www.bagnoitalia.com\/de\/wp-json\/wp\/v2\/product_tag?post=81633"}],"curies":[{"name":"wp","href":"https:\/\/api.w.org\/{rel}","templated":true}]}}