{"id":81552,"date":"2021-01-27T13:36:41","date_gmt":"2021-01-27T12:36:41","guid":{"rendered":"https:\/\/www.bagnoitalia.com\/product\/five2-suspended-bathroom-cabinet-60-cm-with-mirror-white-or-dove-gray-2"},"modified":"2026-02-03T16:48:45","modified_gmt":"2026-02-03T15:48:45","slug":"five2-suspended-bathroom-cabinet-60-cm-with-mirror-white-or-dove-gray-2","status":"publish","type":"product","link":"https:\/\/www.bagnoitalia.com\/de\/produkt\/five2-suspended-bathroom-cabinet-60-cm-with-mirror-white-or-dove-gray-2.html","title":{"rendered":"Five2 60 cm Wand-Badezimmerschrank mit Spiegel in Taubengrau, Eiche, Walnuss, Zuckerpapier"},"content":{"rendered":"<p><strong><span dir=\"auto\">Der oben genannte Preis beinhaltet:<\/span><\/strong><\/p>\n<p><span dir=\"auto\">Waschbeckenunterschrank: 60 x 42 x 41 cm (T x H)<\/span><br \/>\n<span dir=\"auto\">, Kunstharz-Waschbecken: 60 cm (Innenma\u00dfe 50 x 30 x 11 cm),<\/span><br \/>\n<span dir=\"auto\">Wendespiegel: 60 x 75 cm<\/span><\/p>\n<p><span dir=\"auto\">Verf\u00fcgbare Farben: Mattwei\u00df, Zuckerpapier, Holzoptik Wei\u00df, Eiche, Walnuss oder Matttaubengrau<\/span><\/p>\n<p><span dir=\"auto\">Hahnloch bereits vorhanden (\u00f8 3,5 cm)<\/span><\/p>\n<p><span dir=\"auto\">Kommode mit Soft-Close-Mechanismus und Metallleiste an der Oberkante in der gleichen Farbe wie die M\u00f6bel.<\/span><\/p>\n<p><strong><span dir=\"auto\">Verwendete Materialien:<\/span><\/strong><\/p>\n<ul>\n<li><span dir=\"auto\">Harzwaschbecken<\/span><\/li>\n<li><span dir=\"auto\">MDF-Struktur<\/span><\/li>\n<\/ul>\n<p><span dir=\"auto\">\u00dcber das obige Men\u00fc kann der Komposition eine S\u00e4ule mit den Ma\u00dfen 30xP24,2xH140 cm hinzugef\u00fcgt werden.<\/span><\/p>\n<p><span dir=\"auto\">Die Wandleuchte, die Wasserh\u00e4hne und der Abfluss sind nicht im Preis inbegriffen.<\/span><\/p>\n<p><span dir=\"auto\">Sie k\u00f6nnen die Applikation \u00fcber das Men\u00fc hinzuf\u00fcgen.<\/span><\/p>\n","protected":false},"excerpt":{"rendered":"<p>Modernes Badm\u00f6bel, bestehend aus einer Kommode und einem Waschbecken aus Harz. Erh\u00e4ltlich in 6 Farben, alle mit matter Oberfl\u00e4che.<\/p>\n","protected":false},"featured_media":116073,"comment_status":"open","ping_status":"closed","template":"","meta":[],"product_brand":[9883],"product_cat":[9716],"product_tag":[],"class_list":{"0":"post-81552","1":"product","2":"type-product","3":"status-publish","4":"has-post-thumbnail","6":"product_brand-deghi-de","7":"product_cat-badmobel-von-40-bis-70-cm-moderne-mobel","9":"first","10":"instock","11":"sale","12":"taxable","13":"shipping-taxable","14":"purchasable","15":"product-type-simple"},"exclude_global_add_ons":false,"addons":[{"name":"Farbe","type":"multiple_choice","position":0,"required":true,"title_format":"heading","default":"","description_enable":false,"description":"","placeholder_enable":false,"placeholder":"","display":"select","restrictions_type":"any_text","adjust_price":false,"price":"","price_type":"flat_fee","restrictions":false,"min":"0","max":"0","options":[{"label":"Zuckerpapier","price":"","price_type":"quantity_based","image":0,"visibility":true},{"label":"(Nicht verf\u00fcgbar) Mattes Wei\u00df","price":"","price_type":"quantity_based","image":0,"visibility":true},{"label":"(Nicht verf\u00fcgbar) Taubengrau matt","price":"","price_type":"quantity_based","image":0,"visibility":true},{"label":"(Nicht verf\u00fcgbar) Eiche","price":"","price_type":"quantity_based","image":0,"visibility":true},{"label":"(Nicht verf\u00fcgbar) Walnuss","price":"","price_type":"quantity_based","image":0,"visibility":true},{"label":"(Nicht verf\u00fcgbar) Wei\u00dfer Holzeffekt","price":"","price_type":"quantity_based","image":0,"visibility":true}],"id":1718202713},{"name":"Wandleuchter","type":"multiple_choice","position":1,"required":true,"title_format":"heading","default":"","description_enable":false,"description":"","placeholder_enable":false,"placeholder":"","display":"select","restrictions_type":"any_text","adjust_price":false,"price":"","price_type":"flat_fee","restrictions":false,"min":"0","max":"0","options":[{"label":"no","price":"","price_type":"quantity_based","image":0,"visibility":true},{"label":"Led-Strahler chrom","price":"20","price_type":"quantity_based","image":0,"visibility":true},{"label":"Led-Strahler mattschwarz","price":"25","price_type":"quantity_based","image":0,"visibility":true}],"id":1718202714},{"name":"S\u00e4ule","type":"multiple_choice","position":2,"required":true,"title_format":"heading","default":"","description_enable":false,"description":"","placeholder_enable":false,"placeholder":"","display":"select","restrictions_type":"any_text","adjust_price":false,"price":"","price_type":"flat_fee","restrictions":false,"min":"0","max":"0","options":[{"label":"no","price":"","price_type":"quantity_based","image":0,"visibility":true},{"label":"1 S\u00e4ule 30xP24,2xH140cm","price":"309","price_type":"quantity_based","image":0,"visibility":true}],"id":1718202715}],"yoast_head":"<!-- This site is optimized with the Yoast SEO plugin v26.7 - https:\/\/yoast.com\/wordpress\/plugins\/seo\/ -->\n<title>Five2 60 cm wandmontierter badezimmerschrank mit spiegel weiss taubengrau ozean eiche nussbaum<\/title>\n<meta name=\"description\" content=\"Modernes Badm\u00f6bel, bestehend aus einer Kommode und einem Waschbecken aus Harz. Erh\u00e4ltlich in 6 Farben, alle mit matter Oberfl\u00e4che.\" \/>\n<meta name=\"robots\" content=\"index, follow, max-snippet:-1, max-image-preview:large, max-video-preview:-1\" \/>\n<link rel=\"canonical\" href=\"https:\/\/www.bagnoitalia.com\/de\/produkt\/five2-suspended-bathroom-cabinet-60-cm-with-mirror-white-or-dove-gray-2.html\" \/>\n<meta property=\"og:locale\" content=\"de_DE\" \/>\n<meta property=\"og:type\" content=\"article\" \/>\n<meta property=\"og:title\" content=\"Five2 60 cm wandmontierter badezimmerschrank mit spiegel weiss taubengrau ozean eiche nussbaum\" \/>\n<meta property=\"og:description\" content=\"Modernes Badm\u00f6bel, bestehend aus einer Kommode und einem Waschbecken aus Harz. Erh\u00e4ltlich in 6 Farben, alle mit matter Oberfl\u00e4che.\" \/>\n<meta property=\"og:url\" content=\"https:\/\/www.bagnoitalia.com\/de\/produkt\/five2-suspended-bathroom-cabinet-60-cm-with-mirror-white-or-dove-gray-2.html\" \/>\n<meta property=\"og:site_name\" content=\"Bagno Italia\" \/>\n<meta property=\"article:modified_time\" content=\"2026-02-03T15:48:45+00:00\" \/>\n<meta property=\"og:image\" content=\"https:\/\/img.bagnoitalia.com\/wp-content\/uploads\/mobile-bagno-five2-cm-60-colori.jpg\" \/>\n\t<meta property=\"og:image:width\" content=\"550\" \/>\n\t<meta property=\"og:image:height\" content=\"550\" \/>\n\t<meta property=\"og:image:type\" content=\"image\/jpeg\" \/>\n<meta name=\"twitter:card\" content=\"summary_large_image\" \/>\n<meta name=\"twitter:label1\" content=\"Gesch\u00e4tzte Lesezeit\" \/>\n\t<meta name=\"twitter:data1\" content=\"1\u00a0Minute\" \/>\n<script type=\"application\/ld+json\" class=\"yoast-schema-graph\">{\"@context\":\"https:\/\/schema.org\",\"@graph\":[{\"@type\":\"WebPage\",\"@id\":\"https:\/\/www.bagnoitalia.com\/de\/produkt\/five2-suspended-bathroom-cabinet-60-cm-with-mirror-white-or-dove-gray-2.html\",\"url\":\"https:\/\/www.bagnoitalia.com\/de\/produkt\/five2-suspended-bathroom-cabinet-60-cm-with-mirror-white-or-dove-gray-2.html\",\"name\":\"Five2 60 cm wandmontierter badezimmerschrank mit spiegel weiss taubengrau ozean eiche nussbaum\",\"isPartOf\":{\"@id\":\"https:\/\/www.bagnoitalia.com\/de#website\"},\"primaryImageOfPage\":{\"@id\":\"https:\/\/www.bagnoitalia.com\/de\/produkt\/five2-suspended-bathroom-cabinet-60-cm-with-mirror-white-or-dove-gray-2.html#primaryimage\"},\"image\":{\"@id\":\"https:\/\/www.bagnoitalia.com\/de\/produkt\/five2-suspended-bathroom-cabinet-60-cm-with-mirror-white-or-dove-gray-2.html#primaryimage\"},\"thumbnailUrl\":\"https:\/\/img.bagnoitalia.com\/wp-content\/uploads\/mobile-bagno-five2-cm-60-colori.jpg\",\"datePublished\":\"2021-01-27T12:36:41+00:00\",\"dateModified\":\"2026-02-03T15:48:45+00:00\",\"description\":\"Modernes Badm\u00f6bel, bestehend aus einer Kommode und einem Waschbecken aus Harz. Erh\u00e4ltlich in 6 Farben, alle mit matter Oberfl\u00e4che.\",\"breadcrumb\":{\"@id\":\"https:\/\/www.bagnoitalia.com\/de\/produkt\/five2-suspended-bathroom-cabinet-60-cm-with-mirror-white-or-dove-gray-2.html#breadcrumb\"},\"inLanguage\":\"de\",\"potentialAction\":[{\"@type\":\"ReadAction\",\"target\":[\"https:\/\/www.bagnoitalia.com\/de\/produkt\/five2-suspended-bathroom-cabinet-60-cm-with-mirror-white-or-dove-gray-2.html\"]}]},{\"@type\":\"ImageObject\",\"inLanguage\":\"de\",\"@id\":\"https:\/\/www.bagnoitalia.com\/de\/produkt\/five2-suspended-bathroom-cabinet-60-cm-with-mirror-white-or-dove-gray-2.html#primaryimage\",\"url\":\"https:\/\/img.bagnoitalia.com\/wp-content\/uploads\/mobile-bagno-five2-cm-60-colori.jpg\",\"contentUrl\":\"https:\/\/img.bagnoitalia.com\/wp-content\/uploads\/mobile-bagno-five2-cm-60-colori.jpg\",\"width\":550,\"height\":550},{\"@type\":\"BreadcrumbList\",\"@id\":\"https:\/\/www.bagnoitalia.com\/de\/produkt\/five2-suspended-bathroom-cabinet-60-cm-with-mirror-white-or-dove-gray-2.html#breadcrumb\",\"itemListElement\":[{\"@type\":\"ListItem\",\"position\":1,\"name\":\"Home\",\"item\":\"https:\/\/www.bagnoitalia.com\/de\"},{\"@type\":\"ListItem\",\"position\":2,\"name\":\"Produkte\",\"item\":\"https:\/\/www.bagnoitalia.com\/de\/shop\"},{\"@type\":\"ListItem\",\"position\":3,\"name\":\"Five2 60 cm Wand-Badezimmerschrank mit Spiegel in Taubengrau, Eiche, Walnuss, Zuckerpapier\"}]},{\"@type\":\"WebSite\",\"@id\":\"https:\/\/www.bagnoitalia.com\/de#website\",\"url\":\"https:\/\/www.bagnoitalia.com\/de\",\"name\":\"Bagno Italia\",\"description\":\"\",\"publisher\":{\"@id\":\"https:\/\/www.bagnoitalia.com\/de#organization\"},\"potentialAction\":[{\"@type\":\"SearchAction\",\"target\":{\"@type\":\"EntryPoint\",\"urlTemplate\":\"https:\/\/www.bagnoitalia.com\/de?s={search_term_string}\"},\"query-input\":{\"@type\":\"PropertyValueSpecification\",\"valueRequired\":true,\"valueName\":\"search_term_string\"}}],\"inLanguage\":\"de\"},{\"@type\":\"Organization\",\"@id\":\"https:\/\/www.bagnoitalia.com\/de#organization\",\"name\":\"Bagno Italia\",\"url\":\"https:\/\/www.bagnoitalia.com\/de\",\"logo\":{\"@type\":\"ImageObject\",\"inLanguage\":\"de\",\"@id\":\"https:\/\/www.bagnoitalia.com\/de#\/schema\/logo\/image\/\",\"url\":\"https:\/\/img.bagnoitalia.com\/wp-content\/uploads\/logo-bagnoitalia.webp\",\"contentUrl\":\"https:\/\/img.bagnoitalia.com\/wp-content\/uploads\/logo-bagnoitalia.webp\",\"width\":400,\"height\":70,\"caption\":\"Bagno Italia\"},\"image\":{\"@id\":\"https:\/\/www.bagnoitalia.com\/de#\/schema\/logo\/image\/\"}}]}<\/script>\n<!-- \/ Yoast SEO plugin. -->","yoast_head_json":{"title":"Five2 60 cm wandmontierter badezimmerschrank mit spiegel weiss taubengrau ozean eiche nussbaum","description":"Modernes Badm\u00f6bel, bestehend aus einer Kommode und einem Waschbecken aus Harz. Erh\u00e4ltlich in 6 Farben, alle mit matter Oberfl\u00e4che.","robots":{"index":"index","follow":"follow","max-snippet":"max-snippet:-1","max-image-preview":"max-image-preview:large","max-video-preview":"max-video-preview:-1"},"canonical":"https:\/\/www.bagnoitalia.com\/de\/produkt\/five2-suspended-bathroom-cabinet-60-cm-with-mirror-white-or-dove-gray-2.html","og_locale":"de_DE","og_type":"article","og_title":"Five2 60 cm wandmontierter badezimmerschrank mit spiegel weiss taubengrau ozean eiche nussbaum","og_description":"Modernes Badm\u00f6bel, bestehend aus einer Kommode und einem Waschbecken aus Harz. Erh\u00e4ltlich in 6 Farben, alle mit matter Oberfl\u00e4che.","og_url":"https:\/\/www.bagnoitalia.com\/de\/produkt\/five2-suspended-bathroom-cabinet-60-cm-with-mirror-white-or-dove-gray-2.html","og_site_name":"Bagno Italia","article_modified_time":"2026-02-03T15:48:45+00:00","og_image":[{"width":550,"height":550,"url":"https:\/\/img.bagnoitalia.com\/wp-content\/uploads\/mobile-bagno-five2-cm-60-colori.jpg","type":"image\/jpeg"}],"twitter_card":"summary_large_image","twitter_misc":{"Gesch\u00e4tzte Lesezeit":"1\u00a0Minute"},"schema":{"@context":"https:\/\/schema.org","@graph":[{"@type":"WebPage","@id":"https:\/\/www.bagnoitalia.com\/de\/produkt\/five2-suspended-bathroom-cabinet-60-cm-with-mirror-white-or-dove-gray-2.html","url":"https:\/\/www.bagnoitalia.com\/de\/produkt\/five2-suspended-bathroom-cabinet-60-cm-with-mirror-white-or-dove-gray-2.html","name":"Five2 60 cm wandmontierter badezimmerschrank mit spiegel weiss taubengrau ozean eiche nussbaum","isPartOf":{"@id":"https:\/\/www.bagnoitalia.com\/de#website"},"primaryImageOfPage":{"@id":"https:\/\/www.bagnoitalia.com\/de\/produkt\/five2-suspended-bathroom-cabinet-60-cm-with-mirror-white-or-dove-gray-2.html#primaryimage"},"image":{"@id":"https:\/\/www.bagnoitalia.com\/de\/produkt\/five2-suspended-bathroom-cabinet-60-cm-with-mirror-white-or-dove-gray-2.html#primaryimage"},"thumbnailUrl":"https:\/\/img.bagnoitalia.com\/wp-content\/uploads\/mobile-bagno-five2-cm-60-colori.jpg","datePublished":"2021-01-27T12:36:41+00:00","dateModified":"2026-02-03T15:48:45+00:00","description":"Modernes Badm\u00f6bel, bestehend aus einer Kommode und einem Waschbecken aus Harz. Erh\u00e4ltlich in 6 Farben, alle mit matter Oberfl\u00e4che.","breadcrumb":{"@id":"https:\/\/www.bagnoitalia.com\/de\/produkt\/five2-suspended-bathroom-cabinet-60-cm-with-mirror-white-or-dove-gray-2.html#breadcrumb"},"inLanguage":"de","potentialAction":[{"@type":"ReadAction","target":["https:\/\/www.bagnoitalia.com\/de\/produkt\/five2-suspended-bathroom-cabinet-60-cm-with-mirror-white-or-dove-gray-2.html"]}]},{"@type":"ImageObject","inLanguage":"de","@id":"https:\/\/www.bagnoitalia.com\/de\/produkt\/five2-suspended-bathroom-cabinet-60-cm-with-mirror-white-or-dove-gray-2.html#primaryimage","url":"https:\/\/img.bagnoitalia.com\/wp-content\/uploads\/mobile-bagno-five2-cm-60-colori.jpg","contentUrl":"https:\/\/img.bagnoitalia.com\/wp-content\/uploads\/mobile-bagno-five2-cm-60-colori.jpg","width":550,"height":550},{"@type":"BreadcrumbList","@id":"https:\/\/www.bagnoitalia.com\/de\/produkt\/five2-suspended-bathroom-cabinet-60-cm-with-mirror-white-or-dove-gray-2.html#breadcrumb","itemListElement":[{"@type":"ListItem","position":1,"name":"Home","item":"https:\/\/www.bagnoitalia.com\/de"},{"@type":"ListItem","position":2,"name":"Produkte","item":"https:\/\/www.bagnoitalia.com\/de\/shop"},{"@type":"ListItem","position":3,"name":"Five2 60 cm Wand-Badezimmerschrank mit Spiegel in Taubengrau, Eiche, Walnuss, Zuckerpapier"}]},{"@type":"WebSite","@id":"https:\/\/www.bagnoitalia.com\/de#website","url":"https:\/\/www.bagnoitalia.com\/de","name":"Bagno Italia","description":"","publisher":{"@id":"https:\/\/www.bagnoitalia.com\/de#organization"},"potentialAction":[{"@type":"SearchAction","target":{"@type":"EntryPoint","urlTemplate":"https:\/\/www.bagnoitalia.com\/de?s={search_term_string}"},"query-input":{"@type":"PropertyValueSpecification","valueRequired":true,"valueName":"search_term_string"}}],"inLanguage":"de"},{"@type":"Organization","@id":"https:\/\/www.bagnoitalia.com\/de#organization","name":"Bagno Italia","url":"https:\/\/www.bagnoitalia.com\/de","logo":{"@type":"ImageObject","inLanguage":"de","@id":"https:\/\/www.bagnoitalia.com\/de#\/schema\/logo\/image\/","url":"https:\/\/img.bagnoitalia.com\/wp-content\/uploads\/logo-bagnoitalia.webp","contentUrl":"https:\/\/img.bagnoitalia.com\/wp-content\/uploads\/logo-bagnoitalia.webp","width":400,"height":70,"caption":"Bagno Italia"},"image":{"@id":"https:\/\/www.bagnoitalia.com\/de#\/schema\/logo\/image\/"}}]}},"_links":{"self":[{"href":"https:\/\/www.bagnoitalia.com\/de\/wp-json\/wp\/v2\/product\/81552","targetHints":{"allow":["GET"]}}],"collection":[{"href":"https:\/\/www.bagnoitalia.com\/de\/wp-json\/wp\/v2\/product"}],"about":[{"href":"https:\/\/www.bagnoitalia.com\/de\/wp-json\/wp\/v2\/types\/product"}],"replies":[{"embeddable":true,"href":"https:\/\/www.bagnoitalia.com\/de\/wp-json\/wp\/v2\/comments?post=81552"}],"version-history":[{"count":4,"href":"https:\/\/www.bagnoitalia.com\/de\/wp-json\/wp\/v2\/product\/81552\/revisions"}],"predecessor-version":[{"id":116084,"href":"https:\/\/www.bagnoitalia.com\/de\/wp-json\/wp\/v2\/product\/81552\/revisions\/116084"}],"wp:featuredmedia":[{"embeddable":true,"href":"https:\/\/www.bagnoitalia.com\/de\/wp-json\/wp\/v2\/media\/116073"}],"wp:attachment":[{"href":"https:\/\/www.bagnoitalia.com\/de\/wp-json\/wp\/v2\/media?parent=81552"}],"wp:term":[{"taxonomy":"product_brand","embeddable":true,"href":"https:\/\/www.bagnoitalia.com\/de\/wp-json\/wp\/v2\/product_brand?post=81552"},{"taxonomy":"product_cat","embeddable":true,"href":"https:\/\/www.bagnoitalia.com\/de\/wp-json\/wp\/v2\/product_cat?post=81552"},{"taxonomy":"product_tag","embeddable":true,"href":"https:\/\/www.bagnoitalia.com\/de\/wp-json\/wp\/v2\/product_tag?post=81552"}],"curies":[{"name":"wp","href":"https:\/\/api.w.org\/{rel}","templated":true}]}}